{"id":40734,"date":"2026-02-16T12:04:42","date_gmt":"2026-02-16T12:04:42","guid":{"rendered":"https:\/\/www.afprofilters.com\/?post_type=product&#038;p=40734"},"modified":"2026-02-17T14:02:44","modified_gmt":"2026-02-17T14:02:44","slug":"hw90xt","status":"publish","type":"product","link":"https:\/\/www.afprofilters.com\/pl\/produkt\/hw90xt\/","title":{"rendered":"HW90XT"},"content":{"rendered":"\n<p>Produkt ten ma s\u0142u\u017cy\u0107 jako rozwi\u0105zanie drugiego stopnia filtracji, uzupe\u0142niaj\u0105ce system filtracji pierwszego stopnia w celu zapewnienia optymalnej jako\u015bci powietrza w pomieszczeniach.<\/p>\n\n\n\n<p>Ten filtr workowy <strong>ePM1 85% A+<\/strong> z <strong>mediami nanowave<\/strong> zapewnia wysok\u0105 retencj\u0119 drobnych cz\u0105stek, zapewniaj\u0105c jednocze\u015bnie niezawodn\u0105 wydajno\u015b\u0107 i zgodno\u015b\u0107 z surowymi normami filtracji powietrza.<\/p>\n\n\n\n<h3 class=\"wp-block-heading\"><strong>Dlaczego warto wybra\u0107 filtr HW90XT A+ ?<\/strong><\/h3>\n\n\n\n<ul class=\"wp-block-list\">\n<li><strong>Wydajno\u015b\u0107:<\/strong> Wysoka skuteczno\u015b\u0107 filtracji cz\u0105stek ePM1.<\/li>\n\n\n\n<li><strong>Zr\u00f3wnowa\u017cony rozw\u00f3j:<\/strong> Niskie zu\u017cycie energii, filtr energooszcz\u0119dny A+. Obni\u017cona emisja CO\u2082.<\/li>\n\n\n\n<li><strong>Certyfikat: <\/strong>ISO 16890.<\/li>\n<\/ul>\n\n\n\n<figure class=\"wp-block-image is-resized\"><img loading=\"lazy\" decoding=\"async\" width=\"1614\" height=\"555\" src=\"https:\/\/www.afprofilters.com\/wp-content\/uploads\/2016\/09\/logo-eurovent.png\" alt=\"\" class=\"wp-image-32812\" style=\"aspect-ratio:2.90814670561506;width:305px;height:auto\" srcset=\"https:\/\/www.afprofilters.com\/wp-content\/uploads\/2016\/09\/logo-eurovent.png 1614w, https:\/\/www.afprofilters.com\/wp-content\/uploads\/2016\/09\/logo-eurovent-300x103.png 300w, https:\/\/www.afprofilters.com\/wp-content\/uploads\/2016\/09\/logo-eurovent-1024x352.png 1024w, https:\/\/www.afprofilters.com\/wp-content\/uploads\/2016\/09\/logo-eurovent-768x264.png 768w, https:\/\/www.afprofilters.com\/wp-content\/uploads\/2016\/09\/logo-eurovent-1536x528.png 1536w\" sizes=\"auto, (max-width: 1614px) 100vw, 1614px\" \/><\/figure>\n\n\n\n<p class=\"has-small-font-size\"><em>AFPRO Filters BV participates in the ECP certification programme for Air Filters (FIL). Check the ongoing validity of the certificate:&nbsp;<a href=\"https:\/\/www.eurovent-certification.com\/\" target=\"_blank\" rel=\"noreferrer noopener\">WWW.EUROVENT-CERTIFICATION.COM<\/a><\/em><\/p>\n","protected":false},"featured_media":41116,"parent":0,"template":"","format":"standard","product_category":[],"class_list":["post-40734","product","type-product","status-publish","format-standard","has-post-thumbnail","hentry"],"acf":[],"yoast_head":"<!-- This site is optimized with the Yoast SEO plugin v27.3 - https:\/\/yoast.com\/product\/yoast-seo-wordpress\/ -->\n<title>HW90XT - AFPRO<\/title>\n<meta name=\"robots\" content=\"index, follow, max-snippet:-1, max-image-preview:large, max-video-preview:-1\" \/>\n<link rel=\"canonical\" href=\"https:\/\/www.afprofilters.com\/pl\/produkt\/hw90xt\/\" \/>\n<meta property=\"og:locale\" content=\"pl_PL\" \/>\n<meta property=\"og:type\" content=\"article\" \/>\n<meta property=\"og:title\" content=\"HW90XT - AFPRO\" \/>\n<meta property=\"og:description\" content=\"Produkt ten ma s\u0142u\u017cy\u0107 jako rozwi\u0105zanie drugiego stopnia filtracji, uzupe\u0142niaj\u0105ce system filtracji pierwszego stopnia w celu zapewnienia optymalnej jako\u015bci powietrza w pomieszczeniach. Ten filtr workowy ePM1 85% A+ z mediami nanowave zapewnia wysok\u0105 retencj\u0119 drobnych cz\u0105stek, zapewniaj\u0105c jednocze\u015bnie niezawodn\u0105 wydajno\u015b\u0107 i zgodno\u015b\u0107 z surowymi normami filtracji powietrza. Dlaczego warto wybra\u0107 filtr HW90XT A+ ? AFPRO [&hellip;]\" \/>\n<meta property=\"og:url\" content=\"https:\/\/www.afprofilters.com\/pl\/produkt\/hw90xt\/\" \/>\n<meta property=\"og:site_name\" content=\"AFPRO\" \/>\n<meta property=\"article:modified_time\" content=\"2026-02-17T14:02:44+00:00\" \/>\n<meta property=\"og:image\" content=\"http:\/\/www.afprofilters.com\/wp-content\/uploads\/2026\/01\/HW90XT-A.png\" \/>\n\t<meta property=\"og:image:width\" content=\"266\" \/>\n\t<meta property=\"og:image:height\" content=\"273\" \/>\n\t<meta property=\"og:image:type\" content=\"image\/png\" \/>\n<meta name=\"twitter:card\" content=\"summary_large_image\" \/>\n<meta name=\"twitter:label1\" content=\"Szacowany czas czytania\" \/>\n\t<meta name=\"twitter:data1\" content=\"1 minuta\" \/>\n<script type=\"application\/ld+json\" class=\"yoast-schema-graph\">{\"@context\":\"https:\\\/\\\/schema.org\",\"@graph\":[{\"@type\":\"WebPage\",\"@id\":\"https:\\\/\\\/www.afprofilters.com\\\/pl\\\/produkt\\\/hw90xt\\\/\",\"url\":\"https:\\\/\\\/www.afprofilters.com\\\/pl\\\/produkt\\\/hw90xt\\\/\",\"name\":\"HW90XT - AFPRO\",\"isPartOf\":{\"@id\":\"https:\\\/\\\/www.afprofilters.com\\\/pl\\\/#website\"},\"primaryImageOfPage\":{\"@id\":\"https:\\\/\\\/www.afprofilters.com\\\/pl\\\/produkt\\\/hw90xt\\\/#primaryimage\"},\"image\":{\"@id\":\"https:\\\/\\\/www.afprofilters.com\\\/pl\\\/produkt\\\/hw90xt\\\/#primaryimage\"},\"thumbnailUrl\":\"https:\\\/\\\/www.afprofilters.com\\\/wp-content\\\/uploads\\\/2026\\\/02\\\/HW90XT-e1774009969400.png\",\"datePublished\":\"2026-02-16T12:04:42+00:00\",\"dateModified\":\"2026-02-17T14:02:44+00:00\",\"breadcrumb\":{\"@id\":\"https:\\\/\\\/www.afprofilters.com\\\/pl\\\/produkt\\\/hw90xt\\\/#breadcrumb\"},\"inLanguage\":\"pl-PL\",\"potentialAction\":[{\"@type\":\"ReadAction\",\"target\":[\"https:\\\/\\\/www.afprofilters.com\\\/pl\\\/produkt\\\/hw90xt\\\/\"]}]},{\"@type\":\"ImageObject\",\"inLanguage\":\"pl-PL\",\"@id\":\"https:\\\/\\\/www.afprofilters.com\\\/pl\\\/produkt\\\/hw90xt\\\/#primaryimage\",\"url\":\"https:\\\/\\\/www.afprofilters.com\\\/wp-content\\\/uploads\\\/2026\\\/02\\\/HW90XT-e1774009969400.png\",\"contentUrl\":\"https:\\\/\\\/www.afprofilters.com\\\/wp-content\\\/uploads\\\/2026\\\/02\\\/HW90XT-e1774009969400.png\",\"width\":1200,\"height\":1200},{\"@type\":\"BreadcrumbList\",\"@id\":\"https:\\\/\\\/www.afprofilters.com\\\/pl\\\/produkt\\\/hw90xt\\\/#breadcrumb\",\"itemListElement\":[{\"@type\":\"ListItem\",\"position\":1,\"name\":\"\",\"item\":\"https:\\\/\\\/www.afprofilters.com\\\/pl\\\/\"},{\"@type\":\"ListItem\",\"position\":2,\"name\":\"Products\",\"item\":\"https:\\\/\\\/www.afprofilters.com\\\/pl\\\/produkt\\\/\"},{\"@type\":\"ListItem\",\"position\":3,\"name\":\"HW90XT\"}]},{\"@type\":\"WebSite\",\"@id\":\"https:\\\/\\\/www.afprofilters.com\\\/pl\\\/#website\",\"url\":\"https:\\\/\\\/www.afprofilters.com\\\/pl\\\/\",\"name\":\"AFPRO\",\"description\":\"AFPRO Filters\",\"publisher\":{\"@id\":\"https:\\\/\\\/www.afprofilters.com\\\/pl\\\/#organization\"},\"potentialAction\":[{\"@type\":\"SearchAction\",\"target\":{\"@type\":\"EntryPoint\",\"urlTemplate\":\"https:\\\/\\\/www.afprofilters.com\\\/pl\\\/?s={search_term_string}\"},\"query-input\":{\"@type\":\"PropertyValueSpecification\",\"valueRequired\":true,\"valueName\":\"search_term_string\"}}],\"inLanguage\":\"pl-PL\"},{\"@type\":\"Organization\",\"@id\":\"https:\\\/\\\/www.afprofilters.com\\\/pl\\\/#organization\",\"name\":\"AFPRO\",\"url\":\"https:\\\/\\\/www.afprofilters.com\\\/pl\\\/\",\"logo\":{\"@type\":\"ImageObject\",\"inLanguage\":\"pl-PL\",\"@id\":\"https:\\\/\\\/www.afprofilters.com\\\/pl\\\/#\\\/schema\\\/logo\\\/image\\\/\",\"url\":\"https:\\\/\\\/www.afprofilters.com\\\/wp-content\\\/uploads\\\/2021\\\/05\\\/AFPRO-logo.png\",\"contentUrl\":\"https:\\\/\\\/www.afprofilters.com\\\/wp-content\\\/uploads\\\/2021\\\/05\\\/AFPRO-logo.png\",\"width\":640,\"height\":177,\"caption\":\"AFPRO\"},\"image\":{\"@id\":\"https:\\\/\\\/www.afprofilters.com\\\/pl\\\/#\\\/schema\\\/logo\\\/image\\\/\"}}]}<\/script>\n<!-- \/ Yoast SEO plugin. -->","yoast_head_json":{"title":"HW90XT - AFPRO","robots":{"index":"index","follow":"follow","max-snippet":"max-snippet:-1","max-image-preview":"max-image-preview:large","max-video-preview":"max-video-preview:-1"},"canonical":"https:\/\/www.afprofilters.com\/pl\/produkt\/hw90xt\/","og_locale":"pl_PL","og_type":"article","og_title":"HW90XT - AFPRO","og_description":"Produkt ten ma s\u0142u\u017cy\u0107 jako rozwi\u0105zanie drugiego stopnia filtracji, uzupe\u0142niaj\u0105ce system filtracji pierwszego stopnia w celu zapewnienia optymalnej jako\u015bci powietrza w pomieszczeniach. Ten filtr workowy ePM1 85% A+ z mediami nanowave zapewnia wysok\u0105 retencj\u0119 drobnych cz\u0105stek, zapewniaj\u0105c jednocze\u015bnie niezawodn\u0105 wydajno\u015b\u0107 i zgodno\u015b\u0107 z surowymi normami filtracji powietrza. Dlaczego warto wybra\u0107 filtr HW90XT A+ ? AFPRO [&hellip;]","og_url":"https:\/\/www.afprofilters.com\/pl\/produkt\/hw90xt\/","og_site_name":"AFPRO","article_modified_time":"2026-02-17T14:02:44+00:00","og_image":[{"width":266,"height":273,"url":"http:\/\/www.afprofilters.com\/wp-content\/uploads\/2026\/01\/HW90XT-A.png","type":"image\/png"}],"twitter_card":"summary_large_image","twitter_misc":{"Szacowany czas czytania":"1 minuta"},"schema":{"@context":"https:\/\/schema.org","@graph":[{"@type":"WebPage","@id":"https:\/\/www.afprofilters.com\/pl\/produkt\/hw90xt\/","url":"https:\/\/www.afprofilters.com\/pl\/produkt\/hw90xt\/","name":"HW90XT - AFPRO","isPartOf":{"@id":"https:\/\/www.afprofilters.com\/pl\/#website"},"primaryImageOfPage":{"@id":"https:\/\/www.afprofilters.com\/pl\/produkt\/hw90xt\/#primaryimage"},"image":{"@id":"https:\/\/www.afprofilters.com\/pl\/produkt\/hw90xt\/#primaryimage"},"thumbnailUrl":"https:\/\/www.afprofilters.com\/wp-content\/uploads\/2026\/02\/HW90XT-e1774009969400.png","datePublished":"2026-02-16T12:04:42+00:00","dateModified":"2026-02-17T14:02:44+00:00","breadcrumb":{"@id":"https:\/\/www.afprofilters.com\/pl\/produkt\/hw90xt\/#breadcrumb"},"inLanguage":"pl-PL","potentialAction":[{"@type":"ReadAction","target":["https:\/\/www.afprofilters.com\/pl\/produkt\/hw90xt\/"]}]},{"@type":"ImageObject","inLanguage":"pl-PL","@id":"https:\/\/www.afprofilters.com\/pl\/produkt\/hw90xt\/#primaryimage","url":"https:\/\/www.afprofilters.com\/wp-content\/uploads\/2026\/02\/HW90XT-e1774009969400.png","contentUrl":"https:\/\/www.afprofilters.com\/wp-content\/uploads\/2026\/02\/HW90XT-e1774009969400.png","width":1200,"height":1200},{"@type":"BreadcrumbList","@id":"https:\/\/www.afprofilters.com\/pl\/produkt\/hw90xt\/#breadcrumb","itemListElement":[{"@type":"ListItem","position":1,"name":"","item":"https:\/\/www.afprofilters.com\/pl\/"},{"@type":"ListItem","position":2,"name":"Products","item":"https:\/\/www.afprofilters.com\/pl\/produkt\/"},{"@type":"ListItem","position":3,"name":"HW90XT"}]},{"@type":"WebSite","@id":"https:\/\/www.afprofilters.com\/pl\/#website","url":"https:\/\/www.afprofilters.com\/pl\/","name":"AFPRO","description":"AFPRO Filters","publisher":{"@id":"https:\/\/www.afprofilters.com\/pl\/#organization"},"potentialAction":[{"@type":"SearchAction","target":{"@type":"EntryPoint","urlTemplate":"https:\/\/www.afprofilters.com\/pl\/?s={search_term_string}"},"query-input":{"@type":"PropertyValueSpecification","valueRequired":true,"valueName":"search_term_string"}}],"inLanguage":"pl-PL"},{"@type":"Organization","@id":"https:\/\/www.afprofilters.com\/pl\/#organization","name":"AFPRO","url":"https:\/\/www.afprofilters.com\/pl\/","logo":{"@type":"ImageObject","inLanguage":"pl-PL","@id":"https:\/\/www.afprofilters.com\/pl\/#\/schema\/logo\/image\/","url":"https:\/\/www.afprofilters.com\/wp-content\/uploads\/2021\/05\/AFPRO-logo.png","contentUrl":"https:\/\/www.afprofilters.com\/wp-content\/uploads\/2021\/05\/AFPRO-logo.png","width":640,"height":177,"caption":"AFPRO"},"image":{"@id":"https:\/\/www.afprofilters.com\/pl\/#\/schema\/logo\/image\/"}}]}},"_links":{"self":[{"href":"https:\/\/www.afprofilters.com\/pl\/wp-json\/wp\/v2\/product\/40734","targetHints":{"allow":["GET"]}}],"collection":[{"href":"https:\/\/www.afprofilters.com\/pl\/wp-json\/wp\/v2\/product"}],"about":[{"href":"https:\/\/www.afprofilters.com\/pl\/wp-json\/wp\/v2\/types\/product"}],"wp:featuredmedia":[{"embeddable":true,"href":"https:\/\/www.afprofilters.com\/pl\/wp-json\/wp\/v2\/media\/41116"}],"wp:attachment":[{"href":"https:\/\/www.afprofilters.com\/pl\/wp-json\/wp\/v2\/media?parent=40734"}],"wp:term":[{"taxonomy":"product_category","embeddable":true,"href":"https:\/\/www.afprofilters.com\/pl\/wp-json\/wp\/v2\/product_category?post=40734"}],"curies":[{"name":"wp","href":"https:\/\/api.w.org\/{rel}","templated":true}]}}