{"id":40543,"date":"2026-02-16T15:47:00","date_gmt":"2026-02-16T15:47:00","guid":{"rendered":"https:\/\/www.afprofilters.com\/?post_type=product&#038;p=40543"},"modified":"2026-02-17T15:44:12","modified_gmt":"2026-02-17T15:44:12","slug":"filtr-kieszeniowy-seria-hq50","status":"publish","type":"product","link":"https:\/\/www.afprofilters.com\/pl\/produkt\/filtr-kieszeniowy-seria-hq50\/","title":{"rendered":"Filtr workowy serii HQ50"},"content":{"rendered":"<p><strong>HQ50<\/strong> to wysokowydajne <strong>rozwi\u0105zanie filtracji wst\u0119pnej dla central wentylacyjnych<\/strong>, zaprojektowane specjalnie do <strong>zastosowa\u0144 OEM<\/strong>. Zainstalowany na wlotach powietrza lub kana\u0142ach powrotnych, zapewnia <strong>wydajno\u015b\u0107 ePM10 60%<\/strong>, <strong>niskie zu\u017cycie energii (etykieta A lub A+)<\/strong> i <strong>op\u0142acaln\u0105 wydajno\u015b\u0107<\/strong>.<\/p>\n<h3><strong>Dlaczego warto wybra\u0107 filtr HQ50?<\/strong><\/h3>\n<ul>\n<li>Wysoka wydajno\u015b\u0107 przy konkurencyjnych kosztach<\/li>\n<li>Energowydajny: niski spadek ci\u015bnienia<\/li>\n<li><span style=\"color: #000000\">Ceryfikat:<\/span> ISO 16890<\/li>\n<\/ul>\n<p><img loading=\"lazy\" decoding=\"async\" class=\"alignnone  wp-image-32812\" src=\"http:\/\/www.afprofilters.com\/wp-content\/uploads\/2016\/09\/logo-eurovent.png\" alt=\"\" width=\"279\" height=\"96\" srcset=\"https:\/\/www.afprofilters.com\/wp-content\/uploads\/2016\/09\/logo-eurovent.png 1614w, https:\/\/www.afprofilters.com\/wp-content\/uploads\/2016\/09\/logo-eurovent-300x103.png 300w, https:\/\/www.afprofilters.com\/wp-content\/uploads\/2016\/09\/logo-eurovent-1024x352.png 1024w, https:\/\/www.afprofilters.com\/wp-content\/uploads\/2016\/09\/logo-eurovent-768x264.png 768w, https:\/\/www.afprofilters.com\/wp-content\/uploads\/2016\/09\/logo-eurovent-1536x528.png 1536w\" sizes=\"auto, (max-width: 279px) 100vw, 279px\" \/><\/p>\n<p><em>AFPRO Filters BV participates in the ECP certification programme for Air Filters (FIL). Check the ongoing validity of the certificate:\u00a0<a href=\"https:\/\/www.eurovent-certification.com\/\" target=\"_blank\" rel=\"noreferrer noopener\">WWW.EUROVENT-CERTIFICATION.COM<\/a><\/em><\/p>\n","protected":false},"featured_media":40823,"parent":0,"template":"","format":"standard","product_category":[76],"class_list":["post-40543","product","type-product","status-publish","format-standard","has-post-thumbnail","hentry","product_category-filtry-workowe"],"acf":[],"yoast_head":"<!-- This site is optimized with the Yoast SEO plugin v27.3 - https:\/\/yoast.com\/product\/yoast-seo-wordpress\/ -->\n<title>Filtr kieszeniowy Seria HQ50<\/title>\n<meta name=\"description\" content=\"Sprawd\u017a, jak nasza seria Filtr kieszeniowy Seria HQ50 redukuje kurz i zanieczyszczenia wewn\u0105trz budynk\u00f3w.\" \/>\n<meta name=\"robots\" content=\"index, follow, max-snippet:-1, max-image-preview:large, max-video-preview:-1\" \/>\n<link rel=\"canonical\" href=\"https:\/\/www.afprofilters.com\/pl\/produkt\/filtr-kieszeniowy-seria-hq50\/\" \/>\n<meta property=\"og:locale\" content=\"pl_PL\" \/>\n<meta property=\"og:type\" content=\"article\" \/>\n<meta property=\"og:title\" content=\"Filtr kieszeniowy Seria HQ50\" \/>\n<meta property=\"og:description\" content=\"Sprawd\u017a, jak nasza seria Filtr kieszeniowy Seria HQ50 redukuje kurz i zanieczyszczenia wewn\u0105trz budynk\u00f3w.\" \/>\n<meta property=\"og:url\" content=\"https:\/\/www.afprofilters.com\/pl\/produkt\/filtr-kieszeniowy-seria-hq50\/\" \/>\n<meta property=\"og:site_name\" content=\"AFPRO\" \/>\n<meta property=\"article:modified_time\" content=\"2026-02-17T15:44:12+00:00\" \/>\n<meta property=\"og:image\" content=\"http:\/\/www.afprofilters.com\/wp-content\/uploads\/2026\/02\/HQ50A.png\" \/>\n\t<meta property=\"og:image:width\" content=\"767\" \/>\n\t<meta property=\"og:image:height\" content=\"776\" \/>\n\t<meta property=\"og:image:type\" content=\"image\/png\" \/>\n<meta name=\"twitter:card\" content=\"summary_large_image\" \/>\n<meta name=\"twitter:label1\" content=\"Szacowany czas czytania\" \/>\n\t<meta name=\"twitter:data1\" content=\"1 minuta\" \/>\n<script type=\"application\/ld+json\" class=\"yoast-schema-graph\">{\"@context\":\"https:\\\/\\\/schema.org\",\"@graph\":[{\"@type\":\"WebPage\",\"@id\":\"https:\\\/\\\/www.afprofilters.com\\\/pl\\\/produkt\\\/filtr-kieszeniowy-seria-hq50\\\/\",\"url\":\"https:\\\/\\\/www.afprofilters.com\\\/pl\\\/produkt\\\/filtr-kieszeniowy-seria-hq50\\\/\",\"name\":\"Filtr kieszeniowy Seria HQ50\",\"isPartOf\":{\"@id\":\"https:\\\/\\\/www.afprofilters.com\\\/pl\\\/#website\"},\"primaryImageOfPage\":{\"@id\":\"https:\\\/\\\/www.afprofilters.com\\\/pl\\\/produkt\\\/filtr-kieszeniowy-seria-hq50\\\/#primaryimage\"},\"image\":{\"@id\":\"https:\\\/\\\/www.afprofilters.com\\\/pl\\\/produkt\\\/filtr-kieszeniowy-seria-hq50\\\/#primaryimage\"},\"thumbnailUrl\":\"https:\\\/\\\/www.afprofilters.com\\\/wp-content\\\/uploads\\\/2026\\\/02\\\/HQ50A.png\",\"datePublished\":\"2026-02-16T15:47:00+00:00\",\"dateModified\":\"2026-02-17T15:44:12+00:00\",\"description\":\"Sprawd\u017a, jak nasza seria Filtr kieszeniowy Seria HQ50 redukuje kurz i zanieczyszczenia wewn\u0105trz budynk\u00f3w.\",\"breadcrumb\":{\"@id\":\"https:\\\/\\\/www.afprofilters.com\\\/pl\\\/produkt\\\/filtr-kieszeniowy-seria-hq50\\\/#breadcrumb\"},\"inLanguage\":\"pl-PL\",\"potentialAction\":[{\"@type\":\"ReadAction\",\"target\":[\"https:\\\/\\\/www.afprofilters.com\\\/pl\\\/produkt\\\/filtr-kieszeniowy-seria-hq50\\\/\"]}]},{\"@type\":\"ImageObject\",\"inLanguage\":\"pl-PL\",\"@id\":\"https:\\\/\\\/www.afprofilters.com\\\/pl\\\/produkt\\\/filtr-kieszeniowy-seria-hq50\\\/#primaryimage\",\"url\":\"https:\\\/\\\/www.afprofilters.com\\\/wp-content\\\/uploads\\\/2026\\\/02\\\/HQ50A.png\",\"contentUrl\":\"https:\\\/\\\/www.afprofilters.com\\\/wp-content\\\/uploads\\\/2026\\\/02\\\/HQ50A.png\",\"width\":767,\"height\":776},{\"@type\":\"BreadcrumbList\",\"@id\":\"https:\\\/\\\/www.afprofilters.com\\\/pl\\\/produkt\\\/filtr-kieszeniowy-seria-hq50\\\/#breadcrumb\",\"itemListElement\":[{\"@type\":\"ListItem\",\"position\":1,\"name\":\"\",\"item\":\"https:\\\/\\\/www.afprofilters.com\\\/pl\\\/\"},{\"@type\":\"ListItem\",\"position\":2,\"name\":\"Products\",\"item\":\"https:\\\/\\\/www.afprofilters.com\\\/pl\\\/produkt\\\/\"},{\"@type\":\"ListItem\",\"position\":3,\"name\":\"Filtry kieszeniowe\",\"item\":\"https:\\\/\\\/www.afprofilters.com\\\/pl\\\/rodzaj-produktu\\\/filtry-workowe\\\/\"},{\"@type\":\"ListItem\",\"position\":4,\"name\":\"Filtr workowy serii HQ50\"}]},{\"@type\":\"WebSite\",\"@id\":\"https:\\\/\\\/www.afprofilters.com\\\/pl\\\/#website\",\"url\":\"https:\\\/\\\/www.afprofilters.com\\\/pl\\\/\",\"name\":\"AFPRO\",\"description\":\"AFPRO Filters\",\"publisher\":{\"@id\":\"https:\\\/\\\/www.afprofilters.com\\\/pl\\\/#organization\"},\"potentialAction\":[{\"@type\":\"SearchAction\",\"target\":{\"@type\":\"EntryPoint\",\"urlTemplate\":\"https:\\\/\\\/www.afprofilters.com\\\/pl\\\/?s={search_term_string}\"},\"query-input\":{\"@type\":\"PropertyValueSpecification\",\"valueRequired\":true,\"valueName\":\"search_term_string\"}}],\"inLanguage\":\"pl-PL\"},{\"@type\":\"Organization\",\"@id\":\"https:\\\/\\\/www.afprofilters.com\\\/pl\\\/#organization\",\"name\":\"AFPRO\",\"url\":\"https:\\\/\\\/www.afprofilters.com\\\/pl\\\/\",\"logo\":{\"@type\":\"ImageObject\",\"inLanguage\":\"pl-PL\",\"@id\":\"https:\\\/\\\/www.afprofilters.com\\\/pl\\\/#\\\/schema\\\/logo\\\/image\\\/\",\"url\":\"https:\\\/\\\/www.afprofilters.com\\\/wp-content\\\/uploads\\\/2021\\\/05\\\/AFPRO-logo.png\",\"contentUrl\":\"https:\\\/\\\/www.afprofilters.com\\\/wp-content\\\/uploads\\\/2021\\\/05\\\/AFPRO-logo.png\",\"width\":640,\"height\":177,\"caption\":\"AFPRO\"},\"image\":{\"@id\":\"https:\\\/\\\/www.afprofilters.com\\\/pl\\\/#\\\/schema\\\/logo\\\/image\\\/\"}}]}<\/script>\n<!-- \/ Yoast SEO plugin. -->","yoast_head_json":{"title":"Filtr kieszeniowy Seria HQ50","description":"Sprawd\u017a, jak nasza seria Filtr kieszeniowy Seria HQ50 redukuje kurz i zanieczyszczenia wewn\u0105trz budynk\u00f3w.","robots":{"index":"index","follow":"follow","max-snippet":"max-snippet:-1","max-image-preview":"max-image-preview:large","max-video-preview":"max-video-preview:-1"},"canonical":"https:\/\/www.afprofilters.com\/pl\/produkt\/filtr-kieszeniowy-seria-hq50\/","og_locale":"pl_PL","og_type":"article","og_title":"Filtr kieszeniowy Seria HQ50","og_description":"Sprawd\u017a, jak nasza seria Filtr kieszeniowy Seria HQ50 redukuje kurz i zanieczyszczenia wewn\u0105trz budynk\u00f3w.","og_url":"https:\/\/www.afprofilters.com\/pl\/produkt\/filtr-kieszeniowy-seria-hq50\/","og_site_name":"AFPRO","article_modified_time":"2026-02-17T15:44:12+00:00","og_image":[{"width":767,"height":776,"url":"http:\/\/www.afprofilters.com\/wp-content\/uploads\/2026\/02\/HQ50A.png","type":"image\/png"}],"twitter_card":"summary_large_image","twitter_misc":{"Szacowany czas czytania":"1 minuta"},"schema":{"@context":"https:\/\/schema.org","@graph":[{"@type":"WebPage","@id":"https:\/\/www.afprofilters.com\/pl\/produkt\/filtr-kieszeniowy-seria-hq50\/","url":"https:\/\/www.afprofilters.com\/pl\/produkt\/filtr-kieszeniowy-seria-hq50\/","name":"Filtr kieszeniowy Seria HQ50","isPartOf":{"@id":"https:\/\/www.afprofilters.com\/pl\/#website"},"primaryImageOfPage":{"@id":"https:\/\/www.afprofilters.com\/pl\/produkt\/filtr-kieszeniowy-seria-hq50\/#primaryimage"},"image":{"@id":"https:\/\/www.afprofilters.com\/pl\/produkt\/filtr-kieszeniowy-seria-hq50\/#primaryimage"},"thumbnailUrl":"https:\/\/www.afprofilters.com\/wp-content\/uploads\/2026\/02\/HQ50A.png","datePublished":"2026-02-16T15:47:00+00:00","dateModified":"2026-02-17T15:44:12+00:00","description":"Sprawd\u017a, jak nasza seria Filtr kieszeniowy Seria HQ50 redukuje kurz i zanieczyszczenia wewn\u0105trz budynk\u00f3w.","breadcrumb":{"@id":"https:\/\/www.afprofilters.com\/pl\/produkt\/filtr-kieszeniowy-seria-hq50\/#breadcrumb"},"inLanguage":"pl-PL","potentialAction":[{"@type":"ReadAction","target":["https:\/\/www.afprofilters.com\/pl\/produkt\/filtr-kieszeniowy-seria-hq50\/"]}]},{"@type":"ImageObject","inLanguage":"pl-PL","@id":"https:\/\/www.afprofilters.com\/pl\/produkt\/filtr-kieszeniowy-seria-hq50\/#primaryimage","url":"https:\/\/www.afprofilters.com\/wp-content\/uploads\/2026\/02\/HQ50A.png","contentUrl":"https:\/\/www.afprofilters.com\/wp-content\/uploads\/2026\/02\/HQ50A.png","width":767,"height":776},{"@type":"BreadcrumbList","@id":"https:\/\/www.afprofilters.com\/pl\/produkt\/filtr-kieszeniowy-seria-hq50\/#breadcrumb","itemListElement":[{"@type":"ListItem","position":1,"name":"","item":"https:\/\/www.afprofilters.com\/pl\/"},{"@type":"ListItem","position":2,"name":"Products","item":"https:\/\/www.afprofilters.com\/pl\/produkt\/"},{"@type":"ListItem","position":3,"name":"Filtry kieszeniowe","item":"https:\/\/www.afprofilters.com\/pl\/rodzaj-produktu\/filtry-workowe\/"},{"@type":"ListItem","position":4,"name":"Filtr workowy serii HQ50"}]},{"@type":"WebSite","@id":"https:\/\/www.afprofilters.com\/pl\/#website","url":"https:\/\/www.afprofilters.com\/pl\/","name":"AFPRO","description":"AFPRO Filters","publisher":{"@id":"https:\/\/www.afprofilters.com\/pl\/#organization"},"potentialAction":[{"@type":"SearchAction","target":{"@type":"EntryPoint","urlTemplate":"https:\/\/www.afprofilters.com\/pl\/?s={search_term_string}"},"query-input":{"@type":"PropertyValueSpecification","valueRequired":true,"valueName":"search_term_string"}}],"inLanguage":"pl-PL"},{"@type":"Organization","@id":"https:\/\/www.afprofilters.com\/pl\/#organization","name":"AFPRO","url":"https:\/\/www.afprofilters.com\/pl\/","logo":{"@type":"ImageObject","inLanguage":"pl-PL","@id":"https:\/\/www.afprofilters.com\/pl\/#\/schema\/logo\/image\/","url":"https:\/\/www.afprofilters.com\/wp-content\/uploads\/2021\/05\/AFPRO-logo.png","contentUrl":"https:\/\/www.afprofilters.com\/wp-content\/uploads\/2021\/05\/AFPRO-logo.png","width":640,"height":177,"caption":"AFPRO"},"image":{"@id":"https:\/\/www.afprofilters.com\/pl\/#\/schema\/logo\/image\/"}}]}},"_links":{"self":[{"href":"https:\/\/www.afprofilters.com\/pl\/wp-json\/wp\/v2\/product\/40543","targetHints":{"allow":["GET"]}}],"collection":[{"href":"https:\/\/www.afprofilters.com\/pl\/wp-json\/wp\/v2\/product"}],"about":[{"href":"https:\/\/www.afprofilters.com\/pl\/wp-json\/wp\/v2\/types\/product"}],"wp:featuredmedia":[{"embeddable":true,"href":"https:\/\/www.afprofilters.com\/pl\/wp-json\/wp\/v2\/media\/40823"}],"wp:attachment":[{"href":"https:\/\/www.afprofilters.com\/pl\/wp-json\/wp\/v2\/media?parent=40543"}],"wp:term":[{"taxonomy":"product_category","embeddable":true,"href":"https:\/\/www.afprofilters.com\/pl\/wp-json\/wp\/v2\/product_category?post=40543"}],"curies":[{"name":"wp","href":"https:\/\/api.w.org\/{rel}","templated":true}]}}