{"id":3048,"date":"2016-10-07T08:44:04","date_gmt":"2016-10-07T08:44:04","guid":{"rendered":"https:\/\/www.afprofilters.com\/?post_type=product&#038;p=3048&#038;lang=pl"},"modified":"2022-03-08T17:32:21","modified_gmt":"2022-03-08T17:32:21","slug":"paski-klinowe","status":"publish","type":"product","link":"https:\/\/www.afprofilters.com\/pl\/produkt\/paski-klinowe\/","title":{"rendered":"Paski klinowe"},"content":{"rendered":"<p>Nasze paski wykonane s\u0105 z gumy lub polimeru.<br \/>\nPaski stosowane s\u0105 w po\u0142\u0105czeniu z kr\u0105\u017ckami linowymi w jednostkach wentylacyjnych.<\/p>\n<p>&nbsp;<\/p>\n","protected":false},"featured_media":9168,"parent":0,"template":"","format":"standard","product_category":[74],"class_list":["post-3048","product","type-product","status-publish","format-standard","has-post-thumbnail","hentry","product_category-artykuly-serwisowe"],"acf":[],"yoast_head":"<!-- This site is optimized with the Yoast SEO plugin v27.3 - https:\/\/yoast.com\/product\/yoast-seo-wordpress\/ -->\n<title>Paski klinowe - AFPRO<\/title>\n<meta name=\"description\" content=\"Odkryj nasz Paski klinowe. Paski stosowane s\u0105 w po\u0142\u0105czeniu z kr\u0105\u017ckami linowymi w jednostkach wentylacyjnych. AFPRO Filters.\" \/>\n<meta name=\"robots\" content=\"index, follow, max-snippet:-1, max-image-preview:large, max-video-preview:-1\" \/>\n<link rel=\"canonical\" href=\"https:\/\/www.afprofilters.com\/pl\/produkt\/paski-klinowe\/\" \/>\n<meta property=\"og:locale\" content=\"pl_PL\" \/>\n<meta property=\"og:type\" content=\"article\" \/>\n<meta property=\"og:title\" content=\"Paski klinowe - AFPRO\" \/>\n<meta property=\"og:description\" content=\"Odkryj nasz Paski klinowe. Paski stosowane s\u0105 w po\u0142\u0105czeniu z kr\u0105\u017ckami linowymi w jednostkach wentylacyjnych. AFPRO Filters.\" \/>\n<meta property=\"og:url\" content=\"https:\/\/www.afprofilters.com\/pl\/produkt\/paski-klinowe\/\" \/>\n<meta property=\"og:site_name\" content=\"AFPRO\" \/>\n<meta property=\"article:modified_time\" content=\"2022-03-08T17:32:21+00:00\" \/>\n<meta property=\"og:image\" content=\"http:\/\/www.afprofilters.com\/wp-content\/uploads\/2016\/10\/PASKI-KLINOWE.jpg\" \/>\n\t<meta property=\"og:image:width\" content=\"390\" \/>\n\t<meta property=\"og:image:height\" content=\"390\" \/>\n\t<meta property=\"og:image:type\" content=\"image\/jpeg\" \/>\n<meta name=\"twitter:card\" content=\"summary_large_image\" \/>\n<meta name=\"twitter:label1\" content=\"Szacowany czas czytania\" \/>\n\t<meta name=\"twitter:data1\" content=\"1 minuta\" \/>\n<script type=\"application\/ld+json\" class=\"yoast-schema-graph\">{\"@context\":\"https:\\\/\\\/schema.org\",\"@graph\":[{\"@type\":\"WebPage\",\"@id\":\"https:\\\/\\\/www.afprofilters.com\\\/pl\\\/produkt\\\/paski-klinowe\\\/\",\"url\":\"https:\\\/\\\/www.afprofilters.com\\\/pl\\\/produkt\\\/paski-klinowe\\\/\",\"name\":\"Paski klinowe - AFPRO\",\"isPartOf\":{\"@id\":\"https:\\\/\\\/www.afprofilters.com\\\/pl\\\/#website\"},\"primaryImageOfPage\":{\"@id\":\"https:\\\/\\\/www.afprofilters.com\\\/pl\\\/produkt\\\/paski-klinowe\\\/#primaryimage\"},\"image\":{\"@id\":\"https:\\\/\\\/www.afprofilters.com\\\/pl\\\/produkt\\\/paski-klinowe\\\/#primaryimage\"},\"thumbnailUrl\":\"https:\\\/\\\/www.afprofilters.com\\\/wp-content\\\/uploads\\\/2016\\\/10\\\/PASKI-KLINOWE.jpg\",\"datePublished\":\"2016-10-07T08:44:04+00:00\",\"dateModified\":\"2022-03-08T17:32:21+00:00\",\"description\":\"Odkryj nasz Paski klinowe. Paski stosowane s\u0105 w po\u0142\u0105czeniu z kr\u0105\u017ckami linowymi w jednostkach wentylacyjnych. AFPRO Filters.\",\"breadcrumb\":{\"@id\":\"https:\\\/\\\/www.afprofilters.com\\\/pl\\\/produkt\\\/paski-klinowe\\\/#breadcrumb\"},\"inLanguage\":\"pl-PL\",\"potentialAction\":[{\"@type\":\"ReadAction\",\"target\":[\"https:\\\/\\\/www.afprofilters.com\\\/pl\\\/produkt\\\/paski-klinowe\\\/\"]}]},{\"@type\":\"ImageObject\",\"inLanguage\":\"pl-PL\",\"@id\":\"https:\\\/\\\/www.afprofilters.com\\\/pl\\\/produkt\\\/paski-klinowe\\\/#primaryimage\",\"url\":\"https:\\\/\\\/www.afprofilters.com\\\/wp-content\\\/uploads\\\/2016\\\/10\\\/PASKI-KLINOWE.jpg\",\"contentUrl\":\"https:\\\/\\\/www.afprofilters.com\\\/wp-content\\\/uploads\\\/2016\\\/10\\\/PASKI-KLINOWE.jpg\",\"width\":390,\"height\":390,\"caption\":\"paski-klinowe\"},{\"@type\":\"BreadcrumbList\",\"@id\":\"https:\\\/\\\/www.afprofilters.com\\\/pl\\\/produkt\\\/paski-klinowe\\\/#breadcrumb\",\"itemListElement\":[{\"@type\":\"ListItem\",\"position\":1,\"name\":\"\",\"item\":\"https:\\\/\\\/www.afprofilters.com\\\/pl\\\/\"},{\"@type\":\"ListItem\",\"position\":2,\"name\":\"Products\",\"item\":\"https:\\\/\\\/www.afprofilters.com\\\/pl\\\/produkt\\\/\"},{\"@type\":\"ListItem\",\"position\":3,\"name\":\"Artyku\u0142y serwisowe\",\"item\":\"https:\\\/\\\/www.afprofilters.com\\\/pl\\\/rodzaj-produktu\\\/artykuly-serwisowe\\\/\"},{\"@type\":\"ListItem\",\"position\":4,\"name\":\"Paski klinowe\"}]},{\"@type\":\"WebSite\",\"@id\":\"https:\\\/\\\/www.afprofilters.com\\\/pl\\\/#website\",\"url\":\"https:\\\/\\\/www.afprofilters.com\\\/pl\\\/\",\"name\":\"AFPRO\",\"description\":\"AFPRO Filters\",\"publisher\":{\"@id\":\"https:\\\/\\\/www.afprofilters.com\\\/pl\\\/#organization\"},\"potentialAction\":[{\"@type\":\"SearchAction\",\"target\":{\"@type\":\"EntryPoint\",\"urlTemplate\":\"https:\\\/\\\/www.afprofilters.com\\\/pl\\\/?s={search_term_string}\"},\"query-input\":{\"@type\":\"PropertyValueSpecification\",\"valueRequired\":true,\"valueName\":\"search_term_string\"}}],\"inLanguage\":\"pl-PL\"},{\"@type\":\"Organization\",\"@id\":\"https:\\\/\\\/www.afprofilters.com\\\/pl\\\/#organization\",\"name\":\"AFPRO\",\"url\":\"https:\\\/\\\/www.afprofilters.com\\\/pl\\\/\",\"logo\":{\"@type\":\"ImageObject\",\"inLanguage\":\"pl-PL\",\"@id\":\"https:\\\/\\\/www.afprofilters.com\\\/pl\\\/#\\\/schema\\\/logo\\\/image\\\/\",\"url\":\"https:\\\/\\\/www.afprofilters.com\\\/wp-content\\\/uploads\\\/2021\\\/05\\\/AFPRO-logo.png\",\"contentUrl\":\"https:\\\/\\\/www.afprofilters.com\\\/wp-content\\\/uploads\\\/2021\\\/05\\\/AFPRO-logo.png\",\"width\":640,\"height\":177,\"caption\":\"AFPRO\"},\"image\":{\"@id\":\"https:\\\/\\\/www.afprofilters.com\\\/pl\\\/#\\\/schema\\\/logo\\\/image\\\/\"}}]}<\/script>\n<!-- \/ Yoast SEO plugin. -->","yoast_head_json":{"title":"Paski klinowe - AFPRO","description":"Odkryj nasz Paski klinowe. Paski stosowane s\u0105 w po\u0142\u0105czeniu z kr\u0105\u017ckami linowymi w jednostkach wentylacyjnych. AFPRO Filters.","robots":{"index":"index","follow":"follow","max-snippet":"max-snippet:-1","max-image-preview":"max-image-preview:large","max-video-preview":"max-video-preview:-1"},"canonical":"https:\/\/www.afprofilters.com\/pl\/produkt\/paski-klinowe\/","og_locale":"pl_PL","og_type":"article","og_title":"Paski klinowe - AFPRO","og_description":"Odkryj nasz Paski klinowe. Paski stosowane s\u0105 w po\u0142\u0105czeniu z kr\u0105\u017ckami linowymi w jednostkach wentylacyjnych. AFPRO Filters.","og_url":"https:\/\/www.afprofilters.com\/pl\/produkt\/paski-klinowe\/","og_site_name":"AFPRO","article_modified_time":"2022-03-08T17:32:21+00:00","og_image":[{"width":390,"height":390,"url":"http:\/\/www.afprofilters.com\/wp-content\/uploads\/2016\/10\/PASKI-KLINOWE.jpg","type":"image\/jpeg"}],"twitter_card":"summary_large_image","twitter_misc":{"Szacowany czas czytania":"1 minuta"},"schema":{"@context":"https:\/\/schema.org","@graph":[{"@type":"WebPage","@id":"https:\/\/www.afprofilters.com\/pl\/produkt\/paski-klinowe\/","url":"https:\/\/www.afprofilters.com\/pl\/produkt\/paski-klinowe\/","name":"Paski klinowe - AFPRO","isPartOf":{"@id":"https:\/\/www.afprofilters.com\/pl\/#website"},"primaryImageOfPage":{"@id":"https:\/\/www.afprofilters.com\/pl\/produkt\/paski-klinowe\/#primaryimage"},"image":{"@id":"https:\/\/www.afprofilters.com\/pl\/produkt\/paski-klinowe\/#primaryimage"},"thumbnailUrl":"https:\/\/www.afprofilters.com\/wp-content\/uploads\/2016\/10\/PASKI-KLINOWE.jpg","datePublished":"2016-10-07T08:44:04+00:00","dateModified":"2022-03-08T17:32:21+00:00","description":"Odkryj nasz Paski klinowe. Paski stosowane s\u0105 w po\u0142\u0105czeniu z kr\u0105\u017ckami linowymi w jednostkach wentylacyjnych. AFPRO Filters.","breadcrumb":{"@id":"https:\/\/www.afprofilters.com\/pl\/produkt\/paski-klinowe\/#breadcrumb"},"inLanguage":"pl-PL","potentialAction":[{"@type":"ReadAction","target":["https:\/\/www.afprofilters.com\/pl\/produkt\/paski-klinowe\/"]}]},{"@type":"ImageObject","inLanguage":"pl-PL","@id":"https:\/\/www.afprofilters.com\/pl\/produkt\/paski-klinowe\/#primaryimage","url":"https:\/\/www.afprofilters.com\/wp-content\/uploads\/2016\/10\/PASKI-KLINOWE.jpg","contentUrl":"https:\/\/www.afprofilters.com\/wp-content\/uploads\/2016\/10\/PASKI-KLINOWE.jpg","width":390,"height":390,"caption":"paski-klinowe"},{"@type":"BreadcrumbList","@id":"https:\/\/www.afprofilters.com\/pl\/produkt\/paski-klinowe\/#breadcrumb","itemListElement":[{"@type":"ListItem","position":1,"name":"","item":"https:\/\/www.afprofilters.com\/pl\/"},{"@type":"ListItem","position":2,"name":"Products","item":"https:\/\/www.afprofilters.com\/pl\/produkt\/"},{"@type":"ListItem","position":3,"name":"Artyku\u0142y serwisowe","item":"https:\/\/www.afprofilters.com\/pl\/rodzaj-produktu\/artykuly-serwisowe\/"},{"@type":"ListItem","position":4,"name":"Paski klinowe"}]},{"@type":"WebSite","@id":"https:\/\/www.afprofilters.com\/pl\/#website","url":"https:\/\/www.afprofilters.com\/pl\/","name":"AFPRO","description":"AFPRO Filters","publisher":{"@id":"https:\/\/www.afprofilters.com\/pl\/#organization"},"potentialAction":[{"@type":"SearchAction","target":{"@type":"EntryPoint","urlTemplate":"https:\/\/www.afprofilters.com\/pl\/?s={search_term_string}"},"query-input":{"@type":"PropertyValueSpecification","valueRequired":true,"valueName":"search_term_string"}}],"inLanguage":"pl-PL"},{"@type":"Organization","@id":"https:\/\/www.afprofilters.com\/pl\/#organization","name":"AFPRO","url":"https:\/\/www.afprofilters.com\/pl\/","logo":{"@type":"ImageObject","inLanguage":"pl-PL","@id":"https:\/\/www.afprofilters.com\/pl\/#\/schema\/logo\/image\/","url":"https:\/\/www.afprofilters.com\/wp-content\/uploads\/2021\/05\/AFPRO-logo.png","contentUrl":"https:\/\/www.afprofilters.com\/wp-content\/uploads\/2021\/05\/AFPRO-logo.png","width":640,"height":177,"caption":"AFPRO"},"image":{"@id":"https:\/\/www.afprofilters.com\/pl\/#\/schema\/logo\/image\/"}}]}},"_links":{"self":[{"href":"https:\/\/www.afprofilters.com\/pl\/wp-json\/wp\/v2\/product\/3048","targetHints":{"allow":["GET"]}}],"collection":[{"href":"https:\/\/www.afprofilters.com\/pl\/wp-json\/wp\/v2\/product"}],"about":[{"href":"https:\/\/www.afprofilters.com\/pl\/wp-json\/wp\/v2\/types\/product"}],"wp:featuredmedia":[{"embeddable":true,"href":"https:\/\/www.afprofilters.com\/pl\/wp-json\/wp\/v2\/media\/9168"}],"wp:attachment":[{"href":"https:\/\/www.afprofilters.com\/pl\/wp-json\/wp\/v2\/media?parent=3048"}],"wp:term":[{"taxonomy":"product_category","embeddable":true,"href":"https:\/\/www.afprofilters.com\/pl\/wp-json\/wp\/v2\/product_category?post=3048"}],"curies":[{"name":"wp","href":"https:\/\/api.w.org\/{rel}","templated":true}]}}