{"id":3035,"date":"2016-10-07T08:05:49","date_gmt":"2016-10-07T08:05:49","guid":{"rendered":"https:\/\/www.afprofilters.com\/?post_type=product&#038;p=3035&#038;lang=pl"},"modified":"2022-03-08T17:32:32","modified_gmt":"2022-03-08T17:32:32","slug":"ramy-montazowe-filtry-kieszeniowe","status":"publish","type":"product","link":"https:\/\/www.afprofilters.com\/pl\/produkt\/ramy-montazowe-filtry-kieszeniowe\/","title":{"rendered":"Ramy monta\u017cowe\u00a0filtry kieszeniowe"},"content":{"rendered":"<p><strong>Ramy monta\u017cowe&nbsp;filtry kieszeniowe&nbsp;<\/strong>znalaz\u0142y swoje zastosowanie w centralach wentylacyjnych, a tak\u017ce systemach wlotowych powietrza dla takich urz\u0105dze\u0144 jak turbiny gazowe.&nbsp;Produkty te&nbsp;maj\u0105 standardowe wymiary i s\u0105 zamiennikiem starych ram monta\u017cowych, z regu\u0142y usuwanych podczas modernizacji&nbsp;jednostki wentylacyjnej.<\/p>\n","protected":false},"featured_media":9259,"parent":0,"template":"","format":"standard","product_category":[80],"class_list":["post-3035","product","type-product","status-publish","format-standard","has-post-thumbnail","hentry","product_category-ramki"],"acf":[],"yoast_head":"<!-- This site is optimized with the Yoast SEO plugin v27.3 - https:\/\/yoast.com\/product\/yoast-seo-wordpress\/ -->\n<title>Ramy monta\u017cowe\u00a0filtry kieszeniowe - Nasze produkty - AFPRO Filters<\/title>\n<meta name=\"description\" content=\"Wszystkie niezb\u0119dne informacje o Ramy monta\u017cowe\u00a0filtry kieszeniowe, znajduj\u0105 si\u0119 na tej stronie. Kliknij na ten link aby uzyska\u0107 wi\u0119cej informacji, skontaktuj si\u0119 z nami aby otrzyma\u0107 ofert\u0119 cenowa.\" \/>\n<meta name=\"robots\" content=\"index, follow, max-snippet:-1, max-image-preview:large, max-video-preview:-1\" \/>\n<link rel=\"canonical\" href=\"https:\/\/www.afprofilters.com\/pl\/produkt\/ramy-montazowe-filtry-kieszeniowe\/\" \/>\n<meta property=\"og:locale\" content=\"pl_PL\" \/>\n<meta property=\"og:type\" content=\"article\" \/>\n<meta property=\"og:title\" content=\"Ramy monta\u017cowe\u00a0filtry kieszeniowe - Nasze produkty - AFPRO Filters\" \/>\n<meta property=\"og:description\" content=\"Wszystkie niezb\u0119dne informacje o Ramy monta\u017cowe\u00a0filtry kieszeniowe, znajduj\u0105 si\u0119 na tej stronie. Kliknij na ten link aby uzyska\u0107 wi\u0119cej informacji, skontaktuj si\u0119 z nami aby otrzyma\u0107 ofert\u0119 cenowa.\" \/>\n<meta property=\"og:url\" content=\"https:\/\/www.afprofilters.com\/pl\/produkt\/ramy-montazowe-filtry-kieszeniowe\/\" \/>\n<meta property=\"og:site_name\" content=\"AFPRO\" \/>\n<meta property=\"article:modified_time\" content=\"2022-03-08T17:32:32+00:00\" \/>\n<meta property=\"og:image\" content=\"http:\/\/www.afprofilters.com\/wp-content\/uploads\/2016\/10\/RM-filtry-kieszeniowe-polonais-e1545385370981.jpg\" \/>\n\t<meta property=\"og:image:width\" content=\"390\" \/>\n\t<meta property=\"og:image:height\" content=\"390\" \/>\n\t<meta property=\"og:image:type\" content=\"image\/jpeg\" \/>\n<meta name=\"twitter:card\" content=\"summary_large_image\" \/>\n<meta name=\"twitter:label1\" content=\"Szacowany czas czytania\" \/>\n\t<meta name=\"twitter:data1\" content=\"1 minuta\" \/>\n<script type=\"application\/ld+json\" class=\"yoast-schema-graph\">{\"@context\":\"https:\\\/\\\/schema.org\",\"@graph\":[{\"@type\":\"WebPage\",\"@id\":\"https:\\\/\\\/www.afprofilters.com\\\/pl\\\/produkt\\\/ramy-montazowe-filtry-kieszeniowe\\\/\",\"url\":\"https:\\\/\\\/www.afprofilters.com\\\/pl\\\/produkt\\\/ramy-montazowe-filtry-kieszeniowe\\\/\",\"name\":\"Ramy monta\u017cowe\u00a0filtry kieszeniowe - Nasze produkty - AFPRO Filters\",\"isPartOf\":{\"@id\":\"https:\\\/\\\/www.afprofilters.com\\\/pl\\\/#website\"},\"primaryImageOfPage\":{\"@id\":\"https:\\\/\\\/www.afprofilters.com\\\/pl\\\/produkt\\\/ramy-montazowe-filtry-kieszeniowe\\\/#primaryimage\"},\"image\":{\"@id\":\"https:\\\/\\\/www.afprofilters.com\\\/pl\\\/produkt\\\/ramy-montazowe-filtry-kieszeniowe\\\/#primaryimage\"},\"thumbnailUrl\":\"https:\\\/\\\/www.afprofilters.com\\\/wp-content\\\/uploads\\\/2016\\\/10\\\/RM-filtry-kieszeniowe-polonais-e1545385370981.jpg\",\"datePublished\":\"2016-10-07T08:05:49+00:00\",\"dateModified\":\"2022-03-08T17:32:32+00:00\",\"description\":\"Wszystkie niezb\u0119dne informacje o Ramy monta\u017cowe\u00a0filtry kieszeniowe, znajduj\u0105 si\u0119 na tej stronie. Kliknij na ten link aby uzyska\u0107 wi\u0119cej informacji, skontaktuj si\u0119 z nami aby otrzyma\u0107 ofert\u0119 cenowa.\",\"breadcrumb\":{\"@id\":\"https:\\\/\\\/www.afprofilters.com\\\/pl\\\/produkt\\\/ramy-montazowe-filtry-kieszeniowe\\\/#breadcrumb\"},\"inLanguage\":\"pl-PL\",\"potentialAction\":[{\"@type\":\"ReadAction\",\"target\":[\"https:\\\/\\\/www.afprofilters.com\\\/pl\\\/produkt\\\/ramy-montazowe-filtry-kieszeniowe\\\/\"]}]},{\"@type\":\"ImageObject\",\"inLanguage\":\"pl-PL\",\"@id\":\"https:\\\/\\\/www.afprofilters.com\\\/pl\\\/produkt\\\/ramy-montazowe-filtry-kieszeniowe\\\/#primaryimage\",\"url\":\"https:\\\/\\\/www.afprofilters.com\\\/wp-content\\\/uploads\\\/2016\\\/10\\\/RM-filtry-kieszeniowe-polonais-e1545385370981.jpg\",\"contentUrl\":\"https:\\\/\\\/www.afprofilters.com\\\/wp-content\\\/uploads\\\/2016\\\/10\\\/RM-filtry-kieszeniowe-polonais-e1545385370981.jpg\",\"width\":390,\"height\":390,\"caption\":\"Ramy monta\u017cowe\u00a0filtry kieszeniowe\"},{\"@type\":\"BreadcrumbList\",\"@id\":\"https:\\\/\\\/www.afprofilters.com\\\/pl\\\/produkt\\\/ramy-montazowe-filtry-kieszeniowe\\\/#breadcrumb\",\"itemListElement\":[{\"@type\":\"ListItem\",\"position\":1,\"name\":\"\",\"item\":\"https:\\\/\\\/www.afprofilters.com\\\/pl\\\/\"},{\"@type\":\"ListItem\",\"position\":2,\"name\":\"Products\",\"item\":\"https:\\\/\\\/www.afprofilters.com\\\/pl\\\/produkt\\\/\"},{\"@type\":\"ListItem\",\"position\":3,\"name\":\"Systemy monta\u017cu\",\"item\":\"https:\\\/\\\/www.afprofilters.com\\\/pl\\\/rodzaj-produktu\\\/ramki\\\/\"},{\"@type\":\"ListItem\",\"position\":4,\"name\":\"Ramy monta\u017cowe\u00a0filtry kieszeniowe\"}]},{\"@type\":\"WebSite\",\"@id\":\"https:\\\/\\\/www.afprofilters.com\\\/pl\\\/#website\",\"url\":\"https:\\\/\\\/www.afprofilters.com\\\/pl\\\/\",\"name\":\"AFPRO\",\"description\":\"AFPRO Filters\",\"publisher\":{\"@id\":\"https:\\\/\\\/www.afprofilters.com\\\/pl\\\/#organization\"},\"potentialAction\":[{\"@type\":\"SearchAction\",\"target\":{\"@type\":\"EntryPoint\",\"urlTemplate\":\"https:\\\/\\\/www.afprofilters.com\\\/pl\\\/?s={search_term_string}\"},\"query-input\":{\"@type\":\"PropertyValueSpecification\",\"valueRequired\":true,\"valueName\":\"search_term_string\"}}],\"inLanguage\":\"pl-PL\"},{\"@type\":\"Organization\",\"@id\":\"https:\\\/\\\/www.afprofilters.com\\\/pl\\\/#organization\",\"name\":\"AFPRO\",\"url\":\"https:\\\/\\\/www.afprofilters.com\\\/pl\\\/\",\"logo\":{\"@type\":\"ImageObject\",\"inLanguage\":\"pl-PL\",\"@id\":\"https:\\\/\\\/www.afprofilters.com\\\/pl\\\/#\\\/schema\\\/logo\\\/image\\\/\",\"url\":\"https:\\\/\\\/www.afprofilters.com\\\/wp-content\\\/uploads\\\/2021\\\/05\\\/AFPRO-logo.png\",\"contentUrl\":\"https:\\\/\\\/www.afprofilters.com\\\/wp-content\\\/uploads\\\/2021\\\/05\\\/AFPRO-logo.png\",\"width\":640,\"height\":177,\"caption\":\"AFPRO\"},\"image\":{\"@id\":\"https:\\\/\\\/www.afprofilters.com\\\/pl\\\/#\\\/schema\\\/logo\\\/image\\\/\"}}]}<\/script>\n<!-- \/ Yoast SEO plugin. -->","yoast_head_json":{"title":"Ramy monta\u017cowe\u00a0filtry kieszeniowe - Nasze produkty - AFPRO Filters","description":"Wszystkie niezb\u0119dne informacje o Ramy monta\u017cowe\u00a0filtry kieszeniowe, znajduj\u0105 si\u0119 na tej stronie. Kliknij na ten link aby uzyska\u0107 wi\u0119cej informacji, skontaktuj si\u0119 z nami aby otrzyma\u0107 ofert\u0119 cenowa.","robots":{"index":"index","follow":"follow","max-snippet":"max-snippet:-1","max-image-preview":"max-image-preview:large","max-video-preview":"max-video-preview:-1"},"canonical":"https:\/\/www.afprofilters.com\/pl\/produkt\/ramy-montazowe-filtry-kieszeniowe\/","og_locale":"pl_PL","og_type":"article","og_title":"Ramy monta\u017cowe\u00a0filtry kieszeniowe - Nasze produkty - AFPRO Filters","og_description":"Wszystkie niezb\u0119dne informacje o Ramy monta\u017cowe\u00a0filtry kieszeniowe, znajduj\u0105 si\u0119 na tej stronie. Kliknij na ten link aby uzyska\u0107 wi\u0119cej informacji, skontaktuj si\u0119 z nami aby otrzyma\u0107 ofert\u0119 cenowa.","og_url":"https:\/\/www.afprofilters.com\/pl\/produkt\/ramy-montazowe-filtry-kieszeniowe\/","og_site_name":"AFPRO","article_modified_time":"2022-03-08T17:32:32+00:00","og_image":[{"width":390,"height":390,"url":"http:\/\/www.afprofilters.com\/wp-content\/uploads\/2016\/10\/RM-filtry-kieszeniowe-polonais-e1545385370981.jpg","type":"image\/jpeg"}],"twitter_card":"summary_large_image","twitter_misc":{"Szacowany czas czytania":"1 minuta"},"schema":{"@context":"https:\/\/schema.org","@graph":[{"@type":"WebPage","@id":"https:\/\/www.afprofilters.com\/pl\/produkt\/ramy-montazowe-filtry-kieszeniowe\/","url":"https:\/\/www.afprofilters.com\/pl\/produkt\/ramy-montazowe-filtry-kieszeniowe\/","name":"Ramy monta\u017cowe\u00a0filtry kieszeniowe - Nasze produkty - AFPRO Filters","isPartOf":{"@id":"https:\/\/www.afprofilters.com\/pl\/#website"},"primaryImageOfPage":{"@id":"https:\/\/www.afprofilters.com\/pl\/produkt\/ramy-montazowe-filtry-kieszeniowe\/#primaryimage"},"image":{"@id":"https:\/\/www.afprofilters.com\/pl\/produkt\/ramy-montazowe-filtry-kieszeniowe\/#primaryimage"},"thumbnailUrl":"https:\/\/www.afprofilters.com\/wp-content\/uploads\/2016\/10\/RM-filtry-kieszeniowe-polonais-e1545385370981.jpg","datePublished":"2016-10-07T08:05:49+00:00","dateModified":"2022-03-08T17:32:32+00:00","description":"Wszystkie niezb\u0119dne informacje o Ramy monta\u017cowe\u00a0filtry kieszeniowe, znajduj\u0105 si\u0119 na tej stronie. Kliknij na ten link aby uzyska\u0107 wi\u0119cej informacji, skontaktuj si\u0119 z nami aby otrzyma\u0107 ofert\u0119 cenowa.","breadcrumb":{"@id":"https:\/\/www.afprofilters.com\/pl\/produkt\/ramy-montazowe-filtry-kieszeniowe\/#breadcrumb"},"inLanguage":"pl-PL","potentialAction":[{"@type":"ReadAction","target":["https:\/\/www.afprofilters.com\/pl\/produkt\/ramy-montazowe-filtry-kieszeniowe\/"]}]},{"@type":"ImageObject","inLanguage":"pl-PL","@id":"https:\/\/www.afprofilters.com\/pl\/produkt\/ramy-montazowe-filtry-kieszeniowe\/#primaryimage","url":"https:\/\/www.afprofilters.com\/wp-content\/uploads\/2016\/10\/RM-filtry-kieszeniowe-polonais-e1545385370981.jpg","contentUrl":"https:\/\/www.afprofilters.com\/wp-content\/uploads\/2016\/10\/RM-filtry-kieszeniowe-polonais-e1545385370981.jpg","width":390,"height":390,"caption":"Ramy monta\u017cowe\u00a0filtry kieszeniowe"},{"@type":"BreadcrumbList","@id":"https:\/\/www.afprofilters.com\/pl\/produkt\/ramy-montazowe-filtry-kieszeniowe\/#breadcrumb","itemListElement":[{"@type":"ListItem","position":1,"name":"","item":"https:\/\/www.afprofilters.com\/pl\/"},{"@type":"ListItem","position":2,"name":"Products","item":"https:\/\/www.afprofilters.com\/pl\/produkt\/"},{"@type":"ListItem","position":3,"name":"Systemy monta\u017cu","item":"https:\/\/www.afprofilters.com\/pl\/rodzaj-produktu\/ramki\/"},{"@type":"ListItem","position":4,"name":"Ramy monta\u017cowe\u00a0filtry kieszeniowe"}]},{"@type":"WebSite","@id":"https:\/\/www.afprofilters.com\/pl\/#website","url":"https:\/\/www.afprofilters.com\/pl\/","name":"AFPRO","description":"AFPRO Filters","publisher":{"@id":"https:\/\/www.afprofilters.com\/pl\/#organization"},"potentialAction":[{"@type":"SearchAction","target":{"@type":"EntryPoint","urlTemplate":"https:\/\/www.afprofilters.com\/pl\/?s={search_term_string}"},"query-input":{"@type":"PropertyValueSpecification","valueRequired":true,"valueName":"search_term_string"}}],"inLanguage":"pl-PL"},{"@type":"Organization","@id":"https:\/\/www.afprofilters.com\/pl\/#organization","name":"AFPRO","url":"https:\/\/www.afprofilters.com\/pl\/","logo":{"@type":"ImageObject","inLanguage":"pl-PL","@id":"https:\/\/www.afprofilters.com\/pl\/#\/schema\/logo\/image\/","url":"https:\/\/www.afprofilters.com\/wp-content\/uploads\/2021\/05\/AFPRO-logo.png","contentUrl":"https:\/\/www.afprofilters.com\/wp-content\/uploads\/2021\/05\/AFPRO-logo.png","width":640,"height":177,"caption":"AFPRO"},"image":{"@id":"https:\/\/www.afprofilters.com\/pl\/#\/schema\/logo\/image\/"}}]}},"_links":{"self":[{"href":"https:\/\/www.afprofilters.com\/pl\/wp-json\/wp\/v2\/product\/3035","targetHints":{"allow":["GET"]}}],"collection":[{"href":"https:\/\/www.afprofilters.com\/pl\/wp-json\/wp\/v2\/product"}],"about":[{"href":"https:\/\/www.afprofilters.com\/pl\/wp-json\/wp\/v2\/types\/product"}],"wp:featuredmedia":[{"embeddable":true,"href":"https:\/\/www.afprofilters.com\/pl\/wp-json\/wp\/v2\/media\/9259"}],"wp:attachment":[{"href":"https:\/\/www.afprofilters.com\/pl\/wp-json\/wp\/v2\/media?parent=3035"}],"wp:term":[{"taxonomy":"product_category","embeddable":true,"href":"https:\/\/www.afprofilters.com\/pl\/wp-json\/wp\/v2\/product_category?post=3035"}],"curies":[{"name":"wp","href":"https:\/\/api.w.org\/{rel}","templated":true}]}}