{"id":3023,"date":"2016-10-07T06:48:50","date_gmt":"2016-10-07T06:48:50","guid":{"rendered":"https:\/\/www.afprofilters.com\/?post_type=product&#038;p=3023&#038;lang=pl"},"modified":"2022-03-08T17:33:28","modified_gmt":"2022-03-08T17:33:28","slug":"filtr-z-weglem-aktywnym-panelowy","status":"publish","type":"product","link":"https:\/\/www.afprofilters.com\/pl\/produkt\/filtr-z-weglem-aktywnym-panelowy\/","title":{"rendered":"W\u0119giel aktywny Seria AC"},"content":{"rendered":"<p><strong>W\u0119giel aktywny Seria AC<\/strong>, kt\u00f3re wype\u0142nione zosta\u0142y lu\u017anymi granulkami w\u0119gla aktywnego. Cz\u0119sto s\u0142u\u017c\u0105 do wielokrotnego u\u017cytku i charakteryzuj\u0105 si\u0119 nisk\u0105 absorpcj\u0105 wody w po\u0142\u0105czeniu z wysokim przep\u0142ywem powietrza. Firma AFPRO posiada szerok\u0105 gam\u0119 filtr\u00f3w AC, kt\u00f3re zawieraj\u0105 ma\u0142\u0105 ilo\u015b\u0107 w\u0119gla aktywnego pomi\u0119dzy dwiema warstwami medi\u00f3w. W przypadku gdy obecne jest wysokie st\u0119\u017cenie gaz\u00f3w zaleca si\u0119 zastosowanie produkt\u00f3w ze stali nierdzewnej (RVS). Filtry&nbsp;w\u0119glowe zaprojektowane s\u0105 z my\u015bl\u0105 o adsorpcji gazowych zanieczyszcze\u0144 o niskiej obj\u0119to\u015bci(&lt; 100 ppm poj.). W przypadku wy\u017cszego st\u0119\u017cenia gaz\u00f3w mo\u017ce nast\u0105pi\u0107 samozap\u0142on. Dodatkowe informacje na tema wykorzystania i monta\u017cu tych filtr\u00f3w mo\u017cna znale\u017a\u0107 w za\u0142\u0105czonej instrukcji.<\/p>\n<ul>\n<li><strong>Rama:<\/strong> Galwanizowana stal<\/li>\n<li><strong>Uszczelka:<\/strong> Neopren<\/li>\n<li><strong>W\u0119giel aktywny: <\/strong>M-carb &#8211; standardowy w\u0119giel aktywny; S-carb &#8211; specjalny impregnowany w\u0119giel.<\/li>\n<\/ul>\n<p>&nbsp;<\/p>\n","protected":false},"featured_media":21721,"parent":0,"template":"","format":"standard","product_category":[79],"class_list":["post-3023","product","type-product","status-publish","format-standard","has-post-thumbnail","hentry","product_category-filtry-ac-wegiel-aktywny"],"acf":[],"yoast_head":"<!-- This site is optimized with the Yoast SEO plugin v27.3 - https:\/\/yoast.com\/product\/yoast-seo-wordpress\/ -->\n<title>W\u0119giel aktywny Seria AC - Nasze produkty - AFPRO Filters<\/title>\n<meta name=\"description\" content=\"Wszystkie niezb\u0119dne informacje o W\u0119giel aktywny Seria AC, znajduj\u0105 si\u0119 na tej stronie. Kliknij na ten link aby uzyska\u0107 wi\u0119cej informacji, skontaktuj si\u0119 z nami aby otrzyma\u0107 ofert\u0119 cenowa.\" \/>\n<meta name=\"robots\" content=\"index, follow, max-snippet:-1, max-image-preview:large, max-video-preview:-1\" \/>\n<link rel=\"canonical\" href=\"https:\/\/www.afprofilters.com\/pl\/produkt\/filtr-z-weglem-aktywnym-panelowy\/\" \/>\n<meta property=\"og:locale\" content=\"pl_PL\" \/>\n<meta property=\"og:type\" content=\"article\" \/>\n<meta property=\"og:title\" content=\"W\u0119giel aktywny Seria AC - Nasze produkty - AFPRO Filters\" \/>\n<meta property=\"og:description\" content=\"Wszystkie niezb\u0119dne informacje o W\u0119giel aktywny Seria AC, znajduj\u0105 si\u0119 na tej stronie. Kliknij na ten link aby uzyska\u0107 wi\u0119cej informacji, skontaktuj si\u0119 z nami aby otrzyma\u0107 ofert\u0119 cenowa.\" \/>\n<meta property=\"og:url\" content=\"https:\/\/www.afprofilters.com\/pl\/produkt\/filtr-z-weglem-aktywnym-panelowy\/\" \/>\n<meta property=\"og:site_name\" content=\"AFPRO\" \/>\n<meta property=\"article:modified_time\" content=\"2022-03-08T17:33:28+00:00\" \/>\n<meta property=\"og:image\" content=\"http:\/\/www.afprofilters.com\/wp-content\/uploads\/2021\/01\/Activated-carbon-panel-scaled.jpg\" \/>\n\t<meta property=\"og:image:width\" content=\"1585\" \/>\n\t<meta property=\"og:image:height\" content=\"2048\" \/>\n\t<meta property=\"og:image:type\" content=\"image\/jpeg\" \/>\n<meta name=\"twitter:card\" content=\"summary_large_image\" \/>\n<meta name=\"twitter:label1\" content=\"Szacowany czas czytania\" \/>\n\t<meta name=\"twitter:data1\" content=\"1 minuta\" \/>\n<script type=\"application\/ld+json\" class=\"yoast-schema-graph\">{\"@context\":\"https:\\\/\\\/schema.org\",\"@graph\":[{\"@type\":\"WebPage\",\"@id\":\"https:\\\/\\\/www.afprofilters.com\\\/pl\\\/produkt\\\/filtr-z-weglem-aktywnym-panelowy\\\/\",\"url\":\"https:\\\/\\\/www.afprofilters.com\\\/pl\\\/produkt\\\/filtr-z-weglem-aktywnym-panelowy\\\/\",\"name\":\"W\u0119giel aktywny Seria AC - Nasze produkty - AFPRO Filters\",\"isPartOf\":{\"@id\":\"https:\\\/\\\/www.afprofilters.com\\\/pl\\\/#website\"},\"primaryImageOfPage\":{\"@id\":\"https:\\\/\\\/www.afprofilters.com\\\/pl\\\/produkt\\\/filtr-z-weglem-aktywnym-panelowy\\\/#primaryimage\"},\"image\":{\"@id\":\"https:\\\/\\\/www.afprofilters.com\\\/pl\\\/produkt\\\/filtr-z-weglem-aktywnym-panelowy\\\/#primaryimage\"},\"thumbnailUrl\":\"https:\\\/\\\/www.afprofilters.com\\\/wp-content\\\/uploads\\\/2021\\\/01\\\/Activated-carbon-panel-scaled.jpg\",\"datePublished\":\"2016-10-07T06:48:50+00:00\",\"dateModified\":\"2022-03-08T17:33:28+00:00\",\"description\":\"Wszystkie niezb\u0119dne informacje o W\u0119giel aktywny Seria AC, znajduj\u0105 si\u0119 na tej stronie. Kliknij na ten link aby uzyska\u0107 wi\u0119cej informacji, skontaktuj si\u0119 z nami aby otrzyma\u0107 ofert\u0119 cenowa.\",\"breadcrumb\":{\"@id\":\"https:\\\/\\\/www.afprofilters.com\\\/pl\\\/produkt\\\/filtr-z-weglem-aktywnym-panelowy\\\/#breadcrumb\"},\"inLanguage\":\"pl-PL\",\"potentialAction\":[{\"@type\":\"ReadAction\",\"target\":[\"https:\\\/\\\/www.afprofilters.com\\\/pl\\\/produkt\\\/filtr-z-weglem-aktywnym-panelowy\\\/\"]}]},{\"@type\":\"ImageObject\",\"inLanguage\":\"pl-PL\",\"@id\":\"https:\\\/\\\/www.afprofilters.com\\\/pl\\\/produkt\\\/filtr-z-weglem-aktywnym-panelowy\\\/#primaryimage\",\"url\":\"https:\\\/\\\/www.afprofilters.com\\\/wp-content\\\/uploads\\\/2021\\\/01\\\/Activated-carbon-panel-scaled.jpg\",\"contentUrl\":\"https:\\\/\\\/www.afprofilters.com\\\/wp-content\\\/uploads\\\/2021\\\/01\\\/Activated-carbon-panel-scaled.jpg\",\"width\":1585,\"height\":2048,\"caption\":\"Fotostudio IMAGO Hamsterkoog 17c 1822 CD Alkmaar Netherlands 072 5 620 625\"},{\"@type\":\"BreadcrumbList\",\"@id\":\"https:\\\/\\\/www.afprofilters.com\\\/pl\\\/produkt\\\/filtr-z-weglem-aktywnym-panelowy\\\/#breadcrumb\",\"itemListElement\":[{\"@type\":\"ListItem\",\"position\":1,\"name\":\"\",\"item\":\"https:\\\/\\\/www.afprofilters.com\\\/pl\\\/\"},{\"@type\":\"ListItem\",\"position\":2,\"name\":\"Products\",\"item\":\"https:\\\/\\\/www.afprofilters.com\\\/pl\\\/produkt\\\/\"},{\"@type\":\"ListItem\",\"position\":3,\"name\":\"Filtry w\u0119glowe\",\"item\":\"https:\\\/\\\/www.afprofilters.com\\\/pl\\\/rodzaj-produktu\\\/filtry-ac-wegiel-aktywny\\\/\"},{\"@type\":\"ListItem\",\"position\":4,\"name\":\"W\u0119giel aktywny Seria AC\"}]},{\"@type\":\"WebSite\",\"@id\":\"https:\\\/\\\/www.afprofilters.com\\\/pl\\\/#website\",\"url\":\"https:\\\/\\\/www.afprofilters.com\\\/pl\\\/\",\"name\":\"AFPRO\",\"description\":\"AFPRO Filters\",\"publisher\":{\"@id\":\"https:\\\/\\\/www.afprofilters.com\\\/pl\\\/#organization\"},\"potentialAction\":[{\"@type\":\"SearchAction\",\"target\":{\"@type\":\"EntryPoint\",\"urlTemplate\":\"https:\\\/\\\/www.afprofilters.com\\\/pl\\\/?s={search_term_string}\"},\"query-input\":{\"@type\":\"PropertyValueSpecification\",\"valueRequired\":true,\"valueName\":\"search_term_string\"}}],\"inLanguage\":\"pl-PL\"},{\"@type\":\"Organization\",\"@id\":\"https:\\\/\\\/www.afprofilters.com\\\/pl\\\/#organization\",\"name\":\"AFPRO\",\"url\":\"https:\\\/\\\/www.afprofilters.com\\\/pl\\\/\",\"logo\":{\"@type\":\"ImageObject\",\"inLanguage\":\"pl-PL\",\"@id\":\"https:\\\/\\\/www.afprofilters.com\\\/pl\\\/#\\\/schema\\\/logo\\\/image\\\/\",\"url\":\"https:\\\/\\\/www.afprofilters.com\\\/wp-content\\\/uploads\\\/2021\\\/05\\\/AFPRO-logo.png\",\"contentUrl\":\"https:\\\/\\\/www.afprofilters.com\\\/wp-content\\\/uploads\\\/2021\\\/05\\\/AFPRO-logo.png\",\"width\":640,\"height\":177,\"caption\":\"AFPRO\"},\"image\":{\"@id\":\"https:\\\/\\\/www.afprofilters.com\\\/pl\\\/#\\\/schema\\\/logo\\\/image\\\/\"}}]}<\/script>\n<!-- \/ Yoast SEO plugin. -->","yoast_head_json":{"title":"W\u0119giel aktywny Seria AC - Nasze produkty - AFPRO Filters","description":"Wszystkie niezb\u0119dne informacje o W\u0119giel aktywny Seria AC, znajduj\u0105 si\u0119 na tej stronie. Kliknij na ten link aby uzyska\u0107 wi\u0119cej informacji, skontaktuj si\u0119 z nami aby otrzyma\u0107 ofert\u0119 cenowa.","robots":{"index":"index","follow":"follow","max-snippet":"max-snippet:-1","max-image-preview":"max-image-preview:large","max-video-preview":"max-video-preview:-1"},"canonical":"https:\/\/www.afprofilters.com\/pl\/produkt\/filtr-z-weglem-aktywnym-panelowy\/","og_locale":"pl_PL","og_type":"article","og_title":"W\u0119giel aktywny Seria AC - Nasze produkty - AFPRO Filters","og_description":"Wszystkie niezb\u0119dne informacje o W\u0119giel aktywny Seria AC, znajduj\u0105 si\u0119 na tej stronie. Kliknij na ten link aby uzyska\u0107 wi\u0119cej informacji, skontaktuj si\u0119 z nami aby otrzyma\u0107 ofert\u0119 cenowa.","og_url":"https:\/\/www.afprofilters.com\/pl\/produkt\/filtr-z-weglem-aktywnym-panelowy\/","og_site_name":"AFPRO","article_modified_time":"2022-03-08T17:33:28+00:00","og_image":[{"width":1585,"height":2048,"url":"http:\/\/www.afprofilters.com\/wp-content\/uploads\/2021\/01\/Activated-carbon-panel-scaled.jpg","type":"image\/jpeg"}],"twitter_card":"summary_large_image","twitter_misc":{"Szacowany czas czytania":"1 minuta"},"schema":{"@context":"https:\/\/schema.org","@graph":[{"@type":"WebPage","@id":"https:\/\/www.afprofilters.com\/pl\/produkt\/filtr-z-weglem-aktywnym-panelowy\/","url":"https:\/\/www.afprofilters.com\/pl\/produkt\/filtr-z-weglem-aktywnym-panelowy\/","name":"W\u0119giel aktywny Seria AC - Nasze produkty - AFPRO Filters","isPartOf":{"@id":"https:\/\/www.afprofilters.com\/pl\/#website"},"primaryImageOfPage":{"@id":"https:\/\/www.afprofilters.com\/pl\/produkt\/filtr-z-weglem-aktywnym-panelowy\/#primaryimage"},"image":{"@id":"https:\/\/www.afprofilters.com\/pl\/produkt\/filtr-z-weglem-aktywnym-panelowy\/#primaryimage"},"thumbnailUrl":"https:\/\/www.afprofilters.com\/wp-content\/uploads\/2021\/01\/Activated-carbon-panel-scaled.jpg","datePublished":"2016-10-07T06:48:50+00:00","dateModified":"2022-03-08T17:33:28+00:00","description":"Wszystkie niezb\u0119dne informacje o W\u0119giel aktywny Seria AC, znajduj\u0105 si\u0119 na tej stronie. Kliknij na ten link aby uzyska\u0107 wi\u0119cej informacji, skontaktuj si\u0119 z nami aby otrzyma\u0107 ofert\u0119 cenowa.","breadcrumb":{"@id":"https:\/\/www.afprofilters.com\/pl\/produkt\/filtr-z-weglem-aktywnym-panelowy\/#breadcrumb"},"inLanguage":"pl-PL","potentialAction":[{"@type":"ReadAction","target":["https:\/\/www.afprofilters.com\/pl\/produkt\/filtr-z-weglem-aktywnym-panelowy\/"]}]},{"@type":"ImageObject","inLanguage":"pl-PL","@id":"https:\/\/www.afprofilters.com\/pl\/produkt\/filtr-z-weglem-aktywnym-panelowy\/#primaryimage","url":"https:\/\/www.afprofilters.com\/wp-content\/uploads\/2021\/01\/Activated-carbon-panel-scaled.jpg","contentUrl":"https:\/\/www.afprofilters.com\/wp-content\/uploads\/2021\/01\/Activated-carbon-panel-scaled.jpg","width":1585,"height":2048,"caption":"Fotostudio IMAGO Hamsterkoog 17c 1822 CD Alkmaar Netherlands 072 5 620 625"},{"@type":"BreadcrumbList","@id":"https:\/\/www.afprofilters.com\/pl\/produkt\/filtr-z-weglem-aktywnym-panelowy\/#breadcrumb","itemListElement":[{"@type":"ListItem","position":1,"name":"","item":"https:\/\/www.afprofilters.com\/pl\/"},{"@type":"ListItem","position":2,"name":"Products","item":"https:\/\/www.afprofilters.com\/pl\/produkt\/"},{"@type":"ListItem","position":3,"name":"Filtry w\u0119glowe","item":"https:\/\/www.afprofilters.com\/pl\/rodzaj-produktu\/filtry-ac-wegiel-aktywny\/"},{"@type":"ListItem","position":4,"name":"W\u0119giel aktywny Seria AC"}]},{"@type":"WebSite","@id":"https:\/\/www.afprofilters.com\/pl\/#website","url":"https:\/\/www.afprofilters.com\/pl\/","name":"AFPRO","description":"AFPRO Filters","publisher":{"@id":"https:\/\/www.afprofilters.com\/pl\/#organization"},"potentialAction":[{"@type":"SearchAction","target":{"@type":"EntryPoint","urlTemplate":"https:\/\/www.afprofilters.com\/pl\/?s={search_term_string}"},"query-input":{"@type":"PropertyValueSpecification","valueRequired":true,"valueName":"search_term_string"}}],"inLanguage":"pl-PL"},{"@type":"Organization","@id":"https:\/\/www.afprofilters.com\/pl\/#organization","name":"AFPRO","url":"https:\/\/www.afprofilters.com\/pl\/","logo":{"@type":"ImageObject","inLanguage":"pl-PL","@id":"https:\/\/www.afprofilters.com\/pl\/#\/schema\/logo\/image\/","url":"https:\/\/www.afprofilters.com\/wp-content\/uploads\/2021\/05\/AFPRO-logo.png","contentUrl":"https:\/\/www.afprofilters.com\/wp-content\/uploads\/2021\/05\/AFPRO-logo.png","width":640,"height":177,"caption":"AFPRO"},"image":{"@id":"https:\/\/www.afprofilters.com\/pl\/#\/schema\/logo\/image\/"}}]}},"_links":{"self":[{"href":"https:\/\/www.afprofilters.com\/pl\/wp-json\/wp\/v2\/product\/3023","targetHints":{"allow":["GET"]}}],"collection":[{"href":"https:\/\/www.afprofilters.com\/pl\/wp-json\/wp\/v2\/product"}],"about":[{"href":"https:\/\/www.afprofilters.com\/pl\/wp-json\/wp\/v2\/types\/product"}],"wp:featuredmedia":[{"embeddable":true,"href":"https:\/\/www.afprofilters.com\/pl\/wp-json\/wp\/v2\/media\/21721"}],"wp:attachment":[{"href":"https:\/\/www.afprofilters.com\/pl\/wp-json\/wp\/v2\/media?parent=3023"}],"wp:term":[{"taxonomy":"product_category","embeddable":true,"href":"https:\/\/www.afprofilters.com\/pl\/wp-json\/wp\/v2\/product_category?post=3023"}],"curies":[{"name":"wp","href":"https:\/\/api.w.org\/{rel}","templated":true}]}}