{"id":3012,"date":"2016-10-07T05:47:00","date_gmt":"2016-10-07T05:47:00","guid":{"rendered":"https:\/\/www.afprofilters.com\/?post_type=product&#038;p=3012&#038;lang=pl"},"modified":"2022-03-08T17:24:55","modified_gmt":"2022-03-08T17:24:55","slug":"filtr-hepa-seria-hpm","status":"publish","type":"product","link":"https:\/\/www.afprofilters.com\/pl\/produkt\/filtr-hepa-seria-hpm\/","title":{"rendered":"Filtr HEPA seria HPM"},"content":{"rendered":"<p>Ten rodzaj filtr\u00f3w zosta\u0142 idealnie dostosowany do u\u017cytku w szpitalach i innych sektorach takich jak przemys\u0142 nuklearny, przetw\u00f3rstwo spo\u017cywcze i przy produkcji p\u00f3\u0142przewodnik\u00f3w. Filtry HEPA s\u0105 niezawodne dzi\u0119ki nieustannym kontrolom oraz testom jako\u015bci. <strong>Filtr HEPA seria HPM,<\/strong> zosta\u0142y zaprojektowane z my\u015bl\u0105 o wysokiej efektywno\u015bci ich dzia\u0142ania i niskich kosztach zu\u017cycia energii elektrycznej.<\/p>\n<ul>\n<li><strong>Rama: <\/strong>MDF<\/li>\n<li><strong>Materia\u0142 filtracyjny:<\/strong>Papier z w\u0142\u00f3kna szklanego<\/li>\n<li><strong>Uszczelka:<\/strong>Pianka poliuretanowa<\/li>\n<\/ul>\n","protected":false},"featured_media":3013,"parent":0,"template":"","format":"standard","product_category":[73],"class_list":["post-3012","product","type-product","status-publish","format-standard","has-post-thumbnail","hentry","product_category-filtry-hepa"],"acf":[],"yoast_head":"<!-- This site is optimized with the Yoast SEO plugin v27.3 - https:\/\/yoast.com\/product\/yoast-seo-wordpress\/ -->\n<title>Filtr HEPA seria HPM - Nasze produkty - AFPRO Filters<\/title>\n<meta name=\"description\" content=\"Wszystkie niezb\u0119dne informacje o Filtr HEPA seria HPM, znajduj\u0105 si\u0119 na tej stronie. Kliknij na ten link aby uzyska\u0107 wi\u0119cej informacji, skontaktuj si\u0119 z nami aby otrzyma\u0107 ofert\u0119 cenowa\" \/>\n<meta name=\"robots\" content=\"index, follow, max-snippet:-1, max-image-preview:large, max-video-preview:-1\" \/>\n<link rel=\"canonical\" href=\"https:\/\/www.afprofilters.com\/pl\/produkt\/filtr-hepa-seria-hpm\/\" \/>\n<meta property=\"og:locale\" content=\"pl_PL\" \/>\n<meta property=\"og:type\" content=\"article\" \/>\n<meta property=\"og:title\" content=\"Filtr HEPA seria HPM - Nasze produkty - AFPRO Filters\" \/>\n<meta property=\"og:description\" content=\"Wszystkie niezb\u0119dne informacje o Filtr HEPA seria HPM, znajduj\u0105 si\u0119 na tej stronie. Kliknij na ten link aby uzyska\u0107 wi\u0119cej informacji, skontaktuj si\u0119 z nami aby otrzyma\u0107 ofert\u0119 cenowa\" \/>\n<meta property=\"og:url\" content=\"https:\/\/www.afprofilters.com\/pl\/produkt\/filtr-hepa-seria-hpm\/\" \/>\n<meta property=\"og:site_name\" content=\"AFPRO\" \/>\n<meta property=\"article:modified_time\" content=\"2022-03-08T17:24:55+00:00\" \/>\n<meta property=\"og:image\" content=\"http:\/\/www.afprofilters.com\/wp-content\/uploads\/2016\/09\/HPM2113NEEM.jpg\" \/>\n\t<meta property=\"og:image:width\" content=\"377\" \/>\n\t<meta property=\"og:image:height\" content=\"400\" \/>\n\t<meta property=\"og:image:type\" content=\"image\/jpeg\" \/>\n<meta name=\"twitter:card\" content=\"summary_large_image\" \/>\n<meta name=\"twitter:label1\" content=\"Szacowany czas czytania\" \/>\n\t<meta name=\"twitter:data1\" content=\"1 minuta\" \/>\n<script type=\"application\/ld+json\" class=\"yoast-schema-graph\">{\"@context\":\"https:\\\/\\\/schema.org\",\"@graph\":[{\"@type\":\"WebPage\",\"@id\":\"https:\\\/\\\/www.afprofilters.com\\\/pl\\\/produkt\\\/filtr-hepa-seria-hpm\\\/\",\"url\":\"https:\\\/\\\/www.afprofilters.com\\\/pl\\\/produkt\\\/filtr-hepa-seria-hpm\\\/\",\"name\":\"Filtr HEPA seria HPM - Nasze produkty - AFPRO Filters\",\"isPartOf\":{\"@id\":\"https:\\\/\\\/www.afprofilters.com\\\/pl\\\/#website\"},\"primaryImageOfPage\":{\"@id\":\"https:\\\/\\\/www.afprofilters.com\\\/pl\\\/produkt\\\/filtr-hepa-seria-hpm\\\/#primaryimage\"},\"image\":{\"@id\":\"https:\\\/\\\/www.afprofilters.com\\\/pl\\\/produkt\\\/filtr-hepa-seria-hpm\\\/#primaryimage\"},\"thumbnailUrl\":\"https:\\\/\\\/www.afprofilters.com\\\/wp-content\\\/uploads\\\/2016\\\/09\\\/HPM2113NEEM.jpg\",\"datePublished\":\"2016-10-07T05:47:00+00:00\",\"dateModified\":\"2022-03-08T17:24:55+00:00\",\"description\":\"Wszystkie niezb\u0119dne informacje o Filtr HEPA seria HPM, znajduj\u0105 si\u0119 na tej stronie. Kliknij na ten link aby uzyska\u0107 wi\u0119cej informacji, skontaktuj si\u0119 z nami aby otrzyma\u0107 ofert\u0119 cenowa\",\"breadcrumb\":{\"@id\":\"https:\\\/\\\/www.afprofilters.com\\\/pl\\\/produkt\\\/filtr-hepa-seria-hpm\\\/#breadcrumb\"},\"inLanguage\":\"pl-PL\",\"potentialAction\":[{\"@type\":\"ReadAction\",\"target\":[\"https:\\\/\\\/www.afprofilters.com\\\/pl\\\/produkt\\\/filtr-hepa-seria-hpm\\\/\"]}]},{\"@type\":\"ImageObject\",\"inLanguage\":\"pl-PL\",\"@id\":\"https:\\\/\\\/www.afprofilters.com\\\/pl\\\/produkt\\\/filtr-hepa-seria-hpm\\\/#primaryimage\",\"url\":\"https:\\\/\\\/www.afprofilters.com\\\/wp-content\\\/uploads\\\/2016\\\/09\\\/HPM2113NEEM.jpg\",\"contentUrl\":\"https:\\\/\\\/www.afprofilters.com\\\/wp-content\\\/uploads\\\/2016\\\/09\\\/HPM2113NEEM.jpg\",\"width\":377,\"height\":400,\"caption\":\"Fotostudio IMAGO Hamsterkoog 17c 1822 CD Alkmaar Netherlands 072 5 620 625\"},{\"@type\":\"BreadcrumbList\",\"@id\":\"https:\\\/\\\/www.afprofilters.com\\\/pl\\\/produkt\\\/filtr-hepa-seria-hpm\\\/#breadcrumb\",\"itemListElement\":[{\"@type\":\"ListItem\",\"position\":1,\"name\":\"\",\"item\":\"https:\\\/\\\/www.afprofilters.com\\\/pl\\\/\"},{\"@type\":\"ListItem\",\"position\":2,\"name\":\"Products\",\"item\":\"https:\\\/\\\/www.afprofilters.com\\\/pl\\\/produkt\\\/\"},{\"@type\":\"ListItem\",\"position\":3,\"name\":\"Filtry absolutne - HEPA\",\"item\":\"https:\\\/\\\/www.afprofilters.com\\\/pl\\\/rodzaj-produktu\\\/filtry-hepa\\\/\"},{\"@type\":\"ListItem\",\"position\":4,\"name\":\"Filtr HEPA seria HPM\"}]},{\"@type\":\"WebSite\",\"@id\":\"https:\\\/\\\/www.afprofilters.com\\\/pl\\\/#website\",\"url\":\"https:\\\/\\\/www.afprofilters.com\\\/pl\\\/\",\"name\":\"AFPRO\",\"description\":\"AFPRO Filters\",\"publisher\":{\"@id\":\"https:\\\/\\\/www.afprofilters.com\\\/pl\\\/#organization\"},\"potentialAction\":[{\"@type\":\"SearchAction\",\"target\":{\"@type\":\"EntryPoint\",\"urlTemplate\":\"https:\\\/\\\/www.afprofilters.com\\\/pl\\\/?s={search_term_string}\"},\"query-input\":{\"@type\":\"PropertyValueSpecification\",\"valueRequired\":true,\"valueName\":\"search_term_string\"}}],\"inLanguage\":\"pl-PL\"},{\"@type\":\"Organization\",\"@id\":\"https:\\\/\\\/www.afprofilters.com\\\/pl\\\/#organization\",\"name\":\"AFPRO\",\"url\":\"https:\\\/\\\/www.afprofilters.com\\\/pl\\\/\",\"logo\":{\"@type\":\"ImageObject\",\"inLanguage\":\"pl-PL\",\"@id\":\"https:\\\/\\\/www.afprofilters.com\\\/pl\\\/#\\\/schema\\\/logo\\\/image\\\/\",\"url\":\"https:\\\/\\\/www.afprofilters.com\\\/wp-content\\\/uploads\\\/2021\\\/05\\\/AFPRO-logo.png\",\"contentUrl\":\"https:\\\/\\\/www.afprofilters.com\\\/wp-content\\\/uploads\\\/2021\\\/05\\\/AFPRO-logo.png\",\"width\":640,\"height\":177,\"caption\":\"AFPRO\"},\"image\":{\"@id\":\"https:\\\/\\\/www.afprofilters.com\\\/pl\\\/#\\\/schema\\\/logo\\\/image\\\/\"}}]}<\/script>\n<!-- \/ Yoast SEO plugin. -->","yoast_head_json":{"title":"Filtr HEPA seria HPM - Nasze produkty - AFPRO Filters","description":"Wszystkie niezb\u0119dne informacje o Filtr HEPA seria HPM, znajduj\u0105 si\u0119 na tej stronie. Kliknij na ten link aby uzyska\u0107 wi\u0119cej informacji, skontaktuj si\u0119 z nami aby otrzyma\u0107 ofert\u0119 cenowa","robots":{"index":"index","follow":"follow","max-snippet":"max-snippet:-1","max-image-preview":"max-image-preview:large","max-video-preview":"max-video-preview:-1"},"canonical":"https:\/\/www.afprofilters.com\/pl\/produkt\/filtr-hepa-seria-hpm\/","og_locale":"pl_PL","og_type":"article","og_title":"Filtr HEPA seria HPM - Nasze produkty - AFPRO Filters","og_description":"Wszystkie niezb\u0119dne informacje o Filtr HEPA seria HPM, znajduj\u0105 si\u0119 na tej stronie. Kliknij na ten link aby uzyska\u0107 wi\u0119cej informacji, skontaktuj si\u0119 z nami aby otrzyma\u0107 ofert\u0119 cenowa","og_url":"https:\/\/www.afprofilters.com\/pl\/produkt\/filtr-hepa-seria-hpm\/","og_site_name":"AFPRO","article_modified_time":"2022-03-08T17:24:55+00:00","og_image":[{"width":377,"height":400,"url":"http:\/\/www.afprofilters.com\/wp-content\/uploads\/2016\/09\/HPM2113NEEM.jpg","type":"image\/jpeg"}],"twitter_card":"summary_large_image","twitter_misc":{"Szacowany czas czytania":"1 minuta"},"schema":{"@context":"https:\/\/schema.org","@graph":[{"@type":"WebPage","@id":"https:\/\/www.afprofilters.com\/pl\/produkt\/filtr-hepa-seria-hpm\/","url":"https:\/\/www.afprofilters.com\/pl\/produkt\/filtr-hepa-seria-hpm\/","name":"Filtr HEPA seria HPM - Nasze produkty - AFPRO Filters","isPartOf":{"@id":"https:\/\/www.afprofilters.com\/pl\/#website"},"primaryImageOfPage":{"@id":"https:\/\/www.afprofilters.com\/pl\/produkt\/filtr-hepa-seria-hpm\/#primaryimage"},"image":{"@id":"https:\/\/www.afprofilters.com\/pl\/produkt\/filtr-hepa-seria-hpm\/#primaryimage"},"thumbnailUrl":"https:\/\/www.afprofilters.com\/wp-content\/uploads\/2016\/09\/HPM2113NEEM.jpg","datePublished":"2016-10-07T05:47:00+00:00","dateModified":"2022-03-08T17:24:55+00:00","description":"Wszystkie niezb\u0119dne informacje o Filtr HEPA seria HPM, znajduj\u0105 si\u0119 na tej stronie. Kliknij na ten link aby uzyska\u0107 wi\u0119cej informacji, skontaktuj si\u0119 z nami aby otrzyma\u0107 ofert\u0119 cenowa","breadcrumb":{"@id":"https:\/\/www.afprofilters.com\/pl\/produkt\/filtr-hepa-seria-hpm\/#breadcrumb"},"inLanguage":"pl-PL","potentialAction":[{"@type":"ReadAction","target":["https:\/\/www.afprofilters.com\/pl\/produkt\/filtr-hepa-seria-hpm\/"]}]},{"@type":"ImageObject","inLanguage":"pl-PL","@id":"https:\/\/www.afprofilters.com\/pl\/produkt\/filtr-hepa-seria-hpm\/#primaryimage","url":"https:\/\/www.afprofilters.com\/wp-content\/uploads\/2016\/09\/HPM2113NEEM.jpg","contentUrl":"https:\/\/www.afprofilters.com\/wp-content\/uploads\/2016\/09\/HPM2113NEEM.jpg","width":377,"height":400,"caption":"Fotostudio IMAGO Hamsterkoog 17c 1822 CD Alkmaar Netherlands 072 5 620 625"},{"@type":"BreadcrumbList","@id":"https:\/\/www.afprofilters.com\/pl\/produkt\/filtr-hepa-seria-hpm\/#breadcrumb","itemListElement":[{"@type":"ListItem","position":1,"name":"","item":"https:\/\/www.afprofilters.com\/pl\/"},{"@type":"ListItem","position":2,"name":"Products","item":"https:\/\/www.afprofilters.com\/pl\/produkt\/"},{"@type":"ListItem","position":3,"name":"Filtry absolutne - HEPA","item":"https:\/\/www.afprofilters.com\/pl\/rodzaj-produktu\/filtry-hepa\/"},{"@type":"ListItem","position":4,"name":"Filtr HEPA seria HPM"}]},{"@type":"WebSite","@id":"https:\/\/www.afprofilters.com\/pl\/#website","url":"https:\/\/www.afprofilters.com\/pl\/","name":"AFPRO","description":"AFPRO Filters","publisher":{"@id":"https:\/\/www.afprofilters.com\/pl\/#organization"},"potentialAction":[{"@type":"SearchAction","target":{"@type":"EntryPoint","urlTemplate":"https:\/\/www.afprofilters.com\/pl\/?s={search_term_string}"},"query-input":{"@type":"PropertyValueSpecification","valueRequired":true,"valueName":"search_term_string"}}],"inLanguage":"pl-PL"},{"@type":"Organization","@id":"https:\/\/www.afprofilters.com\/pl\/#organization","name":"AFPRO","url":"https:\/\/www.afprofilters.com\/pl\/","logo":{"@type":"ImageObject","inLanguage":"pl-PL","@id":"https:\/\/www.afprofilters.com\/pl\/#\/schema\/logo\/image\/","url":"https:\/\/www.afprofilters.com\/wp-content\/uploads\/2021\/05\/AFPRO-logo.png","contentUrl":"https:\/\/www.afprofilters.com\/wp-content\/uploads\/2021\/05\/AFPRO-logo.png","width":640,"height":177,"caption":"AFPRO"},"image":{"@id":"https:\/\/www.afprofilters.com\/pl\/#\/schema\/logo\/image\/"}}]}},"_links":{"self":[{"href":"https:\/\/www.afprofilters.com\/pl\/wp-json\/wp\/v2\/product\/3012","targetHints":{"allow":["GET"]}}],"collection":[{"href":"https:\/\/www.afprofilters.com\/pl\/wp-json\/wp\/v2\/product"}],"about":[{"href":"https:\/\/www.afprofilters.com\/pl\/wp-json\/wp\/v2\/types\/product"}],"wp:featuredmedia":[{"embeddable":true,"href":"https:\/\/www.afprofilters.com\/pl\/wp-json\/wp\/v2\/media\/3013"}],"wp:attachment":[{"href":"https:\/\/www.afprofilters.com\/pl\/wp-json\/wp\/v2\/media?parent=3012"}],"wp:term":[{"taxonomy":"product_category","embeddable":true,"href":"https:\/\/www.afprofilters.com\/pl\/wp-json\/wp\/v2\/product_category?post=3012"}],"curies":[{"name":"wp","href":"https:\/\/api.w.org\/{rel}","templated":true}]}}