{"id":2961,"date":"2016-10-06T11:38:48","date_gmt":"2016-10-06T11:38:48","guid":{"rendered":"https:\/\/www.afprofilters.com\/?post_type=product&#038;p=2961&#038;lang=pl"},"modified":"2022-03-08T17:26:48","modified_gmt":"2022-03-08T17:26:48","slug":"filtr-kieszeniowy-seria-hsb55","status":"publish","type":"product","link":"https:\/\/www.afprofilters.com\/pl\/produkt\/filtr-kieszeniowy-seria-hsb55\/","title":{"rendered":"Filtr kieszeniowy Seria HSB55"},"content":{"rendered":"<p><strong>Filtr kieszeniowy Seria HSB55<\/strong> znajduj\u0105 swoje zastosowanie w urz\u0105dzeniach klimatyzacyjnych, przestrzeniach publicznych, jako filtr zewn\u0119trzy w pomieszczeniach sterylnych oraz w przemy\u015ble farmaceutycznym. Filtry kieszeniowe s\u0105 zgrzewane ultrad\u017awi\u0119kowo co zabezpiecza ogniwa filtru powietrza i chroni przed wyciekiem z torby.<\/p>\n<ul>\n<li><strong>Rama:<\/strong> Aluminium<\/li>\n<li><strong>Materia\u0142 filtracyjny:<\/strong> Syntetyczny<\/li>\n<li><strong>Uszczelka:<\/strong> Opcjonalnie, wylewana uszczelka<\/li>\n<\/ul>\n","protected":false},"featured_media":12468,"parent":0,"template":"","format":"standard","product_category":[76],"class_list":["post-2961","product","type-product","status-publish","format-standard","has-post-thumbnail","hentry","product_category-filtry-workowe"],"acf":[],"yoast_head":"<!-- This site is optimized with the Yoast SEO plugin v27.3 - https:\/\/yoast.com\/product\/yoast-seo-wordpress\/ -->\n<title>Filtr kieszeniowy Seria HSB55 - AFPRO Filters<\/title>\n<meta name=\"description\" content=\"Wszystkie niezb\u0119dne informacje o Filtr kieszeniowy Seria HSB55, znajduj\u0105 si\u0119 na tej stronie. Kliknij na ten link aby uzyska\u0107 wi\u0119cej informacji, skontaktuj si\u0119 z nami aby otrzyma\u0107 ofert\u0119 cenowa.\" \/>\n<meta name=\"robots\" content=\"index, follow, max-snippet:-1, max-image-preview:large, max-video-preview:-1\" \/>\n<link rel=\"canonical\" href=\"https:\/\/www.afprofilters.com\/pl\/produkt\/filtr-kieszeniowy-seria-hsb55\/\" \/>\n<meta property=\"og:locale\" content=\"pl_PL\" \/>\n<meta property=\"og:type\" content=\"article\" \/>\n<meta property=\"og:title\" content=\"Filtr kieszeniowy Seria HSB55 - AFPRO Filters\" \/>\n<meta property=\"og:description\" content=\"Wszystkie niezb\u0119dne informacje o Filtr kieszeniowy Seria HSB55, znajduj\u0105 si\u0119 na tej stronie. Kliknij na ten link aby uzyska\u0107 wi\u0119cej informacji, skontaktuj si\u0119 z nami aby otrzyma\u0107 ofert\u0119 cenowa.\" \/>\n<meta property=\"og:url\" content=\"https:\/\/www.afprofilters.com\/pl\/produkt\/filtr-kieszeniowy-seria-hsb55\/\" \/>\n<meta property=\"og:site_name\" content=\"AFPRO\" \/>\n<meta property=\"article:modified_time\" content=\"2022-03-08T17:26:48+00:00\" \/>\n<meta property=\"og:image\" content=\"http:\/\/www.afprofilters.com\/wp-content\/uploads\/2016\/10\/HSB-55.jpg\" \/>\n\t<meta property=\"og:image:width\" content=\"390\" \/>\n\t<meta property=\"og:image:height\" content=\"390\" \/>\n\t<meta property=\"og:image:type\" content=\"image\/jpeg\" \/>\n<meta name=\"twitter:card\" content=\"summary_large_image\" \/>\n<meta name=\"twitter:label1\" content=\"Szacowany czas czytania\" \/>\n\t<meta name=\"twitter:data1\" content=\"1 minuta\" \/>\n<script type=\"application\/ld+json\" class=\"yoast-schema-graph\">{\"@context\":\"https:\\\/\\\/schema.org\",\"@graph\":[{\"@type\":\"WebPage\",\"@id\":\"https:\\\/\\\/www.afprofilters.com\\\/pl\\\/produkt\\\/filtr-kieszeniowy-seria-hsb55\\\/\",\"url\":\"https:\\\/\\\/www.afprofilters.com\\\/pl\\\/produkt\\\/filtr-kieszeniowy-seria-hsb55\\\/\",\"name\":\"Filtr kieszeniowy Seria HSB55 - AFPRO Filters\",\"isPartOf\":{\"@id\":\"https:\\\/\\\/www.afprofilters.com\\\/pl\\\/#website\"},\"primaryImageOfPage\":{\"@id\":\"https:\\\/\\\/www.afprofilters.com\\\/pl\\\/produkt\\\/filtr-kieszeniowy-seria-hsb55\\\/#primaryimage\"},\"image\":{\"@id\":\"https:\\\/\\\/www.afprofilters.com\\\/pl\\\/produkt\\\/filtr-kieszeniowy-seria-hsb55\\\/#primaryimage\"},\"thumbnailUrl\":\"https:\\\/\\\/www.afprofilters.com\\\/wp-content\\\/uploads\\\/2016\\\/10\\\/HSB-55.jpg\",\"datePublished\":\"2016-10-06T11:38:48+00:00\",\"dateModified\":\"2022-03-08T17:26:48+00:00\",\"description\":\"Wszystkie niezb\u0119dne informacje o Filtr kieszeniowy Seria HSB55, znajduj\u0105 si\u0119 na tej stronie. Kliknij na ten link aby uzyska\u0107 wi\u0119cej informacji, skontaktuj si\u0119 z nami aby otrzyma\u0107 ofert\u0119 cenowa.\",\"breadcrumb\":{\"@id\":\"https:\\\/\\\/www.afprofilters.com\\\/pl\\\/produkt\\\/filtr-kieszeniowy-seria-hsb55\\\/#breadcrumb\"},\"inLanguage\":\"pl-PL\",\"potentialAction\":[{\"@type\":\"ReadAction\",\"target\":[\"https:\\\/\\\/www.afprofilters.com\\\/pl\\\/produkt\\\/filtr-kieszeniowy-seria-hsb55\\\/\"]}]},{\"@type\":\"ImageObject\",\"inLanguage\":\"pl-PL\",\"@id\":\"https:\\\/\\\/www.afprofilters.com\\\/pl\\\/produkt\\\/filtr-kieszeniowy-seria-hsb55\\\/#primaryimage\",\"url\":\"https:\\\/\\\/www.afprofilters.com\\\/wp-content\\\/uploads\\\/2016\\\/10\\\/HSB-55.jpg\",\"contentUrl\":\"https:\\\/\\\/www.afprofilters.com\\\/wp-content\\\/uploads\\\/2016\\\/10\\\/HSB-55.jpg\",\"width\":390,\"height\":390,\"caption\":\"Filtr kieszeniowy Seria HSB55\"},{\"@type\":\"BreadcrumbList\",\"@id\":\"https:\\\/\\\/www.afprofilters.com\\\/pl\\\/produkt\\\/filtr-kieszeniowy-seria-hsb55\\\/#breadcrumb\",\"itemListElement\":[{\"@type\":\"ListItem\",\"position\":1,\"name\":\"\",\"item\":\"https:\\\/\\\/www.afprofilters.com\\\/pl\\\/\"},{\"@type\":\"ListItem\",\"position\":2,\"name\":\"Products\",\"item\":\"https:\\\/\\\/www.afprofilters.com\\\/pl\\\/produkt\\\/\"},{\"@type\":\"ListItem\",\"position\":3,\"name\":\"Filtry kieszeniowe\",\"item\":\"https:\\\/\\\/www.afprofilters.com\\\/pl\\\/rodzaj-produktu\\\/filtry-workowe\\\/\"},{\"@type\":\"ListItem\",\"position\":4,\"name\":\"Filtr kieszeniowy Seria HSB55\"}]},{\"@type\":\"WebSite\",\"@id\":\"https:\\\/\\\/www.afprofilters.com\\\/pl\\\/#website\",\"url\":\"https:\\\/\\\/www.afprofilters.com\\\/pl\\\/\",\"name\":\"AFPRO\",\"description\":\"AFPRO Filters\",\"publisher\":{\"@id\":\"https:\\\/\\\/www.afprofilters.com\\\/pl\\\/#organization\"},\"potentialAction\":[{\"@type\":\"SearchAction\",\"target\":{\"@type\":\"EntryPoint\",\"urlTemplate\":\"https:\\\/\\\/www.afprofilters.com\\\/pl\\\/?s={search_term_string}\"},\"query-input\":{\"@type\":\"PropertyValueSpecification\",\"valueRequired\":true,\"valueName\":\"search_term_string\"}}],\"inLanguage\":\"pl-PL\"},{\"@type\":\"Organization\",\"@id\":\"https:\\\/\\\/www.afprofilters.com\\\/pl\\\/#organization\",\"name\":\"AFPRO\",\"url\":\"https:\\\/\\\/www.afprofilters.com\\\/pl\\\/\",\"logo\":{\"@type\":\"ImageObject\",\"inLanguage\":\"pl-PL\",\"@id\":\"https:\\\/\\\/www.afprofilters.com\\\/pl\\\/#\\\/schema\\\/logo\\\/image\\\/\",\"url\":\"https:\\\/\\\/www.afprofilters.com\\\/wp-content\\\/uploads\\\/2021\\\/05\\\/AFPRO-logo.png\",\"contentUrl\":\"https:\\\/\\\/www.afprofilters.com\\\/wp-content\\\/uploads\\\/2021\\\/05\\\/AFPRO-logo.png\",\"width\":640,\"height\":177,\"caption\":\"AFPRO\"},\"image\":{\"@id\":\"https:\\\/\\\/www.afprofilters.com\\\/pl\\\/#\\\/schema\\\/logo\\\/image\\\/\"}}]}<\/script>\n<!-- \/ Yoast SEO plugin. -->","yoast_head_json":{"title":"Filtr kieszeniowy Seria HSB55 - AFPRO Filters","description":"Wszystkie niezb\u0119dne informacje o Filtr kieszeniowy Seria HSB55, znajduj\u0105 si\u0119 na tej stronie. Kliknij na ten link aby uzyska\u0107 wi\u0119cej informacji, skontaktuj si\u0119 z nami aby otrzyma\u0107 ofert\u0119 cenowa.","robots":{"index":"index","follow":"follow","max-snippet":"max-snippet:-1","max-image-preview":"max-image-preview:large","max-video-preview":"max-video-preview:-1"},"canonical":"https:\/\/www.afprofilters.com\/pl\/produkt\/filtr-kieszeniowy-seria-hsb55\/","og_locale":"pl_PL","og_type":"article","og_title":"Filtr kieszeniowy Seria HSB55 - AFPRO Filters","og_description":"Wszystkie niezb\u0119dne informacje o Filtr kieszeniowy Seria HSB55, znajduj\u0105 si\u0119 na tej stronie. Kliknij na ten link aby uzyska\u0107 wi\u0119cej informacji, skontaktuj si\u0119 z nami aby otrzyma\u0107 ofert\u0119 cenowa.","og_url":"https:\/\/www.afprofilters.com\/pl\/produkt\/filtr-kieszeniowy-seria-hsb55\/","og_site_name":"AFPRO","article_modified_time":"2022-03-08T17:26:48+00:00","og_image":[{"width":390,"height":390,"url":"http:\/\/www.afprofilters.com\/wp-content\/uploads\/2016\/10\/HSB-55.jpg","type":"image\/jpeg"}],"twitter_card":"summary_large_image","twitter_misc":{"Szacowany czas czytania":"1 minuta"},"schema":{"@context":"https:\/\/schema.org","@graph":[{"@type":"WebPage","@id":"https:\/\/www.afprofilters.com\/pl\/produkt\/filtr-kieszeniowy-seria-hsb55\/","url":"https:\/\/www.afprofilters.com\/pl\/produkt\/filtr-kieszeniowy-seria-hsb55\/","name":"Filtr kieszeniowy Seria HSB55 - AFPRO Filters","isPartOf":{"@id":"https:\/\/www.afprofilters.com\/pl\/#website"},"primaryImageOfPage":{"@id":"https:\/\/www.afprofilters.com\/pl\/produkt\/filtr-kieszeniowy-seria-hsb55\/#primaryimage"},"image":{"@id":"https:\/\/www.afprofilters.com\/pl\/produkt\/filtr-kieszeniowy-seria-hsb55\/#primaryimage"},"thumbnailUrl":"https:\/\/www.afprofilters.com\/wp-content\/uploads\/2016\/10\/HSB-55.jpg","datePublished":"2016-10-06T11:38:48+00:00","dateModified":"2022-03-08T17:26:48+00:00","description":"Wszystkie niezb\u0119dne informacje o Filtr kieszeniowy Seria HSB55, znajduj\u0105 si\u0119 na tej stronie. Kliknij na ten link aby uzyska\u0107 wi\u0119cej informacji, skontaktuj si\u0119 z nami aby otrzyma\u0107 ofert\u0119 cenowa.","breadcrumb":{"@id":"https:\/\/www.afprofilters.com\/pl\/produkt\/filtr-kieszeniowy-seria-hsb55\/#breadcrumb"},"inLanguage":"pl-PL","potentialAction":[{"@type":"ReadAction","target":["https:\/\/www.afprofilters.com\/pl\/produkt\/filtr-kieszeniowy-seria-hsb55\/"]}]},{"@type":"ImageObject","inLanguage":"pl-PL","@id":"https:\/\/www.afprofilters.com\/pl\/produkt\/filtr-kieszeniowy-seria-hsb55\/#primaryimage","url":"https:\/\/www.afprofilters.com\/wp-content\/uploads\/2016\/10\/HSB-55.jpg","contentUrl":"https:\/\/www.afprofilters.com\/wp-content\/uploads\/2016\/10\/HSB-55.jpg","width":390,"height":390,"caption":"Filtr kieszeniowy Seria HSB55"},{"@type":"BreadcrumbList","@id":"https:\/\/www.afprofilters.com\/pl\/produkt\/filtr-kieszeniowy-seria-hsb55\/#breadcrumb","itemListElement":[{"@type":"ListItem","position":1,"name":"","item":"https:\/\/www.afprofilters.com\/pl\/"},{"@type":"ListItem","position":2,"name":"Products","item":"https:\/\/www.afprofilters.com\/pl\/produkt\/"},{"@type":"ListItem","position":3,"name":"Filtry kieszeniowe","item":"https:\/\/www.afprofilters.com\/pl\/rodzaj-produktu\/filtry-workowe\/"},{"@type":"ListItem","position":4,"name":"Filtr kieszeniowy Seria HSB55"}]},{"@type":"WebSite","@id":"https:\/\/www.afprofilters.com\/pl\/#website","url":"https:\/\/www.afprofilters.com\/pl\/","name":"AFPRO","description":"AFPRO Filters","publisher":{"@id":"https:\/\/www.afprofilters.com\/pl\/#organization"},"potentialAction":[{"@type":"SearchAction","target":{"@type":"EntryPoint","urlTemplate":"https:\/\/www.afprofilters.com\/pl\/?s={search_term_string}"},"query-input":{"@type":"PropertyValueSpecification","valueRequired":true,"valueName":"search_term_string"}}],"inLanguage":"pl-PL"},{"@type":"Organization","@id":"https:\/\/www.afprofilters.com\/pl\/#organization","name":"AFPRO","url":"https:\/\/www.afprofilters.com\/pl\/","logo":{"@type":"ImageObject","inLanguage":"pl-PL","@id":"https:\/\/www.afprofilters.com\/pl\/#\/schema\/logo\/image\/","url":"https:\/\/www.afprofilters.com\/wp-content\/uploads\/2021\/05\/AFPRO-logo.png","contentUrl":"https:\/\/www.afprofilters.com\/wp-content\/uploads\/2021\/05\/AFPRO-logo.png","width":640,"height":177,"caption":"AFPRO"},"image":{"@id":"https:\/\/www.afprofilters.com\/pl\/#\/schema\/logo\/image\/"}}]}},"_links":{"self":[{"href":"https:\/\/www.afprofilters.com\/pl\/wp-json\/wp\/v2\/product\/2961","targetHints":{"allow":["GET"]}}],"collection":[{"href":"https:\/\/www.afprofilters.com\/pl\/wp-json\/wp\/v2\/product"}],"about":[{"href":"https:\/\/www.afprofilters.com\/pl\/wp-json\/wp\/v2\/types\/product"}],"wp:featuredmedia":[{"embeddable":true,"href":"https:\/\/www.afprofilters.com\/pl\/wp-json\/wp\/v2\/media\/12468"}],"wp:attachment":[{"href":"https:\/\/www.afprofilters.com\/pl\/wp-json\/wp\/v2\/media?parent=2961"}],"wp:term":[{"taxonomy":"product_category","embeddable":true,"href":"https:\/\/www.afprofilters.com\/pl\/wp-json\/wp\/v2\/product_category?post=2961"}],"curies":[{"name":"wp","href":"https:\/\/api.w.org\/{rel}","templated":true}]}}