{"id":2951,"date":"2016-10-06T10:36:00","date_gmt":"2016-10-06T10:36:00","guid":{"rendered":"https:\/\/www.afprofilters.com\/?post_type=product&#038;p=2951&#038;lang=pl"},"modified":"2026-01-19T11:55:13","modified_gmt":"2026-01-19T11:55:13","slug":"filtr-kieszeniowy-epm1-hq85","status":"publish","type":"product","link":"https:\/\/www.afprofilters.com\/pl\/produkt\/filtr-kieszeniowy-epm1-hq85\/","title":{"rendered":"Filtr kieszeniowy HQ85"},"content":{"rendered":"<p><strong>Filtr kieszeniowy ePM1 HQ85<\/strong> workowe znajduj\u0105 swoje zastosowanie w urz\u0105dzeniach klimatyzacyjnych, przestrzeniach publicznych, jako filtr zewn\u0119trzy w pomieszczeniach sterylnych oraz w przemy\u015ble farmaceutycznym.<\/p>\n<ul>\n<li><strong>Rama:<\/strong> Aluminium<\/li>\n<li><strong>Materia\u0142 filtracyjny:<\/strong> W\u0142\u00f3kno szklane<\/li>\n<li><strong>Uszczelka:<\/strong> Opcjonalnie, spieniony poliuretan<\/li>\n<\/ul>\n<p><img loading=\"lazy\" decoding=\"async\" class=\"alignnone wp-image-32724 \" src=\"http:\/\/www.afprofilters.com\/wp-content\/uploads\/2023\/03\/label-ECC-air-filters.png\" alt=\"eurovent\" width=\"366\" height=\"126\" srcset=\"https:\/\/www.afprofilters.com\/wp-content\/uploads\/2023\/03\/label-ECC-air-filters.png 1614w, https:\/\/www.afprofilters.com\/wp-content\/uploads\/2023\/03\/label-ECC-air-filters-300x103.png 300w, https:\/\/www.afprofilters.com\/wp-content\/uploads\/2023\/03\/label-ECC-air-filters-1024x352.png 1024w, https:\/\/www.afprofilters.com\/wp-content\/uploads\/2023\/03\/label-ECC-air-filters-768x264.png 768w, https:\/\/www.afprofilters.com\/wp-content\/uploads\/2023\/03\/label-ECC-air-filters-1536x528.png 1536w\" sizes=\"auto, (max-width: 366px) 100vw, 366px\" \/><\/p>\n<p>AFPRO Filters BV participates in the ECP programme for Air filters (FIL). Check ongoing validity of certificate:\u00a0<a class=\"PrimaryLink BaseLink\" href=\"https:\/\/www.eurovent-certification.com\/\" target=\"_blank\" rel=\"noreferrer noopener\">WWW.EUROVENT-CERTIFICATION.COM<\/a><\/p>\n<p><strong>\u00a0<\/strong><\/p>\n","protected":false},"featured_media":2952,"parent":0,"template":"","format":"standard","product_category":[76],"class_list":["post-2951","product","type-product","status-publish","format-standard","has-post-thumbnail","hentry","product_category-filtry-workowe"],"acf":[],"yoast_head":"<!-- This site is optimized with the Yoast SEO plugin v27.3 - https:\/\/yoast.com\/product\/yoast-seo-wordpress\/ -->\n<title>Filtr kieszeniowy ePM1 HQ85<\/title>\n<meta name=\"description\" content=\"Nadaj budynkowi zdrow\u0105 jako\u015b\u0107 powietrza w pomieszczeniach dzi\u0119ki naszym filtrom kieszeniowym z Filtr kieszeniowy ePM1 HQ85. Wszystkie niezb\u0119dne informacje, metody zastosowania i dane techniczne, s\u0105 dost\u0119pne online.\" \/>\n<meta name=\"robots\" content=\"index, follow, max-snippet:-1, max-image-preview:large, max-video-preview:-1\" \/>\n<link rel=\"canonical\" href=\"https:\/\/www.afprofilters.com\/pl\/produkt\/filtr-kieszeniowy-epm1-hq85\/\" \/>\n<meta property=\"og:locale\" content=\"pl_PL\" \/>\n<meta property=\"og:type\" content=\"article\" \/>\n<meta property=\"og:title\" content=\"Filtr kieszeniowy ePM1 HQ85\" \/>\n<meta property=\"og:description\" content=\"Nadaj budynkowi zdrow\u0105 jako\u015b\u0107 powietrza w pomieszczeniach dzi\u0119ki naszym filtrom kieszeniowym z Filtr kieszeniowy ePM1 HQ85. Wszystkie niezb\u0119dne informacje, metody zastosowania i dane techniczne, s\u0105 dost\u0119pne online.\" \/>\n<meta property=\"og:url\" content=\"https:\/\/www.afprofilters.com\/pl\/produkt\/filtr-kieszeniowy-epm1-hq85\/\" \/>\n<meta property=\"og:site_name\" content=\"AFPRO\" \/>\n<meta property=\"article:modified_time\" content=\"2026-01-19T11:55:13+00:00\" \/>\n<meta property=\"og:image\" content=\"http:\/\/www.afprofilters.com\/wp-content\/uploads\/2016\/09\/HQ85A8-6-F7.jpg\" \/>\n\t<meta property=\"og:image:width\" content=\"1000\" \/>\n\t<meta property=\"og:image:height\" content=\"1000\" \/>\n\t<meta property=\"og:image:type\" content=\"image\/jpeg\" \/>\n<meta name=\"twitter:card\" content=\"summary_large_image\" \/>\n<meta name=\"twitter:label1\" content=\"Szacowany czas czytania\" \/>\n\t<meta name=\"twitter:data1\" content=\"1 minuta\" \/>\n<script type=\"application\/ld+json\" class=\"yoast-schema-graph\">{\"@context\":\"https:\\\/\\\/schema.org\",\"@graph\":[{\"@type\":\"WebPage\",\"@id\":\"https:\\\/\\\/www.afprofilters.com\\\/pl\\\/produkt\\\/filtr-kieszeniowy-epm1-hq85\\\/\",\"url\":\"https:\\\/\\\/www.afprofilters.com\\\/pl\\\/produkt\\\/filtr-kieszeniowy-epm1-hq85\\\/\",\"name\":\"Filtr kieszeniowy ePM1 HQ85\",\"isPartOf\":{\"@id\":\"https:\\\/\\\/www.afprofilters.com\\\/pl\\\/#website\"},\"primaryImageOfPage\":{\"@id\":\"https:\\\/\\\/www.afprofilters.com\\\/pl\\\/produkt\\\/filtr-kieszeniowy-epm1-hq85\\\/#primaryimage\"},\"image\":{\"@id\":\"https:\\\/\\\/www.afprofilters.com\\\/pl\\\/produkt\\\/filtr-kieszeniowy-epm1-hq85\\\/#primaryimage\"},\"thumbnailUrl\":\"https:\\\/\\\/www.afprofilters.com\\\/wp-content\\\/uploads\\\/2016\\\/09\\\/HQ85A8-6-F7.jpg\",\"datePublished\":\"2016-10-06T10:36:00+00:00\",\"dateModified\":\"2026-01-19T11:55:13+00:00\",\"description\":\"Nadaj budynkowi zdrow\u0105 jako\u015b\u0107 powietrza w pomieszczeniach dzi\u0119ki naszym filtrom kieszeniowym z Filtr kieszeniowy ePM1 HQ85. Wszystkie niezb\u0119dne informacje, metody zastosowania i dane techniczne, s\u0105 dost\u0119pne online.\",\"breadcrumb\":{\"@id\":\"https:\\\/\\\/www.afprofilters.com\\\/pl\\\/produkt\\\/filtr-kieszeniowy-epm1-hq85\\\/#breadcrumb\"},\"inLanguage\":\"pl-PL\",\"potentialAction\":[{\"@type\":\"ReadAction\",\"target\":[\"https:\\\/\\\/www.afprofilters.com\\\/pl\\\/produkt\\\/filtr-kieszeniowy-epm1-hq85\\\/\"]}]},{\"@type\":\"ImageObject\",\"inLanguage\":\"pl-PL\",\"@id\":\"https:\\\/\\\/www.afprofilters.com\\\/pl\\\/produkt\\\/filtr-kieszeniowy-epm1-hq85\\\/#primaryimage\",\"url\":\"https:\\\/\\\/www.afprofilters.com\\\/wp-content\\\/uploads\\\/2016\\\/09\\\/HQ85A8-6-F7.jpg\",\"contentUrl\":\"https:\\\/\\\/www.afprofilters.com\\\/wp-content\\\/uploads\\\/2016\\\/09\\\/HQ85A8-6-F7.jpg\",\"width\":1000,\"height\":1000,\"caption\":\"HQ 85 ePM1 pussisuodattimet\"},{\"@type\":\"BreadcrumbList\",\"@id\":\"https:\\\/\\\/www.afprofilters.com\\\/pl\\\/produkt\\\/filtr-kieszeniowy-epm1-hq85\\\/#breadcrumb\",\"itemListElement\":[{\"@type\":\"ListItem\",\"position\":1,\"name\":\"\",\"item\":\"https:\\\/\\\/www.afprofilters.com\\\/pl\\\/\"},{\"@type\":\"ListItem\",\"position\":2,\"name\":\"Products\",\"item\":\"https:\\\/\\\/www.afprofilters.com\\\/pl\\\/produkt\\\/\"},{\"@type\":\"ListItem\",\"position\":3,\"name\":\"Filtry kieszeniowe\",\"item\":\"https:\\\/\\\/www.afprofilters.com\\\/pl\\\/rodzaj-produktu\\\/filtry-workowe\\\/\"},{\"@type\":\"ListItem\",\"position\":4,\"name\":\"Filtr kieszeniowy HQ85\"}]},{\"@type\":\"WebSite\",\"@id\":\"https:\\\/\\\/www.afprofilters.com\\\/pl\\\/#website\",\"url\":\"https:\\\/\\\/www.afprofilters.com\\\/pl\\\/\",\"name\":\"AFPRO\",\"description\":\"AFPRO Filters\",\"publisher\":{\"@id\":\"https:\\\/\\\/www.afprofilters.com\\\/pl\\\/#organization\"},\"potentialAction\":[{\"@type\":\"SearchAction\",\"target\":{\"@type\":\"EntryPoint\",\"urlTemplate\":\"https:\\\/\\\/www.afprofilters.com\\\/pl\\\/?s={search_term_string}\"},\"query-input\":{\"@type\":\"PropertyValueSpecification\",\"valueRequired\":true,\"valueName\":\"search_term_string\"}}],\"inLanguage\":\"pl-PL\"},{\"@type\":\"Organization\",\"@id\":\"https:\\\/\\\/www.afprofilters.com\\\/pl\\\/#organization\",\"name\":\"AFPRO\",\"url\":\"https:\\\/\\\/www.afprofilters.com\\\/pl\\\/\",\"logo\":{\"@type\":\"ImageObject\",\"inLanguage\":\"pl-PL\",\"@id\":\"https:\\\/\\\/www.afprofilters.com\\\/pl\\\/#\\\/schema\\\/logo\\\/image\\\/\",\"url\":\"https:\\\/\\\/www.afprofilters.com\\\/wp-content\\\/uploads\\\/2021\\\/05\\\/AFPRO-logo.png\",\"contentUrl\":\"https:\\\/\\\/www.afprofilters.com\\\/wp-content\\\/uploads\\\/2021\\\/05\\\/AFPRO-logo.png\",\"width\":640,\"height\":177,\"caption\":\"AFPRO\"},\"image\":{\"@id\":\"https:\\\/\\\/www.afprofilters.com\\\/pl\\\/#\\\/schema\\\/logo\\\/image\\\/\"}}]}<\/script>\n<!-- \/ Yoast SEO plugin. -->","yoast_head_json":{"title":"Filtr kieszeniowy ePM1 HQ85","description":"Nadaj budynkowi zdrow\u0105 jako\u015b\u0107 powietrza w pomieszczeniach dzi\u0119ki naszym filtrom kieszeniowym z Filtr kieszeniowy ePM1 HQ85. Wszystkie niezb\u0119dne informacje, metody zastosowania i dane techniczne, s\u0105 dost\u0119pne online.","robots":{"index":"index","follow":"follow","max-snippet":"max-snippet:-1","max-image-preview":"max-image-preview:large","max-video-preview":"max-video-preview:-1"},"canonical":"https:\/\/www.afprofilters.com\/pl\/produkt\/filtr-kieszeniowy-epm1-hq85\/","og_locale":"pl_PL","og_type":"article","og_title":"Filtr kieszeniowy ePM1 HQ85","og_description":"Nadaj budynkowi zdrow\u0105 jako\u015b\u0107 powietrza w pomieszczeniach dzi\u0119ki naszym filtrom kieszeniowym z Filtr kieszeniowy ePM1 HQ85. Wszystkie niezb\u0119dne informacje, metody zastosowania i dane techniczne, s\u0105 dost\u0119pne online.","og_url":"https:\/\/www.afprofilters.com\/pl\/produkt\/filtr-kieszeniowy-epm1-hq85\/","og_site_name":"AFPRO","article_modified_time":"2026-01-19T11:55:13+00:00","og_image":[{"width":1000,"height":1000,"url":"http:\/\/www.afprofilters.com\/wp-content\/uploads\/2016\/09\/HQ85A8-6-F7.jpg","type":"image\/jpeg"}],"twitter_card":"summary_large_image","twitter_misc":{"Szacowany czas czytania":"1 minuta"},"schema":{"@context":"https:\/\/schema.org","@graph":[{"@type":"WebPage","@id":"https:\/\/www.afprofilters.com\/pl\/produkt\/filtr-kieszeniowy-epm1-hq85\/","url":"https:\/\/www.afprofilters.com\/pl\/produkt\/filtr-kieszeniowy-epm1-hq85\/","name":"Filtr kieszeniowy ePM1 HQ85","isPartOf":{"@id":"https:\/\/www.afprofilters.com\/pl\/#website"},"primaryImageOfPage":{"@id":"https:\/\/www.afprofilters.com\/pl\/produkt\/filtr-kieszeniowy-epm1-hq85\/#primaryimage"},"image":{"@id":"https:\/\/www.afprofilters.com\/pl\/produkt\/filtr-kieszeniowy-epm1-hq85\/#primaryimage"},"thumbnailUrl":"https:\/\/www.afprofilters.com\/wp-content\/uploads\/2016\/09\/HQ85A8-6-F7.jpg","datePublished":"2016-10-06T10:36:00+00:00","dateModified":"2026-01-19T11:55:13+00:00","description":"Nadaj budynkowi zdrow\u0105 jako\u015b\u0107 powietrza w pomieszczeniach dzi\u0119ki naszym filtrom kieszeniowym z Filtr kieszeniowy ePM1 HQ85. Wszystkie niezb\u0119dne informacje, metody zastosowania i dane techniczne, s\u0105 dost\u0119pne online.","breadcrumb":{"@id":"https:\/\/www.afprofilters.com\/pl\/produkt\/filtr-kieszeniowy-epm1-hq85\/#breadcrumb"},"inLanguage":"pl-PL","potentialAction":[{"@type":"ReadAction","target":["https:\/\/www.afprofilters.com\/pl\/produkt\/filtr-kieszeniowy-epm1-hq85\/"]}]},{"@type":"ImageObject","inLanguage":"pl-PL","@id":"https:\/\/www.afprofilters.com\/pl\/produkt\/filtr-kieszeniowy-epm1-hq85\/#primaryimage","url":"https:\/\/www.afprofilters.com\/wp-content\/uploads\/2016\/09\/HQ85A8-6-F7.jpg","contentUrl":"https:\/\/www.afprofilters.com\/wp-content\/uploads\/2016\/09\/HQ85A8-6-F7.jpg","width":1000,"height":1000,"caption":"HQ 85 ePM1 pussisuodattimet"},{"@type":"BreadcrumbList","@id":"https:\/\/www.afprofilters.com\/pl\/produkt\/filtr-kieszeniowy-epm1-hq85\/#breadcrumb","itemListElement":[{"@type":"ListItem","position":1,"name":"","item":"https:\/\/www.afprofilters.com\/pl\/"},{"@type":"ListItem","position":2,"name":"Products","item":"https:\/\/www.afprofilters.com\/pl\/produkt\/"},{"@type":"ListItem","position":3,"name":"Filtry kieszeniowe","item":"https:\/\/www.afprofilters.com\/pl\/rodzaj-produktu\/filtry-workowe\/"},{"@type":"ListItem","position":4,"name":"Filtr kieszeniowy HQ85"}]},{"@type":"WebSite","@id":"https:\/\/www.afprofilters.com\/pl\/#website","url":"https:\/\/www.afprofilters.com\/pl\/","name":"AFPRO","description":"AFPRO Filters","publisher":{"@id":"https:\/\/www.afprofilters.com\/pl\/#organization"},"potentialAction":[{"@type":"SearchAction","target":{"@type":"EntryPoint","urlTemplate":"https:\/\/www.afprofilters.com\/pl\/?s={search_term_string}"},"query-input":{"@type":"PropertyValueSpecification","valueRequired":true,"valueName":"search_term_string"}}],"inLanguage":"pl-PL"},{"@type":"Organization","@id":"https:\/\/www.afprofilters.com\/pl\/#organization","name":"AFPRO","url":"https:\/\/www.afprofilters.com\/pl\/","logo":{"@type":"ImageObject","inLanguage":"pl-PL","@id":"https:\/\/www.afprofilters.com\/pl\/#\/schema\/logo\/image\/","url":"https:\/\/www.afprofilters.com\/wp-content\/uploads\/2021\/05\/AFPRO-logo.png","contentUrl":"https:\/\/www.afprofilters.com\/wp-content\/uploads\/2021\/05\/AFPRO-logo.png","width":640,"height":177,"caption":"AFPRO"},"image":{"@id":"https:\/\/www.afprofilters.com\/pl\/#\/schema\/logo\/image\/"}}]}},"_links":{"self":[{"href":"https:\/\/www.afprofilters.com\/pl\/wp-json\/wp\/v2\/product\/2951","targetHints":{"allow":["GET"]}}],"collection":[{"href":"https:\/\/www.afprofilters.com\/pl\/wp-json\/wp\/v2\/product"}],"about":[{"href":"https:\/\/www.afprofilters.com\/pl\/wp-json\/wp\/v2\/types\/product"}],"wp:featuredmedia":[{"embeddable":true,"href":"https:\/\/www.afprofilters.com\/pl\/wp-json\/wp\/v2\/media\/2952"}],"wp:attachment":[{"href":"https:\/\/www.afprofilters.com\/pl\/wp-json\/wp\/v2\/media?parent=2951"}],"wp:term":[{"taxonomy":"product_category","embeddable":true,"href":"https:\/\/www.afprofilters.com\/pl\/wp-json\/wp\/v2\/product_category?post=2951"}],"curies":[{"name":"wp","href":"https:\/\/api.w.org\/{rel}","templated":true}]}}