{"id":2864,"date":"2016-10-06T07:24:35","date_gmt":"2016-10-06T07:24:35","guid":{"rendered":"https:\/\/www.afprofilters.com\/?post_type=product&#038;p=2864&#038;lang=pl"},"modified":"2022-03-08T17:28:18","modified_gmt":"2022-03-08T17:28:18","slug":"apkk-filtr-panlowy","status":"publish","type":"product","link":"https:\/\/www.afprofilters.com\/pl\/produkt\/apkk-filtr-panlowy\/","title":{"rendered":"Filtr panelowy Seria APKK"},"content":{"rendered":"<p><strong>Filtry panelowe Seria APKK<\/strong> to filtry plisowane, kt\u00f3re montowane s\u0105 w plastikowej ramce.<\/p>\n<ul>\n<li><strong>Ramka: <\/strong>Plastikowa<\/li>\n<li><strong>W\u0142\u00f3knina:<\/strong> Syntetyczna &#8211; PS<\/li>\n<li><strong>Uszczelka:<\/strong>Opcjonalnie, spieniony poliuretan<\/li>\n<\/ul>\n","protected":false},"featured_media":2467,"parent":0,"template":"","format":"standard","product_category":[75],"class_list":["post-2864","product","type-product","status-publish","format-standard","has-post-thumbnail","hentry","product_category-filtry-panelowe"],"acf":[],"yoast_head":"<!-- This site is optimized with the Yoast SEO plugin v27.3 - https:\/\/yoast.com\/product\/yoast-seo-wordpress\/ -->\n<title>Filtr panelowy Seria APKK - Nasze produkty - AFPRO Filters<\/title>\n<meta name=\"description\" content=\"Wszystkie niezb\u0119dne informacje o Filtr panelowy Seria APKK, znajduj\u0105 si\u0119 na tej stronie. Kliknij na ten link aby uzyska\u0107 wi\u0119cej informacji, skontaktuj si\u0119 z nami aby otrzyma\u0107 ofert\u0119 cenowa.\" \/>\n<meta name=\"robots\" content=\"index, follow, max-snippet:-1, max-image-preview:large, max-video-preview:-1\" \/>\n<link rel=\"canonical\" href=\"https:\/\/www.afprofilters.com\/pl\/produkt\/apkk-filtr-panlowy\/\" \/>\n<meta property=\"og:locale\" content=\"pl_PL\" \/>\n<meta property=\"og:type\" content=\"article\" \/>\n<meta property=\"og:title\" content=\"Filtr panelowy Seria APKK - Nasze produkty - AFPRO Filters\" \/>\n<meta property=\"og:description\" content=\"Wszystkie niezb\u0119dne informacje o Filtr panelowy Seria APKK, znajduj\u0105 si\u0119 na tej stronie. Kliknij na ten link aby uzyska\u0107 wi\u0119cej informacji, skontaktuj si\u0119 z nami aby otrzyma\u0107 ofert\u0119 cenowa.\" \/>\n<meta property=\"og:url\" content=\"https:\/\/www.afprofilters.com\/pl\/produkt\/apkk-filtr-panlowy\/\" \/>\n<meta property=\"og:site_name\" content=\"AFPRO\" \/>\n<meta property=\"article:modified_time\" content=\"2022-03-08T17:28:18+00:00\" \/>\n<meta property=\"og:image\" content=\"http:\/\/www.afprofilters.com\/wp-content\/uploads\/2016\/09\/02.jpg\" \/>\n\t<meta property=\"og:image:width\" content=\"4570\" \/>\n\t<meta property=\"og:image:height\" content=\"4570\" \/>\n\t<meta property=\"og:image:type\" content=\"image\/jpeg\" \/>\n<meta name=\"twitter:card\" content=\"summary_large_image\" \/>\n<meta name=\"twitter:label1\" content=\"Szacowany czas czytania\" \/>\n\t<meta name=\"twitter:data1\" content=\"1 minuta\" \/>\n<script type=\"application\/ld+json\" class=\"yoast-schema-graph\">{\"@context\":\"https:\\\/\\\/schema.org\",\"@graph\":[{\"@type\":\"WebPage\",\"@id\":\"https:\\\/\\\/www.afprofilters.com\\\/pl\\\/produkt\\\/apkk-filtr-panlowy\\\/\",\"url\":\"https:\\\/\\\/www.afprofilters.com\\\/pl\\\/produkt\\\/apkk-filtr-panlowy\\\/\",\"name\":\"Filtr panelowy Seria APKK - Nasze produkty - AFPRO Filters\",\"isPartOf\":{\"@id\":\"https:\\\/\\\/www.afprofilters.com\\\/pl\\\/#website\"},\"primaryImageOfPage\":{\"@id\":\"https:\\\/\\\/www.afprofilters.com\\\/pl\\\/produkt\\\/apkk-filtr-panlowy\\\/#primaryimage\"},\"image\":{\"@id\":\"https:\\\/\\\/www.afprofilters.com\\\/pl\\\/produkt\\\/apkk-filtr-panlowy\\\/#primaryimage\"},\"thumbnailUrl\":\"https:\\\/\\\/www.afprofilters.com\\\/wp-content\\\/uploads\\\/2016\\\/09\\\/02.jpg\",\"datePublished\":\"2016-10-06T07:24:35+00:00\",\"dateModified\":\"2022-03-08T17:28:18+00:00\",\"description\":\"Wszystkie niezb\u0119dne informacje o Filtr panelowy Seria APKK, znajduj\u0105 si\u0119 na tej stronie. Kliknij na ten link aby uzyska\u0107 wi\u0119cej informacji, skontaktuj si\u0119 z nami aby otrzyma\u0107 ofert\u0119 cenowa.\",\"breadcrumb\":{\"@id\":\"https:\\\/\\\/www.afprofilters.com\\\/pl\\\/produkt\\\/apkk-filtr-panlowy\\\/#breadcrumb\"},\"inLanguage\":\"pl-PL\",\"potentialAction\":[{\"@type\":\"ReadAction\",\"target\":[\"https:\\\/\\\/www.afprofilters.com\\\/pl\\\/produkt\\\/apkk-filtr-panlowy\\\/\"]}]},{\"@type\":\"ImageObject\",\"inLanguage\":\"pl-PL\",\"@id\":\"https:\\\/\\\/www.afprofilters.com\\\/pl\\\/produkt\\\/apkk-filtr-panlowy\\\/#primaryimage\",\"url\":\"https:\\\/\\\/www.afprofilters.com\\\/wp-content\\\/uploads\\\/2016\\\/09\\\/02.jpg\",\"contentUrl\":\"https:\\\/\\\/www.afprofilters.com\\\/wp-content\\\/uploads\\\/2016\\\/09\\\/02.jpg\",\"width\":4570,\"height\":4570,\"caption\":\"Filtr panelowy Seria APKK\"},{\"@type\":\"BreadcrumbList\",\"@id\":\"https:\\\/\\\/www.afprofilters.com\\\/pl\\\/produkt\\\/apkk-filtr-panlowy\\\/#breadcrumb\",\"itemListElement\":[{\"@type\":\"ListItem\",\"position\":1,\"name\":\"\",\"item\":\"https:\\\/\\\/www.afprofilters.com\\\/pl\\\/\"},{\"@type\":\"ListItem\",\"position\":2,\"name\":\"Products\",\"item\":\"https:\\\/\\\/www.afprofilters.com\\\/pl\\\/produkt\\\/\"},{\"@type\":\"ListItem\",\"position\":3,\"name\":\"Filtry panelowe\",\"item\":\"https:\\\/\\\/www.afprofilters.com\\\/pl\\\/rodzaj-produktu\\\/filtry-panelowe\\\/\"},{\"@type\":\"ListItem\",\"position\":4,\"name\":\"Filtr panelowy Seria APKK\"}]},{\"@type\":\"WebSite\",\"@id\":\"https:\\\/\\\/www.afprofilters.com\\\/pl\\\/#website\",\"url\":\"https:\\\/\\\/www.afprofilters.com\\\/pl\\\/\",\"name\":\"AFPRO\",\"description\":\"AFPRO Filters\",\"publisher\":{\"@id\":\"https:\\\/\\\/www.afprofilters.com\\\/pl\\\/#organization\"},\"potentialAction\":[{\"@type\":\"SearchAction\",\"target\":{\"@type\":\"EntryPoint\",\"urlTemplate\":\"https:\\\/\\\/www.afprofilters.com\\\/pl\\\/?s={search_term_string}\"},\"query-input\":{\"@type\":\"PropertyValueSpecification\",\"valueRequired\":true,\"valueName\":\"search_term_string\"}}],\"inLanguage\":\"pl-PL\"},{\"@type\":\"Organization\",\"@id\":\"https:\\\/\\\/www.afprofilters.com\\\/pl\\\/#organization\",\"name\":\"AFPRO\",\"url\":\"https:\\\/\\\/www.afprofilters.com\\\/pl\\\/\",\"logo\":{\"@type\":\"ImageObject\",\"inLanguage\":\"pl-PL\",\"@id\":\"https:\\\/\\\/www.afprofilters.com\\\/pl\\\/#\\\/schema\\\/logo\\\/image\\\/\",\"url\":\"https:\\\/\\\/www.afprofilters.com\\\/wp-content\\\/uploads\\\/2021\\\/05\\\/AFPRO-logo.png\",\"contentUrl\":\"https:\\\/\\\/www.afprofilters.com\\\/wp-content\\\/uploads\\\/2021\\\/05\\\/AFPRO-logo.png\",\"width\":640,\"height\":177,\"caption\":\"AFPRO\"},\"image\":{\"@id\":\"https:\\\/\\\/www.afprofilters.com\\\/pl\\\/#\\\/schema\\\/logo\\\/image\\\/\"}}]}<\/script>\n<!-- \/ Yoast SEO plugin. -->","yoast_head_json":{"title":"Filtr panelowy Seria APKK - Nasze produkty - AFPRO Filters","description":"Wszystkie niezb\u0119dne informacje o Filtr panelowy Seria APKK, znajduj\u0105 si\u0119 na tej stronie. Kliknij na ten link aby uzyska\u0107 wi\u0119cej informacji, skontaktuj si\u0119 z nami aby otrzyma\u0107 ofert\u0119 cenowa.","robots":{"index":"index","follow":"follow","max-snippet":"max-snippet:-1","max-image-preview":"max-image-preview:large","max-video-preview":"max-video-preview:-1"},"canonical":"https:\/\/www.afprofilters.com\/pl\/produkt\/apkk-filtr-panlowy\/","og_locale":"pl_PL","og_type":"article","og_title":"Filtr panelowy Seria APKK - Nasze produkty - AFPRO Filters","og_description":"Wszystkie niezb\u0119dne informacje o Filtr panelowy Seria APKK, znajduj\u0105 si\u0119 na tej stronie. Kliknij na ten link aby uzyska\u0107 wi\u0119cej informacji, skontaktuj si\u0119 z nami aby otrzyma\u0107 ofert\u0119 cenowa.","og_url":"https:\/\/www.afprofilters.com\/pl\/produkt\/apkk-filtr-panlowy\/","og_site_name":"AFPRO","article_modified_time":"2022-03-08T17:28:18+00:00","og_image":[{"width":4570,"height":4570,"url":"http:\/\/www.afprofilters.com\/wp-content\/uploads\/2016\/09\/02.jpg","type":"image\/jpeg"}],"twitter_card":"summary_large_image","twitter_misc":{"Szacowany czas czytania":"1 minuta"},"schema":{"@context":"https:\/\/schema.org","@graph":[{"@type":"WebPage","@id":"https:\/\/www.afprofilters.com\/pl\/produkt\/apkk-filtr-panlowy\/","url":"https:\/\/www.afprofilters.com\/pl\/produkt\/apkk-filtr-panlowy\/","name":"Filtr panelowy Seria APKK - Nasze produkty - AFPRO Filters","isPartOf":{"@id":"https:\/\/www.afprofilters.com\/pl\/#website"},"primaryImageOfPage":{"@id":"https:\/\/www.afprofilters.com\/pl\/produkt\/apkk-filtr-panlowy\/#primaryimage"},"image":{"@id":"https:\/\/www.afprofilters.com\/pl\/produkt\/apkk-filtr-panlowy\/#primaryimage"},"thumbnailUrl":"https:\/\/www.afprofilters.com\/wp-content\/uploads\/2016\/09\/02.jpg","datePublished":"2016-10-06T07:24:35+00:00","dateModified":"2022-03-08T17:28:18+00:00","description":"Wszystkie niezb\u0119dne informacje o Filtr panelowy Seria APKK, znajduj\u0105 si\u0119 na tej stronie. Kliknij na ten link aby uzyska\u0107 wi\u0119cej informacji, skontaktuj si\u0119 z nami aby otrzyma\u0107 ofert\u0119 cenowa.","breadcrumb":{"@id":"https:\/\/www.afprofilters.com\/pl\/produkt\/apkk-filtr-panlowy\/#breadcrumb"},"inLanguage":"pl-PL","potentialAction":[{"@type":"ReadAction","target":["https:\/\/www.afprofilters.com\/pl\/produkt\/apkk-filtr-panlowy\/"]}]},{"@type":"ImageObject","inLanguage":"pl-PL","@id":"https:\/\/www.afprofilters.com\/pl\/produkt\/apkk-filtr-panlowy\/#primaryimage","url":"https:\/\/www.afprofilters.com\/wp-content\/uploads\/2016\/09\/02.jpg","contentUrl":"https:\/\/www.afprofilters.com\/wp-content\/uploads\/2016\/09\/02.jpg","width":4570,"height":4570,"caption":"Filtr panelowy Seria APKK"},{"@type":"BreadcrumbList","@id":"https:\/\/www.afprofilters.com\/pl\/produkt\/apkk-filtr-panlowy\/#breadcrumb","itemListElement":[{"@type":"ListItem","position":1,"name":"","item":"https:\/\/www.afprofilters.com\/pl\/"},{"@type":"ListItem","position":2,"name":"Products","item":"https:\/\/www.afprofilters.com\/pl\/produkt\/"},{"@type":"ListItem","position":3,"name":"Filtry panelowe","item":"https:\/\/www.afprofilters.com\/pl\/rodzaj-produktu\/filtry-panelowe\/"},{"@type":"ListItem","position":4,"name":"Filtr panelowy Seria APKK"}]},{"@type":"WebSite","@id":"https:\/\/www.afprofilters.com\/pl\/#website","url":"https:\/\/www.afprofilters.com\/pl\/","name":"AFPRO","description":"AFPRO Filters","publisher":{"@id":"https:\/\/www.afprofilters.com\/pl\/#organization"},"potentialAction":[{"@type":"SearchAction","target":{"@type":"EntryPoint","urlTemplate":"https:\/\/www.afprofilters.com\/pl\/?s={search_term_string}"},"query-input":{"@type":"PropertyValueSpecification","valueRequired":true,"valueName":"search_term_string"}}],"inLanguage":"pl-PL"},{"@type":"Organization","@id":"https:\/\/www.afprofilters.com\/pl\/#organization","name":"AFPRO","url":"https:\/\/www.afprofilters.com\/pl\/","logo":{"@type":"ImageObject","inLanguage":"pl-PL","@id":"https:\/\/www.afprofilters.com\/pl\/#\/schema\/logo\/image\/","url":"https:\/\/www.afprofilters.com\/wp-content\/uploads\/2021\/05\/AFPRO-logo.png","contentUrl":"https:\/\/www.afprofilters.com\/wp-content\/uploads\/2021\/05\/AFPRO-logo.png","width":640,"height":177,"caption":"AFPRO"},"image":{"@id":"https:\/\/www.afprofilters.com\/pl\/#\/schema\/logo\/image\/"}}]}},"_links":{"self":[{"href":"https:\/\/www.afprofilters.com\/pl\/wp-json\/wp\/v2\/product\/2864","targetHints":{"allow":["GET"]}}],"collection":[{"href":"https:\/\/www.afprofilters.com\/pl\/wp-json\/wp\/v2\/product"}],"about":[{"href":"https:\/\/www.afprofilters.com\/pl\/wp-json\/wp\/v2\/types\/product"}],"wp:featuredmedia":[{"embeddable":true,"href":"https:\/\/www.afprofilters.com\/pl\/wp-json\/wp\/v2\/media\/2467"}],"wp:attachment":[{"href":"https:\/\/www.afprofilters.com\/pl\/wp-json\/wp\/v2\/media?parent=2864"}],"wp:term":[{"taxonomy":"product_category","embeddable":true,"href":"https:\/\/www.afprofilters.com\/pl\/wp-json\/wp\/v2\/product_category?post=2864"}],"curies":[{"name":"wp","href":"https:\/\/api.w.org\/{rel}","templated":true}]}}