{"id":27897,"date":"2021-07-28T07:43:01","date_gmt":"2021-07-28T07:43:01","guid":{"rendered":"https:\/\/www.afprofilters.com\/?post_type=product&#038;p=27897"},"modified":"2022-03-08T17:31:45","modified_gmt":"2022-03-08T17:31:45","slug":"oczyszczacz-powietrza-typ-fg-500","status":"publish","type":"product","link":"https:\/\/www.afprofilters.com\/pl\/produkt\/oczyszczacz-powietrza-typ-fg-500\/","title":{"rendered":"Oczyszczacz powietrza Typ-FG\/500"},"content":{"rendered":"\n<p>Oczyszczacz powietrza Typ-P 500 usuwa 99.99% wirus\u00f3w znajduj\u0105cych si\u0119 w powietrzu.<\/p>\n","protected":false},"featured_media":27658,"parent":0,"template":"","format":"standard","product_category":[739],"class_list":["post-27897","product","type-product","status-publish","format-standard","has-post-thumbnail","hentry","product_category-oczyszczacz-powietrza"],"acf":[],"yoast_head":"<!-- This site is optimized with the Yoast SEO plugin v27.3 - https:\/\/yoast.com\/product\/yoast-seo-wordpress\/ -->\n<title>Oczyszczacz powietrza Typ-FG\/500 - AFPRO<\/title>\n<meta name=\"robots\" content=\"index, follow, max-snippet:-1, max-image-preview:large, max-video-preview:-1\" \/>\n<link rel=\"canonical\" href=\"https:\/\/www.afprofilters.com\/pl\/produkt\/oczyszczacz-powietrza-typ-fg-500\/\" \/>\n<meta property=\"og:locale\" content=\"pl_PL\" \/>\n<meta property=\"og:type\" content=\"article\" \/>\n<meta property=\"og:title\" content=\"Oczyszczacz powietrza Typ-FG\/500 - AFPRO\" \/>\n<meta property=\"og:description\" content=\"Oczyszczacz powietrza Typ-P 500 usuwa 99.99% wirus\u00f3w znajduj\u0105cych si\u0119 w powietrzu.\" \/>\n<meta property=\"og:url\" content=\"https:\/\/www.afprofilters.com\/pl\/produkt\/oczyszczacz-powietrza-typ-fg-500\/\" \/>\n<meta property=\"og:site_name\" content=\"AFPRO\" \/>\n<meta property=\"article:modified_time\" content=\"2022-03-08T17:31:45+00:00\" \/>\n<meta property=\"og:image\" content=\"http:\/\/www.afprofilters.com\/wp-content\/uploads\/2021\/07\/P-500.png\" \/>\n\t<meta property=\"og:image:width\" content=\"699\" \/>\n\t<meta property=\"og:image:height\" content=\"821\" \/>\n\t<meta property=\"og:image:type\" content=\"image\/png\" \/>\n<meta name=\"twitter:card\" content=\"summary_large_image\" \/>\n<meta name=\"twitter:label1\" content=\"Szacowany czas czytania\" \/>\n\t<meta name=\"twitter:data1\" content=\"1 minuta\" \/>\n<script type=\"application\/ld+json\" class=\"yoast-schema-graph\">{\"@context\":\"https:\\\/\\\/schema.org\",\"@graph\":[{\"@type\":\"WebPage\",\"@id\":\"https:\\\/\\\/www.afprofilters.com\\\/pl\\\/produkt\\\/oczyszczacz-powietrza-typ-fg-500\\\/\",\"url\":\"https:\\\/\\\/www.afprofilters.com\\\/pl\\\/produkt\\\/oczyszczacz-powietrza-typ-fg-500\\\/\",\"name\":\"Oczyszczacz powietrza Typ-FG\\\/500 - AFPRO\",\"isPartOf\":{\"@id\":\"https:\\\/\\\/www.afprofilters.com\\\/pl\\\/#website\"},\"primaryImageOfPage\":{\"@id\":\"https:\\\/\\\/www.afprofilters.com\\\/pl\\\/produkt\\\/oczyszczacz-powietrza-typ-fg-500\\\/#primaryimage\"},\"image\":{\"@id\":\"https:\\\/\\\/www.afprofilters.com\\\/pl\\\/produkt\\\/oczyszczacz-powietrza-typ-fg-500\\\/#primaryimage\"},\"thumbnailUrl\":\"https:\\\/\\\/www.afprofilters.com\\\/wp-content\\\/uploads\\\/2021\\\/07\\\/P-500.png\",\"datePublished\":\"2021-07-28T07:43:01+00:00\",\"dateModified\":\"2022-03-08T17:31:45+00:00\",\"breadcrumb\":{\"@id\":\"https:\\\/\\\/www.afprofilters.com\\\/pl\\\/produkt\\\/oczyszczacz-powietrza-typ-fg-500\\\/#breadcrumb\"},\"inLanguage\":\"pl-PL\",\"potentialAction\":[{\"@type\":\"ReadAction\",\"target\":[\"https:\\\/\\\/www.afprofilters.com\\\/pl\\\/produkt\\\/oczyszczacz-powietrza-typ-fg-500\\\/\"]}]},{\"@type\":\"ImageObject\",\"inLanguage\":\"pl-PL\",\"@id\":\"https:\\\/\\\/www.afprofilters.com\\\/pl\\\/produkt\\\/oczyszczacz-powietrza-typ-fg-500\\\/#primaryimage\",\"url\":\"https:\\\/\\\/www.afprofilters.com\\\/wp-content\\\/uploads\\\/2021\\\/07\\\/P-500.png\",\"contentUrl\":\"https:\\\/\\\/www.afprofilters.com\\\/wp-content\\\/uploads\\\/2021\\\/07\\\/P-500.png\",\"width\":699,\"height\":821,\"caption\":\"Air cleaner Type FG\\\/500\"},{\"@type\":\"BreadcrumbList\",\"@id\":\"https:\\\/\\\/www.afprofilters.com\\\/pl\\\/produkt\\\/oczyszczacz-powietrza-typ-fg-500\\\/#breadcrumb\",\"itemListElement\":[{\"@type\":\"ListItem\",\"position\":1,\"name\":\"\",\"item\":\"https:\\\/\\\/www.afprofilters.com\\\/pl\\\/\"},{\"@type\":\"ListItem\",\"position\":2,\"name\":\"Products\",\"item\":\"https:\\\/\\\/www.afprofilters.com\\\/pl\\\/produkt\\\/\"},{\"@type\":\"ListItem\",\"position\":3,\"name\":\"Oczyszczacz powietrza\",\"item\":\"https:\\\/\\\/www.afprofilters.com\\\/pl\\\/rodzaj-produktu\\\/oczyszczacz-powietrza\\\/\"},{\"@type\":\"ListItem\",\"position\":4,\"name\":\"Oczyszczacz powietrza Typ-FG\\\/500\"}]},{\"@type\":\"WebSite\",\"@id\":\"https:\\\/\\\/www.afprofilters.com\\\/pl\\\/#website\",\"url\":\"https:\\\/\\\/www.afprofilters.com\\\/pl\\\/\",\"name\":\"AFPRO\",\"description\":\"AFPRO Filters\",\"publisher\":{\"@id\":\"https:\\\/\\\/www.afprofilters.com\\\/pl\\\/#organization\"},\"potentialAction\":[{\"@type\":\"SearchAction\",\"target\":{\"@type\":\"EntryPoint\",\"urlTemplate\":\"https:\\\/\\\/www.afprofilters.com\\\/pl\\\/?s={search_term_string}\"},\"query-input\":{\"@type\":\"PropertyValueSpecification\",\"valueRequired\":true,\"valueName\":\"search_term_string\"}}],\"inLanguage\":\"pl-PL\"},{\"@type\":\"Organization\",\"@id\":\"https:\\\/\\\/www.afprofilters.com\\\/pl\\\/#organization\",\"name\":\"AFPRO\",\"url\":\"https:\\\/\\\/www.afprofilters.com\\\/pl\\\/\",\"logo\":{\"@type\":\"ImageObject\",\"inLanguage\":\"pl-PL\",\"@id\":\"https:\\\/\\\/www.afprofilters.com\\\/pl\\\/#\\\/schema\\\/logo\\\/image\\\/\",\"url\":\"https:\\\/\\\/www.afprofilters.com\\\/wp-content\\\/uploads\\\/2021\\\/05\\\/AFPRO-logo.png\",\"contentUrl\":\"https:\\\/\\\/www.afprofilters.com\\\/wp-content\\\/uploads\\\/2021\\\/05\\\/AFPRO-logo.png\",\"width\":640,\"height\":177,\"caption\":\"AFPRO\"},\"image\":{\"@id\":\"https:\\\/\\\/www.afprofilters.com\\\/pl\\\/#\\\/schema\\\/logo\\\/image\\\/\"}}]}<\/script>\n<!-- \/ Yoast SEO plugin. -->","yoast_head_json":{"title":"Oczyszczacz powietrza Typ-FG\/500 - AFPRO","robots":{"index":"index","follow":"follow","max-snippet":"max-snippet:-1","max-image-preview":"max-image-preview:large","max-video-preview":"max-video-preview:-1"},"canonical":"https:\/\/www.afprofilters.com\/pl\/produkt\/oczyszczacz-powietrza-typ-fg-500\/","og_locale":"pl_PL","og_type":"article","og_title":"Oczyszczacz powietrza Typ-FG\/500 - AFPRO","og_description":"Oczyszczacz powietrza Typ-P 500 usuwa 99.99% wirus\u00f3w znajduj\u0105cych si\u0119 w powietrzu.","og_url":"https:\/\/www.afprofilters.com\/pl\/produkt\/oczyszczacz-powietrza-typ-fg-500\/","og_site_name":"AFPRO","article_modified_time":"2022-03-08T17:31:45+00:00","og_image":[{"width":699,"height":821,"url":"http:\/\/www.afprofilters.com\/wp-content\/uploads\/2021\/07\/P-500.png","type":"image\/png"}],"twitter_card":"summary_large_image","twitter_misc":{"Szacowany czas czytania":"1 minuta"},"schema":{"@context":"https:\/\/schema.org","@graph":[{"@type":"WebPage","@id":"https:\/\/www.afprofilters.com\/pl\/produkt\/oczyszczacz-powietrza-typ-fg-500\/","url":"https:\/\/www.afprofilters.com\/pl\/produkt\/oczyszczacz-powietrza-typ-fg-500\/","name":"Oczyszczacz powietrza Typ-FG\/500 - AFPRO","isPartOf":{"@id":"https:\/\/www.afprofilters.com\/pl\/#website"},"primaryImageOfPage":{"@id":"https:\/\/www.afprofilters.com\/pl\/produkt\/oczyszczacz-powietrza-typ-fg-500\/#primaryimage"},"image":{"@id":"https:\/\/www.afprofilters.com\/pl\/produkt\/oczyszczacz-powietrza-typ-fg-500\/#primaryimage"},"thumbnailUrl":"https:\/\/www.afprofilters.com\/wp-content\/uploads\/2021\/07\/P-500.png","datePublished":"2021-07-28T07:43:01+00:00","dateModified":"2022-03-08T17:31:45+00:00","breadcrumb":{"@id":"https:\/\/www.afprofilters.com\/pl\/produkt\/oczyszczacz-powietrza-typ-fg-500\/#breadcrumb"},"inLanguage":"pl-PL","potentialAction":[{"@type":"ReadAction","target":["https:\/\/www.afprofilters.com\/pl\/produkt\/oczyszczacz-powietrza-typ-fg-500\/"]}]},{"@type":"ImageObject","inLanguage":"pl-PL","@id":"https:\/\/www.afprofilters.com\/pl\/produkt\/oczyszczacz-powietrza-typ-fg-500\/#primaryimage","url":"https:\/\/www.afprofilters.com\/wp-content\/uploads\/2021\/07\/P-500.png","contentUrl":"https:\/\/www.afprofilters.com\/wp-content\/uploads\/2021\/07\/P-500.png","width":699,"height":821,"caption":"Air cleaner Type FG\/500"},{"@type":"BreadcrumbList","@id":"https:\/\/www.afprofilters.com\/pl\/produkt\/oczyszczacz-powietrza-typ-fg-500\/#breadcrumb","itemListElement":[{"@type":"ListItem","position":1,"name":"","item":"https:\/\/www.afprofilters.com\/pl\/"},{"@type":"ListItem","position":2,"name":"Products","item":"https:\/\/www.afprofilters.com\/pl\/produkt\/"},{"@type":"ListItem","position":3,"name":"Oczyszczacz powietrza","item":"https:\/\/www.afprofilters.com\/pl\/rodzaj-produktu\/oczyszczacz-powietrza\/"},{"@type":"ListItem","position":4,"name":"Oczyszczacz powietrza Typ-FG\/500"}]},{"@type":"WebSite","@id":"https:\/\/www.afprofilters.com\/pl\/#website","url":"https:\/\/www.afprofilters.com\/pl\/","name":"AFPRO","description":"AFPRO Filters","publisher":{"@id":"https:\/\/www.afprofilters.com\/pl\/#organization"},"potentialAction":[{"@type":"SearchAction","target":{"@type":"EntryPoint","urlTemplate":"https:\/\/www.afprofilters.com\/pl\/?s={search_term_string}"},"query-input":{"@type":"PropertyValueSpecification","valueRequired":true,"valueName":"search_term_string"}}],"inLanguage":"pl-PL"},{"@type":"Organization","@id":"https:\/\/www.afprofilters.com\/pl\/#organization","name":"AFPRO","url":"https:\/\/www.afprofilters.com\/pl\/","logo":{"@type":"ImageObject","inLanguage":"pl-PL","@id":"https:\/\/www.afprofilters.com\/pl\/#\/schema\/logo\/image\/","url":"https:\/\/www.afprofilters.com\/wp-content\/uploads\/2021\/05\/AFPRO-logo.png","contentUrl":"https:\/\/www.afprofilters.com\/wp-content\/uploads\/2021\/05\/AFPRO-logo.png","width":640,"height":177,"caption":"AFPRO"},"image":{"@id":"https:\/\/www.afprofilters.com\/pl\/#\/schema\/logo\/image\/"}}]}},"_links":{"self":[{"href":"https:\/\/www.afprofilters.com\/pl\/wp-json\/wp\/v2\/product\/27897","targetHints":{"allow":["GET"]}}],"collection":[{"href":"https:\/\/www.afprofilters.com\/pl\/wp-json\/wp\/v2\/product"}],"about":[{"href":"https:\/\/www.afprofilters.com\/pl\/wp-json\/wp\/v2\/types\/product"}],"wp:featuredmedia":[{"embeddable":true,"href":"https:\/\/www.afprofilters.com\/pl\/wp-json\/wp\/v2\/media\/27658"}],"wp:attachment":[{"href":"https:\/\/www.afprofilters.com\/pl\/wp-json\/wp\/v2\/media?parent=27897"}],"wp:term":[{"taxonomy":"product_category","embeddable":true,"href":"https:\/\/www.afprofilters.com\/pl\/wp-json\/wp\/v2\/product_category?post=27897"}],"curies":[{"name":"wp","href":"https:\/\/api.w.org\/{rel}","templated":true}]}}