{"id":22503,"date":"2021-01-15T15:26:12","date_gmt":"2021-01-15T15:26:12","guid":{"rendered":"https:\/\/www.afprofilters.com\/?post_type=product&#038;p=22503"},"modified":"2022-03-08T17:31:22","modified_gmt":"2022-03-08T17:31:22","slug":"hl-phr-nawiewnik-z-filtrem-absolutnym","status":"publish","type":"product","link":"https:\/\/www.afprofilters.com\/pl\/produkt\/hl-phr-nawiewnik-z-filtrem-absolutnym\/","title":{"rendered":"HL-PHR Nawiewnik z filtrem absolutnym"},"content":{"rendered":"<p><span class=\"fontstyle0\">Wywiew powietrza w pomieszczeniu czystym z przep\u0142ywem turbulentnym i montowanymi fltrami wst\u0119pnymi i dok\u0142adnymi<\/span><\/p>\n","protected":false},"featured_media":22516,"parent":0,"template":"","format":"standard","product_category":[733],"class_list":["post-22503","product","type-product","status-publish","format-standard","has-post-thumbnail","hentry","product_category-nawiewniki"],"acf":[],"yoast_head":"<!-- This site is optimized with the Yoast SEO plugin v27.3 - https:\/\/yoast.com\/product\/yoast-seo-wordpress\/ -->\n<title>HL-PHR Nawiewnik z filtrem absolutnym - AFPRO Filters<\/title>\n<meta name=\"description\" content=\"HL-PHR Nawiewnik z filtrem absolutnym\" \/>\n<meta name=\"robots\" content=\"index, follow, max-snippet:-1, max-image-preview:large, max-video-preview:-1\" \/>\n<link rel=\"canonical\" href=\"https:\/\/www.afprofilters.com\/pl\/produkt\/hl-phr-nawiewnik-z-filtrem-absolutnym\/\" \/>\n<meta property=\"og:locale\" content=\"pl_PL\" \/>\n<meta property=\"og:type\" content=\"article\" \/>\n<meta property=\"og:title\" content=\"HL-PHR Nawiewnik z filtrem absolutnym - AFPRO Filters\" \/>\n<meta property=\"og:description\" content=\"HL-PHR Nawiewnik z filtrem absolutnym\" \/>\n<meta property=\"og:url\" content=\"https:\/\/www.afprofilters.com\/pl\/produkt\/hl-phr-nawiewnik-z-filtrem-absolutnym\/\" \/>\n<meta property=\"og:site_name\" content=\"AFPRO\" \/>\n<meta property=\"article:modified_time\" content=\"2022-03-08T17:31:22+00:00\" \/>\n<meta property=\"og:image\" content=\"http:\/\/www.afprofilters.com\/wp-content\/uploads\/2021\/01\/HL-PH-detoure.png\" \/>\n\t<meta property=\"og:image:width\" content=\"854\" \/>\n\t<meta property=\"og:image:height\" content=\"696\" \/>\n\t<meta property=\"og:image:type\" content=\"image\/png\" \/>\n<meta name=\"twitter:card\" content=\"summary_large_image\" \/>\n<meta name=\"twitter:label1\" content=\"Szacowany czas czytania\" \/>\n\t<meta name=\"twitter:data1\" content=\"1 minuta\" \/>\n<script type=\"application\/ld+json\" class=\"yoast-schema-graph\">{\"@context\":\"https:\\\/\\\/schema.org\",\"@graph\":[{\"@type\":\"WebPage\",\"@id\":\"https:\\\/\\\/www.afprofilters.com\\\/pl\\\/produkt\\\/hl-phr-nawiewnik-z-filtrem-absolutnym\\\/\",\"url\":\"https:\\\/\\\/www.afprofilters.com\\\/pl\\\/produkt\\\/hl-phr-nawiewnik-z-filtrem-absolutnym\\\/\",\"name\":\"HL-PHR Nawiewnik z filtrem absolutnym - AFPRO Filters\",\"isPartOf\":{\"@id\":\"https:\\\/\\\/www.afprofilters.com\\\/pl\\\/#website\"},\"primaryImageOfPage\":{\"@id\":\"https:\\\/\\\/www.afprofilters.com\\\/pl\\\/produkt\\\/hl-phr-nawiewnik-z-filtrem-absolutnym\\\/#primaryimage\"},\"image\":{\"@id\":\"https:\\\/\\\/www.afprofilters.com\\\/pl\\\/produkt\\\/hl-phr-nawiewnik-z-filtrem-absolutnym\\\/#primaryimage\"},\"thumbnailUrl\":\"https:\\\/\\\/www.afprofilters.com\\\/wp-content\\\/uploads\\\/2021\\\/01\\\/HL-PH-detoure.png\",\"datePublished\":\"2021-01-15T15:26:12+00:00\",\"dateModified\":\"2022-03-08T17:31:22+00:00\",\"description\":\"HL-PHR Nawiewnik z filtrem absolutnym\",\"breadcrumb\":{\"@id\":\"https:\\\/\\\/www.afprofilters.com\\\/pl\\\/produkt\\\/hl-phr-nawiewnik-z-filtrem-absolutnym\\\/#breadcrumb\"},\"inLanguage\":\"pl-PL\",\"potentialAction\":[{\"@type\":\"ReadAction\",\"target\":[\"https:\\\/\\\/www.afprofilters.com\\\/pl\\\/produkt\\\/hl-phr-nawiewnik-z-filtrem-absolutnym\\\/\"]}]},{\"@type\":\"ImageObject\",\"inLanguage\":\"pl-PL\",\"@id\":\"https:\\\/\\\/www.afprofilters.com\\\/pl\\\/produkt\\\/hl-phr-nawiewnik-z-filtrem-absolutnym\\\/#primaryimage\",\"url\":\"https:\\\/\\\/www.afprofilters.com\\\/wp-content\\\/uploads\\\/2021\\\/01\\\/HL-PH-detoure.png\",\"contentUrl\":\"https:\\\/\\\/www.afprofilters.com\\\/wp-content\\\/uploads\\\/2021\\\/01\\\/HL-PH-detoure.png\",\"width\":854,\"height\":696,\"caption\":\"HL-PHR Nawiewnik z filtrem absolutnym\"},{\"@type\":\"BreadcrumbList\",\"@id\":\"https:\\\/\\\/www.afprofilters.com\\\/pl\\\/produkt\\\/hl-phr-nawiewnik-z-filtrem-absolutnym\\\/#breadcrumb\",\"itemListElement\":[{\"@type\":\"ListItem\",\"position\":1,\"name\":\"\",\"item\":\"https:\\\/\\\/www.afprofilters.com\\\/pl\\\/\"},{\"@type\":\"ListItem\",\"position\":2,\"name\":\"Products\",\"item\":\"https:\\\/\\\/www.afprofilters.com\\\/pl\\\/produkt\\\/\"},{\"@type\":\"ListItem\",\"position\":3,\"name\":\"Nawiewniki\",\"item\":\"https:\\\/\\\/www.afprofilters.com\\\/pl\\\/rodzaj-produktu\\\/nawiewniki\\\/\"},{\"@type\":\"ListItem\",\"position\":4,\"name\":\"HL-PHR Nawiewnik z filtrem absolutnym\"}]},{\"@type\":\"WebSite\",\"@id\":\"https:\\\/\\\/www.afprofilters.com\\\/pl\\\/#website\",\"url\":\"https:\\\/\\\/www.afprofilters.com\\\/pl\\\/\",\"name\":\"AFPRO\",\"description\":\"AFPRO Filters\",\"publisher\":{\"@id\":\"https:\\\/\\\/www.afprofilters.com\\\/pl\\\/#organization\"},\"potentialAction\":[{\"@type\":\"SearchAction\",\"target\":{\"@type\":\"EntryPoint\",\"urlTemplate\":\"https:\\\/\\\/www.afprofilters.com\\\/pl\\\/?s={search_term_string}\"},\"query-input\":{\"@type\":\"PropertyValueSpecification\",\"valueRequired\":true,\"valueName\":\"search_term_string\"}}],\"inLanguage\":\"pl-PL\"},{\"@type\":\"Organization\",\"@id\":\"https:\\\/\\\/www.afprofilters.com\\\/pl\\\/#organization\",\"name\":\"AFPRO\",\"url\":\"https:\\\/\\\/www.afprofilters.com\\\/pl\\\/\",\"logo\":{\"@type\":\"ImageObject\",\"inLanguage\":\"pl-PL\",\"@id\":\"https:\\\/\\\/www.afprofilters.com\\\/pl\\\/#\\\/schema\\\/logo\\\/image\\\/\",\"url\":\"https:\\\/\\\/www.afprofilters.com\\\/wp-content\\\/uploads\\\/2021\\\/05\\\/AFPRO-logo.png\",\"contentUrl\":\"https:\\\/\\\/www.afprofilters.com\\\/wp-content\\\/uploads\\\/2021\\\/05\\\/AFPRO-logo.png\",\"width\":640,\"height\":177,\"caption\":\"AFPRO\"},\"image\":{\"@id\":\"https:\\\/\\\/www.afprofilters.com\\\/pl\\\/#\\\/schema\\\/logo\\\/image\\\/\"}}]}<\/script>\n<!-- \/ Yoast SEO plugin. -->","yoast_head_json":{"title":"HL-PHR Nawiewnik z filtrem absolutnym - AFPRO Filters","description":"HL-PHR Nawiewnik z filtrem absolutnym","robots":{"index":"index","follow":"follow","max-snippet":"max-snippet:-1","max-image-preview":"max-image-preview:large","max-video-preview":"max-video-preview:-1"},"canonical":"https:\/\/www.afprofilters.com\/pl\/produkt\/hl-phr-nawiewnik-z-filtrem-absolutnym\/","og_locale":"pl_PL","og_type":"article","og_title":"HL-PHR Nawiewnik z filtrem absolutnym - AFPRO Filters","og_description":"HL-PHR Nawiewnik z filtrem absolutnym","og_url":"https:\/\/www.afprofilters.com\/pl\/produkt\/hl-phr-nawiewnik-z-filtrem-absolutnym\/","og_site_name":"AFPRO","article_modified_time":"2022-03-08T17:31:22+00:00","og_image":[{"width":854,"height":696,"url":"http:\/\/www.afprofilters.com\/wp-content\/uploads\/2021\/01\/HL-PH-detoure.png","type":"image\/png"}],"twitter_card":"summary_large_image","twitter_misc":{"Szacowany czas czytania":"1 minuta"},"schema":{"@context":"https:\/\/schema.org","@graph":[{"@type":"WebPage","@id":"https:\/\/www.afprofilters.com\/pl\/produkt\/hl-phr-nawiewnik-z-filtrem-absolutnym\/","url":"https:\/\/www.afprofilters.com\/pl\/produkt\/hl-phr-nawiewnik-z-filtrem-absolutnym\/","name":"HL-PHR Nawiewnik z filtrem absolutnym - AFPRO Filters","isPartOf":{"@id":"https:\/\/www.afprofilters.com\/pl\/#website"},"primaryImageOfPage":{"@id":"https:\/\/www.afprofilters.com\/pl\/produkt\/hl-phr-nawiewnik-z-filtrem-absolutnym\/#primaryimage"},"image":{"@id":"https:\/\/www.afprofilters.com\/pl\/produkt\/hl-phr-nawiewnik-z-filtrem-absolutnym\/#primaryimage"},"thumbnailUrl":"https:\/\/www.afprofilters.com\/wp-content\/uploads\/2021\/01\/HL-PH-detoure.png","datePublished":"2021-01-15T15:26:12+00:00","dateModified":"2022-03-08T17:31:22+00:00","description":"HL-PHR Nawiewnik z filtrem absolutnym","breadcrumb":{"@id":"https:\/\/www.afprofilters.com\/pl\/produkt\/hl-phr-nawiewnik-z-filtrem-absolutnym\/#breadcrumb"},"inLanguage":"pl-PL","potentialAction":[{"@type":"ReadAction","target":["https:\/\/www.afprofilters.com\/pl\/produkt\/hl-phr-nawiewnik-z-filtrem-absolutnym\/"]}]},{"@type":"ImageObject","inLanguage":"pl-PL","@id":"https:\/\/www.afprofilters.com\/pl\/produkt\/hl-phr-nawiewnik-z-filtrem-absolutnym\/#primaryimage","url":"https:\/\/www.afprofilters.com\/wp-content\/uploads\/2021\/01\/HL-PH-detoure.png","contentUrl":"https:\/\/www.afprofilters.com\/wp-content\/uploads\/2021\/01\/HL-PH-detoure.png","width":854,"height":696,"caption":"HL-PHR Nawiewnik z filtrem absolutnym"},{"@type":"BreadcrumbList","@id":"https:\/\/www.afprofilters.com\/pl\/produkt\/hl-phr-nawiewnik-z-filtrem-absolutnym\/#breadcrumb","itemListElement":[{"@type":"ListItem","position":1,"name":"","item":"https:\/\/www.afprofilters.com\/pl\/"},{"@type":"ListItem","position":2,"name":"Products","item":"https:\/\/www.afprofilters.com\/pl\/produkt\/"},{"@type":"ListItem","position":3,"name":"Nawiewniki","item":"https:\/\/www.afprofilters.com\/pl\/rodzaj-produktu\/nawiewniki\/"},{"@type":"ListItem","position":4,"name":"HL-PHR Nawiewnik z filtrem absolutnym"}]},{"@type":"WebSite","@id":"https:\/\/www.afprofilters.com\/pl\/#website","url":"https:\/\/www.afprofilters.com\/pl\/","name":"AFPRO","description":"AFPRO Filters","publisher":{"@id":"https:\/\/www.afprofilters.com\/pl\/#organization"},"potentialAction":[{"@type":"SearchAction","target":{"@type":"EntryPoint","urlTemplate":"https:\/\/www.afprofilters.com\/pl\/?s={search_term_string}"},"query-input":{"@type":"PropertyValueSpecification","valueRequired":true,"valueName":"search_term_string"}}],"inLanguage":"pl-PL"},{"@type":"Organization","@id":"https:\/\/www.afprofilters.com\/pl\/#organization","name":"AFPRO","url":"https:\/\/www.afprofilters.com\/pl\/","logo":{"@type":"ImageObject","inLanguage":"pl-PL","@id":"https:\/\/www.afprofilters.com\/pl\/#\/schema\/logo\/image\/","url":"https:\/\/www.afprofilters.com\/wp-content\/uploads\/2021\/05\/AFPRO-logo.png","contentUrl":"https:\/\/www.afprofilters.com\/wp-content\/uploads\/2021\/05\/AFPRO-logo.png","width":640,"height":177,"caption":"AFPRO"},"image":{"@id":"https:\/\/www.afprofilters.com\/pl\/#\/schema\/logo\/image\/"}}]}},"_links":{"self":[{"href":"https:\/\/www.afprofilters.com\/pl\/wp-json\/wp\/v2\/product\/22503","targetHints":{"allow":["GET"]}}],"collection":[{"href":"https:\/\/www.afprofilters.com\/pl\/wp-json\/wp\/v2\/product"}],"about":[{"href":"https:\/\/www.afprofilters.com\/pl\/wp-json\/wp\/v2\/types\/product"}],"wp:featuredmedia":[{"embeddable":true,"href":"https:\/\/www.afprofilters.com\/pl\/wp-json\/wp\/v2\/media\/22516"}],"wp:attachment":[{"href":"https:\/\/www.afprofilters.com\/pl\/wp-json\/wp\/v2\/media?parent=22503"}],"wp:term":[{"taxonomy":"product_category","embeddable":true,"href":"https:\/\/www.afprofilters.com\/pl\/wp-json\/wp\/v2\/product_category?post=22503"}],"curies":[{"name":"wp","href":"https:\/\/api.w.org\/{rel}","templated":true}]}}