{"id":6057,"date":"2017-05-12T12:20:19","date_gmt":"2017-05-12T12:20:19","guid":{"rendered":"https:\/\/www.afprofilters.com\/?page_id=6057"},"modified":"2021-02-25T16:40:18","modified_gmt":"2021-02-25T16:40:18","slug":"ochrona-przed-pm1","status":"publish","type":"page","link":"https:\/\/www.afprofilters.com\/pl\/ekspertyza\/ochrona-przed-pm1\/","title":{"rendered":"Ochrona przed PM1"},"content":{"rendered":"<h2><strong>PM1: najbardziej niebezpieczny rodzaj py\u0142u zawieszonego<\/strong><strong> ze wzgl\u0119du na wielko\u015b\u0107 cz\u0105steczki<\/strong><\/h2>\n<p>\u015awiatowa Organizacja Zdrowia (WHO) wyda\u0142a ostrze\u017cenie o \u015bmiertelnie niebezpiecznym poziomie zanieczyszczenia powietrza w wielu najwi\u0119kszych miastach \u015bwiata. Ponad 80% ludzi mieszkaj\u0105cych w\u00a0miastach, w\u00a0kt\u00f3rych monitoruje si\u0119 jako\u015b\u0107 powietrza, oddycha powietrzem, w\u00a0kt\u00f3rym poziom zanieczyszcze\u0144 przekracza limity dopuszczalne przez WHO. Problem ten dotyczy wszystkich region\u00f3w \u015bwiata, ale w\u00a0najwi\u0119kszym stopniu dotyka ludno\u015b\u0107 zamieszkuj\u0105c\u0105 w\u00a0miastach o\u00a0najni\u017cszych dochodach.<\/p>\n<h2><strong>\u015awiatowe trendy zanieczyszczenia powietrza w\u00a0miastach<\/strong><\/h2>\n<p>WHO przeprowadzi\u0142a por\u00f3wnanie 795 miast w\u00a067 pa\u0144stwach, sprawdzaj\u0105c st\u0119\u017cenia py\u0142u\u00a0 zawieszonego (cz\u0105stek sta\u0142ych PM<sub>10<\/sub>\u00a0i PM<sub>2.5<\/sub>) w\u00a0pi\u0119cioletnim okresie 2008-2013.\u00a0 Cz\u0105stki sta\u0142e PM<sub>10<\/sub>\u00a0i PM<sub>2.5<\/sub>\u00a0zawieraj\u0105 takie zanieczyszczenia jak siarczany, azotany i\u00a0sadze, kt\u00f3re wnikaj\u0105c g\u0142\u0119boko do p\u0142uc i\u00a0uk\u0142adu sercowo-naczyniowego, stanowi\u0105 bardzo powa\u017cne zagro\u017cenie dla zdrowia ludzi. Zebrane dane przeanalizowano w\u00a0celu okre\u015blenia trend\u00f3w regionalnych.<\/p>\n<p>Podczas obrad \u015awiatowego Zgromadzenia Zdrowia w\u00a0dniach 24-30 maja br. przedstawiciele pa\u0144stw cz\u0142onkowskich b\u0119d\u0105 omawia\u0107 \u201emap\u0119 drogow\u0105\u201d na rzecz wzmocnienia \u015bwiatowej reakcji na skutki zdrowotne spowodowane zanieczyszczeniem powietrza.<\/p>\n<h2><strong>Py\u0142 zawieszony<\/strong><\/h2>\n<p>Terminu \u201epy\u0142 zawieszony\u201d u\u017cywa si\u0119 w celu opisania rozmaitych drobnych cz\u0105stek pochodz\u0105cych z takich \u017ar\u00f3de\u0142, jak uk\u0142ady wydechowe pojazd\u00f3w i indywidualne systemy grzewcze w domach. Cz\u0105stki te oddzia\u0142uj\u0105 na p\u0142uca. Nara\u017cenie d\u0142ugookresowe i w okresie maksymalnych st\u0119\u017ce\u0144 mo\u017ce mie\u0107 r\u00f3\u017cne skutki dla zdrowia, od niewielkiego podra\u017cnienia dr\u00f3g oddechowych po przedwczesn\u0105 \u015bmier\u0107.<\/p>\n<p>Py\u0142y zawieszone w powietrzu dzieli si\u0119 ze wzgl\u0119du na ich wielko\u015b\u0107. Podzia\u0142em podstawowym jest podzia\u0142 na cz\u0105steczki o wielko\u015bci do 10 \u00b5m (PM10) oraz na cz\u0105steczki o wielko\u015bci do 2,5 \u00b5m (PM2,5). Oznaczenie PM oznacza cz\u0105steczk\u0119 sta\u0142\u0105 (Particulate Matter).<\/p>\n<p><strong>PM10<\/strong>: S\u0105 to cz\u0105stki o \u015brednicy aerodynamicznej poni\u017cej 10 mikrometr\u00f3w. Cz\u0105stki te s\u0105 cz\u0119sto okre\u015blane jako &#8222;py\u0142 zgrubny&#8221; i sk\u0142adaj\u0105 si\u0119 z materia\u0142\u00f3w u\u017cywanych w drogownictwie i przemy\u015ble, a tak\u017ce cz\u0105stek powsta\u0142ych w wyniku spalania. W zale\u017cno\u015bci od ich wielko\u015bci, cz\u0105stki pozostaj\u0105 w p\u0142ucach.<\/p>\n<p><strong>PM2.5<\/strong>: Cz\u0105stki o \u015brednicy aerodynamicznej poni\u017cej 2,5 mikrometra. Cz\u0105stki te zawieraj\u0105 wt\u00f3rne aerozole i cz\u0105stki spalania. Drobne cz\u0105stki mog\u0105 dociera\u0107 do p\u0119cherzyk\u00f3w p\u0142ucnych.<\/p>\n<p><strong>PM1<\/strong>: Ultradrobne cz\u0105stki o \u015brednicy aerodynamicznej poni\u017cej 1 mikrometra. Ultra drobny py\u0142 jest najbardziej niszcz\u0105cym wariantem drobnych cz\u0105stek, poniewa\u017c przenikaj\u0105 one przez p\u0142uca bezpo\u015brednio do krwiobiegu i rozprzestrzeniaj\u0105 si\u0119 do narz\u0105d\u00f3w.<\/p>\n<p><iframe loading=\"lazy\" title=\"AFPRO Filters What is Particulate matter? Particulate matter air filter that save energy and money .\" width=\"500\" height=\"281\" src=\"https:\/\/www.youtube.com\/embed\/yO5tq6vDjVw?feature=oembed\" frameborder=\"0\" allow=\"accelerometer; autoplay; clipboard-write; encrypted-media; gyroscope; picture-in-picture; web-share\" referrerpolicy=\"strict-origin-when-cross-origin\" allowfullscreen><\/iframe><\/p>\n<h2><strong>Ochrona przed PM1<\/strong><\/h2>\n<p>Je\u015bli powietrze zewn\u0119trzne nie b\u0119dzie odpowiednio filtrowane, wiele niebezpiecznych cz\u0105stek znajdzie drog\u0119 do naszego uk\u0142adu sercowo-naczyniowego. W po\u0142\u0105czeniu z ju\u017c obecnymi cz\u0105stkami w powietrzu wewn\u0119trznym, jako\u015b\u0107 powietrza w budynku (IAQ) spadnie do tak niezdrowego poziomu, \u017ce r\u00f3wnie dobrze mo\u017cna by przenie\u015b\u0107 biurko na zewn\u0105trz: jako\u015b\u0107 powietrza zewn\u0119trznego w wi\u0119kszo\u015bci przypadk\u00f3w okazuje si\u0119 by\u0107 lepsza.<\/p>\n<p>AFPRO Filters oferuje maksymaln\u0105 ochron\u0119 przeciwko cz\u0105stkom PM1 i innym formom py\u0142u zawieszonego przy u\u017cyciu energooszcz\u0119dnych, <u>certyfikowanych zgodnie z ISO16890<\/u>, filtr\u00f3w powietrza.<\/p>\n<h2><strong>Wp\u0142yw py\u0142u zawieszonego na ludzki organizm<\/strong><\/h2>\n<p>Do zewn\u0119trznych obszar\u00f3w naszego uk\u0142adu oddechowego docieraj\u0105 jedynie drobne cz\u0105stki: PM1. Maj\u0105 one rozmiar oko\u0142o 0,01-1 mikrometra. Czy cz\u0105stki te pozostan\u0105 w organizmie, zale\u017cy od ich wielko\u015bci i tego, czy mog\u0105 przej\u015b\u0107 przez \u015bciany naszych dr\u00f3g oddechowych.<\/p>\n<p>Poszczeg\u00f3lne kategorie py\u0142u zawieszonego nie przenikaj\u0105 w r\u00f3wnym stopniu w g\u0142\u0105b ludzkiego cia\u0142a. Poni\u017csza infografika obrazuje poziom penetracji przez wszystkie kategorie cz\u0105stek sta\u0142ych.<\/p>\n<p>&nbsp;<\/p>\n<p><img loading=\"lazy\" decoding=\"async\" class=\"alignnone wp-image-15945\" src=\"https:\/\/www.afprofilters.com\/wp-content\/uploads\/\/2019\/10\/191003_Penetration-particulate-matter-inside-the-body.jpg\" alt=\"\" width=\"1000\" height=\"726\" srcset=\"https:\/\/www.afprofilters.com\/wp-content\/uploads\/2019\/10\/191003_Penetration-particulate-matter-inside-the-body.jpg 3751w, https:\/\/www.afprofilters.com\/wp-content\/uploads\/2019\/10\/191003_Penetration-particulate-matter-inside-the-body-300x218.jpg 300w, https:\/\/www.afprofilters.com\/wp-content\/uploads\/2019\/10\/191003_Penetration-particulate-matter-inside-the-body-768x558.jpg 768w, https:\/\/www.afprofilters.com\/wp-content\/uploads\/2019\/10\/191003_Penetration-particulate-matter-inside-the-body-1024x744.jpg 1024w, https:\/\/www.afprofilters.com\/wp-content\/uploads\/2019\/10\/191003_Penetration-particulate-matter-inside-the-body-1080x784.jpg 1080w\" sizes=\"auto, (max-width: 1000px) 100vw, 1000px\" \/><\/p>\n<p>&nbsp;<\/p>\n<h2>Znaczenie czystego powietrza<\/h2>\n<p>Kiedy bierzemy oddech, powietrze przez nasze usta lub nos przedostaje si\u0119 do tchawicy. Tchawica to spr\u0119\u017cysta tuba, w kt\u00f3rej umieszczone s\u0105 chrz\u0105stki tchawiczne, dzi\u0119ki czemu utrzymany jest przep\u0142yw powietrza do p\u0142uc. Rozga\u0142\u0119zia si\u0119 ona na dwie cz\u0119\u015bci, zwane oskrzelami.\u00a0 Na ko\u0144cu oskrzelik\u00f3w znajduj\u0105 si\u0119 p\u0119cherzyki p\u0142ucne, z kt\u00f3rych tlen dostarczany jest do krwi.<\/p>\n<p>Je\u017celi powietrze jest zanieczyszczone, szkodliwe cz\u0105stki przedostaj\u0105 si\u0119 z tlenem do oskrzeli i dalej do krwioobiegu. Mo\u017ce to prowadzi\u0107 do chor\u00f3b uk\u0142adu sercowo-naczyniowego i innych powa\u017cnych zagro\u017ce\u0144 dla zdrowia.<\/p>\n<p>Tekst powsta\u0142 w oparciu o teksty \u017ar\u00f3d\u0142owe: Raport zawiera informacje o\u00a0jako\u015bci powietrza z\u00a0154 miast w\u00a0Polskich.<\/p>\n<p><strong>Linki: <\/strong>Baza danych wraz z\u00a0podsumowaniem wynik\u00f3w, opisem metodologii wykorzystywanej do zbudowania bazy danych oraz grupy pa\u0144stw pogrupowane przez WHO znajduj\u0105 si\u0119 na stronach: <a href=\"http:\/\/www.who.int\/phe\">www.who.int\/phe<\/a>\u00a0 oraz <a href=\"http:\/\/www.who.int\/phe\/health_topics\/outdoorair\/databases\/cities\/en\/\">http:\/\/www.who.int\/phe\/health_topics\/outdoorair\/databases\/cities\/en\/<\/a><\/p>\n<p>&nbsp;<\/p>\n<p><a class=\"btn btn-default\" href=\"https:\/\/www.afprofilters.pl\/kontakt\/\" target=\"_blank\" rel=\"noopener noreferrer\"> Kontakt<\/a><\/p>\n","protected":false},"excerpt":{"rendered":"<p>PM1: najbardziej niebezpieczny rodzaj py\u0142u zawieszonego ze wzgl\u0119du na wielko\u015b\u0107 cz\u0105steczki \u015awiatowa Organizacja Zdrowia (WHO) wyda\u0142a ostrze\u017cenie o \u015bmiertelnie niebezpiecznym poziomie zanieczyszczenia powietrza w wielu najwi\u0119kszych miastach \u015bwiata. Ponad 80% ludzi mieszkaj\u0105cych w\u00a0miastach, w\u00a0kt\u00f3rych monitoruje si\u0119 jako\u015b\u0107 powietrza, oddycha powietrzem, w\u00a0kt\u00f3rym poziom zanieczyszcze\u0144 przekracza limity dopuszczalne przez WHO. Problem ten dotyczy wszystkich region\u00f3w \u015bwiata, ale [&hellip;]<\/p>\n","protected":false},"author":2,"featured_media":0,"parent":2697,"menu_order":0,"comment_status":"closed","ping_status":"closed","template":"","meta":{"_acf_changed":false,"footnotes":""},"class_list":["post-6057","page","type-page","status-publish","hentry"],"acf":[],"yoast_head":"<!-- This site is optimized with the Yoast SEO plugin v27.3 - https:\/\/yoast.com\/product\/yoast-seo-wordpress\/ -->\n<title>Ochrona przed PM1 - AFPRO<\/title>\n<meta name=\"robots\" content=\"index, follow, max-snippet:-1, max-image-preview:large, max-video-preview:-1\" \/>\n<link rel=\"canonical\" href=\"https:\/\/www.afprofilters.com\/pl\/ekspertyza\/ochrona-przed-pm1\/\" \/>\n<meta property=\"og:locale\" content=\"pl_PL\" \/>\n<meta property=\"og:type\" content=\"article\" \/>\n<meta property=\"og:title\" content=\"Ochrona przed PM1 - AFPRO\" \/>\n<meta property=\"og:description\" content=\"PM1: najbardziej niebezpieczny rodzaj py\u0142u zawieszonego ze wzgl\u0119du na wielko\u015b\u0107 cz\u0105steczki \u015awiatowa Organizacja Zdrowia (WHO) wyda\u0142a ostrze\u017cenie o \u015bmiertelnie niebezpiecznym poziomie zanieczyszczenia powietrza w wielu najwi\u0119kszych miastach \u015bwiata. Ponad 80% ludzi mieszkaj\u0105cych w\u00a0miastach, w\u00a0kt\u00f3rych monitoruje si\u0119 jako\u015b\u0107 powietrza, oddycha powietrzem, w\u00a0kt\u00f3rym poziom zanieczyszcze\u0144 przekracza limity dopuszczalne przez WHO. Problem ten dotyczy wszystkich region\u00f3w \u015bwiata, ale [&hellip;]\" \/>\n<meta property=\"og:url\" content=\"https:\/\/www.afprofilters.com\/pl\/ekspertyza\/ochrona-przed-pm1\/\" \/>\n<meta property=\"og:site_name\" content=\"AFPRO\" \/>\n<meta property=\"article:modified_time\" content=\"2021-02-25T16:40:18+00:00\" \/>\n<meta property=\"og:image\" content=\"https:\/\/www.afprofilters.com\/wp-content\/uploads\/\/2019\/10\/191003_Penetration-particulate-matter-inside-the-body.jpg\" \/>\n<meta name=\"twitter:card\" content=\"summary_large_image\" \/>\n<meta name=\"twitter:label1\" content=\"Szacowany czas czytania\" \/>\n\t<meta name=\"twitter:data1\" content=\"3 minuty\" \/>\n<script type=\"application\/ld+json\" class=\"yoast-schema-graph\">{\"@context\":\"https:\\\/\\\/schema.org\",\"@graph\":[{\"@type\":\"WebPage\",\"@id\":\"https:\\\/\\\/www.afprofilters.com\\\/pl\\\/ekspertyza\\\/ochrona-przed-pm1\\\/\",\"url\":\"https:\\\/\\\/www.afprofilters.com\\\/pl\\\/ekspertyza\\\/ochrona-przed-pm1\\\/\",\"name\":\"Ochrona przed PM1 - AFPRO\",\"isPartOf\":{\"@id\":\"https:\\\/\\\/www.afprofilters.com\\\/pl\\\/#website\"},\"primaryImageOfPage\":{\"@id\":\"https:\\\/\\\/www.afprofilters.com\\\/pl\\\/ekspertyza\\\/ochrona-przed-pm1\\\/#primaryimage\"},\"image\":{\"@id\":\"https:\\\/\\\/www.afprofilters.com\\\/pl\\\/ekspertyza\\\/ochrona-przed-pm1\\\/#primaryimage\"},\"thumbnailUrl\":\"https:\\\/\\\/www.afprofilters.com\\\/wp-content\\\/uploads\\\/\\\/2019\\\/10\\\/191003_Penetration-particulate-matter-inside-the-body.jpg\",\"datePublished\":\"2017-05-12T12:20:19+00:00\",\"dateModified\":\"2021-02-25T16:40:18+00:00\",\"breadcrumb\":{\"@id\":\"https:\\\/\\\/www.afprofilters.com\\\/pl\\\/ekspertyza\\\/ochrona-przed-pm1\\\/#breadcrumb\"},\"inLanguage\":\"pl-PL\",\"potentialAction\":[{\"@type\":\"ReadAction\",\"target\":[\"https:\\\/\\\/www.afprofilters.com\\\/pl\\\/ekspertyza\\\/ochrona-przed-pm1\\\/\"]}]},{\"@type\":\"ImageObject\",\"inLanguage\":\"pl-PL\",\"@id\":\"https:\\\/\\\/www.afprofilters.com\\\/pl\\\/ekspertyza\\\/ochrona-przed-pm1\\\/#primaryimage\",\"url\":\"https:\\\/\\\/www.afprofilters.com\\\/wp-content\\\/uploads\\\/\\\/2019\\\/10\\\/191003_Penetration-particulate-matter-inside-the-body.jpg\",\"contentUrl\":\"https:\\\/\\\/www.afprofilters.com\\\/wp-content\\\/uploads\\\/\\\/2019\\\/10\\\/191003_Penetration-particulate-matter-inside-the-body.jpg\"},{\"@type\":\"BreadcrumbList\",\"@id\":\"https:\\\/\\\/www.afprofilters.com\\\/pl\\\/ekspertyza\\\/ochrona-przed-pm1\\\/#breadcrumb\",\"itemListElement\":[{\"@type\":\"ListItem\",\"position\":1,\"name\":\"\",\"item\":\"https:\\\/\\\/www.afprofilters.com\\\/pl\\\/\"},{\"@type\":\"ListItem\",\"position\":2,\"name\":\"Ekspertyza\",\"item\":\"https:\\\/\\\/www.afprofilters.com\\\/pl\\\/ekspertyza\\\/\"},{\"@type\":\"ListItem\",\"position\":3,\"name\":\"Ochrona przed PM1\"}]},{\"@type\":\"WebSite\",\"@id\":\"https:\\\/\\\/www.afprofilters.com\\\/pl\\\/#website\",\"url\":\"https:\\\/\\\/www.afprofilters.com\\\/pl\\\/\",\"name\":\"AFPRO\",\"description\":\"AFPRO Filters\",\"publisher\":{\"@id\":\"https:\\\/\\\/www.afprofilters.com\\\/pl\\\/#organization\"},\"potentialAction\":[{\"@type\":\"SearchAction\",\"target\":{\"@type\":\"EntryPoint\",\"urlTemplate\":\"https:\\\/\\\/www.afprofilters.com\\\/pl\\\/?s={search_term_string}\"},\"query-input\":{\"@type\":\"PropertyValueSpecification\",\"valueRequired\":true,\"valueName\":\"search_term_string\"}}],\"inLanguage\":\"pl-PL\"},{\"@type\":\"Organization\",\"@id\":\"https:\\\/\\\/www.afprofilters.com\\\/pl\\\/#organization\",\"name\":\"AFPRO\",\"url\":\"https:\\\/\\\/www.afprofilters.com\\\/pl\\\/\",\"logo\":{\"@type\":\"ImageObject\",\"inLanguage\":\"pl-PL\",\"@id\":\"https:\\\/\\\/www.afprofilters.com\\\/pl\\\/#\\\/schema\\\/logo\\\/image\\\/\",\"url\":\"https:\\\/\\\/www.afprofilters.com\\\/wp-content\\\/uploads\\\/2021\\\/05\\\/AFPRO-logo.png\",\"contentUrl\":\"https:\\\/\\\/www.afprofilters.com\\\/wp-content\\\/uploads\\\/2021\\\/05\\\/AFPRO-logo.png\",\"width\":640,\"height\":177,\"caption\":\"AFPRO\"},\"image\":{\"@id\":\"https:\\\/\\\/www.afprofilters.com\\\/pl\\\/#\\\/schema\\\/logo\\\/image\\\/\"}}]}<\/script>\n<!-- \/ Yoast SEO plugin. -->","yoast_head_json":{"title":"Ochrona przed PM1 - AFPRO","robots":{"index":"index","follow":"follow","max-snippet":"max-snippet:-1","max-image-preview":"max-image-preview:large","max-video-preview":"max-video-preview:-1"},"canonical":"https:\/\/www.afprofilters.com\/pl\/ekspertyza\/ochrona-przed-pm1\/","og_locale":"pl_PL","og_type":"article","og_title":"Ochrona przed PM1 - AFPRO","og_description":"PM1: najbardziej niebezpieczny rodzaj py\u0142u zawieszonego ze wzgl\u0119du na wielko\u015b\u0107 cz\u0105steczki \u015awiatowa Organizacja Zdrowia (WHO) wyda\u0142a ostrze\u017cenie o \u015bmiertelnie niebezpiecznym poziomie zanieczyszczenia powietrza w wielu najwi\u0119kszych miastach \u015bwiata. Ponad 80% ludzi mieszkaj\u0105cych w\u00a0miastach, w\u00a0kt\u00f3rych monitoruje si\u0119 jako\u015b\u0107 powietrza, oddycha powietrzem, w\u00a0kt\u00f3rym poziom zanieczyszcze\u0144 przekracza limity dopuszczalne przez WHO. Problem ten dotyczy wszystkich region\u00f3w \u015bwiata, ale [&hellip;]","og_url":"https:\/\/www.afprofilters.com\/pl\/ekspertyza\/ochrona-przed-pm1\/","og_site_name":"AFPRO","article_modified_time":"2021-02-25T16:40:18+00:00","og_image":[{"url":"https:\/\/www.afprofilters.com\/wp-content\/uploads\/\/2019\/10\/191003_Penetration-particulate-matter-inside-the-body.jpg","type":"","width":"","height":""}],"twitter_card":"summary_large_image","twitter_misc":{"Szacowany czas czytania":"3 minuty"},"schema":{"@context":"https:\/\/schema.org","@graph":[{"@type":"WebPage","@id":"https:\/\/www.afprofilters.com\/pl\/ekspertyza\/ochrona-przed-pm1\/","url":"https:\/\/www.afprofilters.com\/pl\/ekspertyza\/ochrona-przed-pm1\/","name":"Ochrona przed PM1 - AFPRO","isPartOf":{"@id":"https:\/\/www.afprofilters.com\/pl\/#website"},"primaryImageOfPage":{"@id":"https:\/\/www.afprofilters.com\/pl\/ekspertyza\/ochrona-przed-pm1\/#primaryimage"},"image":{"@id":"https:\/\/www.afprofilters.com\/pl\/ekspertyza\/ochrona-przed-pm1\/#primaryimage"},"thumbnailUrl":"https:\/\/www.afprofilters.com\/wp-content\/uploads\/\/2019\/10\/191003_Penetration-particulate-matter-inside-the-body.jpg","datePublished":"2017-05-12T12:20:19+00:00","dateModified":"2021-02-25T16:40:18+00:00","breadcrumb":{"@id":"https:\/\/www.afprofilters.com\/pl\/ekspertyza\/ochrona-przed-pm1\/#breadcrumb"},"inLanguage":"pl-PL","potentialAction":[{"@type":"ReadAction","target":["https:\/\/www.afprofilters.com\/pl\/ekspertyza\/ochrona-przed-pm1\/"]}]},{"@type":"ImageObject","inLanguage":"pl-PL","@id":"https:\/\/www.afprofilters.com\/pl\/ekspertyza\/ochrona-przed-pm1\/#primaryimage","url":"https:\/\/www.afprofilters.com\/wp-content\/uploads\/\/2019\/10\/191003_Penetration-particulate-matter-inside-the-body.jpg","contentUrl":"https:\/\/www.afprofilters.com\/wp-content\/uploads\/\/2019\/10\/191003_Penetration-particulate-matter-inside-the-body.jpg"},{"@type":"BreadcrumbList","@id":"https:\/\/www.afprofilters.com\/pl\/ekspertyza\/ochrona-przed-pm1\/#breadcrumb","itemListElement":[{"@type":"ListItem","position":1,"name":"","item":"https:\/\/www.afprofilters.com\/pl\/"},{"@type":"ListItem","position":2,"name":"Ekspertyza","item":"https:\/\/www.afprofilters.com\/pl\/ekspertyza\/"},{"@type":"ListItem","position":3,"name":"Ochrona przed PM1"}]},{"@type":"WebSite","@id":"https:\/\/www.afprofilters.com\/pl\/#website","url":"https:\/\/www.afprofilters.com\/pl\/","name":"AFPRO","description":"AFPRO Filters","publisher":{"@id":"https:\/\/www.afprofilters.com\/pl\/#organization"},"potentialAction":[{"@type":"SearchAction","target":{"@type":"EntryPoint","urlTemplate":"https:\/\/www.afprofilters.com\/pl\/?s={search_term_string}"},"query-input":{"@type":"PropertyValueSpecification","valueRequired":true,"valueName":"search_term_string"}}],"inLanguage":"pl-PL"},{"@type":"Organization","@id":"https:\/\/www.afprofilters.com\/pl\/#organization","name":"AFPRO","url":"https:\/\/www.afprofilters.com\/pl\/","logo":{"@type":"ImageObject","inLanguage":"pl-PL","@id":"https:\/\/www.afprofilters.com\/pl\/#\/schema\/logo\/image\/","url":"https:\/\/www.afprofilters.com\/wp-content\/uploads\/2021\/05\/AFPRO-logo.png","contentUrl":"https:\/\/www.afprofilters.com\/wp-content\/uploads\/2021\/05\/AFPRO-logo.png","width":640,"height":177,"caption":"AFPRO"},"image":{"@id":"https:\/\/www.afprofilters.com\/pl\/#\/schema\/logo\/image\/"}}]}},"_links":{"self":[{"href":"https:\/\/www.afprofilters.com\/pl\/wp-json\/wp\/v2\/pages\/6057","targetHints":{"allow":["GET"]}}],"collection":[{"href":"https:\/\/www.afprofilters.com\/pl\/wp-json\/wp\/v2\/pages"}],"about":[{"href":"https:\/\/www.afprofilters.com\/pl\/wp-json\/wp\/v2\/types\/page"}],"author":[{"embeddable":true,"href":"https:\/\/www.afprofilters.com\/pl\/wp-json\/wp\/v2\/users\/2"}],"replies":[{"embeddable":true,"href":"https:\/\/www.afprofilters.com\/pl\/wp-json\/wp\/v2\/comments?post=6057"}],"version-history":[{"count":0,"href":"https:\/\/www.afprofilters.com\/pl\/wp-json\/wp\/v2\/pages\/6057\/revisions"}],"up":[{"embeddable":true,"href":"https:\/\/www.afprofilters.com\/pl\/wp-json\/wp\/v2\/pages\/2697"}],"wp:attachment":[{"href":"https:\/\/www.afprofilters.com\/pl\/wp-json\/wp\/v2\/media?parent=6057"}],"curies":[{"name":"wp","href":"https:\/\/api.w.org\/{rel}","templated":true}]}}