{"id":31321,"date":"2022-05-30T11:59:02","date_gmt":"2022-05-30T11:59:02","guid":{"rendered":"https:\/\/www.afprofilters.com\/?page_id=31321"},"modified":"2024-06-06T10:18:42","modified_gmt":"2024-06-06T10:18:42","slug":"careers-overview-pl","status":"publish","type":"page","link":"https:\/\/www.afprofilters.com\/pl\/careers-overview-pl\/","title":{"rendered":"Kariera"},"content":{"rendered":"\n<p>AFPRO Filters \u2013 jeste\u015bmy cz\u0142onkiem \u015bwiatowej korporacji Filtration Group, w sk\u0142ad kt\u00f3rej wchodz\u0105 czo\u0142owi liderzy mi\u0119dzynarodowego rynku filtracji powietrza. Uwa\u017camy, \u017ce ka\u017cdy ma prawo do czystego powietrza, dlatego te\u017c naszym g\u0142\u00f3wnym celem jest osi\u0105gni\u0119cie zdrowego \u015brodowiska \u017cycia.<\/p>\n\n\n\n<p>W swoich szeregach zatrudniamy zesp\u00f3\u0142 wykwalifikowanych specjalist\u00f3w i sympatyk\u00f3w temat\u00f3w zwi\u0105zanych z funkcjonowaniem w eko \u2013 \u015bwiecie. Dlatego te\u017c ch\u0119tnie otwieramy si\u0119 na nowe osoby, dla kt\u00f3rych dzia\u0142anie na rzecz zdrowego klimatu, pog\u0142\u0119bianie wiedzy w tym zakresie oraz wykonywanie pracy zawodowej mog\u0105 dalej p\u00f3j\u015b\u0107 w parze!<\/p>\n\n\n\n<p>Dlaczego warto u nas pracowa\u0107?<\/p>\n\n\n\n<p><strong>Oferujemy:<\/strong><\/p>\n\n\n\n<ul class=\"wp-block-list\">\n<li>Prac\u0119 w profesjonalnym, przyjaznym zespole w stabilnej, mi\u0119dzynarodowej korporacji<\/li>\n\n\n\n<li>Atrakcyjne wynagrodzenie adekwatne do posiadanych kwalifikacji i zakresu obowi\u0105zk\u00f3w<\/li>\n\n\n\n<li>Mo\u017cliwo\u015b\u0107 rozwoju oraz awansu<\/li>\n\n\n\n<li>Pakiety ubezpiecze\u0144 na \u017cycie dla siebie i cz\u0142onk\u00f3w rodziny w korzystnych wariantach<\/li>\n\n\n\n<li>Uczestnictwo w ciekawych projektach integracyjnych tworzonych z my\u015bl\u0105 o pracownikach firmy<\/li>\n\n\n\n<li>Mo\u017cliwo\u015b\u0107 doskonalenia umiej\u0119tno\u015bci oraz poszerzania wiedzy poprzez uczestnictwo w szkoleniach wewn\u0119trznych i zewn\u0119trznych<\/li>\n\n\n\n<li>Mo\u017cliwo\u015b\u0107 doskonalenia j\u0119zyka angielskiego poprzez uczestnictwo w kursach organizowanych w siedzibie pracodawcy<\/li>\n<\/ul>\n\n\n\n<p>Nie znalaz\u0142e\u015b oferty, kt\u00f3ra Ciebie interesuje? Wy\u015blij nam swoje CV na <a href=\"mailto:hrpl@afprofilters.com\">hrpl@afprofilters.com<\/a> . <\/p>\n\n\n\n<p>Pami\u0119taj \u017ceby w CV umie\u015bci\u0107 nast\u0119puj\u0105c\u0105 klauzul\u0119 <em>&#8222;Wyra\u017cam zgod\u0119 na przetwarzanie moich danych osobowych przez AFPRO Filters Sp. z o.o. w celu prowadzenia rekrutacji na aplikowane przeze mnie stanowisko&#8221;<\/em><\/p>\n\n\n\n<p><\/p>\n","protected":false},"excerpt":{"rendered":"<p>AFPRO Filters \u2013 jeste\u015bmy cz\u0142onkiem \u015bwiatowej korporacji Filtration Group, w sk\u0142ad kt\u00f3rej wchodz\u0105 czo\u0142owi liderzy mi\u0119dzynarodowego rynku filtracji powietrza. Uwa\u017camy, \u017ce ka\u017cdy ma prawo do czystego powietrza, dlatego te\u017c naszym g\u0142\u00f3wnym celem jest osi\u0105gni\u0119cie zdrowego \u015brodowiska \u017cycia. W swoich szeregach zatrudniamy zesp\u00f3\u0142 wykwalifikowanych specjalist\u00f3w i sympatyk\u00f3w temat\u00f3w zwi\u0105zanych z funkcjonowaniem w eko \u2013 \u015bwiecie. Dlatego [&hellip;]<\/p>\n","protected":false},"author":2,"featured_media":0,"parent":0,"menu_order":0,"comment_status":"closed","ping_status":"closed","template":"","meta":{"_acf_changed":false,"footnotes":""},"class_list":["post-31321","page","type-page","status-publish","hentry"],"acf":[],"yoast_head":"<!-- This site is optimized with the Yoast SEO plugin v27.3 - https:\/\/yoast.com\/product\/yoast-seo-wordpress\/ -->\n<title>Kariera - AFPRO<\/title>\n<meta name=\"robots\" content=\"index, follow, max-snippet:-1, max-image-preview:large, max-video-preview:-1\" \/>\n<link rel=\"canonical\" href=\"https:\/\/www.afprofilters.com\/pl\/careers-overview-pl\/\" \/>\n<meta property=\"og:locale\" content=\"pl_PL\" \/>\n<meta property=\"og:type\" content=\"article\" \/>\n<meta property=\"og:title\" content=\"Kariera - AFPRO\" \/>\n<meta property=\"og:description\" content=\"AFPRO Filters \u2013 jeste\u015bmy cz\u0142onkiem \u015bwiatowej korporacji Filtration Group, w sk\u0142ad kt\u00f3rej wchodz\u0105 czo\u0142owi liderzy mi\u0119dzynarodowego rynku filtracji powietrza. Uwa\u017camy, \u017ce ka\u017cdy ma prawo do czystego powietrza, dlatego te\u017c naszym g\u0142\u00f3wnym celem jest osi\u0105gni\u0119cie zdrowego \u015brodowiska \u017cycia. W swoich szeregach zatrudniamy zesp\u00f3\u0142 wykwalifikowanych specjalist\u00f3w i sympatyk\u00f3w temat\u00f3w zwi\u0105zanych z funkcjonowaniem w eko \u2013 \u015bwiecie. Dlatego [&hellip;]\" \/>\n<meta property=\"og:url\" content=\"https:\/\/www.afprofilters.com\/pl\/careers-overview-pl\/\" \/>\n<meta property=\"og:site_name\" content=\"AFPRO\" \/>\n<meta property=\"article:modified_time\" content=\"2024-06-06T10:18:42+00:00\" \/>\n<meta name=\"twitter:card\" content=\"summary_large_image\" \/>\n<meta name=\"twitter:label1\" content=\"Szacowany czas czytania\" \/>\n\t<meta name=\"twitter:data1\" content=\"1 minuta\" \/>\n<script type=\"application\/ld+json\" class=\"yoast-schema-graph\">{\"@context\":\"https:\\\/\\\/schema.org\",\"@graph\":[{\"@type\":\"WebPage\",\"@id\":\"https:\\\/\\\/www.afprofilters.com\\\/pl\\\/careers-overview-pl\\\/\",\"url\":\"https:\\\/\\\/www.afprofilters.com\\\/pl\\\/careers-overview-pl\\\/\",\"name\":\"Kariera - AFPRO\",\"isPartOf\":{\"@id\":\"https:\\\/\\\/www.afprofilters.com\\\/pl\\\/#website\"},\"datePublished\":\"2022-05-30T11:59:02+00:00\",\"dateModified\":\"2024-06-06T10:18:42+00:00\",\"breadcrumb\":{\"@id\":\"https:\\\/\\\/www.afprofilters.com\\\/pl\\\/careers-overview-pl\\\/#breadcrumb\"},\"inLanguage\":\"pl-PL\",\"potentialAction\":[{\"@type\":\"ReadAction\",\"target\":[\"https:\\\/\\\/www.afprofilters.com\\\/pl\\\/careers-overview-pl\\\/\"]}]},{\"@type\":\"BreadcrumbList\",\"@id\":\"https:\\\/\\\/www.afprofilters.com\\\/pl\\\/careers-overview-pl\\\/#breadcrumb\",\"itemListElement\":[{\"@type\":\"ListItem\",\"position\":1,\"name\":\"\",\"item\":\"https:\\\/\\\/www.afprofilters.com\\\/pl\\\/\"},{\"@type\":\"ListItem\",\"position\":2,\"name\":\"Kariera\"}]},{\"@type\":\"WebSite\",\"@id\":\"https:\\\/\\\/www.afprofilters.com\\\/pl\\\/#website\",\"url\":\"https:\\\/\\\/www.afprofilters.com\\\/pl\\\/\",\"name\":\"AFPRO\",\"description\":\"AFPRO Filters\",\"publisher\":{\"@id\":\"https:\\\/\\\/www.afprofilters.com\\\/pl\\\/#organization\"},\"potentialAction\":[{\"@type\":\"SearchAction\",\"target\":{\"@type\":\"EntryPoint\",\"urlTemplate\":\"https:\\\/\\\/www.afprofilters.com\\\/pl\\\/?s={search_term_string}\"},\"query-input\":{\"@type\":\"PropertyValueSpecification\",\"valueRequired\":true,\"valueName\":\"search_term_string\"}}],\"inLanguage\":\"pl-PL\"},{\"@type\":\"Organization\",\"@id\":\"https:\\\/\\\/www.afprofilters.com\\\/pl\\\/#organization\",\"name\":\"AFPRO\",\"url\":\"https:\\\/\\\/www.afprofilters.com\\\/pl\\\/\",\"logo\":{\"@type\":\"ImageObject\",\"inLanguage\":\"pl-PL\",\"@id\":\"https:\\\/\\\/www.afprofilters.com\\\/pl\\\/#\\\/schema\\\/logo\\\/image\\\/\",\"url\":\"https:\\\/\\\/www.afprofilters.com\\\/wp-content\\\/uploads\\\/2021\\\/05\\\/AFPRO-logo.png\",\"contentUrl\":\"https:\\\/\\\/www.afprofilters.com\\\/wp-content\\\/uploads\\\/2021\\\/05\\\/AFPRO-logo.png\",\"width\":640,\"height\":177,\"caption\":\"AFPRO\"},\"image\":{\"@id\":\"https:\\\/\\\/www.afprofilters.com\\\/pl\\\/#\\\/schema\\\/logo\\\/image\\\/\"}}]}<\/script>\n<!-- \/ Yoast SEO plugin. -->","yoast_head_json":{"title":"Kariera - AFPRO","robots":{"index":"index","follow":"follow","max-snippet":"max-snippet:-1","max-image-preview":"max-image-preview:large","max-video-preview":"max-video-preview:-1"},"canonical":"https:\/\/www.afprofilters.com\/pl\/careers-overview-pl\/","og_locale":"pl_PL","og_type":"article","og_title":"Kariera - AFPRO","og_description":"AFPRO Filters \u2013 jeste\u015bmy cz\u0142onkiem \u015bwiatowej korporacji Filtration Group, w sk\u0142ad kt\u00f3rej wchodz\u0105 czo\u0142owi liderzy mi\u0119dzynarodowego rynku filtracji powietrza. Uwa\u017camy, \u017ce ka\u017cdy ma prawo do czystego powietrza, dlatego te\u017c naszym g\u0142\u00f3wnym celem jest osi\u0105gni\u0119cie zdrowego \u015brodowiska \u017cycia. W swoich szeregach zatrudniamy zesp\u00f3\u0142 wykwalifikowanych specjalist\u00f3w i sympatyk\u00f3w temat\u00f3w zwi\u0105zanych z funkcjonowaniem w eko \u2013 \u015bwiecie. Dlatego [&hellip;]","og_url":"https:\/\/www.afprofilters.com\/pl\/careers-overview-pl\/","og_site_name":"AFPRO","article_modified_time":"2024-06-06T10:18:42+00:00","twitter_card":"summary_large_image","twitter_misc":{"Szacowany czas czytania":"1 minuta"},"schema":{"@context":"https:\/\/schema.org","@graph":[{"@type":"WebPage","@id":"https:\/\/www.afprofilters.com\/pl\/careers-overview-pl\/","url":"https:\/\/www.afprofilters.com\/pl\/careers-overview-pl\/","name":"Kariera - AFPRO","isPartOf":{"@id":"https:\/\/www.afprofilters.com\/pl\/#website"},"datePublished":"2022-05-30T11:59:02+00:00","dateModified":"2024-06-06T10:18:42+00:00","breadcrumb":{"@id":"https:\/\/www.afprofilters.com\/pl\/careers-overview-pl\/#breadcrumb"},"inLanguage":"pl-PL","potentialAction":[{"@type":"ReadAction","target":["https:\/\/www.afprofilters.com\/pl\/careers-overview-pl\/"]}]},{"@type":"BreadcrumbList","@id":"https:\/\/www.afprofilters.com\/pl\/careers-overview-pl\/#breadcrumb","itemListElement":[{"@type":"ListItem","position":1,"name":"","item":"https:\/\/www.afprofilters.com\/pl\/"},{"@type":"ListItem","position":2,"name":"Kariera"}]},{"@type":"WebSite","@id":"https:\/\/www.afprofilters.com\/pl\/#website","url":"https:\/\/www.afprofilters.com\/pl\/","name":"AFPRO","description":"AFPRO Filters","publisher":{"@id":"https:\/\/www.afprofilters.com\/pl\/#organization"},"potentialAction":[{"@type":"SearchAction","target":{"@type":"EntryPoint","urlTemplate":"https:\/\/www.afprofilters.com\/pl\/?s={search_term_string}"},"query-input":{"@type":"PropertyValueSpecification","valueRequired":true,"valueName":"search_term_string"}}],"inLanguage":"pl-PL"},{"@type":"Organization","@id":"https:\/\/www.afprofilters.com\/pl\/#organization","name":"AFPRO","url":"https:\/\/www.afprofilters.com\/pl\/","logo":{"@type":"ImageObject","inLanguage":"pl-PL","@id":"https:\/\/www.afprofilters.com\/pl\/#\/schema\/logo\/image\/","url":"https:\/\/www.afprofilters.com\/wp-content\/uploads\/2021\/05\/AFPRO-logo.png","contentUrl":"https:\/\/www.afprofilters.com\/wp-content\/uploads\/2021\/05\/AFPRO-logo.png","width":640,"height":177,"caption":"AFPRO"},"image":{"@id":"https:\/\/www.afprofilters.com\/pl\/#\/schema\/logo\/image\/"}}]}},"_links":{"self":[{"href":"https:\/\/www.afprofilters.com\/pl\/wp-json\/wp\/v2\/pages\/31321","targetHints":{"allow":["GET"]}}],"collection":[{"href":"https:\/\/www.afprofilters.com\/pl\/wp-json\/wp\/v2\/pages"}],"about":[{"href":"https:\/\/www.afprofilters.com\/pl\/wp-json\/wp\/v2\/types\/page"}],"author":[{"embeddable":true,"href":"https:\/\/www.afprofilters.com\/pl\/wp-json\/wp\/v2\/users\/2"}],"replies":[{"embeddable":true,"href":"https:\/\/www.afprofilters.com\/pl\/wp-json\/wp\/v2\/comments?post=31321"}],"version-history":[{"count":0,"href":"https:\/\/www.afprofilters.com\/pl\/wp-json\/wp\/v2\/pages\/31321\/revisions"}],"wp:attachment":[{"href":"https:\/\/www.afprofilters.com\/pl\/wp-json\/wp\/v2\/media?parent=31321"}],"curies":[{"name":"wp","href":"https:\/\/api.w.org\/{rel}","templated":true}]}}