{"id":2709,"date":"2016-10-04T08:57:55","date_gmt":"2016-10-04T08:57:55","guid":{"rendered":"https:\/\/www.afprofilters.com\/?page_id=2709&#038;lang=pl"},"modified":"2019-07-29T14:15:00","modified_gmt":"2019-07-29T14:15:00","slug":"informacje-dotyczace-instalacji-i-wymiany","status":"publish","type":"page","link":"https:\/\/www.afprofilters.com\/pl\/ekspertyza\/informacje-dotyczace-instalacji-i-wymiany\/","title":{"rendered":"Informacje dotycz\u0105ce instalacji i wymiany"},"content":{"rendered":"<p><strong>Filtry powietrza oraz systemy nawiewne i wywiewne musz\u0105 zosta\u0107 w taki spos\u00f3b zaprojektowane i zainstalowane, by mo\u017cliwe by\u0142o przeprowadzanie regularnych kontroli i konserwacji. W celu zapewnienia optymalnego dzia\u0142ania pod wzgl\u0119dem technicznym i higienicznym, kontrol\u0119 nale\u017cy\u00a0przeprowadza\u0107 przy pomocy wewn\u0119trznych lub zewn\u0119trznych specjalist\u00f3w. W przypadku samodzielnego przeprowadzania kontroli nale\u017cy kierowa\u0107 si\u0119 tym, co przewiduj\u0105 normy EN 13779, VDI 6022-2 (2006) i VDI 3802(2002).<\/strong><\/p>\n<h2><strong>Poni\u017cej znajd\u0105 Pa\u0144stwo elementy, na kt\u00f3re nale\u017cy zwr\u00f3ci\u0107 szczeg\u00f3ln\u0105 uwag\u0119<\/strong><\/h2>\n<ul>\n<li>Pierwsza sekcja filtr\u00f3w musi zosta\u0107 zainstalowana mo\u017cliwie jak najbli\u017cej wlotu powietrza lub mieszalnika. Przy bardzo wysokim zapyleniu nale\u017cy umie\u015bci\u0107 dodatkow\u0105 sekcj\u0119 filtr\u00f3w dla wlotu powietrza z zewn\u0105trz.<\/li>\n<li>Druga sekcja filtr\u00f3w jest ostatnim elementem procesu uzdatniania powietrza. Je\u017celi wykorzystywane s\u0105 wentylatory nap\u0119dzane paskiem klinowym, zawsze musi zosta\u0107\u00a0zainstalowana druga sekcja filtr\u00f3w.<\/li>\n<li>W celu przeprowadzania wizualnej kontroli i wymiany element\u00f3w filtra dost\u0119p do sekcji filtr\u00f3w musi by\u0107 \u0142atwy.\u00a0Dla instalacji o d\u0142ugo\u015bci\u00a0od 1,3 m powinno zosta\u0107 zamontowane wewn\u0119trzne o\u015bwietlenie, a od 1,6 m zapewniony dwustronny dost\u0119p (z przodu i ty\u0142u filtra).<\/li>\n<li>Elementy filtruj\u0105ce musz\u0105 by\u0107 zainstalowane i wymieniane od strony zanieczyszczonego powietrza.<\/li>\n<li>Zagwarantowane\u00a0powinno by\u0107 uszczelnienie nieprzepuszczaj\u0105ce powietrza, zgodnie z norm\u0105 EN 1886. Nale\u017cy korzysta\u0107 wy\u0142\u0105cznie z ram filtr\u00f3w z uszczelkami o zamkni\u0119tych kom\u00f3rkach.<\/li>\n<li>Powietrze musi r\u00f3wnomiernie przep\u0142ywa\u0107 przez filtry, aby unikn\u0105\u0107 powstawania\u00a0spi\u0119trze\u0144 ci\u015bnienia i przeciwpr\u0105d\u00f3w.<\/li>\n<li>Przy filtrach kieszeniowych kieszenie musz\u0105 zosta\u0107 zainstalowane pionowo, by unikn\u0105\u0107 zanieczyszczenia i zawilgocenia spodu instalacji.<\/li>\n<li>Instalacja musi zosta\u0107 wyposa\u017cona w manometr r\u00f3\u017cnicowy oraz licznik roboczogodzin.<\/li>\n<li>W celu unikni\u0119cia zawilgocenia i porostu mikrobiologicznego, nale\u017cy zastosowa\u0107 urz\u0105dzenia do pomiaru wilgotno\u015bci wzgl\u0119dnej. R\u00f3wnie\u017c w drugiej sekcji wilgotno\u015b\u0107 wzgl\u0119dna musi wynosi\u0107 &lt; 90%.<\/li>\n<li>Dla obrotowych wymiennik\u00f3w ciep\u0142a i filtr\u00f3w w powietrzu powrotnym musi wykorzystywana by\u0107 ta sama klasa filtr\u00f3w, co w powietrzu wlotowym.<\/li>\n<li>Stan ko\u0144cowy sekcji filtr\u00f3w musi zosta\u0107 okre\u015blony na podstawie norm energetycznych (kosztu \u017cycia produktu &#8211; LCC i analizy cyklu \u017cycia &#8211; LCA)\u00a0oraz dost\u0119pnej wysoko\u015bci podnoszenia wentylatora.<\/li>\n<li>Ka\u017cda sekcja filtr\u00f3w winna posiada\u0107 na zewn\u0105trz wyra\u017ane oznaczenie:<br \/>\n\u2013 strumienia obj\u0119to\u015bci powietrza w systemie (nie filtrach)<br \/>\n\u2013 ilo\u015bci filtr\u00f3w<br \/>\n\u2013 klasy filtr\u00f3w<br \/>\n\u2013 wymiar\u00f3w filtr\u00f3w<br \/>\n\u2013 rekomendowanego stan ko\u0144cowego systemu (nie filtr\u00f3w)<\/li>\n<\/ul>\n<p>&nbsp;<\/p>\n<p><a class=\"btn btn-default\" href=\" https:\/\/www.afprofilters.pl\/kontakt\/ \" target=\"_blank\" rel=\"noopener noreferrer\"> Kontakt<\/a><\/p>\n","protected":false},"excerpt":{"rendered":"<p>Filtry powietrza oraz systemy nawiewne i wywiewne musz\u0105 zosta\u0107 w taki spos\u00f3b zaprojektowane i zainstalowane, by mo\u017cliwe by\u0142o przeprowadzanie regularnych kontroli i konserwacji. W celu zapewnienia optymalnego dzia\u0142ania pod wzgl\u0119dem technicznym i higienicznym, kontrol\u0119 nale\u017cy\u00a0przeprowadza\u0107 przy pomocy wewn\u0119trznych lub zewn\u0119trznych specjalist\u00f3w. W przypadku samodzielnego przeprowadzania kontroli nale\u017cy kierowa\u0107 si\u0119 tym, co przewiduj\u0105 normy EN 13779, [&hellip;]<\/p>\n","protected":false},"author":2,"featured_media":0,"parent":2697,"menu_order":0,"comment_status":"closed","ping_status":"closed","template":"","meta":{"_acf_changed":false,"footnotes":""},"class_list":["post-2709","page","type-page","status-publish","hentry"],"acf":[],"yoast_head":"<!-- This site is optimized with the Yoast SEO plugin v27.3 - https:\/\/yoast.com\/product\/yoast-seo-wordpress\/ -->\n<title>Informacje dotycz\u0105ce instalacji i wymiany - AFPRO<\/title>\n<meta name=\"robots\" content=\"index, follow, max-snippet:-1, max-image-preview:large, max-video-preview:-1\" \/>\n<link rel=\"canonical\" href=\"https:\/\/www.afprofilters.com\/pl\/ekspertyza\/informacje-dotyczace-instalacji-i-wymiany\/\" \/>\n<meta property=\"og:locale\" content=\"pl_PL\" \/>\n<meta property=\"og:type\" content=\"article\" \/>\n<meta property=\"og:title\" content=\"Informacje dotycz\u0105ce instalacji i wymiany - AFPRO\" \/>\n<meta property=\"og:description\" content=\"Filtry powietrza oraz systemy nawiewne i wywiewne musz\u0105 zosta\u0107 w taki spos\u00f3b zaprojektowane i zainstalowane, by mo\u017cliwe by\u0142o przeprowadzanie regularnych kontroli i konserwacji. W celu zapewnienia optymalnego dzia\u0142ania pod wzgl\u0119dem technicznym i higienicznym, kontrol\u0119 nale\u017cy\u00a0przeprowadza\u0107 przy pomocy wewn\u0119trznych lub zewn\u0119trznych specjalist\u00f3w. W przypadku samodzielnego przeprowadzania kontroli nale\u017cy kierowa\u0107 si\u0119 tym, co przewiduj\u0105 normy EN 13779, [&hellip;]\" \/>\n<meta property=\"og:url\" content=\"https:\/\/www.afprofilters.com\/pl\/ekspertyza\/informacje-dotyczace-instalacji-i-wymiany\/\" \/>\n<meta property=\"og:site_name\" content=\"AFPRO\" \/>\n<meta property=\"article:modified_time\" content=\"2019-07-29T14:15:00+00:00\" \/>\n<meta name=\"twitter:card\" content=\"summary_large_image\" \/>\n<meta name=\"twitter:label1\" content=\"Szacowany czas czytania\" \/>\n\t<meta name=\"twitter:data1\" content=\"2 minuty\" \/>\n<script type=\"application\/ld+json\" class=\"yoast-schema-graph\">{\"@context\":\"https:\\\/\\\/schema.org\",\"@graph\":[{\"@type\":\"WebPage\",\"@id\":\"https:\\\/\\\/www.afprofilters.com\\\/pl\\\/ekspertyza\\\/informacje-dotyczace-instalacji-i-wymiany\\\/\",\"url\":\"https:\\\/\\\/www.afprofilters.com\\\/pl\\\/ekspertyza\\\/informacje-dotyczace-instalacji-i-wymiany\\\/\",\"name\":\"Informacje dotycz\u0105ce instalacji i wymiany - AFPRO\",\"isPartOf\":{\"@id\":\"https:\\\/\\\/www.afprofilters.com\\\/pl\\\/#website\"},\"datePublished\":\"2016-10-04T08:57:55+00:00\",\"dateModified\":\"2019-07-29T14:15:00+00:00\",\"breadcrumb\":{\"@id\":\"https:\\\/\\\/www.afprofilters.com\\\/pl\\\/ekspertyza\\\/informacje-dotyczace-instalacji-i-wymiany\\\/#breadcrumb\"},\"inLanguage\":\"pl-PL\",\"potentialAction\":[{\"@type\":\"ReadAction\",\"target\":[\"https:\\\/\\\/www.afprofilters.com\\\/pl\\\/ekspertyza\\\/informacje-dotyczace-instalacji-i-wymiany\\\/\"]}]},{\"@type\":\"BreadcrumbList\",\"@id\":\"https:\\\/\\\/www.afprofilters.com\\\/pl\\\/ekspertyza\\\/informacje-dotyczace-instalacji-i-wymiany\\\/#breadcrumb\",\"itemListElement\":[{\"@type\":\"ListItem\",\"position\":1,\"name\":\"\",\"item\":\"https:\\\/\\\/www.afprofilters.com\\\/pl\\\/\"},{\"@type\":\"ListItem\",\"position\":2,\"name\":\"Ekspertyza\",\"item\":\"https:\\\/\\\/www.afprofilters.com\\\/pl\\\/ekspertyza\\\/\"},{\"@type\":\"ListItem\",\"position\":3,\"name\":\"Informacje dotycz\u0105ce instalacji i wymiany\"}]},{\"@type\":\"WebSite\",\"@id\":\"https:\\\/\\\/www.afprofilters.com\\\/pl\\\/#website\",\"url\":\"https:\\\/\\\/www.afprofilters.com\\\/pl\\\/\",\"name\":\"AFPRO\",\"description\":\"AFPRO Filters\",\"publisher\":{\"@id\":\"https:\\\/\\\/www.afprofilters.com\\\/pl\\\/#organization\"},\"potentialAction\":[{\"@type\":\"SearchAction\",\"target\":{\"@type\":\"EntryPoint\",\"urlTemplate\":\"https:\\\/\\\/www.afprofilters.com\\\/pl\\\/?s={search_term_string}\"},\"query-input\":{\"@type\":\"PropertyValueSpecification\",\"valueRequired\":true,\"valueName\":\"search_term_string\"}}],\"inLanguage\":\"pl-PL\"},{\"@type\":\"Organization\",\"@id\":\"https:\\\/\\\/www.afprofilters.com\\\/pl\\\/#organization\",\"name\":\"AFPRO\",\"url\":\"https:\\\/\\\/www.afprofilters.com\\\/pl\\\/\",\"logo\":{\"@type\":\"ImageObject\",\"inLanguage\":\"pl-PL\",\"@id\":\"https:\\\/\\\/www.afprofilters.com\\\/pl\\\/#\\\/schema\\\/logo\\\/image\\\/\",\"url\":\"https:\\\/\\\/www.afprofilters.com\\\/wp-content\\\/uploads\\\/2021\\\/05\\\/AFPRO-logo.png\",\"contentUrl\":\"https:\\\/\\\/www.afprofilters.com\\\/wp-content\\\/uploads\\\/2021\\\/05\\\/AFPRO-logo.png\",\"width\":640,\"height\":177,\"caption\":\"AFPRO\"},\"image\":{\"@id\":\"https:\\\/\\\/www.afprofilters.com\\\/pl\\\/#\\\/schema\\\/logo\\\/image\\\/\"}}]}<\/script>\n<!-- \/ Yoast SEO plugin. -->","yoast_head_json":{"title":"Informacje dotycz\u0105ce instalacji i wymiany - AFPRO","robots":{"index":"index","follow":"follow","max-snippet":"max-snippet:-1","max-image-preview":"max-image-preview:large","max-video-preview":"max-video-preview:-1"},"canonical":"https:\/\/www.afprofilters.com\/pl\/ekspertyza\/informacje-dotyczace-instalacji-i-wymiany\/","og_locale":"pl_PL","og_type":"article","og_title":"Informacje dotycz\u0105ce instalacji i wymiany - AFPRO","og_description":"Filtry powietrza oraz systemy nawiewne i wywiewne musz\u0105 zosta\u0107 w taki spos\u00f3b zaprojektowane i zainstalowane, by mo\u017cliwe by\u0142o przeprowadzanie regularnych kontroli i konserwacji. W celu zapewnienia optymalnego dzia\u0142ania pod wzgl\u0119dem technicznym i higienicznym, kontrol\u0119 nale\u017cy\u00a0przeprowadza\u0107 przy pomocy wewn\u0119trznych lub zewn\u0119trznych specjalist\u00f3w. W przypadku samodzielnego przeprowadzania kontroli nale\u017cy kierowa\u0107 si\u0119 tym, co przewiduj\u0105 normy EN 13779, [&hellip;]","og_url":"https:\/\/www.afprofilters.com\/pl\/ekspertyza\/informacje-dotyczace-instalacji-i-wymiany\/","og_site_name":"AFPRO","article_modified_time":"2019-07-29T14:15:00+00:00","twitter_card":"summary_large_image","twitter_misc":{"Szacowany czas czytania":"2 minuty"},"schema":{"@context":"https:\/\/schema.org","@graph":[{"@type":"WebPage","@id":"https:\/\/www.afprofilters.com\/pl\/ekspertyza\/informacje-dotyczace-instalacji-i-wymiany\/","url":"https:\/\/www.afprofilters.com\/pl\/ekspertyza\/informacje-dotyczace-instalacji-i-wymiany\/","name":"Informacje dotycz\u0105ce instalacji i wymiany - AFPRO","isPartOf":{"@id":"https:\/\/www.afprofilters.com\/pl\/#website"},"datePublished":"2016-10-04T08:57:55+00:00","dateModified":"2019-07-29T14:15:00+00:00","breadcrumb":{"@id":"https:\/\/www.afprofilters.com\/pl\/ekspertyza\/informacje-dotyczace-instalacji-i-wymiany\/#breadcrumb"},"inLanguage":"pl-PL","potentialAction":[{"@type":"ReadAction","target":["https:\/\/www.afprofilters.com\/pl\/ekspertyza\/informacje-dotyczace-instalacji-i-wymiany\/"]}]},{"@type":"BreadcrumbList","@id":"https:\/\/www.afprofilters.com\/pl\/ekspertyza\/informacje-dotyczace-instalacji-i-wymiany\/#breadcrumb","itemListElement":[{"@type":"ListItem","position":1,"name":"","item":"https:\/\/www.afprofilters.com\/pl\/"},{"@type":"ListItem","position":2,"name":"Ekspertyza","item":"https:\/\/www.afprofilters.com\/pl\/ekspertyza\/"},{"@type":"ListItem","position":3,"name":"Informacje dotycz\u0105ce instalacji i wymiany"}]},{"@type":"WebSite","@id":"https:\/\/www.afprofilters.com\/pl\/#website","url":"https:\/\/www.afprofilters.com\/pl\/","name":"AFPRO","description":"AFPRO Filters","publisher":{"@id":"https:\/\/www.afprofilters.com\/pl\/#organization"},"potentialAction":[{"@type":"SearchAction","target":{"@type":"EntryPoint","urlTemplate":"https:\/\/www.afprofilters.com\/pl\/?s={search_term_string}"},"query-input":{"@type":"PropertyValueSpecification","valueRequired":true,"valueName":"search_term_string"}}],"inLanguage":"pl-PL"},{"@type":"Organization","@id":"https:\/\/www.afprofilters.com\/pl\/#organization","name":"AFPRO","url":"https:\/\/www.afprofilters.com\/pl\/","logo":{"@type":"ImageObject","inLanguage":"pl-PL","@id":"https:\/\/www.afprofilters.com\/pl\/#\/schema\/logo\/image\/","url":"https:\/\/www.afprofilters.com\/wp-content\/uploads\/2021\/05\/AFPRO-logo.png","contentUrl":"https:\/\/www.afprofilters.com\/wp-content\/uploads\/2021\/05\/AFPRO-logo.png","width":640,"height":177,"caption":"AFPRO"},"image":{"@id":"https:\/\/www.afprofilters.com\/pl\/#\/schema\/logo\/image\/"}}]}},"_links":{"self":[{"href":"https:\/\/www.afprofilters.com\/pl\/wp-json\/wp\/v2\/pages\/2709","targetHints":{"allow":["GET"]}}],"collection":[{"href":"https:\/\/www.afprofilters.com\/pl\/wp-json\/wp\/v2\/pages"}],"about":[{"href":"https:\/\/www.afprofilters.com\/pl\/wp-json\/wp\/v2\/types\/page"}],"author":[{"embeddable":true,"href":"https:\/\/www.afprofilters.com\/pl\/wp-json\/wp\/v2\/users\/2"}],"replies":[{"embeddable":true,"href":"https:\/\/www.afprofilters.com\/pl\/wp-json\/wp\/v2\/comments?post=2709"}],"version-history":[{"count":0,"href":"https:\/\/www.afprofilters.com\/pl\/wp-json\/wp\/v2\/pages\/2709\/revisions"}],"up":[{"embeddable":true,"href":"https:\/\/www.afprofilters.com\/pl\/wp-json\/wp\/v2\/pages\/2697"}],"wp:attachment":[{"href":"https:\/\/www.afprofilters.com\/pl\/wp-json\/wp\/v2\/media?parent=2709"}],"curies":[{"name":"wp","href":"https:\/\/api.w.org\/{rel}","templated":true}]}}