{"id":2703,"date":"2016-10-04T08:41:28","date_gmt":"2016-10-04T08:41:28","guid":{"rendered":"https:\/\/www.afprofilters.com\/?page_id=2703&#038;lang=pl"},"modified":"2019-10-01T13:08:26","modified_gmt":"2019-10-01T13:08:26","slug":"jak-wyglada-proces-filtracji-powietrza","status":"publish","type":"page","link":"https:\/\/www.afprofilters.com\/pl\/ekspertyza\/jak-wyglada-proces-filtracji-powietrza\/","title":{"rendered":"Jak wygl\u0105da proces filtracji powietrza"},"content":{"rendered":"<p>Istniej\u0105 dwa rodzaje filtr\u00f3w powietrza: filtry przechwytuj\u0105ce cz\u0105stki sta\u0142e i filtry zatrzymuj\u0105ce cz\u0105stki gazowe. Oba rodzaje filtr\u00f3w maj\u0105 takie samo zadanie, a mianowicie zmniejszenie koncentracji cz\u0105stek w powietrzu. Cz\u0105stki gazowe mog\u0105 zosta\u0107 odfiltrowane przy pomocy adsorpcji. Do adsorpcji dochodzi w wyniku dzia\u0142ania si\u0142 dyspersyjnych\u00a0Londona (rodzaj si\u0142 Van der Waalsa), kt\u00f3re wyst\u0119puj\u0105 pomi\u0119dzy cz\u0105steczkami. Si\u0142y te maj\u0105 podobne w\u0142a\u015bciwo\u015bci, jak si\u0142y grawitacji, kt\u00f3re istniej\u0105 np. pomi\u0119dzy planetami. Aktywny w\u0119giel w tego rodzaju filtrach jest w stanie odfiltrowa\u0107 z powietrza cz\u0105stki gazowe przy pomocy adsorpcji. W zale\u017cno\u015bci od zakresu zastosowania mog\u0105 wykorzystywane by\u0107 r\u00f3\u017cne rodzaje w\u0119gla.<\/p>\n<p><img loading=\"lazy\" decoding=\"async\" class=\"size-full wp-image-24321\" src=\"https:\/\/www.afprofilters.com\/wp-content\/uploads\/2016\/09\/IMG-Particle_interception.jpg\" alt=\"Particle interception\" width=\"650\" height=\"404\" srcset=\"https:\/\/www.afprofilters.com\/wp-content\/uploads\/2016\/09\/IMG-Particle_interception.jpg 650w, https:\/\/www.afprofilters.com\/wp-content\/uploads\/2016\/09\/IMG-Particle_interception-300x186.jpg 300w\" sizes=\"auto, (max-width: 650px) 100vw, 650px\" \/><\/p>\n<h2>Cz\u0105stki sta\u0142e mog\u0105 by\u0107 wychwytywane na cztery sposoby<\/h2>\n<p>Za stopie\u0144 odfiltrowania odpowiada klasa i konstrukcja filtra oraz wielko\u015b\u0107 cz\u0105stki. Filtry powietrza mog\u0105 dzia\u0142a\u0107 na zasadach:<\/p>\n<p>Zasady dzia\u0142ania filtr\u00f3w:<\/p>\n<ul>\n<li>Efekt sita<\/li>\n<li>Efekt inercji masy<\/li>\n<li>efekt intercepcji<\/li>\n<li>efekt dyfuzji<\/li>\n<\/ul>\n<h2><strong>Efekt sita<\/strong><\/h2>\n<p>Jeden\u00a0z\u00a0najcz\u0119\u015bciej stosowanych w filtrach powietrza. Zasada efektu sita jest prosta: cz\u0105stka jest wi\u0119ksza ni\u017c przestrze\u0144 pomi\u0119dzy w\u0142\u00f3knami filtra i w ten spos\u00f3b zostaje zatrzymana.<\/p>\n<h2><strong>Efekt inercji masy<\/strong><\/h2>\n<p>Ta zasada filtrowania zostaje zastosowana, gdy masa cz\u0105stki jest du\u017ca. Cz\u0105stka porusza si\u0119 z du\u017c\u0105 pr\u0119dko\u015bci\u0105. W wyniku swojego ci\u0119\u017caru cz\u0105stka zderza si\u0119 z w\u0142\u00f3knem filtra w miejscu zmiany kierunku strumienia powietrza.<\/p>\n<h2><strong>Efekt intercepcji<\/strong><\/h2>\n<p>Istotne w tej zasadzie jest to, \u017ce cz\u0105stki oddzia\u0142uj\u0105 na siebie wzajemnie (si\u0142ami Van der Waalsa). Wi\u0119ksze w\u0142\u00f3kna filtra przyci\u0105gaj\u0105 wzgl\u0119dnie ma\u0142e cz\u0105stki kurzu. Po tym, jak dojdzie do przechwycenia cz\u0105stek, pozostaj\u0105 one\u00a0pomi\u0119dzy w\u0142\u00f3knami\u00a0filtra.<\/p>\n<h2><strong>Efekt dyfuzji<\/strong><\/h2>\n<p>Bardzo ma\u0142e cz\u0105stki maj\u0105 tendencj\u0119 do chaotycznego poruszania si\u0119. Fenomen ten zwany jest ruchami Browna. Wz\u00f3r drogi, kt\u00f3r\u0105 pokonuj\u0105 cz\u0105stki mo\u017ce odbiega\u0107 od kierunku strumienia powietrza. Istnieje du\u017ca szansa, \u017ce cz\u0105stki w wyniku ruch\u00f3w Browna dotkn\u0105 w\u0142\u00f3kien filtra. R\u00f3\u017cne sposoby filtrowania mog\u0105 zosta\u0107 przedstawione przy pomocy wykresu, dzi\u0119ki kt\u00f3remu dok\u0142adnie wida\u0107 efekt oddzia\u0142ywania w zale\u017cno\u015bci od wielko\u015bci cz\u0105steczki.<\/p>\n<p><a class=\"btn btn-default\" href=\" https:\/\/www.afprofilters.pl\/kontakt\/ \" target=\"_blank\" rel=\"noopener noreferrer\"> Kontakt<\/a><\/p>\n","protected":false},"excerpt":{"rendered":"<p>Istniej\u0105 dwa rodzaje filtr\u00f3w powietrza: filtry przechwytuj\u0105ce cz\u0105stki sta\u0142e i filtry zatrzymuj\u0105ce cz\u0105stki gazowe. Oba rodzaje filtr\u00f3w maj\u0105 takie samo zadanie, a mianowicie zmniejszenie koncentracji cz\u0105stek w powietrzu. Cz\u0105stki gazowe mog\u0105 zosta\u0107 odfiltrowane przy pomocy adsorpcji. Do adsorpcji dochodzi w wyniku dzia\u0142ania si\u0142 dyspersyjnych\u00a0Londona (rodzaj si\u0142 Van der Waalsa), kt\u00f3re wyst\u0119puj\u0105 pomi\u0119dzy cz\u0105steczkami. Si\u0142y te [&hellip;]<\/p>\n","protected":false},"author":2,"featured_media":0,"parent":2697,"menu_order":0,"comment_status":"closed","ping_status":"closed","template":"","meta":{"_acf_changed":false,"footnotes":""},"class_list":["post-2703","page","type-page","status-publish","hentry"],"acf":[],"yoast_head":"<!-- This site is optimized with the Yoast SEO plugin v27.3 - https:\/\/yoast.com\/product\/yoast-seo-wordpress\/ -->\n<title>Jak wygl\u0105da proces filtracji powietrza - AFPRO<\/title>\n<meta name=\"robots\" content=\"index, follow, max-snippet:-1, max-image-preview:large, max-video-preview:-1\" \/>\n<link rel=\"canonical\" href=\"https:\/\/www.afprofilters.com\/pl\/ekspertyza\/jak-wyglada-proces-filtracji-powietrza\/\" \/>\n<meta property=\"og:locale\" content=\"pl_PL\" \/>\n<meta property=\"og:type\" content=\"article\" \/>\n<meta property=\"og:title\" content=\"Jak wygl\u0105da proces filtracji powietrza - AFPRO\" \/>\n<meta property=\"og:description\" content=\"Istniej\u0105 dwa rodzaje filtr\u00f3w powietrza: filtry przechwytuj\u0105ce cz\u0105stki sta\u0142e i filtry zatrzymuj\u0105ce cz\u0105stki gazowe. Oba rodzaje filtr\u00f3w maj\u0105 takie samo zadanie, a mianowicie zmniejszenie koncentracji cz\u0105stek w powietrzu. Cz\u0105stki gazowe mog\u0105 zosta\u0107 odfiltrowane przy pomocy adsorpcji. Do adsorpcji dochodzi w wyniku dzia\u0142ania si\u0142 dyspersyjnych\u00a0Londona (rodzaj si\u0142 Van der Waalsa), kt\u00f3re wyst\u0119puj\u0105 pomi\u0119dzy cz\u0105steczkami. Si\u0142y te [&hellip;]\" \/>\n<meta property=\"og:url\" content=\"https:\/\/www.afprofilters.com\/pl\/ekspertyza\/jak-wyglada-proces-filtracji-powietrza\/\" \/>\n<meta property=\"og:site_name\" content=\"AFPRO\" \/>\n<meta property=\"article:modified_time\" content=\"2019-10-01T13:08:26+00:00\" \/>\n<meta property=\"og:image\" content=\"https:\/\/www.afprofilters.com\/wp-content\/uploads\/2016\/09\/IMG-Particle_interception.jpg\" \/>\n<meta name=\"twitter:card\" content=\"summary_large_image\" \/>\n<meta name=\"twitter:label1\" content=\"Szacowany czas czytania\" \/>\n\t<meta name=\"twitter:data1\" content=\"2 minuty\" \/>\n<script type=\"application\/ld+json\" class=\"yoast-schema-graph\">{\"@context\":\"https:\\\/\\\/schema.org\",\"@graph\":[{\"@type\":\"WebPage\",\"@id\":\"https:\\\/\\\/www.afprofilters.com\\\/pl\\\/ekspertyza\\\/jak-wyglada-proces-filtracji-powietrza\\\/\",\"url\":\"https:\\\/\\\/www.afprofilters.com\\\/pl\\\/ekspertyza\\\/jak-wyglada-proces-filtracji-powietrza\\\/\",\"name\":\"Jak wygl\u0105da proces filtracji powietrza - AFPRO\",\"isPartOf\":{\"@id\":\"https:\\\/\\\/www.afprofilters.com\\\/pl\\\/#website\"},\"primaryImageOfPage\":{\"@id\":\"https:\\\/\\\/www.afprofilters.com\\\/pl\\\/ekspertyza\\\/jak-wyglada-proces-filtracji-powietrza\\\/#primaryimage\"},\"image\":{\"@id\":\"https:\\\/\\\/www.afprofilters.com\\\/pl\\\/ekspertyza\\\/jak-wyglada-proces-filtracji-powietrza\\\/#primaryimage\"},\"thumbnailUrl\":\"https:\\\/\\\/www.afprofilters.com\\\/wp-content\\\/uploads\\\/2016\\\/09\\\/IMG-Particle_interception.jpg\",\"datePublished\":\"2016-10-04T08:41:28+00:00\",\"dateModified\":\"2019-10-01T13:08:26+00:00\",\"breadcrumb\":{\"@id\":\"https:\\\/\\\/www.afprofilters.com\\\/pl\\\/ekspertyza\\\/jak-wyglada-proces-filtracji-powietrza\\\/#breadcrumb\"},\"inLanguage\":\"pl-PL\",\"potentialAction\":[{\"@type\":\"ReadAction\",\"target\":[\"https:\\\/\\\/www.afprofilters.com\\\/pl\\\/ekspertyza\\\/jak-wyglada-proces-filtracji-powietrza\\\/\"]}]},{\"@type\":\"ImageObject\",\"inLanguage\":\"pl-PL\",\"@id\":\"https:\\\/\\\/www.afprofilters.com\\\/pl\\\/ekspertyza\\\/jak-wyglada-proces-filtracji-powietrza\\\/#primaryimage\",\"url\":\"https:\\\/\\\/www.afprofilters.com\\\/wp-content\\\/uploads\\\/2016\\\/09\\\/IMG-Particle_interception.jpg\",\"contentUrl\":\"https:\\\/\\\/www.afprofilters.com\\\/wp-content\\\/uploads\\\/2016\\\/09\\\/IMG-Particle_interception.jpg\"},{\"@type\":\"BreadcrumbList\",\"@id\":\"https:\\\/\\\/www.afprofilters.com\\\/pl\\\/ekspertyza\\\/jak-wyglada-proces-filtracji-powietrza\\\/#breadcrumb\",\"itemListElement\":[{\"@type\":\"ListItem\",\"position\":1,\"name\":\"\",\"item\":\"https:\\\/\\\/www.afprofilters.com\\\/pl\\\/\"},{\"@type\":\"ListItem\",\"position\":2,\"name\":\"Ekspertyza\",\"item\":\"https:\\\/\\\/www.afprofilters.com\\\/pl\\\/ekspertyza\\\/\"},{\"@type\":\"ListItem\",\"position\":3,\"name\":\"Jak wygl\u0105da proces filtracji powietrza\"}]},{\"@type\":\"WebSite\",\"@id\":\"https:\\\/\\\/www.afprofilters.com\\\/pl\\\/#website\",\"url\":\"https:\\\/\\\/www.afprofilters.com\\\/pl\\\/\",\"name\":\"AFPRO\",\"description\":\"AFPRO Filters\",\"publisher\":{\"@id\":\"https:\\\/\\\/www.afprofilters.com\\\/pl\\\/#organization\"},\"potentialAction\":[{\"@type\":\"SearchAction\",\"target\":{\"@type\":\"EntryPoint\",\"urlTemplate\":\"https:\\\/\\\/www.afprofilters.com\\\/pl\\\/?s={search_term_string}\"},\"query-input\":{\"@type\":\"PropertyValueSpecification\",\"valueRequired\":true,\"valueName\":\"search_term_string\"}}],\"inLanguage\":\"pl-PL\"},{\"@type\":\"Organization\",\"@id\":\"https:\\\/\\\/www.afprofilters.com\\\/pl\\\/#organization\",\"name\":\"AFPRO\",\"url\":\"https:\\\/\\\/www.afprofilters.com\\\/pl\\\/\",\"logo\":{\"@type\":\"ImageObject\",\"inLanguage\":\"pl-PL\",\"@id\":\"https:\\\/\\\/www.afprofilters.com\\\/pl\\\/#\\\/schema\\\/logo\\\/image\\\/\",\"url\":\"https:\\\/\\\/www.afprofilters.com\\\/wp-content\\\/uploads\\\/2021\\\/05\\\/AFPRO-logo.png\",\"contentUrl\":\"https:\\\/\\\/www.afprofilters.com\\\/wp-content\\\/uploads\\\/2021\\\/05\\\/AFPRO-logo.png\",\"width\":640,\"height\":177,\"caption\":\"AFPRO\"},\"image\":{\"@id\":\"https:\\\/\\\/www.afprofilters.com\\\/pl\\\/#\\\/schema\\\/logo\\\/image\\\/\"}}]}<\/script>\n<!-- \/ Yoast SEO plugin. -->","yoast_head_json":{"title":"Jak wygl\u0105da proces filtracji powietrza - AFPRO","robots":{"index":"index","follow":"follow","max-snippet":"max-snippet:-1","max-image-preview":"max-image-preview:large","max-video-preview":"max-video-preview:-1"},"canonical":"https:\/\/www.afprofilters.com\/pl\/ekspertyza\/jak-wyglada-proces-filtracji-powietrza\/","og_locale":"pl_PL","og_type":"article","og_title":"Jak wygl\u0105da proces filtracji powietrza - AFPRO","og_description":"Istniej\u0105 dwa rodzaje filtr\u00f3w powietrza: filtry przechwytuj\u0105ce cz\u0105stki sta\u0142e i filtry zatrzymuj\u0105ce cz\u0105stki gazowe. Oba rodzaje filtr\u00f3w maj\u0105 takie samo zadanie, a mianowicie zmniejszenie koncentracji cz\u0105stek w powietrzu. Cz\u0105stki gazowe mog\u0105 zosta\u0107 odfiltrowane przy pomocy adsorpcji. Do adsorpcji dochodzi w wyniku dzia\u0142ania si\u0142 dyspersyjnych\u00a0Londona (rodzaj si\u0142 Van der Waalsa), kt\u00f3re wyst\u0119puj\u0105 pomi\u0119dzy cz\u0105steczkami. Si\u0142y te [&hellip;]","og_url":"https:\/\/www.afprofilters.com\/pl\/ekspertyza\/jak-wyglada-proces-filtracji-powietrza\/","og_site_name":"AFPRO","article_modified_time":"2019-10-01T13:08:26+00:00","og_image":[{"url":"https:\/\/www.afprofilters.com\/wp-content\/uploads\/2016\/09\/IMG-Particle_interception.jpg","type":"","width":"","height":""}],"twitter_card":"summary_large_image","twitter_misc":{"Szacowany czas czytania":"2 minuty"},"schema":{"@context":"https:\/\/schema.org","@graph":[{"@type":"WebPage","@id":"https:\/\/www.afprofilters.com\/pl\/ekspertyza\/jak-wyglada-proces-filtracji-powietrza\/","url":"https:\/\/www.afprofilters.com\/pl\/ekspertyza\/jak-wyglada-proces-filtracji-powietrza\/","name":"Jak wygl\u0105da proces filtracji powietrza - AFPRO","isPartOf":{"@id":"https:\/\/www.afprofilters.com\/pl\/#website"},"primaryImageOfPage":{"@id":"https:\/\/www.afprofilters.com\/pl\/ekspertyza\/jak-wyglada-proces-filtracji-powietrza\/#primaryimage"},"image":{"@id":"https:\/\/www.afprofilters.com\/pl\/ekspertyza\/jak-wyglada-proces-filtracji-powietrza\/#primaryimage"},"thumbnailUrl":"https:\/\/www.afprofilters.com\/wp-content\/uploads\/2016\/09\/IMG-Particle_interception.jpg","datePublished":"2016-10-04T08:41:28+00:00","dateModified":"2019-10-01T13:08:26+00:00","breadcrumb":{"@id":"https:\/\/www.afprofilters.com\/pl\/ekspertyza\/jak-wyglada-proces-filtracji-powietrza\/#breadcrumb"},"inLanguage":"pl-PL","potentialAction":[{"@type":"ReadAction","target":["https:\/\/www.afprofilters.com\/pl\/ekspertyza\/jak-wyglada-proces-filtracji-powietrza\/"]}]},{"@type":"ImageObject","inLanguage":"pl-PL","@id":"https:\/\/www.afprofilters.com\/pl\/ekspertyza\/jak-wyglada-proces-filtracji-powietrza\/#primaryimage","url":"https:\/\/www.afprofilters.com\/wp-content\/uploads\/2016\/09\/IMG-Particle_interception.jpg","contentUrl":"https:\/\/www.afprofilters.com\/wp-content\/uploads\/2016\/09\/IMG-Particle_interception.jpg"},{"@type":"BreadcrumbList","@id":"https:\/\/www.afprofilters.com\/pl\/ekspertyza\/jak-wyglada-proces-filtracji-powietrza\/#breadcrumb","itemListElement":[{"@type":"ListItem","position":1,"name":"","item":"https:\/\/www.afprofilters.com\/pl\/"},{"@type":"ListItem","position":2,"name":"Ekspertyza","item":"https:\/\/www.afprofilters.com\/pl\/ekspertyza\/"},{"@type":"ListItem","position":3,"name":"Jak wygl\u0105da proces filtracji powietrza"}]},{"@type":"WebSite","@id":"https:\/\/www.afprofilters.com\/pl\/#website","url":"https:\/\/www.afprofilters.com\/pl\/","name":"AFPRO","description":"AFPRO Filters","publisher":{"@id":"https:\/\/www.afprofilters.com\/pl\/#organization"},"potentialAction":[{"@type":"SearchAction","target":{"@type":"EntryPoint","urlTemplate":"https:\/\/www.afprofilters.com\/pl\/?s={search_term_string}"},"query-input":{"@type":"PropertyValueSpecification","valueRequired":true,"valueName":"search_term_string"}}],"inLanguage":"pl-PL"},{"@type":"Organization","@id":"https:\/\/www.afprofilters.com\/pl\/#organization","name":"AFPRO","url":"https:\/\/www.afprofilters.com\/pl\/","logo":{"@type":"ImageObject","inLanguage":"pl-PL","@id":"https:\/\/www.afprofilters.com\/pl\/#\/schema\/logo\/image\/","url":"https:\/\/www.afprofilters.com\/wp-content\/uploads\/2021\/05\/AFPRO-logo.png","contentUrl":"https:\/\/www.afprofilters.com\/wp-content\/uploads\/2021\/05\/AFPRO-logo.png","width":640,"height":177,"caption":"AFPRO"},"image":{"@id":"https:\/\/www.afprofilters.com\/pl\/#\/schema\/logo\/image\/"}}]}},"_links":{"self":[{"href":"https:\/\/www.afprofilters.com\/pl\/wp-json\/wp\/v2\/pages\/2703","targetHints":{"allow":["GET"]}}],"collection":[{"href":"https:\/\/www.afprofilters.com\/pl\/wp-json\/wp\/v2\/pages"}],"about":[{"href":"https:\/\/www.afprofilters.com\/pl\/wp-json\/wp\/v2\/types\/page"}],"author":[{"embeddable":true,"href":"https:\/\/www.afprofilters.com\/pl\/wp-json\/wp\/v2\/users\/2"}],"replies":[{"embeddable":true,"href":"https:\/\/www.afprofilters.com\/pl\/wp-json\/wp\/v2\/comments?post=2703"}],"version-history":[{"count":0,"href":"https:\/\/www.afprofilters.com\/pl\/wp-json\/wp\/v2\/pages\/2703\/revisions"}],"up":[{"embeddable":true,"href":"https:\/\/www.afprofilters.com\/pl\/wp-json\/wp\/v2\/pages\/2697"}],"wp:attachment":[{"href":"https:\/\/www.afprofilters.com\/pl\/wp-json\/wp\/v2\/media?parent=2703"}],"curies":[{"name":"wp","href":"https:\/\/api.w.org\/{rel}","templated":true}]}}