{"id":2692,"date":"2016-10-04T08:35:06","date_gmt":"2016-10-04T08:35:06","guid":{"rendered":"https:\/\/www.afprofilters.com\/?page_id=2692&#038;lang=pl"},"modified":"2019-06-28T14:42:11","modified_gmt":"2019-06-28T14:42:11","slug":"laboratorium","status":"publish","type":"page","link":"https:\/\/www.afprofilters.com\/pl\/laboratorium\/","title":{"rendered":"Laboratorium"},"content":{"rendered":"<p>Filtry AFPRO oznaczaj\u0105 jako\u015b\u0107, trwa\u0142o\u015b\u0107 i innowacyjno\u015b\u0107. Aby w dalszym ci\u0105gu gwarantowa\u0107 naszym klientom te wa\u017cne podstawowe warto\u015bci, AFPRO Filters utworzy\u0142 w\u0142asne wysoce zaawansowane laboratoria. Prowadzone s\u0105 tu codzienne badania, aby nasze filtry powietrza by\u0142y bardziej wydajne i zr\u00f3wnowa\u017cone. Filtry AFPRO monitoruj\u0105 wszystkie produkty zgodnie z systemem zapewnienia jako\u015bci ISO 9001. Surowce, p\u00f3\u0142produkty i produkty ko\u0144cowe s\u0105 sprawdzane na podstawie kryteri\u00f3w okre\u015blonych przez system jako\u015bci. Gwarantuje to sta\u0142\u0105 i wysok\u0105 jako\u015b\u0107 naszych produkt\u00f3w.<\/p>\n<h2>Laboratorium badawczo-rozwojowe<\/h2>\n<p>Personel naszego laboratorium badawczo-rozwojowego stara si\u0119 opracowa\u0107 nowe media filtracyjne i techniki filtracji. Na przyk\u0142ad laboratorium prowadzi badania nad wysokiej jako\u015bci, niet\u0142uk\u0105cymi si\u0119 w\u0142\u00f3knami syntetycznymi, kt\u00f3re s\u0105 stopniowo budowane przy u\u017cyciu techniki wielowarstwowej. Ta technika przyczynia si\u0119 do wi\u0119kszej trwa\u0142o\u015bci: op\u00f3r powietrza, a zatem r\u00f3wnie\u017c zu\u017cycie energii takich medi\u00f3w filtracyjnych jest ni\u017csze. Filtry AFPRO s\u0105 akredytowane przez Eurovent zgodnie z programem Certify All. Znak jako\u015bci Eurovent gwarantuje sta\u0142\u0105 jako\u015b\u0107. Warto\u015b\u0107 dodana oferowana przez akredytacj\u0119 jest gwarantowana przez niezale\u017cne laboratoria badawcze w Szwecji i Finlandii. Laboratoria te regularnie przeprowadzaj\u0105 \u201e\u015blepe\u201d testy wszystkich filtr\u00f3w od producent\u00f3w, aby spe\u0142ni\u0107 surowe normy Eurovent.<\/p>\n<h2><strong>Laboratorium aktywnego w\u0119gla<\/strong><strong>\u00a0<\/strong><\/h2>\n<p>Opr\u00f3cz laboratorium badawczo-rozwojowego, AFPRO Filters posiada laboratorium z w\u0119glem aktywnym. W\u0119giel aktywny jest u\u017cywany do zbierania cz\u0105stek gazowych. Laboratorium AFPRO prowadzi badania zdolno\u015bci adsorpcyjnej r\u00f3\u017cnych rodzaj\u00f3w w\u0119gla aktywnego i medi\u00f3w filtracyjnych, zgodnie z obowi\u0105zuj\u0105cymi standardami w\u0119gla aktywnego. Laboratorium mo\u017ce r\u00f3wnie\u017c pobiera\u0107 pr\u00f3bki dla klient\u00f3w, kt\u00f3re nast\u0119pnie wykorzystuje do analizy pozosta\u0142ej \u017cywotno\u015bci lub pojemno\u015bci adsorpcyjnej filtra. Ta analiza s\u0142u\u017cy jako podstawa zalece\u0144 dotycz\u0105cych stosowanych filtr\u00f3w i konsekwencji dla jako\u015bci powietrza, zu\u017cycia energii i koszt\u00f3w.<\/p>\n<h2><strong>Us\u0142ugi filtr\u00f3w AFPRO<\/strong><\/h2>\n<p>Nasze laboratorium s\u0142u\u017cy r\u00f3wnie\u017c jako obs\u0142uga klienta i centrum wiedzy, dlatego nadaje si\u0119 r\u00f3wnie\u017c do us\u0142ug filtrowania AFPRO, gdzie mo\u017cna uzyska\u0107 du\u017c\u0105 wiedz\u0119 na temat filtracji powietrza, medi\u00f3w filtracyjnych, standard\u00f3w testowania i technik monitorowania. Ponadto AFPRO Filters ma w\u0142asny kana\u0142 testowy ISO16890, kt\u00f3ry s\u0142u\u017cy do testowania i weryfikacji wysokiej jako\u015bci wszystkich grup produkt\u00f3w. Jako klient mo\u017cesz r\u00f3wnie\u017c wybra\u0107 filtry testowane zgodnie z najnowszym standardem testowym ISO16890. Poni\u017cej lista naszych us\u0142ug.<\/p>\n<h2><strong>Wykonaj pomiary powietrza<\/strong><\/h2>\n<p>Wiedza, kt\u00f3r\u0105 zdobyli\u015bmy w naszych laboratoriach, umo\u017cliwia nam wykonywanie pomiar\u00f3w powietrza na miejscu. Podczas tego procesu mo\u017cemy oceni\u0107, czy ca\u0142y system filtr\u00f3w spe\u0142nia obowi\u0105zuj\u0105ce normy. Metody bada\u0144 stosowane w trakcie pomiar\u00f3w powietrza s\u0105 wymienione poni\u017cej:\u2022 Eurovent 4\/10 &#8211; 1996 Okre\u015blenie wydajno\u015bci frakcyjnej filtr\u00f3w og\u00f3lnych.\u00a0\u2022 ISO \/ CD 29462 Test terenowy urz\u0105dze\u0144 i system\u00f3w filtracji og\u00f3lnej wentylacji dla skuteczno\u015bci usuwania na wielko\u015b\u0107 cz\u0105stek i odporno\u015b\u0107 na przep\u0142yw powietrza.<\/p>\n<h2><strong>Filtrowanie ankiet dotycz\u0105cych wydajno\u015bci<\/strong><strong>\u00a0<\/strong><\/h2>\n<p>Zu\u017cyte filtry mo\u017cna zbada\u0107 w naszym laboratorium, aby okre\u015bli\u0107 wydajno\u015b\u0107 filtra zgodnie z kryteriami ISO16890 (odporno\u015b\u0107 &#8211; wydajno\u015b\u0107), analiz\u0119 cz\u0105stek i zdolno\u015b\u0107 przechwytywania cz\u0105stek. Wyniki ankiety s\u0105 wykorzystywane jako podstawa, aby da\u0107 klientowi rozs\u0105dn\u0105 porad\u0119 na temat wydajno\u015bci filtra.<\/p>\n<h2><strong>Obliczanie rzeczywistych koszt\u00f3w<\/strong><strong>\u00a0<\/strong><\/h2>\n<p>Nasze laboratorium doradza r\u00f3wnie\u017c klientom, aby \u015bwiadomie dokonywali zr\u00f3wnowa\u017conego wyboru przy u\u017cyciu modelu trwa\u0142o\u015bci filtra (FDM). Model ten, opracowany przez AFPRO Filters, oferuje wgl\u0105d w rzeczywiste koszty na filtr miesi\u0119cznie. FDM opiera si\u0119 na najnowszych standardach testowania filtr\u00f3w i wytycznych dotycz\u0105cych etykiet energetycznych Eurovent. Po dokonaniu oblicze\u0144 filtry AFPRO mog\u0105 dok\u0142adnie okre\u015bli\u0107, kt\u00f3ry typ filtra jest najlepszy do Twoich cel\u00f3w, a tak\u017ce najbardziej energooszcz\u0119dne rozwi\u0105zanie dla ca\u0142ego systemu filtr\u00f3w.<\/p>\n","protected":false},"excerpt":{"rendered":"<p>Filtry AFPRO oznaczaj\u0105 jako\u015b\u0107, trwa\u0142o\u015b\u0107 i innowacyjno\u015b\u0107. Aby w dalszym ci\u0105gu gwarantowa\u0107 naszym klientom te wa\u017cne podstawowe warto\u015bci, AFPRO Filters utworzy\u0142 w\u0142asne wysoce zaawansowane laboratoria. Prowadzone s\u0105 tu codzienne badania, aby nasze filtry powietrza by\u0142y bardziej wydajne i zr\u00f3wnowa\u017cone. Filtry AFPRO monitoruj\u0105 wszystkie produkty zgodnie z systemem zapewnienia jako\u015bci ISO 9001. Surowce, p\u00f3\u0142produkty i produkty [&hellip;]<\/p>\n","protected":false},"author":2,"featured_media":29278,"parent":0,"menu_order":0,"comment_status":"closed","ping_status":"closed","template":"","meta":{"_acf_changed":false,"footnotes":""},"class_list":["post-2692","page","type-page","status-publish","has-post-thumbnail","hentry"],"acf":[],"yoast_head":"<!-- This site is optimized with the Yoast SEO plugin v27.3 - https:\/\/yoast.com\/product\/yoast-seo-wordpress\/ -->\n<title>Laboratorium - AFPRO<\/title>\n<meta name=\"robots\" content=\"index, follow, max-snippet:-1, max-image-preview:large, max-video-preview:-1\" \/>\n<link rel=\"canonical\" href=\"https:\/\/www.afprofilters.com\/pl\/laboratorium\/\" \/>\n<meta property=\"og:locale\" content=\"pl_PL\" \/>\n<meta property=\"og:type\" content=\"article\" \/>\n<meta property=\"og:title\" content=\"Laboratorium - AFPRO\" \/>\n<meta property=\"og:description\" content=\"Filtry AFPRO oznaczaj\u0105 jako\u015b\u0107, trwa\u0142o\u015b\u0107 i innowacyjno\u015b\u0107. Aby w dalszym ci\u0105gu gwarantowa\u0107 naszym klientom te wa\u017cne podstawowe warto\u015bci, AFPRO Filters utworzy\u0142 w\u0142asne wysoce zaawansowane laboratoria. Prowadzone s\u0105 tu codzienne badania, aby nasze filtry powietrza by\u0142y bardziej wydajne i zr\u00f3wnowa\u017cone. Filtry AFPRO monitoruj\u0105 wszystkie produkty zgodnie z systemem zapewnienia jako\u015bci ISO 9001. Surowce, p\u00f3\u0142produkty i produkty [&hellip;]\" \/>\n<meta property=\"og:url\" content=\"https:\/\/www.afprofilters.com\/pl\/laboratorium\/\" \/>\n<meta property=\"og:site_name\" content=\"AFPRO\" \/>\n<meta property=\"article:modified_time\" content=\"2019-06-28T14:42:11+00:00\" \/>\n<meta property=\"og:image\" content=\"http:\/\/www.afprofilters.com\/wp-content\/uploads\/2021\/11\/DSC5294.jpg\" \/>\n\t<meta property=\"og:image:width\" content=\"1819\" \/>\n\t<meta property=\"og:image:height\" content=\"1000\" \/>\n\t<meta property=\"og:image:type\" content=\"image\/jpeg\" \/>\n<meta name=\"twitter:card\" content=\"summary_large_image\" \/>\n<meta name=\"twitter:label1\" content=\"Szacowany czas czytania\" \/>\n\t<meta name=\"twitter:data1\" content=\"3 minuty\" \/>\n<script type=\"application\/ld+json\" class=\"yoast-schema-graph\">{\"@context\":\"https:\\\/\\\/schema.org\",\"@graph\":[{\"@type\":\"WebPage\",\"@id\":\"https:\\\/\\\/www.afprofilters.com\\\/pl\\\/laboratorium\\\/\",\"url\":\"https:\\\/\\\/www.afprofilters.com\\\/pl\\\/laboratorium\\\/\",\"name\":\"Laboratorium - AFPRO\",\"isPartOf\":{\"@id\":\"https:\\\/\\\/www.afprofilters.com\\\/pl\\\/#website\"},\"primaryImageOfPage\":{\"@id\":\"https:\\\/\\\/www.afprofilters.com\\\/pl\\\/laboratorium\\\/#primaryimage\"},\"image\":{\"@id\":\"https:\\\/\\\/www.afprofilters.com\\\/pl\\\/laboratorium\\\/#primaryimage\"},\"thumbnailUrl\":\"https:\\\/\\\/www.afprofilters.com\\\/wp-content\\\/uploads\\\/2021\\\/11\\\/DSC5294.jpg\",\"datePublished\":\"2016-10-04T08:35:06+00:00\",\"dateModified\":\"2019-06-28T14:42:11+00:00\",\"breadcrumb\":{\"@id\":\"https:\\\/\\\/www.afprofilters.com\\\/pl\\\/laboratorium\\\/#breadcrumb\"},\"inLanguage\":\"pl-PL\",\"potentialAction\":[{\"@type\":\"ReadAction\",\"target\":[\"https:\\\/\\\/www.afprofilters.com\\\/pl\\\/laboratorium\\\/\"]}]},{\"@type\":\"ImageObject\",\"inLanguage\":\"pl-PL\",\"@id\":\"https:\\\/\\\/www.afprofilters.com\\\/pl\\\/laboratorium\\\/#primaryimage\",\"url\":\"https:\\\/\\\/www.afprofilters.com\\\/wp-content\\\/uploads\\\/2021\\\/11\\\/DSC5294.jpg\",\"contentUrl\":\"https:\\\/\\\/www.afprofilters.com\\\/wp-content\\\/uploads\\\/2021\\\/11\\\/DSC5294.jpg\",\"width\":1819,\"height\":1000},{\"@type\":\"BreadcrumbList\",\"@id\":\"https:\\\/\\\/www.afprofilters.com\\\/pl\\\/laboratorium\\\/#breadcrumb\",\"itemListElement\":[{\"@type\":\"ListItem\",\"position\":1,\"name\":\"\",\"item\":\"https:\\\/\\\/www.afprofilters.com\\\/pl\\\/\"},{\"@type\":\"ListItem\",\"position\":2,\"name\":\"Laboratorium\"}]},{\"@type\":\"WebSite\",\"@id\":\"https:\\\/\\\/www.afprofilters.com\\\/pl\\\/#website\",\"url\":\"https:\\\/\\\/www.afprofilters.com\\\/pl\\\/\",\"name\":\"AFPRO\",\"description\":\"AFPRO Filters\",\"publisher\":{\"@id\":\"https:\\\/\\\/www.afprofilters.com\\\/pl\\\/#organization\"},\"potentialAction\":[{\"@type\":\"SearchAction\",\"target\":{\"@type\":\"EntryPoint\",\"urlTemplate\":\"https:\\\/\\\/www.afprofilters.com\\\/pl\\\/?s={search_term_string}\"},\"query-input\":{\"@type\":\"PropertyValueSpecification\",\"valueRequired\":true,\"valueName\":\"search_term_string\"}}],\"inLanguage\":\"pl-PL\"},{\"@type\":\"Organization\",\"@id\":\"https:\\\/\\\/www.afprofilters.com\\\/pl\\\/#organization\",\"name\":\"AFPRO\",\"url\":\"https:\\\/\\\/www.afprofilters.com\\\/pl\\\/\",\"logo\":{\"@type\":\"ImageObject\",\"inLanguage\":\"pl-PL\",\"@id\":\"https:\\\/\\\/www.afprofilters.com\\\/pl\\\/#\\\/schema\\\/logo\\\/image\\\/\",\"url\":\"https:\\\/\\\/www.afprofilters.com\\\/wp-content\\\/uploads\\\/2021\\\/05\\\/AFPRO-logo.png\",\"contentUrl\":\"https:\\\/\\\/www.afprofilters.com\\\/wp-content\\\/uploads\\\/2021\\\/05\\\/AFPRO-logo.png\",\"width\":640,\"height\":177,\"caption\":\"AFPRO\"},\"image\":{\"@id\":\"https:\\\/\\\/www.afprofilters.com\\\/pl\\\/#\\\/schema\\\/logo\\\/image\\\/\"}}]}<\/script>\n<!-- \/ Yoast SEO plugin. -->","yoast_head_json":{"title":"Laboratorium - AFPRO","robots":{"index":"index","follow":"follow","max-snippet":"max-snippet:-1","max-image-preview":"max-image-preview:large","max-video-preview":"max-video-preview:-1"},"canonical":"https:\/\/www.afprofilters.com\/pl\/laboratorium\/","og_locale":"pl_PL","og_type":"article","og_title":"Laboratorium - AFPRO","og_description":"Filtry AFPRO oznaczaj\u0105 jako\u015b\u0107, trwa\u0142o\u015b\u0107 i innowacyjno\u015b\u0107. Aby w dalszym ci\u0105gu gwarantowa\u0107 naszym klientom te wa\u017cne podstawowe warto\u015bci, AFPRO Filters utworzy\u0142 w\u0142asne wysoce zaawansowane laboratoria. Prowadzone s\u0105 tu codzienne badania, aby nasze filtry powietrza by\u0142y bardziej wydajne i zr\u00f3wnowa\u017cone. Filtry AFPRO monitoruj\u0105 wszystkie produkty zgodnie z systemem zapewnienia jako\u015bci ISO 9001. Surowce, p\u00f3\u0142produkty i produkty [&hellip;]","og_url":"https:\/\/www.afprofilters.com\/pl\/laboratorium\/","og_site_name":"AFPRO","article_modified_time":"2019-06-28T14:42:11+00:00","og_image":[{"width":1819,"height":1000,"url":"http:\/\/www.afprofilters.com\/wp-content\/uploads\/2021\/11\/DSC5294.jpg","type":"image\/jpeg"}],"twitter_card":"summary_large_image","twitter_misc":{"Szacowany czas czytania":"3 minuty"},"schema":{"@context":"https:\/\/schema.org","@graph":[{"@type":"WebPage","@id":"https:\/\/www.afprofilters.com\/pl\/laboratorium\/","url":"https:\/\/www.afprofilters.com\/pl\/laboratorium\/","name":"Laboratorium - AFPRO","isPartOf":{"@id":"https:\/\/www.afprofilters.com\/pl\/#website"},"primaryImageOfPage":{"@id":"https:\/\/www.afprofilters.com\/pl\/laboratorium\/#primaryimage"},"image":{"@id":"https:\/\/www.afprofilters.com\/pl\/laboratorium\/#primaryimage"},"thumbnailUrl":"https:\/\/www.afprofilters.com\/wp-content\/uploads\/2021\/11\/DSC5294.jpg","datePublished":"2016-10-04T08:35:06+00:00","dateModified":"2019-06-28T14:42:11+00:00","breadcrumb":{"@id":"https:\/\/www.afprofilters.com\/pl\/laboratorium\/#breadcrumb"},"inLanguage":"pl-PL","potentialAction":[{"@type":"ReadAction","target":["https:\/\/www.afprofilters.com\/pl\/laboratorium\/"]}]},{"@type":"ImageObject","inLanguage":"pl-PL","@id":"https:\/\/www.afprofilters.com\/pl\/laboratorium\/#primaryimage","url":"https:\/\/www.afprofilters.com\/wp-content\/uploads\/2021\/11\/DSC5294.jpg","contentUrl":"https:\/\/www.afprofilters.com\/wp-content\/uploads\/2021\/11\/DSC5294.jpg","width":1819,"height":1000},{"@type":"BreadcrumbList","@id":"https:\/\/www.afprofilters.com\/pl\/laboratorium\/#breadcrumb","itemListElement":[{"@type":"ListItem","position":1,"name":"","item":"https:\/\/www.afprofilters.com\/pl\/"},{"@type":"ListItem","position":2,"name":"Laboratorium"}]},{"@type":"WebSite","@id":"https:\/\/www.afprofilters.com\/pl\/#website","url":"https:\/\/www.afprofilters.com\/pl\/","name":"AFPRO","description":"AFPRO Filters","publisher":{"@id":"https:\/\/www.afprofilters.com\/pl\/#organization"},"potentialAction":[{"@type":"SearchAction","target":{"@type":"EntryPoint","urlTemplate":"https:\/\/www.afprofilters.com\/pl\/?s={search_term_string}"},"query-input":{"@type":"PropertyValueSpecification","valueRequired":true,"valueName":"search_term_string"}}],"inLanguage":"pl-PL"},{"@type":"Organization","@id":"https:\/\/www.afprofilters.com\/pl\/#organization","name":"AFPRO","url":"https:\/\/www.afprofilters.com\/pl\/","logo":{"@type":"ImageObject","inLanguage":"pl-PL","@id":"https:\/\/www.afprofilters.com\/pl\/#\/schema\/logo\/image\/","url":"https:\/\/www.afprofilters.com\/wp-content\/uploads\/2021\/05\/AFPRO-logo.png","contentUrl":"https:\/\/www.afprofilters.com\/wp-content\/uploads\/2021\/05\/AFPRO-logo.png","width":640,"height":177,"caption":"AFPRO"},"image":{"@id":"https:\/\/www.afprofilters.com\/pl\/#\/schema\/logo\/image\/"}}]}},"_links":{"self":[{"href":"https:\/\/www.afprofilters.com\/pl\/wp-json\/wp\/v2\/pages\/2692","targetHints":{"allow":["GET"]}}],"collection":[{"href":"https:\/\/www.afprofilters.com\/pl\/wp-json\/wp\/v2\/pages"}],"about":[{"href":"https:\/\/www.afprofilters.com\/pl\/wp-json\/wp\/v2\/types\/page"}],"author":[{"embeddable":true,"href":"https:\/\/www.afprofilters.com\/pl\/wp-json\/wp\/v2\/users\/2"}],"replies":[{"embeddable":true,"href":"https:\/\/www.afprofilters.com\/pl\/wp-json\/wp\/v2\/comments?post=2692"}],"version-history":[{"count":0,"href":"https:\/\/www.afprofilters.com\/pl\/wp-json\/wp\/v2\/pages\/2692\/revisions"}],"wp:featuredmedia":[{"embeddable":true,"href":"https:\/\/www.afprofilters.com\/pl\/wp-json\/wp\/v2\/media\/29278"}],"wp:attachment":[{"href":"https:\/\/www.afprofilters.com\/pl\/wp-json\/wp\/v2\/media?parent=2692"}],"curies":[{"name":"wp","href":"https:\/\/api.w.org\/{rel}","templated":true}]}}