{"id":2676,"date":"2016-10-04T08:30:49","date_gmt":"2016-10-04T08:30:49","guid":{"rendered":"https:\/\/www.afprofilters.com\/?page_id=2676&#038;lang=pl"},"modified":"2021-02-26T17:55:43","modified_gmt":"2021-02-26T17:55:43","slug":"klasyfikacja-filtrow","status":"publish","type":"page","link":"https:\/\/www.afprofilters.com\/pl\/ekspertyza\/klasyfikacja-filtrow\/","title":{"rendered":"Klasyfikacja filtr\u00f3w"},"content":{"rendered":"<p><strong>W jaki spos\u00f3b u\u017cytkownik mo\u017ce stwierdzi\u0107, czy filtr gwarantuje oczekiwan\u0105 jako\u015b\u0107 powietrza? <\/strong><\/p>\n<p><strong>Filtry powietrza zosta\u0142y w Europie sklasyfikowane zgodnie z dwiema normami: ISO 16890\u00a0 dla przeciwpy\u0142owych filtr\u00f3w powietrza do wentylacji og\u00f3lnej i dok\u0142adnych oraz EN1822:2019 dla filtr\u00f3w HEPA i ULPA. <\/strong><\/p>\n<p><strong>Filtry przetestowane zgodnie z normami spe\u0142niaj\u0105 surowe wymagania. W trakcie przeprowadzanych test\u00f3w filtry poddawane s\u0105 dzia\u0142aniom, kt\u00f3re umo\u017cliwiaj\u0105 dok\u0142adn\u0105 kontrol\u0119 na temat tego w jaki spos\u00f3b b\u0119d\u0105 funkcjonowa\u0142y w praktyce. Klienci musz\u0105 wiedzie\u0107, \u017ce wszystkie dostarczane produkty firmy AFPRO Filters zgodne s\u0105 z europejsk\u0105 klasyfikacj\u0105. Filtry poddawane s\u0105 testom zar\u00f3wno w naszym w\u0142asnym laboratorium, jak i w niezale\u017cnych laboratoriach. Opr\u00f3cz tego filtry AFPRO spe\u0142niaj\u0105 surowe wymagania programu certyfikacyjnego Eurovent. Daje to pewno\u015b\u0107, \u017ce filtry rzeczywi\u015bcie osi\u0105gaj\u0105 wyniki zgodne z przedstawionymi danymi technicznymi.<\/strong><\/p>\n<p>Wi\u0119kszo\u015b\u0107 ludzi, a mamy tu na my\u015bli u\u017cytkownik\u00f3w ko\u0144cowych, nie wie, jak oceni\u0107 jako\u015b\u0107 filtra powietrza. Jak wi\u0119c mo\u017cna ustali\u0107, czy produkt, kt\u00f3ry si\u0119 kupi\u0142o lub zamierza si\u0119 kupi\u0107, spe\u0142nia swoje zadanie?<\/p>\n<p>Potrzebujemy znormalizowanej gwarancji, \u017ce filtr zapewni przewidywan\u0105 jako\u015b\u0107 powietrza. Dlatego te\u017c filtry powietrza s\u0105 sklasyfikowane wed\u0142ug kilku norm:<\/p>\n<ul>\n<li>ISO 16890* (formalnie EN779:2012 dla UE i ASHRAE 52.2 dla USA) dla filtr\u00f3w zgrubnych i dok\u0142adnych<\/li>\n<li>EN1822:2019 dla filtr\u00f3w HEPA i ULPA<\/li>\n<\/ul>\n<p>&nbsp;<\/p>\n<h2>Przetestujmy to<\/h2>\n<p>Filtry s\u0105 badane zar\u00f3wno w naszych w\u0142asnych, jak i niezale\u017cnych laboratoriach. Podczas test\u00f3w zgodno\u015bci filtry poddaje si\u0119 warunkom, kt\u00f3re dok\u0142adnie wskazuj\u0105, jak b\u0119d\u0105 dzia\u0142a\u0107 w praktyce. Nasi klienci z zadowoleniem przyjm\u0105 wiadomo\u015b\u0107, \u017ce wszystkie produkty AFPRO Filters s\u0105 zgodne z klasyfikacjami ISO 16890 i EN1822:2019. Ponadto AFPRO Filters spe\u0142nia surowe wymagania programu certyfikacji Eurovent. Gwarantuje to zgodno\u015b\u0107 rzeczywistej wydajno\u015bci filtra z przedstawionymi specyfikacjami.<\/p>\n<h2>MPPS<\/h2>\n<p>Skuteczno\u015b\u0107 MPPS odgrywa w tych testach niepo\u015bledni\u0105 rol\u0119. Skr\u00f3t MPPS oznacza najbardziej penetruj\u0105cy rozmiar cz\u0105stki. Odnosi si\u0119 on do wymiar\u00f3w tych cz\u0105stek, kt\u00f3re s\u0105 najtrudniejsze do wychwycenia. Zazwyczaj mie\u015bci si\u0119 on w zakresie od 0,1 do 0,2 mikron\u00f3w (\u03bcm). MPPS nale\u017cy<br \/>\nustali\u0107 przed poddaniem filtra badaniu.<\/p>\n<p>Tabela zawiera szczeg\u00f3\u0142owe informacje na temat europejskich klas filtr\u00f3w.<\/p>\n<p>Do wszystkich filtr\u00f3w HEPA i ULPA AFPRO Filters do\u0142\u0105cza \u015bwiadectwa z bada\u0144. Mog\u0105 Pa\u0144stwo by\u0107 pewni, \u017ce dostarczony filtr jest odpowiedniej jako\u015bci. Zalecamy jednak po zamontowaniu filtr\u00f3w podda\u0107 je badaniom technicznym, aby upewni\u0107 si\u0119, \u017ce nie zosta\u0142y one uszkodzone podczas transportu lub monta\u017cu.<\/p>\n<h2>Podsumowanie por\u00f3wnawcze klasyfikacji testu filtra<\/h2>\n<p><img loading=\"lazy\" decoding=\"async\" class=\"alignnone wp-image-23900 \" src=\"http:\/\/www.afprofilters.com\/wp-content\/uploads\/2021\/02\/ISO-16890-PL.png\" alt=\"\" width=\"511\" height=\"187\" srcset=\"https:\/\/www.afprofilters.com\/wp-content\/uploads\/2021\/02\/ISO-16890-PL.png 900w, https:\/\/www.afprofilters.com\/wp-content\/uploads\/2021\/02\/ISO-16890-PL-300x110.png 300w, https:\/\/www.afprofilters.com\/wp-content\/uploads\/2021\/02\/ISO-16890-PL-768x281.png 768w\" sizes=\"auto, (max-width: 511px) 100vw, 511px\" \/><\/p>\n<p><img loading=\"lazy\" decoding=\"async\" class=\"alignnone wp-image-23893 \" src=\"http:\/\/www.afprofilters.com\/wp-content\/uploads\/2021\/02\/EN-1822-PL.png\" alt=\"\" width=\"894\" height=\"178\" srcset=\"https:\/\/www.afprofilters.com\/wp-content\/uploads\/2021\/02\/EN-1822-PL.png 1149w, https:\/\/www.afprofilters.com\/wp-content\/uploads\/2021\/02\/EN-1822-PL-300x60.png 300w, https:\/\/www.afprofilters.com\/wp-content\/uploads\/2021\/02\/EN-1822-PL-1024x204.png 1024w, https:\/\/www.afprofilters.com\/wp-content\/uploads\/2021\/02\/EN-1822-PL-768x153.png 768w, https:\/\/www.afprofilters.com\/wp-content\/uploads\/2021\/02\/EN-1822-PL-1080x215.png 1080w\" sizes=\"auto, (max-width: 894px) 100vw, 894px\" \/><\/p>\n","protected":false},"excerpt":{"rendered":"<p>W jaki spos\u00f3b u\u017cytkownik mo\u017ce stwierdzi\u0107, czy filtr gwarantuje oczekiwan\u0105 jako\u015b\u0107 powietrza? Filtry powietrza zosta\u0142y w Europie sklasyfikowane zgodnie z dwiema normami: ISO 16890\u00a0 dla przeciwpy\u0142owych filtr\u00f3w powietrza do wentylacji og\u00f3lnej i dok\u0142adnych oraz EN1822:2019 dla filtr\u00f3w HEPA i ULPA. Filtry przetestowane zgodnie z normami spe\u0142niaj\u0105 surowe wymagania. W trakcie przeprowadzanych test\u00f3w filtry poddawane s\u0105 [&hellip;]<\/p>\n","protected":false},"author":2,"featured_media":0,"parent":2697,"menu_order":0,"comment_status":"closed","ping_status":"closed","template":"","meta":{"_acf_changed":false,"footnotes":""},"class_list":["post-2676","page","type-page","status-publish","hentry"],"acf":[],"yoast_head":"<!-- This site is optimized with the Yoast SEO plugin v27.3 - https:\/\/yoast.com\/product\/yoast-seo-wordpress\/ -->\n<title>Klasyfikacja filtr\u00f3w - AFPRO<\/title>\n<meta name=\"robots\" content=\"index, follow, max-snippet:-1, max-image-preview:large, max-video-preview:-1\" \/>\n<link rel=\"canonical\" href=\"https:\/\/www.afprofilters.com\/pl\/ekspertyza\/klasyfikacja-filtrow\/\" \/>\n<meta property=\"og:locale\" content=\"pl_PL\" \/>\n<meta property=\"og:type\" content=\"article\" \/>\n<meta property=\"og:title\" content=\"Klasyfikacja filtr\u00f3w - AFPRO\" \/>\n<meta property=\"og:description\" content=\"W jaki spos\u00f3b u\u017cytkownik mo\u017ce stwierdzi\u0107, czy filtr gwarantuje oczekiwan\u0105 jako\u015b\u0107 powietrza? Filtry powietrza zosta\u0142y w Europie sklasyfikowane zgodnie z dwiema normami: ISO 16890\u00a0 dla przeciwpy\u0142owych filtr\u00f3w powietrza do wentylacji og\u00f3lnej i dok\u0142adnych oraz EN1822:2019 dla filtr\u00f3w HEPA i ULPA. Filtry przetestowane zgodnie z normami spe\u0142niaj\u0105 surowe wymagania. W trakcie przeprowadzanych test\u00f3w filtry poddawane s\u0105 [&hellip;]\" \/>\n<meta property=\"og:url\" content=\"https:\/\/www.afprofilters.com\/pl\/ekspertyza\/klasyfikacja-filtrow\/\" \/>\n<meta property=\"og:site_name\" content=\"AFPRO\" \/>\n<meta property=\"article:modified_time\" content=\"2021-02-26T17:55:43+00:00\" \/>\n<meta property=\"og:image\" content=\"http:\/\/www.afprofilters.com\/wp-content\/uploads\/2021\/02\/ISO-16890-PL.png\" \/>\n<meta name=\"twitter:card\" content=\"summary_large_image\" \/>\n<meta name=\"twitter:label1\" content=\"Szacowany czas czytania\" \/>\n\t<meta name=\"twitter:data1\" content=\"2 minuty\" \/>\n<script type=\"application\/ld+json\" class=\"yoast-schema-graph\">{\"@context\":\"https:\\\/\\\/schema.org\",\"@graph\":[{\"@type\":\"WebPage\",\"@id\":\"https:\\\/\\\/www.afprofilters.com\\\/pl\\\/ekspertyza\\\/klasyfikacja-filtrow\\\/\",\"url\":\"https:\\\/\\\/www.afprofilters.com\\\/pl\\\/ekspertyza\\\/klasyfikacja-filtrow\\\/\",\"name\":\"Klasyfikacja filtr\u00f3w - AFPRO\",\"isPartOf\":{\"@id\":\"https:\\\/\\\/www.afprofilters.com\\\/pl\\\/#website\"},\"primaryImageOfPage\":{\"@id\":\"https:\\\/\\\/www.afprofilters.com\\\/pl\\\/ekspertyza\\\/klasyfikacja-filtrow\\\/#primaryimage\"},\"image\":{\"@id\":\"https:\\\/\\\/www.afprofilters.com\\\/pl\\\/ekspertyza\\\/klasyfikacja-filtrow\\\/#primaryimage\"},\"thumbnailUrl\":\"http:\\\/\\\/www.afprofilters.com\\\/wp-content\\\/uploads\\\/2021\\\/02\\\/ISO-16890-PL.png\",\"datePublished\":\"2016-10-04T08:30:49+00:00\",\"dateModified\":\"2021-02-26T17:55:43+00:00\",\"breadcrumb\":{\"@id\":\"https:\\\/\\\/www.afprofilters.com\\\/pl\\\/ekspertyza\\\/klasyfikacja-filtrow\\\/#breadcrumb\"},\"inLanguage\":\"pl-PL\",\"potentialAction\":[{\"@type\":\"ReadAction\",\"target\":[\"https:\\\/\\\/www.afprofilters.com\\\/pl\\\/ekspertyza\\\/klasyfikacja-filtrow\\\/\"]}]},{\"@type\":\"ImageObject\",\"inLanguage\":\"pl-PL\",\"@id\":\"https:\\\/\\\/www.afprofilters.com\\\/pl\\\/ekspertyza\\\/klasyfikacja-filtrow\\\/#primaryimage\",\"url\":\"http:\\\/\\\/www.afprofilters.com\\\/wp-content\\\/uploads\\\/2021\\\/02\\\/ISO-16890-PL.png\",\"contentUrl\":\"http:\\\/\\\/www.afprofilters.com\\\/wp-content\\\/uploads\\\/2021\\\/02\\\/ISO-16890-PL.png\"},{\"@type\":\"BreadcrumbList\",\"@id\":\"https:\\\/\\\/www.afprofilters.com\\\/pl\\\/ekspertyza\\\/klasyfikacja-filtrow\\\/#breadcrumb\",\"itemListElement\":[{\"@type\":\"ListItem\",\"position\":1,\"name\":\"\",\"item\":\"https:\\\/\\\/www.afprofilters.com\\\/pl\\\/\"},{\"@type\":\"ListItem\",\"position\":2,\"name\":\"Ekspertyza\",\"item\":\"https:\\\/\\\/www.afprofilters.com\\\/pl\\\/ekspertyza\\\/\"},{\"@type\":\"ListItem\",\"position\":3,\"name\":\"Klasyfikacja filtr\u00f3w\"}]},{\"@type\":\"WebSite\",\"@id\":\"https:\\\/\\\/www.afprofilters.com\\\/pl\\\/#website\",\"url\":\"https:\\\/\\\/www.afprofilters.com\\\/pl\\\/\",\"name\":\"AFPRO\",\"description\":\"AFPRO Filters\",\"publisher\":{\"@id\":\"https:\\\/\\\/www.afprofilters.com\\\/pl\\\/#organization\"},\"potentialAction\":[{\"@type\":\"SearchAction\",\"target\":{\"@type\":\"EntryPoint\",\"urlTemplate\":\"https:\\\/\\\/www.afprofilters.com\\\/pl\\\/?s={search_term_string}\"},\"query-input\":{\"@type\":\"PropertyValueSpecification\",\"valueRequired\":true,\"valueName\":\"search_term_string\"}}],\"inLanguage\":\"pl-PL\"},{\"@type\":\"Organization\",\"@id\":\"https:\\\/\\\/www.afprofilters.com\\\/pl\\\/#organization\",\"name\":\"AFPRO\",\"url\":\"https:\\\/\\\/www.afprofilters.com\\\/pl\\\/\",\"logo\":{\"@type\":\"ImageObject\",\"inLanguage\":\"pl-PL\",\"@id\":\"https:\\\/\\\/www.afprofilters.com\\\/pl\\\/#\\\/schema\\\/logo\\\/image\\\/\",\"url\":\"https:\\\/\\\/www.afprofilters.com\\\/wp-content\\\/uploads\\\/2021\\\/05\\\/AFPRO-logo.png\",\"contentUrl\":\"https:\\\/\\\/www.afprofilters.com\\\/wp-content\\\/uploads\\\/2021\\\/05\\\/AFPRO-logo.png\",\"width\":640,\"height\":177,\"caption\":\"AFPRO\"},\"image\":{\"@id\":\"https:\\\/\\\/www.afprofilters.com\\\/pl\\\/#\\\/schema\\\/logo\\\/image\\\/\"}}]}<\/script>\n<!-- \/ Yoast SEO plugin. -->","yoast_head_json":{"title":"Klasyfikacja filtr\u00f3w - AFPRO","robots":{"index":"index","follow":"follow","max-snippet":"max-snippet:-1","max-image-preview":"max-image-preview:large","max-video-preview":"max-video-preview:-1"},"canonical":"https:\/\/www.afprofilters.com\/pl\/ekspertyza\/klasyfikacja-filtrow\/","og_locale":"pl_PL","og_type":"article","og_title":"Klasyfikacja filtr\u00f3w - AFPRO","og_description":"W jaki spos\u00f3b u\u017cytkownik mo\u017ce stwierdzi\u0107, czy filtr gwarantuje oczekiwan\u0105 jako\u015b\u0107 powietrza? Filtry powietrza zosta\u0142y w Europie sklasyfikowane zgodnie z dwiema normami: ISO 16890\u00a0 dla przeciwpy\u0142owych filtr\u00f3w powietrza do wentylacji og\u00f3lnej i dok\u0142adnych oraz EN1822:2019 dla filtr\u00f3w HEPA i ULPA. Filtry przetestowane zgodnie z normami spe\u0142niaj\u0105 surowe wymagania. W trakcie przeprowadzanych test\u00f3w filtry poddawane s\u0105 [&hellip;]","og_url":"https:\/\/www.afprofilters.com\/pl\/ekspertyza\/klasyfikacja-filtrow\/","og_site_name":"AFPRO","article_modified_time":"2021-02-26T17:55:43+00:00","og_image":[{"url":"http:\/\/www.afprofilters.com\/wp-content\/uploads\/2021\/02\/ISO-16890-PL.png","type":"","width":"","height":""}],"twitter_card":"summary_large_image","twitter_misc":{"Szacowany czas czytania":"2 minuty"},"schema":{"@context":"https:\/\/schema.org","@graph":[{"@type":"WebPage","@id":"https:\/\/www.afprofilters.com\/pl\/ekspertyza\/klasyfikacja-filtrow\/","url":"https:\/\/www.afprofilters.com\/pl\/ekspertyza\/klasyfikacja-filtrow\/","name":"Klasyfikacja filtr\u00f3w - AFPRO","isPartOf":{"@id":"https:\/\/www.afprofilters.com\/pl\/#website"},"primaryImageOfPage":{"@id":"https:\/\/www.afprofilters.com\/pl\/ekspertyza\/klasyfikacja-filtrow\/#primaryimage"},"image":{"@id":"https:\/\/www.afprofilters.com\/pl\/ekspertyza\/klasyfikacja-filtrow\/#primaryimage"},"thumbnailUrl":"http:\/\/www.afprofilters.com\/wp-content\/uploads\/2021\/02\/ISO-16890-PL.png","datePublished":"2016-10-04T08:30:49+00:00","dateModified":"2021-02-26T17:55:43+00:00","breadcrumb":{"@id":"https:\/\/www.afprofilters.com\/pl\/ekspertyza\/klasyfikacja-filtrow\/#breadcrumb"},"inLanguage":"pl-PL","potentialAction":[{"@type":"ReadAction","target":["https:\/\/www.afprofilters.com\/pl\/ekspertyza\/klasyfikacja-filtrow\/"]}]},{"@type":"ImageObject","inLanguage":"pl-PL","@id":"https:\/\/www.afprofilters.com\/pl\/ekspertyza\/klasyfikacja-filtrow\/#primaryimage","url":"http:\/\/www.afprofilters.com\/wp-content\/uploads\/2021\/02\/ISO-16890-PL.png","contentUrl":"http:\/\/www.afprofilters.com\/wp-content\/uploads\/2021\/02\/ISO-16890-PL.png"},{"@type":"BreadcrumbList","@id":"https:\/\/www.afprofilters.com\/pl\/ekspertyza\/klasyfikacja-filtrow\/#breadcrumb","itemListElement":[{"@type":"ListItem","position":1,"name":"","item":"https:\/\/www.afprofilters.com\/pl\/"},{"@type":"ListItem","position":2,"name":"Ekspertyza","item":"https:\/\/www.afprofilters.com\/pl\/ekspertyza\/"},{"@type":"ListItem","position":3,"name":"Klasyfikacja filtr\u00f3w"}]},{"@type":"WebSite","@id":"https:\/\/www.afprofilters.com\/pl\/#website","url":"https:\/\/www.afprofilters.com\/pl\/","name":"AFPRO","description":"AFPRO Filters","publisher":{"@id":"https:\/\/www.afprofilters.com\/pl\/#organization"},"potentialAction":[{"@type":"SearchAction","target":{"@type":"EntryPoint","urlTemplate":"https:\/\/www.afprofilters.com\/pl\/?s={search_term_string}"},"query-input":{"@type":"PropertyValueSpecification","valueRequired":true,"valueName":"search_term_string"}}],"inLanguage":"pl-PL"},{"@type":"Organization","@id":"https:\/\/www.afprofilters.com\/pl\/#organization","name":"AFPRO","url":"https:\/\/www.afprofilters.com\/pl\/","logo":{"@type":"ImageObject","inLanguage":"pl-PL","@id":"https:\/\/www.afprofilters.com\/pl\/#\/schema\/logo\/image\/","url":"https:\/\/www.afprofilters.com\/wp-content\/uploads\/2021\/05\/AFPRO-logo.png","contentUrl":"https:\/\/www.afprofilters.com\/wp-content\/uploads\/2021\/05\/AFPRO-logo.png","width":640,"height":177,"caption":"AFPRO"},"image":{"@id":"https:\/\/www.afprofilters.com\/pl\/#\/schema\/logo\/image\/"}}]}},"_links":{"self":[{"href":"https:\/\/www.afprofilters.com\/pl\/wp-json\/wp\/v2\/pages\/2676","targetHints":{"allow":["GET"]}}],"collection":[{"href":"https:\/\/www.afprofilters.com\/pl\/wp-json\/wp\/v2\/pages"}],"about":[{"href":"https:\/\/www.afprofilters.com\/pl\/wp-json\/wp\/v2\/types\/page"}],"author":[{"embeddable":true,"href":"https:\/\/www.afprofilters.com\/pl\/wp-json\/wp\/v2\/users\/2"}],"replies":[{"embeddable":true,"href":"https:\/\/www.afprofilters.com\/pl\/wp-json\/wp\/v2\/comments?post=2676"}],"version-history":[{"count":0,"href":"https:\/\/www.afprofilters.com\/pl\/wp-json\/wp\/v2\/pages\/2676\/revisions"}],"up":[{"embeddable":true,"href":"https:\/\/www.afprofilters.com\/pl\/wp-json\/wp\/v2\/pages\/2697"}],"wp:attachment":[{"href":"https:\/\/www.afprofilters.com\/pl\/wp-json\/wp\/v2\/media?parent=2676"}],"curies":[{"name":"wp","href":"https:\/\/api.w.org\/{rel}","templated":true}]}}