{"id":2673,"date":"2016-10-04T08:29:38","date_gmt":"2016-10-04T08:29:38","guid":{"rendered":"https:\/\/www.afprofilters.com\/?page_id=2673&#038;lang=pl"},"modified":"2019-10-07T08:55:18","modified_gmt":"2019-10-07T08:55:18","slug":"jaka-role-odgrywaja-filtry-powietrza","status":"publish","type":"page","link":"https:\/\/www.afprofilters.com\/pl\/jaka-role-odgrywaja-filtry-powietrza\/","title":{"rendered":"Jak\u0105 rol\u0119 odgrywaj\u0105 filtry powietrza"},"content":{"rendered":"<h2>Py\u0142 zawieszony?<\/h2>\n<p>Czym jest py\u0142 zawieszony? W jaki spos\u00f3b mo\u017cna\u00a0oczyszcza\u0107 powietrze za pomoc\u0105 filtr\u00f3w? Jaki jest najlepszy filtr cz\u0105stek sta\u0142ych?\u00a0 Filtry AFPRO s\u0105\u00a0zaprojektowane z my\u015bl\u0105 o\u00a0filtracji drobnego py\u0142u. Zapraszamy do obejrzenia naszego filmu o na temat py\u0142u zawieszonego:<\/p>\n<p><iframe loading=\"lazy\" title=\"AFPRO Filters energy saving air filters with A+ energy label ENG\" width=\"500\" height=\"281\" src=\"https:\/\/www.youtube.com\/embed\/1KgWkiVI0p4?feature=oembed\" frameborder=\"0\" allow=\"accelerometer; autoplay; clipboard-write; encrypted-media; gyroscope; picture-in-picture; web-share\" referrerpolicy=\"strict-origin-when-cross-origin\" allowfullscreen><\/iframe><\/p>\n<h2>Dlaczego cz\u0105stki sta\u0142e s\u0105 niebezpieczne?<\/h2>\n<p>Poni\u017csza infografika pokazuje czym jest py\u0142, dlaczego cz\u0105stki sta\u0142e s\u0105 niebezpieczne dla cz\u0142owieka i jakie filtry chroni\u0105 najlepiej przed drobnym py\u0142em zawieszonym PM1 (PM=Particulate Matter).<\/p>\n<p><img loading=\"lazy\" decoding=\"async\" class=\"alignnone wp-image-16058 size-full\" src=\"https:\/\/www.afprofilters.com\/wp-content\/uploads\/\/2019\/10\/190710_AFPRO-FILTERS_PM_PL.jpg\" alt=\"\" width=\"4303\" height=\"1500\" srcset=\"https:\/\/www.afprofilters.com\/wp-content\/uploads\/2019\/10\/190710_AFPRO-FILTERS_PM_PL.jpg 4303w, https:\/\/www.afprofilters.com\/wp-content\/uploads\/2019\/10\/190710_AFPRO-FILTERS_PM_PL-300x105.jpg 300w, https:\/\/www.afprofilters.com\/wp-content\/uploads\/2019\/10\/190710_AFPRO-FILTERS_PM_PL-768x268.jpg 768w, https:\/\/www.afprofilters.com\/wp-content\/uploads\/2019\/10\/190710_AFPRO-FILTERS_PM_PL-1024x357.jpg 1024w, https:\/\/www.afprofilters.com\/wp-content\/uploads\/2019\/10\/190710_AFPRO-FILTERS_PM_PL-1080x376.jpg 1080w\" sizes=\"auto, (max-width: 4303px) 100vw, 4303px\" \/><\/p>\n<h2>Py\u0142: przenikanie do cia\u0142a ludzkiego<\/h2>\n<p>Py\u0142 wyst\u0119puje w r\u00f3\u017cnych kszta\u0142tach i rozmiarach. Poni\u017csza infografika pokazuje, jak g\u0142\u0119boko wdychane cz\u0105steczki penetruj\u0105 ludzkie cia\u0142o.<\/p>\n<p><img loading=\"lazy\" decoding=\"async\" class=\"alignnone wp-image-15945\" src=\"https:\/\/www.afprofilters.com\/wp-content\/uploads\/\/2019\/10\/191003_Penetration-particulate-matter-inside-the-body.jpg\" alt=\"\" width=\"1000\" height=\"726\" srcset=\"https:\/\/www.afprofilters.com\/wp-content\/uploads\/2019\/10\/191003_Penetration-particulate-matter-inside-the-body.jpg 3751w, https:\/\/www.afprofilters.com\/wp-content\/uploads\/2019\/10\/191003_Penetration-particulate-matter-inside-the-body-300x218.jpg 300w, https:\/\/www.afprofilters.com\/wp-content\/uploads\/2019\/10\/191003_Penetration-particulate-matter-inside-the-body-768x558.jpg 768w, https:\/\/www.afprofilters.com\/wp-content\/uploads\/2019\/10\/191003_Penetration-particulate-matter-inside-the-body-1024x744.jpg 1024w, https:\/\/www.afprofilters.com\/wp-content\/uploads\/2019\/10\/191003_Penetration-particulate-matter-inside-the-body-1080x784.jpg 1080w\" sizes=\"auto, (max-width: 1000px) 100vw, 1000px\" \/><\/p>\n<h2>Jak mierzy\u0107 py\u0142 zawieszony ?<\/h2>\n<p>Wiele os\u00f3b s\u0142ysza\u0142o o szkodliwo\u015bci py\u0142u zawieszonego ale nie wiedz\u0105 jak mierzy\u0107 cz\u0105stki sta\u0142e lub drobny py\u0142. Wraz z now\u0105 norm\u0105 ISO 16890 oraz \u015bwiadomo\u015bci\u0105 wzrostem zagro\u017cenia py\u0142em zawieszonym, pomy\u015bleli\u015bmy, \u017ce b\u0119dzie to mia\u0142o sen,s gdy poka\u017cemy jak mierzy\u0107 drobny py\u0142. Dlatego nagrali\u015bmy kr\u00f3tki (57s) film, kt\u00f3ry wyja\u015bnia, jak mo\u017cna mierzy\u0107 cz\u0105stki sta\u0142e przy u\u017cyciu urz\u0105dze\u0144 II TSI Dusttrack. Mamy nadziej\u0119, \u017ce si\u0119 Wam spodoba!<\/p>\n<p><iframe loading=\"lazy\" title=\"W jaki spos\u00f3b mierzymy st\u0119\u017cenie py\u0142u zawieszonego? W tym celu pos\u0142u\u017cymy si\u0119 Dustrack ii \u2013 ISO16890\" width=\"500\" height=\"281\" src=\"https:\/\/www.youtube.com\/embed\/QgX2ltojeTc?feature=oembed\" frameborder=\"0\" allow=\"accelerometer; autoplay; clipboard-write; encrypted-media; gyroscope; picture-in-picture; web-share\" referrerpolicy=\"strict-origin-when-cross-origin\" allowfullscreen><\/iframe><\/p>\n<p>Je\u015bli chcesz dowiedzie\u0107 si\u0119 wi\u0119cej o najlepszej ochronie przed py\u0142ami i wyborze najlepszego filtra powietrza, nie wahaj si\u0119 z nami skontaktowa\u0107. Czekamy na kontakt z Pa\u0144stwem.<\/p>\n<p><a class=\"btn btn-default\" href=\" https:\/\/www.afprofilters.pl\/kontakt\/ \" target=\"_blank\" rel=\"noopener noreferrer\"> Kontakt<\/a><\/p>\n","protected":false},"excerpt":{"rendered":"<p>Py\u0142 zawieszony? Czym jest py\u0142 zawieszony? W jaki spos\u00f3b mo\u017cna\u00a0oczyszcza\u0107 powietrze za pomoc\u0105 filtr\u00f3w? Jaki jest najlepszy filtr cz\u0105stek sta\u0142ych?\u00a0 Filtry AFPRO s\u0105\u00a0zaprojektowane z my\u015bl\u0105 o\u00a0filtracji drobnego py\u0142u. Zapraszamy do obejrzenia naszego filmu o na temat py\u0142u zawieszonego: Dlaczego cz\u0105stki sta\u0142e s\u0105 niebezpieczne? Poni\u017csza infografika pokazuje czym jest py\u0142, dlaczego cz\u0105stki sta\u0142e s\u0105 niebezpieczne dla [&hellip;]<\/p>\n","protected":false},"author":2,"featured_media":0,"parent":0,"menu_order":0,"comment_status":"closed","ping_status":"closed","template":"","meta":{"_acf_changed":false,"footnotes":""},"class_list":["post-2673","page","type-page","status-publish","hentry"],"acf":[],"yoast_head":"<!-- This site is optimized with the Yoast SEO plugin v27.3 - https:\/\/yoast.com\/product\/yoast-seo-wordpress\/ -->\n<title>Jak\u0105 rol\u0119 odgrywaj\u0105 filtry powietrza - AFPRO<\/title>\n<meta name=\"robots\" content=\"index, follow, max-snippet:-1, max-image-preview:large, max-video-preview:-1\" \/>\n<link rel=\"canonical\" href=\"https:\/\/www.afprofilters.com\/pl\/jaka-role-odgrywaja-filtry-powietrza\/\" \/>\n<meta property=\"og:locale\" content=\"pl_PL\" \/>\n<meta property=\"og:type\" content=\"article\" \/>\n<meta property=\"og:title\" content=\"Jak\u0105 rol\u0119 odgrywaj\u0105 filtry powietrza - AFPRO\" \/>\n<meta property=\"og:description\" content=\"Py\u0142 zawieszony? Czym jest py\u0142 zawieszony? W jaki spos\u00f3b mo\u017cna\u00a0oczyszcza\u0107 powietrze za pomoc\u0105 filtr\u00f3w? Jaki jest najlepszy filtr cz\u0105stek sta\u0142ych?\u00a0 Filtry AFPRO s\u0105\u00a0zaprojektowane z my\u015bl\u0105 o\u00a0filtracji drobnego py\u0142u. Zapraszamy do obejrzenia naszego filmu o na temat py\u0142u zawieszonego: Dlaczego cz\u0105stki sta\u0142e s\u0105 niebezpieczne? Poni\u017csza infografika pokazuje czym jest py\u0142, dlaczego cz\u0105stki sta\u0142e s\u0105 niebezpieczne dla [&hellip;]\" \/>\n<meta property=\"og:url\" content=\"https:\/\/www.afprofilters.com\/pl\/jaka-role-odgrywaja-filtry-powietrza\/\" \/>\n<meta property=\"og:site_name\" content=\"AFPRO\" \/>\n<meta property=\"article:modified_time\" content=\"2019-10-07T08:55:18+00:00\" \/>\n<meta property=\"og:image\" content=\"https:\/\/www.afprofilters.com\/wp-content\/uploads\/\/2019\/10\/190710_AFPRO-FILTERS_PM_PL.jpg\" \/>\n<meta name=\"twitter:card\" content=\"summary_large_image\" \/>\n<meta name=\"twitter:label1\" content=\"Szacowany czas czytania\" \/>\n\t<meta name=\"twitter:data1\" content=\"1 minuta\" \/>\n<script type=\"application\/ld+json\" class=\"yoast-schema-graph\">{\"@context\":\"https:\\\/\\\/schema.org\",\"@graph\":[{\"@type\":\"WebPage\",\"@id\":\"https:\\\/\\\/www.afprofilters.com\\\/pl\\\/jaka-role-odgrywaja-filtry-powietrza\\\/\",\"url\":\"https:\\\/\\\/www.afprofilters.com\\\/pl\\\/jaka-role-odgrywaja-filtry-powietrza\\\/\",\"name\":\"Jak\u0105 rol\u0119 odgrywaj\u0105 filtry powietrza - AFPRO\",\"isPartOf\":{\"@id\":\"https:\\\/\\\/www.afprofilters.com\\\/pl\\\/#website\"},\"primaryImageOfPage\":{\"@id\":\"https:\\\/\\\/www.afprofilters.com\\\/pl\\\/jaka-role-odgrywaja-filtry-powietrza\\\/#primaryimage\"},\"image\":{\"@id\":\"https:\\\/\\\/www.afprofilters.com\\\/pl\\\/jaka-role-odgrywaja-filtry-powietrza\\\/#primaryimage\"},\"thumbnailUrl\":\"https:\\\/\\\/www.afprofilters.com\\\/wp-content\\\/uploads\\\/\\\/2019\\\/10\\\/190710_AFPRO-FILTERS_PM_PL.jpg\",\"datePublished\":\"2016-10-04T08:29:38+00:00\",\"dateModified\":\"2019-10-07T08:55:18+00:00\",\"breadcrumb\":{\"@id\":\"https:\\\/\\\/www.afprofilters.com\\\/pl\\\/jaka-role-odgrywaja-filtry-powietrza\\\/#breadcrumb\"},\"inLanguage\":\"pl-PL\",\"potentialAction\":[{\"@type\":\"ReadAction\",\"target\":[\"https:\\\/\\\/www.afprofilters.com\\\/pl\\\/jaka-role-odgrywaja-filtry-powietrza\\\/\"]}]},{\"@type\":\"ImageObject\",\"inLanguage\":\"pl-PL\",\"@id\":\"https:\\\/\\\/www.afprofilters.com\\\/pl\\\/jaka-role-odgrywaja-filtry-powietrza\\\/#primaryimage\",\"url\":\"https:\\\/\\\/www.afprofilters.com\\\/wp-content\\\/uploads\\\/\\\/2019\\\/10\\\/190710_AFPRO-FILTERS_PM_PL.jpg\",\"contentUrl\":\"https:\\\/\\\/www.afprofilters.com\\\/wp-content\\\/uploads\\\/\\\/2019\\\/10\\\/190710_AFPRO-FILTERS_PM_PL.jpg\"},{\"@type\":\"BreadcrumbList\",\"@id\":\"https:\\\/\\\/www.afprofilters.com\\\/pl\\\/jaka-role-odgrywaja-filtry-powietrza\\\/#breadcrumb\",\"itemListElement\":[{\"@type\":\"ListItem\",\"position\":1,\"name\":\"\",\"item\":\"https:\\\/\\\/www.afprofilters.com\\\/pl\\\/\"},{\"@type\":\"ListItem\",\"position\":2,\"name\":\"Jak\u0105 rol\u0119 odgrywaj\u0105 filtry powietrza\"}]},{\"@type\":\"WebSite\",\"@id\":\"https:\\\/\\\/www.afprofilters.com\\\/pl\\\/#website\",\"url\":\"https:\\\/\\\/www.afprofilters.com\\\/pl\\\/\",\"name\":\"AFPRO\",\"description\":\"AFPRO Filters\",\"publisher\":{\"@id\":\"https:\\\/\\\/www.afprofilters.com\\\/pl\\\/#organization\"},\"potentialAction\":[{\"@type\":\"SearchAction\",\"target\":{\"@type\":\"EntryPoint\",\"urlTemplate\":\"https:\\\/\\\/www.afprofilters.com\\\/pl\\\/?s={search_term_string}\"},\"query-input\":{\"@type\":\"PropertyValueSpecification\",\"valueRequired\":true,\"valueName\":\"search_term_string\"}}],\"inLanguage\":\"pl-PL\"},{\"@type\":\"Organization\",\"@id\":\"https:\\\/\\\/www.afprofilters.com\\\/pl\\\/#organization\",\"name\":\"AFPRO\",\"url\":\"https:\\\/\\\/www.afprofilters.com\\\/pl\\\/\",\"logo\":{\"@type\":\"ImageObject\",\"inLanguage\":\"pl-PL\",\"@id\":\"https:\\\/\\\/www.afprofilters.com\\\/pl\\\/#\\\/schema\\\/logo\\\/image\\\/\",\"url\":\"https:\\\/\\\/www.afprofilters.com\\\/wp-content\\\/uploads\\\/2021\\\/05\\\/AFPRO-logo.png\",\"contentUrl\":\"https:\\\/\\\/www.afprofilters.com\\\/wp-content\\\/uploads\\\/2021\\\/05\\\/AFPRO-logo.png\",\"width\":640,\"height\":177,\"caption\":\"AFPRO\"},\"image\":{\"@id\":\"https:\\\/\\\/www.afprofilters.com\\\/pl\\\/#\\\/schema\\\/logo\\\/image\\\/\"}}]}<\/script>\n<!-- \/ Yoast SEO plugin. -->","yoast_head_json":{"title":"Jak\u0105 rol\u0119 odgrywaj\u0105 filtry powietrza - AFPRO","robots":{"index":"index","follow":"follow","max-snippet":"max-snippet:-1","max-image-preview":"max-image-preview:large","max-video-preview":"max-video-preview:-1"},"canonical":"https:\/\/www.afprofilters.com\/pl\/jaka-role-odgrywaja-filtry-powietrza\/","og_locale":"pl_PL","og_type":"article","og_title":"Jak\u0105 rol\u0119 odgrywaj\u0105 filtry powietrza - AFPRO","og_description":"Py\u0142 zawieszony? Czym jest py\u0142 zawieszony? W jaki spos\u00f3b mo\u017cna\u00a0oczyszcza\u0107 powietrze za pomoc\u0105 filtr\u00f3w? Jaki jest najlepszy filtr cz\u0105stek sta\u0142ych?\u00a0 Filtry AFPRO s\u0105\u00a0zaprojektowane z my\u015bl\u0105 o\u00a0filtracji drobnego py\u0142u. Zapraszamy do obejrzenia naszego filmu o na temat py\u0142u zawieszonego: Dlaczego cz\u0105stki sta\u0142e s\u0105 niebezpieczne? Poni\u017csza infografika pokazuje czym jest py\u0142, dlaczego cz\u0105stki sta\u0142e s\u0105 niebezpieczne dla [&hellip;]","og_url":"https:\/\/www.afprofilters.com\/pl\/jaka-role-odgrywaja-filtry-powietrza\/","og_site_name":"AFPRO","article_modified_time":"2019-10-07T08:55:18+00:00","og_image":[{"url":"https:\/\/www.afprofilters.com\/wp-content\/uploads\/\/2019\/10\/190710_AFPRO-FILTERS_PM_PL.jpg","type":"","width":"","height":""}],"twitter_card":"summary_large_image","twitter_misc":{"Szacowany czas czytania":"1 minuta"},"schema":{"@context":"https:\/\/schema.org","@graph":[{"@type":"WebPage","@id":"https:\/\/www.afprofilters.com\/pl\/jaka-role-odgrywaja-filtry-powietrza\/","url":"https:\/\/www.afprofilters.com\/pl\/jaka-role-odgrywaja-filtry-powietrza\/","name":"Jak\u0105 rol\u0119 odgrywaj\u0105 filtry powietrza - AFPRO","isPartOf":{"@id":"https:\/\/www.afprofilters.com\/pl\/#website"},"primaryImageOfPage":{"@id":"https:\/\/www.afprofilters.com\/pl\/jaka-role-odgrywaja-filtry-powietrza\/#primaryimage"},"image":{"@id":"https:\/\/www.afprofilters.com\/pl\/jaka-role-odgrywaja-filtry-powietrza\/#primaryimage"},"thumbnailUrl":"https:\/\/www.afprofilters.com\/wp-content\/uploads\/\/2019\/10\/190710_AFPRO-FILTERS_PM_PL.jpg","datePublished":"2016-10-04T08:29:38+00:00","dateModified":"2019-10-07T08:55:18+00:00","breadcrumb":{"@id":"https:\/\/www.afprofilters.com\/pl\/jaka-role-odgrywaja-filtry-powietrza\/#breadcrumb"},"inLanguage":"pl-PL","potentialAction":[{"@type":"ReadAction","target":["https:\/\/www.afprofilters.com\/pl\/jaka-role-odgrywaja-filtry-powietrza\/"]}]},{"@type":"ImageObject","inLanguage":"pl-PL","@id":"https:\/\/www.afprofilters.com\/pl\/jaka-role-odgrywaja-filtry-powietrza\/#primaryimage","url":"https:\/\/www.afprofilters.com\/wp-content\/uploads\/\/2019\/10\/190710_AFPRO-FILTERS_PM_PL.jpg","contentUrl":"https:\/\/www.afprofilters.com\/wp-content\/uploads\/\/2019\/10\/190710_AFPRO-FILTERS_PM_PL.jpg"},{"@type":"BreadcrumbList","@id":"https:\/\/www.afprofilters.com\/pl\/jaka-role-odgrywaja-filtry-powietrza\/#breadcrumb","itemListElement":[{"@type":"ListItem","position":1,"name":"","item":"https:\/\/www.afprofilters.com\/pl\/"},{"@type":"ListItem","position":2,"name":"Jak\u0105 rol\u0119 odgrywaj\u0105 filtry powietrza"}]},{"@type":"WebSite","@id":"https:\/\/www.afprofilters.com\/pl\/#website","url":"https:\/\/www.afprofilters.com\/pl\/","name":"AFPRO","description":"AFPRO Filters","publisher":{"@id":"https:\/\/www.afprofilters.com\/pl\/#organization"},"potentialAction":[{"@type":"SearchAction","target":{"@type":"EntryPoint","urlTemplate":"https:\/\/www.afprofilters.com\/pl\/?s={search_term_string}"},"query-input":{"@type":"PropertyValueSpecification","valueRequired":true,"valueName":"search_term_string"}}],"inLanguage":"pl-PL"},{"@type":"Organization","@id":"https:\/\/www.afprofilters.com\/pl\/#organization","name":"AFPRO","url":"https:\/\/www.afprofilters.com\/pl\/","logo":{"@type":"ImageObject","inLanguage":"pl-PL","@id":"https:\/\/www.afprofilters.com\/pl\/#\/schema\/logo\/image\/","url":"https:\/\/www.afprofilters.com\/wp-content\/uploads\/2021\/05\/AFPRO-logo.png","contentUrl":"https:\/\/www.afprofilters.com\/wp-content\/uploads\/2021\/05\/AFPRO-logo.png","width":640,"height":177,"caption":"AFPRO"},"image":{"@id":"https:\/\/www.afprofilters.com\/pl\/#\/schema\/logo\/image\/"}}]}},"_links":{"self":[{"href":"https:\/\/www.afprofilters.com\/pl\/wp-json\/wp\/v2\/pages\/2673","targetHints":{"allow":["GET"]}}],"collection":[{"href":"https:\/\/www.afprofilters.com\/pl\/wp-json\/wp\/v2\/pages"}],"about":[{"href":"https:\/\/www.afprofilters.com\/pl\/wp-json\/wp\/v2\/types\/page"}],"author":[{"embeddable":true,"href":"https:\/\/www.afprofilters.com\/pl\/wp-json\/wp\/v2\/users\/2"}],"replies":[{"embeddable":true,"href":"https:\/\/www.afprofilters.com\/pl\/wp-json\/wp\/v2\/comments?post=2673"}],"version-history":[{"count":0,"href":"https:\/\/www.afprofilters.com\/pl\/wp-json\/wp\/v2\/pages\/2673\/revisions"}],"wp:attachment":[{"href":"https:\/\/www.afprofilters.com\/pl\/wp-json\/wp\/v2\/media?parent=2673"}],"curies":[{"name":"wp","href":"https:\/\/api.w.org\/{rel}","templated":true}]}}