{"id":2655,"date":"2016-10-04T08:23:11","date_gmt":"2016-10-04T08:23:11","guid":{"rendered":"https:\/\/www.afprofilters.com\/?page_id=2655&#038;lang=pl"},"modified":"2017-01-26T12:14:57","modified_gmt":"2017-01-26T12:14:57","slug":"europejski-standard-en7792012","status":"publish","type":"page","link":"https:\/\/www.afprofilters.com\/pl\/europejski-standard-en7792012\/","title":{"rendered":"Europejski standard EN779:2012"},"content":{"rendered":"<p><strong>Spo\u0142ecze\u0144stwo ci\u0105gle ulega przemianom. Wymagania zwi\u0105zane z ochron\u0105 \u015brodowiska s\u0105 bardziej surowe, \u015brodowisko pracy staje si\u0119 coraz wa\u017cniejsze, a rozw\u00f3j technologiczny dynamicznie post\u0119puje. Po\u017c\u0105dane sta\u0142o si\u0119 wi\u0119c, by po dziesi\u0119ciu latach, dosz\u0142o do zmiany norm zwi\u0105zanych z filtracj\u0105 powietrza.<\/strong><\/p>\n<p><strong>Dwie najwa\u017cniejsze zmiany to:<\/strong><\/p>\n<p><strong>Wprowadzenie Testu Minimalnej Skuteczno\u015bci<\/strong><\/p>\n<p>W nowej normie EN779:2012 zostaje wprowadzony dla filtr\u00f3w dok\u0142adnych Test Minimalnej Skuteczno\u015bci (MTE). W trakcie testu EN779 filtry musz\u0105 spe\u0142nia\u0107 wymagania minimalnej skuteczno\u015bci. Dla filtr\u00f3w dok\u0142adnych minimalna skuteczno\u015b\u0107 wynosi (dla cz\u0105stki o wielko\u015bci 0,4 mikron\u00f3w):<br \/>\nF7 &gt; 35%<br \/>\nF8 &gt; 55%<br \/>\nF9 &gt; 70%<br \/>\nMTE prowadzi do tego, \u017ce elektrostatycznie na\u0142adowane filtry syntetyczne sklasyfikowane zostaj\u0105 ni\u017cej, gdy\u017c po wy\u0142adowaniu posiadaj\u0105 ni\u017csz\u0105 skuteczno\u015b\u0107.<\/p>\n<p><strong>F5 staje si\u0119 M5 i F6 staje si\u0119 M6.<\/strong><br \/>\nW nowej normie EN779:2012 F5 przechodzi w M5 a F6 w M6, litera M oznacza, \u017ce\u00a0s\u0105 to filtry o \u015bredniej skuteczno\u015bci. Do filtr\u00f3w o \u015bredniej skuteczno\u015bci MTE nie jest stosowane. Musz\u0105 one jednak\u00a0spe\u0142nia\u0107 wymagania \u015bredniej skuteczno\u015bci (Em): M5 &gt; 40 \u2264 Em 60 \u2264 Em &lt; 80<\/p>\n<p><strong>Co to oznacza?<\/strong><br \/>\nZakres filtr\u00f3w od G1 do M6 nie ulega rzeczywistej zmianie,\u00a0opr\u00f3cz kwestii\u00a0nazewnictwa filtr\u00f3w klasy\u00a0M5 i M6. Filtry te mog\u0105 spokojnie by\u0107 dalej u\u017cywane.<\/p>\n<p><strong>Filtry F7, F8 i F9<\/strong><br \/>\nFiltry te musz\u0105 spe\u0142nia\u0107 wymagania MTE. Wiele filtr\u00f3w syntetycznych w powy\u017cszych klasach nie spe\u0142nia nowego standardu. W roku 2012 filtry te by\u0142y jeszcze dostarczane, jednak od roku 2013 zastosowanie znajduj\u0105 filtry z nowym w\u0142\u00f3knem szklanym.<\/p>\n<p>Od 1 stycznia 2012 roku zosta\u0142a wprowadzona etykieta energetyczna na filtrach od G4 do F9 dla wszystkich cz\u0142onk\u00f3w Eurovent. Jest to bardzo praktyczne, bo dzi\u0119ki temu \u0142atwo mo\u017cna dokona\u0107 wyboru filtr\u00f3w z okre\u015blonej klasy i zwi\u0105zanego z ni\u0105 zu\u017cycia energii. Etykiety energetyczne obowi\u0105zuj\u0105 wy\u0142\u0105cznie dla filtr\u00f3w, kt\u00f3re spe\u0142niaj\u0105 norm\u0119 EN779:2012 w zakresie od G4 do F9 o nominalnym przep\u0142ywie 3400m3\/h. Etykiety energetyczne widoczne s\u0105 w naszych ofertach, na opakowaniu, ramie filtra, na naszej stronie internetowej i w naszym katalogu.<\/p>\n<p><strong>Klasyfikacja<\/strong><\/p>\n<p>Wszystkie filtry z zakresu od G4 do F9 charakteryzuje ich w\u0142asne zu\u017cycie energii w zale\u017cno\u015bci od ustalonej ilo\u015bci naniesionego py\u0142u. Filtry G4 obci\u0105\u017cone zostaj\u0105 350g py\u0142u testowego (ASHREA), M5 i M6 250g ASHREA i filtry F7-F9 100g ASHREA. Ta ilo\u015b\u0107 py\u0142u testowego zosta\u0142a wybrana w oparciu o przypuszczaln\u0105 ilo\u015b\u0107 py\u0142u, z kt\u00f3r\u0105 do czynienia ma filtr zainstalowany w przeci\u0119tnej centrali klimatyzacyjnej.\u00a0Po za\u0142adowaniu ustalonej ilo\u015bci py\u0142u dochodzi do podzia\u0142u filtr\u00f3w na etykiety energetyczne od A+ do\u00a0E w oparciu o teoretyczne zu\u017cycie. Etykieta A+ oznacza najni\u017csze zu\u017cycie energii.\u00a0Firma AFPRO Filters posiada produkty w ca\u0142ej gamie etykiet energetycznych od A+ do E.<\/p>\n<p><strong>Obliczenia<\/strong><\/p>\n<p>Zu\u017cycie energii zostaje obliczone w oparciu o nast\u0119puj\u0105ce r\u00f3wnanie:<\/p>\n<p><img loading=\"lazy\" decoding=\"async\" class=\"alignnone size-full wp-image-197\" src=\"https:\/\/www.afprofilters.com\/wp-content\/uploads\/2016\/09\/IMG-Equation1.jpg\" alt=\"IMG-Equation1\" width=\"149\" height=\"128\" \/><\/p>\n<p>Z r\u00f3wnania wynika, \u017ce filtry o du\u017cej powierzchni filtruj\u0105cej s\u0105 najbardziej oszcz\u0119dne energetycznie. Zazwyczaj r\u00f3wnie dobre wyniki pod tym wzgl\u0119dem osi\u0105gaj\u0105 filtry posiadaj\u0105ce wysok\u0105 moc zatrzymywania py\u0142u. Z tego powodu filtr kieszeniowy zawsze b\u0119dzie mia\u0142 lepsze wyniki ni\u017c filtr kasetowy.<\/p>\n<p><strong>Korzy\u015bci dla klienta. Bezpo\u015bredni wp\u0142yw na koszty\u00a0zu\u017cycia energii elektrycznej<\/strong><\/p>\n<p>Etykieta energetyczna udziela informacji odno\u015bnie zu\u017cycia energii przez filtr.\u00a080% ca\u0142kowitego kosztu filtracji powietrza stanowi\u0105 koszty zu\u017cycia energii. Im\u00a0lepsza klasa energetyczna (ni\u017csze zu\u017cycie energii), tym ni\u017csze koszty energii w okresie przydatno\u015bci filtra.\u00a0Przyjmuje si\u0119, \u017ce w ci\u0105gu 1 roku pracy wentylatory obracaj\u0105 si\u0119 bez przerwy. Wszystkie dane znajduj\u0105 si\u0119 w tabeli. Okazuje si\u0119, \u017ce przy zmiennej cenie energii, niski op\u00f3r przynosi oszcz\u0119dno\u015bci na kosztach energii w wysoko\u015bci ponad 600 euro. Nawet po odliczeniu nieco wy\u017cszej ceny zakupu energooszcz\u0119dnego filtra, nadal\u00a0dokonywane s\u0105\u00a0znacz\u0105ce oszcz\u0119dno\u015bci.\u00a0Przekaz jest wyra\u017any: przy zakupie filtra powietrza nale\u017cy pod uwag\u0119 bra\u0107 nie tylko jego cen\u0119, ale r\u00f3wnie\u017c koszty zu\u017cycia energii. Firma AFPRO Filters ch\u0119tnie s\u0142u\u017cy rad\u0105. Dzi\u0119ki konsultacjom sprzedawc\u00f3w z personelem technicznym mo\u017cliwe jest przeprowadzenie analizy, na temat tego w jaki spos\u00f3b mo\u017cna doprowadzi\u0107 do redukcji koszt\u00f3w przy zachowaniu takiego samego poziomu jako\u015bci powietrza, poprzez zmian\u0119 konfiguracji filtr\u00f3w.<\/p>\n<p><img loading=\"lazy\" decoding=\"async\" class=\"alignnone size-full wp-image-200\" src=\"https:\/\/www.afprofilters.com\/wp-content\/uploads\/2016\/09\/IMG-Cost_of_energy.jpg\" alt=\"IMG-Cost_of_energy\" width=\"708\" height=\"95\" srcset=\"https:\/\/www.afprofilters.com\/wp-content\/uploads\/2016\/09\/IMG-Cost_of_energy.jpg 708w, https:\/\/www.afprofilters.com\/wp-content\/uploads\/2016\/09\/IMG-Cost_of_energy-300x40.jpg 300w\" sizes=\"auto, (max-width: 708px) 100vw, 708px\" \/><\/p>\n<p><strong>Jak znale\u017a\u0107 oszcz\u0119dny filtr?<\/strong><\/p>\n<p>Dzi\u0119ki wprowadzeniu etykiet energetycznych na pierwszy rzut oka mo\u017cna oceni\u0107, na ile oszcz\u0119dny jest dany filtr. Obecnie znacznie \u0142atwiej jest prowadzi\u0107 przedsi\u0119biorstwo w spos\u00f3b zr\u00f3wnowa\u017cony, oszcz\u0119dzaj\u0105c energi\u0119 elektryczn\u0105.<\/p>\n<p><strong>Gwarantowane wyniki<\/strong><\/p>\n<p>Etykiety energetyczne s\u0105 niezale\u017cnie certyfikowane przez Eurovent.\u00a0Oznacza to, \u017ce obiecane wyniki s\u0105 w pe\u0142ni zagwarantowane.\u00a0Producenci, kt\u00f3rzy nie s\u0105 cz\u0142onkami Eurovent, nie mog\u0105 pos\u0142ugiwa\u0107 si\u0119 tymi etykietami. Mog\u0105 natomiast stworzy\u0107 w\u0142asne etykiety energetyczne, ale nie s\u0105 one obj\u0119te certyfikacj\u0105 Eurovent i nie posiadaj\u0105 gwarancji niezale\u017cnego instytutu.\u00a0Dokonuj\u0105c zakup\u00f3w, nale\u017cy zawsze\u00a0zwraca\u0107 na to uwag\u0119.<\/p>\n<p>&nbsp;<\/p>\n","protected":false},"excerpt":{"rendered":"<p>Spo\u0142ecze\u0144stwo ci\u0105gle ulega przemianom. Wymagania zwi\u0105zane z ochron\u0105 \u015brodowiska s\u0105 bardziej surowe, \u015brodowisko pracy staje si\u0119 coraz wa\u017cniejsze, a rozw\u00f3j technologiczny dynamicznie post\u0119puje. Po\u017c\u0105dane sta\u0142o si\u0119 wi\u0119c, by po dziesi\u0119ciu latach, dosz\u0142o do zmiany norm zwi\u0105zanych z filtracj\u0105 powietrza. Dwie najwa\u017cniejsze zmiany to: Wprowadzenie Testu Minimalnej Skuteczno\u015bci W nowej normie EN779:2012 zostaje wprowadzony dla filtr\u00f3w [&hellip;]<\/p>\n","protected":false},"author":2,"featured_media":0,"parent":0,"menu_order":0,"comment_status":"closed","ping_status":"closed","template":"","meta":{"_acf_changed":false,"footnotes":""},"class_list":["post-2655","page","type-page","status-publish","hentry"],"acf":[],"yoast_head":"<!-- This site is optimized with the Yoast SEO plugin v27.3 - https:\/\/yoast.com\/product\/yoast-seo-wordpress\/ -->\n<title>Europejski standard EN779:2012 - AFPRO<\/title>\n<meta name=\"robots\" content=\"index, follow, max-snippet:-1, max-image-preview:large, max-video-preview:-1\" \/>\n<link rel=\"canonical\" href=\"https:\/\/www.afprofilters.com\/pl\/europejski-standard-en7792012\/\" \/>\n<meta property=\"og:locale\" content=\"pl_PL\" \/>\n<meta property=\"og:type\" content=\"article\" \/>\n<meta property=\"og:title\" content=\"Europejski standard EN779:2012 - AFPRO\" \/>\n<meta property=\"og:description\" content=\"Spo\u0142ecze\u0144stwo ci\u0105gle ulega przemianom. Wymagania zwi\u0105zane z ochron\u0105 \u015brodowiska s\u0105 bardziej surowe, \u015brodowisko pracy staje si\u0119 coraz wa\u017cniejsze, a rozw\u00f3j technologiczny dynamicznie post\u0119puje. Po\u017c\u0105dane sta\u0142o si\u0119 wi\u0119c, by po dziesi\u0119ciu latach, dosz\u0142o do zmiany norm zwi\u0105zanych z filtracj\u0105 powietrza. Dwie najwa\u017cniejsze zmiany to: Wprowadzenie Testu Minimalnej Skuteczno\u015bci W nowej normie EN779:2012 zostaje wprowadzony dla filtr\u00f3w [&hellip;]\" \/>\n<meta property=\"og:url\" content=\"https:\/\/www.afprofilters.com\/pl\/europejski-standard-en7792012\/\" \/>\n<meta property=\"og:site_name\" content=\"AFPRO\" \/>\n<meta property=\"article:modified_time\" content=\"2017-01-26T12:14:57+00:00\" \/>\n<meta property=\"og:image\" content=\"https:\/\/www.afprofilters.com\/wp-content\/uploads\/2016\/09\/IMG-Equation1.jpg\" \/>\n<meta name=\"twitter:card\" content=\"summary_large_image\" \/>\n<meta name=\"twitter:label1\" content=\"Szacowany czas czytania\" \/>\n\t<meta name=\"twitter:data1\" content=\"4 minuty\" \/>\n<script type=\"application\/ld+json\" class=\"yoast-schema-graph\">{\"@context\":\"https:\\\/\\\/schema.org\",\"@graph\":[{\"@type\":\"WebPage\",\"@id\":\"https:\\\/\\\/www.afprofilters.com\\\/pl\\\/europejski-standard-en7792012\\\/\",\"url\":\"https:\\\/\\\/www.afprofilters.com\\\/pl\\\/europejski-standard-en7792012\\\/\",\"name\":\"Europejski standard EN779:2012 - AFPRO\",\"isPartOf\":{\"@id\":\"https:\\\/\\\/www.afprofilters.com\\\/pl\\\/#website\"},\"primaryImageOfPage\":{\"@id\":\"https:\\\/\\\/www.afprofilters.com\\\/pl\\\/europejski-standard-en7792012\\\/#primaryimage\"},\"image\":{\"@id\":\"https:\\\/\\\/www.afprofilters.com\\\/pl\\\/europejski-standard-en7792012\\\/#primaryimage\"},\"thumbnailUrl\":\"https:\\\/\\\/www.afprofilters.com\\\/wp-content\\\/uploads\\\/2016\\\/09\\\/IMG-Equation1.jpg\",\"datePublished\":\"2016-10-04T08:23:11+00:00\",\"dateModified\":\"2017-01-26T12:14:57+00:00\",\"breadcrumb\":{\"@id\":\"https:\\\/\\\/www.afprofilters.com\\\/pl\\\/europejski-standard-en7792012\\\/#breadcrumb\"},\"inLanguage\":\"pl-PL\",\"potentialAction\":[{\"@type\":\"ReadAction\",\"target\":[\"https:\\\/\\\/www.afprofilters.com\\\/pl\\\/europejski-standard-en7792012\\\/\"]}]},{\"@type\":\"ImageObject\",\"inLanguage\":\"pl-PL\",\"@id\":\"https:\\\/\\\/www.afprofilters.com\\\/pl\\\/europejski-standard-en7792012\\\/#primaryimage\",\"url\":\"https:\\\/\\\/www.afprofilters.com\\\/wp-content\\\/uploads\\\/2016\\\/09\\\/IMG-Equation1.jpg\",\"contentUrl\":\"https:\\\/\\\/www.afprofilters.com\\\/wp-content\\\/uploads\\\/2016\\\/09\\\/IMG-Equation1.jpg\"},{\"@type\":\"BreadcrumbList\",\"@id\":\"https:\\\/\\\/www.afprofilters.com\\\/pl\\\/europejski-standard-en7792012\\\/#breadcrumb\",\"itemListElement\":[{\"@type\":\"ListItem\",\"position\":1,\"name\":\"\",\"item\":\"https:\\\/\\\/www.afprofilters.com\\\/pl\\\/\"},{\"@type\":\"ListItem\",\"position\":2,\"name\":\"Europejski standard EN779:2012\"}]},{\"@type\":\"WebSite\",\"@id\":\"https:\\\/\\\/www.afprofilters.com\\\/pl\\\/#website\",\"url\":\"https:\\\/\\\/www.afprofilters.com\\\/pl\\\/\",\"name\":\"AFPRO\",\"description\":\"AFPRO Filters\",\"publisher\":{\"@id\":\"https:\\\/\\\/www.afprofilters.com\\\/pl\\\/#organization\"},\"potentialAction\":[{\"@type\":\"SearchAction\",\"target\":{\"@type\":\"EntryPoint\",\"urlTemplate\":\"https:\\\/\\\/www.afprofilters.com\\\/pl\\\/?s={search_term_string}\"},\"query-input\":{\"@type\":\"PropertyValueSpecification\",\"valueRequired\":true,\"valueName\":\"search_term_string\"}}],\"inLanguage\":\"pl-PL\"},{\"@type\":\"Organization\",\"@id\":\"https:\\\/\\\/www.afprofilters.com\\\/pl\\\/#organization\",\"name\":\"AFPRO\",\"url\":\"https:\\\/\\\/www.afprofilters.com\\\/pl\\\/\",\"logo\":{\"@type\":\"ImageObject\",\"inLanguage\":\"pl-PL\",\"@id\":\"https:\\\/\\\/www.afprofilters.com\\\/pl\\\/#\\\/schema\\\/logo\\\/image\\\/\",\"url\":\"https:\\\/\\\/www.afprofilters.com\\\/wp-content\\\/uploads\\\/2021\\\/05\\\/AFPRO-logo.png\",\"contentUrl\":\"https:\\\/\\\/www.afprofilters.com\\\/wp-content\\\/uploads\\\/2021\\\/05\\\/AFPRO-logo.png\",\"width\":640,\"height\":177,\"caption\":\"AFPRO\"},\"image\":{\"@id\":\"https:\\\/\\\/www.afprofilters.com\\\/pl\\\/#\\\/schema\\\/logo\\\/image\\\/\"}}]}<\/script>\n<!-- \/ Yoast SEO plugin. -->","yoast_head_json":{"title":"Europejski standard EN779:2012 - AFPRO","robots":{"index":"index","follow":"follow","max-snippet":"max-snippet:-1","max-image-preview":"max-image-preview:large","max-video-preview":"max-video-preview:-1"},"canonical":"https:\/\/www.afprofilters.com\/pl\/europejski-standard-en7792012\/","og_locale":"pl_PL","og_type":"article","og_title":"Europejski standard EN779:2012 - AFPRO","og_description":"Spo\u0142ecze\u0144stwo ci\u0105gle ulega przemianom. Wymagania zwi\u0105zane z ochron\u0105 \u015brodowiska s\u0105 bardziej surowe, \u015brodowisko pracy staje si\u0119 coraz wa\u017cniejsze, a rozw\u00f3j technologiczny dynamicznie post\u0119puje. Po\u017c\u0105dane sta\u0142o si\u0119 wi\u0119c, by po dziesi\u0119ciu latach, dosz\u0142o do zmiany norm zwi\u0105zanych z filtracj\u0105 powietrza. Dwie najwa\u017cniejsze zmiany to: Wprowadzenie Testu Minimalnej Skuteczno\u015bci W nowej normie EN779:2012 zostaje wprowadzony dla filtr\u00f3w [&hellip;]","og_url":"https:\/\/www.afprofilters.com\/pl\/europejski-standard-en7792012\/","og_site_name":"AFPRO","article_modified_time":"2017-01-26T12:14:57+00:00","og_image":[{"url":"https:\/\/www.afprofilters.com\/wp-content\/uploads\/2016\/09\/IMG-Equation1.jpg","type":"","width":"","height":""}],"twitter_card":"summary_large_image","twitter_misc":{"Szacowany czas czytania":"4 minuty"},"schema":{"@context":"https:\/\/schema.org","@graph":[{"@type":"WebPage","@id":"https:\/\/www.afprofilters.com\/pl\/europejski-standard-en7792012\/","url":"https:\/\/www.afprofilters.com\/pl\/europejski-standard-en7792012\/","name":"Europejski standard EN779:2012 - AFPRO","isPartOf":{"@id":"https:\/\/www.afprofilters.com\/pl\/#website"},"primaryImageOfPage":{"@id":"https:\/\/www.afprofilters.com\/pl\/europejski-standard-en7792012\/#primaryimage"},"image":{"@id":"https:\/\/www.afprofilters.com\/pl\/europejski-standard-en7792012\/#primaryimage"},"thumbnailUrl":"https:\/\/www.afprofilters.com\/wp-content\/uploads\/2016\/09\/IMG-Equation1.jpg","datePublished":"2016-10-04T08:23:11+00:00","dateModified":"2017-01-26T12:14:57+00:00","breadcrumb":{"@id":"https:\/\/www.afprofilters.com\/pl\/europejski-standard-en7792012\/#breadcrumb"},"inLanguage":"pl-PL","potentialAction":[{"@type":"ReadAction","target":["https:\/\/www.afprofilters.com\/pl\/europejski-standard-en7792012\/"]}]},{"@type":"ImageObject","inLanguage":"pl-PL","@id":"https:\/\/www.afprofilters.com\/pl\/europejski-standard-en7792012\/#primaryimage","url":"https:\/\/www.afprofilters.com\/wp-content\/uploads\/2016\/09\/IMG-Equation1.jpg","contentUrl":"https:\/\/www.afprofilters.com\/wp-content\/uploads\/2016\/09\/IMG-Equation1.jpg"},{"@type":"BreadcrumbList","@id":"https:\/\/www.afprofilters.com\/pl\/europejski-standard-en7792012\/#breadcrumb","itemListElement":[{"@type":"ListItem","position":1,"name":"","item":"https:\/\/www.afprofilters.com\/pl\/"},{"@type":"ListItem","position":2,"name":"Europejski standard EN779:2012"}]},{"@type":"WebSite","@id":"https:\/\/www.afprofilters.com\/pl\/#website","url":"https:\/\/www.afprofilters.com\/pl\/","name":"AFPRO","description":"AFPRO Filters","publisher":{"@id":"https:\/\/www.afprofilters.com\/pl\/#organization"},"potentialAction":[{"@type":"SearchAction","target":{"@type":"EntryPoint","urlTemplate":"https:\/\/www.afprofilters.com\/pl\/?s={search_term_string}"},"query-input":{"@type":"PropertyValueSpecification","valueRequired":true,"valueName":"search_term_string"}}],"inLanguage":"pl-PL"},{"@type":"Organization","@id":"https:\/\/www.afprofilters.com\/pl\/#organization","name":"AFPRO","url":"https:\/\/www.afprofilters.com\/pl\/","logo":{"@type":"ImageObject","inLanguage":"pl-PL","@id":"https:\/\/www.afprofilters.com\/pl\/#\/schema\/logo\/image\/","url":"https:\/\/www.afprofilters.com\/wp-content\/uploads\/2021\/05\/AFPRO-logo.png","contentUrl":"https:\/\/www.afprofilters.com\/wp-content\/uploads\/2021\/05\/AFPRO-logo.png","width":640,"height":177,"caption":"AFPRO"},"image":{"@id":"https:\/\/www.afprofilters.com\/pl\/#\/schema\/logo\/image\/"}}]}},"_links":{"self":[{"href":"https:\/\/www.afprofilters.com\/pl\/wp-json\/wp\/v2\/pages\/2655","targetHints":{"allow":["GET"]}}],"collection":[{"href":"https:\/\/www.afprofilters.com\/pl\/wp-json\/wp\/v2\/pages"}],"about":[{"href":"https:\/\/www.afprofilters.com\/pl\/wp-json\/wp\/v2\/types\/page"}],"author":[{"embeddable":true,"href":"https:\/\/www.afprofilters.com\/pl\/wp-json\/wp\/v2\/users\/2"}],"replies":[{"embeddable":true,"href":"https:\/\/www.afprofilters.com\/pl\/wp-json\/wp\/v2\/comments?post=2655"}],"version-history":[{"count":0,"href":"https:\/\/www.afprofilters.com\/pl\/wp-json\/wp\/v2\/pages\/2655\/revisions"}],"wp:attachment":[{"href":"https:\/\/www.afprofilters.com\/pl\/wp-json\/wp\/v2\/media?parent=2655"}],"curies":[{"name":"wp","href":"https:\/\/api.w.org\/{rel}","templated":true}]}}