{"id":2644,"date":"2016-10-04T08:17:56","date_gmt":"2016-10-04T08:17:56","guid":{"rendered":"https:\/\/www.afprofilters.com\/?page_id=2644&#038;lang=pl"},"modified":"2019-10-01T12:34:04","modified_gmt":"2019-10-01T12:34:04","slug":"jak-wazna-jest-filtracja-powietrza","status":"publish","type":"page","link":"https:\/\/www.afprofilters.com\/pl\/ekspertyza\/jak-wazna-jest-filtracja-powietrza\/","title":{"rendered":"Jak wa\u017cna jest filtracja powietrza"},"content":{"rendered":"<p><strong>Powietrze, kt\u00f3re nas otacza sk\u0142ada si\u0119 w 78% z azotu, w 21% z tlenu i w 1% z r\u00f3\u017cnych innych gaz\u00f3w i cz\u0105stek sta\u0142ych. W sk\u0142ad tego ostatniego elementu wchodz\u0105 gazy szlachetne, dwutlenek w\u0119gla, py\u0142, sole i spaliny pochodz\u0105ce z ruchu drogowego i przemys\u0142u. Mimo, \u017ce jeden procent wydaje si\u0119 niewielk\u0105 warto\u015bci\u0105, to jednak decyduje on, czy powietrze jest zdrowe czy niezdrowe.<\/strong><\/p>\n<p>Dzia\u0142anie filtra mo\u017ce teoretycznie wydawa\u0107 si\u0119 proste, jednak w praktyce filtry to bardzo skomplikowane produkty. W\u0142\u00f3kna filtra, nie powoduj\u0105c zbyt wielkiego oporu, musz\u0105 przepuszcza\u0107 dok\u0142adn\u0105 ilo\u015b\u0107 powietrza, kt\u00f3r\u0105 jednocze\u015bnie musz\u0105 by\u0107 w stanie odfiltrowa\u0107 ze szkodliwych cz\u0105stek.<\/p>\n<h2><strong>Filtry chroni\u0105 ludzi<\/strong><\/h2>\n<p>Ka\u017cdego dnia cz\u0142owiek wdycha dwadzie\u015bcia kilogram\u00f3w powietrza. Jest to ci\u0119\u017car robi\u0105cy wra\u017cenie, zw\u0142aszcza gdy we\u017amie si\u0119 pod uwag\u0119, \u017ce cz\u0142owiek ka\u017cdego dnia zjada \u015brednio p\u00f3\u0142tora kilograma po\u017cywienia i wypija dwa i p\u00f3\u0142\u00a0litra wody. Ludzie z regu\u0142y bardzo uwa\u017caj\u0105 na to, co jedz\u0105 i pij\u0105. Nale\u017cy spodziewa\u0107 si\u0119, \u017ce jako\u015bci powietrza, kt\u00f3rym oddychamy, w najbli\u017cszym czasie po\u015bwi\u0119cone zostanie wi\u0119cej uwagi. W jaki spos\u00f3b istniej\u0105ce substancje mog\u0105 wp\u0142ywa\u0107 na nasze dzia\u0142anie i zdrowie? W jaki spos\u00f3b mo\u017cemy zadba\u0107, by jako\u015b\u0107 powietrza, kt\u00f3rym oddychamy by\u0142a optymalna?<\/p>\n<h2><strong>Py\u0142 szkodzi zdrowiu<\/strong><\/h2>\n<p>W ostatnich latach coraz wi\u0119cej uwagi po\u015bwi\u0119ca si\u0119 niebezpiecze\u0144stwu zwi\u0105zanemu z py\u0142em, zanieczyszczeniem powietrza w formie cz\u0105steczek, kt\u00f3re s\u0105 mniejsze ni\u017c 10 mikron\u00f3w. Istotnymi \u017ar\u00f3d\u0142ami py\u0142u s\u0105 ruchliwe drogi, przemys\u0142, silniki spalinowe i przemys\u0142 biologiczny. Organizm ludzki nie jest przystosowany do radzenia sobie z py\u0142em. Wzgl\u0119dnie du\u017ce cz\u0105stki &#8211; wi\u0119ksze ni\u017c 5 mikron\u00f3w &#8211; mog\u0105 zosta\u0107 odfiltrowane przez naturalne filtry cz\u0142owieka, jakimi s\u0105 nos i tchawica. Ma\u0142e cz\u0105stki dostaj\u0105 si\u0119 g\u0142\u0119boko do p\u0142uc i mog\u0105 by\u0107 niebezpieczne dla zdrowia. Na szkodliwe dzia\u0142anie tych czynnik\u00f3w bardzo nara\u017cone s\u0105 dzieci, osoby starsze i osoby, kt\u00f3re maj\u0105 problemy z uk\u0142adem oddechowym. St\u0119\u017cenie py\u0142u w powietrzu r\u00f3\u017cni si\u0119 w zale\u017cno\u015bci od kraju i region.<\/p>\n<h2><strong>\u201eSyndrom chorego budynku\u201d \u2013 \u017ar\u00f3d\u0142o problem\u00f3w <\/strong><\/h2>\n<p>Na zachodzie ludzie sp\u0119dzaj\u0105 \u015brednio 70% czasu w pomieszczeniach. Du\u017ca liczba problem\u00f3w ze zdrowiem zwi\u0105zana jest z panuj\u0105cymi w pomieszczeniach warunkami. R\u00f3wnie\u017c w miejscach pracy jako\u015b\u0107 powietrza pozostawia wiele do \u017cyczenia. Mo\u017ce to prowadzi\u0107 do \u201esyndromu chorych budynk\u00f3w\u201d (z ang. Sick Building Syndrome &#8211; SBS). W trzech czwartych przypadk\u00f3w za wyst\u0119powanie SBS odpowiada obecno\u015b\u0107 py\u0142u w budynkach. Znanymi objawami SBS s\u0105 apatia, problemy z koncentracj\u0105 i uk\u0142adem oddechowym, b\u00f3le g\u0142owy, ospa\u0142o\u015b\u0107, podra\u017cnienie sk\u00f3ry lub oczu oraz zm\u0119czenie. Dobra filtracja powietrza jest wzgl\u0119dnie prostym sposobem na przeciwdzia\u0142anie SBS i ochron\u0119 ludzi przed jego niekorzystnymi skutkami. Dzi\u0119ki zastosowaniu odpowiednich produkt\u00f3w firma AFPRO Filters jest w stanie zagwarantowa\u0107 dobr\u0105 jako\u015b\u0107 powietrza.<\/p>\n<h2><strong>Filtry chroni\u0105 procesy przedsi\u0119biorstwa<\/strong><\/h2>\n<p>Poza ochron\u0105 ludzi, filtry mog\u0105 znale\u017a\u0107 zastosowanie w celu zapewnienia sprawnego dzia\u0142ania proces\u00f3w w przedsi\u0119biorstwie. W zale\u017cno\u015bci od rodzaju proces\u00f3w w przedsi\u0119biorstwie wymagania stawiane filtrom mog\u0105 by\u0107 r\u00f3\u017cne. Firma AFPRO Filters jest w stanie dostarczy\u0107 odpowiedni filtr na potrzeby ka\u017cdego procesu w przedsi\u0119biorstwie. Wiele z naszych produkt\u00f3w znajduje zastosowanie w przemy\u015ble j\u0105drowym, w turbinach gazowych, produkcji p\u00f3\u0142przewodnik\u00f3w i przemy\u015ble farmaceutycznym.<\/p>\n<h2><strong>Przemys\u0142 j\u0105drowy<\/strong><\/h2>\n<p>Filtry w przemy\u015ble j\u0105drowym odgrywaj\u0105 istotn\u0105 rol\u0119 w \u015bwiatowym dostarczaniu energii i sektorze wojskowym. Systemy filtr\u00f3w powietrza odgrywaj\u0105 zasadnicz\u0105 rol\u0119 w instalacjach j\u0105drowych, takich jak centrale energetyczne, instalacjach do przerobu paliw, obiektach badawczych i zarz\u0105dzania odpadami. J\u0105drowe filtry powietrza spe\u0142niaj\u0105 najbardziej surowe normy ochrony \u015brodowiska zwi\u0105zane z wymaganiami zmniejszenia radioaktywnego zanieczyszczenia powietrza.<\/p>\n<h2><strong>Turbiny gazowe<\/strong><\/h2>\n<p>Podstawowym zadaniem filtra powietrza uk\u0142adu dolotowego jest ochrona turbiny gazowej i innych obracaj\u0105cych si\u0119 maszyn przed zanieczyszczeniami, kt\u00f3re znajduj\u0105 si\u0119 w powietrzu zewn\u0119trznym. Cz\u0105stki py\u0142u (&gt; 5 \u03bcm) mog\u0105 spowodowa\u0107 erozj\u0119. Drobne cz\u0105stki py\u0142u (mniejsze od mikrona) osiadaj\u0105 na \u0142opatkach turbiny w wyniku czego turbina dzia\u0142a gorzej. W celu zapewnienia najlepszej sprawno\u015bci konieczne jest zastosowanie zbilansowanego uk\u0142ad filtr\u00f3w.<\/p>\n<h2><strong>Produkcja p\u00f3\u0142przewodnik\u00f3w<\/strong><\/h2>\n<p>W przemy\u015ble tym stawiane s\u0105 bardzo wysokie wymagania. Produkty, kt\u00f3re bardzo cz\u0119sto wytwarzane s\u0105 w czystych pomieszczeniach, s\u0105 skrajnie wra\u017cliwe na zabrudzenia. Najmniejsze zanieczyszczenie powietrza r\u00f3wnie\u017c minimalnymi cz\u0105stkami &#8211; mog\u0105 spowodowa\u0107 zatrzymanie procesu produkcji. Filtry wst\u0119pne, filtry dok\u0142adne i filtry HEPA odpowiadaj\u0105 za najwy\u017cszy poziom jako\u015bci powietrza w czystych pomieszczeniach<\/p>\n<h2><strong>Przemys\u0142 farmaceutyczny<\/strong><\/h2>\n<p>Z\u0142a jako\u015b\u0107 powietrza podczas proces\u00f3w produkcji w przemy\u015ble farmaceutycznym mo\u017ce mie\u0107 daleko id\u0105ce konsekwencje. Ska\u017cenie lek\u00f3w wp\u0142ywa na ich skuteczno\u015b\u0107 lub zupe\u0142nie pozbawia je w\u0142a\u015bciwo\u015bci leczniczych, co mo\u017ce prowadzi\u0107 do niebezpiecznych sytuacji. Korzystanie z najlepszych filtr\u00f3w stanowi sedno bezproblemowej produkcji lek\u00f3w w fabryce.<\/p>\n<p><a class=\"btn btn-default\" href=\" https:\/\/www.afprofilters.pl\/kontakt\/ \" target=\"_blank\" rel=\"noopener noreferrer\"> Kontakt<\/a><\/p>\n","protected":false},"excerpt":{"rendered":"<p>Powietrze, kt\u00f3re nas otacza sk\u0142ada si\u0119 w 78% z azotu, w 21% z tlenu i w 1% z r\u00f3\u017cnych innych gaz\u00f3w i cz\u0105stek sta\u0142ych. W sk\u0142ad tego ostatniego elementu wchodz\u0105 gazy szlachetne, dwutlenek w\u0119gla, py\u0142, sole i spaliny pochodz\u0105ce z ruchu drogowego i przemys\u0142u. Mimo, \u017ce jeden procent wydaje si\u0119 niewielk\u0105 warto\u015bci\u0105, to jednak decyduje [&hellip;]<\/p>\n","protected":false},"author":2,"featured_media":0,"parent":2697,"menu_order":0,"comment_status":"closed","ping_status":"closed","template":"","meta":{"_acf_changed":false,"footnotes":""},"class_list":["post-2644","page","type-page","status-publish","hentry"],"acf":[],"yoast_head":"<!-- This site is optimized with the Yoast SEO plugin v27.3 - https:\/\/yoast.com\/product\/yoast-seo-wordpress\/ -->\n<title>Jak wa\u017cna jest filtracja powietrza - AFPRO<\/title>\n<meta name=\"robots\" content=\"index, follow, max-snippet:-1, max-image-preview:large, max-video-preview:-1\" \/>\n<link rel=\"canonical\" href=\"https:\/\/www.afprofilters.com\/pl\/ekspertyza\/jak-wazna-jest-filtracja-powietrza\/\" \/>\n<meta property=\"og:locale\" content=\"pl_PL\" \/>\n<meta property=\"og:type\" content=\"article\" \/>\n<meta property=\"og:title\" content=\"Jak wa\u017cna jest filtracja powietrza - AFPRO\" \/>\n<meta property=\"og:description\" content=\"Powietrze, kt\u00f3re nas otacza sk\u0142ada si\u0119 w 78% z azotu, w 21% z tlenu i w 1% z r\u00f3\u017cnych innych gaz\u00f3w i cz\u0105stek sta\u0142ych. W sk\u0142ad tego ostatniego elementu wchodz\u0105 gazy szlachetne, dwutlenek w\u0119gla, py\u0142, sole i spaliny pochodz\u0105ce z ruchu drogowego i przemys\u0142u. Mimo, \u017ce jeden procent wydaje si\u0119 niewielk\u0105 warto\u015bci\u0105, to jednak decyduje [&hellip;]\" \/>\n<meta property=\"og:url\" content=\"https:\/\/www.afprofilters.com\/pl\/ekspertyza\/jak-wazna-jest-filtracja-powietrza\/\" \/>\n<meta property=\"og:site_name\" content=\"AFPRO\" \/>\n<meta property=\"article:modified_time\" content=\"2019-10-01T12:34:04+00:00\" \/>\n<meta name=\"twitter:card\" content=\"summary_large_image\" \/>\n<meta name=\"twitter:label1\" content=\"Szacowany czas czytania\" \/>\n\t<meta name=\"twitter:data1\" content=\"4 minuty\" \/>\n<script type=\"application\/ld+json\" class=\"yoast-schema-graph\">{\"@context\":\"https:\\\/\\\/schema.org\",\"@graph\":[{\"@type\":\"WebPage\",\"@id\":\"https:\\\/\\\/www.afprofilters.com\\\/pl\\\/ekspertyza\\\/jak-wazna-jest-filtracja-powietrza\\\/\",\"url\":\"https:\\\/\\\/www.afprofilters.com\\\/pl\\\/ekspertyza\\\/jak-wazna-jest-filtracja-powietrza\\\/\",\"name\":\"Jak wa\u017cna jest filtracja powietrza - AFPRO\",\"isPartOf\":{\"@id\":\"https:\\\/\\\/www.afprofilters.com\\\/pl\\\/#website\"},\"datePublished\":\"2016-10-04T08:17:56+00:00\",\"dateModified\":\"2019-10-01T12:34:04+00:00\",\"breadcrumb\":{\"@id\":\"https:\\\/\\\/www.afprofilters.com\\\/pl\\\/ekspertyza\\\/jak-wazna-jest-filtracja-powietrza\\\/#breadcrumb\"},\"inLanguage\":\"pl-PL\",\"potentialAction\":[{\"@type\":\"ReadAction\",\"target\":[\"https:\\\/\\\/www.afprofilters.com\\\/pl\\\/ekspertyza\\\/jak-wazna-jest-filtracja-powietrza\\\/\"]}]},{\"@type\":\"BreadcrumbList\",\"@id\":\"https:\\\/\\\/www.afprofilters.com\\\/pl\\\/ekspertyza\\\/jak-wazna-jest-filtracja-powietrza\\\/#breadcrumb\",\"itemListElement\":[{\"@type\":\"ListItem\",\"position\":1,\"name\":\"\",\"item\":\"https:\\\/\\\/www.afprofilters.com\\\/pl\\\/\"},{\"@type\":\"ListItem\",\"position\":2,\"name\":\"Ekspertyza\",\"item\":\"https:\\\/\\\/www.afprofilters.com\\\/pl\\\/ekspertyza\\\/\"},{\"@type\":\"ListItem\",\"position\":3,\"name\":\"Jak wa\u017cna jest filtracja powietrza\"}]},{\"@type\":\"WebSite\",\"@id\":\"https:\\\/\\\/www.afprofilters.com\\\/pl\\\/#website\",\"url\":\"https:\\\/\\\/www.afprofilters.com\\\/pl\\\/\",\"name\":\"AFPRO\",\"description\":\"AFPRO Filters\",\"publisher\":{\"@id\":\"https:\\\/\\\/www.afprofilters.com\\\/pl\\\/#organization\"},\"potentialAction\":[{\"@type\":\"SearchAction\",\"target\":{\"@type\":\"EntryPoint\",\"urlTemplate\":\"https:\\\/\\\/www.afprofilters.com\\\/pl\\\/?s={search_term_string}\"},\"query-input\":{\"@type\":\"PropertyValueSpecification\",\"valueRequired\":true,\"valueName\":\"search_term_string\"}}],\"inLanguage\":\"pl-PL\"},{\"@type\":\"Organization\",\"@id\":\"https:\\\/\\\/www.afprofilters.com\\\/pl\\\/#organization\",\"name\":\"AFPRO\",\"url\":\"https:\\\/\\\/www.afprofilters.com\\\/pl\\\/\",\"logo\":{\"@type\":\"ImageObject\",\"inLanguage\":\"pl-PL\",\"@id\":\"https:\\\/\\\/www.afprofilters.com\\\/pl\\\/#\\\/schema\\\/logo\\\/image\\\/\",\"url\":\"https:\\\/\\\/www.afprofilters.com\\\/wp-content\\\/uploads\\\/2021\\\/05\\\/AFPRO-logo.png\",\"contentUrl\":\"https:\\\/\\\/www.afprofilters.com\\\/wp-content\\\/uploads\\\/2021\\\/05\\\/AFPRO-logo.png\",\"width\":640,\"height\":177,\"caption\":\"AFPRO\"},\"image\":{\"@id\":\"https:\\\/\\\/www.afprofilters.com\\\/pl\\\/#\\\/schema\\\/logo\\\/image\\\/\"}}]}<\/script>\n<!-- \/ Yoast SEO plugin. -->","yoast_head_json":{"title":"Jak wa\u017cna jest filtracja powietrza - AFPRO","robots":{"index":"index","follow":"follow","max-snippet":"max-snippet:-1","max-image-preview":"max-image-preview:large","max-video-preview":"max-video-preview:-1"},"canonical":"https:\/\/www.afprofilters.com\/pl\/ekspertyza\/jak-wazna-jest-filtracja-powietrza\/","og_locale":"pl_PL","og_type":"article","og_title":"Jak wa\u017cna jest filtracja powietrza - AFPRO","og_description":"Powietrze, kt\u00f3re nas otacza sk\u0142ada si\u0119 w 78% z azotu, w 21% z tlenu i w 1% z r\u00f3\u017cnych innych gaz\u00f3w i cz\u0105stek sta\u0142ych. W sk\u0142ad tego ostatniego elementu wchodz\u0105 gazy szlachetne, dwutlenek w\u0119gla, py\u0142, sole i spaliny pochodz\u0105ce z ruchu drogowego i przemys\u0142u. Mimo, \u017ce jeden procent wydaje si\u0119 niewielk\u0105 warto\u015bci\u0105, to jednak decyduje [&hellip;]","og_url":"https:\/\/www.afprofilters.com\/pl\/ekspertyza\/jak-wazna-jest-filtracja-powietrza\/","og_site_name":"AFPRO","article_modified_time":"2019-10-01T12:34:04+00:00","twitter_card":"summary_large_image","twitter_misc":{"Szacowany czas czytania":"4 minuty"},"schema":{"@context":"https:\/\/schema.org","@graph":[{"@type":"WebPage","@id":"https:\/\/www.afprofilters.com\/pl\/ekspertyza\/jak-wazna-jest-filtracja-powietrza\/","url":"https:\/\/www.afprofilters.com\/pl\/ekspertyza\/jak-wazna-jest-filtracja-powietrza\/","name":"Jak wa\u017cna jest filtracja powietrza - AFPRO","isPartOf":{"@id":"https:\/\/www.afprofilters.com\/pl\/#website"},"datePublished":"2016-10-04T08:17:56+00:00","dateModified":"2019-10-01T12:34:04+00:00","breadcrumb":{"@id":"https:\/\/www.afprofilters.com\/pl\/ekspertyza\/jak-wazna-jest-filtracja-powietrza\/#breadcrumb"},"inLanguage":"pl-PL","potentialAction":[{"@type":"ReadAction","target":["https:\/\/www.afprofilters.com\/pl\/ekspertyza\/jak-wazna-jest-filtracja-powietrza\/"]}]},{"@type":"BreadcrumbList","@id":"https:\/\/www.afprofilters.com\/pl\/ekspertyza\/jak-wazna-jest-filtracja-powietrza\/#breadcrumb","itemListElement":[{"@type":"ListItem","position":1,"name":"","item":"https:\/\/www.afprofilters.com\/pl\/"},{"@type":"ListItem","position":2,"name":"Ekspertyza","item":"https:\/\/www.afprofilters.com\/pl\/ekspertyza\/"},{"@type":"ListItem","position":3,"name":"Jak wa\u017cna jest filtracja powietrza"}]},{"@type":"WebSite","@id":"https:\/\/www.afprofilters.com\/pl\/#website","url":"https:\/\/www.afprofilters.com\/pl\/","name":"AFPRO","description":"AFPRO Filters","publisher":{"@id":"https:\/\/www.afprofilters.com\/pl\/#organization"},"potentialAction":[{"@type":"SearchAction","target":{"@type":"EntryPoint","urlTemplate":"https:\/\/www.afprofilters.com\/pl\/?s={search_term_string}"},"query-input":{"@type":"PropertyValueSpecification","valueRequired":true,"valueName":"search_term_string"}}],"inLanguage":"pl-PL"},{"@type":"Organization","@id":"https:\/\/www.afprofilters.com\/pl\/#organization","name":"AFPRO","url":"https:\/\/www.afprofilters.com\/pl\/","logo":{"@type":"ImageObject","inLanguage":"pl-PL","@id":"https:\/\/www.afprofilters.com\/pl\/#\/schema\/logo\/image\/","url":"https:\/\/www.afprofilters.com\/wp-content\/uploads\/2021\/05\/AFPRO-logo.png","contentUrl":"https:\/\/www.afprofilters.com\/wp-content\/uploads\/2021\/05\/AFPRO-logo.png","width":640,"height":177,"caption":"AFPRO"},"image":{"@id":"https:\/\/www.afprofilters.com\/pl\/#\/schema\/logo\/image\/"}}]}},"_links":{"self":[{"href":"https:\/\/www.afprofilters.com\/pl\/wp-json\/wp\/v2\/pages\/2644","targetHints":{"allow":["GET"]}}],"collection":[{"href":"https:\/\/www.afprofilters.com\/pl\/wp-json\/wp\/v2\/pages"}],"about":[{"href":"https:\/\/www.afprofilters.com\/pl\/wp-json\/wp\/v2\/types\/page"}],"author":[{"embeddable":true,"href":"https:\/\/www.afprofilters.com\/pl\/wp-json\/wp\/v2\/users\/2"}],"replies":[{"embeddable":true,"href":"https:\/\/www.afprofilters.com\/pl\/wp-json\/wp\/v2\/comments?post=2644"}],"version-history":[{"count":0,"href":"https:\/\/www.afprofilters.com\/pl\/wp-json\/wp\/v2\/pages\/2644\/revisions"}],"up":[{"embeddable":true,"href":"https:\/\/www.afprofilters.com\/pl\/wp-json\/wp\/v2\/pages\/2697"}],"wp:attachment":[{"href":"https:\/\/www.afprofilters.com\/pl\/wp-json\/wp\/v2\/media?parent=2644"}],"curies":[{"name":"wp","href":"https:\/\/api.w.org\/{rel}","templated":true}]}}