{"id":12037,"date":"2019-04-16T12:14:03","date_gmt":"2019-04-16T12:14:03","guid":{"rendered":"http:\/\/rcmrfan.cluster024.hosting.ovh.net\/?page_id=12037"},"modified":"2021-07-15T02:50:49","modified_gmt":"2021-07-15T02:50:49","slug":"wskazowki-w-zakresie-filtracji-powietrza-w-muzeach-galeriach-sztuki-i-bibliotekach","status":"publish","type":"page","link":"https:\/\/www.afprofilters.com\/pl\/wskazowki-w-zakresie-filtracji-powietrza-w-muzeach-galeriach-sztuki-i-bibliotekach\/","title":{"rendered":"Wskaz\u00f3wki w zakresie filtracji powietrza w muzeach, galeriach sztuki i bibliotekach"},"content":{"rendered":"\n<h2 class=\"wp-block-heading\">Produkt<\/h2>\n\n\n\n<div class=\"wp-block-columns anm-columns is-layout-flex wp-container-core-columns-is-layout-9d6595d7 wp-block-columns-is-layout-flex\">\n<div class=\"wp-block-column is-layout-flow wp-block-column-is-layout-flow\">\n<figure class=\"wp-block-image\"><a href=\"https:\/\/www.afprofilters.pl\/produkt\/apmc-filtr-panelowy\/\"><img decoding=\"async\" src=\"http:\/\/www.afprofilters.com\/wp-content\/uploads\/2016\/09\/METAL-FRAME-150x150.jpg\" alt=\"Filtr panelowy Seria APMC\"\/><\/a><\/figure>\n\n\n\n<h2 class=\"wp-block-heading\">Filtr panelowy seria APMC<\/h2>\n\n\n\n<p>&gt; <a href=\"https:\/\/www.afprofilters.pl\/rodzaj-produktu\/filtry-panelowe\/\">Filtry panelowe<\/a><\/p>\n\n\n\n<p>&#8211; ISO Coarse 70%<br>&#8211; \u0141atwy monta\u017c<br>&#8211; Stabilna konstrukcja<\/p>\n\n\n\n<div class=\"wp-block-buttons is-layout-flex wp-block-buttons-is-layout-flex\">\n<div class=\"wp-block-button\"><a class=\"wp-block-button__link has-blue-background-color has-background\" href=\"https:\/\/www.afprofilters.pl\/produkt\/apmc-filtr-panelowy\/\">Przeczytaj<\/a><\/div>\n<\/div>\n<\/div>\n\n\n\n<div class=\"wp-block-column is-layout-flow wp-block-column-is-layout-flow\">\n<figure class=\"wp-block-image\"><a href=\"https:\/\/www.afprofilters.pl\/produkt\/seria-hpq-filtry-kompaktowe\/\"><img decoding=\"async\" src=\"http:\/\/www.afprofilters.com\/wp-content\/uploads\/2016\/08\/ACS-0001-150x150.jpg\" alt=\"HPQ Serie Compact Filter\"\/><\/a><\/figure>\n\n\n\n<h2 class=\"wp-block-heading\">Filtr kompaktowy seria HPQ<\/h2>\n\n\n\n<p>&gt; <a href=\"https:\/\/www.afprofilters.pl\/rodzaj-produktu\/filtry-kompaktowe\/\">Filtry kompaktowe<\/a><\/p>\n\n\n\n<p>&#8211; ePM1, ePM2,5<br>&#8211; Niewielka przestrze\u0144 do zabudowy<br>&#8211; Niski spadek ci\u015bnienia<br>&#8211; Maksymalny przep\u0142yw powietrza 45% powy\u017cej warto\u015bci nominalnej<\/p>\n\n\n\n<div class=\"wp-block-buttons is-layout-flex wp-block-buttons-is-layout-flex\">\n<div class=\"wp-block-button\"><a class=\"wp-block-button__link has-blue-background-color has-background\" href=\"https:\/\/www.afprofilters.pl\/produkt\/seria-hpq-filtry-kompaktowe\/\">Przeczytaj<\/a><\/div>\n<\/div>\n<\/div>\n\n\n\n<div class=\"wp-block-column empty-column is-layout-flow wp-block-column-is-layout-flow\"><\/div>\n<\/div>\n\n\n\n<h2 class=\"wp-block-heading\">Us\u0142uga<\/h2>\n\n\n\n<div class=\"wp-block-columns anm-columns is-layout-flex wp-container-core-columns-is-layout-9d6595d7 wp-block-columns-is-layout-flex\">\n<div class=\"wp-block-column is-layout-flow wp-block-column-is-layout-flow\">\n<h2 class=\"wp-block-heading\">LCC<\/h2>\n\n\n\n<figure class=\"wp-block-image\"><a href=\"https:\/\/www.afprofilters.pl\/produkt\/lcc\/\"><img decoding=\"async\" src=\"http:\/\/www.afprofilters.com\/wp-content\/uploads\/2016\/09\/AFPRO-Filters-for-clean-production-processes-150x150.png\" alt=\"audit des centrales\"\/><\/a><\/figure>\n\n\n\n<p>> <a href=\"https:\/\/www.afprofilters.pl\/rodzaj-produktu\/usluga\/\">Us\u0142uga<\/a><\/p>\n\n\n\n<div class=\"wp-block-buttons is-layout-flex wp-block-buttons-is-layout-flex\">\n<div class=\"wp-block-button\"><a class=\"wp-block-button__link has-blue-background-color has-background\" href=\"https:\/\/www.afprofilters.pl\/produkt\/lcc\/\">Przeczytaj<\/a><\/div>\n<\/div>\n<\/div>\n\n\n\n<div class=\"wp-block-column empty-column is-layout-flow wp-block-column-is-layout-flow\"><\/div>\n\n\n\n<div class=\"wp-block-column empty-column is-layout-flow wp-block-column-is-layout-flow\"><\/div>\n<\/div>\n\n\n\n<h2 class=\"wp-block-heading\">studium przypadku<\/h2>\n\n\n\n<div class=\"wp-block-columns is-layout-flex wp-container-core-columns-is-layout-9d6595d7 wp-block-columns-is-layout-flex\">\n<div class=\"wp-block-column is-layout-flow wp-block-column-is-layout-flow\">\n<figure class=\"wp-block-image\"><a href=\"https:\/\/www.afprofilters.pl\/studium-przypadku-muzeum-musee-des-confluences\/\"><img decoding=\"async\" src=\"http:\/\/www.afprofilters.com\/wp-content\/uploads\/2019\/07\/Capture-1024x520.jpg\" alt=\"mus\u00e9e des Confluences\"\/><\/a><\/figure>\n\n\n\n<h3 class=\"wp-block-heading\">Studium przypadku Muzeum : mus\u00e9e des Confluences<\/h3>\n\n\n\n<p>Po\u0142o\u017cone u zbiegu rzek Saony i Rodanu Muzeum Confluences opowiada histori\u0119 ludzko\u015bci. Mie\u015bci si\u0119 w nowoczesnym budynku oddanym do u\u017cytku w grudniu 2014 roku. Budynek ma powierzchni\u0119 22 000 m2 z czego 5 000 m2 przeznaczonych jest na ekspozycje. W obiekcie o takiej powierzchni wymagana jest dobra jako\u015b\u0107 powietrza, z jednej strony dla zwiedzaj\u0105cych, z [\u2026]<\/p>\n\n\n\n<div class=\"wp-block-buttons is-layout-flex wp-block-buttons-is-layout-flex\">\n<div class=\"wp-block-button\"><a class=\"wp-block-button__link has-blue-background-color has-background\" href=\"https:\/\/www.afprofilters.pl\/studium-przypadku-muzeum-musee-des-confluences\/\">Przeczytaj<\/a><\/div>\n<\/div>\n<\/div>\n\n\n\n<div class=\"wp-block-column is-layout-flow wp-block-column-is-layout-flow\"><\/div>\n<\/div>\n","protected":false},"excerpt":{"rendered":"<p>Produkt Filtr panelowy seria APMC &gt; Filtry panelowe &#8211; ISO Coarse 70%&#8211; \u0141atwy monta\u017c&#8211; Stabilna konstrukcja Filtr kompaktowy seria HPQ &gt; Filtry kompaktowe &#8211; ePM1, ePM2,5&#8211; Niewielka przestrze\u0144 do zabudowy&#8211; Niski spadek ci\u015bnienia&#8211; Maksymalny przep\u0142yw powietrza 45% powy\u017cej warto\u015bci nominalnej Us\u0142uga LCC > Us\u0142uga studium przypadku Studium przypadku Muzeum : mus\u00e9e des Confluences Po\u0142o\u017cone u [&hellip;]<\/p>\n","protected":false},"author":2,"featured_media":0,"parent":0,"menu_order":0,"comment_status":"closed","ping_status":"closed","template":"","meta":{"_acf_changed":false,"footnotes":""},"class_list":["post-12037","page","type-page","status-publish","hentry"],"acf":[],"yoast_head":"<!-- This site is optimized with the Yoast SEO plugin v27.3 - https:\/\/yoast.com\/product\/yoast-seo-wordpress\/ -->\n<title>Wskaz\u00f3wki w zakresie filtracji powietrza w muzeach, galeriach sztuki i bibliotekach - AFPRO<\/title>\n<meta name=\"robots\" content=\"index, follow, max-snippet:-1, max-image-preview:large, max-video-preview:-1\" \/>\n<link rel=\"canonical\" href=\"https:\/\/www.afprofilters.com\/pl\/wskazowki-w-zakresie-filtracji-powietrza-w-muzeach-galeriach-sztuki-i-bibliotekach\/\" \/>\n<meta property=\"og:locale\" content=\"pl_PL\" \/>\n<meta property=\"og:type\" content=\"article\" \/>\n<meta property=\"og:title\" content=\"Wskaz\u00f3wki w zakresie filtracji powietrza w muzeach, galeriach sztuki i bibliotekach - AFPRO\" \/>\n<meta property=\"og:description\" content=\"Produkt Filtr panelowy seria APMC &gt; Filtry panelowe &#8211; ISO Coarse 70%&#8211; \u0141atwy monta\u017c&#8211; Stabilna konstrukcja Filtr kompaktowy seria HPQ &gt; Filtry kompaktowe &#8211; ePM1, ePM2,5&#8211; Niewielka przestrze\u0144 do zabudowy&#8211; Niski spadek ci\u015bnienia&#8211; Maksymalny przep\u0142yw powietrza 45% powy\u017cej warto\u015bci nominalnej Us\u0142uga LCC &gt; Us\u0142uga studium przypadku Studium przypadku Muzeum : mus\u00e9e des Confluences Po\u0142o\u017cone u [&hellip;]\" \/>\n<meta property=\"og:url\" content=\"https:\/\/www.afprofilters.com\/pl\/wskazowki-w-zakresie-filtracji-powietrza-w-muzeach-galeriach-sztuki-i-bibliotekach\/\" \/>\n<meta property=\"og:site_name\" content=\"AFPRO\" \/>\n<meta property=\"article:modified_time\" content=\"2021-07-15T02:50:49+00:00\" \/>\n<meta property=\"og:image\" content=\"https:\/\/www.afprofilters.com\/wp-content\/uploads\/2016\/09\/METAL-FRAME-150x150.jpg\" \/>\n<meta name=\"twitter:card\" content=\"summary_large_image\" \/>\n<meta name=\"twitter:label1\" content=\"Szacowany czas czytania\" \/>\n\t<meta name=\"twitter:data1\" content=\"2 minuty\" \/>\n<script type=\"application\/ld+json\" class=\"yoast-schema-graph\">{\"@context\":\"https:\\\/\\\/schema.org\",\"@graph\":[{\"@type\":\"WebPage\",\"@id\":\"https:\\\/\\\/www.afprofilters.com\\\/pl\\\/wskazowki-w-zakresie-filtracji-powietrza-w-muzeach-galeriach-sztuki-i-bibliotekach\\\/\",\"url\":\"https:\\\/\\\/www.afprofilters.com\\\/pl\\\/wskazowki-w-zakresie-filtracji-powietrza-w-muzeach-galeriach-sztuki-i-bibliotekach\\\/\",\"name\":\"Wskaz\u00f3wki w zakresie filtracji powietrza w muzeach, galeriach sztuki i bibliotekach - AFPRO\",\"isPartOf\":{\"@id\":\"https:\\\/\\\/www.afprofilters.com\\\/pl\\\/#website\"},\"primaryImageOfPage\":{\"@id\":\"https:\\\/\\\/www.afprofilters.com\\\/pl\\\/wskazowki-w-zakresie-filtracji-powietrza-w-muzeach-galeriach-sztuki-i-bibliotekach\\\/#primaryimage\"},\"image\":{\"@id\":\"https:\\\/\\\/www.afprofilters.com\\\/pl\\\/wskazowki-w-zakresie-filtracji-powietrza-w-muzeach-galeriach-sztuki-i-bibliotekach\\\/#primaryimage\"},\"thumbnailUrl\":\"http:\\\/\\\/www.afprofilters.com\\\/wp-content\\\/uploads\\\/2016\\\/09\\\/METAL-FRAME-150x150.jpg\",\"datePublished\":\"2019-04-16T12:14:03+00:00\",\"dateModified\":\"2021-07-15T02:50:49+00:00\",\"breadcrumb\":{\"@id\":\"https:\\\/\\\/www.afprofilters.com\\\/pl\\\/wskazowki-w-zakresie-filtracji-powietrza-w-muzeach-galeriach-sztuki-i-bibliotekach\\\/#breadcrumb\"},\"inLanguage\":\"pl-PL\",\"potentialAction\":[{\"@type\":\"ReadAction\",\"target\":[\"https:\\\/\\\/www.afprofilters.com\\\/pl\\\/wskazowki-w-zakresie-filtracji-powietrza-w-muzeach-galeriach-sztuki-i-bibliotekach\\\/\"]}]},{\"@type\":\"ImageObject\",\"inLanguage\":\"pl-PL\",\"@id\":\"https:\\\/\\\/www.afprofilters.com\\\/pl\\\/wskazowki-w-zakresie-filtracji-powietrza-w-muzeach-galeriach-sztuki-i-bibliotekach\\\/#primaryimage\",\"url\":\"http:\\\/\\\/www.afprofilters.com\\\/wp-content\\\/uploads\\\/2016\\\/09\\\/METAL-FRAME-150x150.jpg\",\"contentUrl\":\"http:\\\/\\\/www.afprofilters.com\\\/wp-content\\\/uploads\\\/2016\\\/09\\\/METAL-FRAME-150x150.jpg\"},{\"@type\":\"BreadcrumbList\",\"@id\":\"https:\\\/\\\/www.afprofilters.com\\\/pl\\\/wskazowki-w-zakresie-filtracji-powietrza-w-muzeach-galeriach-sztuki-i-bibliotekach\\\/#breadcrumb\",\"itemListElement\":[{\"@type\":\"ListItem\",\"position\":1,\"name\":\"\",\"item\":\"https:\\\/\\\/www.afprofilters.com\\\/pl\\\/\"},{\"@type\":\"ListItem\",\"position\":2,\"name\":\"Wskaz\u00f3wki w zakresie filtracji powietrza w muzeach, galeriach sztuki i bibliotekach\"}]},{\"@type\":\"WebSite\",\"@id\":\"https:\\\/\\\/www.afprofilters.com\\\/pl\\\/#website\",\"url\":\"https:\\\/\\\/www.afprofilters.com\\\/pl\\\/\",\"name\":\"AFPRO\",\"description\":\"AFPRO Filters\",\"publisher\":{\"@id\":\"https:\\\/\\\/www.afprofilters.com\\\/pl\\\/#organization\"},\"potentialAction\":[{\"@type\":\"SearchAction\",\"target\":{\"@type\":\"EntryPoint\",\"urlTemplate\":\"https:\\\/\\\/www.afprofilters.com\\\/pl\\\/?s={search_term_string}\"},\"query-input\":{\"@type\":\"PropertyValueSpecification\",\"valueRequired\":true,\"valueName\":\"search_term_string\"}}],\"inLanguage\":\"pl-PL\"},{\"@type\":\"Organization\",\"@id\":\"https:\\\/\\\/www.afprofilters.com\\\/pl\\\/#organization\",\"name\":\"AFPRO\",\"url\":\"https:\\\/\\\/www.afprofilters.com\\\/pl\\\/\",\"logo\":{\"@type\":\"ImageObject\",\"inLanguage\":\"pl-PL\",\"@id\":\"https:\\\/\\\/www.afprofilters.com\\\/pl\\\/#\\\/schema\\\/logo\\\/image\\\/\",\"url\":\"https:\\\/\\\/www.afprofilters.com\\\/wp-content\\\/uploads\\\/2021\\\/05\\\/AFPRO-logo.png\",\"contentUrl\":\"https:\\\/\\\/www.afprofilters.com\\\/wp-content\\\/uploads\\\/2021\\\/05\\\/AFPRO-logo.png\",\"width\":640,\"height\":177,\"caption\":\"AFPRO\"},\"image\":{\"@id\":\"https:\\\/\\\/www.afprofilters.com\\\/pl\\\/#\\\/schema\\\/logo\\\/image\\\/\"}}]}<\/script>\n<!-- \/ Yoast SEO plugin. -->","yoast_head_json":{"title":"Wskaz\u00f3wki w zakresie filtracji powietrza w muzeach, galeriach sztuki i bibliotekach - AFPRO","robots":{"index":"index","follow":"follow","max-snippet":"max-snippet:-1","max-image-preview":"max-image-preview:large","max-video-preview":"max-video-preview:-1"},"canonical":"https:\/\/www.afprofilters.com\/pl\/wskazowki-w-zakresie-filtracji-powietrza-w-muzeach-galeriach-sztuki-i-bibliotekach\/","og_locale":"pl_PL","og_type":"article","og_title":"Wskaz\u00f3wki w zakresie filtracji powietrza w muzeach, galeriach sztuki i bibliotekach - AFPRO","og_description":"Produkt Filtr panelowy seria APMC &gt; Filtry panelowe &#8211; ISO Coarse 70%&#8211; \u0141atwy monta\u017c&#8211; Stabilna konstrukcja Filtr kompaktowy seria HPQ &gt; Filtry kompaktowe &#8211; ePM1, ePM2,5&#8211; Niewielka przestrze\u0144 do zabudowy&#8211; Niski spadek ci\u015bnienia&#8211; Maksymalny przep\u0142yw powietrza 45% powy\u017cej warto\u015bci nominalnej Us\u0142uga LCC > Us\u0142uga studium przypadku Studium przypadku Muzeum : mus\u00e9e des Confluences Po\u0142o\u017cone u [&hellip;]","og_url":"https:\/\/www.afprofilters.com\/pl\/wskazowki-w-zakresie-filtracji-powietrza-w-muzeach-galeriach-sztuki-i-bibliotekach\/","og_site_name":"AFPRO","article_modified_time":"2021-07-15T02:50:49+00:00","og_image":[{"url":"https:\/\/www.afprofilters.com\/wp-content\/uploads\/2016\/09\/METAL-FRAME-150x150.jpg","type":"","width":"","height":""}],"twitter_card":"summary_large_image","twitter_misc":{"Szacowany czas czytania":"2 minuty"},"schema":{"@context":"https:\/\/schema.org","@graph":[{"@type":"WebPage","@id":"https:\/\/www.afprofilters.com\/pl\/wskazowki-w-zakresie-filtracji-powietrza-w-muzeach-galeriach-sztuki-i-bibliotekach\/","url":"https:\/\/www.afprofilters.com\/pl\/wskazowki-w-zakresie-filtracji-powietrza-w-muzeach-galeriach-sztuki-i-bibliotekach\/","name":"Wskaz\u00f3wki w zakresie filtracji powietrza w muzeach, galeriach sztuki i bibliotekach - AFPRO","isPartOf":{"@id":"https:\/\/www.afprofilters.com\/pl\/#website"},"primaryImageOfPage":{"@id":"https:\/\/www.afprofilters.com\/pl\/wskazowki-w-zakresie-filtracji-powietrza-w-muzeach-galeriach-sztuki-i-bibliotekach\/#primaryimage"},"image":{"@id":"https:\/\/www.afprofilters.com\/pl\/wskazowki-w-zakresie-filtracji-powietrza-w-muzeach-galeriach-sztuki-i-bibliotekach\/#primaryimage"},"thumbnailUrl":"http:\/\/www.afprofilters.com\/wp-content\/uploads\/2016\/09\/METAL-FRAME-150x150.jpg","datePublished":"2019-04-16T12:14:03+00:00","dateModified":"2021-07-15T02:50:49+00:00","breadcrumb":{"@id":"https:\/\/www.afprofilters.com\/pl\/wskazowki-w-zakresie-filtracji-powietrza-w-muzeach-galeriach-sztuki-i-bibliotekach\/#breadcrumb"},"inLanguage":"pl-PL","potentialAction":[{"@type":"ReadAction","target":["https:\/\/www.afprofilters.com\/pl\/wskazowki-w-zakresie-filtracji-powietrza-w-muzeach-galeriach-sztuki-i-bibliotekach\/"]}]},{"@type":"ImageObject","inLanguage":"pl-PL","@id":"https:\/\/www.afprofilters.com\/pl\/wskazowki-w-zakresie-filtracji-powietrza-w-muzeach-galeriach-sztuki-i-bibliotekach\/#primaryimage","url":"http:\/\/www.afprofilters.com\/wp-content\/uploads\/2016\/09\/METAL-FRAME-150x150.jpg","contentUrl":"http:\/\/www.afprofilters.com\/wp-content\/uploads\/2016\/09\/METAL-FRAME-150x150.jpg"},{"@type":"BreadcrumbList","@id":"https:\/\/www.afprofilters.com\/pl\/wskazowki-w-zakresie-filtracji-powietrza-w-muzeach-galeriach-sztuki-i-bibliotekach\/#breadcrumb","itemListElement":[{"@type":"ListItem","position":1,"name":"","item":"https:\/\/www.afprofilters.com\/pl\/"},{"@type":"ListItem","position":2,"name":"Wskaz\u00f3wki w zakresie filtracji powietrza w muzeach, galeriach sztuki i bibliotekach"}]},{"@type":"WebSite","@id":"https:\/\/www.afprofilters.com\/pl\/#website","url":"https:\/\/www.afprofilters.com\/pl\/","name":"AFPRO","description":"AFPRO Filters","publisher":{"@id":"https:\/\/www.afprofilters.com\/pl\/#organization"},"potentialAction":[{"@type":"SearchAction","target":{"@type":"EntryPoint","urlTemplate":"https:\/\/www.afprofilters.com\/pl\/?s={search_term_string}"},"query-input":{"@type":"PropertyValueSpecification","valueRequired":true,"valueName":"search_term_string"}}],"inLanguage":"pl-PL"},{"@type":"Organization","@id":"https:\/\/www.afprofilters.com\/pl\/#organization","name":"AFPRO","url":"https:\/\/www.afprofilters.com\/pl\/","logo":{"@type":"ImageObject","inLanguage":"pl-PL","@id":"https:\/\/www.afprofilters.com\/pl\/#\/schema\/logo\/image\/","url":"https:\/\/www.afprofilters.com\/wp-content\/uploads\/2021\/05\/AFPRO-logo.png","contentUrl":"https:\/\/www.afprofilters.com\/wp-content\/uploads\/2021\/05\/AFPRO-logo.png","width":640,"height":177,"caption":"AFPRO"},"image":{"@id":"https:\/\/www.afprofilters.com\/pl\/#\/schema\/logo\/image\/"}}]}},"_links":{"self":[{"href":"https:\/\/www.afprofilters.com\/pl\/wp-json\/wp\/v2\/pages\/12037","targetHints":{"allow":["GET"]}}],"collection":[{"href":"https:\/\/www.afprofilters.com\/pl\/wp-json\/wp\/v2\/pages"}],"about":[{"href":"https:\/\/www.afprofilters.com\/pl\/wp-json\/wp\/v2\/types\/page"}],"author":[{"embeddable":true,"href":"https:\/\/www.afprofilters.com\/pl\/wp-json\/wp\/v2\/users\/2"}],"replies":[{"embeddable":true,"href":"https:\/\/www.afprofilters.com\/pl\/wp-json\/wp\/v2\/comments?post=12037"}],"version-history":[{"count":0,"href":"https:\/\/www.afprofilters.com\/pl\/wp-json\/wp\/v2\/pages\/12037\/revisions"}],"wp:attachment":[{"href":"https:\/\/www.afprofilters.com\/pl\/wp-json\/wp\/v2\/media?parent=12037"}],"curies":[{"name":"wp","href":"https:\/\/api.w.org\/{rel}","templated":true}]}}