{"id":12028,"date":"2019-04-16T12:10:02","date_gmt":"2019-04-16T12:10:02","guid":{"rendered":"http:\/\/rcmrfan.cluster024.hosting.ovh.net\/?page_id=12028"},"modified":"2021-11-16T07:22:16","modified_gmt":"2021-11-16T07:22:16","slug":"wskazowki-w-zakresie-filtracji-powietrza-w-szpitalach","status":"publish","type":"page","link":"https:\/\/www.afprofilters.com\/pl\/wskazowki-w-zakresie-filtracji-powietrza-w-szpitalach\/","title":{"rendered":"Wskaz\u00f3wki w zakresie filtracji powietrza w szpitalach"},"content":{"rendered":"\n<h2 class=\"wp-block-heading\">Produkt<\/h2>\n\n\n\n<div class=\"wp-block-columns anm-columns is-layout-flex wp-container-core-columns-is-layout-9d6595d7 wp-block-columns-is-layout-flex\">\n<div class=\"wp-block-column is-layout-flow wp-block-column-is-layout-flow\">\n<figure class=\"wp-block-image\"><a href=\"https:\/\/www.afprofilters.pl\/produkt\/seria-hla-filtry-hepa\/\"><img decoding=\"async\" src=\"http:\/\/www.afprofilters.com\/wp-content\/uploads\/2016\/09\/HLA1113DCCG-150x150.jpg\" alt=\"Filtr HEPA Seria HLA\" \/><\/a><\/figure>\n\n\n\n<h2 class=\"wp-block-heading\">Filtr HEPA Seria HLA<\/h2>\n\n\n\n<p>&gt; <a href=\"https:\/\/www.afprofilters.pl\/rodzaj-produktu\/filtry-hepa\/\">Filtry absolutne &#8211; HEPA<\/a><\/p>\n\n\n\n<p>&#8211; E10, E11, H13, H14<br>&#8211; Filtry HLA HEPA posiadaj\u0105 2 siatki zabezpieczaj\u0105ce<br>&#8211; Wydajno\u015b\u0107 na sta\u0142ym poziomie<br>&#8211; Du\u017ca powierzchnia filtra<br>&#8211; Ka\u017cdy pojedynczy produkt poddaje si\u0119 pr\u00f3bom na zgodno\u015b\u0107 z norm\u0105 EN1822<\/p>\n\n\n\n<div class=\"wp-block-buttons is-layout-flex wp-block-buttons-is-layout-flex\">\n<div class=\"wp-block-button\"><a class=\"wp-block-button__link has-blue-background-color has-background\" href=\"https:\/\/www.afprofilters.pl\/produkt\/seria-hla-filtry-hepa\/\">Przeczytaj<\/a><\/div>\n<\/div>\n<\/div>\n\n\n\n<div class=\"wp-block-column is-layout-flow wp-block-column-is-layout-flow\">\n<figure class=\"wp-block-image\"><a href=\"https:\/\/www.afprofilters.pl\/produkt\/filtr-hepa-seria-hvg\/\"><img decoding=\"async\" src=\"http:\/\/www.afprofilters.com\/wp-content\/uploads\/2016\/09\/HVG1113NEEM_noir-150x150.jpg\" alt=\"HVG\" \/><\/a><\/figure>\n\n\n\n<h2 class=\"wp-block-heading\">Filtr HEPA Seria HVG<\/h2>\n\n\n\n<p>&gt; <a href=\"https:\/\/www.afprofilters.pl\/rodzaj-produktu\/filtry-hepa\/\">Filtry absolutne &#8211; HEPA<\/a><\/p>\n\n\n\n<p>&#8211; E10, E11, H13, H14<br>&#8211; Wydajno\u015b\u0107 na sta\u0142ym poziomie<br>&#8211; Du\u017ca powierzchnia filtra<br>&#8211; Ka\u017cdy pojedynczy produkt poddaje si\u0119 pr\u00f3bom na zgodno\u015b\u0107 z norm\u0105 EN1822<br>&#8211; Niskie zu\u017cycie energii dzi\u0119ki zastosowaniu mini plis<\/p>\n\n\n\n<div class=\"wp-block-buttons is-layout-flex wp-block-buttons-is-layout-flex\">\n<div class=\"wp-block-button\"><a class=\"wp-block-button__link has-blue-background-color has-background\" href=\"https:\/\/www.afprofilters.pl\/produkt\/filtr-hepa-seria-hvg\/\">Przeczytaj<\/a><\/div>\n<\/div>\n<\/div>\n\n\n\n<div class=\"wp-block-column is-layout-flow wp-block-column-is-layout-flow\">\n<figure class=\"wp-block-image\"><a href=\"https:\/\/www.afprofilters.pl\/produkt\/filtr-kieszeniowy-epm1-hq85\/\"><img decoding=\"async\" src=\"http:\/\/www.afprofilters.com\/wp-content\/uploads\/2016\/09\/HQ85A8-6-F7-150x150.jpg\" alt=\"Filtr kieszeniowy ePM1 HQ 85\" \/><\/a><\/figure>\n\n\n\n<h2 class=\"wp-block-heading\">Filtr kieszeniowy HQ85<\/h2>\n\n\n\n<p>&gt; <a href=\"https:\/\/www.afprofilters.pl\/rodzaj-produktu\/filtry-workowe\/\">Filtry kieszeniowe<\/a><\/p>\n\n\n\n<p>&#8211; ePM1 60%<br>&#8211; Rama o lekkiej konstrukcji<br>&#8211; Wysoka wydajno\u015b\u0107 zatrzymywania py\u0142\u00f3w<br>&#8211; Sta\u0142a wydajno\u015b\u0107<br>&#8211; Wysoka wydajno\u015b\u0107 energetyczna<\/p>\n\n\n\n<div class=\"wp-block-buttons is-layout-flex wp-block-buttons-is-layout-flex\">\n<div class=\"wp-block-button\"><a class=\"wp-block-button__link has-blue-background-color has-background\" href=\"https:\/\/www.afprofilters.pl\/produkt\/filtr-kieszeniowy-epm1-hq85\/\">Przeczytaj<\/a><\/div>\n<\/div>\n<\/div>\n<\/div>\n\n\n\n<h2 class=\"wp-block-heading\">Us\u0142uga<\/h2>\n\n\n\n<div class=\"wp-block-columns anm-columns is-layout-flex wp-container-core-columns-is-layout-9d6595d7 wp-block-columns-is-layout-flex\">\n<div class=\"wp-block-column is-layout-flow wp-block-column-is-layout-flow\">\n<figure class=\"wp-block-image\"><a href=\"https:\/\/www.afprofilters.pl\/produkt\/formacja-filtracji-powietrza\/\"><img decoding=\"async\" src=\"http:\/\/www.afprofilters.com\/wp-content\/uploads\/2016\/09\/AFPRO-Filters-for-commercial-office-buildings-better-indoor-climate-150x150.png\" alt=\"Offre de services AFPRO Filters\" \/><\/a><\/figure>\n\n\n\n<h2 class=\"wp-block-heading\">Akademia Afpro Filters<\/h2>\n\n\n\n<p>&gt; <a href=\"https:\/\/www.afprofilters.pl\/rodzaj-produktu\/usluga\/\">Us\u0142uga<\/a><\/p>\n\n\n\n<div class=\"wp-block-buttons is-layout-flex wp-block-buttons-is-layout-flex\">\n<div class=\"wp-block-button\"><a class=\"wp-block-button__link has-blue-background-color has-background\" href=\"https:\/\/www.afprofilters.pl\/produkt\/formacja-filtracji-powietrza\/\">Przeczytaj<\/a><\/div>\n<\/div>\n<\/div>\n\n\n\n<div class=\"wp-block-column empty-column is-layout-flow wp-block-column-is-layout-flow\"><\/div>\n\n\n\n<div class=\"wp-block-column empty-column is-layout-flow wp-block-column-is-layout-flow\"><\/div>\n<\/div>\n\n\n\n<div class=\"wp-block-columns is-layout-flex wp-container-core-columns-is-layout-9d6595d7 wp-block-columns-is-layout-flex\">\n<div class=\"wp-block-column is-layout-flow wp-block-column-is-layout-flow\">\n<h2 class=\"wp-block-heading\">INFOGRAFIKA<\/h2>\n\n\n\n<figure class=\"wp-block-image size-large\"><img loading=\"lazy\" decoding=\"async\" width=\"1024\" height=\"732\" src=\"http:\/\/www.afprofilters.com\/wp-content\/uploads\/2021\/11\/071321_AFPRO_INFOGRAPHIE-HOPITAL_PL_2021_WEB-min-1024x732.jpg\" alt=\"\" class=\"wp-image-29355\" srcset=\"https:\/\/www.afprofilters.com\/wp-content\/uploads\/2021\/11\/071321_AFPRO_INFOGRAPHIE-HOPITAL_PL_2021_WEB-min-1024x732.jpg 1024w, https:\/\/www.afprofilters.com\/wp-content\/uploads\/2021\/11\/071321_AFPRO_INFOGRAPHIE-HOPITAL_PL_2021_WEB-min-300x215.jpg 300w, https:\/\/www.afprofilters.com\/wp-content\/uploads\/2021\/11\/071321_AFPRO_INFOGRAPHIE-HOPITAL_PL_2021_WEB-min-768x549.jpg 768w, https:\/\/www.afprofilters.com\/wp-content\/uploads\/2021\/11\/071321_AFPRO_INFOGRAPHIE-HOPITAL_PL_2021_WEB-min-1536x1098.jpg 1536w, https:\/\/www.afprofilters.com\/wp-content\/uploads\/2021\/11\/071321_AFPRO_INFOGRAPHIE-HOPITAL_PL_2021_WEB-min-2048x1464.jpg 2048w\" sizes=\"auto, (max-width: 1024px) 100vw, 1024px\" \/><\/figure>\n\n\n\n<h3 class=\"wp-block-heading\">Filtracja powietrza w jednostkach opieki zdrowotnej<\/h3>\n\n\n\n<p>Wype\u0142nij formularz, aby otrzyma\u0107 infografik\u0119 na swoj\u0105 skrzynk\u0119 pocztow\u0105<\/p>\n\n\n\n<div class=\"wp-block-buttons is-layout-flex wp-block-buttons-is-layout-flex\">\n<div class=\"wp-block-button\"><a class=\"wp-block-button__link has-blue-background-color has-background\" href=\"https:\/\/www.afprofilters.pl\/filtracja-powietrza-w-jednostkach-opieki-zdrowotnej\/\">Przeczytaj<\/a><\/div>\n<\/div>\n<\/div>\n\n\n\n<div class=\"wp-block-column is-layout-flow wp-block-column-is-layout-flow\">\n<h2 class=\"wp-block-heading\">WIDEO<\/h2>\n\n\n\n<figure class=\"wp-block-embed is-type-video is-provider-youtube wp-block-embed-youtube wp-embed-aspect-16-9 wp-has-aspect-ratio\"><div class=\"wp-block-embed__wrapper\">\n<iframe loading=\"lazy\" title=\"Czym jest Filtr HEPA Akademia AFPRO Filters PL\" width=\"500\" height=\"281\" src=\"https:\/\/www.youtube.com\/embed\/eDMRYRJIvfQ?feature=oembed\" frameborder=\"0\" allow=\"accelerometer; autoplay; clipboard-write; encrypted-media; gyroscope; picture-in-picture; web-share\" referrerpolicy=\"strict-origin-when-cross-origin\" allowfullscreen><\/iframe>\n<\/div><\/figure>\n<\/div>\n<\/div>\n","protected":false},"excerpt":{"rendered":"<p>Produkt Filtr HEPA Seria HLA &gt; Filtry absolutne &#8211; HEPA &#8211; E10, E11, H13, H14&#8211; Filtry HLA HEPA posiadaj\u0105 2 siatki zabezpieczaj\u0105ce&#8211; Wydajno\u015b\u0107 na sta\u0142ym poziomie&#8211; Du\u017ca powierzchnia filtra&#8211; Ka\u017cdy pojedynczy produkt poddaje si\u0119 pr\u00f3bom na zgodno\u015b\u0107 z norm\u0105 EN1822 Filtr HEPA Seria HVG &gt; Filtry absolutne &#8211; HEPA &#8211; E10, E11, H13, H14&#8211; Wydajno\u015b\u0107 [&hellip;]<\/p>\n","protected":false},"author":2,"featured_media":0,"parent":0,"menu_order":0,"comment_status":"closed","ping_status":"closed","template":"","meta":{"_acf_changed":false,"footnotes":""},"class_list":["post-12028","page","type-page","status-publish","hentry"],"acf":[],"yoast_head":"<!-- This site is optimized with the Yoast SEO plugin v27.3 - https:\/\/yoast.com\/product\/yoast-seo-wordpress\/ -->\n<title>Wskaz\u00f3wki w zakresie filtracji powietrza w szpitalach - AFPRO<\/title>\n<meta name=\"robots\" content=\"index, follow, max-snippet:-1, max-image-preview:large, max-video-preview:-1\" \/>\n<link rel=\"canonical\" href=\"https:\/\/www.afprofilters.com\/pl\/wskazowki-w-zakresie-filtracji-powietrza-w-szpitalach\/\" \/>\n<meta property=\"og:locale\" content=\"pl_PL\" \/>\n<meta property=\"og:type\" content=\"article\" \/>\n<meta property=\"og:title\" content=\"Wskaz\u00f3wki w zakresie filtracji powietrza w szpitalach - AFPRO\" \/>\n<meta property=\"og:description\" content=\"Produkt Filtr HEPA Seria HLA &gt; Filtry absolutne &#8211; HEPA &#8211; E10, E11, H13, H14&#8211; Filtry HLA HEPA posiadaj\u0105 2 siatki zabezpieczaj\u0105ce&#8211; Wydajno\u015b\u0107 na sta\u0142ym poziomie&#8211; Du\u017ca powierzchnia filtra&#8211; Ka\u017cdy pojedynczy produkt poddaje si\u0119 pr\u00f3bom na zgodno\u015b\u0107 z norm\u0105 EN1822 Filtr HEPA Seria HVG &gt; Filtry absolutne &#8211; HEPA &#8211; E10, E11, H13, H14&#8211; Wydajno\u015b\u0107 [&hellip;]\" \/>\n<meta property=\"og:url\" content=\"https:\/\/www.afprofilters.com\/pl\/wskazowki-w-zakresie-filtracji-powietrza-w-szpitalach\/\" \/>\n<meta property=\"og:site_name\" content=\"AFPRO\" \/>\n<meta property=\"article:modified_time\" content=\"2021-11-16T07:22:16+00:00\" \/>\n<meta property=\"og:image\" content=\"http:\/\/www.afprofilters.com\/wp-content\/uploads\/2016\/09\/HLA1113DCCG-150x150.jpg\" \/>\n<meta name=\"twitter:card\" content=\"summary_large_image\" \/>\n<meta name=\"twitter:label1\" content=\"Szacowany czas czytania\" \/>\n\t<meta name=\"twitter:data1\" content=\"2 minuty\" \/>\n<script type=\"application\/ld+json\" class=\"yoast-schema-graph\">{\"@context\":\"https:\\\/\\\/schema.org\",\"@graph\":[{\"@type\":\"WebPage\",\"@id\":\"https:\\\/\\\/www.afprofilters.com\\\/pl\\\/wskazowki-w-zakresie-filtracji-powietrza-w-szpitalach\\\/\",\"url\":\"https:\\\/\\\/www.afprofilters.com\\\/pl\\\/wskazowki-w-zakresie-filtracji-powietrza-w-szpitalach\\\/\",\"name\":\"Wskaz\u00f3wki w zakresie filtracji powietrza w szpitalach - AFPRO\",\"isPartOf\":{\"@id\":\"https:\\\/\\\/www.afprofilters.com\\\/pl\\\/#website\"},\"primaryImageOfPage\":{\"@id\":\"https:\\\/\\\/www.afprofilters.com\\\/pl\\\/wskazowki-w-zakresie-filtracji-powietrza-w-szpitalach\\\/#primaryimage\"},\"image\":{\"@id\":\"https:\\\/\\\/www.afprofilters.com\\\/pl\\\/wskazowki-w-zakresie-filtracji-powietrza-w-szpitalach\\\/#primaryimage\"},\"thumbnailUrl\":\"http:\\\/\\\/www.afprofilters.com\\\/wp-content\\\/uploads\\\/2016\\\/09\\\/HLA1113DCCG-150x150.jpg\",\"datePublished\":\"2019-04-16T12:10:02+00:00\",\"dateModified\":\"2021-11-16T07:22:16+00:00\",\"breadcrumb\":{\"@id\":\"https:\\\/\\\/www.afprofilters.com\\\/pl\\\/wskazowki-w-zakresie-filtracji-powietrza-w-szpitalach\\\/#breadcrumb\"},\"inLanguage\":\"pl-PL\",\"potentialAction\":[{\"@type\":\"ReadAction\",\"target\":[\"https:\\\/\\\/www.afprofilters.com\\\/pl\\\/wskazowki-w-zakresie-filtracji-powietrza-w-szpitalach\\\/\"]}]},{\"@type\":\"ImageObject\",\"inLanguage\":\"pl-PL\",\"@id\":\"https:\\\/\\\/www.afprofilters.com\\\/pl\\\/wskazowki-w-zakresie-filtracji-powietrza-w-szpitalach\\\/#primaryimage\",\"url\":\"http:\\\/\\\/www.afprofilters.com\\\/wp-content\\\/uploads\\\/2016\\\/09\\\/HLA1113DCCG-150x150.jpg\",\"contentUrl\":\"http:\\\/\\\/www.afprofilters.com\\\/wp-content\\\/uploads\\\/2016\\\/09\\\/HLA1113DCCG-150x150.jpg\"},{\"@type\":\"BreadcrumbList\",\"@id\":\"https:\\\/\\\/www.afprofilters.com\\\/pl\\\/wskazowki-w-zakresie-filtracji-powietrza-w-szpitalach\\\/#breadcrumb\",\"itemListElement\":[{\"@type\":\"ListItem\",\"position\":1,\"name\":\"\",\"item\":\"https:\\\/\\\/www.afprofilters.com\\\/pl\\\/\"},{\"@type\":\"ListItem\",\"position\":2,\"name\":\"Wskaz\u00f3wki w zakresie filtracji powietrza w szpitalach\"}]},{\"@type\":\"WebSite\",\"@id\":\"https:\\\/\\\/www.afprofilters.com\\\/pl\\\/#website\",\"url\":\"https:\\\/\\\/www.afprofilters.com\\\/pl\\\/\",\"name\":\"AFPRO\",\"description\":\"AFPRO Filters\",\"publisher\":{\"@id\":\"https:\\\/\\\/www.afprofilters.com\\\/pl\\\/#organization\"},\"potentialAction\":[{\"@type\":\"SearchAction\",\"target\":{\"@type\":\"EntryPoint\",\"urlTemplate\":\"https:\\\/\\\/www.afprofilters.com\\\/pl\\\/?s={search_term_string}\"},\"query-input\":{\"@type\":\"PropertyValueSpecification\",\"valueRequired\":true,\"valueName\":\"search_term_string\"}}],\"inLanguage\":\"pl-PL\"},{\"@type\":\"Organization\",\"@id\":\"https:\\\/\\\/www.afprofilters.com\\\/pl\\\/#organization\",\"name\":\"AFPRO\",\"url\":\"https:\\\/\\\/www.afprofilters.com\\\/pl\\\/\",\"logo\":{\"@type\":\"ImageObject\",\"inLanguage\":\"pl-PL\",\"@id\":\"https:\\\/\\\/www.afprofilters.com\\\/pl\\\/#\\\/schema\\\/logo\\\/image\\\/\",\"url\":\"https:\\\/\\\/www.afprofilters.com\\\/wp-content\\\/uploads\\\/2021\\\/05\\\/AFPRO-logo.png\",\"contentUrl\":\"https:\\\/\\\/www.afprofilters.com\\\/wp-content\\\/uploads\\\/2021\\\/05\\\/AFPRO-logo.png\",\"width\":640,\"height\":177,\"caption\":\"AFPRO\"},\"image\":{\"@id\":\"https:\\\/\\\/www.afprofilters.com\\\/pl\\\/#\\\/schema\\\/logo\\\/image\\\/\"}}]}<\/script>\n<!-- \/ Yoast SEO plugin. -->","yoast_head_json":{"title":"Wskaz\u00f3wki w zakresie filtracji powietrza w szpitalach - AFPRO","robots":{"index":"index","follow":"follow","max-snippet":"max-snippet:-1","max-image-preview":"max-image-preview:large","max-video-preview":"max-video-preview:-1"},"canonical":"https:\/\/www.afprofilters.com\/pl\/wskazowki-w-zakresie-filtracji-powietrza-w-szpitalach\/","og_locale":"pl_PL","og_type":"article","og_title":"Wskaz\u00f3wki w zakresie filtracji powietrza w szpitalach - AFPRO","og_description":"Produkt Filtr HEPA Seria HLA &gt; Filtry absolutne &#8211; HEPA &#8211; E10, E11, H13, H14&#8211; Filtry HLA HEPA posiadaj\u0105 2 siatki zabezpieczaj\u0105ce&#8211; Wydajno\u015b\u0107 na sta\u0142ym poziomie&#8211; Du\u017ca powierzchnia filtra&#8211; Ka\u017cdy pojedynczy produkt poddaje si\u0119 pr\u00f3bom na zgodno\u015b\u0107 z norm\u0105 EN1822 Filtr HEPA Seria HVG &gt; Filtry absolutne &#8211; HEPA &#8211; E10, E11, H13, H14&#8211; Wydajno\u015b\u0107 [&hellip;]","og_url":"https:\/\/www.afprofilters.com\/pl\/wskazowki-w-zakresie-filtracji-powietrza-w-szpitalach\/","og_site_name":"AFPRO","article_modified_time":"2021-11-16T07:22:16+00:00","og_image":[{"url":"http:\/\/www.afprofilters.com\/wp-content\/uploads\/2016\/09\/HLA1113DCCG-150x150.jpg","type":"","width":"","height":""}],"twitter_card":"summary_large_image","twitter_misc":{"Szacowany czas czytania":"2 minuty"},"schema":{"@context":"https:\/\/schema.org","@graph":[{"@type":"WebPage","@id":"https:\/\/www.afprofilters.com\/pl\/wskazowki-w-zakresie-filtracji-powietrza-w-szpitalach\/","url":"https:\/\/www.afprofilters.com\/pl\/wskazowki-w-zakresie-filtracji-powietrza-w-szpitalach\/","name":"Wskaz\u00f3wki w zakresie filtracji powietrza w szpitalach - AFPRO","isPartOf":{"@id":"https:\/\/www.afprofilters.com\/pl\/#website"},"primaryImageOfPage":{"@id":"https:\/\/www.afprofilters.com\/pl\/wskazowki-w-zakresie-filtracji-powietrza-w-szpitalach\/#primaryimage"},"image":{"@id":"https:\/\/www.afprofilters.com\/pl\/wskazowki-w-zakresie-filtracji-powietrza-w-szpitalach\/#primaryimage"},"thumbnailUrl":"http:\/\/www.afprofilters.com\/wp-content\/uploads\/2016\/09\/HLA1113DCCG-150x150.jpg","datePublished":"2019-04-16T12:10:02+00:00","dateModified":"2021-11-16T07:22:16+00:00","breadcrumb":{"@id":"https:\/\/www.afprofilters.com\/pl\/wskazowki-w-zakresie-filtracji-powietrza-w-szpitalach\/#breadcrumb"},"inLanguage":"pl-PL","potentialAction":[{"@type":"ReadAction","target":["https:\/\/www.afprofilters.com\/pl\/wskazowki-w-zakresie-filtracji-powietrza-w-szpitalach\/"]}]},{"@type":"ImageObject","inLanguage":"pl-PL","@id":"https:\/\/www.afprofilters.com\/pl\/wskazowki-w-zakresie-filtracji-powietrza-w-szpitalach\/#primaryimage","url":"http:\/\/www.afprofilters.com\/wp-content\/uploads\/2016\/09\/HLA1113DCCG-150x150.jpg","contentUrl":"http:\/\/www.afprofilters.com\/wp-content\/uploads\/2016\/09\/HLA1113DCCG-150x150.jpg"},{"@type":"BreadcrumbList","@id":"https:\/\/www.afprofilters.com\/pl\/wskazowki-w-zakresie-filtracji-powietrza-w-szpitalach\/#breadcrumb","itemListElement":[{"@type":"ListItem","position":1,"name":"","item":"https:\/\/www.afprofilters.com\/pl\/"},{"@type":"ListItem","position":2,"name":"Wskaz\u00f3wki w zakresie filtracji powietrza w szpitalach"}]},{"@type":"WebSite","@id":"https:\/\/www.afprofilters.com\/pl\/#website","url":"https:\/\/www.afprofilters.com\/pl\/","name":"AFPRO","description":"AFPRO Filters","publisher":{"@id":"https:\/\/www.afprofilters.com\/pl\/#organization"},"potentialAction":[{"@type":"SearchAction","target":{"@type":"EntryPoint","urlTemplate":"https:\/\/www.afprofilters.com\/pl\/?s={search_term_string}"},"query-input":{"@type":"PropertyValueSpecification","valueRequired":true,"valueName":"search_term_string"}}],"inLanguage":"pl-PL"},{"@type":"Organization","@id":"https:\/\/www.afprofilters.com\/pl\/#organization","name":"AFPRO","url":"https:\/\/www.afprofilters.com\/pl\/","logo":{"@type":"ImageObject","inLanguage":"pl-PL","@id":"https:\/\/www.afprofilters.com\/pl\/#\/schema\/logo\/image\/","url":"https:\/\/www.afprofilters.com\/wp-content\/uploads\/2021\/05\/AFPRO-logo.png","contentUrl":"https:\/\/www.afprofilters.com\/wp-content\/uploads\/2021\/05\/AFPRO-logo.png","width":640,"height":177,"caption":"AFPRO"},"image":{"@id":"https:\/\/www.afprofilters.com\/pl\/#\/schema\/logo\/image\/"}}]}},"_links":{"self":[{"href":"https:\/\/www.afprofilters.com\/pl\/wp-json\/wp\/v2\/pages\/12028","targetHints":{"allow":["GET"]}}],"collection":[{"href":"https:\/\/www.afprofilters.com\/pl\/wp-json\/wp\/v2\/pages"}],"about":[{"href":"https:\/\/www.afprofilters.com\/pl\/wp-json\/wp\/v2\/types\/page"}],"author":[{"embeddable":true,"href":"https:\/\/www.afprofilters.com\/pl\/wp-json\/wp\/v2\/users\/2"}],"replies":[{"embeddable":true,"href":"https:\/\/www.afprofilters.com\/pl\/wp-json\/wp\/v2\/comments?post=12028"}],"version-history":[{"count":0,"href":"https:\/\/www.afprofilters.com\/pl\/wp-json\/wp\/v2\/pages\/12028\/revisions"}],"wp:attachment":[{"href":"https:\/\/www.afprofilters.com\/pl\/wp-json\/wp\/v2\/media?parent=12028"}],"curies":[{"name":"wp","href":"https:\/\/api.w.org\/{rel}","templated":true}]}}