{"id":12023,"date":"2019-04-16T12:07:44","date_gmt":"2019-04-16T12:07:44","guid":{"rendered":"http:\/\/rcmrfan.cluster024.hosting.ovh.net\/?page_id=12023"},"modified":"2021-07-15T03:00:43","modified_gmt":"2021-07-15T03:00:43","slug":"wskazowki-w-zakresie-filtracji-powietrza-w-przemysle-budowlanym-i-azbestowym","status":"publish","type":"page","link":"https:\/\/www.afprofilters.com\/pl\/wskazowki-w-zakresie-filtracji-powietrza-w-przemysle-budowlanym-i-azbestowym\/","title":{"rendered":"Wskaz\u00f3wki w zakresie filtracji powietrza w przemy\u015ble budowlanym i azbestowym"},"content":{"rendered":"\n<h2 class=\"wp-block-heading\">Produkt<\/h2>\n\n\n\n<div class=\"wp-block-columns anm-columns is-layout-flex wp-container-core-columns-is-layout-9d6595d7 wp-block-columns-is-layout-flex\">\n<div class=\"wp-block-column is-layout-flow wp-block-column-is-layout-flow\">\n<figure class=\"wp-block-image\"><a href=\"https:\/\/www.afprofilters.pl\/produkt\/filtr-panelowy-seria-aero\/\"><img decoding=\"async\" src=\"https:\/\/www.afprofilters.com\/wp-content\/uploads\/2016\/09\/AERO-FP-panel-150x150.jpg\" alt=\"\"\/><\/a><\/figure>\n\n\n\n<h2 class=\"wp-block-heading\">Filtr panelowy Seria AERO<\/h2>\n\n\n\n<p>&gt; <a href=\"https:\/\/www.afprofilters.pl\/rodzaj-produktu\/filtry-panelowe\/\">Filtry panelowe<\/a><\/p>\n\n\n\n<p>&#8211; ISO Coarse 70%<br>&#8211; \u0141atwy monta\u017c<br>&#8211; \u0141atwe w utylizacji<br>&#8211; Prosta instalacja<br>&#8211; \u0141atwa utylizacja zu\u017cytych filtr\u00f3w powietrza<\/p>\n\n\n\n<div class=\"wp-block-buttons is-layout-flex wp-block-buttons-is-layout-flex\">\n<div class=\"wp-block-button\"><a class=\"wp-block-button__link has-blue-background-color has-background\" href=\"https:\/\/www.afprofilters.pl\/produkt\/filtr-panelowy-seria-aero\/\">Przeczytaj<\/a><\/div>\n<\/div>\n<\/div>\n\n\n\n<div class=\"wp-block-column is-layout-flow wp-block-column-is-layout-flow\">\n<figure class=\"wp-block-image\"><a href=\"https:\/\/www.afprofilters.pl\/produkt\/wlokniny-syntetyczne\/\"><img decoding=\"async\" src=\"http:\/\/www.afprofilters.com\/wp-content\/uploads\/2016\/09\/vrijstaand-maken2-150x150.jpg\" alt=\"wlokniny syntetyczne\"\/><\/a><\/figure>\n\n\n\n<h2 class=\"wp-block-heading\">Wlokniny syntetyczne<\/h2>\n\n\n\n<p>&gt; <a href=\"https:\/\/www.afprofilters.pl\/rodzaj-produktu\/media\/\">W\u0142\u00f3kniny filtracyjne<\/a><\/p>\n\n\n\n<p>&#8211; ISO Coarse<br>&#8211; Wysoka wydajno\u015b\u0107 zatrzymywania py\u0142\u00f3w<br>&#8211; \u0141atwo\u015b\u0107 monta\u017cu<\/p>\n\n\n\n<div class=\"wp-block-buttons is-layout-flex wp-block-buttons-is-layout-flex\">\n<div class=\"wp-block-button\"><a class=\"wp-block-button__link has-blue-background-color has-background\" href=\"https:\/\/www.afprofilters.pl\/produkt\/wlokniny-syntetyczne\/\">Przeczytaj<\/a><\/div>\n<\/div>\n<\/div>\n\n\n\n<div class=\"wp-block-column is-layout-flow wp-block-column-is-layout-flow\">\n<figure class=\"wp-block-image\"><a href=\"https:\/\/www.afprofilters.pl\/produkt\/filtr-hepa-seria-hvg\/\"><img decoding=\"async\" src=\"http:\/\/www.afprofilters.com\/wp-content\/uploads\/2016\/09\/HVG1113NEEM_noir-150x150.jpg\" alt=\"HVG\"\/><\/a><\/figure>\n\n\n\n<h2 class=\"wp-block-heading\">Filtr HEPA Seria HVG<\/h2>\n\n\n\n<p>&gt; <a href=\"https:\/\/www.afprofilters.pl\/rodzaj-produktu\/filtry-hepa\/\">Filtry absolutne &#8211; HEPA<\/a><\/p>\n\n\n\n<p>&#8211; E10, E11, H13, H14<br>&#8211; Wydajno\u015b\u0107 na sta\u0142ym poziomie<br>&#8211; Du\u017ca powierzchnia filtra<br>&#8211; Ka\u017cdy pojedynczy produkt poddaje si\u0119 pr\u00f3bom na zgodno\u015b\u0107 z norm\u0105 EN1822<br>&#8211; Niskie zu\u017cycie energii dzi\u0119ki zastosowaniu mini plis<\/p>\n\n\n\n<div class=\"wp-block-buttons is-layout-flex wp-block-buttons-is-layout-flex\">\n<div class=\"wp-block-button\"><a class=\"wp-block-button__link has-blue-background-color has-background\" href=\"https:\/\/www.afprofilters.pl\/produkt\/filtr-hepa-seria-hvg\/\">Przeczytaj<\/a><\/div>\n<\/div>\n<\/div>\n<\/div>\n\n\n\n<h2 class=\"wp-block-heading\">Us\u0142uga<\/h2>\n\n\n\n<div class=\"wp-block-columns anm-columns is-layout-flex wp-container-core-columns-is-layout-9d6595d7 wp-block-columns-is-layout-flex\">\n<div class=\"wp-block-column is-layout-flow wp-block-column-is-layout-flow\">\n<figure class=\"wp-block-image\"><a href=\"https:\/\/www.afprofilters.pl\/produkt\/wsparcie-logistyczne\/\"><img decoding=\"async\" src=\"http:\/\/www.afprofilters.com\/wp-content\/uploads\/2017\/01\/dslr1154-150x150.jpg\" alt=\"\"\/><\/a><\/figure>\n\n\n\n<h2 class=\"wp-block-heading\">Wsparcie logistyczne<\/h2>\n\n\n\n<p>> <a href=\"https:\/\/www.afprofilters.pl\/rodzaj-produktu\/usluga\/\">Us\u0142uga<\/a><\/p>\n\n\n\n<div class=\"wp-block-buttons is-layout-flex wp-block-buttons-is-layout-flex\">\n<div class=\"wp-block-button\"><a class=\"wp-block-button__link has-blue-background-color has-background\" href=\"https:\/\/www.afprofilters.pl\/produkt\/wsparcie-logistyczne\/\">Przeczytaj<\/a><\/div>\n<\/div>\n<\/div>\n\n\n\n<div class=\"wp-block-column empty-column is-layout-flow wp-block-column-is-layout-flow\"><\/div>\n\n\n\n<div class=\"wp-block-column empty-column is-layout-flow wp-block-column-is-layout-flow\"><\/div>\n<\/div>\n","protected":false},"excerpt":{"rendered":"<p>Produkt Filtr panelowy Seria AERO &gt; Filtry panelowe &#8211; ISO Coarse 70%&#8211; \u0141atwy monta\u017c&#8211; \u0141atwe w utylizacji&#8211; Prosta instalacja&#8211; \u0141atwa utylizacja zu\u017cytych filtr\u00f3w powietrza Wlokniny syntetyczne &gt; W\u0142\u00f3kniny filtracyjne &#8211; ISO Coarse&#8211; Wysoka wydajno\u015b\u0107 zatrzymywania py\u0142\u00f3w&#8211; \u0141atwo\u015b\u0107 monta\u017cu Filtr HEPA Seria HVG &gt; Filtry absolutne &#8211; HEPA &#8211; E10, E11, H13, H14&#8211; Wydajno\u015b\u0107 na sta\u0142ym [&hellip;]<\/p>\n","protected":false},"author":2,"featured_media":0,"parent":0,"menu_order":0,"comment_status":"closed","ping_status":"closed","template":"","meta":{"_acf_changed":false,"footnotes":""},"class_list":["post-12023","page","type-page","status-publish","hentry"],"acf":[],"yoast_head":"<!-- This site is optimized with the Yoast SEO plugin v27.3 - https:\/\/yoast.com\/product\/yoast-seo-wordpress\/ -->\n<title>Wskaz\u00f3wki w zakresie filtracji powietrza w przemy\u015ble budowlanym i azbestowym - AFPRO<\/title>\n<meta name=\"robots\" content=\"index, follow, max-snippet:-1, max-image-preview:large, max-video-preview:-1\" \/>\n<link rel=\"canonical\" href=\"https:\/\/www.afprofilters.com\/pl\/wskazowki-w-zakresie-filtracji-powietrza-w-przemysle-budowlanym-i-azbestowym\/\" \/>\n<meta property=\"og:locale\" content=\"pl_PL\" \/>\n<meta property=\"og:type\" content=\"article\" \/>\n<meta property=\"og:title\" content=\"Wskaz\u00f3wki w zakresie filtracji powietrza w przemy\u015ble budowlanym i azbestowym - AFPRO\" \/>\n<meta property=\"og:description\" content=\"Produkt Filtr panelowy Seria AERO &gt; Filtry panelowe &#8211; ISO Coarse 70%&#8211; \u0141atwy monta\u017c&#8211; \u0141atwe w utylizacji&#8211; Prosta instalacja&#8211; \u0141atwa utylizacja zu\u017cytych filtr\u00f3w powietrza Wlokniny syntetyczne &gt; W\u0142\u00f3kniny filtracyjne &#8211; ISO Coarse&#8211; Wysoka wydajno\u015b\u0107 zatrzymywania py\u0142\u00f3w&#8211; \u0141atwo\u015b\u0107 monta\u017cu Filtr HEPA Seria HVG &gt; Filtry absolutne &#8211; HEPA &#8211; E10, E11, H13, H14&#8211; Wydajno\u015b\u0107 na sta\u0142ym [&hellip;]\" \/>\n<meta property=\"og:url\" content=\"https:\/\/www.afprofilters.com\/pl\/wskazowki-w-zakresie-filtracji-powietrza-w-przemysle-budowlanym-i-azbestowym\/\" \/>\n<meta property=\"og:site_name\" content=\"AFPRO\" \/>\n<meta property=\"article:modified_time\" content=\"2021-07-15T03:00:43+00:00\" \/>\n<meta property=\"og:image\" content=\"https:\/\/www.afprofilters.com\/wp-content\/uploads\/2016\/09\/AERO-FP-panel-150x150.jpg\" \/>\n<meta name=\"twitter:card\" content=\"summary_large_image\" \/>\n<meta name=\"twitter:label1\" content=\"Szacowany czas czytania\" \/>\n\t<meta name=\"twitter:data1\" content=\"2 minuty\" \/>\n<script type=\"application\/ld+json\" class=\"yoast-schema-graph\">{\"@context\":\"https:\\\/\\\/schema.org\",\"@graph\":[{\"@type\":\"WebPage\",\"@id\":\"https:\\\/\\\/www.afprofilters.com\\\/pl\\\/wskazowki-w-zakresie-filtracji-powietrza-w-przemysle-budowlanym-i-azbestowym\\\/\",\"url\":\"https:\\\/\\\/www.afprofilters.com\\\/pl\\\/wskazowki-w-zakresie-filtracji-powietrza-w-przemysle-budowlanym-i-azbestowym\\\/\",\"name\":\"Wskaz\u00f3wki w zakresie filtracji powietrza w przemy\u015ble budowlanym i azbestowym - AFPRO\",\"isPartOf\":{\"@id\":\"https:\\\/\\\/www.afprofilters.com\\\/pl\\\/#website\"},\"primaryImageOfPage\":{\"@id\":\"https:\\\/\\\/www.afprofilters.com\\\/pl\\\/wskazowki-w-zakresie-filtracji-powietrza-w-przemysle-budowlanym-i-azbestowym\\\/#primaryimage\"},\"image\":{\"@id\":\"https:\\\/\\\/www.afprofilters.com\\\/pl\\\/wskazowki-w-zakresie-filtracji-powietrza-w-przemysle-budowlanym-i-azbestowym\\\/#primaryimage\"},\"thumbnailUrl\":\"https:\\\/\\\/www.afprofilters.com\\\/wp-content\\\/uploads\\\/2016\\\/09\\\/AERO-FP-panel-150x150.jpg\",\"datePublished\":\"2019-04-16T12:07:44+00:00\",\"dateModified\":\"2021-07-15T03:00:43+00:00\",\"breadcrumb\":{\"@id\":\"https:\\\/\\\/www.afprofilters.com\\\/pl\\\/wskazowki-w-zakresie-filtracji-powietrza-w-przemysle-budowlanym-i-azbestowym\\\/#breadcrumb\"},\"inLanguage\":\"pl-PL\",\"potentialAction\":[{\"@type\":\"ReadAction\",\"target\":[\"https:\\\/\\\/www.afprofilters.com\\\/pl\\\/wskazowki-w-zakresie-filtracji-powietrza-w-przemysle-budowlanym-i-azbestowym\\\/\"]}]},{\"@type\":\"ImageObject\",\"inLanguage\":\"pl-PL\",\"@id\":\"https:\\\/\\\/www.afprofilters.com\\\/pl\\\/wskazowki-w-zakresie-filtracji-powietrza-w-przemysle-budowlanym-i-azbestowym\\\/#primaryimage\",\"url\":\"https:\\\/\\\/www.afprofilters.com\\\/wp-content\\\/uploads\\\/2016\\\/09\\\/AERO-FP-panel-150x150.jpg\",\"contentUrl\":\"https:\\\/\\\/www.afprofilters.com\\\/wp-content\\\/uploads\\\/2016\\\/09\\\/AERO-FP-panel-150x150.jpg\"},{\"@type\":\"BreadcrumbList\",\"@id\":\"https:\\\/\\\/www.afprofilters.com\\\/pl\\\/wskazowki-w-zakresie-filtracji-powietrza-w-przemysle-budowlanym-i-azbestowym\\\/#breadcrumb\",\"itemListElement\":[{\"@type\":\"ListItem\",\"position\":1,\"name\":\"\",\"item\":\"https:\\\/\\\/www.afprofilters.com\\\/pl\\\/\"},{\"@type\":\"ListItem\",\"position\":2,\"name\":\"Wskaz\u00f3wki w zakresie filtracji powietrza w przemy\u015ble budowlanym i azbestowym\"}]},{\"@type\":\"WebSite\",\"@id\":\"https:\\\/\\\/www.afprofilters.com\\\/pl\\\/#website\",\"url\":\"https:\\\/\\\/www.afprofilters.com\\\/pl\\\/\",\"name\":\"AFPRO\",\"description\":\"AFPRO Filters\",\"publisher\":{\"@id\":\"https:\\\/\\\/www.afprofilters.com\\\/pl\\\/#organization\"},\"potentialAction\":[{\"@type\":\"SearchAction\",\"target\":{\"@type\":\"EntryPoint\",\"urlTemplate\":\"https:\\\/\\\/www.afprofilters.com\\\/pl\\\/?s={search_term_string}\"},\"query-input\":{\"@type\":\"PropertyValueSpecification\",\"valueRequired\":true,\"valueName\":\"search_term_string\"}}],\"inLanguage\":\"pl-PL\"},{\"@type\":\"Organization\",\"@id\":\"https:\\\/\\\/www.afprofilters.com\\\/pl\\\/#organization\",\"name\":\"AFPRO\",\"url\":\"https:\\\/\\\/www.afprofilters.com\\\/pl\\\/\",\"logo\":{\"@type\":\"ImageObject\",\"inLanguage\":\"pl-PL\",\"@id\":\"https:\\\/\\\/www.afprofilters.com\\\/pl\\\/#\\\/schema\\\/logo\\\/image\\\/\",\"url\":\"https:\\\/\\\/www.afprofilters.com\\\/wp-content\\\/uploads\\\/2021\\\/05\\\/AFPRO-logo.png\",\"contentUrl\":\"https:\\\/\\\/www.afprofilters.com\\\/wp-content\\\/uploads\\\/2021\\\/05\\\/AFPRO-logo.png\",\"width\":640,\"height\":177,\"caption\":\"AFPRO\"},\"image\":{\"@id\":\"https:\\\/\\\/www.afprofilters.com\\\/pl\\\/#\\\/schema\\\/logo\\\/image\\\/\"}}]}<\/script>\n<!-- \/ Yoast SEO plugin. -->","yoast_head_json":{"title":"Wskaz\u00f3wki w zakresie filtracji powietrza w przemy\u015ble budowlanym i azbestowym - AFPRO","robots":{"index":"index","follow":"follow","max-snippet":"max-snippet:-1","max-image-preview":"max-image-preview:large","max-video-preview":"max-video-preview:-1"},"canonical":"https:\/\/www.afprofilters.com\/pl\/wskazowki-w-zakresie-filtracji-powietrza-w-przemysle-budowlanym-i-azbestowym\/","og_locale":"pl_PL","og_type":"article","og_title":"Wskaz\u00f3wki w zakresie filtracji powietrza w przemy\u015ble budowlanym i azbestowym - AFPRO","og_description":"Produkt Filtr panelowy Seria AERO &gt; Filtry panelowe &#8211; ISO Coarse 70%&#8211; \u0141atwy monta\u017c&#8211; \u0141atwe w utylizacji&#8211; Prosta instalacja&#8211; \u0141atwa utylizacja zu\u017cytych filtr\u00f3w powietrza Wlokniny syntetyczne &gt; W\u0142\u00f3kniny filtracyjne &#8211; ISO Coarse&#8211; Wysoka wydajno\u015b\u0107 zatrzymywania py\u0142\u00f3w&#8211; \u0141atwo\u015b\u0107 monta\u017cu Filtr HEPA Seria HVG &gt; Filtry absolutne &#8211; HEPA &#8211; E10, E11, H13, H14&#8211; Wydajno\u015b\u0107 na sta\u0142ym [&hellip;]","og_url":"https:\/\/www.afprofilters.com\/pl\/wskazowki-w-zakresie-filtracji-powietrza-w-przemysle-budowlanym-i-azbestowym\/","og_site_name":"AFPRO","article_modified_time":"2021-07-15T03:00:43+00:00","og_image":[{"url":"https:\/\/www.afprofilters.com\/wp-content\/uploads\/2016\/09\/AERO-FP-panel-150x150.jpg","type":"","width":"","height":""}],"twitter_card":"summary_large_image","twitter_misc":{"Szacowany czas czytania":"2 minuty"},"schema":{"@context":"https:\/\/schema.org","@graph":[{"@type":"WebPage","@id":"https:\/\/www.afprofilters.com\/pl\/wskazowki-w-zakresie-filtracji-powietrza-w-przemysle-budowlanym-i-azbestowym\/","url":"https:\/\/www.afprofilters.com\/pl\/wskazowki-w-zakresie-filtracji-powietrza-w-przemysle-budowlanym-i-azbestowym\/","name":"Wskaz\u00f3wki w zakresie filtracji powietrza w przemy\u015ble budowlanym i azbestowym - AFPRO","isPartOf":{"@id":"https:\/\/www.afprofilters.com\/pl\/#website"},"primaryImageOfPage":{"@id":"https:\/\/www.afprofilters.com\/pl\/wskazowki-w-zakresie-filtracji-powietrza-w-przemysle-budowlanym-i-azbestowym\/#primaryimage"},"image":{"@id":"https:\/\/www.afprofilters.com\/pl\/wskazowki-w-zakresie-filtracji-powietrza-w-przemysle-budowlanym-i-azbestowym\/#primaryimage"},"thumbnailUrl":"https:\/\/www.afprofilters.com\/wp-content\/uploads\/2016\/09\/AERO-FP-panel-150x150.jpg","datePublished":"2019-04-16T12:07:44+00:00","dateModified":"2021-07-15T03:00:43+00:00","breadcrumb":{"@id":"https:\/\/www.afprofilters.com\/pl\/wskazowki-w-zakresie-filtracji-powietrza-w-przemysle-budowlanym-i-azbestowym\/#breadcrumb"},"inLanguage":"pl-PL","potentialAction":[{"@type":"ReadAction","target":["https:\/\/www.afprofilters.com\/pl\/wskazowki-w-zakresie-filtracji-powietrza-w-przemysle-budowlanym-i-azbestowym\/"]}]},{"@type":"ImageObject","inLanguage":"pl-PL","@id":"https:\/\/www.afprofilters.com\/pl\/wskazowki-w-zakresie-filtracji-powietrza-w-przemysle-budowlanym-i-azbestowym\/#primaryimage","url":"https:\/\/www.afprofilters.com\/wp-content\/uploads\/2016\/09\/AERO-FP-panel-150x150.jpg","contentUrl":"https:\/\/www.afprofilters.com\/wp-content\/uploads\/2016\/09\/AERO-FP-panel-150x150.jpg"},{"@type":"BreadcrumbList","@id":"https:\/\/www.afprofilters.com\/pl\/wskazowki-w-zakresie-filtracji-powietrza-w-przemysle-budowlanym-i-azbestowym\/#breadcrumb","itemListElement":[{"@type":"ListItem","position":1,"name":"","item":"https:\/\/www.afprofilters.com\/pl\/"},{"@type":"ListItem","position":2,"name":"Wskaz\u00f3wki w zakresie filtracji powietrza w przemy\u015ble budowlanym i azbestowym"}]},{"@type":"WebSite","@id":"https:\/\/www.afprofilters.com\/pl\/#website","url":"https:\/\/www.afprofilters.com\/pl\/","name":"AFPRO","description":"AFPRO Filters","publisher":{"@id":"https:\/\/www.afprofilters.com\/pl\/#organization"},"potentialAction":[{"@type":"SearchAction","target":{"@type":"EntryPoint","urlTemplate":"https:\/\/www.afprofilters.com\/pl\/?s={search_term_string}"},"query-input":{"@type":"PropertyValueSpecification","valueRequired":true,"valueName":"search_term_string"}}],"inLanguage":"pl-PL"},{"@type":"Organization","@id":"https:\/\/www.afprofilters.com\/pl\/#organization","name":"AFPRO","url":"https:\/\/www.afprofilters.com\/pl\/","logo":{"@type":"ImageObject","inLanguage":"pl-PL","@id":"https:\/\/www.afprofilters.com\/pl\/#\/schema\/logo\/image\/","url":"https:\/\/www.afprofilters.com\/wp-content\/uploads\/2021\/05\/AFPRO-logo.png","contentUrl":"https:\/\/www.afprofilters.com\/wp-content\/uploads\/2021\/05\/AFPRO-logo.png","width":640,"height":177,"caption":"AFPRO"},"image":{"@id":"https:\/\/www.afprofilters.com\/pl\/#\/schema\/logo\/image\/"}}]}},"_links":{"self":[{"href":"https:\/\/www.afprofilters.com\/pl\/wp-json\/wp\/v2\/pages\/12023","targetHints":{"allow":["GET"]}}],"collection":[{"href":"https:\/\/www.afprofilters.com\/pl\/wp-json\/wp\/v2\/pages"}],"about":[{"href":"https:\/\/www.afprofilters.com\/pl\/wp-json\/wp\/v2\/types\/page"}],"author":[{"embeddable":true,"href":"https:\/\/www.afprofilters.com\/pl\/wp-json\/wp\/v2\/users\/2"}],"replies":[{"embeddable":true,"href":"https:\/\/www.afprofilters.com\/pl\/wp-json\/wp\/v2\/comments?post=12023"}],"version-history":[{"count":0,"href":"https:\/\/www.afprofilters.com\/pl\/wp-json\/wp\/v2\/pages\/12023\/revisions"}],"wp:attachment":[{"href":"https:\/\/www.afprofilters.com\/pl\/wp-json\/wp\/v2\/media?parent=12023"}],"curies":[{"name":"wp","href":"https:\/\/api.w.org\/{rel}","templated":true}]}}