{"id":969,"date":"2016-09-06T11:38:44","date_gmt":"2016-09-06T11:38:44","guid":{"rendered":"https:\/\/www.afprofilters.com\/?page_id=969&#038;lang=nl"},"modified":"2023-10-02T10:11:56","modified_gmt":"2023-10-02T10:11:56","slug":"calculaties","status":"publish","type":"page","link":"https:\/\/www.afprofilters.com\/nl\/expertise\/calculaties\/","title":{"rendered":"Calculaties"},"content":{"rendered":"<p>Er zijn verschillende formules die u kunt gebruiken om verschillende aspecten van de prestaties van uw filters vast te stellen. Het energieverbruik, effici\u00ebntie, permeabiliteit en filtratieco\u00ebffici\u00ebnt van filters worden hieronder in successie besproken.<\/p>\n<h2><strong>Energieverbruik<\/strong><\/h2>\n<p>Verreweg de grootste kostenpost bij filtratie is het energieverbruik. Ongeveer 70 procent van de totale kosten kan aan het energieverbruik van uw filtersysteem worden toegeschreven. Het berekenen van het energieverbruik geeft daarom een goed inzicht in de totale bedrijfskosten.<\/p>\n<p>Het energieverbruik wordt uitgedrukt in kilowattuur (kWh), wat kan worden vermenigvuldigd met het toepasselijke energietarief om de kosten in euro\u2019s te berekenen. Belangrijke aspecten in dit verband zijn het volume lucht dat door de luchtbehandelingskast stroomt, de gemiddelde weerstand, de bedrijfsuren en de effici\u00ebntie van de ventilator. Dit laatste aspect varieert in het algemeen van 0,6 tot 0,7.<\/p>\n<p><img loading=\"lazy\" decoding=\"async\" class=\"alignnone size-full wp-image-13430\" src=\"\/wp-content\/uploads\/\/2019\/06\/Calcalaties.jpg\" alt=\"\" width=\"230\" height=\"267\" \/><\/p>\n<h2>Efficiency van filters<\/h2>\n<p>Naast het energieverbruik, is de effici\u00ebntie van het filter belangrijk. De onderstaande berekening wordt gebruikt om het percentage deeltjes vast te stellen dat door het filter is opgesloten. Op verzoek is het mogelijk om deze test in ons laboratorium te laten uitvoeren.<\/p>\n<p><img loading=\"lazy\" decoding=\"async\" class=\"alignnone  wp-image-13437\" src=\"\/wp-content\/uploads\/\/2019\/06\/calculation.jpg\" alt=\"\" width=\"316\" height=\"144\" \/><\/p>\n<h2>Permeabiliteit en penetratie (%)<\/h2>\n<p>De penetratiefactor van een filter is een manier om de kwaliteit uit te drukken. Het wordt berekend door de gemeten concentratie van deeltjesmaterie te delen door het filter aan de voorkant.<\/p>\n<p><img loading=\"lazy\" decoding=\"async\" class=\"alignnone  wp-image-13443\" src=\"\/wp-content\/uploads\/\/2019\/06\/calculation-3.jpg\" alt=\"\" width=\"332\" height=\"121\" \/><\/p>\n\n\n<div class=\"wp-block-buttons is-layout-flex wp-block-buttons-is-layout-flex\">\n<div class=\"wp-block-button\"><a class=\"wp-block-button__link wp-element-button\" href=\"https:\/\/www.afprofilters.com\/nl\/contact\/\">Contact<\/a><\/div>\n<\/div>\n","protected":false},"excerpt":{"rendered":"<p>Er zijn verschillende formules die u kunt gebruiken om verschillende aspecten van de prestaties van uw filters vast te stellen. Het energieverbruik, effici\u00ebntie, permeabiliteit en filtratieco\u00ebffici\u00ebnt van filters worden hieronder in successie besproken. Energieverbruik Verreweg de grootste kostenpost bij filtratie is het energieverbruik. Ongeveer 70 procent van de totale kosten kan aan het energieverbruik van [&hellip;]<\/p>\n","protected":false},"author":2,"featured_media":0,"parent":1167,"menu_order":0,"comment_status":"closed","ping_status":"closed","template":"","meta":{"_acf_changed":false,"footnotes":""},"class_list":["post-969","page","type-page","status-publish","hentry"],"acf":[],"yoast_head":"<!-- This site is optimized with the Yoast SEO plugin v27.3 - https:\/\/yoast.com\/product\/yoast-seo-wordpress\/ -->\n<title>Calculaties - AFPRO<\/title>\n<meta name=\"description\" content=\"Er zijn diverse formules om de verschillende aspecten van de prestaties van uw filters vast te stellen. Ontdek de calculaties hier.\" \/>\n<meta name=\"robots\" content=\"index, follow, max-snippet:-1, max-image-preview:large, max-video-preview:-1\" \/>\n<link rel=\"canonical\" href=\"https:\/\/www.afprofilters.com\/nl\/expertise\/calculaties\/\" \/>\n<meta property=\"og:locale\" content=\"nl_NL\" \/>\n<meta property=\"og:type\" content=\"article\" \/>\n<meta property=\"og:title\" content=\"Calculaties - AFPRO\" \/>\n<meta property=\"og:description\" content=\"Er zijn diverse formules om de verschillende aspecten van de prestaties van uw filters vast te stellen. Ontdek de calculaties hier.\" \/>\n<meta property=\"og:url\" content=\"https:\/\/www.afprofilters.com\/nl\/expertise\/calculaties\/\" \/>\n<meta property=\"og:site_name\" content=\"AFPRO\" \/>\n<meta property=\"article:modified_time\" content=\"2023-10-02T10:11:56+00:00\" \/>\n<meta name=\"twitter:card\" content=\"summary_large_image\" \/>\n<meta name=\"twitter:label1\" content=\"Geschatte leestijd\" \/>\n\t<meta name=\"twitter:data1\" content=\"2 minuten\" \/>\n<script type=\"application\/ld+json\" class=\"yoast-schema-graph\">{\"@context\":\"https:\\\/\\\/schema.org\",\"@graph\":[{\"@type\":\"WebPage\",\"@id\":\"https:\\\/\\\/www.afprofilters.com\\\/nl\\\/expertise\\\/calculaties\\\/\",\"url\":\"https:\\\/\\\/www.afprofilters.com\\\/nl\\\/expertise\\\/calculaties\\\/\",\"name\":\"Calculaties - AFPRO\",\"isPartOf\":{\"@id\":\"https:\\\/\\\/www.afprofilters.com\\\/nl\\\/#website\"},\"datePublished\":\"2016-09-06T11:38:44+00:00\",\"dateModified\":\"2023-10-02T10:11:56+00:00\",\"description\":\"Er zijn diverse formules om de verschillende aspecten van de prestaties van uw filters vast te stellen. Ontdek de calculaties hier.\",\"breadcrumb\":{\"@id\":\"https:\\\/\\\/www.afprofilters.com\\\/nl\\\/expertise\\\/calculaties\\\/#breadcrumb\"},\"inLanguage\":\"nl-NL\",\"potentialAction\":[{\"@type\":\"ReadAction\",\"target\":[\"https:\\\/\\\/www.afprofilters.com\\\/nl\\\/expertise\\\/calculaties\\\/\"]}]},{\"@type\":\"BreadcrumbList\",\"@id\":\"https:\\\/\\\/www.afprofilters.com\\\/nl\\\/expertise\\\/calculaties\\\/#breadcrumb\",\"itemListElement\":[{\"@type\":\"ListItem\",\"position\":1,\"name\":\"\",\"item\":\"https:\\\/\\\/www.afprofilters.com\\\/nl\\\/\"},{\"@type\":\"ListItem\",\"position\":2,\"name\":\"Expertise\",\"item\":\"https:\\\/\\\/www.afprofilters.com\\\/nl\\\/expertise\\\/\"},{\"@type\":\"ListItem\",\"position\":3,\"name\":\"Calculaties\"}]},{\"@type\":\"WebSite\",\"@id\":\"https:\\\/\\\/www.afprofilters.com\\\/nl\\\/#website\",\"url\":\"https:\\\/\\\/www.afprofilters.com\\\/nl\\\/\",\"name\":\"AFPRO\",\"description\":\"AFPRO Filters\",\"publisher\":{\"@id\":\"https:\\\/\\\/www.afprofilters.com\\\/nl\\\/#organization\"},\"potentialAction\":[{\"@type\":\"SearchAction\",\"target\":{\"@type\":\"EntryPoint\",\"urlTemplate\":\"https:\\\/\\\/www.afprofilters.com\\\/nl\\\/?s={search_term_string}\"},\"query-input\":{\"@type\":\"PropertyValueSpecification\",\"valueRequired\":true,\"valueName\":\"search_term_string\"}}],\"inLanguage\":\"nl-NL\"},{\"@type\":\"Organization\",\"@id\":\"https:\\\/\\\/www.afprofilters.com\\\/nl\\\/#organization\",\"name\":\"AFPRO\",\"url\":\"https:\\\/\\\/www.afprofilters.com\\\/nl\\\/\",\"logo\":{\"@type\":\"ImageObject\",\"inLanguage\":\"nl-NL\",\"@id\":\"https:\\\/\\\/www.afprofilters.com\\\/nl\\\/#\\\/schema\\\/logo\\\/image\\\/\",\"url\":\"https:\\\/\\\/www.afprofilters.com\\\/wp-content\\\/uploads\\\/2021\\\/05\\\/AFPRO-logo.png\",\"contentUrl\":\"https:\\\/\\\/www.afprofilters.com\\\/wp-content\\\/uploads\\\/2021\\\/05\\\/AFPRO-logo.png\",\"width\":640,\"height\":177,\"caption\":\"AFPRO\"},\"image\":{\"@id\":\"https:\\\/\\\/www.afprofilters.com\\\/nl\\\/#\\\/schema\\\/logo\\\/image\\\/\"}}]}<\/script>\n<!-- \/ Yoast SEO plugin. -->","yoast_head_json":{"title":"Calculaties - AFPRO","description":"Er zijn diverse formules om de verschillende aspecten van de prestaties van uw filters vast te stellen. Ontdek de calculaties hier.","robots":{"index":"index","follow":"follow","max-snippet":"max-snippet:-1","max-image-preview":"max-image-preview:large","max-video-preview":"max-video-preview:-1"},"canonical":"https:\/\/www.afprofilters.com\/nl\/expertise\/calculaties\/","og_locale":"nl_NL","og_type":"article","og_title":"Calculaties - AFPRO","og_description":"Er zijn diverse formules om de verschillende aspecten van de prestaties van uw filters vast te stellen. Ontdek de calculaties hier.","og_url":"https:\/\/www.afprofilters.com\/nl\/expertise\/calculaties\/","og_site_name":"AFPRO","article_modified_time":"2023-10-02T10:11:56+00:00","twitter_card":"summary_large_image","twitter_misc":{"Geschatte leestijd":"2 minuten"},"schema":{"@context":"https:\/\/schema.org","@graph":[{"@type":"WebPage","@id":"https:\/\/www.afprofilters.com\/nl\/expertise\/calculaties\/","url":"https:\/\/www.afprofilters.com\/nl\/expertise\/calculaties\/","name":"Calculaties - AFPRO","isPartOf":{"@id":"https:\/\/www.afprofilters.com\/nl\/#website"},"datePublished":"2016-09-06T11:38:44+00:00","dateModified":"2023-10-02T10:11:56+00:00","description":"Er zijn diverse formules om de verschillende aspecten van de prestaties van uw filters vast te stellen. Ontdek de calculaties hier.","breadcrumb":{"@id":"https:\/\/www.afprofilters.com\/nl\/expertise\/calculaties\/#breadcrumb"},"inLanguage":"nl-NL","potentialAction":[{"@type":"ReadAction","target":["https:\/\/www.afprofilters.com\/nl\/expertise\/calculaties\/"]}]},{"@type":"BreadcrumbList","@id":"https:\/\/www.afprofilters.com\/nl\/expertise\/calculaties\/#breadcrumb","itemListElement":[{"@type":"ListItem","position":1,"name":"","item":"https:\/\/www.afprofilters.com\/nl\/"},{"@type":"ListItem","position":2,"name":"Expertise","item":"https:\/\/www.afprofilters.com\/nl\/expertise\/"},{"@type":"ListItem","position":3,"name":"Calculaties"}]},{"@type":"WebSite","@id":"https:\/\/www.afprofilters.com\/nl\/#website","url":"https:\/\/www.afprofilters.com\/nl\/","name":"AFPRO","description":"AFPRO Filters","publisher":{"@id":"https:\/\/www.afprofilters.com\/nl\/#organization"},"potentialAction":[{"@type":"SearchAction","target":{"@type":"EntryPoint","urlTemplate":"https:\/\/www.afprofilters.com\/nl\/?s={search_term_string}"},"query-input":{"@type":"PropertyValueSpecification","valueRequired":true,"valueName":"search_term_string"}}],"inLanguage":"nl-NL"},{"@type":"Organization","@id":"https:\/\/www.afprofilters.com\/nl\/#organization","name":"AFPRO","url":"https:\/\/www.afprofilters.com\/nl\/","logo":{"@type":"ImageObject","inLanguage":"nl-NL","@id":"https:\/\/www.afprofilters.com\/nl\/#\/schema\/logo\/image\/","url":"https:\/\/www.afprofilters.com\/wp-content\/uploads\/2021\/05\/AFPRO-logo.png","contentUrl":"https:\/\/www.afprofilters.com\/wp-content\/uploads\/2021\/05\/AFPRO-logo.png","width":640,"height":177,"caption":"AFPRO"},"image":{"@id":"https:\/\/www.afprofilters.com\/nl\/#\/schema\/logo\/image\/"}}]}},"_links":{"self":[{"href":"https:\/\/www.afprofilters.com\/nl\/wp-json\/wp\/v2\/pages\/969","targetHints":{"allow":["GET"]}}],"collection":[{"href":"https:\/\/www.afprofilters.com\/nl\/wp-json\/wp\/v2\/pages"}],"about":[{"href":"https:\/\/www.afprofilters.com\/nl\/wp-json\/wp\/v2\/types\/page"}],"author":[{"embeddable":true,"href":"https:\/\/www.afprofilters.com\/nl\/wp-json\/wp\/v2\/users\/2"}],"replies":[{"embeddable":true,"href":"https:\/\/www.afprofilters.com\/nl\/wp-json\/wp\/v2\/comments?post=969"}],"version-history":[{"count":0,"href":"https:\/\/www.afprofilters.com\/nl\/wp-json\/wp\/v2\/pages\/969\/revisions"}],"up":[{"embeddable":true,"href":"https:\/\/www.afprofilters.com\/nl\/wp-json\/wp\/v2\/pages\/1167"}],"wp:attachment":[{"href":"https:\/\/www.afprofilters.com\/nl\/wp-json\/wp\/v2\/media?parent=969"}],"curies":[{"name":"wp","href":"https:\/\/api.w.org\/{rel}","templated":true}]}}