{"id":5397,"date":"2017-03-08T13:48:18","date_gmt":"2017-03-08T13:48:18","guid":{"rendered":"https:\/\/www.afprofilters.com\/?page_id=5397"},"modified":"2017-03-08T13:48:18","modified_gmt":"2017-03-08T13:48:18","slug":"vertriebsprofi-gebietsverkaufsleiter-grosraum-frankfurt","status":"publish","type":"page","link":"https:\/\/www.afprofilters.com\/nl\/vertriebsprofi-gebietsverkaufsleiter-grosraum-frankfurt\/","title":{"rendered":"Vertriebsprofi \/ Gebietsverkaufsleiter Gro\u00dfraum Frankfurt"},"content":{"rendered":"<p>Seit \u00fcber 35 Jahren produziert AFPRO Filters Qualit\u00e4tsfilter und geh\u00f6rt zu den f\u00fchrenden Herstellern am Markt. Die Produkte von AFPRO Filters sind \u00fcber eigene Niederlassungen und Schwesterunternehmen in den Niederlanden, Belgien, Deutschland, Frankreich, China, Australien und Polen weltweit lieferbar. Unsere Mitarbeiter sind darauf geschult, f\u00fcr jede spezifische Situation eine passende L\u00f6sung zu finden und so f\u00fcr ein gesundes Innen- und Au\u00dfenklima zu sorgen. Diese Anwendungen sind n\u00f6tig in Gewerbegeb\u00e4uden, Hotels und Konferenzzentren. Unsere Kunden sind Firmen aus der Nuklear-, Halbleiterindustrie sowie der Automobil- und Pharmaindustrie, die unser partnerschaftliches Arbeiten auf hohem Qualit\u00e4tsniveau sehr sch\u00e4tzen.<\/p>\n<p>Zum n\u00e4chstm\u00f6glichen Einsatz suchen wir f\u00fcr den <strong>Gro\u00dfraum Bayern<\/strong> sowie <strong>Gro\u00dfraum Frankfurt<\/strong> jeweils einen<\/p>\n<p>Vertriebsprofi \/ Gebietsverkaufsleiter<\/p>\n<p><strong>Ihre Aufgaben bei uns\u2026<\/strong><\/p>\n<ul>\n<li>Beratung und Verkauf von Luftfiltern sowie Komponenten f\u00fcr RLT- Anlagen.<\/li>\n<li>Neukundenakquise und Marktausbau<\/li>\n<li>Umsatz- und Kostenverantwortung f\u00fcr zugewiesene Kunden<\/li>\n<li>Verkaufsverhandlungen<\/li>\n<li>Schulungen<\/li>\n<\/ul>\n<p><strong>Am besten passen Sie zu uns wenn Sie\u2026<\/strong><\/p>\n<ul>\n<li>Eine kaufm\u00e4nnische oder technische Ausbildung und eine Affinit\u00e4t zum Verkauf erkl\u00e4rungsbed\u00fcrftiger Produkte haben<\/li>\n<li>Kenntnisse in der Luftfiltration w\u00e4ren von Vorteil, sind jedoch keine Bedingung, da wir Sie entsprechend schulen<\/li>\n<li>bereits \u00fcber mehrj\u00e4hrige Erfahrung und Erfolg im Au\u00dfendienst<\/li>\n<li>gesetzte Vertriebsziele ideenreich und voller Engagement angehen und selbstst\u00e4ndiges Arbeiten gewohnt sind<\/li>\n<li>kontaktstark und voller \u00dcberzeugungskraft sind<\/li>\n<li>hohe Kundenorientierung und sehr gute Organisations- und Kommunikationsf\u00e4higkeit besitzen<\/li>\n<\/ul>\n<p><strong>Bei uns finden Sie&#8230;<\/strong><\/p>\n<ul>\n<li>eine attraktive, entwicklungsf\u00e4hige Position in einem modernen, zukunftsorientierten Unternehmen<\/li>\n<li>ein innovatives und flexibles Team im Innen- und Au\u00dfendienst<\/li>\n<li>ein angenehmes Betriebsklima<\/li>\n<li>Firmenwagen auch zur privaten Nutzung<\/li>\n<li>Homeoffice<\/li>\n<\/ul>\n<p><strong>Interessiert\u2026<\/strong><br \/>\nfreuen wir uns auf die Zusendung Ihrer Bewerbungsunterlagen (gerne per E-Mail) unter Angabe Ihres fr\u00fchestm\u00f6glichen Eintrittstermins und Ihrer Gehaltsvorstellung.<\/p>\n<p>&nbsp;<\/p>\n","protected":false},"excerpt":{"rendered":"<p>Seit \u00fcber 35 Jahren produziert AFPRO Filters Qualit\u00e4tsfilter und geh\u00f6rt zu den f\u00fchrenden Herstellern am Markt. Die Produkte von AFPRO Filters sind \u00fcber eigene Niederlassungen und Schwesterunternehmen in den Niederlanden, Belgien, Deutschland, Frankreich, China, Australien und Polen weltweit lieferbar. Unsere Mitarbeiter sind darauf geschult, f\u00fcr jede spezifische Situation eine passende L\u00f6sung zu finden und so [&hellip;]<\/p>\n","protected":false},"author":2,"featured_media":0,"parent":0,"menu_order":0,"comment_status":"closed","ping_status":"closed","template":"","meta":{"_acf_changed":false,"footnotes":""},"class_list":["post-5397","page","type-page","status-publish","hentry"],"acf":[],"yoast_head":"<!-- This site is optimized with the Yoast SEO plugin v27.3 - https:\/\/yoast.com\/product\/yoast-seo-wordpress\/ -->\n<title>Vertriebsprofi \/ Gebietsverkaufsleiter Gro\u00dfraum Frankfurt - AFPRO<\/title>\n<meta name=\"robots\" content=\"index, follow, max-snippet:-1, max-image-preview:large, max-video-preview:-1\" \/>\n<link rel=\"canonical\" href=\"https:\/\/www.afprofilters.com\/nl\/vertriebsprofi-gebietsverkaufsleiter-grosraum-frankfurt\/\" \/>\n<meta property=\"og:locale\" content=\"nl_NL\" \/>\n<meta property=\"og:type\" content=\"article\" \/>\n<meta property=\"og:title\" content=\"Vertriebsprofi \/ Gebietsverkaufsleiter Gro\u00dfraum Frankfurt - AFPRO\" \/>\n<meta property=\"og:description\" content=\"Seit \u00fcber 35 Jahren produziert AFPRO Filters Qualit\u00e4tsfilter und geh\u00f6rt zu den f\u00fchrenden Herstellern am Markt. Die Produkte von AFPRO Filters sind \u00fcber eigene Niederlassungen und Schwesterunternehmen in den Niederlanden, Belgien, Deutschland, Frankreich, China, Australien und Polen weltweit lieferbar. Unsere Mitarbeiter sind darauf geschult, f\u00fcr jede spezifische Situation eine passende L\u00f6sung zu finden und so [&hellip;]\" \/>\n<meta property=\"og:url\" content=\"https:\/\/www.afprofilters.com\/nl\/vertriebsprofi-gebietsverkaufsleiter-grosraum-frankfurt\/\" \/>\n<meta property=\"og:site_name\" content=\"AFPRO\" \/>\n<meta name=\"twitter:card\" content=\"summary_large_image\" \/>\n<meta name=\"twitter:label1\" content=\"Geschatte leestijd\" \/>\n\t<meta name=\"twitter:data1\" content=\"1 minuut\" \/>\n<script type=\"application\/ld+json\" class=\"yoast-schema-graph\">{\"@context\":\"https:\\\/\\\/schema.org\",\"@graph\":[{\"@type\":\"WebPage\",\"@id\":\"https:\\\/\\\/www.afprofilters.com\\\/nl\\\/vertriebsprofi-gebietsverkaufsleiter-grosraum-frankfurt\\\/\",\"url\":\"https:\\\/\\\/www.afprofilters.com\\\/nl\\\/vertriebsprofi-gebietsverkaufsleiter-grosraum-frankfurt\\\/\",\"name\":\"Vertriebsprofi \\\/ Gebietsverkaufsleiter Gro\u00dfraum Frankfurt - AFPRO\",\"isPartOf\":{\"@id\":\"https:\\\/\\\/www.afprofilters.com\\\/nl\\\/#website\"},\"datePublished\":\"2017-03-08T13:48:18+00:00\",\"breadcrumb\":{\"@id\":\"https:\\\/\\\/www.afprofilters.com\\\/nl\\\/vertriebsprofi-gebietsverkaufsleiter-grosraum-frankfurt\\\/#breadcrumb\"},\"inLanguage\":\"nl-NL\",\"potentialAction\":[{\"@type\":\"ReadAction\",\"target\":[\"https:\\\/\\\/www.afprofilters.com\\\/nl\\\/vertriebsprofi-gebietsverkaufsleiter-grosraum-frankfurt\\\/\"]}]},{\"@type\":\"BreadcrumbList\",\"@id\":\"https:\\\/\\\/www.afprofilters.com\\\/nl\\\/vertriebsprofi-gebietsverkaufsleiter-grosraum-frankfurt\\\/#breadcrumb\",\"itemListElement\":[{\"@type\":\"ListItem\",\"position\":1,\"name\":\"\",\"item\":\"https:\\\/\\\/www.afprofilters.com\\\/nl\\\/\"},{\"@type\":\"ListItem\",\"position\":2,\"name\":\"Vertriebsprofi \\\/ Gebietsverkaufsleiter Gro\u00dfraum Frankfurt\"}]},{\"@type\":\"WebSite\",\"@id\":\"https:\\\/\\\/www.afprofilters.com\\\/nl\\\/#website\",\"url\":\"https:\\\/\\\/www.afprofilters.com\\\/nl\\\/\",\"name\":\"AFPRO\",\"description\":\"AFPRO Filters\",\"publisher\":{\"@id\":\"https:\\\/\\\/www.afprofilters.com\\\/nl\\\/#organization\"},\"potentialAction\":[{\"@type\":\"SearchAction\",\"target\":{\"@type\":\"EntryPoint\",\"urlTemplate\":\"https:\\\/\\\/www.afprofilters.com\\\/nl\\\/?s={search_term_string}\"},\"query-input\":{\"@type\":\"PropertyValueSpecification\",\"valueRequired\":true,\"valueName\":\"search_term_string\"}}],\"inLanguage\":\"nl-NL\"},{\"@type\":\"Organization\",\"@id\":\"https:\\\/\\\/www.afprofilters.com\\\/nl\\\/#organization\",\"name\":\"AFPRO\",\"url\":\"https:\\\/\\\/www.afprofilters.com\\\/nl\\\/\",\"logo\":{\"@type\":\"ImageObject\",\"inLanguage\":\"nl-NL\",\"@id\":\"https:\\\/\\\/www.afprofilters.com\\\/nl\\\/#\\\/schema\\\/logo\\\/image\\\/\",\"url\":\"https:\\\/\\\/www.afprofilters.com\\\/wp-content\\\/uploads\\\/2021\\\/05\\\/AFPRO-logo.png\",\"contentUrl\":\"https:\\\/\\\/www.afprofilters.com\\\/wp-content\\\/uploads\\\/2021\\\/05\\\/AFPRO-logo.png\",\"width\":640,\"height\":177,\"caption\":\"AFPRO\"},\"image\":{\"@id\":\"https:\\\/\\\/www.afprofilters.com\\\/nl\\\/#\\\/schema\\\/logo\\\/image\\\/\"}}]}<\/script>\n<!-- \/ Yoast SEO plugin. -->","yoast_head_json":{"title":"Vertriebsprofi \/ Gebietsverkaufsleiter Gro\u00dfraum Frankfurt - AFPRO","robots":{"index":"index","follow":"follow","max-snippet":"max-snippet:-1","max-image-preview":"max-image-preview:large","max-video-preview":"max-video-preview:-1"},"canonical":"https:\/\/www.afprofilters.com\/nl\/vertriebsprofi-gebietsverkaufsleiter-grosraum-frankfurt\/","og_locale":"nl_NL","og_type":"article","og_title":"Vertriebsprofi \/ Gebietsverkaufsleiter Gro\u00dfraum Frankfurt - AFPRO","og_description":"Seit \u00fcber 35 Jahren produziert AFPRO Filters Qualit\u00e4tsfilter und geh\u00f6rt zu den f\u00fchrenden Herstellern am Markt. Die Produkte von AFPRO Filters sind \u00fcber eigene Niederlassungen und Schwesterunternehmen in den Niederlanden, Belgien, Deutschland, Frankreich, China, Australien und Polen weltweit lieferbar. Unsere Mitarbeiter sind darauf geschult, f\u00fcr jede spezifische Situation eine passende L\u00f6sung zu finden und so [&hellip;]","og_url":"https:\/\/www.afprofilters.com\/nl\/vertriebsprofi-gebietsverkaufsleiter-grosraum-frankfurt\/","og_site_name":"AFPRO","twitter_card":"summary_large_image","twitter_misc":{"Geschatte leestijd":"1 minuut"},"schema":{"@context":"https:\/\/schema.org","@graph":[{"@type":"WebPage","@id":"https:\/\/www.afprofilters.com\/nl\/vertriebsprofi-gebietsverkaufsleiter-grosraum-frankfurt\/","url":"https:\/\/www.afprofilters.com\/nl\/vertriebsprofi-gebietsverkaufsleiter-grosraum-frankfurt\/","name":"Vertriebsprofi \/ Gebietsverkaufsleiter Gro\u00dfraum Frankfurt - AFPRO","isPartOf":{"@id":"https:\/\/www.afprofilters.com\/nl\/#website"},"datePublished":"2017-03-08T13:48:18+00:00","breadcrumb":{"@id":"https:\/\/www.afprofilters.com\/nl\/vertriebsprofi-gebietsverkaufsleiter-grosraum-frankfurt\/#breadcrumb"},"inLanguage":"nl-NL","potentialAction":[{"@type":"ReadAction","target":["https:\/\/www.afprofilters.com\/nl\/vertriebsprofi-gebietsverkaufsleiter-grosraum-frankfurt\/"]}]},{"@type":"BreadcrumbList","@id":"https:\/\/www.afprofilters.com\/nl\/vertriebsprofi-gebietsverkaufsleiter-grosraum-frankfurt\/#breadcrumb","itemListElement":[{"@type":"ListItem","position":1,"name":"","item":"https:\/\/www.afprofilters.com\/nl\/"},{"@type":"ListItem","position":2,"name":"Vertriebsprofi \/ Gebietsverkaufsleiter Gro\u00dfraum Frankfurt"}]},{"@type":"WebSite","@id":"https:\/\/www.afprofilters.com\/nl\/#website","url":"https:\/\/www.afprofilters.com\/nl\/","name":"AFPRO","description":"AFPRO Filters","publisher":{"@id":"https:\/\/www.afprofilters.com\/nl\/#organization"},"potentialAction":[{"@type":"SearchAction","target":{"@type":"EntryPoint","urlTemplate":"https:\/\/www.afprofilters.com\/nl\/?s={search_term_string}"},"query-input":{"@type":"PropertyValueSpecification","valueRequired":true,"valueName":"search_term_string"}}],"inLanguage":"nl-NL"},{"@type":"Organization","@id":"https:\/\/www.afprofilters.com\/nl\/#organization","name":"AFPRO","url":"https:\/\/www.afprofilters.com\/nl\/","logo":{"@type":"ImageObject","inLanguage":"nl-NL","@id":"https:\/\/www.afprofilters.com\/nl\/#\/schema\/logo\/image\/","url":"https:\/\/www.afprofilters.com\/wp-content\/uploads\/2021\/05\/AFPRO-logo.png","contentUrl":"https:\/\/www.afprofilters.com\/wp-content\/uploads\/2021\/05\/AFPRO-logo.png","width":640,"height":177,"caption":"AFPRO"},"image":{"@id":"https:\/\/www.afprofilters.com\/nl\/#\/schema\/logo\/image\/"}}]}},"_links":{"self":[{"href":"https:\/\/www.afprofilters.com\/nl\/wp-json\/wp\/v2\/pages\/5397","targetHints":{"allow":["GET"]}}],"collection":[{"href":"https:\/\/www.afprofilters.com\/nl\/wp-json\/wp\/v2\/pages"}],"about":[{"href":"https:\/\/www.afprofilters.com\/nl\/wp-json\/wp\/v2\/types\/page"}],"author":[{"embeddable":true,"href":"https:\/\/www.afprofilters.com\/nl\/wp-json\/wp\/v2\/users\/2"}],"replies":[{"embeddable":true,"href":"https:\/\/www.afprofilters.com\/nl\/wp-json\/wp\/v2\/comments?post=5397"}],"version-history":[{"count":0,"href":"https:\/\/www.afprofilters.com\/nl\/wp-json\/wp\/v2\/pages\/5397\/revisions"}],"wp:attachment":[{"href":"https:\/\/www.afprofilters.com\/nl\/wp-json\/wp\/v2\/media?parent=5397"}],"curies":[{"name":"wp","href":"https:\/\/api.w.org\/{rel}","templated":true}]}}