{"id":4930,"date":"2017-01-30T09:47:56","date_gmt":"2017-01-30T09:47:56","guid":{"rendered":"https:\/\/www.afprofilters.com\/?post_type=product&#038;p=4930"},"modified":"2021-02-01T12:25:46","modified_gmt":"2021-02-01T12:25:46","slug":"qualification-des-salles-propres","status":"publish","type":"product","link":"https:\/\/www.afprofilters.com\/fr\/produit\/qualification-des-salles-propres\/","title":{"rendered":"Qualification des salles propres"},"content":{"rendered":"<p>Au-del\u00e0 de l\u2019approvisionnement en filtres, l&rsquo;objectif d&rsquo;AFPRO Filters est d\u2019accompagner ses clients \u00e0 travers des services d\u00e9di\u00e9s aux environnements contr\u00f4l\u00e9s.<\/p>\n<p>&nbsp;<\/p>\n<p>&nbsp;<\/p>\n<p>&nbsp;<\/p>\n","protected":false},"featured_media":15104,"parent":0,"template":"template-product-service-version-2.php","format":"standard","product_category":[366],"class_list":["post-4930","product","type-product","status-publish","format-standard","has-post-thumbnail","hentry","product_category-services-associes"],"acf":[],"yoast_head":"<!-- This site is optimized with the Yoast SEO plugin v27.3 - https:\/\/yoast.com\/product\/yoast-seo-wordpress\/ -->\n<title>Qualification des salles propres, nos services - AFPRO Filters<\/title>\n<meta name=\"description\" content=\"Au-del\u00e0 de l\u2019approvisionnement en filtres, nous proposons un service de qualification des salles propres, cliquez sur ce lien pour en savoir plus.\" \/>\n<meta name=\"robots\" content=\"index, follow, max-snippet:-1, max-image-preview:large, max-video-preview:-1\" \/>\n<link rel=\"canonical\" href=\"https:\/\/www.afprofilters.com\/fr\/produit\/qualification-des-salles-propres\/\" \/>\n<meta property=\"og:locale\" content=\"fr_FR\" \/>\n<meta property=\"og:type\" content=\"article\" \/>\n<meta property=\"og:title\" content=\"Qualification des salles propres, nos services - AFPRO Filters\" \/>\n<meta property=\"og:description\" content=\"Au-del\u00e0 de l\u2019approvisionnement en filtres, nous proposons un service de qualification des salles propres, cliquez sur ce lien pour en savoir plus.\" \/>\n<meta property=\"og:url\" content=\"https:\/\/www.afprofilters.com\/fr\/produit\/qualification-des-salles-propres\/\" \/>\n<meta property=\"og:site_name\" content=\"AFPRO\" \/>\n<meta property=\"article:modified_time\" content=\"2021-02-01T12:25:46+00:00\" \/>\n<meta property=\"og:image\" content=\"https:\/\/www.afprofilters.com\/wp-content\/uploads\/2019\/04\/Qualification.jpg\" \/>\n\t<meta property=\"og:image:width\" content=\"2978\" \/>\n\t<meta property=\"og:image:height\" content=\"4496\" \/>\n\t<meta property=\"og:image:type\" content=\"image\/jpeg\" \/>\n<meta name=\"twitter:card\" content=\"summary_large_image\" \/>\n<meta name=\"twitter:label1\" content=\"Dur\u00e9e de lecture estim\u00e9e\" \/>\n\t<meta name=\"twitter:data1\" content=\"1 minute\" \/>\n<script type=\"application\/ld+json\" class=\"yoast-schema-graph\">{\"@context\":\"https:\\\/\\\/schema.org\",\"@graph\":[{\"@type\":\"WebPage\",\"@id\":\"https:\\\/\\\/www.afprofilters.com\\\/fr\\\/produit\\\/qualification-des-salles-propres\\\/\",\"url\":\"https:\\\/\\\/www.afprofilters.com\\\/fr\\\/produit\\\/qualification-des-salles-propres\\\/\",\"name\":\"Qualification des salles propres, nos services - AFPRO Filters\",\"isPartOf\":{\"@id\":\"https:\\\/\\\/www.afprofilters.com\\\/fr\\\/#website\"},\"primaryImageOfPage\":{\"@id\":\"https:\\\/\\\/www.afprofilters.com\\\/fr\\\/produit\\\/qualification-des-salles-propres\\\/#primaryimage\"},\"image\":{\"@id\":\"https:\\\/\\\/www.afprofilters.com\\\/fr\\\/produit\\\/qualification-des-salles-propres\\\/#primaryimage\"},\"thumbnailUrl\":\"https:\\\/\\\/www.afprofilters.com\\\/wp-content\\\/uploads\\\/2019\\\/04\\\/Qualification.jpg\",\"datePublished\":\"2017-01-30T09:47:56+00:00\",\"dateModified\":\"2021-02-01T12:25:46+00:00\",\"description\":\"Au-del\u00e0 de l\u2019approvisionnement en filtres, nous proposons un service de qualification des salles propres, cliquez sur ce lien pour en savoir plus.\",\"breadcrumb\":{\"@id\":\"https:\\\/\\\/www.afprofilters.com\\\/fr\\\/produit\\\/qualification-des-salles-propres\\\/#breadcrumb\"},\"inLanguage\":\"fr-FR\",\"potentialAction\":[{\"@type\":\"ReadAction\",\"target\":[\"https:\\\/\\\/www.afprofilters.com\\\/fr\\\/produit\\\/qualification-des-salles-propres\\\/\"]}]},{\"@type\":\"ImageObject\",\"inLanguage\":\"fr-FR\",\"@id\":\"https:\\\/\\\/www.afprofilters.com\\\/fr\\\/produit\\\/qualification-des-salles-propres\\\/#primaryimage\",\"url\":\"https:\\\/\\\/www.afprofilters.com\\\/wp-content\\\/uploads\\\/2019\\\/04\\\/Qualification.jpg\",\"contentUrl\":\"https:\\\/\\\/www.afprofilters.com\\\/wp-content\\\/uploads\\\/2019\\\/04\\\/Qualification.jpg\",\"width\":2978,\"height\":4496},{\"@type\":\"BreadcrumbList\",\"@id\":\"https:\\\/\\\/www.afprofilters.com\\\/fr\\\/produit\\\/qualification-des-salles-propres\\\/#breadcrumb\",\"itemListElement\":[{\"@type\":\"ListItem\",\"position\":1,\"name\":\"\",\"item\":\"https:\\\/\\\/www.afprofilters.com\\\/fr\\\/\"},{\"@type\":\"ListItem\",\"position\":2,\"name\":\"Products\",\"item\":\"https:\\\/\\\/www.afprofilters.com\\\/fr\\\/produit\\\/\"},{\"@type\":\"ListItem\",\"position\":3,\"name\":\"Nos services\",\"item\":\"https:\\\/\\\/www.afprofilters.com\\\/fr\\\/type-produit\\\/services-associes\\\/\"},{\"@type\":\"ListItem\",\"position\":4,\"name\":\"Qualification des salles propres\"}]},{\"@type\":\"WebSite\",\"@id\":\"https:\\\/\\\/www.afprofilters.com\\\/fr\\\/#website\",\"url\":\"https:\\\/\\\/www.afprofilters.com\\\/fr\\\/\",\"name\":\"AFPRO\",\"description\":\"AFPRO Filters\",\"publisher\":{\"@id\":\"https:\\\/\\\/www.afprofilters.com\\\/fr\\\/#organization\"},\"potentialAction\":[{\"@type\":\"SearchAction\",\"target\":{\"@type\":\"EntryPoint\",\"urlTemplate\":\"https:\\\/\\\/www.afprofilters.com\\\/fr\\\/?s={search_term_string}\"},\"query-input\":{\"@type\":\"PropertyValueSpecification\",\"valueRequired\":true,\"valueName\":\"search_term_string\"}}],\"inLanguage\":\"fr-FR\"},{\"@type\":\"Organization\",\"@id\":\"https:\\\/\\\/www.afprofilters.com\\\/fr\\\/#organization\",\"name\":\"AFPRO\",\"url\":\"https:\\\/\\\/www.afprofilters.com\\\/fr\\\/\",\"logo\":{\"@type\":\"ImageObject\",\"inLanguage\":\"fr-FR\",\"@id\":\"https:\\\/\\\/www.afprofilters.com\\\/fr\\\/#\\\/schema\\\/logo\\\/image\\\/\",\"url\":\"https:\\\/\\\/www.afprofilters.com\\\/wp-content\\\/uploads\\\/2021\\\/05\\\/AFPRO-logo.png\",\"contentUrl\":\"https:\\\/\\\/www.afprofilters.com\\\/wp-content\\\/uploads\\\/2021\\\/05\\\/AFPRO-logo.png\",\"width\":640,\"height\":177,\"caption\":\"AFPRO\"},\"image\":{\"@id\":\"https:\\\/\\\/www.afprofilters.com\\\/fr\\\/#\\\/schema\\\/logo\\\/image\\\/\"}}]}<\/script>\n<!-- \/ Yoast SEO plugin. -->","yoast_head_json":{"title":"Qualification des salles propres, nos services - AFPRO Filters","description":"Au-del\u00e0 de l\u2019approvisionnement en filtres, nous proposons un service de qualification des salles propres, cliquez sur ce lien pour en savoir plus.","robots":{"index":"index","follow":"follow","max-snippet":"max-snippet:-1","max-image-preview":"max-image-preview:large","max-video-preview":"max-video-preview:-1"},"canonical":"https:\/\/www.afprofilters.com\/fr\/produit\/qualification-des-salles-propres\/","og_locale":"fr_FR","og_type":"article","og_title":"Qualification des salles propres, nos services - AFPRO Filters","og_description":"Au-del\u00e0 de l\u2019approvisionnement en filtres, nous proposons un service de qualification des salles propres, cliquez sur ce lien pour en savoir plus.","og_url":"https:\/\/www.afprofilters.com\/fr\/produit\/qualification-des-salles-propres\/","og_site_name":"AFPRO","article_modified_time":"2021-02-01T12:25:46+00:00","og_image":[{"width":2978,"height":4496,"url":"https:\/\/www.afprofilters.com\/wp-content\/uploads\/2019\/04\/Qualification.jpg","type":"image\/jpeg"}],"twitter_card":"summary_large_image","twitter_misc":{"Dur\u00e9e de lecture estim\u00e9e":"1 minute"},"schema":{"@context":"https:\/\/schema.org","@graph":[{"@type":"WebPage","@id":"https:\/\/www.afprofilters.com\/fr\/produit\/qualification-des-salles-propres\/","url":"https:\/\/www.afprofilters.com\/fr\/produit\/qualification-des-salles-propres\/","name":"Qualification des salles propres, nos services - AFPRO Filters","isPartOf":{"@id":"https:\/\/www.afprofilters.com\/fr\/#website"},"primaryImageOfPage":{"@id":"https:\/\/www.afprofilters.com\/fr\/produit\/qualification-des-salles-propres\/#primaryimage"},"image":{"@id":"https:\/\/www.afprofilters.com\/fr\/produit\/qualification-des-salles-propres\/#primaryimage"},"thumbnailUrl":"https:\/\/www.afprofilters.com\/wp-content\/uploads\/2019\/04\/Qualification.jpg","datePublished":"2017-01-30T09:47:56+00:00","dateModified":"2021-02-01T12:25:46+00:00","description":"Au-del\u00e0 de l\u2019approvisionnement en filtres, nous proposons un service de qualification des salles propres, cliquez sur ce lien pour en savoir plus.","breadcrumb":{"@id":"https:\/\/www.afprofilters.com\/fr\/produit\/qualification-des-salles-propres\/#breadcrumb"},"inLanguage":"fr-FR","potentialAction":[{"@type":"ReadAction","target":["https:\/\/www.afprofilters.com\/fr\/produit\/qualification-des-salles-propres\/"]}]},{"@type":"ImageObject","inLanguage":"fr-FR","@id":"https:\/\/www.afprofilters.com\/fr\/produit\/qualification-des-salles-propres\/#primaryimage","url":"https:\/\/www.afprofilters.com\/wp-content\/uploads\/2019\/04\/Qualification.jpg","contentUrl":"https:\/\/www.afprofilters.com\/wp-content\/uploads\/2019\/04\/Qualification.jpg","width":2978,"height":4496},{"@type":"BreadcrumbList","@id":"https:\/\/www.afprofilters.com\/fr\/produit\/qualification-des-salles-propres\/#breadcrumb","itemListElement":[{"@type":"ListItem","position":1,"name":"","item":"https:\/\/www.afprofilters.com\/fr\/"},{"@type":"ListItem","position":2,"name":"Products","item":"https:\/\/www.afprofilters.com\/fr\/produit\/"},{"@type":"ListItem","position":3,"name":"Nos services","item":"https:\/\/www.afprofilters.com\/fr\/type-produit\/services-associes\/"},{"@type":"ListItem","position":4,"name":"Qualification des salles propres"}]},{"@type":"WebSite","@id":"https:\/\/www.afprofilters.com\/fr\/#website","url":"https:\/\/www.afprofilters.com\/fr\/","name":"AFPRO","description":"AFPRO Filters","publisher":{"@id":"https:\/\/www.afprofilters.com\/fr\/#organization"},"potentialAction":[{"@type":"SearchAction","target":{"@type":"EntryPoint","urlTemplate":"https:\/\/www.afprofilters.com\/fr\/?s={search_term_string}"},"query-input":{"@type":"PropertyValueSpecification","valueRequired":true,"valueName":"search_term_string"}}],"inLanguage":"fr-FR"},{"@type":"Organization","@id":"https:\/\/www.afprofilters.com\/fr\/#organization","name":"AFPRO","url":"https:\/\/www.afprofilters.com\/fr\/","logo":{"@type":"ImageObject","inLanguage":"fr-FR","@id":"https:\/\/www.afprofilters.com\/fr\/#\/schema\/logo\/image\/","url":"https:\/\/www.afprofilters.com\/wp-content\/uploads\/2021\/05\/AFPRO-logo.png","contentUrl":"https:\/\/www.afprofilters.com\/wp-content\/uploads\/2021\/05\/AFPRO-logo.png","width":640,"height":177,"caption":"AFPRO"},"image":{"@id":"https:\/\/www.afprofilters.com\/fr\/#\/schema\/logo\/image\/"}}]}},"_links":{"self":[{"href":"https:\/\/www.afprofilters.com\/fr\/wp-json\/wp\/v2\/product\/4930","targetHints":{"allow":["GET"]}}],"collection":[{"href":"https:\/\/www.afprofilters.com\/fr\/wp-json\/wp\/v2\/product"}],"about":[{"href":"https:\/\/www.afprofilters.com\/fr\/wp-json\/wp\/v2\/types\/product"}],"wp:featuredmedia":[{"embeddable":true,"href":"https:\/\/www.afprofilters.com\/fr\/wp-json\/wp\/v2\/media\/15104"}],"wp:attachment":[{"href":"https:\/\/www.afprofilters.com\/fr\/wp-json\/wp\/v2\/media?parent=4930"}],"wp:term":[{"taxonomy":"product_category","embeddable":true,"href":"https:\/\/www.afprofilters.com\/fr\/wp-json\/wp\/v2\/product_category?post=4930"}],"curies":[{"name":"wp","href":"https:\/\/api.w.org\/{rel}","templated":true}]}}