{"id":4929,"date":"2017-01-30T09:45:11","date_gmt":"2017-01-30T09:45:11","guid":{"rendered":"https:\/\/www.afprofilters.com\/?post_type=product&#038;p=4929"},"modified":"2022-10-26T11:43:05","modified_gmt":"2022-10-26T11:43:05","slug":"centre-de-formation-afpro-filters-academy","status":"publish","type":"product","link":"https:\/\/www.afprofilters.com\/fr\/produit\/centre-de-formation-afpro-filters-academy\/","title":{"rendered":"Formation filtration de l&rsquo;air"},"content":{"rendered":"<p>Chaque client a des besoins et des exigences sp\u00e9cifiques,&nbsp; le centre de formation AFPRO Filters academy propose une gamme compl\u00e8te de services. Au-del\u00e0 de l\u2019approvisionnement en filtres, notre objectif est d\u2019accompagner et de transmettre notre savoir \u00e0 nos clients pour une meilleure compr\u00e9hension de la filtration de l\u2019air.&nbsp;L\u2019utilisation, la pose, le changement des filtres fait appel \u00e0 des comp\u00e9tences sp\u00e9cifiques. Nous disposons d\u2019une longue exp\u00e9rience dans ce domaine et nous pouvons former votre personnel aux bonnes pratiques de la filtration de l\u2019air.<\/p>\n","protected":false},"featured_media":504,"parent":0,"template":"","format":"standard","product_category":[366],"class_list":["post-4929","product","type-product","status-publish","format-standard","has-post-thumbnail","hentry","product_category-services-associes"],"acf":[],"yoast_head":"<!-- This site is optimized with the Yoast SEO plugin v27.3 - https:\/\/yoast.com\/product\/yoast-seo-wordpress\/ -->\n<title>Centre de formation AFPRO Filters Academy - AFPRO Filters<\/title>\n<meta name=\"description\" content=\"Pour en savoir plus sur notre centre de formation AFPRO Filters academy ainsi que les contenus de nos formations, cliquez sur ce lien\" \/>\n<meta name=\"robots\" content=\"index, follow, max-snippet:-1, max-image-preview:large, max-video-preview:-1\" \/>\n<link rel=\"canonical\" href=\"https:\/\/www.afprofilters.com\/fr\/produit\/centre-de-formation-afpro-filters-academy\/\" \/>\n<meta property=\"og:locale\" content=\"fr_FR\" \/>\n<meta property=\"og:type\" content=\"article\" \/>\n<meta property=\"og:title\" content=\"Centre de formation AFPRO Filters Academy - AFPRO Filters\" \/>\n<meta property=\"og:description\" content=\"Pour en savoir plus sur notre centre de formation AFPRO Filters academy ainsi que les contenus de nos formations, cliquez sur ce lien\" \/>\n<meta property=\"og:url\" content=\"https:\/\/www.afprofilters.com\/fr\/produit\/centre-de-formation-afpro-filters-academy\/\" \/>\n<meta property=\"og:site_name\" content=\"AFPRO\" \/>\n<meta property=\"article:modified_time\" content=\"2022-10-26T11:43:05+00:00\" \/>\n<meta property=\"og:image\" content=\"http:\/\/www.afprofilters.com\/wp-content\/uploads\/2016\/09\/AFPRO-Filters-for-commercial-office-buildings-better-indoor-climate.png\" \/>\n\t<meta property=\"og:image:width\" content=\"945\" \/>\n\t<meta property=\"og:image:height\" content=\"727\" \/>\n\t<meta property=\"og:image:type\" content=\"image\/png\" \/>\n<meta name=\"twitter:card\" content=\"summary_large_image\" \/>\n<meta name=\"twitter:label1\" content=\"Dur\u00e9e de lecture estim\u00e9e\" \/>\n\t<meta name=\"twitter:data1\" content=\"1 minute\" \/>\n<script type=\"application\/ld+json\" class=\"yoast-schema-graph\">{\"@context\":\"https:\\\/\\\/schema.org\",\"@graph\":[{\"@type\":\"WebPage\",\"@id\":\"https:\\\/\\\/www.afprofilters.com\\\/fr\\\/produit\\\/centre-de-formation-afpro-filters-academy\\\/\",\"url\":\"https:\\\/\\\/www.afprofilters.com\\\/fr\\\/produit\\\/centre-de-formation-afpro-filters-academy\\\/\",\"name\":\"Centre de formation AFPRO Filters Academy - AFPRO Filters\",\"isPartOf\":{\"@id\":\"https:\\\/\\\/www.afprofilters.com\\\/fr\\\/#website\"},\"primaryImageOfPage\":{\"@id\":\"https:\\\/\\\/www.afprofilters.com\\\/fr\\\/produit\\\/centre-de-formation-afpro-filters-academy\\\/#primaryimage\"},\"image\":{\"@id\":\"https:\\\/\\\/www.afprofilters.com\\\/fr\\\/produit\\\/centre-de-formation-afpro-filters-academy\\\/#primaryimage\"},\"thumbnailUrl\":\"https:\\\/\\\/www.afprofilters.com\\\/wp-content\\\/uploads\\\/2016\\\/09\\\/AFPRO-Filters-for-commercial-office-buildings-better-indoor-climate.png\",\"datePublished\":\"2017-01-30T09:45:11+00:00\",\"dateModified\":\"2022-10-26T11:43:05+00:00\",\"description\":\"Pour en savoir plus sur notre centre de formation AFPRO Filters academy ainsi que les contenus de nos formations, cliquez sur ce lien\",\"breadcrumb\":{\"@id\":\"https:\\\/\\\/www.afprofilters.com\\\/fr\\\/produit\\\/centre-de-formation-afpro-filters-academy\\\/#breadcrumb\"},\"inLanguage\":\"fr-FR\",\"potentialAction\":[{\"@type\":\"ReadAction\",\"target\":[\"https:\\\/\\\/www.afprofilters.com\\\/fr\\\/produit\\\/centre-de-formation-afpro-filters-academy\\\/\"]}]},{\"@type\":\"ImageObject\",\"inLanguage\":\"fr-FR\",\"@id\":\"https:\\\/\\\/www.afprofilters.com\\\/fr\\\/produit\\\/centre-de-formation-afpro-filters-academy\\\/#primaryimage\",\"url\":\"https:\\\/\\\/www.afprofilters.com\\\/wp-content\\\/uploads\\\/2016\\\/09\\\/AFPRO-Filters-for-commercial-office-buildings-better-indoor-climate.png\",\"contentUrl\":\"https:\\\/\\\/www.afprofilters.com\\\/wp-content\\\/uploads\\\/2016\\\/09\\\/AFPRO-Filters-for-commercial-office-buildings-better-indoor-climate.png\",\"width\":945,\"height\":727},{\"@type\":\"BreadcrumbList\",\"@id\":\"https:\\\/\\\/www.afprofilters.com\\\/fr\\\/produit\\\/centre-de-formation-afpro-filters-academy\\\/#breadcrumb\",\"itemListElement\":[{\"@type\":\"ListItem\",\"position\":1,\"name\":\"\",\"item\":\"https:\\\/\\\/www.afprofilters.com\\\/fr\\\/\"},{\"@type\":\"ListItem\",\"position\":2,\"name\":\"Products\",\"item\":\"https:\\\/\\\/www.afprofilters.com\\\/fr\\\/produit\\\/\"},{\"@type\":\"ListItem\",\"position\":3,\"name\":\"Nos services\",\"item\":\"https:\\\/\\\/www.afprofilters.com\\\/fr\\\/type-produit\\\/services-associes\\\/\"},{\"@type\":\"ListItem\",\"position\":4,\"name\":\"Formation filtration de l&#8217;air\"}]},{\"@type\":\"WebSite\",\"@id\":\"https:\\\/\\\/www.afprofilters.com\\\/fr\\\/#website\",\"url\":\"https:\\\/\\\/www.afprofilters.com\\\/fr\\\/\",\"name\":\"AFPRO\",\"description\":\"AFPRO Filters\",\"publisher\":{\"@id\":\"https:\\\/\\\/www.afprofilters.com\\\/fr\\\/#organization\"},\"potentialAction\":[{\"@type\":\"SearchAction\",\"target\":{\"@type\":\"EntryPoint\",\"urlTemplate\":\"https:\\\/\\\/www.afprofilters.com\\\/fr\\\/?s={search_term_string}\"},\"query-input\":{\"@type\":\"PropertyValueSpecification\",\"valueRequired\":true,\"valueName\":\"search_term_string\"}}],\"inLanguage\":\"fr-FR\"},{\"@type\":\"Organization\",\"@id\":\"https:\\\/\\\/www.afprofilters.com\\\/fr\\\/#organization\",\"name\":\"AFPRO\",\"url\":\"https:\\\/\\\/www.afprofilters.com\\\/fr\\\/\",\"logo\":{\"@type\":\"ImageObject\",\"inLanguage\":\"fr-FR\",\"@id\":\"https:\\\/\\\/www.afprofilters.com\\\/fr\\\/#\\\/schema\\\/logo\\\/image\\\/\",\"url\":\"https:\\\/\\\/www.afprofilters.com\\\/wp-content\\\/uploads\\\/2021\\\/05\\\/AFPRO-logo.png\",\"contentUrl\":\"https:\\\/\\\/www.afprofilters.com\\\/wp-content\\\/uploads\\\/2021\\\/05\\\/AFPRO-logo.png\",\"width\":640,\"height\":177,\"caption\":\"AFPRO\"},\"image\":{\"@id\":\"https:\\\/\\\/www.afprofilters.com\\\/fr\\\/#\\\/schema\\\/logo\\\/image\\\/\"}}]}<\/script>\n<!-- \/ Yoast SEO plugin. -->","yoast_head_json":{"title":"Centre de formation AFPRO Filters Academy - AFPRO Filters","description":"Pour en savoir plus sur notre centre de formation AFPRO Filters academy ainsi que les contenus de nos formations, cliquez sur ce lien","robots":{"index":"index","follow":"follow","max-snippet":"max-snippet:-1","max-image-preview":"max-image-preview:large","max-video-preview":"max-video-preview:-1"},"canonical":"https:\/\/www.afprofilters.com\/fr\/produit\/centre-de-formation-afpro-filters-academy\/","og_locale":"fr_FR","og_type":"article","og_title":"Centre de formation AFPRO Filters Academy - AFPRO Filters","og_description":"Pour en savoir plus sur notre centre de formation AFPRO Filters academy ainsi que les contenus de nos formations, cliquez sur ce lien","og_url":"https:\/\/www.afprofilters.com\/fr\/produit\/centre-de-formation-afpro-filters-academy\/","og_site_name":"AFPRO","article_modified_time":"2022-10-26T11:43:05+00:00","og_image":[{"width":945,"height":727,"url":"http:\/\/www.afprofilters.com\/wp-content\/uploads\/2016\/09\/AFPRO-Filters-for-commercial-office-buildings-better-indoor-climate.png","type":"image\/png"}],"twitter_card":"summary_large_image","twitter_misc":{"Dur\u00e9e de lecture estim\u00e9e":"1 minute"},"schema":{"@context":"https:\/\/schema.org","@graph":[{"@type":"WebPage","@id":"https:\/\/www.afprofilters.com\/fr\/produit\/centre-de-formation-afpro-filters-academy\/","url":"https:\/\/www.afprofilters.com\/fr\/produit\/centre-de-formation-afpro-filters-academy\/","name":"Centre de formation AFPRO Filters Academy - AFPRO Filters","isPartOf":{"@id":"https:\/\/www.afprofilters.com\/fr\/#website"},"primaryImageOfPage":{"@id":"https:\/\/www.afprofilters.com\/fr\/produit\/centre-de-formation-afpro-filters-academy\/#primaryimage"},"image":{"@id":"https:\/\/www.afprofilters.com\/fr\/produit\/centre-de-formation-afpro-filters-academy\/#primaryimage"},"thumbnailUrl":"https:\/\/www.afprofilters.com\/wp-content\/uploads\/2016\/09\/AFPRO-Filters-for-commercial-office-buildings-better-indoor-climate.png","datePublished":"2017-01-30T09:45:11+00:00","dateModified":"2022-10-26T11:43:05+00:00","description":"Pour en savoir plus sur notre centre de formation AFPRO Filters academy ainsi que les contenus de nos formations, cliquez sur ce lien","breadcrumb":{"@id":"https:\/\/www.afprofilters.com\/fr\/produit\/centre-de-formation-afpro-filters-academy\/#breadcrumb"},"inLanguage":"fr-FR","potentialAction":[{"@type":"ReadAction","target":["https:\/\/www.afprofilters.com\/fr\/produit\/centre-de-formation-afpro-filters-academy\/"]}]},{"@type":"ImageObject","inLanguage":"fr-FR","@id":"https:\/\/www.afprofilters.com\/fr\/produit\/centre-de-formation-afpro-filters-academy\/#primaryimage","url":"https:\/\/www.afprofilters.com\/wp-content\/uploads\/2016\/09\/AFPRO-Filters-for-commercial-office-buildings-better-indoor-climate.png","contentUrl":"https:\/\/www.afprofilters.com\/wp-content\/uploads\/2016\/09\/AFPRO-Filters-for-commercial-office-buildings-better-indoor-climate.png","width":945,"height":727},{"@type":"BreadcrumbList","@id":"https:\/\/www.afprofilters.com\/fr\/produit\/centre-de-formation-afpro-filters-academy\/#breadcrumb","itemListElement":[{"@type":"ListItem","position":1,"name":"","item":"https:\/\/www.afprofilters.com\/fr\/"},{"@type":"ListItem","position":2,"name":"Products","item":"https:\/\/www.afprofilters.com\/fr\/produit\/"},{"@type":"ListItem","position":3,"name":"Nos services","item":"https:\/\/www.afprofilters.com\/fr\/type-produit\/services-associes\/"},{"@type":"ListItem","position":4,"name":"Formation filtration de l&#8217;air"}]},{"@type":"WebSite","@id":"https:\/\/www.afprofilters.com\/fr\/#website","url":"https:\/\/www.afprofilters.com\/fr\/","name":"AFPRO","description":"AFPRO Filters","publisher":{"@id":"https:\/\/www.afprofilters.com\/fr\/#organization"},"potentialAction":[{"@type":"SearchAction","target":{"@type":"EntryPoint","urlTemplate":"https:\/\/www.afprofilters.com\/fr\/?s={search_term_string}"},"query-input":{"@type":"PropertyValueSpecification","valueRequired":true,"valueName":"search_term_string"}}],"inLanguage":"fr-FR"},{"@type":"Organization","@id":"https:\/\/www.afprofilters.com\/fr\/#organization","name":"AFPRO","url":"https:\/\/www.afprofilters.com\/fr\/","logo":{"@type":"ImageObject","inLanguage":"fr-FR","@id":"https:\/\/www.afprofilters.com\/fr\/#\/schema\/logo\/image\/","url":"https:\/\/www.afprofilters.com\/wp-content\/uploads\/2021\/05\/AFPRO-logo.png","contentUrl":"https:\/\/www.afprofilters.com\/wp-content\/uploads\/2021\/05\/AFPRO-logo.png","width":640,"height":177,"caption":"AFPRO"},"image":{"@id":"https:\/\/www.afprofilters.com\/fr\/#\/schema\/logo\/image\/"}}]}},"_links":{"self":[{"href":"https:\/\/www.afprofilters.com\/fr\/wp-json\/wp\/v2\/product\/4929","targetHints":{"allow":["GET"]}}],"collection":[{"href":"https:\/\/www.afprofilters.com\/fr\/wp-json\/wp\/v2\/product"}],"about":[{"href":"https:\/\/www.afprofilters.com\/fr\/wp-json\/wp\/v2\/types\/product"}],"wp:featuredmedia":[{"embeddable":true,"href":"https:\/\/www.afprofilters.com\/fr\/wp-json\/wp\/v2\/media\/504"}],"wp:attachment":[{"href":"https:\/\/www.afprofilters.com\/fr\/wp-json\/wp\/v2\/media?parent=4929"}],"wp:term":[{"taxonomy":"product_category","embeddable":true,"href":"https:\/\/www.afprofilters.com\/fr\/wp-json\/wp\/v2\/product_category?post=4929"}],"curies":[{"name":"wp","href":"https:\/\/api.w.org\/{rel}","templated":true}]}}