{"id":4746,"date":"2017-01-25T07:59:46","date_gmt":"2017-01-25T07:59:46","guid":{"rendered":"https:\/\/www.afprofilters.com\/?post_type=product&#038;p=4746"},"modified":"2022-03-31T13:40:40","modified_gmt":"2022-03-31T13:40:40","slug":"filtre-hepa-hvs","status":"publish","type":"product","link":"https:\/\/www.afprofilters.com\/fr\/produit\/filtre-hepa-hvs\/","title":{"rendered":"filtre\u00a0HEPA HVS"},"content":{"rendered":"<p><strong>Les filtres HEPA de la s\u00e9rie HVS<\/strong> sont tr\u00e8s fiables, car ils sont soumis \u00e0 des contr\u00f4les de qualit\u00e9 stricts et \u00e0 des tests approfondis. Ils sont construits de diff\u00e9rentes mani\u00e8res, en fonction de leur application. AFPRO Filters s&rsquo;efforce d&rsquo;obtenir la r\u00e9sistance la plus faible possible pour chaque mod\u00e8le, contribuant ainsi \u00e0 r\u00e9duire vos co\u00fbts \u00e9nerg\u00e9tiques.<\/p>\n<ul>\n<li><strong>Cadre :<\/strong> acier inoxydable<\/li>\n<li><strong>M\u00e9dia&nbsp; : <\/strong>microfibre de verre<\/li>\n<li><strong>J<\/strong><strong>oint :<\/strong> polyur\u00e9thane mouss\u00e9<\/li>\n<\/ul>\n","protected":false},"featured_media":5108,"parent":0,"template":"","format":"standard","product_category":[60],"class_list":["post-4746","product","type-product","status-publish","format-standard","has-post-thumbnail","hentry","product_category-filtre-hepa"],"acf":[],"yoast_head":"<!-- This site is optimized with the Yoast SEO plugin v27.3 - https:\/\/yoast.com\/product\/yoast-seo-wordpress\/ -->\n<title>\u25b6 Filtre HEPA HVS - AFPRO Filters<\/title>\n<meta name=\"description\" content=\"Le filtre HEPA HVS garantit une haute efficacit\u00e9\u00a0de filtration et permet d&#039;obtenir une tr\u00e8s haute qualit\u00e9 d\u2019air. Pour en savoir plus, cliquez sur ce lien.\" \/>\n<meta name=\"robots\" content=\"index, follow, max-snippet:-1, max-image-preview:large, max-video-preview:-1\" \/>\n<link rel=\"canonical\" href=\"https:\/\/www.afprofilters.com\/fr\/produit\/filtre-hepa-hvs\/\" \/>\n<meta property=\"og:locale\" content=\"fr_FR\" \/>\n<meta property=\"og:type\" content=\"article\" \/>\n<meta property=\"og:title\" content=\"\u25b6 Filtre HEPA HVS - AFPRO Filters\" \/>\n<meta property=\"og:description\" content=\"Le filtre HEPA HVS garantit une haute efficacit\u00e9\u00a0de filtration et permet d&#039;obtenir une tr\u00e8s haute qualit\u00e9 d\u2019air. Pour en savoir plus, cliquez sur ce lien.\" \/>\n<meta property=\"og:url\" content=\"https:\/\/www.afprofilters.com\/fr\/produit\/filtre-hepa-hvs\/\" \/>\n<meta property=\"og:site_name\" content=\"AFPRO\" \/>\n<meta property=\"article:modified_time\" content=\"2022-03-31T13:40:40+00:00\" \/>\n<meta property=\"og:image\" content=\"http:\/\/www.afprofilters.com\/wp-content\/uploads\/2017\/01\/FILTRE-HEPA-HVS.jpg\" \/>\n\t<meta property=\"og:image:width\" content=\"960\" \/>\n\t<meta property=\"og:image:height\" content=\"1031\" \/>\n\t<meta property=\"og:image:type\" content=\"image\/jpeg\" \/>\n<meta name=\"twitter:card\" content=\"summary_large_image\" \/>\n<meta name=\"twitter:label1\" content=\"Dur\u00e9e de lecture estim\u00e9e\" \/>\n\t<meta name=\"twitter:data1\" content=\"1 minute\" \/>\n<script type=\"application\/ld+json\" class=\"yoast-schema-graph\">{\"@context\":\"https:\\\/\\\/schema.org\",\"@graph\":[{\"@type\":\"WebPage\",\"@id\":\"https:\\\/\\\/www.afprofilters.com\\\/fr\\\/produit\\\/filtre-hepa-hvs\\\/\",\"url\":\"https:\\\/\\\/www.afprofilters.com\\\/fr\\\/produit\\\/filtre-hepa-hvs\\\/\",\"name\":\"\u25b6 Filtre HEPA HVS - AFPRO Filters\",\"isPartOf\":{\"@id\":\"https:\\\/\\\/www.afprofilters.com\\\/fr\\\/#website\"},\"primaryImageOfPage\":{\"@id\":\"https:\\\/\\\/www.afprofilters.com\\\/fr\\\/produit\\\/filtre-hepa-hvs\\\/#primaryimage\"},\"image\":{\"@id\":\"https:\\\/\\\/www.afprofilters.com\\\/fr\\\/produit\\\/filtre-hepa-hvs\\\/#primaryimage\"},\"thumbnailUrl\":\"https:\\\/\\\/www.afprofilters.com\\\/wp-content\\\/uploads\\\/2017\\\/01\\\/FILTRE-HEPA-HVS.jpg\",\"datePublished\":\"2017-01-25T07:59:46+00:00\",\"dateModified\":\"2022-03-31T13:40:40+00:00\",\"description\":\"Le filtre HEPA HVS garantit une haute efficacit\u00e9\u00a0de filtration et permet d'obtenir une tr\u00e8s haute qualit\u00e9 d\u2019air. Pour en savoir plus, cliquez sur ce lien.\",\"breadcrumb\":{\"@id\":\"https:\\\/\\\/www.afprofilters.com\\\/fr\\\/produit\\\/filtre-hepa-hvs\\\/#breadcrumb\"},\"inLanguage\":\"fr-FR\",\"potentialAction\":[{\"@type\":\"ReadAction\",\"target\":[\"https:\\\/\\\/www.afprofilters.com\\\/fr\\\/produit\\\/filtre-hepa-hvs\\\/\"]}]},{\"@type\":\"ImageObject\",\"inLanguage\":\"fr-FR\",\"@id\":\"https:\\\/\\\/www.afprofilters.com\\\/fr\\\/produit\\\/filtre-hepa-hvs\\\/#primaryimage\",\"url\":\"https:\\\/\\\/www.afprofilters.com\\\/wp-content\\\/uploads\\\/2017\\\/01\\\/FILTRE-HEPA-HVS.jpg\",\"contentUrl\":\"https:\\\/\\\/www.afprofilters.com\\\/wp-content\\\/uploads\\\/2017\\\/01\\\/FILTRE-HEPA-HVS.jpg\",\"width\":960,\"height\":1031,\"caption\":\"filtre HEPA HVS\"},{\"@type\":\"BreadcrumbList\",\"@id\":\"https:\\\/\\\/www.afprofilters.com\\\/fr\\\/produit\\\/filtre-hepa-hvs\\\/#breadcrumb\",\"itemListElement\":[{\"@type\":\"ListItem\",\"position\":1,\"name\":\"\",\"item\":\"https:\\\/\\\/www.afprofilters.com\\\/fr\\\/\"},{\"@type\":\"ListItem\",\"position\":2,\"name\":\"Products\",\"item\":\"https:\\\/\\\/www.afprofilters.com\\\/fr\\\/produit\\\/\"},{\"@type\":\"ListItem\",\"position\":3,\"name\":\"Filtre HEPA\",\"item\":\"https:\\\/\\\/www.afprofilters.com\\\/fr\\\/type-produit\\\/filtre-hepa\\\/\"},{\"@type\":\"ListItem\",\"position\":4,\"name\":\"filtre\u00a0HEPA HVS\"}]},{\"@type\":\"WebSite\",\"@id\":\"https:\\\/\\\/www.afprofilters.com\\\/fr\\\/#website\",\"url\":\"https:\\\/\\\/www.afprofilters.com\\\/fr\\\/\",\"name\":\"AFPRO\",\"description\":\"AFPRO Filters\",\"publisher\":{\"@id\":\"https:\\\/\\\/www.afprofilters.com\\\/fr\\\/#organization\"},\"potentialAction\":[{\"@type\":\"SearchAction\",\"target\":{\"@type\":\"EntryPoint\",\"urlTemplate\":\"https:\\\/\\\/www.afprofilters.com\\\/fr\\\/?s={search_term_string}\"},\"query-input\":{\"@type\":\"PropertyValueSpecification\",\"valueRequired\":true,\"valueName\":\"search_term_string\"}}],\"inLanguage\":\"fr-FR\"},{\"@type\":\"Organization\",\"@id\":\"https:\\\/\\\/www.afprofilters.com\\\/fr\\\/#organization\",\"name\":\"AFPRO\",\"url\":\"https:\\\/\\\/www.afprofilters.com\\\/fr\\\/\",\"logo\":{\"@type\":\"ImageObject\",\"inLanguage\":\"fr-FR\",\"@id\":\"https:\\\/\\\/www.afprofilters.com\\\/fr\\\/#\\\/schema\\\/logo\\\/image\\\/\",\"url\":\"https:\\\/\\\/www.afprofilters.com\\\/wp-content\\\/uploads\\\/2021\\\/05\\\/AFPRO-logo.png\",\"contentUrl\":\"https:\\\/\\\/www.afprofilters.com\\\/wp-content\\\/uploads\\\/2021\\\/05\\\/AFPRO-logo.png\",\"width\":640,\"height\":177,\"caption\":\"AFPRO\"},\"image\":{\"@id\":\"https:\\\/\\\/www.afprofilters.com\\\/fr\\\/#\\\/schema\\\/logo\\\/image\\\/\"}}]}<\/script>\n<!-- \/ Yoast SEO plugin. -->","yoast_head_json":{"title":"\u25b6 Filtre HEPA HVS - AFPRO Filters","description":"Le filtre HEPA HVS garantit une haute efficacit\u00e9\u00a0de filtration et permet d'obtenir une tr\u00e8s haute qualit\u00e9 d\u2019air. Pour en savoir plus, cliquez sur ce lien.","robots":{"index":"index","follow":"follow","max-snippet":"max-snippet:-1","max-image-preview":"max-image-preview:large","max-video-preview":"max-video-preview:-1"},"canonical":"https:\/\/www.afprofilters.com\/fr\/produit\/filtre-hepa-hvs\/","og_locale":"fr_FR","og_type":"article","og_title":"\u25b6 Filtre HEPA HVS - AFPRO Filters","og_description":"Le filtre HEPA HVS garantit une haute efficacit\u00e9\u00a0de filtration et permet d'obtenir une tr\u00e8s haute qualit\u00e9 d\u2019air. Pour en savoir plus, cliquez sur ce lien.","og_url":"https:\/\/www.afprofilters.com\/fr\/produit\/filtre-hepa-hvs\/","og_site_name":"AFPRO","article_modified_time":"2022-03-31T13:40:40+00:00","og_image":[{"width":960,"height":1031,"url":"http:\/\/www.afprofilters.com\/wp-content\/uploads\/2017\/01\/FILTRE-HEPA-HVS.jpg","type":"image\/jpeg"}],"twitter_card":"summary_large_image","twitter_misc":{"Dur\u00e9e de lecture estim\u00e9e":"1 minute"},"schema":{"@context":"https:\/\/schema.org","@graph":[{"@type":"WebPage","@id":"https:\/\/www.afprofilters.com\/fr\/produit\/filtre-hepa-hvs\/","url":"https:\/\/www.afprofilters.com\/fr\/produit\/filtre-hepa-hvs\/","name":"\u25b6 Filtre HEPA HVS - AFPRO Filters","isPartOf":{"@id":"https:\/\/www.afprofilters.com\/fr\/#website"},"primaryImageOfPage":{"@id":"https:\/\/www.afprofilters.com\/fr\/produit\/filtre-hepa-hvs\/#primaryimage"},"image":{"@id":"https:\/\/www.afprofilters.com\/fr\/produit\/filtre-hepa-hvs\/#primaryimage"},"thumbnailUrl":"https:\/\/www.afprofilters.com\/wp-content\/uploads\/2017\/01\/FILTRE-HEPA-HVS.jpg","datePublished":"2017-01-25T07:59:46+00:00","dateModified":"2022-03-31T13:40:40+00:00","description":"Le filtre HEPA HVS garantit une haute efficacit\u00e9\u00a0de filtration et permet d'obtenir une tr\u00e8s haute qualit\u00e9 d\u2019air. Pour en savoir plus, cliquez sur ce lien.","breadcrumb":{"@id":"https:\/\/www.afprofilters.com\/fr\/produit\/filtre-hepa-hvs\/#breadcrumb"},"inLanguage":"fr-FR","potentialAction":[{"@type":"ReadAction","target":["https:\/\/www.afprofilters.com\/fr\/produit\/filtre-hepa-hvs\/"]}]},{"@type":"ImageObject","inLanguage":"fr-FR","@id":"https:\/\/www.afprofilters.com\/fr\/produit\/filtre-hepa-hvs\/#primaryimage","url":"https:\/\/www.afprofilters.com\/wp-content\/uploads\/2017\/01\/FILTRE-HEPA-HVS.jpg","contentUrl":"https:\/\/www.afprofilters.com\/wp-content\/uploads\/2017\/01\/FILTRE-HEPA-HVS.jpg","width":960,"height":1031,"caption":"filtre HEPA HVS"},{"@type":"BreadcrumbList","@id":"https:\/\/www.afprofilters.com\/fr\/produit\/filtre-hepa-hvs\/#breadcrumb","itemListElement":[{"@type":"ListItem","position":1,"name":"","item":"https:\/\/www.afprofilters.com\/fr\/"},{"@type":"ListItem","position":2,"name":"Products","item":"https:\/\/www.afprofilters.com\/fr\/produit\/"},{"@type":"ListItem","position":3,"name":"Filtre HEPA","item":"https:\/\/www.afprofilters.com\/fr\/type-produit\/filtre-hepa\/"},{"@type":"ListItem","position":4,"name":"filtre\u00a0HEPA HVS"}]},{"@type":"WebSite","@id":"https:\/\/www.afprofilters.com\/fr\/#website","url":"https:\/\/www.afprofilters.com\/fr\/","name":"AFPRO","description":"AFPRO Filters","publisher":{"@id":"https:\/\/www.afprofilters.com\/fr\/#organization"},"potentialAction":[{"@type":"SearchAction","target":{"@type":"EntryPoint","urlTemplate":"https:\/\/www.afprofilters.com\/fr\/?s={search_term_string}"},"query-input":{"@type":"PropertyValueSpecification","valueRequired":true,"valueName":"search_term_string"}}],"inLanguage":"fr-FR"},{"@type":"Organization","@id":"https:\/\/www.afprofilters.com\/fr\/#organization","name":"AFPRO","url":"https:\/\/www.afprofilters.com\/fr\/","logo":{"@type":"ImageObject","inLanguage":"fr-FR","@id":"https:\/\/www.afprofilters.com\/fr\/#\/schema\/logo\/image\/","url":"https:\/\/www.afprofilters.com\/wp-content\/uploads\/2021\/05\/AFPRO-logo.png","contentUrl":"https:\/\/www.afprofilters.com\/wp-content\/uploads\/2021\/05\/AFPRO-logo.png","width":640,"height":177,"caption":"AFPRO"},"image":{"@id":"https:\/\/www.afprofilters.com\/fr\/#\/schema\/logo\/image\/"}}]}},"_links":{"self":[{"href":"https:\/\/www.afprofilters.com\/fr\/wp-json\/wp\/v2\/product\/4746","targetHints":{"allow":["GET"]}}],"collection":[{"href":"https:\/\/www.afprofilters.com\/fr\/wp-json\/wp\/v2\/product"}],"about":[{"href":"https:\/\/www.afprofilters.com\/fr\/wp-json\/wp\/v2\/types\/product"}],"wp:featuredmedia":[{"embeddable":true,"href":"https:\/\/www.afprofilters.com\/fr\/wp-json\/wp\/v2\/media\/5108"}],"wp:attachment":[{"href":"https:\/\/www.afprofilters.com\/fr\/wp-json\/wp\/v2\/media?parent=4746"}],"wp:term":[{"taxonomy":"product_category","embeddable":true,"href":"https:\/\/www.afprofilters.com\/fr\/wp-json\/wp\/v2\/product_category?post=4746"}],"curies":[{"name":"wp","href":"https:\/\/api.w.org\/{rel}","templated":true}]}}