{"id":40650,"date":"2026-02-18T08:27:04","date_gmt":"2026-02-18T08:27:04","guid":{"rendered":"https:\/\/www.afprofilters.com\/?post_type=product&#038;p=40650"},"modified":"2026-02-19T16:44:05","modified_gmt":"2026-02-19T16:44:05","slug":"eco70es","status":"publish","type":"product","link":"https:\/\/www.afprofilters.com\/fr\/produit\/eco70es\/","title":{"rendered":"ECO70ES"},"content":{"rendered":"\n<p>Le <strong>filtre \u00e0 poches ECO70ES ePM1\u00a0<\/strong> est con\u00e7u pour servir de solution de filtration de deuxi\u00e8me \u00e9tage, compl\u00e9tant le syst\u00e8me de filtration de premi\u00e8re \u00e9tage afin d\u2019assurer une qualit\u00e9 de l\u2019air int\u00e9rieur optimale. <strong>Cette solution offre une filtration fine premium de deuxi\u00e8me \u00e9tage avec une efficacit\u00e9 \u00e9nerg\u00e9tique class\u00e9e A, garantissant des performances \u00e9lev\u00e9es.<\/strong>.<\/p>\n\n\n\n<h3 class=\"wp-block-heading\">Pourquoi choisir le filtre ECO70ES ?<\/h3>\n\n\n\n<ul class=\"wp-block-list\">\n<li><strong>Performance<\/strong>: Haute efficacit\u00e9 de filtration des particules ePM1.<\/li>\n\n\n\n<li><strong>Durabilit\u00e9 :<\/strong>\u00a0Faible consommation d\u2019\u00e9nergie, label A.<\/li>\n\n\n\n<li><strong>Certifi\u00e9 :&nbsp;<\/strong>ISO 16890.<\/li>\n<\/ul>\n\n\n\n<figure class=\"wp-block-image is-resized\"><img loading=\"lazy\" decoding=\"async\" width=\"1614\" height=\"555\" src=\"https:\/\/www.afprofilters.com\/wp-content\/uploads\/2016\/09\/logo-eurovent.png\" alt=\"\" class=\"wp-image-32812\" style=\"aspect-ratio:2.90814670561506;width:231px;height:auto\" srcset=\"https:\/\/www.afprofilters.com\/wp-content\/uploads\/2016\/09\/logo-eurovent.png 1614w, https:\/\/www.afprofilters.com\/wp-content\/uploads\/2016\/09\/logo-eurovent-300x103.png 300w, https:\/\/www.afprofilters.com\/wp-content\/uploads\/2016\/09\/logo-eurovent-1024x352.png 1024w, https:\/\/www.afprofilters.com\/wp-content\/uploads\/2016\/09\/logo-eurovent-768x264.png 768w, https:\/\/www.afprofilters.com\/wp-content\/uploads\/2016\/09\/logo-eurovent-1536x528.png 1536w\" sizes=\"auto, (max-width: 1614px) 100vw, 1614px\" \/><\/figure>\n\n\n\n<p class=\"has-small-font-size\"><em>AFPRO Filters BV participe au programme de certification ECP pour les filtres \u00e0 air (FIL). V\u00e9rifiez la validit\u00e9 en cours du certificat ::&nbsp;<a href=\"https:\/\/www.eurovent-certification.com\/\" target=\"_blank\" rel=\"noreferrer noopener\">WWW.EUROVENT-CERTIFICATION.COM<\/a><\/em><\/p>\n\n\n\n<p><\/p>\n","protected":false},"featured_media":40623,"parent":0,"template":"","format":"standard","product_category":[56],"class_list":["post-40650","product","type-product","status-publish","format-standard","has-post-thumbnail","hentry","product_category-filtre-a-poches"],"acf":[],"yoast_head":"<!-- This site is optimized with the Yoast SEO plugin v27.3 - https:\/\/yoast.com\/product\/yoast-seo-wordpress\/ -->\n<title>ECO70ES - AFPRO<\/title>\n<meta name=\"description\" content=\"Le filtre \u00e0 poches ECO70ES ePM1\u00a0 est con\u00e7u pour servir de solution de filtration de deuxi\u00e8me \u00e9tage, compl\u00e9tant le syst\u00e8me de filtration de premi\u00e8re \u00e9tage afin d\u2019assurer une qualit\u00e9 de l\u2019air int\u00e9rieur optimale. Cette solution offre une filtration fine premium de deuxi\u00e8me \u00e9tage avec une efficacit\u00e9 \u00e9nerg\u00e9tique class\u00e9e A, garantissant des performances \u00e9lev\u00e9es..\" \/>\n<meta name=\"robots\" content=\"index, follow, max-snippet:-1, max-image-preview:large, max-video-preview:-1\" \/>\n<link rel=\"canonical\" href=\"https:\/\/www.afprofilters.com\/fr\/produit\/eco70es\/\" \/>\n<meta property=\"og:locale\" content=\"fr_FR\" \/>\n<meta property=\"og:type\" content=\"article\" \/>\n<meta property=\"og:title\" content=\"ECO70ES - AFPRO\" \/>\n<meta property=\"og:description\" content=\"Le filtre \u00e0 poches ECO70ES ePM1\u00a0 est con\u00e7u pour servir de solution de filtration de deuxi\u00e8me \u00e9tage, compl\u00e9tant le syst\u00e8me de filtration de premi\u00e8re \u00e9tage afin d\u2019assurer une qualit\u00e9 de l\u2019air int\u00e9rieur optimale. Cette solution offre une filtration fine premium de deuxi\u00e8me \u00e9tage avec une efficacit\u00e9 \u00e9nerg\u00e9tique class\u00e9e A, garantissant des performances \u00e9lev\u00e9es..\" \/>\n<meta property=\"og:url\" content=\"https:\/\/www.afprofilters.com\/fr\/produit\/eco70es\/\" \/>\n<meta property=\"og:site_name\" content=\"AFPRO\" \/>\n<meta property=\"article:modified_time\" content=\"2026-02-19T16:44:05+00:00\" \/>\n<meta property=\"og:image\" content=\"http:\/\/www.afprofilters.com\/wp-content\/uploads\/2026\/01\/ECO70ES-1.png\" \/>\n\t<meta property=\"og:image:width\" content=\"254\" \/>\n\t<meta property=\"og:image:height\" content=\"247\" \/>\n\t<meta property=\"og:image:type\" content=\"image\/png\" \/>\n<meta name=\"twitter:card\" content=\"summary_large_image\" \/>\n<meta name=\"twitter:label1\" content=\"Dur\u00e9e de lecture estim\u00e9e\" \/>\n\t<meta name=\"twitter:data1\" content=\"1 minute\" \/>\n<script type=\"application\/ld+json\" class=\"yoast-schema-graph\">{\"@context\":\"https:\\\/\\\/schema.org\",\"@graph\":[{\"@type\":\"WebPage\",\"@id\":\"https:\\\/\\\/www.afprofilters.com\\\/fr\\\/produit\\\/eco70es\\\/\",\"url\":\"https:\\\/\\\/www.afprofilters.com\\\/fr\\\/produit\\\/eco70es\\\/\",\"name\":\"ECO70ES - AFPRO\",\"isPartOf\":{\"@id\":\"https:\\\/\\\/www.afprofilters.com\\\/fr\\\/#website\"},\"primaryImageOfPage\":{\"@id\":\"https:\\\/\\\/www.afprofilters.com\\\/fr\\\/produit\\\/eco70es\\\/#primaryimage\"},\"image\":{\"@id\":\"https:\\\/\\\/www.afprofilters.com\\\/fr\\\/produit\\\/eco70es\\\/#primaryimage\"},\"thumbnailUrl\":\"https:\\\/\\\/www.afprofilters.com\\\/wp-content\\\/uploads\\\/2026\\\/01\\\/ECO70ES-1.png\",\"datePublished\":\"2026-02-18T08:27:04+00:00\",\"dateModified\":\"2026-02-19T16:44:05+00:00\",\"description\":\"Le filtre \u00e0 poches ECO70ES ePM1\u00a0 est con\u00e7u pour servir de solution de filtration de deuxi\u00e8me \u00e9tage, compl\u00e9tant le syst\u00e8me de filtration de premi\u00e8re \u00e9tage afin d\u2019assurer une qualit\u00e9 de l\u2019air int\u00e9rieur optimale. Cette solution offre une filtration fine premium de deuxi\u00e8me \u00e9tage avec une efficacit\u00e9 \u00e9nerg\u00e9tique class\u00e9e A, garantissant des performances \u00e9lev\u00e9es..\",\"breadcrumb\":{\"@id\":\"https:\\\/\\\/www.afprofilters.com\\\/fr\\\/produit\\\/eco70es\\\/#breadcrumb\"},\"inLanguage\":\"fr-FR\",\"potentialAction\":[{\"@type\":\"ReadAction\",\"target\":[\"https:\\\/\\\/www.afprofilters.com\\\/fr\\\/produit\\\/eco70es\\\/\"]}]},{\"@type\":\"ImageObject\",\"inLanguage\":\"fr-FR\",\"@id\":\"https:\\\/\\\/www.afprofilters.com\\\/fr\\\/produit\\\/eco70es\\\/#primaryimage\",\"url\":\"https:\\\/\\\/www.afprofilters.com\\\/wp-content\\\/uploads\\\/2026\\\/01\\\/ECO70ES-1.png\",\"contentUrl\":\"https:\\\/\\\/www.afprofilters.com\\\/wp-content\\\/uploads\\\/2026\\\/01\\\/ECO70ES-1.png\",\"width\":254,\"height\":247,\"caption\":\"ECO70ES\"},{\"@type\":\"BreadcrumbList\",\"@id\":\"https:\\\/\\\/www.afprofilters.com\\\/fr\\\/produit\\\/eco70es\\\/#breadcrumb\",\"itemListElement\":[{\"@type\":\"ListItem\",\"position\":1,\"name\":\"\",\"item\":\"https:\\\/\\\/www.afprofilters.com\\\/fr\\\/\"},{\"@type\":\"ListItem\",\"position\":2,\"name\":\"Products\",\"item\":\"https:\\\/\\\/www.afprofilters.com\\\/fr\\\/produit\\\/\"},{\"@type\":\"ListItem\",\"position\":3,\"name\":\"Filtre a poches\",\"item\":\"https:\\\/\\\/www.afprofilters.com\\\/fr\\\/type-produit\\\/filtre-a-poches\\\/\"},{\"@type\":\"ListItem\",\"position\":4,\"name\":\"ECO70ES\"}]},{\"@type\":\"WebSite\",\"@id\":\"https:\\\/\\\/www.afprofilters.com\\\/fr\\\/#website\",\"url\":\"https:\\\/\\\/www.afprofilters.com\\\/fr\\\/\",\"name\":\"AFPRO\",\"description\":\"AFPRO Filters\",\"publisher\":{\"@id\":\"https:\\\/\\\/www.afprofilters.com\\\/fr\\\/#organization\"},\"potentialAction\":[{\"@type\":\"SearchAction\",\"target\":{\"@type\":\"EntryPoint\",\"urlTemplate\":\"https:\\\/\\\/www.afprofilters.com\\\/fr\\\/?s={search_term_string}\"},\"query-input\":{\"@type\":\"PropertyValueSpecification\",\"valueRequired\":true,\"valueName\":\"search_term_string\"}}],\"inLanguage\":\"fr-FR\"},{\"@type\":\"Organization\",\"@id\":\"https:\\\/\\\/www.afprofilters.com\\\/fr\\\/#organization\",\"name\":\"AFPRO\",\"url\":\"https:\\\/\\\/www.afprofilters.com\\\/fr\\\/\",\"logo\":{\"@type\":\"ImageObject\",\"inLanguage\":\"fr-FR\",\"@id\":\"https:\\\/\\\/www.afprofilters.com\\\/fr\\\/#\\\/schema\\\/logo\\\/image\\\/\",\"url\":\"https:\\\/\\\/www.afprofilters.com\\\/wp-content\\\/uploads\\\/2021\\\/05\\\/AFPRO-logo.png\",\"contentUrl\":\"https:\\\/\\\/www.afprofilters.com\\\/wp-content\\\/uploads\\\/2021\\\/05\\\/AFPRO-logo.png\",\"width\":640,\"height\":177,\"caption\":\"AFPRO\"},\"image\":{\"@id\":\"https:\\\/\\\/www.afprofilters.com\\\/fr\\\/#\\\/schema\\\/logo\\\/image\\\/\"}}]}<\/script>\n<!-- \/ Yoast SEO plugin. -->","yoast_head_json":{"title":"ECO70ES - AFPRO","description":"Le filtre \u00e0 poches ECO70ES ePM1\u00a0 est con\u00e7u pour servir de solution de filtration de deuxi\u00e8me \u00e9tage, compl\u00e9tant le syst\u00e8me de filtration de premi\u00e8re \u00e9tage afin d\u2019assurer une qualit\u00e9 de l\u2019air int\u00e9rieur optimale. Cette solution offre une filtration fine premium de deuxi\u00e8me \u00e9tage avec une efficacit\u00e9 \u00e9nerg\u00e9tique class\u00e9e A, garantissant des performances \u00e9lev\u00e9es..","robots":{"index":"index","follow":"follow","max-snippet":"max-snippet:-1","max-image-preview":"max-image-preview:large","max-video-preview":"max-video-preview:-1"},"canonical":"https:\/\/www.afprofilters.com\/fr\/produit\/eco70es\/","og_locale":"fr_FR","og_type":"article","og_title":"ECO70ES - AFPRO","og_description":"Le filtre \u00e0 poches ECO70ES ePM1\u00a0 est con\u00e7u pour servir de solution de filtration de deuxi\u00e8me \u00e9tage, compl\u00e9tant le syst\u00e8me de filtration de premi\u00e8re \u00e9tage afin d\u2019assurer une qualit\u00e9 de l\u2019air int\u00e9rieur optimale. Cette solution offre une filtration fine premium de deuxi\u00e8me \u00e9tage avec une efficacit\u00e9 \u00e9nerg\u00e9tique class\u00e9e A, garantissant des performances \u00e9lev\u00e9es..","og_url":"https:\/\/www.afprofilters.com\/fr\/produit\/eco70es\/","og_site_name":"AFPRO","article_modified_time":"2026-02-19T16:44:05+00:00","og_image":[{"width":254,"height":247,"url":"http:\/\/www.afprofilters.com\/wp-content\/uploads\/2026\/01\/ECO70ES-1.png","type":"image\/png"}],"twitter_card":"summary_large_image","twitter_misc":{"Dur\u00e9e de lecture estim\u00e9e":"1 minute"},"schema":{"@context":"https:\/\/schema.org","@graph":[{"@type":"WebPage","@id":"https:\/\/www.afprofilters.com\/fr\/produit\/eco70es\/","url":"https:\/\/www.afprofilters.com\/fr\/produit\/eco70es\/","name":"ECO70ES - AFPRO","isPartOf":{"@id":"https:\/\/www.afprofilters.com\/fr\/#website"},"primaryImageOfPage":{"@id":"https:\/\/www.afprofilters.com\/fr\/produit\/eco70es\/#primaryimage"},"image":{"@id":"https:\/\/www.afprofilters.com\/fr\/produit\/eco70es\/#primaryimage"},"thumbnailUrl":"https:\/\/www.afprofilters.com\/wp-content\/uploads\/2026\/01\/ECO70ES-1.png","datePublished":"2026-02-18T08:27:04+00:00","dateModified":"2026-02-19T16:44:05+00:00","description":"Le filtre \u00e0 poches ECO70ES ePM1\u00a0 est con\u00e7u pour servir de solution de filtration de deuxi\u00e8me \u00e9tage, compl\u00e9tant le syst\u00e8me de filtration de premi\u00e8re \u00e9tage afin d\u2019assurer une qualit\u00e9 de l\u2019air int\u00e9rieur optimale. Cette solution offre une filtration fine premium de deuxi\u00e8me \u00e9tage avec une efficacit\u00e9 \u00e9nerg\u00e9tique class\u00e9e A, garantissant des performances \u00e9lev\u00e9es..","breadcrumb":{"@id":"https:\/\/www.afprofilters.com\/fr\/produit\/eco70es\/#breadcrumb"},"inLanguage":"fr-FR","potentialAction":[{"@type":"ReadAction","target":["https:\/\/www.afprofilters.com\/fr\/produit\/eco70es\/"]}]},{"@type":"ImageObject","inLanguage":"fr-FR","@id":"https:\/\/www.afprofilters.com\/fr\/produit\/eco70es\/#primaryimage","url":"https:\/\/www.afprofilters.com\/wp-content\/uploads\/2026\/01\/ECO70ES-1.png","contentUrl":"https:\/\/www.afprofilters.com\/wp-content\/uploads\/2026\/01\/ECO70ES-1.png","width":254,"height":247,"caption":"ECO70ES"},{"@type":"BreadcrumbList","@id":"https:\/\/www.afprofilters.com\/fr\/produit\/eco70es\/#breadcrumb","itemListElement":[{"@type":"ListItem","position":1,"name":"","item":"https:\/\/www.afprofilters.com\/fr\/"},{"@type":"ListItem","position":2,"name":"Products","item":"https:\/\/www.afprofilters.com\/fr\/produit\/"},{"@type":"ListItem","position":3,"name":"Filtre a poches","item":"https:\/\/www.afprofilters.com\/fr\/type-produit\/filtre-a-poches\/"},{"@type":"ListItem","position":4,"name":"ECO70ES"}]},{"@type":"WebSite","@id":"https:\/\/www.afprofilters.com\/fr\/#website","url":"https:\/\/www.afprofilters.com\/fr\/","name":"AFPRO","description":"AFPRO Filters","publisher":{"@id":"https:\/\/www.afprofilters.com\/fr\/#organization"},"potentialAction":[{"@type":"SearchAction","target":{"@type":"EntryPoint","urlTemplate":"https:\/\/www.afprofilters.com\/fr\/?s={search_term_string}"},"query-input":{"@type":"PropertyValueSpecification","valueRequired":true,"valueName":"search_term_string"}}],"inLanguage":"fr-FR"},{"@type":"Organization","@id":"https:\/\/www.afprofilters.com\/fr\/#organization","name":"AFPRO","url":"https:\/\/www.afprofilters.com\/fr\/","logo":{"@type":"ImageObject","inLanguage":"fr-FR","@id":"https:\/\/www.afprofilters.com\/fr\/#\/schema\/logo\/image\/","url":"https:\/\/www.afprofilters.com\/wp-content\/uploads\/2021\/05\/AFPRO-logo.png","contentUrl":"https:\/\/www.afprofilters.com\/wp-content\/uploads\/2021\/05\/AFPRO-logo.png","width":640,"height":177,"caption":"AFPRO"},"image":{"@id":"https:\/\/www.afprofilters.com\/fr\/#\/schema\/logo\/image\/"}}]}},"_links":{"self":[{"href":"https:\/\/www.afprofilters.com\/fr\/wp-json\/wp\/v2\/product\/40650","targetHints":{"allow":["GET"]}}],"collection":[{"href":"https:\/\/www.afprofilters.com\/fr\/wp-json\/wp\/v2\/product"}],"about":[{"href":"https:\/\/www.afprofilters.com\/fr\/wp-json\/wp\/v2\/types\/product"}],"wp:featuredmedia":[{"embeddable":true,"href":"https:\/\/www.afprofilters.com\/fr\/wp-json\/wp\/v2\/media\/40623"}],"wp:attachment":[{"href":"https:\/\/www.afprofilters.com\/fr\/wp-json\/wp\/v2\/media?parent=40650"}],"wp:term":[{"taxonomy":"product_category","embeddable":true,"href":"https:\/\/www.afprofilters.com\/fr\/wp-json\/wp\/v2\/product_category?post=40650"}],"curies":[{"name":"wp","href":"https:\/\/api.w.org\/{rel}","templated":true}]}}