{"id":40541,"date":"2026-02-11T16:18:52","date_gmt":"2026-02-11T16:18:52","guid":{"rendered":"https:\/\/www.afprofilters.com\/?post_type=product&#038;p=40541"},"modified":"2026-02-24T08:30:23","modified_gmt":"2026-02-24T08:30:23","slug":"filtre-a-poches-hq50","status":"publish","type":"product","link":"https:\/\/www.afprofilters.com\/fr\/produit\/filtre-a-poches-hq50\/","title":{"rendered":"Filtre \u00e0 poches HQ50"},"content":{"rendered":"\n<p>Le <strong>HQ50<\/strong> est une solution de <strong>pr\u00e9filtration haute performance<\/strong> pour les <strong>centrales de traitement d\u2019air <\/strong>, con\u00e7ue sp\u00e9cifiquement pour les <strong>applications OEM<\/strong>. Install\u00e9 aux entr\u00e9es d\u2019air ou dans les conduits de reprise, il offre une <strong>efficacit\u00e9 ePM10 60%<\/strong>, une <strong>faible consommation d\u2019\u00e9nergie (label A ou A+)<\/strong> et des <strong>performances \u00e9conomiques<\/strong>.<\/p>\n\n\n\n<h3 class=\"wp-block-heading\">Pourquoi choisir le filtre HQ50 ?<\/h3>\n\n\n\n<ul class=\"wp-block-list\">\n<li><strong>Performance : Haute performance \u00e0 un co\u00fbt comp\u00e9titif.<\/strong><\/li>\n\n\n\n<li><strong>Efficacit\u00e9 \u00e9nerg\u00e9tique :<\/strong>&nbsp;faible perte de charge.<\/li>\n\n\n\n<li><strong>Certifi\u00e9 :&nbsp;<\/strong>ISO 16890.<\/li>\n<\/ul>\n\n\n\n<figure class=\"wp-block-image is-resized\"><img loading=\"lazy\" decoding=\"async\" width=\"1614\" height=\"555\" src=\"https:\/\/www.afprofilters.com\/wp-content\/uploads\/2016\/09\/logo-eurovent.png\" alt=\"\" class=\"wp-image-32812\" style=\"aspect-ratio:2.90814670561506;width:305px;height:auto\" srcset=\"https:\/\/www.afprofilters.com\/wp-content\/uploads\/2016\/09\/logo-eurovent.png 1614w, https:\/\/www.afprofilters.com\/wp-content\/uploads\/2016\/09\/logo-eurovent-300x103.png 300w, https:\/\/www.afprofilters.com\/wp-content\/uploads\/2016\/09\/logo-eurovent-1024x352.png 1024w, https:\/\/www.afprofilters.com\/wp-content\/uploads\/2016\/09\/logo-eurovent-768x264.png 768w, https:\/\/www.afprofilters.com\/wp-content\/uploads\/2016\/09\/logo-eurovent-1536x528.png 1536w\" sizes=\"auto, (max-width: 1614px) 100vw, 1614px\" \/><\/figure>\n\n\n\n<p class=\"has-small-font-size\"><em>AFPRO Filters BV participe au programme de certification ECP pour les filtres \u00e0 air (FIL). V\u00e9rifiez la validit\u00e9 du certificat en cours :&nbsp;<a href=\"https:\/\/www.eurovent-certification.com\/\" target=\"_blank\" rel=\"noreferrer noopener\">WWW.EUROVENT-CERTIFICATION.COM<\/a><\/em><\/p>\n\n\n\n<p><\/p>\n","protected":false},"featured_media":40817,"parent":0,"template":"","format":"standard","product_category":[56],"class_list":["post-40541","product","type-product","status-publish","format-standard","has-post-thumbnail","hentry","product_category-filtre-a-poches"],"acf":[],"yoast_head":"<!-- This site is optimized with the Yoast SEO plugin v27.3 - https:\/\/yoast.com\/product\/yoast-seo-wordpress\/ -->\n<title>Filtre a poches HQ50<\/title>\n<meta name=\"description\" content=\"D\u00e9couvrez le filtre a poches HQ50, ses caract\u00e9ristiques et ses avantages en cliquant sur ce lien.\" \/>\n<meta name=\"robots\" content=\"index, follow, max-snippet:-1, max-image-preview:large, max-video-preview:-1\" \/>\n<link rel=\"canonical\" href=\"https:\/\/www.afprofilters.com\/fr\/produit\/filtre-a-poches-hq50\/\" \/>\n<meta property=\"og:locale\" content=\"fr_FR\" \/>\n<meta property=\"og:type\" content=\"article\" \/>\n<meta property=\"og:title\" content=\"Filtre a poches HQ50\" \/>\n<meta property=\"og:description\" content=\"D\u00e9couvrez le filtre a poches HQ50, ses caract\u00e9ristiques et ses avantages en cliquant sur ce lien.\" \/>\n<meta property=\"og:url\" content=\"https:\/\/www.afprofilters.com\/fr\/produit\/filtre-a-poches-hq50\/\" \/>\n<meta property=\"og:site_name\" content=\"AFPRO\" \/>\n<meta property=\"article:modified_time\" content=\"2026-02-24T08:30:23+00:00\" \/>\n<meta property=\"og:image\" content=\"http:\/\/www.afprofilters.com\/wp-content\/uploads\/2026\/02\/HQ50A.png\" \/>\n\t<meta property=\"og:image:width\" content=\"767\" \/>\n\t<meta property=\"og:image:height\" content=\"776\" \/>\n\t<meta property=\"og:image:type\" content=\"image\/png\" \/>\n<meta name=\"twitter:card\" content=\"summary_large_image\" \/>\n<meta name=\"twitter:label1\" content=\"Dur\u00e9e de lecture estim\u00e9e\" \/>\n\t<meta name=\"twitter:data1\" content=\"1 minute\" \/>\n<script type=\"application\/ld+json\" class=\"yoast-schema-graph\">{\"@context\":\"https:\\\/\\\/schema.org\",\"@graph\":[{\"@type\":\"WebPage\",\"@id\":\"https:\\\/\\\/www.afprofilters.com\\\/fr\\\/produit\\\/filtre-a-poches-hq50\\\/\",\"url\":\"https:\\\/\\\/www.afprofilters.com\\\/fr\\\/produit\\\/filtre-a-poches-hq50\\\/\",\"name\":\"Filtre a poches HQ50\",\"isPartOf\":{\"@id\":\"https:\\\/\\\/www.afprofilters.com\\\/fr\\\/#website\"},\"primaryImageOfPage\":{\"@id\":\"https:\\\/\\\/www.afprofilters.com\\\/fr\\\/produit\\\/filtre-a-poches-hq50\\\/#primaryimage\"},\"image\":{\"@id\":\"https:\\\/\\\/www.afprofilters.com\\\/fr\\\/produit\\\/filtre-a-poches-hq50\\\/#primaryimage\"},\"thumbnailUrl\":\"https:\\\/\\\/www.afprofilters.com\\\/wp-content\\\/uploads\\\/2026\\\/02\\\/HQ50A.png\",\"datePublished\":\"2026-02-11T16:18:52+00:00\",\"dateModified\":\"2026-02-24T08:30:23+00:00\",\"description\":\"D\u00e9couvrez le filtre a poches HQ50, ses caract\u00e9ristiques et ses avantages en cliquant sur ce lien.\",\"breadcrumb\":{\"@id\":\"https:\\\/\\\/www.afprofilters.com\\\/fr\\\/produit\\\/filtre-a-poches-hq50\\\/#breadcrumb\"},\"inLanguage\":\"fr-FR\",\"potentialAction\":[{\"@type\":\"ReadAction\",\"target\":[\"https:\\\/\\\/www.afprofilters.com\\\/fr\\\/produit\\\/filtre-a-poches-hq50\\\/\"]}]},{\"@type\":\"ImageObject\",\"inLanguage\":\"fr-FR\",\"@id\":\"https:\\\/\\\/www.afprofilters.com\\\/fr\\\/produit\\\/filtre-a-poches-hq50\\\/#primaryimage\",\"url\":\"https:\\\/\\\/www.afprofilters.com\\\/wp-content\\\/uploads\\\/2026\\\/02\\\/HQ50A.png\",\"contentUrl\":\"https:\\\/\\\/www.afprofilters.com\\\/wp-content\\\/uploads\\\/2026\\\/02\\\/HQ50A.png\",\"width\":767,\"height\":776},{\"@type\":\"BreadcrumbList\",\"@id\":\"https:\\\/\\\/www.afprofilters.com\\\/fr\\\/produit\\\/filtre-a-poches-hq50\\\/#breadcrumb\",\"itemListElement\":[{\"@type\":\"ListItem\",\"position\":1,\"name\":\"\",\"item\":\"https:\\\/\\\/www.afprofilters.com\\\/fr\\\/\"},{\"@type\":\"ListItem\",\"position\":2,\"name\":\"Products\",\"item\":\"https:\\\/\\\/www.afprofilters.com\\\/fr\\\/produit\\\/\"},{\"@type\":\"ListItem\",\"position\":3,\"name\":\"Filtre a poches\",\"item\":\"https:\\\/\\\/www.afprofilters.com\\\/fr\\\/type-produit\\\/filtre-a-poches\\\/\"},{\"@type\":\"ListItem\",\"position\":4,\"name\":\"Filtre \u00e0 poches HQ50\"}]},{\"@type\":\"WebSite\",\"@id\":\"https:\\\/\\\/www.afprofilters.com\\\/fr\\\/#website\",\"url\":\"https:\\\/\\\/www.afprofilters.com\\\/fr\\\/\",\"name\":\"AFPRO\",\"description\":\"AFPRO Filters\",\"publisher\":{\"@id\":\"https:\\\/\\\/www.afprofilters.com\\\/fr\\\/#organization\"},\"potentialAction\":[{\"@type\":\"SearchAction\",\"target\":{\"@type\":\"EntryPoint\",\"urlTemplate\":\"https:\\\/\\\/www.afprofilters.com\\\/fr\\\/?s={search_term_string}\"},\"query-input\":{\"@type\":\"PropertyValueSpecification\",\"valueRequired\":true,\"valueName\":\"search_term_string\"}}],\"inLanguage\":\"fr-FR\"},{\"@type\":\"Organization\",\"@id\":\"https:\\\/\\\/www.afprofilters.com\\\/fr\\\/#organization\",\"name\":\"AFPRO\",\"url\":\"https:\\\/\\\/www.afprofilters.com\\\/fr\\\/\",\"logo\":{\"@type\":\"ImageObject\",\"inLanguage\":\"fr-FR\",\"@id\":\"https:\\\/\\\/www.afprofilters.com\\\/fr\\\/#\\\/schema\\\/logo\\\/image\\\/\",\"url\":\"https:\\\/\\\/www.afprofilters.com\\\/wp-content\\\/uploads\\\/2021\\\/05\\\/AFPRO-logo.png\",\"contentUrl\":\"https:\\\/\\\/www.afprofilters.com\\\/wp-content\\\/uploads\\\/2021\\\/05\\\/AFPRO-logo.png\",\"width\":640,\"height\":177,\"caption\":\"AFPRO\"},\"image\":{\"@id\":\"https:\\\/\\\/www.afprofilters.com\\\/fr\\\/#\\\/schema\\\/logo\\\/image\\\/\"}}]}<\/script>\n<!-- \/ Yoast SEO plugin. -->","yoast_head_json":{"title":"Filtre a poches HQ50","description":"D\u00e9couvrez le filtre a poches HQ50, ses caract\u00e9ristiques et ses avantages en cliquant sur ce lien.","robots":{"index":"index","follow":"follow","max-snippet":"max-snippet:-1","max-image-preview":"max-image-preview:large","max-video-preview":"max-video-preview:-1"},"canonical":"https:\/\/www.afprofilters.com\/fr\/produit\/filtre-a-poches-hq50\/","og_locale":"fr_FR","og_type":"article","og_title":"Filtre a poches HQ50","og_description":"D\u00e9couvrez le filtre a poches HQ50, ses caract\u00e9ristiques et ses avantages en cliquant sur ce lien.","og_url":"https:\/\/www.afprofilters.com\/fr\/produit\/filtre-a-poches-hq50\/","og_site_name":"AFPRO","article_modified_time":"2026-02-24T08:30:23+00:00","og_image":[{"width":767,"height":776,"url":"http:\/\/www.afprofilters.com\/wp-content\/uploads\/2026\/02\/HQ50A.png","type":"image\/png"}],"twitter_card":"summary_large_image","twitter_misc":{"Dur\u00e9e de lecture estim\u00e9e":"1 minute"},"schema":{"@context":"https:\/\/schema.org","@graph":[{"@type":"WebPage","@id":"https:\/\/www.afprofilters.com\/fr\/produit\/filtre-a-poches-hq50\/","url":"https:\/\/www.afprofilters.com\/fr\/produit\/filtre-a-poches-hq50\/","name":"Filtre a poches HQ50","isPartOf":{"@id":"https:\/\/www.afprofilters.com\/fr\/#website"},"primaryImageOfPage":{"@id":"https:\/\/www.afprofilters.com\/fr\/produit\/filtre-a-poches-hq50\/#primaryimage"},"image":{"@id":"https:\/\/www.afprofilters.com\/fr\/produit\/filtre-a-poches-hq50\/#primaryimage"},"thumbnailUrl":"https:\/\/www.afprofilters.com\/wp-content\/uploads\/2026\/02\/HQ50A.png","datePublished":"2026-02-11T16:18:52+00:00","dateModified":"2026-02-24T08:30:23+00:00","description":"D\u00e9couvrez le filtre a poches HQ50, ses caract\u00e9ristiques et ses avantages en cliquant sur ce lien.","breadcrumb":{"@id":"https:\/\/www.afprofilters.com\/fr\/produit\/filtre-a-poches-hq50\/#breadcrumb"},"inLanguage":"fr-FR","potentialAction":[{"@type":"ReadAction","target":["https:\/\/www.afprofilters.com\/fr\/produit\/filtre-a-poches-hq50\/"]}]},{"@type":"ImageObject","inLanguage":"fr-FR","@id":"https:\/\/www.afprofilters.com\/fr\/produit\/filtre-a-poches-hq50\/#primaryimage","url":"https:\/\/www.afprofilters.com\/wp-content\/uploads\/2026\/02\/HQ50A.png","contentUrl":"https:\/\/www.afprofilters.com\/wp-content\/uploads\/2026\/02\/HQ50A.png","width":767,"height":776},{"@type":"BreadcrumbList","@id":"https:\/\/www.afprofilters.com\/fr\/produit\/filtre-a-poches-hq50\/#breadcrumb","itemListElement":[{"@type":"ListItem","position":1,"name":"","item":"https:\/\/www.afprofilters.com\/fr\/"},{"@type":"ListItem","position":2,"name":"Products","item":"https:\/\/www.afprofilters.com\/fr\/produit\/"},{"@type":"ListItem","position":3,"name":"Filtre a poches","item":"https:\/\/www.afprofilters.com\/fr\/type-produit\/filtre-a-poches\/"},{"@type":"ListItem","position":4,"name":"Filtre \u00e0 poches HQ50"}]},{"@type":"WebSite","@id":"https:\/\/www.afprofilters.com\/fr\/#website","url":"https:\/\/www.afprofilters.com\/fr\/","name":"AFPRO","description":"AFPRO Filters","publisher":{"@id":"https:\/\/www.afprofilters.com\/fr\/#organization"},"potentialAction":[{"@type":"SearchAction","target":{"@type":"EntryPoint","urlTemplate":"https:\/\/www.afprofilters.com\/fr\/?s={search_term_string}"},"query-input":{"@type":"PropertyValueSpecification","valueRequired":true,"valueName":"search_term_string"}}],"inLanguage":"fr-FR"},{"@type":"Organization","@id":"https:\/\/www.afprofilters.com\/fr\/#organization","name":"AFPRO","url":"https:\/\/www.afprofilters.com\/fr\/","logo":{"@type":"ImageObject","inLanguage":"fr-FR","@id":"https:\/\/www.afprofilters.com\/fr\/#\/schema\/logo\/image\/","url":"https:\/\/www.afprofilters.com\/wp-content\/uploads\/2021\/05\/AFPRO-logo.png","contentUrl":"https:\/\/www.afprofilters.com\/wp-content\/uploads\/2021\/05\/AFPRO-logo.png","width":640,"height":177,"caption":"AFPRO"},"image":{"@id":"https:\/\/www.afprofilters.com\/fr\/#\/schema\/logo\/image\/"}}]}},"_links":{"self":[{"href":"https:\/\/www.afprofilters.com\/fr\/wp-json\/wp\/v2\/product\/40541","targetHints":{"allow":["GET"]}}],"collection":[{"href":"https:\/\/www.afprofilters.com\/fr\/wp-json\/wp\/v2\/product"}],"about":[{"href":"https:\/\/www.afprofilters.com\/fr\/wp-json\/wp\/v2\/types\/product"}],"wp:featuredmedia":[{"embeddable":true,"href":"https:\/\/www.afprofilters.com\/fr\/wp-json\/wp\/v2\/media\/40817"}],"wp:attachment":[{"href":"https:\/\/www.afprofilters.com\/fr\/wp-json\/wp\/v2\/media?parent=40541"}],"wp:term":[{"taxonomy":"product_category","embeddable":true,"href":"https:\/\/www.afprofilters.com\/fr\/wp-json\/wp\/v2\/product_category?post=40541"}],"curies":[{"name":"wp","href":"https:\/\/api.w.org\/{rel}","templated":true}]}}