{"id":36760,"date":"2024-06-03T12:48:35","date_gmt":"2024-06-03T12:48:35","guid":{"rendered":"https:\/\/www.afprofilters.com\/?post_type=product&#038;p=36760"},"modified":"2026-03-23T09:06:07","modified_gmt":"2026-03-23T09:06:07","slug":"filtres-a-economie-denergie","status":"publish","type":"product","link":"https:\/\/www.afprofilters.com\/fr\/produit\/filtres-a-economie-denergie\/","title":{"rendered":"Filtres \u00e0 \u00e9conomie d&rsquo;\u00e9nergie"},"content":{"rendered":"<div id=\"fg-iframe-block_803423862ead8d785b0b729ac1f435d9\" class=\"fg-iframe\">\n    <iframe loading=\"lazy\" name=\"Produits ES\" src=\"https:\/\/web.afprofilters.com\/afprofilterscom-awvz9\/pages\/b43f37affc0bf1118407000d3adcec34.html?PageId=b43f37affc0bf1118407000d3adcec34\" width=\"140%\" height=\"2600\" scrolling=\"auto\" style=\"border-width: 0px;\"><\/iframe><\/div>","protected":false},"featured_media":0,"parent":0,"template":"","format":"standard","product_category":[],"class_list":["post-36760","product","type-product","status-publish","format-standard","hentry"],"acf":[],"yoast_head":"<!-- This site is optimized with the Yoast SEO plugin v27.3 - https:\/\/yoast.com\/product\/yoast-seo-wordpress\/ -->\n<title>Nos filtres \u00e0 air \u00e0 \u00e9conomies d&#039;\u00e9nergie<\/title>\n<meta name=\"description\" content=\"D\u00e9couvrez nos nouveaux filtres \u00e0 air \u00e0 \u00e9conomies d&#039;\u00e9nergie pour r\u00e9duire vos consommation et votre empreinte carbone\" \/>\n<meta name=\"robots\" content=\"index, follow, max-snippet:-1, max-image-preview:large, max-video-preview:-1\" \/>\n<link rel=\"canonical\" href=\"https:\/\/www.afprofilters.com\/fr\/produit\/filtres-a-economie-denergie\/\" \/>\n<meta property=\"og:locale\" content=\"fr_FR\" \/>\n<meta property=\"og:type\" content=\"article\" \/>\n<meta property=\"og:title\" content=\"Nos filtres \u00e0 air \u00e0 \u00e9conomies d&#039;\u00e9nergie\" \/>\n<meta property=\"og:description\" content=\"D\u00e9couvrez nos nouveaux filtres \u00e0 air \u00e0 \u00e9conomies d&#039;\u00e9nergie pour r\u00e9duire vos consommation et votre empreinte carbone\" \/>\n<meta property=\"og:url\" content=\"https:\/\/www.afprofilters.com\/fr\/produit\/filtres-a-economie-denergie\/\" \/>\n<meta property=\"og:site_name\" content=\"AFPRO\" \/>\n<meta property=\"article:modified_time\" content=\"2026-03-23T09:06:07+00:00\" \/>\n<meta name=\"twitter:card\" content=\"summary_large_image\" \/>\n<script type=\"application\/ld+json\" class=\"yoast-schema-graph\">{\"@context\":\"https:\\\/\\\/schema.org\",\"@graph\":[{\"@type\":\"WebPage\",\"@id\":\"https:\\\/\\\/www.afprofilters.com\\\/fr\\\/produit\\\/filtres-a-economie-denergie\\\/\",\"url\":\"https:\\\/\\\/www.afprofilters.com\\\/fr\\\/produit\\\/filtres-a-economie-denergie\\\/\",\"name\":\"Nos filtres \u00e0 air \u00e0 \u00e9conomies d'\u00e9nergie\",\"isPartOf\":{\"@id\":\"https:\\\/\\\/www.afprofilters.com\\\/fr\\\/#website\"},\"datePublished\":\"2024-06-03T12:48:35+00:00\",\"dateModified\":\"2026-03-23T09:06:07+00:00\",\"description\":\"D\u00e9couvrez nos nouveaux filtres \u00e0 air \u00e0 \u00e9conomies d'\u00e9nergie pour r\u00e9duire vos consommation et votre empreinte carbone\",\"breadcrumb\":{\"@id\":\"https:\\\/\\\/www.afprofilters.com\\\/fr\\\/produit\\\/filtres-a-economie-denergie\\\/#breadcrumb\"},\"inLanguage\":\"fr-FR\",\"potentialAction\":[{\"@type\":\"ReadAction\",\"target\":[\"https:\\\/\\\/www.afprofilters.com\\\/fr\\\/produit\\\/filtres-a-economie-denergie\\\/\"]}]},{\"@type\":\"BreadcrumbList\",\"@id\":\"https:\\\/\\\/www.afprofilters.com\\\/fr\\\/produit\\\/filtres-a-economie-denergie\\\/#breadcrumb\",\"itemListElement\":[{\"@type\":\"ListItem\",\"position\":1,\"name\":\"\",\"item\":\"https:\\\/\\\/www.afprofilters.com\\\/fr\\\/\"},{\"@type\":\"ListItem\",\"position\":2,\"name\":\"Products\",\"item\":\"https:\\\/\\\/www.afprofilters.com\\\/fr\\\/produit\\\/\"},{\"@type\":\"ListItem\",\"position\":3,\"name\":\"Filtres \u00e0 \u00e9conomie d&#8217;\u00e9nergie\"}]},{\"@type\":\"WebSite\",\"@id\":\"https:\\\/\\\/www.afprofilters.com\\\/fr\\\/#website\",\"url\":\"https:\\\/\\\/www.afprofilters.com\\\/fr\\\/\",\"name\":\"AFPRO\",\"description\":\"AFPRO Filters\",\"publisher\":{\"@id\":\"https:\\\/\\\/www.afprofilters.com\\\/fr\\\/#organization\"},\"potentialAction\":[{\"@type\":\"SearchAction\",\"target\":{\"@type\":\"EntryPoint\",\"urlTemplate\":\"https:\\\/\\\/www.afprofilters.com\\\/fr\\\/?s={search_term_string}\"},\"query-input\":{\"@type\":\"PropertyValueSpecification\",\"valueRequired\":true,\"valueName\":\"search_term_string\"}}],\"inLanguage\":\"fr-FR\"},{\"@type\":\"Organization\",\"@id\":\"https:\\\/\\\/www.afprofilters.com\\\/fr\\\/#organization\",\"name\":\"AFPRO\",\"url\":\"https:\\\/\\\/www.afprofilters.com\\\/fr\\\/\",\"logo\":{\"@type\":\"ImageObject\",\"inLanguage\":\"fr-FR\",\"@id\":\"https:\\\/\\\/www.afprofilters.com\\\/fr\\\/#\\\/schema\\\/logo\\\/image\\\/\",\"url\":\"https:\\\/\\\/www.afprofilters.com\\\/wp-content\\\/uploads\\\/2021\\\/05\\\/AFPRO-logo.png\",\"contentUrl\":\"https:\\\/\\\/www.afprofilters.com\\\/wp-content\\\/uploads\\\/2021\\\/05\\\/AFPRO-logo.png\",\"width\":640,\"height\":177,\"caption\":\"AFPRO\"},\"image\":{\"@id\":\"https:\\\/\\\/www.afprofilters.com\\\/fr\\\/#\\\/schema\\\/logo\\\/image\\\/\"}}]}<\/script>\n<!-- \/ Yoast SEO plugin. -->","yoast_head_json":{"title":"Nos filtres \u00e0 air \u00e0 \u00e9conomies d'\u00e9nergie","description":"D\u00e9couvrez nos nouveaux filtres \u00e0 air \u00e0 \u00e9conomies d'\u00e9nergie pour r\u00e9duire vos consommation et votre empreinte carbone","robots":{"index":"index","follow":"follow","max-snippet":"max-snippet:-1","max-image-preview":"max-image-preview:large","max-video-preview":"max-video-preview:-1"},"canonical":"https:\/\/www.afprofilters.com\/fr\/produit\/filtres-a-economie-denergie\/","og_locale":"fr_FR","og_type":"article","og_title":"Nos filtres \u00e0 air \u00e0 \u00e9conomies d'\u00e9nergie","og_description":"D\u00e9couvrez nos nouveaux filtres \u00e0 air \u00e0 \u00e9conomies d'\u00e9nergie pour r\u00e9duire vos consommation et votre empreinte carbone","og_url":"https:\/\/www.afprofilters.com\/fr\/produit\/filtres-a-economie-denergie\/","og_site_name":"AFPRO","article_modified_time":"2026-03-23T09:06:07+00:00","twitter_card":"summary_large_image","schema":{"@context":"https:\/\/schema.org","@graph":[{"@type":"WebPage","@id":"https:\/\/www.afprofilters.com\/fr\/produit\/filtres-a-economie-denergie\/","url":"https:\/\/www.afprofilters.com\/fr\/produit\/filtres-a-economie-denergie\/","name":"Nos filtres \u00e0 air \u00e0 \u00e9conomies d'\u00e9nergie","isPartOf":{"@id":"https:\/\/www.afprofilters.com\/fr\/#website"},"datePublished":"2024-06-03T12:48:35+00:00","dateModified":"2026-03-23T09:06:07+00:00","description":"D\u00e9couvrez nos nouveaux filtres \u00e0 air \u00e0 \u00e9conomies d'\u00e9nergie pour r\u00e9duire vos consommation et votre empreinte carbone","breadcrumb":{"@id":"https:\/\/www.afprofilters.com\/fr\/produit\/filtres-a-economie-denergie\/#breadcrumb"},"inLanguage":"fr-FR","potentialAction":[{"@type":"ReadAction","target":["https:\/\/www.afprofilters.com\/fr\/produit\/filtres-a-economie-denergie\/"]}]},{"@type":"BreadcrumbList","@id":"https:\/\/www.afprofilters.com\/fr\/produit\/filtres-a-economie-denergie\/#breadcrumb","itemListElement":[{"@type":"ListItem","position":1,"name":"","item":"https:\/\/www.afprofilters.com\/fr\/"},{"@type":"ListItem","position":2,"name":"Products","item":"https:\/\/www.afprofilters.com\/fr\/produit\/"},{"@type":"ListItem","position":3,"name":"Filtres \u00e0 \u00e9conomie d&#8217;\u00e9nergie"}]},{"@type":"WebSite","@id":"https:\/\/www.afprofilters.com\/fr\/#website","url":"https:\/\/www.afprofilters.com\/fr\/","name":"AFPRO","description":"AFPRO Filters","publisher":{"@id":"https:\/\/www.afprofilters.com\/fr\/#organization"},"potentialAction":[{"@type":"SearchAction","target":{"@type":"EntryPoint","urlTemplate":"https:\/\/www.afprofilters.com\/fr\/?s={search_term_string}"},"query-input":{"@type":"PropertyValueSpecification","valueRequired":true,"valueName":"search_term_string"}}],"inLanguage":"fr-FR"},{"@type":"Organization","@id":"https:\/\/www.afprofilters.com\/fr\/#organization","name":"AFPRO","url":"https:\/\/www.afprofilters.com\/fr\/","logo":{"@type":"ImageObject","inLanguage":"fr-FR","@id":"https:\/\/www.afprofilters.com\/fr\/#\/schema\/logo\/image\/","url":"https:\/\/www.afprofilters.com\/wp-content\/uploads\/2021\/05\/AFPRO-logo.png","contentUrl":"https:\/\/www.afprofilters.com\/wp-content\/uploads\/2021\/05\/AFPRO-logo.png","width":640,"height":177,"caption":"AFPRO"},"image":{"@id":"https:\/\/www.afprofilters.com\/fr\/#\/schema\/logo\/image\/"}}]}},"_links":{"self":[{"href":"https:\/\/www.afprofilters.com\/fr\/wp-json\/wp\/v2\/product\/36760","targetHints":{"allow":["GET"]}}],"collection":[{"href":"https:\/\/www.afprofilters.com\/fr\/wp-json\/wp\/v2\/product"}],"about":[{"href":"https:\/\/www.afprofilters.com\/fr\/wp-json\/wp\/v2\/types\/product"}],"wp:attachment":[{"href":"https:\/\/www.afprofilters.com\/fr\/wp-json\/wp\/v2\/media?parent=36760"}],"wp:term":[{"taxonomy":"product_category","embeddable":true,"href":"https:\/\/www.afprofilters.com\/fr\/wp-json\/wp\/v2\/product_category?post=36760"}],"curies":[{"name":"wp","href":"https:\/\/api.w.org\/{rel}","templated":true}]}}