{"id":35672,"date":"2024-01-15T13:53:40","date_gmt":"2024-01-15T13:53:40","guid":{"rendered":"https:\/\/www.afprofilters.com\/?post_type=product&#038;p=35672"},"modified":"2024-12-09T14:04:20","modified_gmt":"2024-12-09T14:04:20","slug":"filtre-a-poches-hq85es-a","status":"publish","type":"product","link":"https:\/\/www.afprofilters.com\/fr\/produit\/filtre-a-poches-hq85es-a\/","title":{"rendered":"Filtre \u00e0 poches HQ85ES A+"},"content":{"rendered":"\n<p>Le filtre \u00e0 poches HQ85ES ePM1 A+ est utilis\u00e9 comme filtre fin dans les centrales de traitement de l&rsquo;air, les syst\u00e8mes de climatisation et comme pr\u00e9filtre dans les salles blanches et l&rsquo;industrie pharmaceutique. Ce filtre \u00e0 poches est le plus \u00e9conome en \u00e9nergie \u00e0 ce jour, ce qui permet de r\u00e9duire consid\u00e9rablement la consommation d&rsquo;\u00e9nergie tout en am\u00e9liorant l&#8217;empreinte carbone.<\/p>\n\n\n\n<p>Le filtre \u00e0 poches innovant labellis\u00e9 A+ am\u00e9liore la qualit\u00e9 de l&rsquo;air int\u00e9rieur en \u00e9liminant les particules les plus fines (ePM1) de l&rsquo;air. Cette efficacit\u00e9 de filtration \u00e9lev\u00e9e \u00e9tant associ\u00e9e \u00e0 une consommation d&rsquo;\u00e9nergie et \u00e0 des \u00e9missions de CO\u2082 r\u00e9duites, il s&rsquo;agit \u00e9galement de notre filtre le plus durable \u00e0 ce jour.<\/p>\n\n\n\n<h3 class=\"wp-block-heading\">Pourquoi choisir le filtre HQ85ES A+ ?<\/h3>\n\n\n\n<ul class=\"wp-block-list\">\n<li>Qualit\u00e9: Efficacit\u00e9 de filtration \u00e9lev\u00e9e contre les particules ePM1. Pas de perte de fibres (certification VDI)<\/li>\n\n\n\n<li>Performance: Faible r\u00e9sistance \u00e0 l&rsquo;air, label \u00e9nerg\u00e9tique A+. R\u00e9duction des \u00e9missions de CO\u2082.<\/li>\n\n\n\n<li>Certifi\u00e9: ISO 16890.<\/li>\n<\/ul>\n\n\n\n<figure class=\"wp-block-image is-resized\"><img loading=\"lazy\" decoding=\"async\" width=\"1614\" height=\"555\" src=\"http:\/\/www.afprofilters.com\/wp-content\/uploads\/2023\/03\/label-ECC-air-filters.png\" alt=\"eurovent\" class=\"wp-image-32718\" style=\"width:281px;height:auto\" srcset=\"https:\/\/www.afprofilters.com\/wp-content\/uploads\/2023\/03\/label-ECC-air-filters.png 1614w, https:\/\/www.afprofilters.com\/wp-content\/uploads\/2023\/03\/label-ECC-air-filters-300x103.png 300w, https:\/\/www.afprofilters.com\/wp-content\/uploads\/2023\/03\/label-ECC-air-filters-1024x352.png 1024w, https:\/\/www.afprofilters.com\/wp-content\/uploads\/2023\/03\/label-ECC-air-filters-768x264.png 768w, https:\/\/www.afprofilters.com\/wp-content\/uploads\/2023\/03\/label-ECC-air-filters-1536x528.png 1536w\" sizes=\"auto, (max-width: 1614px) 100vw, 1614px\" \/><\/figure>\n\n\n\n<p class=\"has-small-font-size\"><em>AFPRO Filters BV participates in the ECP programme for Air filters (FIL). Check ongoing validity of certificate:\u00a0<a href=\"https:\/\/www.eurovent-certification.com\/\" target=\"_blank\" rel=\"noreferrer noopener\">WWW.EUROVENT-CERTIFICATION.COM<\/a><\/em><\/p>\n","protected":false},"featured_media":35822,"parent":0,"template":"","format":"standard","product_category":[56],"class_list":["post-35672","product","type-product","status-publish","format-standard","has-post-thumbnail","hentry","product_category-filtre-a-poches"],"acf":[],"yoast_head":"<!-- This site is optimized with the Yoast SEO plugin v27.3 - https:\/\/yoast.com\/product\/yoast-seo-wordpress\/ -->\n<title>\u25b6 Filtre \u00e0 poches HQ85ES ePM1 A+ - AFPRO Filters<\/title>\n<meta name=\"description\" content=\"Faites des \u00e9conomies d&#039;\u00e9nergie et am\u00e9liorez votre qualit\u00e9 d&#039;air int\u00e9rieur gr\u00e2ce au filtre a poches HQ85ES ePM1 A+.\" \/>\n<meta name=\"robots\" content=\"index, follow, max-snippet:-1, max-image-preview:large, max-video-preview:-1\" \/>\n<link rel=\"canonical\" href=\"https:\/\/www.afprofilters.com\/fr\/produit\/filtre-a-poches-hq85es-a\/\" \/>\n<meta property=\"og:locale\" content=\"fr_FR\" \/>\n<meta property=\"og:type\" content=\"article\" \/>\n<meta property=\"og:title\" content=\"\u25b6 Filtre \u00e0 poches HQ85ES ePM1 A+ - AFPRO Filters\" \/>\n<meta property=\"og:description\" content=\"Faites des \u00e9conomies d&#039;\u00e9nergie et am\u00e9liorez votre qualit\u00e9 d&#039;air int\u00e9rieur gr\u00e2ce au filtre a poches HQ85ES ePM1 A+.\" \/>\n<meta property=\"og:url\" content=\"https:\/\/www.afprofilters.com\/fr\/produit\/filtre-a-poches-hq85es-a\/\" \/>\n<meta property=\"og:site_name\" content=\"AFPRO\" \/>\n<meta property=\"article:modified_time\" content=\"2024-12-09T14:04:20+00:00\" \/>\n<meta property=\"og:image\" content=\"http:\/\/www.afprofilters.com\/wp-content\/uploads\/2024\/02\/HQ85ESA.png\" \/>\n\t<meta property=\"og:image:width\" content=\"305\" \/>\n\t<meta property=\"og:image:height\" content=\"323\" \/>\n\t<meta property=\"og:image:type\" content=\"image\/png\" \/>\n<meta name=\"twitter:card\" content=\"summary_large_image\" \/>\n<meta name=\"twitter:label1\" content=\"Dur\u00e9e de lecture estim\u00e9e\" \/>\n\t<meta name=\"twitter:data1\" content=\"2 minutes\" \/>\n<script type=\"application\/ld+json\" class=\"yoast-schema-graph\">{\"@context\":\"https:\\\/\\\/schema.org\",\"@graph\":[{\"@type\":\"WebPage\",\"@id\":\"https:\\\/\\\/www.afprofilters.com\\\/fr\\\/produit\\\/filtre-a-poches-hq85es-a\\\/\",\"url\":\"https:\\\/\\\/www.afprofilters.com\\\/fr\\\/produit\\\/filtre-a-poches-hq85es-a\\\/\",\"name\":\"\u25b6 Filtre \u00e0 poches HQ85ES ePM1 A+ - AFPRO Filters\",\"isPartOf\":{\"@id\":\"https:\\\/\\\/www.afprofilters.com\\\/fr\\\/#website\"},\"primaryImageOfPage\":{\"@id\":\"https:\\\/\\\/www.afprofilters.com\\\/fr\\\/produit\\\/filtre-a-poches-hq85es-a\\\/#primaryimage\"},\"image\":{\"@id\":\"https:\\\/\\\/www.afprofilters.com\\\/fr\\\/produit\\\/filtre-a-poches-hq85es-a\\\/#primaryimage\"},\"thumbnailUrl\":\"https:\\\/\\\/www.afprofilters.com\\\/wp-content\\\/uploads\\\/2024\\\/02\\\/HQ85ESA.png\",\"datePublished\":\"2024-01-15T13:53:40+00:00\",\"dateModified\":\"2024-12-09T14:04:20+00:00\",\"description\":\"Faites des \u00e9conomies d'\u00e9nergie et am\u00e9liorez votre qualit\u00e9 d'air int\u00e9rieur gr\u00e2ce au filtre a poches HQ85ES ePM1 A+.\",\"breadcrumb\":{\"@id\":\"https:\\\/\\\/www.afprofilters.com\\\/fr\\\/produit\\\/filtre-a-poches-hq85es-a\\\/#breadcrumb\"},\"inLanguage\":\"fr-FR\",\"potentialAction\":[{\"@type\":\"ReadAction\",\"target\":[\"https:\\\/\\\/www.afprofilters.com\\\/fr\\\/produit\\\/filtre-a-poches-hq85es-a\\\/\"]}]},{\"@type\":\"ImageObject\",\"inLanguage\":\"fr-FR\",\"@id\":\"https:\\\/\\\/www.afprofilters.com\\\/fr\\\/produit\\\/filtre-a-poches-hq85es-a\\\/#primaryimage\",\"url\":\"https:\\\/\\\/www.afprofilters.com\\\/wp-content\\\/uploads\\\/2024\\\/02\\\/HQ85ESA.png\",\"contentUrl\":\"https:\\\/\\\/www.afprofilters.com\\\/wp-content\\\/uploads\\\/2024\\\/02\\\/HQ85ESA.png\",\"width\":305,\"height\":323},{\"@type\":\"BreadcrumbList\",\"@id\":\"https:\\\/\\\/www.afprofilters.com\\\/fr\\\/produit\\\/filtre-a-poches-hq85es-a\\\/#breadcrumb\",\"itemListElement\":[{\"@type\":\"ListItem\",\"position\":1,\"name\":\"\",\"item\":\"https:\\\/\\\/www.afprofilters.com\\\/fr\\\/\"},{\"@type\":\"ListItem\",\"position\":2,\"name\":\"Products\",\"item\":\"https:\\\/\\\/www.afprofilters.com\\\/fr\\\/produit\\\/\"},{\"@type\":\"ListItem\",\"position\":3,\"name\":\"Filtre a poches\",\"item\":\"https:\\\/\\\/www.afprofilters.com\\\/fr\\\/type-produit\\\/filtre-a-poches\\\/\"},{\"@type\":\"ListItem\",\"position\":4,\"name\":\"Filtre \u00e0 poches HQ85ES A+\"}]},{\"@type\":\"WebSite\",\"@id\":\"https:\\\/\\\/www.afprofilters.com\\\/fr\\\/#website\",\"url\":\"https:\\\/\\\/www.afprofilters.com\\\/fr\\\/\",\"name\":\"AFPRO\",\"description\":\"AFPRO Filters\",\"publisher\":{\"@id\":\"https:\\\/\\\/www.afprofilters.com\\\/fr\\\/#organization\"},\"potentialAction\":[{\"@type\":\"SearchAction\",\"target\":{\"@type\":\"EntryPoint\",\"urlTemplate\":\"https:\\\/\\\/www.afprofilters.com\\\/fr\\\/?s={search_term_string}\"},\"query-input\":{\"@type\":\"PropertyValueSpecification\",\"valueRequired\":true,\"valueName\":\"search_term_string\"}}],\"inLanguage\":\"fr-FR\"},{\"@type\":\"Organization\",\"@id\":\"https:\\\/\\\/www.afprofilters.com\\\/fr\\\/#organization\",\"name\":\"AFPRO\",\"url\":\"https:\\\/\\\/www.afprofilters.com\\\/fr\\\/\",\"logo\":{\"@type\":\"ImageObject\",\"inLanguage\":\"fr-FR\",\"@id\":\"https:\\\/\\\/www.afprofilters.com\\\/fr\\\/#\\\/schema\\\/logo\\\/image\\\/\",\"url\":\"https:\\\/\\\/www.afprofilters.com\\\/wp-content\\\/uploads\\\/2021\\\/05\\\/AFPRO-logo.png\",\"contentUrl\":\"https:\\\/\\\/www.afprofilters.com\\\/wp-content\\\/uploads\\\/2021\\\/05\\\/AFPRO-logo.png\",\"width\":640,\"height\":177,\"caption\":\"AFPRO\"},\"image\":{\"@id\":\"https:\\\/\\\/www.afprofilters.com\\\/fr\\\/#\\\/schema\\\/logo\\\/image\\\/\"}}]}<\/script>\n<!-- \/ Yoast SEO plugin. -->","yoast_head_json":{"title":"\u25b6 Filtre \u00e0 poches HQ85ES ePM1 A+ - AFPRO Filters","description":"Faites des \u00e9conomies d'\u00e9nergie et am\u00e9liorez votre qualit\u00e9 d'air int\u00e9rieur gr\u00e2ce au filtre a poches HQ85ES ePM1 A+.","robots":{"index":"index","follow":"follow","max-snippet":"max-snippet:-1","max-image-preview":"max-image-preview:large","max-video-preview":"max-video-preview:-1"},"canonical":"https:\/\/www.afprofilters.com\/fr\/produit\/filtre-a-poches-hq85es-a\/","og_locale":"fr_FR","og_type":"article","og_title":"\u25b6 Filtre \u00e0 poches HQ85ES ePM1 A+ - AFPRO Filters","og_description":"Faites des \u00e9conomies d'\u00e9nergie et am\u00e9liorez votre qualit\u00e9 d'air int\u00e9rieur gr\u00e2ce au filtre a poches HQ85ES ePM1 A+.","og_url":"https:\/\/www.afprofilters.com\/fr\/produit\/filtre-a-poches-hq85es-a\/","og_site_name":"AFPRO","article_modified_time":"2024-12-09T14:04:20+00:00","og_image":[{"width":305,"height":323,"url":"http:\/\/www.afprofilters.com\/wp-content\/uploads\/2024\/02\/HQ85ESA.png","type":"image\/png"}],"twitter_card":"summary_large_image","twitter_misc":{"Dur\u00e9e de lecture estim\u00e9e":"2 minutes"},"schema":{"@context":"https:\/\/schema.org","@graph":[{"@type":"WebPage","@id":"https:\/\/www.afprofilters.com\/fr\/produit\/filtre-a-poches-hq85es-a\/","url":"https:\/\/www.afprofilters.com\/fr\/produit\/filtre-a-poches-hq85es-a\/","name":"\u25b6 Filtre \u00e0 poches HQ85ES ePM1 A+ - AFPRO Filters","isPartOf":{"@id":"https:\/\/www.afprofilters.com\/fr\/#website"},"primaryImageOfPage":{"@id":"https:\/\/www.afprofilters.com\/fr\/produit\/filtre-a-poches-hq85es-a\/#primaryimage"},"image":{"@id":"https:\/\/www.afprofilters.com\/fr\/produit\/filtre-a-poches-hq85es-a\/#primaryimage"},"thumbnailUrl":"https:\/\/www.afprofilters.com\/wp-content\/uploads\/2024\/02\/HQ85ESA.png","datePublished":"2024-01-15T13:53:40+00:00","dateModified":"2024-12-09T14:04:20+00:00","description":"Faites des \u00e9conomies d'\u00e9nergie et am\u00e9liorez votre qualit\u00e9 d'air int\u00e9rieur gr\u00e2ce au filtre a poches HQ85ES ePM1 A+.","breadcrumb":{"@id":"https:\/\/www.afprofilters.com\/fr\/produit\/filtre-a-poches-hq85es-a\/#breadcrumb"},"inLanguage":"fr-FR","potentialAction":[{"@type":"ReadAction","target":["https:\/\/www.afprofilters.com\/fr\/produit\/filtre-a-poches-hq85es-a\/"]}]},{"@type":"ImageObject","inLanguage":"fr-FR","@id":"https:\/\/www.afprofilters.com\/fr\/produit\/filtre-a-poches-hq85es-a\/#primaryimage","url":"https:\/\/www.afprofilters.com\/wp-content\/uploads\/2024\/02\/HQ85ESA.png","contentUrl":"https:\/\/www.afprofilters.com\/wp-content\/uploads\/2024\/02\/HQ85ESA.png","width":305,"height":323},{"@type":"BreadcrumbList","@id":"https:\/\/www.afprofilters.com\/fr\/produit\/filtre-a-poches-hq85es-a\/#breadcrumb","itemListElement":[{"@type":"ListItem","position":1,"name":"","item":"https:\/\/www.afprofilters.com\/fr\/"},{"@type":"ListItem","position":2,"name":"Products","item":"https:\/\/www.afprofilters.com\/fr\/produit\/"},{"@type":"ListItem","position":3,"name":"Filtre a poches","item":"https:\/\/www.afprofilters.com\/fr\/type-produit\/filtre-a-poches\/"},{"@type":"ListItem","position":4,"name":"Filtre \u00e0 poches HQ85ES A+"}]},{"@type":"WebSite","@id":"https:\/\/www.afprofilters.com\/fr\/#website","url":"https:\/\/www.afprofilters.com\/fr\/","name":"AFPRO","description":"AFPRO Filters","publisher":{"@id":"https:\/\/www.afprofilters.com\/fr\/#organization"},"potentialAction":[{"@type":"SearchAction","target":{"@type":"EntryPoint","urlTemplate":"https:\/\/www.afprofilters.com\/fr\/?s={search_term_string}"},"query-input":{"@type":"PropertyValueSpecification","valueRequired":true,"valueName":"search_term_string"}}],"inLanguage":"fr-FR"},{"@type":"Organization","@id":"https:\/\/www.afprofilters.com\/fr\/#organization","name":"AFPRO","url":"https:\/\/www.afprofilters.com\/fr\/","logo":{"@type":"ImageObject","inLanguage":"fr-FR","@id":"https:\/\/www.afprofilters.com\/fr\/#\/schema\/logo\/image\/","url":"https:\/\/www.afprofilters.com\/wp-content\/uploads\/2021\/05\/AFPRO-logo.png","contentUrl":"https:\/\/www.afprofilters.com\/wp-content\/uploads\/2021\/05\/AFPRO-logo.png","width":640,"height":177,"caption":"AFPRO"},"image":{"@id":"https:\/\/www.afprofilters.com\/fr\/#\/schema\/logo\/image\/"}}]}},"_links":{"self":[{"href":"https:\/\/www.afprofilters.com\/fr\/wp-json\/wp\/v2\/product\/35672","targetHints":{"allow":["GET"]}}],"collection":[{"href":"https:\/\/www.afprofilters.com\/fr\/wp-json\/wp\/v2\/product"}],"about":[{"href":"https:\/\/www.afprofilters.com\/fr\/wp-json\/wp\/v2\/types\/product"}],"wp:featuredmedia":[{"embeddable":true,"href":"https:\/\/www.afprofilters.com\/fr\/wp-json\/wp\/v2\/media\/35822"}],"wp:attachment":[{"href":"https:\/\/www.afprofilters.com\/fr\/wp-json\/wp\/v2\/media?parent=35672"}],"wp:term":[{"taxonomy":"product_category","embeddable":true,"href":"https:\/\/www.afprofilters.com\/fr\/wp-json\/wp\/v2\/product_category?post=35672"}],"curies":[{"name":"wp","href":"https:\/\/api.w.org\/{rel}","templated":true}]}}