{"id":32753,"date":"2023-03-08T15:50:27","date_gmt":"2023-03-08T15:50:27","guid":{"rendered":"https:\/\/www.afprofilters.com\/?post_type=product&#038;p=32753"},"modified":"2023-12-04T14:12:11","modified_gmt":"2023-12-04T14:12:11","slug":"caisson-de-filtration-bag-in-bag-out-sf-ch-wall","status":"publish","type":"product","link":"https:\/\/www.afprofilters.com\/fr\/produit\/caisson-de-filtration-bag-in-bag-out-sf-ch-wall\/","title":{"rendered":"Caisson de filtration bag in bag out SF-CH wall"},"content":{"rendered":"\n<p>Le caisson de filtration bag in bag out SF-CH wall est la solution pour une filtration au plus proche de la zone de process et une protection du r\u00e9seau de gaine. <br>Ce caisson SF-CH wall r\u00e9pond aux besoins des r\u00e9seaux d&rsquo;extractions des environnements \u00e0 hauts risques.<\/p>\n","protected":false},"featured_media":32763,"parent":0,"template":"","format":"standard","product_category":[693],"class_list":["post-32753","product","type-product","status-publish","format-standard","has-post-thumbnail","hentry","product_category-caisson-de-filtration"],"acf":[],"yoast_head":"<!-- This site is optimized with the Yoast SEO plugin v27.3 - https:\/\/yoast.com\/product\/yoast-seo-wordpress\/ -->\n<title>Caisson de filtration bag in bag out SF-CH wall<\/title>\n<meta name=\"robots\" content=\"index, follow, max-snippet:-1, max-image-preview:large, max-video-preview:-1\" \/>\n<link rel=\"canonical\" href=\"https:\/\/www.afprofilters.com\/fr\/produit\/caisson-de-filtration-bag-in-bag-out-sf-ch-wall\/\" \/>\n<meta property=\"og:locale\" content=\"fr_FR\" \/>\n<meta property=\"og:type\" content=\"article\" \/>\n<meta property=\"og:title\" content=\"Caisson de filtration bag in bag out SF-CH wall\" \/>\n<meta property=\"og:description\" content=\"Le caisson de filtration bag in bag out SF-CH wall est la solution pour une filtration au plus proche de la zone de process et une protection du r\u00e9seau de gaine. Ce caisson SF-CH wall r\u00e9pond aux besoins des r\u00e9seaux d&rsquo;extractions des environnements \u00e0 hauts risques.\" \/>\n<meta property=\"og:url\" content=\"https:\/\/www.afprofilters.com\/fr\/produit\/caisson-de-filtration-bag-in-bag-out-sf-ch-wall\/\" \/>\n<meta property=\"og:site_name\" content=\"AFPRO\" \/>\n<meta property=\"article:modified_time\" content=\"2023-12-04T14:12:11+00:00\" \/>\n<meta property=\"og:image\" content=\"http:\/\/www.afprofilters.com\/wp-content\/uploads\/2023\/03\/SF-CH-wall.png\" \/>\n\t<meta property=\"og:image:width\" content=\"425\" \/>\n\t<meta property=\"og:image:height\" content=\"912\" \/>\n\t<meta property=\"og:image:type\" content=\"image\/png\" \/>\n<meta name=\"twitter:card\" content=\"summary_large_image\" \/>\n<meta name=\"twitter:label1\" content=\"Dur\u00e9e de lecture estim\u00e9e\" \/>\n\t<meta name=\"twitter:data1\" content=\"1 minute\" \/>\n<script type=\"application\/ld+json\" class=\"yoast-schema-graph\">{\"@context\":\"https:\\\/\\\/schema.org\",\"@graph\":[{\"@type\":\"WebPage\",\"@id\":\"https:\\\/\\\/www.afprofilters.com\\\/fr\\\/produit\\\/caisson-de-filtration-bag-in-bag-out-sf-ch-wall\\\/\",\"url\":\"https:\\\/\\\/www.afprofilters.com\\\/fr\\\/produit\\\/caisson-de-filtration-bag-in-bag-out-sf-ch-wall\\\/\",\"name\":\"Caisson de filtration bag in bag out SF-CH wall\",\"isPartOf\":{\"@id\":\"https:\\\/\\\/www.afprofilters.com\\\/fr\\\/#website\"},\"primaryImageOfPage\":{\"@id\":\"https:\\\/\\\/www.afprofilters.com\\\/fr\\\/produit\\\/caisson-de-filtration-bag-in-bag-out-sf-ch-wall\\\/#primaryimage\"},\"image\":{\"@id\":\"https:\\\/\\\/www.afprofilters.com\\\/fr\\\/produit\\\/caisson-de-filtration-bag-in-bag-out-sf-ch-wall\\\/#primaryimage\"},\"thumbnailUrl\":\"https:\\\/\\\/www.afprofilters.com\\\/wp-content\\\/uploads\\\/2023\\\/03\\\/SF-CH-wall.png\",\"datePublished\":\"2023-03-08T15:50:27+00:00\",\"dateModified\":\"2023-12-04T14:12:11+00:00\",\"breadcrumb\":{\"@id\":\"https:\\\/\\\/www.afprofilters.com\\\/fr\\\/produit\\\/caisson-de-filtration-bag-in-bag-out-sf-ch-wall\\\/#breadcrumb\"},\"inLanguage\":\"fr-FR\",\"potentialAction\":[{\"@type\":\"ReadAction\",\"target\":[\"https:\\\/\\\/www.afprofilters.com\\\/fr\\\/produit\\\/caisson-de-filtration-bag-in-bag-out-sf-ch-wall\\\/\"]}]},{\"@type\":\"ImageObject\",\"inLanguage\":\"fr-FR\",\"@id\":\"https:\\\/\\\/www.afprofilters.com\\\/fr\\\/produit\\\/caisson-de-filtration-bag-in-bag-out-sf-ch-wall\\\/#primaryimage\",\"url\":\"https:\\\/\\\/www.afprofilters.com\\\/wp-content\\\/uploads\\\/2023\\\/03\\\/SF-CH-wall.png\",\"contentUrl\":\"https:\\\/\\\/www.afprofilters.com\\\/wp-content\\\/uploads\\\/2023\\\/03\\\/SF-CH-wall.png\",\"width\":425,\"height\":912,\"caption\":\"SF-CH Wall AFPRO\"},{\"@type\":\"BreadcrumbList\",\"@id\":\"https:\\\/\\\/www.afprofilters.com\\\/fr\\\/produit\\\/caisson-de-filtration-bag-in-bag-out-sf-ch-wall\\\/#breadcrumb\",\"itemListElement\":[{\"@type\":\"ListItem\",\"position\":1,\"name\":\"\",\"item\":\"https:\\\/\\\/www.afprofilters.com\\\/fr\\\/\"},{\"@type\":\"ListItem\",\"position\":2,\"name\":\"Products\",\"item\":\"https:\\\/\\\/www.afprofilters.com\\\/fr\\\/produit\\\/\"},{\"@type\":\"ListItem\",\"position\":3,\"name\":\"Caissons de filtration\",\"item\":\"https:\\\/\\\/www.afprofilters.com\\\/fr\\\/type-produit\\\/caisson-de-filtration\\\/\"},{\"@type\":\"ListItem\",\"position\":4,\"name\":\"Caisson de filtration bag in bag out SF-CH wall\"}]},{\"@type\":\"WebSite\",\"@id\":\"https:\\\/\\\/www.afprofilters.com\\\/fr\\\/#website\",\"url\":\"https:\\\/\\\/www.afprofilters.com\\\/fr\\\/\",\"name\":\"AFPRO\",\"description\":\"AFPRO Filters\",\"publisher\":{\"@id\":\"https:\\\/\\\/www.afprofilters.com\\\/fr\\\/#organization\"},\"potentialAction\":[{\"@type\":\"SearchAction\",\"target\":{\"@type\":\"EntryPoint\",\"urlTemplate\":\"https:\\\/\\\/www.afprofilters.com\\\/fr\\\/?s={search_term_string}\"},\"query-input\":{\"@type\":\"PropertyValueSpecification\",\"valueRequired\":true,\"valueName\":\"search_term_string\"}}],\"inLanguage\":\"fr-FR\"},{\"@type\":\"Organization\",\"@id\":\"https:\\\/\\\/www.afprofilters.com\\\/fr\\\/#organization\",\"name\":\"AFPRO\",\"url\":\"https:\\\/\\\/www.afprofilters.com\\\/fr\\\/\",\"logo\":{\"@type\":\"ImageObject\",\"inLanguage\":\"fr-FR\",\"@id\":\"https:\\\/\\\/www.afprofilters.com\\\/fr\\\/#\\\/schema\\\/logo\\\/image\\\/\",\"url\":\"https:\\\/\\\/www.afprofilters.com\\\/wp-content\\\/uploads\\\/2021\\\/05\\\/AFPRO-logo.png\",\"contentUrl\":\"https:\\\/\\\/www.afprofilters.com\\\/wp-content\\\/uploads\\\/2021\\\/05\\\/AFPRO-logo.png\",\"width\":640,\"height\":177,\"caption\":\"AFPRO\"},\"image\":{\"@id\":\"https:\\\/\\\/www.afprofilters.com\\\/fr\\\/#\\\/schema\\\/logo\\\/image\\\/\"}}]}<\/script>\n<!-- \/ Yoast SEO plugin. -->","yoast_head_json":{"title":"Caisson de filtration bag in bag out SF-CH wall","robots":{"index":"index","follow":"follow","max-snippet":"max-snippet:-1","max-image-preview":"max-image-preview:large","max-video-preview":"max-video-preview:-1"},"canonical":"https:\/\/www.afprofilters.com\/fr\/produit\/caisson-de-filtration-bag-in-bag-out-sf-ch-wall\/","og_locale":"fr_FR","og_type":"article","og_title":"Caisson de filtration bag in bag out SF-CH wall","og_description":"Le caisson de filtration bag in bag out SF-CH wall est la solution pour une filtration au plus proche de la zone de process et une protection du r\u00e9seau de gaine. Ce caisson SF-CH wall r\u00e9pond aux besoins des r\u00e9seaux d&rsquo;extractions des environnements \u00e0 hauts risques.","og_url":"https:\/\/www.afprofilters.com\/fr\/produit\/caisson-de-filtration-bag-in-bag-out-sf-ch-wall\/","og_site_name":"AFPRO","article_modified_time":"2023-12-04T14:12:11+00:00","og_image":[{"width":425,"height":912,"url":"http:\/\/www.afprofilters.com\/wp-content\/uploads\/2023\/03\/SF-CH-wall.png","type":"image\/png"}],"twitter_card":"summary_large_image","twitter_misc":{"Dur\u00e9e de lecture estim\u00e9e":"1 minute"},"schema":{"@context":"https:\/\/schema.org","@graph":[{"@type":"WebPage","@id":"https:\/\/www.afprofilters.com\/fr\/produit\/caisson-de-filtration-bag-in-bag-out-sf-ch-wall\/","url":"https:\/\/www.afprofilters.com\/fr\/produit\/caisson-de-filtration-bag-in-bag-out-sf-ch-wall\/","name":"Caisson de filtration bag in bag out SF-CH wall","isPartOf":{"@id":"https:\/\/www.afprofilters.com\/fr\/#website"},"primaryImageOfPage":{"@id":"https:\/\/www.afprofilters.com\/fr\/produit\/caisson-de-filtration-bag-in-bag-out-sf-ch-wall\/#primaryimage"},"image":{"@id":"https:\/\/www.afprofilters.com\/fr\/produit\/caisson-de-filtration-bag-in-bag-out-sf-ch-wall\/#primaryimage"},"thumbnailUrl":"https:\/\/www.afprofilters.com\/wp-content\/uploads\/2023\/03\/SF-CH-wall.png","datePublished":"2023-03-08T15:50:27+00:00","dateModified":"2023-12-04T14:12:11+00:00","breadcrumb":{"@id":"https:\/\/www.afprofilters.com\/fr\/produit\/caisson-de-filtration-bag-in-bag-out-sf-ch-wall\/#breadcrumb"},"inLanguage":"fr-FR","potentialAction":[{"@type":"ReadAction","target":["https:\/\/www.afprofilters.com\/fr\/produit\/caisson-de-filtration-bag-in-bag-out-sf-ch-wall\/"]}]},{"@type":"ImageObject","inLanguage":"fr-FR","@id":"https:\/\/www.afprofilters.com\/fr\/produit\/caisson-de-filtration-bag-in-bag-out-sf-ch-wall\/#primaryimage","url":"https:\/\/www.afprofilters.com\/wp-content\/uploads\/2023\/03\/SF-CH-wall.png","contentUrl":"https:\/\/www.afprofilters.com\/wp-content\/uploads\/2023\/03\/SF-CH-wall.png","width":425,"height":912,"caption":"SF-CH Wall AFPRO"},{"@type":"BreadcrumbList","@id":"https:\/\/www.afprofilters.com\/fr\/produit\/caisson-de-filtration-bag-in-bag-out-sf-ch-wall\/#breadcrumb","itemListElement":[{"@type":"ListItem","position":1,"name":"","item":"https:\/\/www.afprofilters.com\/fr\/"},{"@type":"ListItem","position":2,"name":"Products","item":"https:\/\/www.afprofilters.com\/fr\/produit\/"},{"@type":"ListItem","position":3,"name":"Caissons de filtration","item":"https:\/\/www.afprofilters.com\/fr\/type-produit\/caisson-de-filtration\/"},{"@type":"ListItem","position":4,"name":"Caisson de filtration bag in bag out SF-CH wall"}]},{"@type":"WebSite","@id":"https:\/\/www.afprofilters.com\/fr\/#website","url":"https:\/\/www.afprofilters.com\/fr\/","name":"AFPRO","description":"AFPRO Filters","publisher":{"@id":"https:\/\/www.afprofilters.com\/fr\/#organization"},"potentialAction":[{"@type":"SearchAction","target":{"@type":"EntryPoint","urlTemplate":"https:\/\/www.afprofilters.com\/fr\/?s={search_term_string}"},"query-input":{"@type":"PropertyValueSpecification","valueRequired":true,"valueName":"search_term_string"}}],"inLanguage":"fr-FR"},{"@type":"Organization","@id":"https:\/\/www.afprofilters.com\/fr\/#organization","name":"AFPRO","url":"https:\/\/www.afprofilters.com\/fr\/","logo":{"@type":"ImageObject","inLanguage":"fr-FR","@id":"https:\/\/www.afprofilters.com\/fr\/#\/schema\/logo\/image\/","url":"https:\/\/www.afprofilters.com\/wp-content\/uploads\/2021\/05\/AFPRO-logo.png","contentUrl":"https:\/\/www.afprofilters.com\/wp-content\/uploads\/2021\/05\/AFPRO-logo.png","width":640,"height":177,"caption":"AFPRO"},"image":{"@id":"https:\/\/www.afprofilters.com\/fr\/#\/schema\/logo\/image\/"}}]}},"_links":{"self":[{"href":"https:\/\/www.afprofilters.com\/fr\/wp-json\/wp\/v2\/product\/32753","targetHints":{"allow":["GET"]}}],"collection":[{"href":"https:\/\/www.afprofilters.com\/fr\/wp-json\/wp\/v2\/product"}],"about":[{"href":"https:\/\/www.afprofilters.com\/fr\/wp-json\/wp\/v2\/types\/product"}],"wp:featuredmedia":[{"embeddable":true,"href":"https:\/\/www.afprofilters.com\/fr\/wp-json\/wp\/v2\/media\/32763"}],"wp:attachment":[{"href":"https:\/\/www.afprofilters.com\/fr\/wp-json\/wp\/v2\/media?parent=32753"}],"wp:term":[{"taxonomy":"product_category","embeddable":true,"href":"https:\/\/www.afprofilters.com\/fr\/wp-json\/wp\/v2\/product_category?post=32753"}],"curies":[{"name":"wp","href":"https:\/\/api.w.org\/{rel}","templated":true}]}}