{"id":32212,"date":"2022-08-23T08:02:10","date_gmt":"2022-08-23T08:02:10","guid":{"rendered":"https:\/\/www.afprofilters.com\/?post_type=product&#038;p=32212"},"modified":"2023-09-29T12:42:40","modified_gmt":"2023-09-29T12:42:40","slug":"poutre-filtrante-pf","status":"publish","type":"product","link":"https:\/\/www.afprofilters.com\/fr\/produit\/poutre-filtrante-pf\/","title":{"rendered":"Poutre filtrante PF"},"content":{"rendered":"\n<p>La poutre filtrante est un terminal diffusant modulaire \u00e9quip\u00e9 de filtres tr\u00e8s haute efficacit\u00e9 permettant la r\u00e9alisation de salles d\u2019op\u00e9rations risque 3 suivant la norme NFS. C&rsquo;est le produit id\u00e9al pour les salles d&rsquo;op\u00e9ration en r\u00e9novation.<\/p>\n","protected":false},"featured_media":31405,"parent":0,"template":"","format":"standard","product_category":[693],"class_list":["post-32212","product","type-product","status-publish","format-standard","has-post-thumbnail","hentry","product_category-caisson-de-filtration"],"acf":[],"yoast_head":"<!-- This site is optimized with the Yoast SEO plugin v27.3 - https:\/\/yoast.com\/product\/yoast-seo-wordpress\/ -->\n<title>Poutre filtrante PF<\/title>\n<meta name=\"description\" content=\"\u2705 Poutre filtrante - AFPRO Filters \u2705 | \u27a8 Terminal diffusant modulaire \u00e9quip\u00e9 de filtres tr\u00e8s haute efficacit\u00e9\" \/>\n<meta name=\"robots\" content=\"index, follow, max-snippet:-1, max-image-preview:large, max-video-preview:-1\" \/>\n<link rel=\"canonical\" href=\"https:\/\/www.afprofilters.com\/fr\/produit\/poutre-filtrante-pf\/\" \/>\n<meta property=\"og:locale\" content=\"fr_FR\" \/>\n<meta property=\"og:type\" content=\"article\" \/>\n<meta property=\"og:title\" content=\"Poutre filtrante PF\" \/>\n<meta property=\"og:description\" content=\"\u2705 Poutre filtrante - AFPRO Filters \u2705 | \u27a8 Terminal diffusant modulaire \u00e9quip\u00e9 de filtres tr\u00e8s haute efficacit\u00e9\" \/>\n<meta property=\"og:url\" content=\"https:\/\/www.afprofilters.com\/fr\/produit\/poutre-filtrante-pf\/\" \/>\n<meta property=\"og:site_name\" content=\"AFPRO\" \/>\n<meta property=\"article:modified_time\" content=\"2023-09-29T12:42:40+00:00\" \/>\n<meta property=\"og:image\" content=\"http:\/\/www.afprofilters.com\/wp-content\/uploads\/2022\/06\/poutre-filtrante-3.jpg-e1695991342444.png\" \/>\n\t<meta property=\"og:image:width\" content=\"416\" \/>\n\t<meta property=\"og:image:height\" content=\"256\" \/>\n\t<meta property=\"og:image:type\" content=\"image\/png\" \/>\n<meta name=\"twitter:card\" content=\"summary_large_image\" \/>\n<meta name=\"twitter:label1\" content=\"Dur\u00e9e de lecture estim\u00e9e\" \/>\n\t<meta name=\"twitter:data1\" content=\"1 minute\" \/>\n<script type=\"application\/ld+json\" class=\"yoast-schema-graph\">{\"@context\":\"https:\\\/\\\/schema.org\",\"@graph\":[{\"@type\":\"WebPage\",\"@id\":\"https:\\\/\\\/www.afprofilters.com\\\/fr\\\/produit\\\/poutre-filtrante-pf\\\/\",\"url\":\"https:\\\/\\\/www.afprofilters.com\\\/fr\\\/produit\\\/poutre-filtrante-pf\\\/\",\"name\":\"Poutre filtrante PF\",\"isPartOf\":{\"@id\":\"https:\\\/\\\/www.afprofilters.com\\\/fr\\\/#website\"},\"primaryImageOfPage\":{\"@id\":\"https:\\\/\\\/www.afprofilters.com\\\/fr\\\/produit\\\/poutre-filtrante-pf\\\/#primaryimage\"},\"image\":{\"@id\":\"https:\\\/\\\/www.afprofilters.com\\\/fr\\\/produit\\\/poutre-filtrante-pf\\\/#primaryimage\"},\"thumbnailUrl\":\"https:\\\/\\\/www.afprofilters.com\\\/wp-content\\\/uploads\\\/2022\\\/06\\\/poutre-filtrante-3.jpg-e1695991342444.png\",\"datePublished\":\"2022-08-23T08:02:10+00:00\",\"dateModified\":\"2023-09-29T12:42:40+00:00\",\"description\":\"\u2705 Poutre filtrante - AFPRO Filters \u2705 | \u27a8 Terminal diffusant modulaire \u00e9quip\u00e9 de filtres tr\u00e8s haute efficacit\u00e9\",\"breadcrumb\":{\"@id\":\"https:\\\/\\\/www.afprofilters.com\\\/fr\\\/produit\\\/poutre-filtrante-pf\\\/#breadcrumb\"},\"inLanguage\":\"fr-FR\",\"potentialAction\":[{\"@type\":\"ReadAction\",\"target\":[\"https:\\\/\\\/www.afprofilters.com\\\/fr\\\/produit\\\/poutre-filtrante-pf\\\/\"]}]},{\"@type\":\"ImageObject\",\"inLanguage\":\"fr-FR\",\"@id\":\"https:\\\/\\\/www.afprofilters.com\\\/fr\\\/produit\\\/poutre-filtrante-pf\\\/#primaryimage\",\"url\":\"https:\\\/\\\/www.afprofilters.com\\\/wp-content\\\/uploads\\\/2022\\\/06\\\/poutre-filtrante-3.jpg-e1695991342444.png\",\"contentUrl\":\"https:\\\/\\\/www.afprofilters.com\\\/wp-content\\\/uploads\\\/2022\\\/06\\\/poutre-filtrante-3.jpg-e1695991342444.png\",\"width\":416,\"height\":256,\"caption\":\"filtration terminale\"},{\"@type\":\"BreadcrumbList\",\"@id\":\"https:\\\/\\\/www.afprofilters.com\\\/fr\\\/produit\\\/poutre-filtrante-pf\\\/#breadcrumb\",\"itemListElement\":[{\"@type\":\"ListItem\",\"position\":1,\"name\":\"\",\"item\":\"https:\\\/\\\/www.afprofilters.com\\\/fr\\\/\"},{\"@type\":\"ListItem\",\"position\":2,\"name\":\"Products\",\"item\":\"https:\\\/\\\/www.afprofilters.com\\\/fr\\\/produit\\\/\"},{\"@type\":\"ListItem\",\"position\":3,\"name\":\"Caissons de filtration\",\"item\":\"https:\\\/\\\/www.afprofilters.com\\\/fr\\\/type-produit\\\/caisson-de-filtration\\\/\"},{\"@type\":\"ListItem\",\"position\":4,\"name\":\"Poutre filtrante PF\"}]},{\"@type\":\"WebSite\",\"@id\":\"https:\\\/\\\/www.afprofilters.com\\\/fr\\\/#website\",\"url\":\"https:\\\/\\\/www.afprofilters.com\\\/fr\\\/\",\"name\":\"AFPRO\",\"description\":\"AFPRO Filters\",\"publisher\":{\"@id\":\"https:\\\/\\\/www.afprofilters.com\\\/fr\\\/#organization\"},\"potentialAction\":[{\"@type\":\"SearchAction\",\"target\":{\"@type\":\"EntryPoint\",\"urlTemplate\":\"https:\\\/\\\/www.afprofilters.com\\\/fr\\\/?s={search_term_string}\"},\"query-input\":{\"@type\":\"PropertyValueSpecification\",\"valueRequired\":true,\"valueName\":\"search_term_string\"}}],\"inLanguage\":\"fr-FR\"},{\"@type\":\"Organization\",\"@id\":\"https:\\\/\\\/www.afprofilters.com\\\/fr\\\/#organization\",\"name\":\"AFPRO\",\"url\":\"https:\\\/\\\/www.afprofilters.com\\\/fr\\\/\",\"logo\":{\"@type\":\"ImageObject\",\"inLanguage\":\"fr-FR\",\"@id\":\"https:\\\/\\\/www.afprofilters.com\\\/fr\\\/#\\\/schema\\\/logo\\\/image\\\/\",\"url\":\"https:\\\/\\\/www.afprofilters.com\\\/wp-content\\\/uploads\\\/2021\\\/05\\\/AFPRO-logo.png\",\"contentUrl\":\"https:\\\/\\\/www.afprofilters.com\\\/wp-content\\\/uploads\\\/2021\\\/05\\\/AFPRO-logo.png\",\"width\":640,\"height\":177,\"caption\":\"AFPRO\"},\"image\":{\"@id\":\"https:\\\/\\\/www.afprofilters.com\\\/fr\\\/#\\\/schema\\\/logo\\\/image\\\/\"}}]}<\/script>\n<!-- \/ Yoast SEO plugin. -->","yoast_head_json":{"title":"Poutre filtrante PF","description":"\u2705 Poutre filtrante - AFPRO Filters \u2705 | \u27a8 Terminal diffusant modulaire \u00e9quip\u00e9 de filtres tr\u00e8s haute efficacit\u00e9","robots":{"index":"index","follow":"follow","max-snippet":"max-snippet:-1","max-image-preview":"max-image-preview:large","max-video-preview":"max-video-preview:-1"},"canonical":"https:\/\/www.afprofilters.com\/fr\/produit\/poutre-filtrante-pf\/","og_locale":"fr_FR","og_type":"article","og_title":"Poutre filtrante PF","og_description":"\u2705 Poutre filtrante - AFPRO Filters \u2705 | \u27a8 Terminal diffusant modulaire \u00e9quip\u00e9 de filtres tr\u00e8s haute efficacit\u00e9","og_url":"https:\/\/www.afprofilters.com\/fr\/produit\/poutre-filtrante-pf\/","og_site_name":"AFPRO","article_modified_time":"2023-09-29T12:42:40+00:00","og_image":[{"width":416,"height":256,"url":"http:\/\/www.afprofilters.com\/wp-content\/uploads\/2022\/06\/poutre-filtrante-3.jpg-e1695991342444.png","type":"image\/png"}],"twitter_card":"summary_large_image","twitter_misc":{"Dur\u00e9e de lecture estim\u00e9e":"1 minute"},"schema":{"@context":"https:\/\/schema.org","@graph":[{"@type":"WebPage","@id":"https:\/\/www.afprofilters.com\/fr\/produit\/poutre-filtrante-pf\/","url":"https:\/\/www.afprofilters.com\/fr\/produit\/poutre-filtrante-pf\/","name":"Poutre filtrante PF","isPartOf":{"@id":"https:\/\/www.afprofilters.com\/fr\/#website"},"primaryImageOfPage":{"@id":"https:\/\/www.afprofilters.com\/fr\/produit\/poutre-filtrante-pf\/#primaryimage"},"image":{"@id":"https:\/\/www.afprofilters.com\/fr\/produit\/poutre-filtrante-pf\/#primaryimage"},"thumbnailUrl":"https:\/\/www.afprofilters.com\/wp-content\/uploads\/2022\/06\/poutre-filtrante-3.jpg-e1695991342444.png","datePublished":"2022-08-23T08:02:10+00:00","dateModified":"2023-09-29T12:42:40+00:00","description":"\u2705 Poutre filtrante - AFPRO Filters \u2705 | \u27a8 Terminal diffusant modulaire \u00e9quip\u00e9 de filtres tr\u00e8s haute efficacit\u00e9","breadcrumb":{"@id":"https:\/\/www.afprofilters.com\/fr\/produit\/poutre-filtrante-pf\/#breadcrumb"},"inLanguage":"fr-FR","potentialAction":[{"@type":"ReadAction","target":["https:\/\/www.afprofilters.com\/fr\/produit\/poutre-filtrante-pf\/"]}]},{"@type":"ImageObject","inLanguage":"fr-FR","@id":"https:\/\/www.afprofilters.com\/fr\/produit\/poutre-filtrante-pf\/#primaryimage","url":"https:\/\/www.afprofilters.com\/wp-content\/uploads\/2022\/06\/poutre-filtrante-3.jpg-e1695991342444.png","contentUrl":"https:\/\/www.afprofilters.com\/wp-content\/uploads\/2022\/06\/poutre-filtrante-3.jpg-e1695991342444.png","width":416,"height":256,"caption":"filtration terminale"},{"@type":"BreadcrumbList","@id":"https:\/\/www.afprofilters.com\/fr\/produit\/poutre-filtrante-pf\/#breadcrumb","itemListElement":[{"@type":"ListItem","position":1,"name":"","item":"https:\/\/www.afprofilters.com\/fr\/"},{"@type":"ListItem","position":2,"name":"Products","item":"https:\/\/www.afprofilters.com\/fr\/produit\/"},{"@type":"ListItem","position":3,"name":"Caissons de filtration","item":"https:\/\/www.afprofilters.com\/fr\/type-produit\/caisson-de-filtration\/"},{"@type":"ListItem","position":4,"name":"Poutre filtrante PF"}]},{"@type":"WebSite","@id":"https:\/\/www.afprofilters.com\/fr\/#website","url":"https:\/\/www.afprofilters.com\/fr\/","name":"AFPRO","description":"AFPRO Filters","publisher":{"@id":"https:\/\/www.afprofilters.com\/fr\/#organization"},"potentialAction":[{"@type":"SearchAction","target":{"@type":"EntryPoint","urlTemplate":"https:\/\/www.afprofilters.com\/fr\/?s={search_term_string}"},"query-input":{"@type":"PropertyValueSpecification","valueRequired":true,"valueName":"search_term_string"}}],"inLanguage":"fr-FR"},{"@type":"Organization","@id":"https:\/\/www.afprofilters.com\/fr\/#organization","name":"AFPRO","url":"https:\/\/www.afprofilters.com\/fr\/","logo":{"@type":"ImageObject","inLanguage":"fr-FR","@id":"https:\/\/www.afprofilters.com\/fr\/#\/schema\/logo\/image\/","url":"https:\/\/www.afprofilters.com\/wp-content\/uploads\/2021\/05\/AFPRO-logo.png","contentUrl":"https:\/\/www.afprofilters.com\/wp-content\/uploads\/2021\/05\/AFPRO-logo.png","width":640,"height":177,"caption":"AFPRO"},"image":{"@id":"https:\/\/www.afprofilters.com\/fr\/#\/schema\/logo\/image\/"}}]}},"_links":{"self":[{"href":"https:\/\/www.afprofilters.com\/fr\/wp-json\/wp\/v2\/product\/32212","targetHints":{"allow":["GET"]}}],"collection":[{"href":"https:\/\/www.afprofilters.com\/fr\/wp-json\/wp\/v2\/product"}],"about":[{"href":"https:\/\/www.afprofilters.com\/fr\/wp-json\/wp\/v2\/types\/product"}],"wp:featuredmedia":[{"embeddable":true,"href":"https:\/\/www.afprofilters.com\/fr\/wp-json\/wp\/v2\/media\/31405"}],"wp:attachment":[{"href":"https:\/\/www.afprofilters.com\/fr\/wp-json\/wp\/v2\/media?parent=32212"}],"wp:term":[{"taxonomy":"product_category","embeddable":true,"href":"https:\/\/www.afprofilters.com\/fr\/wp-json\/wp\/v2\/product_category?post=32212"}],"curies":[{"name":"wp","href":"https:\/\/api.w.org\/{rel}","templated":true}]}}