{"id":21846,"date":"2021-01-08T12:43:49","date_gmt":"2021-01-08T12:43:49","guid":{"rendered":"https:\/\/www.afprofilters.com\/?post_type=product&#038;p=21846"},"modified":"2022-02-24T12:44:46","modified_gmt":"2022-02-24T12:44:46","slug":"filtre-hepa-a-membrane-ptfe","status":"publish","type":"product","link":"https:\/\/www.afprofilters.com\/fr\/produit\/filtre-hepa-a-membrane-ptfe\/","title":{"rendered":"Filtre HEPA \u00e0 membrane PTFE"},"content":{"rendered":"<p><strong>Le filtre HEPA \u00e0 membrane PTFE<\/strong> de classe filtrante H13 est compos\u00e9 de 3 couches dont 2couches ext\u00e9rieures de protection en polyester et 1 couche de membrane PTFE au milieu. Il est particuli\u00e8rement destin\u00e9 au milieu tertiaire, domaine dans lequel les installations ne sont pas con\u00e7ues pour installer des filtres HEPA standards en raison de leur chute de pression \u00e9lev\u00e9e.<\/p>\n<ul>\n<li><strong>Cadre:<\/strong> Plastique<\/li>\n<li><strong>S\u00e9parateurs:<\/strong> Hotmelt<\/li>\n<li><strong>Joint:<\/strong> 2 composants en polyur\u00e9thane<\/li>\n<li><strong>Media:<\/strong> m\u00e9dia en polytetrafluoroethylene 100% haute efficacit\u00e9<\/li>\n<\/ul>\n","protected":false},"featured_media":21861,"parent":0,"template":"","format":"standard","product_category":[60],"class_list":["post-21846","product","type-product","status-publish","format-standard","has-post-thumbnail","hentry","product_category-filtre-hepa"],"acf":[],"yoast_head":"<!-- This site is optimized with the Yoast SEO plugin v27.3 - https:\/\/yoast.com\/product\/yoast-seo-wordpress\/ -->\n<title>Membrane PTFE filtre HEPA - AFPRO Filters<\/title>\n<meta name=\"description\" content=\"e filtre HEPA \u00e0 membrane PTFE de classe filtrante H13 est compos\u00e9 de 3 couches. Pour en savoir plus cliquez sur ce lien.\" \/>\n<meta name=\"robots\" content=\"index, follow, max-snippet:-1, max-image-preview:large, max-video-preview:-1\" \/>\n<link rel=\"canonical\" href=\"https:\/\/www.afprofilters.com\/fr\/produit\/filtre-hepa-a-membrane-ptfe\/\" \/>\n<meta property=\"og:locale\" content=\"fr_FR\" \/>\n<meta property=\"og:type\" content=\"article\" \/>\n<meta property=\"og:title\" content=\"Membrane PTFE filtre HEPA - AFPRO Filters\" \/>\n<meta property=\"og:description\" content=\"e filtre HEPA \u00e0 membrane PTFE de classe filtrante H13 est compos\u00e9 de 3 couches. Pour en savoir plus cliquez sur ce lien.\" \/>\n<meta property=\"og:url\" content=\"https:\/\/www.afprofilters.com\/fr\/produit\/filtre-hepa-a-membrane-ptfe\/\" \/>\n<meta property=\"og:site_name\" content=\"AFPRO\" \/>\n<meta property=\"article:modified_time\" content=\"2022-02-24T12:44:46+00:00\" \/>\n<meta property=\"og:image\" content=\"http:\/\/www.afprofilters.com\/wp-content\/uploads\/2021\/01\/Compact-filter.jpg\" \/>\n\t<meta property=\"og:image:width\" content=\"2000\" \/>\n\t<meta property=\"og:image:height\" content=\"2000\" \/>\n\t<meta property=\"og:image:type\" content=\"image\/jpeg\" \/>\n<meta name=\"twitter:card\" content=\"summary_large_image\" \/>\n<meta name=\"twitter:label1\" content=\"Dur\u00e9e de lecture estim\u00e9e\" \/>\n\t<meta name=\"twitter:data1\" content=\"1 minute\" \/>\n<script type=\"application\/ld+json\" class=\"yoast-schema-graph\">{\"@context\":\"https:\\\/\\\/schema.org\",\"@graph\":[{\"@type\":\"WebPage\",\"@id\":\"https:\\\/\\\/www.afprofilters.com\\\/fr\\\/produit\\\/filtre-hepa-a-membrane-ptfe\\\/\",\"url\":\"https:\\\/\\\/www.afprofilters.com\\\/fr\\\/produit\\\/filtre-hepa-a-membrane-ptfe\\\/\",\"name\":\"Membrane PTFE filtre HEPA - AFPRO Filters\",\"isPartOf\":{\"@id\":\"https:\\\/\\\/www.afprofilters.com\\\/fr\\\/#website\"},\"primaryImageOfPage\":{\"@id\":\"https:\\\/\\\/www.afprofilters.com\\\/fr\\\/produit\\\/filtre-hepa-a-membrane-ptfe\\\/#primaryimage\"},\"image\":{\"@id\":\"https:\\\/\\\/www.afprofilters.com\\\/fr\\\/produit\\\/filtre-hepa-a-membrane-ptfe\\\/#primaryimage\"},\"thumbnailUrl\":\"https:\\\/\\\/www.afprofilters.com\\\/wp-content\\\/uploads\\\/2021\\\/01\\\/Compact-filter.jpg\",\"datePublished\":\"2021-01-08T12:43:49+00:00\",\"dateModified\":\"2022-02-24T12:44:46+00:00\",\"description\":\"e filtre HEPA \u00e0 membrane PTFE de classe filtrante H13 est compos\u00e9 de 3 couches. Pour en savoir plus cliquez sur ce lien.\",\"breadcrumb\":{\"@id\":\"https:\\\/\\\/www.afprofilters.com\\\/fr\\\/produit\\\/filtre-hepa-a-membrane-ptfe\\\/#breadcrumb\"},\"inLanguage\":\"fr-FR\",\"potentialAction\":[{\"@type\":\"ReadAction\",\"target\":[\"https:\\\/\\\/www.afprofilters.com\\\/fr\\\/produit\\\/filtre-hepa-a-membrane-ptfe\\\/\"]}]},{\"@type\":\"ImageObject\",\"inLanguage\":\"fr-FR\",\"@id\":\"https:\\\/\\\/www.afprofilters.com\\\/fr\\\/produit\\\/filtre-hepa-a-membrane-ptfe\\\/#primaryimage\",\"url\":\"https:\\\/\\\/www.afprofilters.com\\\/wp-content\\\/uploads\\\/2021\\\/01\\\/Compact-filter.jpg\",\"contentUrl\":\"https:\\\/\\\/www.afprofilters.com\\\/wp-content\\\/uploads\\\/2021\\\/01\\\/Compact-filter.jpg\",\"width\":2000,\"height\":2000,\"caption\":\"Membrane PTFE\"},{\"@type\":\"BreadcrumbList\",\"@id\":\"https:\\\/\\\/www.afprofilters.com\\\/fr\\\/produit\\\/filtre-hepa-a-membrane-ptfe\\\/#breadcrumb\",\"itemListElement\":[{\"@type\":\"ListItem\",\"position\":1,\"name\":\"\",\"item\":\"https:\\\/\\\/www.afprofilters.com\\\/fr\\\/\"},{\"@type\":\"ListItem\",\"position\":2,\"name\":\"Products\",\"item\":\"https:\\\/\\\/www.afprofilters.com\\\/fr\\\/produit\\\/\"},{\"@type\":\"ListItem\",\"position\":3,\"name\":\"Filtre HEPA\",\"item\":\"https:\\\/\\\/www.afprofilters.com\\\/fr\\\/type-produit\\\/filtre-hepa\\\/\"},{\"@type\":\"ListItem\",\"position\":4,\"name\":\"Filtre HEPA \u00e0 membrane PTFE\"}]},{\"@type\":\"WebSite\",\"@id\":\"https:\\\/\\\/www.afprofilters.com\\\/fr\\\/#website\",\"url\":\"https:\\\/\\\/www.afprofilters.com\\\/fr\\\/\",\"name\":\"AFPRO\",\"description\":\"AFPRO Filters\",\"publisher\":{\"@id\":\"https:\\\/\\\/www.afprofilters.com\\\/fr\\\/#organization\"},\"potentialAction\":[{\"@type\":\"SearchAction\",\"target\":{\"@type\":\"EntryPoint\",\"urlTemplate\":\"https:\\\/\\\/www.afprofilters.com\\\/fr\\\/?s={search_term_string}\"},\"query-input\":{\"@type\":\"PropertyValueSpecification\",\"valueRequired\":true,\"valueName\":\"search_term_string\"}}],\"inLanguage\":\"fr-FR\"},{\"@type\":\"Organization\",\"@id\":\"https:\\\/\\\/www.afprofilters.com\\\/fr\\\/#organization\",\"name\":\"AFPRO\",\"url\":\"https:\\\/\\\/www.afprofilters.com\\\/fr\\\/\",\"logo\":{\"@type\":\"ImageObject\",\"inLanguage\":\"fr-FR\",\"@id\":\"https:\\\/\\\/www.afprofilters.com\\\/fr\\\/#\\\/schema\\\/logo\\\/image\\\/\",\"url\":\"https:\\\/\\\/www.afprofilters.com\\\/wp-content\\\/uploads\\\/2021\\\/05\\\/AFPRO-logo.png\",\"contentUrl\":\"https:\\\/\\\/www.afprofilters.com\\\/wp-content\\\/uploads\\\/2021\\\/05\\\/AFPRO-logo.png\",\"width\":640,\"height\":177,\"caption\":\"AFPRO\"},\"image\":{\"@id\":\"https:\\\/\\\/www.afprofilters.com\\\/fr\\\/#\\\/schema\\\/logo\\\/image\\\/\"}}]}<\/script>\n<!-- \/ Yoast SEO plugin. -->","yoast_head_json":{"title":"Membrane PTFE filtre HEPA - AFPRO Filters","description":"e filtre HEPA \u00e0 membrane PTFE de classe filtrante H13 est compos\u00e9 de 3 couches. Pour en savoir plus cliquez sur ce lien.","robots":{"index":"index","follow":"follow","max-snippet":"max-snippet:-1","max-image-preview":"max-image-preview:large","max-video-preview":"max-video-preview:-1"},"canonical":"https:\/\/www.afprofilters.com\/fr\/produit\/filtre-hepa-a-membrane-ptfe\/","og_locale":"fr_FR","og_type":"article","og_title":"Membrane PTFE filtre HEPA - AFPRO Filters","og_description":"e filtre HEPA \u00e0 membrane PTFE de classe filtrante H13 est compos\u00e9 de 3 couches. Pour en savoir plus cliquez sur ce lien.","og_url":"https:\/\/www.afprofilters.com\/fr\/produit\/filtre-hepa-a-membrane-ptfe\/","og_site_name":"AFPRO","article_modified_time":"2022-02-24T12:44:46+00:00","og_image":[{"width":2000,"height":2000,"url":"http:\/\/www.afprofilters.com\/wp-content\/uploads\/2021\/01\/Compact-filter.jpg","type":"image\/jpeg"}],"twitter_card":"summary_large_image","twitter_misc":{"Dur\u00e9e de lecture estim\u00e9e":"1 minute"},"schema":{"@context":"https:\/\/schema.org","@graph":[{"@type":"WebPage","@id":"https:\/\/www.afprofilters.com\/fr\/produit\/filtre-hepa-a-membrane-ptfe\/","url":"https:\/\/www.afprofilters.com\/fr\/produit\/filtre-hepa-a-membrane-ptfe\/","name":"Membrane PTFE filtre HEPA - AFPRO Filters","isPartOf":{"@id":"https:\/\/www.afprofilters.com\/fr\/#website"},"primaryImageOfPage":{"@id":"https:\/\/www.afprofilters.com\/fr\/produit\/filtre-hepa-a-membrane-ptfe\/#primaryimage"},"image":{"@id":"https:\/\/www.afprofilters.com\/fr\/produit\/filtre-hepa-a-membrane-ptfe\/#primaryimage"},"thumbnailUrl":"https:\/\/www.afprofilters.com\/wp-content\/uploads\/2021\/01\/Compact-filter.jpg","datePublished":"2021-01-08T12:43:49+00:00","dateModified":"2022-02-24T12:44:46+00:00","description":"e filtre HEPA \u00e0 membrane PTFE de classe filtrante H13 est compos\u00e9 de 3 couches. Pour en savoir plus cliquez sur ce lien.","breadcrumb":{"@id":"https:\/\/www.afprofilters.com\/fr\/produit\/filtre-hepa-a-membrane-ptfe\/#breadcrumb"},"inLanguage":"fr-FR","potentialAction":[{"@type":"ReadAction","target":["https:\/\/www.afprofilters.com\/fr\/produit\/filtre-hepa-a-membrane-ptfe\/"]}]},{"@type":"ImageObject","inLanguage":"fr-FR","@id":"https:\/\/www.afprofilters.com\/fr\/produit\/filtre-hepa-a-membrane-ptfe\/#primaryimage","url":"https:\/\/www.afprofilters.com\/wp-content\/uploads\/2021\/01\/Compact-filter.jpg","contentUrl":"https:\/\/www.afprofilters.com\/wp-content\/uploads\/2021\/01\/Compact-filter.jpg","width":2000,"height":2000,"caption":"Membrane PTFE"},{"@type":"BreadcrumbList","@id":"https:\/\/www.afprofilters.com\/fr\/produit\/filtre-hepa-a-membrane-ptfe\/#breadcrumb","itemListElement":[{"@type":"ListItem","position":1,"name":"","item":"https:\/\/www.afprofilters.com\/fr\/"},{"@type":"ListItem","position":2,"name":"Products","item":"https:\/\/www.afprofilters.com\/fr\/produit\/"},{"@type":"ListItem","position":3,"name":"Filtre HEPA","item":"https:\/\/www.afprofilters.com\/fr\/type-produit\/filtre-hepa\/"},{"@type":"ListItem","position":4,"name":"Filtre HEPA \u00e0 membrane PTFE"}]},{"@type":"WebSite","@id":"https:\/\/www.afprofilters.com\/fr\/#website","url":"https:\/\/www.afprofilters.com\/fr\/","name":"AFPRO","description":"AFPRO Filters","publisher":{"@id":"https:\/\/www.afprofilters.com\/fr\/#organization"},"potentialAction":[{"@type":"SearchAction","target":{"@type":"EntryPoint","urlTemplate":"https:\/\/www.afprofilters.com\/fr\/?s={search_term_string}"},"query-input":{"@type":"PropertyValueSpecification","valueRequired":true,"valueName":"search_term_string"}}],"inLanguage":"fr-FR"},{"@type":"Organization","@id":"https:\/\/www.afprofilters.com\/fr\/#organization","name":"AFPRO","url":"https:\/\/www.afprofilters.com\/fr\/","logo":{"@type":"ImageObject","inLanguage":"fr-FR","@id":"https:\/\/www.afprofilters.com\/fr\/#\/schema\/logo\/image\/","url":"https:\/\/www.afprofilters.com\/wp-content\/uploads\/2021\/05\/AFPRO-logo.png","contentUrl":"https:\/\/www.afprofilters.com\/wp-content\/uploads\/2021\/05\/AFPRO-logo.png","width":640,"height":177,"caption":"AFPRO"},"image":{"@id":"https:\/\/www.afprofilters.com\/fr\/#\/schema\/logo\/image\/"}}]}},"_links":{"self":[{"href":"https:\/\/www.afprofilters.com\/fr\/wp-json\/wp\/v2\/product\/21846","targetHints":{"allow":["GET"]}}],"collection":[{"href":"https:\/\/www.afprofilters.com\/fr\/wp-json\/wp\/v2\/product"}],"about":[{"href":"https:\/\/www.afprofilters.com\/fr\/wp-json\/wp\/v2\/types\/product"}],"wp:featuredmedia":[{"embeddable":true,"href":"https:\/\/www.afprofilters.com\/fr\/wp-json\/wp\/v2\/media\/21861"}],"wp:attachment":[{"href":"https:\/\/www.afprofilters.com\/fr\/wp-json\/wp\/v2\/media?parent=21846"}],"wp:term":[{"taxonomy":"product_category","embeddable":true,"href":"https:\/\/www.afprofilters.com\/fr\/wp-json\/wp\/v2\/product_category?post=21846"}],"curies":[{"name":"wp","href":"https:\/\/api.w.org\/{rel}","templated":true}]}}