{"id":1950,"date":"2016-09-14T12:51:13","date_gmt":"2016-09-14T12:51:13","guid":{"rendered":"https:\/\/www.afprofilters.com\/?post_type=product&#038;p=1950&#038;lang=fr"},"modified":"2024-10-07T09:35:21","modified_gmt":"2024-10-07T09:35:21","slug":"filtre-a-poches-hq85-epm1","status":"publish","type":"product","link":"https:\/\/www.afprofilters.com\/fr\/produit\/filtre-a-poches-hq85-epm1\/","title":{"rendered":"Filtre \u00e0 poches HQ85"},"content":{"rendered":"<p>Le filtre \u00e0 poches HQ85 ePM1 est utilis\u00e9 dans les centrales de traitement de l&rsquo;air, les syst\u00e8mes de climatisation et comme pr\u00e9filtre dans les salles blanches et l&rsquo;industrie pharmaceutique. Les m\u00e9dias filtrants, fabriqu\u00e9s \u00e0 la fois \u00e0 partir de fibres de polym\u00e8re et de verre, sont assembl\u00e9s dans un cadre robuste en acier galvanis\u00e9 ou en aluminium.<\/p>\n<ul>\n<li><strong>Cadre:<\/strong> Aluminium en acier galvanis\u00e9<\/li>\n<li><strong>M\u00e9dias:<\/strong> fibre de verre<\/li>\n<li><strong>Joint:<\/strong> polyur\u00e9thane<\/li>\n<\/ul>\n<p><img loading=\"lazy\" decoding=\"async\" class=\"alignnone wp-image-32718 \" src=\"http:\/\/www.afprofilters.com\/wp-content\/uploads\/2023\/03\/label-ECC-air-filters.png\" alt=\"eurovent\" width=\"322\" height=\"236\" \/><\/p>\n<p>AFPRO Filters BV participates in the ECP programme for Air filters (FIL). Check ongoing validity of certificate:\u00a0<a class=\"PrimaryLink BaseLink\" href=\"https:\/\/www.eurovent-certification.com\/\" target=\"_blank\" rel=\"noreferrer noopener\">WWW.EUROVENT-CERTIFICATION.COM<\/a><\/p>\n","protected":false},"featured_media":669,"parent":0,"template":"","format":"standard","product_category":[56],"class_list":["post-1950","product","type-product","status-publish","format-standard","has-post-thumbnail","hentry","product_category-filtre-a-poches"],"acf":[],"yoast_head":"<!-- This site is optimized with the Yoast SEO plugin v27.3 - https:\/\/yoast.com\/product\/yoast-seo-wordpress\/ -->\n<title>\u25b6 Filtre \u00e0 poches HQ85 ePM1 - AFPRO Filters<\/title>\n<meta name=\"description\" content=\"Faites des \u00e9conomies d&#039;\u00e9nergie et am\u00e9liorez votre qualit\u00e9 d&#039;air int\u00e9rieur gr\u00e2ce au filtre a poches HQ85 ePM1 class\u00e9 A+. Pour en savoir plus, cliquez ici.\" \/>\n<meta name=\"robots\" content=\"index, follow, max-snippet:-1, max-image-preview:large, max-video-preview:-1\" \/>\n<link rel=\"canonical\" href=\"https:\/\/www.afprofilters.com\/fr\/produit\/filtre-a-poches-hq85-epm1\/\" \/>\n<meta property=\"og:locale\" content=\"fr_FR\" \/>\n<meta property=\"og:type\" content=\"article\" \/>\n<meta property=\"og:title\" content=\"\u25b6 Filtre \u00e0 poches HQ85 ePM1 - AFPRO Filters\" \/>\n<meta property=\"og:description\" content=\"Faites des \u00e9conomies d&#039;\u00e9nergie et am\u00e9liorez votre qualit\u00e9 d&#039;air int\u00e9rieur gr\u00e2ce au filtre a poches HQ85 ePM1 class\u00e9 A+. Pour en savoir plus, cliquez ici.\" \/>\n<meta property=\"og:url\" content=\"https:\/\/www.afprofilters.com\/fr\/produit\/filtre-a-poches-hq85-epm1\/\" \/>\n<meta property=\"og:site_name\" content=\"AFPRO\" \/>\n<meta property=\"article:modified_time\" content=\"2024-10-07T09:35:21+00:00\" \/>\n<meta property=\"og:image\" content=\"http:\/\/www.afprofilters.com\/wp-content\/uploads\/2016\/09\/HQ85A8-6-F7.jpg\" \/>\n\t<meta property=\"og:image:width\" content=\"1000\" \/>\n\t<meta property=\"og:image:height\" content=\"1000\" \/>\n\t<meta property=\"og:image:type\" content=\"image\/jpeg\" \/>\n<meta name=\"twitter:card\" content=\"summary_large_image\" \/>\n<meta name=\"twitter:label1\" content=\"Dur\u00e9e de lecture estim\u00e9e\" \/>\n\t<meta name=\"twitter:data1\" content=\"1 minute\" \/>\n<script type=\"application\/ld+json\" class=\"yoast-schema-graph\">{\"@context\":\"https:\\\/\\\/schema.org\",\"@graph\":[{\"@type\":\"WebPage\",\"@id\":\"https:\\\/\\\/www.afprofilters.com\\\/fr\\\/produit\\\/filtre-a-poches-hq85-epm1\\\/\",\"url\":\"https:\\\/\\\/www.afprofilters.com\\\/fr\\\/produit\\\/filtre-a-poches-hq85-epm1\\\/\",\"name\":\"\u25b6 Filtre \u00e0 poches HQ85 ePM1 - AFPRO Filters\",\"isPartOf\":{\"@id\":\"https:\\\/\\\/www.afprofilters.com\\\/fr\\\/#website\"},\"primaryImageOfPage\":{\"@id\":\"https:\\\/\\\/www.afprofilters.com\\\/fr\\\/produit\\\/filtre-a-poches-hq85-epm1\\\/#primaryimage\"},\"image\":{\"@id\":\"https:\\\/\\\/www.afprofilters.com\\\/fr\\\/produit\\\/filtre-a-poches-hq85-epm1\\\/#primaryimage\"},\"thumbnailUrl\":\"https:\\\/\\\/www.afprofilters.com\\\/wp-content\\\/uploads\\\/2016\\\/09\\\/HQ85A8-6-F7.jpg\",\"datePublished\":\"2016-09-14T12:51:13+00:00\",\"dateModified\":\"2024-10-07T09:35:21+00:00\",\"description\":\"Faites des \u00e9conomies d'\u00e9nergie et am\u00e9liorez votre qualit\u00e9 d'air int\u00e9rieur gr\u00e2ce au filtre a poches HQ85 ePM1 class\u00e9 A+. Pour en savoir plus, cliquez ici.\",\"breadcrumb\":{\"@id\":\"https:\\\/\\\/www.afprofilters.com\\\/fr\\\/produit\\\/filtre-a-poches-hq85-epm1\\\/#breadcrumb\"},\"inLanguage\":\"fr-FR\",\"potentialAction\":[{\"@type\":\"ReadAction\",\"target\":[\"https:\\\/\\\/www.afprofilters.com\\\/fr\\\/produit\\\/filtre-a-poches-hq85-epm1\\\/\"]}]},{\"@type\":\"ImageObject\",\"inLanguage\":\"fr-FR\",\"@id\":\"https:\\\/\\\/www.afprofilters.com\\\/fr\\\/produit\\\/filtre-a-poches-hq85-epm1\\\/#primaryimage\",\"url\":\"https:\\\/\\\/www.afprofilters.com\\\/wp-content\\\/uploads\\\/2016\\\/09\\\/HQ85A8-6-F7.jpg\",\"contentUrl\":\"https:\\\/\\\/www.afprofilters.com\\\/wp-content\\\/uploads\\\/2016\\\/09\\\/HQ85A8-6-F7.jpg\",\"width\":1000,\"height\":1000,\"caption\":\"HQ 85 ePM1 pussisuodattimet\"},{\"@type\":\"BreadcrumbList\",\"@id\":\"https:\\\/\\\/www.afprofilters.com\\\/fr\\\/produit\\\/filtre-a-poches-hq85-epm1\\\/#breadcrumb\",\"itemListElement\":[{\"@type\":\"ListItem\",\"position\":1,\"name\":\"\",\"item\":\"https:\\\/\\\/www.afprofilters.com\\\/fr\\\/\"},{\"@type\":\"ListItem\",\"position\":2,\"name\":\"Products\",\"item\":\"https:\\\/\\\/www.afprofilters.com\\\/fr\\\/produit\\\/\"},{\"@type\":\"ListItem\",\"position\":3,\"name\":\"Filtre a poches\",\"item\":\"https:\\\/\\\/www.afprofilters.com\\\/fr\\\/type-produit\\\/filtre-a-poches\\\/\"},{\"@type\":\"ListItem\",\"position\":4,\"name\":\"Filtre \u00e0 poches HQ85\"}]},{\"@type\":\"WebSite\",\"@id\":\"https:\\\/\\\/www.afprofilters.com\\\/fr\\\/#website\",\"url\":\"https:\\\/\\\/www.afprofilters.com\\\/fr\\\/\",\"name\":\"AFPRO\",\"description\":\"AFPRO Filters\",\"publisher\":{\"@id\":\"https:\\\/\\\/www.afprofilters.com\\\/fr\\\/#organization\"},\"potentialAction\":[{\"@type\":\"SearchAction\",\"target\":{\"@type\":\"EntryPoint\",\"urlTemplate\":\"https:\\\/\\\/www.afprofilters.com\\\/fr\\\/?s={search_term_string}\"},\"query-input\":{\"@type\":\"PropertyValueSpecification\",\"valueRequired\":true,\"valueName\":\"search_term_string\"}}],\"inLanguage\":\"fr-FR\"},{\"@type\":\"Organization\",\"@id\":\"https:\\\/\\\/www.afprofilters.com\\\/fr\\\/#organization\",\"name\":\"AFPRO\",\"url\":\"https:\\\/\\\/www.afprofilters.com\\\/fr\\\/\",\"logo\":{\"@type\":\"ImageObject\",\"inLanguage\":\"fr-FR\",\"@id\":\"https:\\\/\\\/www.afprofilters.com\\\/fr\\\/#\\\/schema\\\/logo\\\/image\\\/\",\"url\":\"https:\\\/\\\/www.afprofilters.com\\\/wp-content\\\/uploads\\\/2021\\\/05\\\/AFPRO-logo.png\",\"contentUrl\":\"https:\\\/\\\/www.afprofilters.com\\\/wp-content\\\/uploads\\\/2021\\\/05\\\/AFPRO-logo.png\",\"width\":640,\"height\":177,\"caption\":\"AFPRO\"},\"image\":{\"@id\":\"https:\\\/\\\/www.afprofilters.com\\\/fr\\\/#\\\/schema\\\/logo\\\/image\\\/\"}}]}<\/script>\n<!-- \/ Yoast SEO plugin. -->","yoast_head_json":{"title":"\u25b6 Filtre \u00e0 poches HQ85 ePM1 - AFPRO Filters","description":"Faites des \u00e9conomies d'\u00e9nergie et am\u00e9liorez votre qualit\u00e9 d'air int\u00e9rieur gr\u00e2ce au filtre a poches HQ85 ePM1 class\u00e9 A+. Pour en savoir plus, cliquez ici.","robots":{"index":"index","follow":"follow","max-snippet":"max-snippet:-1","max-image-preview":"max-image-preview:large","max-video-preview":"max-video-preview:-1"},"canonical":"https:\/\/www.afprofilters.com\/fr\/produit\/filtre-a-poches-hq85-epm1\/","og_locale":"fr_FR","og_type":"article","og_title":"\u25b6 Filtre \u00e0 poches HQ85 ePM1 - AFPRO Filters","og_description":"Faites des \u00e9conomies d'\u00e9nergie et am\u00e9liorez votre qualit\u00e9 d'air int\u00e9rieur gr\u00e2ce au filtre a poches HQ85 ePM1 class\u00e9 A+. Pour en savoir plus, cliquez ici.","og_url":"https:\/\/www.afprofilters.com\/fr\/produit\/filtre-a-poches-hq85-epm1\/","og_site_name":"AFPRO","article_modified_time":"2024-10-07T09:35:21+00:00","og_image":[{"width":1000,"height":1000,"url":"http:\/\/www.afprofilters.com\/wp-content\/uploads\/2016\/09\/HQ85A8-6-F7.jpg","type":"image\/jpeg"}],"twitter_card":"summary_large_image","twitter_misc":{"Dur\u00e9e de lecture estim\u00e9e":"1 minute"},"schema":{"@context":"https:\/\/schema.org","@graph":[{"@type":"WebPage","@id":"https:\/\/www.afprofilters.com\/fr\/produit\/filtre-a-poches-hq85-epm1\/","url":"https:\/\/www.afprofilters.com\/fr\/produit\/filtre-a-poches-hq85-epm1\/","name":"\u25b6 Filtre \u00e0 poches HQ85 ePM1 - AFPRO Filters","isPartOf":{"@id":"https:\/\/www.afprofilters.com\/fr\/#website"},"primaryImageOfPage":{"@id":"https:\/\/www.afprofilters.com\/fr\/produit\/filtre-a-poches-hq85-epm1\/#primaryimage"},"image":{"@id":"https:\/\/www.afprofilters.com\/fr\/produit\/filtre-a-poches-hq85-epm1\/#primaryimage"},"thumbnailUrl":"https:\/\/www.afprofilters.com\/wp-content\/uploads\/2016\/09\/HQ85A8-6-F7.jpg","datePublished":"2016-09-14T12:51:13+00:00","dateModified":"2024-10-07T09:35:21+00:00","description":"Faites des \u00e9conomies d'\u00e9nergie et am\u00e9liorez votre qualit\u00e9 d'air int\u00e9rieur gr\u00e2ce au filtre a poches HQ85 ePM1 class\u00e9 A+. Pour en savoir plus, cliquez ici.","breadcrumb":{"@id":"https:\/\/www.afprofilters.com\/fr\/produit\/filtre-a-poches-hq85-epm1\/#breadcrumb"},"inLanguage":"fr-FR","potentialAction":[{"@type":"ReadAction","target":["https:\/\/www.afprofilters.com\/fr\/produit\/filtre-a-poches-hq85-epm1\/"]}]},{"@type":"ImageObject","inLanguage":"fr-FR","@id":"https:\/\/www.afprofilters.com\/fr\/produit\/filtre-a-poches-hq85-epm1\/#primaryimage","url":"https:\/\/www.afprofilters.com\/wp-content\/uploads\/2016\/09\/HQ85A8-6-F7.jpg","contentUrl":"https:\/\/www.afprofilters.com\/wp-content\/uploads\/2016\/09\/HQ85A8-6-F7.jpg","width":1000,"height":1000,"caption":"HQ 85 ePM1 pussisuodattimet"},{"@type":"BreadcrumbList","@id":"https:\/\/www.afprofilters.com\/fr\/produit\/filtre-a-poches-hq85-epm1\/#breadcrumb","itemListElement":[{"@type":"ListItem","position":1,"name":"","item":"https:\/\/www.afprofilters.com\/fr\/"},{"@type":"ListItem","position":2,"name":"Products","item":"https:\/\/www.afprofilters.com\/fr\/produit\/"},{"@type":"ListItem","position":3,"name":"Filtre a poches","item":"https:\/\/www.afprofilters.com\/fr\/type-produit\/filtre-a-poches\/"},{"@type":"ListItem","position":4,"name":"Filtre \u00e0 poches HQ85"}]},{"@type":"WebSite","@id":"https:\/\/www.afprofilters.com\/fr\/#website","url":"https:\/\/www.afprofilters.com\/fr\/","name":"AFPRO","description":"AFPRO Filters","publisher":{"@id":"https:\/\/www.afprofilters.com\/fr\/#organization"},"potentialAction":[{"@type":"SearchAction","target":{"@type":"EntryPoint","urlTemplate":"https:\/\/www.afprofilters.com\/fr\/?s={search_term_string}"},"query-input":{"@type":"PropertyValueSpecification","valueRequired":true,"valueName":"search_term_string"}}],"inLanguage":"fr-FR"},{"@type":"Organization","@id":"https:\/\/www.afprofilters.com\/fr\/#organization","name":"AFPRO","url":"https:\/\/www.afprofilters.com\/fr\/","logo":{"@type":"ImageObject","inLanguage":"fr-FR","@id":"https:\/\/www.afprofilters.com\/fr\/#\/schema\/logo\/image\/","url":"https:\/\/www.afprofilters.com\/wp-content\/uploads\/2021\/05\/AFPRO-logo.png","contentUrl":"https:\/\/www.afprofilters.com\/wp-content\/uploads\/2021\/05\/AFPRO-logo.png","width":640,"height":177,"caption":"AFPRO"},"image":{"@id":"https:\/\/www.afprofilters.com\/fr\/#\/schema\/logo\/image\/"}}]}},"_links":{"self":[{"href":"https:\/\/www.afprofilters.com\/fr\/wp-json\/wp\/v2\/product\/1950","targetHints":{"allow":["GET"]}}],"collection":[{"href":"https:\/\/www.afprofilters.com\/fr\/wp-json\/wp\/v2\/product"}],"about":[{"href":"https:\/\/www.afprofilters.com\/fr\/wp-json\/wp\/v2\/types\/product"}],"wp:featuredmedia":[{"embeddable":true,"href":"https:\/\/www.afprofilters.com\/fr\/wp-json\/wp\/v2\/media\/669"}],"wp:attachment":[{"href":"https:\/\/www.afprofilters.com\/fr\/wp-json\/wp\/v2\/media?parent=1950"}],"wp:term":[{"taxonomy":"product_category","embeddable":true,"href":"https:\/\/www.afprofilters.com\/fr\/wp-json\/wp\/v2\/product_category?post=1950"}],"curies":[{"name":"wp","href":"https:\/\/api.w.org\/{rel}","templated":true}]}}