{"id":1948,"date":"2016-09-14T12:46:21","date_gmt":"2016-09-14T12:46:21","guid":{"rendered":"https:\/\/www.afprofilters.com\/?post_type=product&#038;p=1948&#038;lang=fr"},"modified":"2022-03-31T13:14:46","modified_gmt":"2022-03-31T13:14:46","slug":"filtre-a-poches-hs35","status":"publish","type":"product","link":"https:\/\/www.afprofilters.com\/fr\/produit\/filtre-a-poches-hs35\/","title":{"rendered":"Filtre \u00e0 poches HS35"},"content":{"rendered":"<p id=\"tw-target-text\" class=\"tw-data-text tw-text-large XcVN5d tw-ta\" dir=\"ltr\" data-placeholder=\"Traduction\"><span lang=\"fr\"><strong>Le filtre \u00e0 poches de la s\u00e9rie HS35<\/strong> est utilis\u00e9 comme pr\u00e9filtre ou filtre fin dans les syst\u00e8mes de climatisation, entre autres, les armoires de traitement de l&rsquo;air, les syst\u00e8mes de climatisation, les espaces publics et comme pr\u00e9filtre dans les salles blanches et l&rsquo;industrie pharmaceutique. <\/span><\/p>\n<p class=\"tw-data-text tw-text-large XcVN5d tw-ta\" dir=\"ltr\" data-placeholder=\"Traduction\"><span lang=\"fr\">Les m\u00e9dias filtrants, fabriqu\u00e9s \u00e0 la fois \u00e0 partir de fibres de polym\u00e8re et de verre, sont assembl\u00e9s dans un cadre robuste en plastique, en acier ou en aluminium. Les filtres \u00e0 manches ont des sacs \u00e9tanches soud\u00e9s aux ultrasons, assembl\u00e9s dans un cadre en polystyr\u00e8ne. Les filtres \u00e0 manches r\u00e9sistent \u00e0 des temp\u00e9ratures allant jusqu&rsquo;\u00e0 70 \u00b0 C. <\/span><\/p>\n<ul>\n<li class=\"tw-data-text tw-text-large XcVN5d tw-ta\" data-placeholder=\"Traduction\"><span lang=\"fr\"><strong>Cadre:<\/strong> aluminium <\/span><\/li>\n<li class=\"tw-data-text tw-text-large XcVN5d tw-ta\" data-placeholder=\"Traduction\"><span lang=\"fr\"><strong>Moyen:<\/strong> synth\u00e9tique <\/span><\/li>\n<li class=\"tw-data-text tw-text-large XcVN5d tw-ta\" data-placeholder=\"Traduction\"><strong><span lang=\"fr\">J<\/span><\/strong><span lang=\"fr\"><strong>oint:<\/strong> joint coul\u00e9 continu en option<\/span><\/li>\n<\/ul>\n","protected":false},"featured_media":8884,"parent":0,"template":"","format":"standard","product_category":[56],"class_list":["post-1948","product","type-product","status-publish","format-standard","has-post-thumbnail","hentry","product_category-filtre-a-poches"],"acf":[],"yoast_head":"<!-- This site is optimized with the Yoast SEO plugin v27.3 - https:\/\/yoast.com\/product\/yoast-seo-wordpress\/ -->\n<title>\u25b6 Filtre \u00e0 poches HS35 - AFPRO Filters<\/title>\n<meta name=\"description\" content=\"D\u00e9couvrez le filtre \u00e0 poches HS35, ses caract\u00e9ristiques et ses avantages ainsi que la m\u00e9thode de pose en cliquant sur ce lien.\" \/>\n<meta name=\"robots\" content=\"index, follow, max-snippet:-1, max-image-preview:large, max-video-preview:-1\" \/>\n<link rel=\"canonical\" href=\"https:\/\/www.afprofilters.com\/fr\/produit\/filtre-a-poches-hs35\/\" \/>\n<meta property=\"og:locale\" content=\"fr_FR\" \/>\n<meta property=\"og:type\" content=\"article\" \/>\n<meta property=\"og:title\" content=\"\u25b6 Filtre \u00e0 poches HS35 - AFPRO Filters\" \/>\n<meta property=\"og:description\" content=\"D\u00e9couvrez le filtre \u00e0 poches HS35, ses caract\u00e9ristiques et ses avantages ainsi que la m\u00e9thode de pose en cliquant sur ce lien.\" \/>\n<meta property=\"og:url\" content=\"https:\/\/www.afprofilters.com\/fr\/produit\/filtre-a-poches-hs35\/\" \/>\n<meta property=\"og:site_name\" content=\"AFPRO\" \/>\n<meta property=\"article:modified_time\" content=\"2022-03-31T13:14:46+00:00\" \/>\n<meta property=\"og:image\" content=\"http:\/\/www.afprofilters.com\/wp-content\/uploads\/2016\/09\/HS-35-390x390.jpg\" \/>\n\t<meta property=\"og:image:width\" content=\"390\" \/>\n\t<meta property=\"og:image:height\" content=\"390\" \/>\n\t<meta property=\"og:image:type\" content=\"image\/jpeg\" \/>\n<meta name=\"twitter:card\" content=\"summary_large_image\" \/>\n<meta name=\"twitter:label1\" content=\"Dur\u00e9e de lecture estim\u00e9e\" \/>\n\t<meta name=\"twitter:data1\" content=\"1 minute\" \/>\n<script type=\"application\/ld+json\" class=\"yoast-schema-graph\">{\"@context\":\"https:\\\/\\\/schema.org\",\"@graph\":[{\"@type\":\"WebPage\",\"@id\":\"https:\\\/\\\/www.afprofilters.com\\\/fr\\\/produit\\\/filtre-a-poches-hs35\\\/\",\"url\":\"https:\\\/\\\/www.afprofilters.com\\\/fr\\\/produit\\\/filtre-a-poches-hs35\\\/\",\"name\":\"\u25b6 Filtre \u00e0 poches HS35 - AFPRO Filters\",\"isPartOf\":{\"@id\":\"https:\\\/\\\/www.afprofilters.com\\\/fr\\\/#website\"},\"primaryImageOfPage\":{\"@id\":\"https:\\\/\\\/www.afprofilters.com\\\/fr\\\/produit\\\/filtre-a-poches-hs35\\\/#primaryimage\"},\"image\":{\"@id\":\"https:\\\/\\\/www.afprofilters.com\\\/fr\\\/produit\\\/filtre-a-poches-hs35\\\/#primaryimage\"},\"thumbnailUrl\":\"https:\\\/\\\/www.afprofilters.com\\\/wp-content\\\/uploads\\\/2016\\\/09\\\/HS-35-390x390.jpg\",\"datePublished\":\"2016-09-14T12:46:21+00:00\",\"dateModified\":\"2022-03-31T13:14:46+00:00\",\"description\":\"D\u00e9couvrez le filtre \u00e0 poches HS35, ses caract\u00e9ristiques et ses avantages ainsi que la m\u00e9thode de pose en cliquant sur ce lien.\",\"breadcrumb\":{\"@id\":\"https:\\\/\\\/www.afprofilters.com\\\/fr\\\/produit\\\/filtre-a-poches-hs35\\\/#breadcrumb\"},\"inLanguage\":\"fr-FR\",\"potentialAction\":[{\"@type\":\"ReadAction\",\"target\":[\"https:\\\/\\\/www.afprofilters.com\\\/fr\\\/produit\\\/filtre-a-poches-hs35\\\/\"]}]},{\"@type\":\"ImageObject\",\"inLanguage\":\"fr-FR\",\"@id\":\"https:\\\/\\\/www.afprofilters.com\\\/fr\\\/produit\\\/filtre-a-poches-hs35\\\/#primaryimage\",\"url\":\"https:\\\/\\\/www.afprofilters.com\\\/wp-content\\\/uploads\\\/2016\\\/09\\\/HS-35-390x390.jpg\",\"contentUrl\":\"https:\\\/\\\/www.afprofilters.com\\\/wp-content\\\/uploads\\\/2016\\\/09\\\/HS-35-390x390.jpg\",\"width\":390,\"height\":390,\"caption\":\"Filtre \u00e0 poches HS 35\"},{\"@type\":\"BreadcrumbList\",\"@id\":\"https:\\\/\\\/www.afprofilters.com\\\/fr\\\/produit\\\/filtre-a-poches-hs35\\\/#breadcrumb\",\"itemListElement\":[{\"@type\":\"ListItem\",\"position\":1,\"name\":\"\",\"item\":\"https:\\\/\\\/www.afprofilters.com\\\/fr\\\/\"},{\"@type\":\"ListItem\",\"position\":2,\"name\":\"Products\",\"item\":\"https:\\\/\\\/www.afprofilters.com\\\/fr\\\/produit\\\/\"},{\"@type\":\"ListItem\",\"position\":3,\"name\":\"Filtre a poches\",\"item\":\"https:\\\/\\\/www.afprofilters.com\\\/fr\\\/type-produit\\\/filtre-a-poches\\\/\"},{\"@type\":\"ListItem\",\"position\":4,\"name\":\"Filtre \u00e0 poches HS35\"}]},{\"@type\":\"WebSite\",\"@id\":\"https:\\\/\\\/www.afprofilters.com\\\/fr\\\/#website\",\"url\":\"https:\\\/\\\/www.afprofilters.com\\\/fr\\\/\",\"name\":\"AFPRO\",\"description\":\"AFPRO Filters\",\"publisher\":{\"@id\":\"https:\\\/\\\/www.afprofilters.com\\\/fr\\\/#organization\"},\"potentialAction\":[{\"@type\":\"SearchAction\",\"target\":{\"@type\":\"EntryPoint\",\"urlTemplate\":\"https:\\\/\\\/www.afprofilters.com\\\/fr\\\/?s={search_term_string}\"},\"query-input\":{\"@type\":\"PropertyValueSpecification\",\"valueRequired\":true,\"valueName\":\"search_term_string\"}}],\"inLanguage\":\"fr-FR\"},{\"@type\":\"Organization\",\"@id\":\"https:\\\/\\\/www.afprofilters.com\\\/fr\\\/#organization\",\"name\":\"AFPRO\",\"url\":\"https:\\\/\\\/www.afprofilters.com\\\/fr\\\/\",\"logo\":{\"@type\":\"ImageObject\",\"inLanguage\":\"fr-FR\",\"@id\":\"https:\\\/\\\/www.afprofilters.com\\\/fr\\\/#\\\/schema\\\/logo\\\/image\\\/\",\"url\":\"https:\\\/\\\/www.afprofilters.com\\\/wp-content\\\/uploads\\\/2021\\\/05\\\/AFPRO-logo.png\",\"contentUrl\":\"https:\\\/\\\/www.afprofilters.com\\\/wp-content\\\/uploads\\\/2021\\\/05\\\/AFPRO-logo.png\",\"width\":640,\"height\":177,\"caption\":\"AFPRO\"},\"image\":{\"@id\":\"https:\\\/\\\/www.afprofilters.com\\\/fr\\\/#\\\/schema\\\/logo\\\/image\\\/\"}}]}<\/script>\n<!-- \/ Yoast SEO plugin. -->","yoast_head_json":{"title":"\u25b6 Filtre \u00e0 poches HS35 - AFPRO Filters","description":"D\u00e9couvrez le filtre \u00e0 poches HS35, ses caract\u00e9ristiques et ses avantages ainsi que la m\u00e9thode de pose en cliquant sur ce lien.","robots":{"index":"index","follow":"follow","max-snippet":"max-snippet:-1","max-image-preview":"max-image-preview:large","max-video-preview":"max-video-preview:-1"},"canonical":"https:\/\/www.afprofilters.com\/fr\/produit\/filtre-a-poches-hs35\/","og_locale":"fr_FR","og_type":"article","og_title":"\u25b6 Filtre \u00e0 poches HS35 - AFPRO Filters","og_description":"D\u00e9couvrez le filtre \u00e0 poches HS35, ses caract\u00e9ristiques et ses avantages ainsi que la m\u00e9thode de pose en cliquant sur ce lien.","og_url":"https:\/\/www.afprofilters.com\/fr\/produit\/filtre-a-poches-hs35\/","og_site_name":"AFPRO","article_modified_time":"2022-03-31T13:14:46+00:00","og_image":[{"width":390,"height":390,"url":"http:\/\/www.afprofilters.com\/wp-content\/uploads\/2016\/09\/HS-35-390x390.jpg","type":"image\/jpeg"}],"twitter_card":"summary_large_image","twitter_misc":{"Dur\u00e9e de lecture estim\u00e9e":"1 minute"},"schema":{"@context":"https:\/\/schema.org","@graph":[{"@type":"WebPage","@id":"https:\/\/www.afprofilters.com\/fr\/produit\/filtre-a-poches-hs35\/","url":"https:\/\/www.afprofilters.com\/fr\/produit\/filtre-a-poches-hs35\/","name":"\u25b6 Filtre \u00e0 poches HS35 - AFPRO Filters","isPartOf":{"@id":"https:\/\/www.afprofilters.com\/fr\/#website"},"primaryImageOfPage":{"@id":"https:\/\/www.afprofilters.com\/fr\/produit\/filtre-a-poches-hs35\/#primaryimage"},"image":{"@id":"https:\/\/www.afprofilters.com\/fr\/produit\/filtre-a-poches-hs35\/#primaryimage"},"thumbnailUrl":"https:\/\/www.afprofilters.com\/wp-content\/uploads\/2016\/09\/HS-35-390x390.jpg","datePublished":"2016-09-14T12:46:21+00:00","dateModified":"2022-03-31T13:14:46+00:00","description":"D\u00e9couvrez le filtre \u00e0 poches HS35, ses caract\u00e9ristiques et ses avantages ainsi que la m\u00e9thode de pose en cliquant sur ce lien.","breadcrumb":{"@id":"https:\/\/www.afprofilters.com\/fr\/produit\/filtre-a-poches-hs35\/#breadcrumb"},"inLanguage":"fr-FR","potentialAction":[{"@type":"ReadAction","target":["https:\/\/www.afprofilters.com\/fr\/produit\/filtre-a-poches-hs35\/"]}]},{"@type":"ImageObject","inLanguage":"fr-FR","@id":"https:\/\/www.afprofilters.com\/fr\/produit\/filtre-a-poches-hs35\/#primaryimage","url":"https:\/\/www.afprofilters.com\/wp-content\/uploads\/2016\/09\/HS-35-390x390.jpg","contentUrl":"https:\/\/www.afprofilters.com\/wp-content\/uploads\/2016\/09\/HS-35-390x390.jpg","width":390,"height":390,"caption":"Filtre \u00e0 poches HS 35"},{"@type":"BreadcrumbList","@id":"https:\/\/www.afprofilters.com\/fr\/produit\/filtre-a-poches-hs35\/#breadcrumb","itemListElement":[{"@type":"ListItem","position":1,"name":"","item":"https:\/\/www.afprofilters.com\/fr\/"},{"@type":"ListItem","position":2,"name":"Products","item":"https:\/\/www.afprofilters.com\/fr\/produit\/"},{"@type":"ListItem","position":3,"name":"Filtre a poches","item":"https:\/\/www.afprofilters.com\/fr\/type-produit\/filtre-a-poches\/"},{"@type":"ListItem","position":4,"name":"Filtre \u00e0 poches HS35"}]},{"@type":"WebSite","@id":"https:\/\/www.afprofilters.com\/fr\/#website","url":"https:\/\/www.afprofilters.com\/fr\/","name":"AFPRO","description":"AFPRO Filters","publisher":{"@id":"https:\/\/www.afprofilters.com\/fr\/#organization"},"potentialAction":[{"@type":"SearchAction","target":{"@type":"EntryPoint","urlTemplate":"https:\/\/www.afprofilters.com\/fr\/?s={search_term_string}"},"query-input":{"@type":"PropertyValueSpecification","valueRequired":true,"valueName":"search_term_string"}}],"inLanguage":"fr-FR"},{"@type":"Organization","@id":"https:\/\/www.afprofilters.com\/fr\/#organization","name":"AFPRO","url":"https:\/\/www.afprofilters.com\/fr\/","logo":{"@type":"ImageObject","inLanguage":"fr-FR","@id":"https:\/\/www.afprofilters.com\/fr\/#\/schema\/logo\/image\/","url":"https:\/\/www.afprofilters.com\/wp-content\/uploads\/2021\/05\/AFPRO-logo.png","contentUrl":"https:\/\/www.afprofilters.com\/wp-content\/uploads\/2021\/05\/AFPRO-logo.png","width":640,"height":177,"caption":"AFPRO"},"image":{"@id":"https:\/\/www.afprofilters.com\/fr\/#\/schema\/logo\/image\/"}}]}},"_links":{"self":[{"href":"https:\/\/www.afprofilters.com\/fr\/wp-json\/wp\/v2\/product\/1948","targetHints":{"allow":["GET"]}}],"collection":[{"href":"https:\/\/www.afprofilters.com\/fr\/wp-json\/wp\/v2\/product"}],"about":[{"href":"https:\/\/www.afprofilters.com\/fr\/wp-json\/wp\/v2\/types\/product"}],"wp:featuredmedia":[{"embeddable":true,"href":"https:\/\/www.afprofilters.com\/fr\/wp-json\/wp\/v2\/media\/8884"}],"wp:attachment":[{"href":"https:\/\/www.afprofilters.com\/fr\/wp-json\/wp\/v2\/media?parent=1948"}],"wp:term":[{"taxonomy":"product_category","embeddable":true,"href":"https:\/\/www.afprofilters.com\/fr\/wp-json\/wp\/v2\/product_category?post=1948"}],"curies":[{"name":"wp","href":"https:\/\/api.w.org\/{rel}","templated":true}]}}