{"id":1943,"date":"2016-09-14T12:25:49","date_gmt":"2016-09-14T12:25:49","guid":{"rendered":"https:\/\/www.afprofilters.com\/?post_type=product&#038;p=1943&#038;lang=fr"},"modified":"2022-02-24T12:46:05","modified_gmt":"2022-02-24T12:46:05","slug":"filtre-haute-efficacite-hepa-hla","status":"publish","type":"product","link":"https:\/\/www.afprofilters.com\/fr\/produit\/filtre-haute-efficacite-hepa-hla\/","title":{"rendered":"Filtre HEPA HLA"},"content":{"rendered":"<p><strong>Les filtres HEPA de la s\u00e9rie HLA<\/strong> sont utilis\u00e9s dans les h\u00f4pitaux et dans divers autres secteurs, y compris les industries nucl\u00e9aire, agroalimentaire et des semi-conducteurs. Les filtres HEPA sont tr\u00e8s fiables, car ils sont soumis \u00e0 des contr\u00f4les de qualit\u00e9 stricts et \u00e0 des tests approfondis. Ils sont construits de diff\u00e9rentes mani\u00e8res, en fonction de leur application.<\/p>\n<ul>\n<li><strong>Cadre:<\/strong> aluminium extrud\u00e9<\/li>\n<li><strong>M\u00e9dia:<\/strong> papier fibre de verre<\/li>\n<li><strong>Joint: <\/strong>polyur\u00e9thane<\/li>\n<\/ul>\n","protected":false},"featured_media":687,"parent":0,"template":"","format":"standard","product_category":[60],"class_list":["post-1943","product","type-product","status-publish","format-standard","has-post-thumbnail","hentry","product_category-filtre-hepa"],"acf":[],"yoast_head":"<!-- This site is optimized with the Yoast SEO plugin v27.3 - https:\/\/yoast.com\/product\/yoast-seo-wordpress\/ -->\n<title>\u25b6 Filtre HEPA HLA - AFPRO Filters<\/title>\n<meta name=\"description\" content=\"Le filtre\u00a0HEPA HLA haute efficacite, fabriqu\u00e9 par AFPRO Filters est un filtre laminaire\u00a0ayant une grande surface de filtration.\" \/>\n<meta name=\"robots\" content=\"index, follow, max-snippet:-1, max-image-preview:large, max-video-preview:-1\" \/>\n<link rel=\"canonical\" href=\"https:\/\/www.afprofilters.com\/fr\/produit\/filtre-haute-efficacite-hepa-hla\/\" \/>\n<meta property=\"og:locale\" content=\"fr_FR\" \/>\n<meta property=\"og:type\" content=\"article\" \/>\n<meta property=\"og:title\" content=\"\u25b6 Filtre HEPA HLA - AFPRO Filters\" \/>\n<meta property=\"og:description\" content=\"Le filtre\u00a0HEPA HLA haute efficacite, fabriqu\u00e9 par AFPRO Filters est un filtre laminaire\u00a0ayant une grande surface de filtration.\" \/>\n<meta property=\"og:url\" content=\"https:\/\/www.afprofilters.com\/fr\/produit\/filtre-haute-efficacite-hepa-hla\/\" \/>\n<meta property=\"og:site_name\" content=\"AFPRO\" \/>\n<meta property=\"article:modified_time\" content=\"2022-02-24T12:46:05+00:00\" \/>\n<meta property=\"og:image\" content=\"http:\/\/www.afprofilters.com\/wp-content\/uploads\/2016\/09\/HLA1113DCCG.jpg\" \/>\n\t<meta property=\"og:image:width\" content=\"943\" \/>\n\t<meta property=\"og:image:height\" content=\"1000\" \/>\n\t<meta property=\"og:image:type\" content=\"image\/jpeg\" \/>\n<meta name=\"twitter:card\" content=\"summary_large_image\" \/>\n<meta name=\"twitter:label1\" content=\"Dur\u00e9e de lecture estim\u00e9e\" \/>\n\t<meta name=\"twitter:data1\" content=\"1 minute\" \/>\n<script type=\"application\/ld+json\" class=\"yoast-schema-graph\">{\"@context\":\"https:\\\/\\\/schema.org\",\"@graph\":[{\"@type\":\"WebPage\",\"@id\":\"https:\\\/\\\/www.afprofilters.com\\\/fr\\\/produit\\\/filtre-haute-efficacite-hepa-hla\\\/\",\"url\":\"https:\\\/\\\/www.afprofilters.com\\\/fr\\\/produit\\\/filtre-haute-efficacite-hepa-hla\\\/\",\"name\":\"\u25b6 Filtre HEPA HLA - AFPRO Filters\",\"isPartOf\":{\"@id\":\"https:\\\/\\\/www.afprofilters.com\\\/fr\\\/#website\"},\"primaryImageOfPage\":{\"@id\":\"https:\\\/\\\/www.afprofilters.com\\\/fr\\\/produit\\\/filtre-haute-efficacite-hepa-hla\\\/#primaryimage\"},\"image\":{\"@id\":\"https:\\\/\\\/www.afprofilters.com\\\/fr\\\/produit\\\/filtre-haute-efficacite-hepa-hla\\\/#primaryimage\"},\"thumbnailUrl\":\"https:\\\/\\\/www.afprofilters.com\\\/wp-content\\\/uploads\\\/2016\\\/09\\\/HLA1113DCCG.jpg\",\"datePublished\":\"2016-09-14T12:25:49+00:00\",\"dateModified\":\"2022-02-24T12:46:05+00:00\",\"description\":\"Le filtre\u00a0HEPA HLA haute efficacite, fabriqu\u00e9 par AFPRO Filters est un filtre laminaire\u00a0ayant une grande surface de filtration.\",\"breadcrumb\":{\"@id\":\"https:\\\/\\\/www.afprofilters.com\\\/fr\\\/produit\\\/filtre-haute-efficacite-hepa-hla\\\/#breadcrumb\"},\"inLanguage\":\"fr-FR\",\"potentialAction\":[{\"@type\":\"ReadAction\",\"target\":[\"https:\\\/\\\/www.afprofilters.com\\\/fr\\\/produit\\\/filtre-haute-efficacite-hepa-hla\\\/\"]}]},{\"@type\":\"ImageObject\",\"inLanguage\":\"fr-FR\",\"@id\":\"https:\\\/\\\/www.afprofilters.com\\\/fr\\\/produit\\\/filtre-haute-efficacite-hepa-hla\\\/#primaryimage\",\"url\":\"https:\\\/\\\/www.afprofilters.com\\\/wp-content\\\/uploads\\\/2016\\\/09\\\/HLA1113DCCG.jpg\",\"contentUrl\":\"https:\\\/\\\/www.afprofilters.com\\\/wp-content\\\/uploads\\\/2016\\\/09\\\/HLA1113DCCG.jpg\",\"width\":943,\"height\":1000,\"caption\":\"Filtre HEPA HLA\"},{\"@type\":\"BreadcrumbList\",\"@id\":\"https:\\\/\\\/www.afprofilters.com\\\/fr\\\/produit\\\/filtre-haute-efficacite-hepa-hla\\\/#breadcrumb\",\"itemListElement\":[{\"@type\":\"ListItem\",\"position\":1,\"name\":\"\",\"item\":\"https:\\\/\\\/www.afprofilters.com\\\/fr\\\/\"},{\"@type\":\"ListItem\",\"position\":2,\"name\":\"Products\",\"item\":\"https:\\\/\\\/www.afprofilters.com\\\/fr\\\/produit\\\/\"},{\"@type\":\"ListItem\",\"position\":3,\"name\":\"Filtre HEPA\",\"item\":\"https:\\\/\\\/www.afprofilters.com\\\/fr\\\/type-produit\\\/filtre-hepa\\\/\"},{\"@type\":\"ListItem\",\"position\":4,\"name\":\"Filtre HEPA HLA\"}]},{\"@type\":\"WebSite\",\"@id\":\"https:\\\/\\\/www.afprofilters.com\\\/fr\\\/#website\",\"url\":\"https:\\\/\\\/www.afprofilters.com\\\/fr\\\/\",\"name\":\"AFPRO\",\"description\":\"AFPRO Filters\",\"publisher\":{\"@id\":\"https:\\\/\\\/www.afprofilters.com\\\/fr\\\/#organization\"},\"potentialAction\":[{\"@type\":\"SearchAction\",\"target\":{\"@type\":\"EntryPoint\",\"urlTemplate\":\"https:\\\/\\\/www.afprofilters.com\\\/fr\\\/?s={search_term_string}\"},\"query-input\":{\"@type\":\"PropertyValueSpecification\",\"valueRequired\":true,\"valueName\":\"search_term_string\"}}],\"inLanguage\":\"fr-FR\"},{\"@type\":\"Organization\",\"@id\":\"https:\\\/\\\/www.afprofilters.com\\\/fr\\\/#organization\",\"name\":\"AFPRO\",\"url\":\"https:\\\/\\\/www.afprofilters.com\\\/fr\\\/\",\"logo\":{\"@type\":\"ImageObject\",\"inLanguage\":\"fr-FR\",\"@id\":\"https:\\\/\\\/www.afprofilters.com\\\/fr\\\/#\\\/schema\\\/logo\\\/image\\\/\",\"url\":\"https:\\\/\\\/www.afprofilters.com\\\/wp-content\\\/uploads\\\/2021\\\/05\\\/AFPRO-logo.png\",\"contentUrl\":\"https:\\\/\\\/www.afprofilters.com\\\/wp-content\\\/uploads\\\/2021\\\/05\\\/AFPRO-logo.png\",\"width\":640,\"height\":177,\"caption\":\"AFPRO\"},\"image\":{\"@id\":\"https:\\\/\\\/www.afprofilters.com\\\/fr\\\/#\\\/schema\\\/logo\\\/image\\\/\"}}]}<\/script>\n<!-- \/ Yoast SEO plugin. -->","yoast_head_json":{"title":"\u25b6 Filtre HEPA HLA - AFPRO Filters","description":"Le filtre\u00a0HEPA HLA haute efficacite, fabriqu\u00e9 par AFPRO Filters est un filtre laminaire\u00a0ayant une grande surface de filtration.","robots":{"index":"index","follow":"follow","max-snippet":"max-snippet:-1","max-image-preview":"max-image-preview:large","max-video-preview":"max-video-preview:-1"},"canonical":"https:\/\/www.afprofilters.com\/fr\/produit\/filtre-haute-efficacite-hepa-hla\/","og_locale":"fr_FR","og_type":"article","og_title":"\u25b6 Filtre HEPA HLA - AFPRO Filters","og_description":"Le filtre\u00a0HEPA HLA haute efficacite, fabriqu\u00e9 par AFPRO Filters est un filtre laminaire\u00a0ayant une grande surface de filtration.","og_url":"https:\/\/www.afprofilters.com\/fr\/produit\/filtre-haute-efficacite-hepa-hla\/","og_site_name":"AFPRO","article_modified_time":"2022-02-24T12:46:05+00:00","og_image":[{"width":943,"height":1000,"url":"http:\/\/www.afprofilters.com\/wp-content\/uploads\/2016\/09\/HLA1113DCCG.jpg","type":"image\/jpeg"}],"twitter_card":"summary_large_image","twitter_misc":{"Dur\u00e9e de lecture estim\u00e9e":"1 minute"},"schema":{"@context":"https:\/\/schema.org","@graph":[{"@type":"WebPage","@id":"https:\/\/www.afprofilters.com\/fr\/produit\/filtre-haute-efficacite-hepa-hla\/","url":"https:\/\/www.afprofilters.com\/fr\/produit\/filtre-haute-efficacite-hepa-hla\/","name":"\u25b6 Filtre HEPA HLA - AFPRO Filters","isPartOf":{"@id":"https:\/\/www.afprofilters.com\/fr\/#website"},"primaryImageOfPage":{"@id":"https:\/\/www.afprofilters.com\/fr\/produit\/filtre-haute-efficacite-hepa-hla\/#primaryimage"},"image":{"@id":"https:\/\/www.afprofilters.com\/fr\/produit\/filtre-haute-efficacite-hepa-hla\/#primaryimage"},"thumbnailUrl":"https:\/\/www.afprofilters.com\/wp-content\/uploads\/2016\/09\/HLA1113DCCG.jpg","datePublished":"2016-09-14T12:25:49+00:00","dateModified":"2022-02-24T12:46:05+00:00","description":"Le filtre\u00a0HEPA HLA haute efficacite, fabriqu\u00e9 par AFPRO Filters est un filtre laminaire\u00a0ayant une grande surface de filtration.","breadcrumb":{"@id":"https:\/\/www.afprofilters.com\/fr\/produit\/filtre-haute-efficacite-hepa-hla\/#breadcrumb"},"inLanguage":"fr-FR","potentialAction":[{"@type":"ReadAction","target":["https:\/\/www.afprofilters.com\/fr\/produit\/filtre-haute-efficacite-hepa-hla\/"]}]},{"@type":"ImageObject","inLanguage":"fr-FR","@id":"https:\/\/www.afprofilters.com\/fr\/produit\/filtre-haute-efficacite-hepa-hla\/#primaryimage","url":"https:\/\/www.afprofilters.com\/wp-content\/uploads\/2016\/09\/HLA1113DCCG.jpg","contentUrl":"https:\/\/www.afprofilters.com\/wp-content\/uploads\/2016\/09\/HLA1113DCCG.jpg","width":943,"height":1000,"caption":"Filtre HEPA HLA"},{"@type":"BreadcrumbList","@id":"https:\/\/www.afprofilters.com\/fr\/produit\/filtre-haute-efficacite-hepa-hla\/#breadcrumb","itemListElement":[{"@type":"ListItem","position":1,"name":"","item":"https:\/\/www.afprofilters.com\/fr\/"},{"@type":"ListItem","position":2,"name":"Products","item":"https:\/\/www.afprofilters.com\/fr\/produit\/"},{"@type":"ListItem","position":3,"name":"Filtre HEPA","item":"https:\/\/www.afprofilters.com\/fr\/type-produit\/filtre-hepa\/"},{"@type":"ListItem","position":4,"name":"Filtre HEPA HLA"}]},{"@type":"WebSite","@id":"https:\/\/www.afprofilters.com\/fr\/#website","url":"https:\/\/www.afprofilters.com\/fr\/","name":"AFPRO","description":"AFPRO Filters","publisher":{"@id":"https:\/\/www.afprofilters.com\/fr\/#organization"},"potentialAction":[{"@type":"SearchAction","target":{"@type":"EntryPoint","urlTemplate":"https:\/\/www.afprofilters.com\/fr\/?s={search_term_string}"},"query-input":{"@type":"PropertyValueSpecification","valueRequired":true,"valueName":"search_term_string"}}],"inLanguage":"fr-FR"},{"@type":"Organization","@id":"https:\/\/www.afprofilters.com\/fr\/#organization","name":"AFPRO","url":"https:\/\/www.afprofilters.com\/fr\/","logo":{"@type":"ImageObject","inLanguage":"fr-FR","@id":"https:\/\/www.afprofilters.com\/fr\/#\/schema\/logo\/image\/","url":"https:\/\/www.afprofilters.com\/wp-content\/uploads\/2021\/05\/AFPRO-logo.png","contentUrl":"https:\/\/www.afprofilters.com\/wp-content\/uploads\/2021\/05\/AFPRO-logo.png","width":640,"height":177,"caption":"AFPRO"},"image":{"@id":"https:\/\/www.afprofilters.com\/fr\/#\/schema\/logo\/image\/"}}]}},"_links":{"self":[{"href":"https:\/\/www.afprofilters.com\/fr\/wp-json\/wp\/v2\/product\/1943","targetHints":{"allow":["GET"]}}],"collection":[{"href":"https:\/\/www.afprofilters.com\/fr\/wp-json\/wp\/v2\/product"}],"about":[{"href":"https:\/\/www.afprofilters.com\/fr\/wp-json\/wp\/v2\/types\/product"}],"wp:featuredmedia":[{"embeddable":true,"href":"https:\/\/www.afprofilters.com\/fr\/wp-json\/wp\/v2\/media\/687"}],"wp:attachment":[{"href":"https:\/\/www.afprofilters.com\/fr\/wp-json\/wp\/v2\/media?parent=1943"}],"wp:term":[{"taxonomy":"product_category","embeddable":true,"href":"https:\/\/www.afprofilters.com\/fr\/wp-json\/wp\/v2\/product_category?post=1943"}],"curies":[{"name":"wp","href":"https:\/\/api.w.org\/{rel}","templated":true}]}}