{"id":18980,"date":"2020-11-09T09:43:14","date_gmt":"2020-11-09T09:43:14","guid":{"rendered":"https:\/\/www.afprofilters.com\/?post_type=product&#038;p=18980"},"modified":"2022-02-24T10:08:08","modified_gmt":"2022-02-24T10:08:08","slug":"purificateur-dair-type-i-100","status":"publish","type":"product","link":"https:\/\/www.afprofilters.com\/fr\/produit\/purificateur-dair-type-i-100\/","title":{"rendered":"Purificateur d\u2019air Type I-100"},"content":{"rendered":"<p><strong>Le purificateur d&rsquo;air Type-I 100<\/strong> convient pour une utilisation dans les grands magasins, les bureaux, les \u00e9coles, les h\u00f4pitaux et les maisons priv\u00e9es. Cette combinaison garantit que 99,95% des particules les plus fines, des impuret\u00e9s et des virus sont \u00e9limin\u00e9s de l&rsquo;air. Cela se traduit par un climat int\u00e9rieur plus sain. <strong>Notre purificateur d&rsquo;air Type-I 10<\/strong>0 contient les trois \u00e9l\u00e9ments filtrants suivants:<\/p>\n<ul>\n<li><strong>Panneau de pr\u00e9-filtre<\/strong>: ISO grossier 70%<\/li>\n<li><strong>Filtre \u00e0 charbon actif:<\/strong> 3 kg<\/li>\n<li><strong>Filtre HEPA:<\/strong> H14<\/li>\n<\/ul>\n","protected":false},"featured_media":18935,"parent":0,"template":"","format":"standard","product_category":[709],"class_list":["post-18980","product","type-product","status-publish","format-standard","has-post-thumbnail","hentry","product_category-purificateur-dair-fr"],"acf":[],"yoast_head":"<!-- This site is optimized with the Yoast SEO plugin v27.3 - https:\/\/yoast.com\/product\/yoast-seo-wordpress\/ -->\n<title>Purificateur d\u2019air Type I-100 - AFPRO<\/title>\n<meta name=\"description\" content=\"Purificateur d&#039;air Type-I 100 \u25bb id\u00e9al pour purifier l&#039;air int\u00e9rieur | Equip\u00e9 d&#039;un filtre HEPA et un filtre charbon actif \u2713 Max: 100 m3\/u \u2713\" \/>\n<meta name=\"robots\" content=\"index, follow, max-snippet:-1, max-image-preview:large, max-video-preview:-1\" \/>\n<link rel=\"canonical\" href=\"https:\/\/www.afprofilters.com\/fr\/produit\/purificateur-dair-type-i-100\/\" \/>\n<meta property=\"og:locale\" content=\"fr_FR\" \/>\n<meta property=\"og:type\" content=\"article\" \/>\n<meta property=\"og:title\" content=\"Purificateur d\u2019air Type I-100 - AFPRO\" \/>\n<meta property=\"og:description\" content=\"Purificateur d&#039;air Type-I 100 \u25bb id\u00e9al pour purifier l&#039;air int\u00e9rieur | Equip\u00e9 d&#039;un filtre HEPA et un filtre charbon actif \u2713 Max: 100 m3\/u \u2713\" \/>\n<meta property=\"og:url\" content=\"https:\/\/www.afprofilters.com\/fr\/produit\/purificateur-dair-type-i-100\/\" \/>\n<meta property=\"og:site_name\" content=\"AFPRO\" \/>\n<meta property=\"article:modified_time\" content=\"2022-02-24T10:08:08+00:00\" \/>\n<meta property=\"og:image\" content=\"http:\/\/www.afprofilters.com\/wp-content\/uploads\/2020\/11\/TYPE-I-100.png\" \/>\n\t<meta property=\"og:image:width\" content=\"145\" \/>\n\t<meta property=\"og:image:height\" content=\"125\" \/>\n\t<meta property=\"og:image:type\" content=\"image\/png\" \/>\n<meta name=\"twitter:card\" content=\"summary_large_image\" \/>\n<meta name=\"twitter:label1\" content=\"Dur\u00e9e de lecture estim\u00e9e\" \/>\n\t<meta name=\"twitter:data1\" content=\"1 minute\" \/>\n<script type=\"application\/ld+json\" class=\"yoast-schema-graph\">{\"@context\":\"https:\\\/\\\/schema.org\",\"@graph\":[{\"@type\":\"WebPage\",\"@id\":\"https:\\\/\\\/www.afprofilters.com\\\/fr\\\/produit\\\/purificateur-dair-type-i-100\\\/\",\"url\":\"https:\\\/\\\/www.afprofilters.com\\\/fr\\\/produit\\\/purificateur-dair-type-i-100\\\/\",\"name\":\"Purificateur d\u2019air Type I-100 - AFPRO\",\"isPartOf\":{\"@id\":\"https:\\\/\\\/www.afprofilters.com\\\/fr\\\/#website\"},\"primaryImageOfPage\":{\"@id\":\"https:\\\/\\\/www.afprofilters.com\\\/fr\\\/produit\\\/purificateur-dair-type-i-100\\\/#primaryimage\"},\"image\":{\"@id\":\"https:\\\/\\\/www.afprofilters.com\\\/fr\\\/produit\\\/purificateur-dair-type-i-100\\\/#primaryimage\"},\"thumbnailUrl\":\"https:\\\/\\\/www.afprofilters.com\\\/wp-content\\\/uploads\\\/2020\\\/11\\\/TYPE-I-100.png\",\"datePublished\":\"2020-11-09T09:43:14+00:00\",\"dateModified\":\"2022-02-24T10:08:08+00:00\",\"description\":\"Purificateur d'air Type-I 100 \u25bb id\u00e9al pour purifier l'air int\u00e9rieur | Equip\u00e9 d'un filtre HEPA et un filtre charbon actif \u2713 Max: 100 m3\\\/u \u2713\",\"breadcrumb\":{\"@id\":\"https:\\\/\\\/www.afprofilters.com\\\/fr\\\/produit\\\/purificateur-dair-type-i-100\\\/#breadcrumb\"},\"inLanguage\":\"fr-FR\",\"potentialAction\":[{\"@type\":\"ReadAction\",\"target\":[\"https:\\\/\\\/www.afprofilters.com\\\/fr\\\/produit\\\/purificateur-dair-type-i-100\\\/\"]}]},{\"@type\":\"ImageObject\",\"inLanguage\":\"fr-FR\",\"@id\":\"https:\\\/\\\/www.afprofilters.com\\\/fr\\\/produit\\\/purificateur-dair-type-i-100\\\/#primaryimage\",\"url\":\"https:\\\/\\\/www.afprofilters.com\\\/wp-content\\\/uploads\\\/2020\\\/11\\\/TYPE-I-100.png\",\"contentUrl\":\"https:\\\/\\\/www.afprofilters.com\\\/wp-content\\\/uploads\\\/2020\\\/11\\\/TYPE-I-100.png\",\"width\":145,\"height\":125},{\"@type\":\"BreadcrumbList\",\"@id\":\"https:\\\/\\\/www.afprofilters.com\\\/fr\\\/produit\\\/purificateur-dair-type-i-100\\\/#breadcrumb\",\"itemListElement\":[{\"@type\":\"ListItem\",\"position\":1,\"name\":\"\",\"item\":\"https:\\\/\\\/www.afprofilters.com\\\/fr\\\/\"},{\"@type\":\"ListItem\",\"position\":2,\"name\":\"Products\",\"item\":\"https:\\\/\\\/www.afprofilters.com\\\/fr\\\/produit\\\/\"},{\"@type\":\"ListItem\",\"position\":3,\"name\":\"Purificateur d'air\",\"item\":\"https:\\\/\\\/www.afprofilters.com\\\/fr\\\/type-produit\\\/purificateur-dair-fr\\\/\"},{\"@type\":\"ListItem\",\"position\":4,\"name\":\"Purificateur d\u2019air Type I-100\"}]},{\"@type\":\"WebSite\",\"@id\":\"https:\\\/\\\/www.afprofilters.com\\\/fr\\\/#website\",\"url\":\"https:\\\/\\\/www.afprofilters.com\\\/fr\\\/\",\"name\":\"AFPRO\",\"description\":\"AFPRO Filters\",\"publisher\":{\"@id\":\"https:\\\/\\\/www.afprofilters.com\\\/fr\\\/#organization\"},\"potentialAction\":[{\"@type\":\"SearchAction\",\"target\":{\"@type\":\"EntryPoint\",\"urlTemplate\":\"https:\\\/\\\/www.afprofilters.com\\\/fr\\\/?s={search_term_string}\"},\"query-input\":{\"@type\":\"PropertyValueSpecification\",\"valueRequired\":true,\"valueName\":\"search_term_string\"}}],\"inLanguage\":\"fr-FR\"},{\"@type\":\"Organization\",\"@id\":\"https:\\\/\\\/www.afprofilters.com\\\/fr\\\/#organization\",\"name\":\"AFPRO\",\"url\":\"https:\\\/\\\/www.afprofilters.com\\\/fr\\\/\",\"logo\":{\"@type\":\"ImageObject\",\"inLanguage\":\"fr-FR\",\"@id\":\"https:\\\/\\\/www.afprofilters.com\\\/fr\\\/#\\\/schema\\\/logo\\\/image\\\/\",\"url\":\"https:\\\/\\\/www.afprofilters.com\\\/wp-content\\\/uploads\\\/2021\\\/05\\\/AFPRO-logo.png\",\"contentUrl\":\"https:\\\/\\\/www.afprofilters.com\\\/wp-content\\\/uploads\\\/2021\\\/05\\\/AFPRO-logo.png\",\"width\":640,\"height\":177,\"caption\":\"AFPRO\"},\"image\":{\"@id\":\"https:\\\/\\\/www.afprofilters.com\\\/fr\\\/#\\\/schema\\\/logo\\\/image\\\/\"}}]}<\/script>\n<!-- \/ Yoast SEO plugin. -->","yoast_head_json":{"title":"Purificateur d\u2019air Type I-100 - AFPRO","description":"Purificateur d'air Type-I 100 \u25bb id\u00e9al pour purifier l'air int\u00e9rieur | Equip\u00e9 d'un filtre HEPA et un filtre charbon actif \u2713 Max: 100 m3\/u \u2713","robots":{"index":"index","follow":"follow","max-snippet":"max-snippet:-1","max-image-preview":"max-image-preview:large","max-video-preview":"max-video-preview:-1"},"canonical":"https:\/\/www.afprofilters.com\/fr\/produit\/purificateur-dair-type-i-100\/","og_locale":"fr_FR","og_type":"article","og_title":"Purificateur d\u2019air Type I-100 - AFPRO","og_description":"Purificateur d'air Type-I 100 \u25bb id\u00e9al pour purifier l'air int\u00e9rieur | Equip\u00e9 d'un filtre HEPA et un filtre charbon actif \u2713 Max: 100 m3\/u \u2713","og_url":"https:\/\/www.afprofilters.com\/fr\/produit\/purificateur-dair-type-i-100\/","og_site_name":"AFPRO","article_modified_time":"2022-02-24T10:08:08+00:00","og_image":[{"width":145,"height":125,"url":"http:\/\/www.afprofilters.com\/wp-content\/uploads\/2020\/11\/TYPE-I-100.png","type":"image\/png"}],"twitter_card":"summary_large_image","twitter_misc":{"Dur\u00e9e de lecture estim\u00e9e":"1 minute"},"schema":{"@context":"https:\/\/schema.org","@graph":[{"@type":"WebPage","@id":"https:\/\/www.afprofilters.com\/fr\/produit\/purificateur-dair-type-i-100\/","url":"https:\/\/www.afprofilters.com\/fr\/produit\/purificateur-dair-type-i-100\/","name":"Purificateur d\u2019air Type I-100 - AFPRO","isPartOf":{"@id":"https:\/\/www.afprofilters.com\/fr\/#website"},"primaryImageOfPage":{"@id":"https:\/\/www.afprofilters.com\/fr\/produit\/purificateur-dair-type-i-100\/#primaryimage"},"image":{"@id":"https:\/\/www.afprofilters.com\/fr\/produit\/purificateur-dair-type-i-100\/#primaryimage"},"thumbnailUrl":"https:\/\/www.afprofilters.com\/wp-content\/uploads\/2020\/11\/TYPE-I-100.png","datePublished":"2020-11-09T09:43:14+00:00","dateModified":"2022-02-24T10:08:08+00:00","description":"Purificateur d'air Type-I 100 \u25bb id\u00e9al pour purifier l'air int\u00e9rieur | Equip\u00e9 d'un filtre HEPA et un filtre charbon actif \u2713 Max: 100 m3\/u \u2713","breadcrumb":{"@id":"https:\/\/www.afprofilters.com\/fr\/produit\/purificateur-dair-type-i-100\/#breadcrumb"},"inLanguage":"fr-FR","potentialAction":[{"@type":"ReadAction","target":["https:\/\/www.afprofilters.com\/fr\/produit\/purificateur-dair-type-i-100\/"]}]},{"@type":"ImageObject","inLanguage":"fr-FR","@id":"https:\/\/www.afprofilters.com\/fr\/produit\/purificateur-dair-type-i-100\/#primaryimage","url":"https:\/\/www.afprofilters.com\/wp-content\/uploads\/2020\/11\/TYPE-I-100.png","contentUrl":"https:\/\/www.afprofilters.com\/wp-content\/uploads\/2020\/11\/TYPE-I-100.png","width":145,"height":125},{"@type":"BreadcrumbList","@id":"https:\/\/www.afprofilters.com\/fr\/produit\/purificateur-dair-type-i-100\/#breadcrumb","itemListElement":[{"@type":"ListItem","position":1,"name":"","item":"https:\/\/www.afprofilters.com\/fr\/"},{"@type":"ListItem","position":2,"name":"Products","item":"https:\/\/www.afprofilters.com\/fr\/produit\/"},{"@type":"ListItem","position":3,"name":"Purificateur d'air","item":"https:\/\/www.afprofilters.com\/fr\/type-produit\/purificateur-dair-fr\/"},{"@type":"ListItem","position":4,"name":"Purificateur d\u2019air Type I-100"}]},{"@type":"WebSite","@id":"https:\/\/www.afprofilters.com\/fr\/#website","url":"https:\/\/www.afprofilters.com\/fr\/","name":"AFPRO","description":"AFPRO Filters","publisher":{"@id":"https:\/\/www.afprofilters.com\/fr\/#organization"},"potentialAction":[{"@type":"SearchAction","target":{"@type":"EntryPoint","urlTemplate":"https:\/\/www.afprofilters.com\/fr\/?s={search_term_string}"},"query-input":{"@type":"PropertyValueSpecification","valueRequired":true,"valueName":"search_term_string"}}],"inLanguage":"fr-FR"},{"@type":"Organization","@id":"https:\/\/www.afprofilters.com\/fr\/#organization","name":"AFPRO","url":"https:\/\/www.afprofilters.com\/fr\/","logo":{"@type":"ImageObject","inLanguage":"fr-FR","@id":"https:\/\/www.afprofilters.com\/fr\/#\/schema\/logo\/image\/","url":"https:\/\/www.afprofilters.com\/wp-content\/uploads\/2021\/05\/AFPRO-logo.png","contentUrl":"https:\/\/www.afprofilters.com\/wp-content\/uploads\/2021\/05\/AFPRO-logo.png","width":640,"height":177,"caption":"AFPRO"},"image":{"@id":"https:\/\/www.afprofilters.com\/fr\/#\/schema\/logo\/image\/"}}]}},"_links":{"self":[{"href":"https:\/\/www.afprofilters.com\/fr\/wp-json\/wp\/v2\/product\/18980","targetHints":{"allow":["GET"]}}],"collection":[{"href":"https:\/\/www.afprofilters.com\/fr\/wp-json\/wp\/v2\/product"}],"about":[{"href":"https:\/\/www.afprofilters.com\/fr\/wp-json\/wp\/v2\/types\/product"}],"wp:featuredmedia":[{"embeddable":true,"href":"https:\/\/www.afprofilters.com\/fr\/wp-json\/wp\/v2\/media\/18935"}],"wp:attachment":[{"href":"https:\/\/www.afprofilters.com\/fr\/wp-json\/wp\/v2\/media?parent=18980"}],"wp:term":[{"taxonomy":"product_category","embeddable":true,"href":"https:\/\/www.afprofilters.com\/fr\/wp-json\/wp\/v2\/product_category?post=18980"}],"curies":[{"name":"wp","href":"https:\/\/api.w.org\/{rel}","templated":true}]}}