{"id":1831,"date":"2016-09-09T11:47:46","date_gmt":"2016-09-09T11:47:46","guid":{"rendered":"https:\/\/www.afprofilters.com\/?post_type=product&#038;p=1831&#038;lang=fr"},"modified":"2022-03-31T13:38:40","modified_gmt":"2022-03-31T13:38:40","slug":"filtre-haute-efficacite-hepa-hpg","status":"publish","type":"product","link":"https:\/\/www.afprofilters.com\/fr\/produit\/filtre-haute-efficacite-hepa-hpg\/","title":{"rendered":"Filtre HEPA HPG"},"content":{"rendered":"<p id=\"tw-target-text\" class=\"tw-data-text tw-text-large XcVN5d tw-ta\" dir=\"ltr\" data-placeholder=\"Traduction\"><span lang=\"fr\"><strong>Le filtre HEPA de la s\u00e9rie HPG<\/strong> est utilis\u00e9 dans les h\u00f4pitaux et dans divers autres secteurs, y compris les industries nucl\u00e9aire, agroalimentaire et des semi-conducteurs. Les filtres HEPA sont tr\u00e8s fiables car ils sont soumis \u00e0 des contr\u00f4les de qualit\u00e9 stricts et \u00e0 des tests approfondis. Les filtres HEPA sont construits de diff\u00e9rentes mani\u00e8res, en fonction de leur application. <\/span><\/p>\n<ul>\n<li class=\"tw-data-text tw-text-large XcVN5d tw-ta\" data-placeholder=\"Traduction\"><span lang=\"fr\"><strong>Cadre:<\/strong> acier galvanis\u00e9 <\/span><\/li>\n<li class=\"tw-data-text tw-text-large XcVN5d tw-ta\" data-placeholder=\"Traduction\"><span lang=\"fr\"><strong>M\u00e9dia:<\/strong> fibre de verre<\/span><\/li>\n<li class=\"tw-data-text tw-text-large XcVN5d tw-ta\" data-placeholder=\"Traduction\"><span lang=\"fr\"><strong>Joint:<\/strong> polyur\u00e9thane<\/span><\/li>\n<\/ul>\n","protected":false},"featured_media":726,"parent":0,"template":"","format":"standard","product_category":[60],"class_list":["post-1831","product","type-product","status-publish","format-standard","has-post-thumbnail","hentry","product_category-filtre-hepa"],"acf":[],"yoast_head":"<!-- This site is optimized with the Yoast SEO plugin v27.3 - https:\/\/yoast.com\/product\/yoast-seo-wordpress\/ -->\n<title>\u25b6 Filtre HEPA HPG - AFPRO Filters<\/title>\n<meta name=\"description\" content=\"Le filtre haute efficacit\u00e9 HEPA HPG est un filtre \u00e0 nid d&#039;abeille ayant une grande surface de filtration. Pour en savoir plus, cliquez sur ce lien.\" \/>\n<meta name=\"robots\" content=\"index, follow, max-snippet:-1, max-image-preview:large, max-video-preview:-1\" \/>\n<link rel=\"canonical\" href=\"https:\/\/www.afprofilters.com\/fr\/produit\/filtre-haute-efficacite-hepa-hpg\/\" \/>\n<meta property=\"og:locale\" content=\"fr_FR\" \/>\n<meta property=\"og:type\" content=\"article\" \/>\n<meta property=\"og:title\" content=\"\u25b6 Filtre HEPA HPG - AFPRO Filters\" \/>\n<meta property=\"og:description\" content=\"Le filtre haute efficacit\u00e9 HEPA HPG est un filtre \u00e0 nid d&#039;abeille ayant une grande surface de filtration. Pour en savoir plus, cliquez sur ce lien.\" \/>\n<meta property=\"og:url\" content=\"https:\/\/www.afprofilters.com\/fr\/produit\/filtre-haute-efficacite-hepa-hpg\/\" \/>\n<meta property=\"og:site_name\" content=\"AFPRO\" \/>\n<meta property=\"article:modified_time\" content=\"2022-03-31T13:38:40+00:00\" \/>\n<meta property=\"og:image\" content=\"http:\/\/www.afprofilters.com\/wp-content\/uploads\/2016\/09\/HPG2113NEEM.jpg\" \/>\n\t<meta property=\"og:image:width\" content=\"400\" \/>\n\t<meta property=\"og:image:height\" content=\"400\" \/>\n\t<meta property=\"og:image:type\" content=\"image\/jpeg\" \/>\n<meta name=\"twitter:card\" content=\"summary_large_image\" \/>\n<meta name=\"twitter:label1\" content=\"Dur\u00e9e de lecture estim\u00e9e\" \/>\n\t<meta name=\"twitter:data1\" content=\"1 minute\" \/>\n<script type=\"application\/ld+json\" class=\"yoast-schema-graph\">{\"@context\":\"https:\\\/\\\/schema.org\",\"@graph\":[{\"@type\":\"WebPage\",\"@id\":\"https:\\\/\\\/www.afprofilters.com\\\/fr\\\/produit\\\/filtre-haute-efficacite-hepa-hpg\\\/\",\"url\":\"https:\\\/\\\/www.afprofilters.com\\\/fr\\\/produit\\\/filtre-haute-efficacite-hepa-hpg\\\/\",\"name\":\"\u25b6 Filtre HEPA HPG - AFPRO Filters\",\"isPartOf\":{\"@id\":\"https:\\\/\\\/www.afprofilters.com\\\/fr\\\/#website\"},\"primaryImageOfPage\":{\"@id\":\"https:\\\/\\\/www.afprofilters.com\\\/fr\\\/produit\\\/filtre-haute-efficacite-hepa-hpg\\\/#primaryimage\"},\"image\":{\"@id\":\"https:\\\/\\\/www.afprofilters.com\\\/fr\\\/produit\\\/filtre-haute-efficacite-hepa-hpg\\\/#primaryimage\"},\"thumbnailUrl\":\"https:\\\/\\\/www.afprofilters.com\\\/wp-content\\\/uploads\\\/2016\\\/09\\\/HPG2113NEEM.jpg\",\"datePublished\":\"2016-09-09T11:47:46+00:00\",\"dateModified\":\"2022-03-31T13:38:40+00:00\",\"description\":\"Le filtre haute efficacit\u00e9 HEPA HPG est un filtre \u00e0 nid d'abeille ayant une grande surface de filtration. Pour en savoir plus, cliquez sur ce lien.\",\"breadcrumb\":{\"@id\":\"https:\\\/\\\/www.afprofilters.com\\\/fr\\\/produit\\\/filtre-haute-efficacite-hepa-hpg\\\/#breadcrumb\"},\"inLanguage\":\"fr-FR\",\"potentialAction\":[{\"@type\":\"ReadAction\",\"target\":[\"https:\\\/\\\/www.afprofilters.com\\\/fr\\\/produit\\\/filtre-haute-efficacite-hepa-hpg\\\/\"]}]},{\"@type\":\"ImageObject\",\"inLanguage\":\"fr-FR\",\"@id\":\"https:\\\/\\\/www.afprofilters.com\\\/fr\\\/produit\\\/filtre-haute-efficacite-hepa-hpg\\\/#primaryimage\",\"url\":\"https:\\\/\\\/www.afprofilters.com\\\/wp-content\\\/uploads\\\/2016\\\/09\\\/HPG2113NEEM.jpg\",\"contentUrl\":\"https:\\\/\\\/www.afprofilters.com\\\/wp-content\\\/uploads\\\/2016\\\/09\\\/HPG2113NEEM.jpg\",\"width\":400,\"height\":400,\"caption\":\"Fotostudio IMAGO Hamsterkoog 17c 1822 CD Alkmaar Netherlands 072 5 620 625\"},{\"@type\":\"BreadcrumbList\",\"@id\":\"https:\\\/\\\/www.afprofilters.com\\\/fr\\\/produit\\\/filtre-haute-efficacite-hepa-hpg\\\/#breadcrumb\",\"itemListElement\":[{\"@type\":\"ListItem\",\"position\":1,\"name\":\"\",\"item\":\"https:\\\/\\\/www.afprofilters.com\\\/fr\\\/\"},{\"@type\":\"ListItem\",\"position\":2,\"name\":\"Products\",\"item\":\"https:\\\/\\\/www.afprofilters.com\\\/fr\\\/produit\\\/\"},{\"@type\":\"ListItem\",\"position\":3,\"name\":\"Filtre HEPA\",\"item\":\"https:\\\/\\\/www.afprofilters.com\\\/fr\\\/type-produit\\\/filtre-hepa\\\/\"},{\"@type\":\"ListItem\",\"position\":4,\"name\":\"Filtre HEPA HPG\"}]},{\"@type\":\"WebSite\",\"@id\":\"https:\\\/\\\/www.afprofilters.com\\\/fr\\\/#website\",\"url\":\"https:\\\/\\\/www.afprofilters.com\\\/fr\\\/\",\"name\":\"AFPRO\",\"description\":\"AFPRO Filters\",\"publisher\":{\"@id\":\"https:\\\/\\\/www.afprofilters.com\\\/fr\\\/#organization\"},\"potentialAction\":[{\"@type\":\"SearchAction\",\"target\":{\"@type\":\"EntryPoint\",\"urlTemplate\":\"https:\\\/\\\/www.afprofilters.com\\\/fr\\\/?s={search_term_string}\"},\"query-input\":{\"@type\":\"PropertyValueSpecification\",\"valueRequired\":true,\"valueName\":\"search_term_string\"}}],\"inLanguage\":\"fr-FR\"},{\"@type\":\"Organization\",\"@id\":\"https:\\\/\\\/www.afprofilters.com\\\/fr\\\/#organization\",\"name\":\"AFPRO\",\"url\":\"https:\\\/\\\/www.afprofilters.com\\\/fr\\\/\",\"logo\":{\"@type\":\"ImageObject\",\"inLanguage\":\"fr-FR\",\"@id\":\"https:\\\/\\\/www.afprofilters.com\\\/fr\\\/#\\\/schema\\\/logo\\\/image\\\/\",\"url\":\"https:\\\/\\\/www.afprofilters.com\\\/wp-content\\\/uploads\\\/2021\\\/05\\\/AFPRO-logo.png\",\"contentUrl\":\"https:\\\/\\\/www.afprofilters.com\\\/wp-content\\\/uploads\\\/2021\\\/05\\\/AFPRO-logo.png\",\"width\":640,\"height\":177,\"caption\":\"AFPRO\"},\"image\":{\"@id\":\"https:\\\/\\\/www.afprofilters.com\\\/fr\\\/#\\\/schema\\\/logo\\\/image\\\/\"}}]}<\/script>\n<!-- \/ Yoast SEO plugin. -->","yoast_head_json":{"title":"\u25b6 Filtre HEPA HPG - AFPRO Filters","description":"Le filtre haute efficacit\u00e9 HEPA HPG est un filtre \u00e0 nid d'abeille ayant une grande surface de filtration. Pour en savoir plus, cliquez sur ce lien.","robots":{"index":"index","follow":"follow","max-snippet":"max-snippet:-1","max-image-preview":"max-image-preview:large","max-video-preview":"max-video-preview:-1"},"canonical":"https:\/\/www.afprofilters.com\/fr\/produit\/filtre-haute-efficacite-hepa-hpg\/","og_locale":"fr_FR","og_type":"article","og_title":"\u25b6 Filtre HEPA HPG - AFPRO Filters","og_description":"Le filtre haute efficacit\u00e9 HEPA HPG est un filtre \u00e0 nid d'abeille ayant une grande surface de filtration. Pour en savoir plus, cliquez sur ce lien.","og_url":"https:\/\/www.afprofilters.com\/fr\/produit\/filtre-haute-efficacite-hepa-hpg\/","og_site_name":"AFPRO","article_modified_time":"2022-03-31T13:38:40+00:00","og_image":[{"width":400,"height":400,"url":"http:\/\/www.afprofilters.com\/wp-content\/uploads\/2016\/09\/HPG2113NEEM.jpg","type":"image\/jpeg"}],"twitter_card":"summary_large_image","twitter_misc":{"Dur\u00e9e de lecture estim\u00e9e":"1 minute"},"schema":{"@context":"https:\/\/schema.org","@graph":[{"@type":"WebPage","@id":"https:\/\/www.afprofilters.com\/fr\/produit\/filtre-haute-efficacite-hepa-hpg\/","url":"https:\/\/www.afprofilters.com\/fr\/produit\/filtre-haute-efficacite-hepa-hpg\/","name":"\u25b6 Filtre HEPA HPG - AFPRO Filters","isPartOf":{"@id":"https:\/\/www.afprofilters.com\/fr\/#website"},"primaryImageOfPage":{"@id":"https:\/\/www.afprofilters.com\/fr\/produit\/filtre-haute-efficacite-hepa-hpg\/#primaryimage"},"image":{"@id":"https:\/\/www.afprofilters.com\/fr\/produit\/filtre-haute-efficacite-hepa-hpg\/#primaryimage"},"thumbnailUrl":"https:\/\/www.afprofilters.com\/wp-content\/uploads\/2016\/09\/HPG2113NEEM.jpg","datePublished":"2016-09-09T11:47:46+00:00","dateModified":"2022-03-31T13:38:40+00:00","description":"Le filtre haute efficacit\u00e9 HEPA HPG est un filtre \u00e0 nid d'abeille ayant une grande surface de filtration. Pour en savoir plus, cliquez sur ce lien.","breadcrumb":{"@id":"https:\/\/www.afprofilters.com\/fr\/produit\/filtre-haute-efficacite-hepa-hpg\/#breadcrumb"},"inLanguage":"fr-FR","potentialAction":[{"@type":"ReadAction","target":["https:\/\/www.afprofilters.com\/fr\/produit\/filtre-haute-efficacite-hepa-hpg\/"]}]},{"@type":"ImageObject","inLanguage":"fr-FR","@id":"https:\/\/www.afprofilters.com\/fr\/produit\/filtre-haute-efficacite-hepa-hpg\/#primaryimage","url":"https:\/\/www.afprofilters.com\/wp-content\/uploads\/2016\/09\/HPG2113NEEM.jpg","contentUrl":"https:\/\/www.afprofilters.com\/wp-content\/uploads\/2016\/09\/HPG2113NEEM.jpg","width":400,"height":400,"caption":"Fotostudio IMAGO Hamsterkoog 17c 1822 CD Alkmaar Netherlands 072 5 620 625"},{"@type":"BreadcrumbList","@id":"https:\/\/www.afprofilters.com\/fr\/produit\/filtre-haute-efficacite-hepa-hpg\/#breadcrumb","itemListElement":[{"@type":"ListItem","position":1,"name":"","item":"https:\/\/www.afprofilters.com\/fr\/"},{"@type":"ListItem","position":2,"name":"Products","item":"https:\/\/www.afprofilters.com\/fr\/produit\/"},{"@type":"ListItem","position":3,"name":"Filtre HEPA","item":"https:\/\/www.afprofilters.com\/fr\/type-produit\/filtre-hepa\/"},{"@type":"ListItem","position":4,"name":"Filtre HEPA HPG"}]},{"@type":"WebSite","@id":"https:\/\/www.afprofilters.com\/fr\/#website","url":"https:\/\/www.afprofilters.com\/fr\/","name":"AFPRO","description":"AFPRO Filters","publisher":{"@id":"https:\/\/www.afprofilters.com\/fr\/#organization"},"potentialAction":[{"@type":"SearchAction","target":{"@type":"EntryPoint","urlTemplate":"https:\/\/www.afprofilters.com\/fr\/?s={search_term_string}"},"query-input":{"@type":"PropertyValueSpecification","valueRequired":true,"valueName":"search_term_string"}}],"inLanguage":"fr-FR"},{"@type":"Organization","@id":"https:\/\/www.afprofilters.com\/fr\/#organization","name":"AFPRO","url":"https:\/\/www.afprofilters.com\/fr\/","logo":{"@type":"ImageObject","inLanguage":"fr-FR","@id":"https:\/\/www.afprofilters.com\/fr\/#\/schema\/logo\/image\/","url":"https:\/\/www.afprofilters.com\/wp-content\/uploads\/2021\/05\/AFPRO-logo.png","contentUrl":"https:\/\/www.afprofilters.com\/wp-content\/uploads\/2021\/05\/AFPRO-logo.png","width":640,"height":177,"caption":"AFPRO"},"image":{"@id":"https:\/\/www.afprofilters.com\/fr\/#\/schema\/logo\/image\/"}}]}},"_links":{"self":[{"href":"https:\/\/www.afprofilters.com\/fr\/wp-json\/wp\/v2\/product\/1831","targetHints":{"allow":["GET"]}}],"collection":[{"href":"https:\/\/www.afprofilters.com\/fr\/wp-json\/wp\/v2\/product"}],"about":[{"href":"https:\/\/www.afprofilters.com\/fr\/wp-json\/wp\/v2\/types\/product"}],"wp:featuredmedia":[{"embeddable":true,"href":"https:\/\/www.afprofilters.com\/fr\/wp-json\/wp\/v2\/media\/726"}],"wp:attachment":[{"href":"https:\/\/www.afprofilters.com\/fr\/wp-json\/wp\/v2\/media?parent=1831"}],"wp:term":[{"taxonomy":"product_category","embeddable":true,"href":"https:\/\/www.afprofilters.com\/fr\/wp-json\/wp\/v2\/product_category?post=1831"}],"curies":[{"name":"wp","href":"https:\/\/api.w.org\/{rel}","templated":true}]}}