{"id":1825,"date":"2016-09-09T11:42:42","date_gmt":"2016-09-09T11:42:42","guid":{"rendered":"https:\/\/www.afprofilters.com\/?post_type=product&#038;p=1825&#038;lang=fr"},"modified":"2022-03-31T13:34:32","modified_gmt":"2022-03-31T13:34:32","slug":"filtre-haute-efficacite-hepa-hpm","status":"publish","type":"product","link":"https:\/\/www.afprofilters.com\/fr\/produit\/filtre-haute-efficacite-hepa-hpm\/","title":{"rendered":"Filtre HEPA HPM"},"content":{"rendered":"<p id=\"tw-target-text\" class=\"tw-data-text tw-text-large XcVN5d tw-ta\" dir=\"ltr\" data-placeholder=\"Traduction\"><span lang=\"fr\"><strong>Les filtres HEPA<\/strong> sont tr\u00e8s fiables, car ils sont soumis \u00e0 des contr\u00f4les de qualit\u00e9 stricts et \u00e0 des tests approfondis. <strong>Les filtres HEPA de la s\u00e9rie HPM<\/strong> sont construits de diff\u00e9rentes mani\u00e8res, en fonction de leur application. <strong>De H14, H13, E12, E11, E10<\/strong> selon EN 1822. <\/span><\/p>\n<ul>\n<li class=\"tw-data-text tw-text-large XcVN5d tw-ta\" data-placeholder=\"Traduction\"><span lang=\"fr\"><strong>Cadre:<\/strong> MDF <\/span><\/li>\n<li class=\"tw-data-text tw-text-large XcVN5d tw-ta\" data-placeholder=\"Traduction\"><span lang=\"fr\"><strong>M\u00e9dia:<\/strong> papier de fibre de verre <\/span><\/li>\n<li><span lang=\"fr\"><strong>Joint:<\/strong> poly\u00e9r\u00e9thane mouss\u00e9<\/span><\/li>\n<\/ul>\n","protected":false},"featured_media":6596,"parent":0,"template":"","format":"standard","product_category":[60],"class_list":["post-1825","product","type-product","status-publish","format-standard","has-post-thumbnail","hentry","product_category-filtre-hepa"],"acf":[],"yoast_head":"<!-- This site is optimized with the Yoast SEO plugin v27.3 - https:\/\/yoast.com\/product\/yoast-seo-wordpress\/ -->\n<title>\u25b6 Filtre HEPA HPM - AFPRO Filters<\/title>\n<meta name=\"description\" content=\"D\u00e9couvrez les caract\u00e9ristiques et les conseils de pose du filtre haute efficacit\u00e9 HEPA HPM \u00e9di\u00e9s aux environnements contr\u00f4l\u00e9s.\" \/>\n<meta name=\"robots\" content=\"index, follow, max-snippet:-1, max-image-preview:large, max-video-preview:-1\" \/>\n<link rel=\"canonical\" href=\"https:\/\/www.afprofilters.com\/fr\/produit\/filtre-haute-efficacite-hepa-hpm\/\" \/>\n<meta property=\"og:locale\" content=\"fr_FR\" \/>\n<meta property=\"og:type\" content=\"article\" \/>\n<meta property=\"og:title\" content=\"\u25b6 Filtre HEPA HPM - AFPRO Filters\" \/>\n<meta property=\"og:description\" content=\"D\u00e9couvrez les caract\u00e9ristiques et les conseils de pose du filtre haute efficacit\u00e9 HEPA HPM \u00e9di\u00e9s aux environnements contr\u00f4l\u00e9s.\" \/>\n<meta property=\"og:url\" content=\"https:\/\/www.afprofilters.com\/fr\/produit\/filtre-haute-efficacite-hepa-hpm\/\" \/>\n<meta property=\"og:site_name\" content=\"AFPRO\" \/>\n<meta property=\"article:modified_time\" content=\"2022-03-31T13:34:32+00:00\" \/>\n<meta property=\"og:image\" content=\"http:\/\/www.afprofilters.com\/wp-content\/uploads\/2016\/09\/HPM.jpg\" \/>\n\t<meta property=\"og:image:width\" content=\"1887\" \/>\n\t<meta property=\"og:image:height\" content=\"2000\" \/>\n\t<meta property=\"og:image:type\" content=\"image\/jpeg\" \/>\n<meta name=\"twitter:card\" content=\"summary_large_image\" \/>\n<meta name=\"twitter:label1\" content=\"Dur\u00e9e de lecture estim\u00e9e\" \/>\n\t<meta name=\"twitter:data1\" content=\"1 minute\" \/>\n<script type=\"application\/ld+json\" class=\"yoast-schema-graph\">{\"@context\":\"https:\\\/\\\/schema.org\",\"@graph\":[{\"@type\":\"WebPage\",\"@id\":\"https:\\\/\\\/www.afprofilters.com\\\/fr\\\/produit\\\/filtre-haute-efficacite-hepa-hpm\\\/\",\"url\":\"https:\\\/\\\/www.afprofilters.com\\\/fr\\\/produit\\\/filtre-haute-efficacite-hepa-hpm\\\/\",\"name\":\"\u25b6 Filtre HEPA HPM - AFPRO Filters\",\"isPartOf\":{\"@id\":\"https:\\\/\\\/www.afprofilters.com\\\/fr\\\/#website\"},\"primaryImageOfPage\":{\"@id\":\"https:\\\/\\\/www.afprofilters.com\\\/fr\\\/produit\\\/filtre-haute-efficacite-hepa-hpm\\\/#primaryimage\"},\"image\":{\"@id\":\"https:\\\/\\\/www.afprofilters.com\\\/fr\\\/produit\\\/filtre-haute-efficacite-hepa-hpm\\\/#primaryimage\"},\"thumbnailUrl\":\"https:\\\/\\\/www.afprofilters.com\\\/wp-content\\\/uploads\\\/2016\\\/09\\\/HPM.jpg\",\"datePublished\":\"2016-09-09T11:42:42+00:00\",\"dateModified\":\"2022-03-31T13:34:32+00:00\",\"description\":\"D\u00e9couvrez les caract\u00e9ristiques et les conseils de pose du filtre haute efficacit\u00e9 HEPA HPM \u00e9di\u00e9s aux environnements contr\u00f4l\u00e9s.\",\"breadcrumb\":{\"@id\":\"https:\\\/\\\/www.afprofilters.com\\\/fr\\\/produit\\\/filtre-haute-efficacite-hepa-hpm\\\/#breadcrumb\"},\"inLanguage\":\"fr-FR\",\"potentialAction\":[{\"@type\":\"ReadAction\",\"target\":[\"https:\\\/\\\/www.afprofilters.com\\\/fr\\\/produit\\\/filtre-haute-efficacite-hepa-hpm\\\/\"]}]},{\"@type\":\"ImageObject\",\"inLanguage\":\"fr-FR\",\"@id\":\"https:\\\/\\\/www.afprofilters.com\\\/fr\\\/produit\\\/filtre-haute-efficacite-hepa-hpm\\\/#primaryimage\",\"url\":\"https:\\\/\\\/www.afprofilters.com\\\/wp-content\\\/uploads\\\/2016\\\/09\\\/HPM.jpg\",\"contentUrl\":\"https:\\\/\\\/www.afprofilters.com\\\/wp-content\\\/uploads\\\/2016\\\/09\\\/HPM.jpg\",\"width\":1887,\"height\":2000,\"caption\":\"Fotostudio IMAGO Hamsterkoog 17c 1822 CD Alkmaar Netherlands 072 5 620 625\"},{\"@type\":\"BreadcrumbList\",\"@id\":\"https:\\\/\\\/www.afprofilters.com\\\/fr\\\/produit\\\/filtre-haute-efficacite-hepa-hpm\\\/#breadcrumb\",\"itemListElement\":[{\"@type\":\"ListItem\",\"position\":1,\"name\":\"\",\"item\":\"https:\\\/\\\/www.afprofilters.com\\\/fr\\\/\"},{\"@type\":\"ListItem\",\"position\":2,\"name\":\"Products\",\"item\":\"https:\\\/\\\/www.afprofilters.com\\\/fr\\\/produit\\\/\"},{\"@type\":\"ListItem\",\"position\":3,\"name\":\"Filtre HEPA\",\"item\":\"https:\\\/\\\/www.afprofilters.com\\\/fr\\\/type-produit\\\/filtre-hepa\\\/\"},{\"@type\":\"ListItem\",\"position\":4,\"name\":\"Filtre HEPA HPM\"}]},{\"@type\":\"WebSite\",\"@id\":\"https:\\\/\\\/www.afprofilters.com\\\/fr\\\/#website\",\"url\":\"https:\\\/\\\/www.afprofilters.com\\\/fr\\\/\",\"name\":\"AFPRO\",\"description\":\"AFPRO Filters\",\"publisher\":{\"@id\":\"https:\\\/\\\/www.afprofilters.com\\\/fr\\\/#organization\"},\"potentialAction\":[{\"@type\":\"SearchAction\",\"target\":{\"@type\":\"EntryPoint\",\"urlTemplate\":\"https:\\\/\\\/www.afprofilters.com\\\/fr\\\/?s={search_term_string}\"},\"query-input\":{\"@type\":\"PropertyValueSpecification\",\"valueRequired\":true,\"valueName\":\"search_term_string\"}}],\"inLanguage\":\"fr-FR\"},{\"@type\":\"Organization\",\"@id\":\"https:\\\/\\\/www.afprofilters.com\\\/fr\\\/#organization\",\"name\":\"AFPRO\",\"url\":\"https:\\\/\\\/www.afprofilters.com\\\/fr\\\/\",\"logo\":{\"@type\":\"ImageObject\",\"inLanguage\":\"fr-FR\",\"@id\":\"https:\\\/\\\/www.afprofilters.com\\\/fr\\\/#\\\/schema\\\/logo\\\/image\\\/\",\"url\":\"https:\\\/\\\/www.afprofilters.com\\\/wp-content\\\/uploads\\\/2021\\\/05\\\/AFPRO-logo.png\",\"contentUrl\":\"https:\\\/\\\/www.afprofilters.com\\\/wp-content\\\/uploads\\\/2021\\\/05\\\/AFPRO-logo.png\",\"width\":640,\"height\":177,\"caption\":\"AFPRO\"},\"image\":{\"@id\":\"https:\\\/\\\/www.afprofilters.com\\\/fr\\\/#\\\/schema\\\/logo\\\/image\\\/\"}}]}<\/script>\n<!-- \/ Yoast SEO plugin. -->","yoast_head_json":{"title":"\u25b6 Filtre HEPA HPM - AFPRO Filters","description":"D\u00e9couvrez les caract\u00e9ristiques et les conseils de pose du filtre haute efficacit\u00e9 HEPA HPM \u00e9di\u00e9s aux environnements contr\u00f4l\u00e9s.","robots":{"index":"index","follow":"follow","max-snippet":"max-snippet:-1","max-image-preview":"max-image-preview:large","max-video-preview":"max-video-preview:-1"},"canonical":"https:\/\/www.afprofilters.com\/fr\/produit\/filtre-haute-efficacite-hepa-hpm\/","og_locale":"fr_FR","og_type":"article","og_title":"\u25b6 Filtre HEPA HPM - AFPRO Filters","og_description":"D\u00e9couvrez les caract\u00e9ristiques et les conseils de pose du filtre haute efficacit\u00e9 HEPA HPM \u00e9di\u00e9s aux environnements contr\u00f4l\u00e9s.","og_url":"https:\/\/www.afprofilters.com\/fr\/produit\/filtre-haute-efficacite-hepa-hpm\/","og_site_name":"AFPRO","article_modified_time":"2022-03-31T13:34:32+00:00","og_image":[{"width":1887,"height":2000,"url":"http:\/\/www.afprofilters.com\/wp-content\/uploads\/2016\/09\/HPM.jpg","type":"image\/jpeg"}],"twitter_card":"summary_large_image","twitter_misc":{"Dur\u00e9e de lecture estim\u00e9e":"1 minute"},"schema":{"@context":"https:\/\/schema.org","@graph":[{"@type":"WebPage","@id":"https:\/\/www.afprofilters.com\/fr\/produit\/filtre-haute-efficacite-hepa-hpm\/","url":"https:\/\/www.afprofilters.com\/fr\/produit\/filtre-haute-efficacite-hepa-hpm\/","name":"\u25b6 Filtre HEPA HPM - AFPRO Filters","isPartOf":{"@id":"https:\/\/www.afprofilters.com\/fr\/#website"},"primaryImageOfPage":{"@id":"https:\/\/www.afprofilters.com\/fr\/produit\/filtre-haute-efficacite-hepa-hpm\/#primaryimage"},"image":{"@id":"https:\/\/www.afprofilters.com\/fr\/produit\/filtre-haute-efficacite-hepa-hpm\/#primaryimage"},"thumbnailUrl":"https:\/\/www.afprofilters.com\/wp-content\/uploads\/2016\/09\/HPM.jpg","datePublished":"2016-09-09T11:42:42+00:00","dateModified":"2022-03-31T13:34:32+00:00","description":"D\u00e9couvrez les caract\u00e9ristiques et les conseils de pose du filtre haute efficacit\u00e9 HEPA HPM \u00e9di\u00e9s aux environnements contr\u00f4l\u00e9s.","breadcrumb":{"@id":"https:\/\/www.afprofilters.com\/fr\/produit\/filtre-haute-efficacite-hepa-hpm\/#breadcrumb"},"inLanguage":"fr-FR","potentialAction":[{"@type":"ReadAction","target":["https:\/\/www.afprofilters.com\/fr\/produit\/filtre-haute-efficacite-hepa-hpm\/"]}]},{"@type":"ImageObject","inLanguage":"fr-FR","@id":"https:\/\/www.afprofilters.com\/fr\/produit\/filtre-haute-efficacite-hepa-hpm\/#primaryimage","url":"https:\/\/www.afprofilters.com\/wp-content\/uploads\/2016\/09\/HPM.jpg","contentUrl":"https:\/\/www.afprofilters.com\/wp-content\/uploads\/2016\/09\/HPM.jpg","width":1887,"height":2000,"caption":"Fotostudio IMAGO Hamsterkoog 17c 1822 CD Alkmaar Netherlands 072 5 620 625"},{"@type":"BreadcrumbList","@id":"https:\/\/www.afprofilters.com\/fr\/produit\/filtre-haute-efficacite-hepa-hpm\/#breadcrumb","itemListElement":[{"@type":"ListItem","position":1,"name":"","item":"https:\/\/www.afprofilters.com\/fr\/"},{"@type":"ListItem","position":2,"name":"Products","item":"https:\/\/www.afprofilters.com\/fr\/produit\/"},{"@type":"ListItem","position":3,"name":"Filtre HEPA","item":"https:\/\/www.afprofilters.com\/fr\/type-produit\/filtre-hepa\/"},{"@type":"ListItem","position":4,"name":"Filtre HEPA HPM"}]},{"@type":"WebSite","@id":"https:\/\/www.afprofilters.com\/fr\/#website","url":"https:\/\/www.afprofilters.com\/fr\/","name":"AFPRO","description":"AFPRO Filters","publisher":{"@id":"https:\/\/www.afprofilters.com\/fr\/#organization"},"potentialAction":[{"@type":"SearchAction","target":{"@type":"EntryPoint","urlTemplate":"https:\/\/www.afprofilters.com\/fr\/?s={search_term_string}"},"query-input":{"@type":"PropertyValueSpecification","valueRequired":true,"valueName":"search_term_string"}}],"inLanguage":"fr-FR"},{"@type":"Organization","@id":"https:\/\/www.afprofilters.com\/fr\/#organization","name":"AFPRO","url":"https:\/\/www.afprofilters.com\/fr\/","logo":{"@type":"ImageObject","inLanguage":"fr-FR","@id":"https:\/\/www.afprofilters.com\/fr\/#\/schema\/logo\/image\/","url":"https:\/\/www.afprofilters.com\/wp-content\/uploads\/2021\/05\/AFPRO-logo.png","contentUrl":"https:\/\/www.afprofilters.com\/wp-content\/uploads\/2021\/05\/AFPRO-logo.png","width":640,"height":177,"caption":"AFPRO"},"image":{"@id":"https:\/\/www.afprofilters.com\/fr\/#\/schema\/logo\/image\/"}}]}},"_links":{"self":[{"href":"https:\/\/www.afprofilters.com\/fr\/wp-json\/wp\/v2\/product\/1825","targetHints":{"allow":["GET"]}}],"collection":[{"href":"https:\/\/www.afprofilters.com\/fr\/wp-json\/wp\/v2\/product"}],"about":[{"href":"https:\/\/www.afprofilters.com\/fr\/wp-json\/wp\/v2\/types\/product"}],"wp:featuredmedia":[{"embeddable":true,"href":"https:\/\/www.afprofilters.com\/fr\/wp-json\/wp\/v2\/media\/6596"}],"wp:attachment":[{"href":"https:\/\/www.afprofilters.com\/fr\/wp-json\/wp\/v2\/media?parent=1825"}],"wp:term":[{"taxonomy":"product_category","embeddable":true,"href":"https:\/\/www.afprofilters.com\/fr\/wp-json\/wp\/v2\/product_category?post=1825"}],"curies":[{"name":"wp","href":"https:\/\/api.w.org\/{rel}","templated":true}]}}