{"id":1797,"date":"2016-09-09T10:24:14","date_gmt":"2016-09-09T10:24:14","guid":{"rendered":"https:\/\/www.afprofilters.com\/?post_type=product&#038;p=1797&#038;lang=fr"},"modified":"2022-03-31T13:16:08","modified_gmt":"2022-03-31T13:16:08","slug":"filtre-compact-hpq-ak","status":"publish","type":"product","link":"https:\/\/www.afprofilters.com\/fr\/produit\/filtre-compact-hpq-ak\/","title":{"rendered":"Filtre compact HPQ AK"},"content":{"rendered":"<p id=\"tw-target-text\" class=\"tw-data-text tw-text-large XcVN5d tw-ta\" dir=\"ltr\" data-placeholder=\"Traduction\"><span lang=\"fr\"><strong>Le filtre compact HPQ AK<\/strong> est un filtre utilis\u00e9 dans les centrales de traitement d&rsquo;air, les syst\u00e8mes de climatisation, les syst\u00e8mes industriels et comme pr\u00e9filtre dans les salles blanches. Les filtres compacts ou HPQ sont des filtres \u00e0 mini-plis, qui sont assembl\u00e9s \u00e0 l&rsquo;int\u00e9rieur d&rsquo;un cadre en polystyr\u00e8ne. Ce type de filtre \u00e0 air r\u00e9siste \u00e0 des temp\u00e9ratures allant jusqu&rsquo;\u00e0 70 \u00b0 C. <\/span><\/p>\n<ul>\n<li class=\"tw-data-text tw-text-large XcVN5d tw-ta\" data-placeholder=\"Traduction\"><span lang=\"fr\"><strong>Cadre:<\/strong> plastique <\/span><\/li>\n<li class=\"tw-data-text tw-text-large XcVN5d tw-ta\" data-placeholder=\"Traduction\"><span lang=\"fr\"><strong>M\u00e9dia:<\/strong> milieu compos\u00e9 de milieu synth\u00e9tique combin\u00e9 avec du charbon actif <\/span><\/li>\n<li class=\"tw-data-text tw-text-large XcVN5d tw-ta\" data-placeholder=\"Traduction\"><span lang=\"fr\"><strong>J<\/strong><\/span><span lang=\"fr\"><strong>oint:<\/strong> joint coul\u00e9 continu en option<\/span><\/li>\n<\/ul>\n","protected":false},"featured_media":681,"parent":0,"template":"","format":"standard","product_category":[57],"class_list":["post-1797","product","type-product","status-publish","format-standard","has-post-thumbnail","hentry","product_category-filtre-compact"],"acf":[],"yoast_head":"<!-- This site is optimized with the Yoast SEO plugin v27.3 - https:\/\/yoast.com\/product\/yoast-seo-wordpress\/ -->\n<title>filtre compact HPQ AK - AFPRO Filters<\/title>\n<meta name=\"description\" content=\"Cliquez ici pour d\u00e9couvrir les astuces de pose, les caract\u00e9ristiques et les applications dans lesquelles utiliser le filtre compact HPQ AK.\" \/>\n<meta name=\"robots\" content=\"index, follow, max-snippet:-1, max-image-preview:large, max-video-preview:-1\" \/>\n<link rel=\"canonical\" href=\"https:\/\/www.afprofilters.com\/fr\/produit\/filtre-compact-hpq-ak\/\" \/>\n<meta property=\"og:locale\" content=\"fr_FR\" \/>\n<meta property=\"og:type\" content=\"article\" \/>\n<meta property=\"og:title\" content=\"filtre compact HPQ AK - AFPRO Filters\" \/>\n<meta property=\"og:description\" content=\"Cliquez ici pour d\u00e9couvrir les astuces de pose, les caract\u00e9ristiques et les applications dans lesquelles utiliser le filtre compact HPQ AK.\" \/>\n<meta property=\"og:url\" content=\"https:\/\/www.afprofilters.com\/fr\/produit\/filtre-compact-hpq-ak\/\" \/>\n<meta property=\"og:site_name\" content=\"AFPRO\" \/>\n<meta property=\"article:modified_time\" content=\"2022-03-31T13:16:08+00:00\" \/>\n<meta property=\"og:image\" content=\"http:\/\/www.afprofilters.com\/wp-content\/uploads\/2016\/09\/HPQ-AKA-A.jpg\" \/>\n\t<meta property=\"og:image:width\" content=\"400\" \/>\n\t<meta property=\"og:image:height\" content=\"400\" \/>\n\t<meta property=\"og:image:type\" content=\"image\/jpeg\" \/>\n<meta name=\"twitter:card\" content=\"summary_large_image\" \/>\n<meta name=\"twitter:label1\" content=\"Dur\u00e9e de lecture estim\u00e9e\" \/>\n\t<meta name=\"twitter:data1\" content=\"1 minute\" \/>\n<script type=\"application\/ld+json\" class=\"yoast-schema-graph\">{\"@context\":\"https:\\\/\\\/schema.org\",\"@graph\":[{\"@type\":\"WebPage\",\"@id\":\"https:\\\/\\\/www.afprofilters.com\\\/fr\\\/produit\\\/filtre-compact-hpq-ak\\\/\",\"url\":\"https:\\\/\\\/www.afprofilters.com\\\/fr\\\/produit\\\/filtre-compact-hpq-ak\\\/\",\"name\":\"filtre compact HPQ AK - AFPRO Filters\",\"isPartOf\":{\"@id\":\"https:\\\/\\\/www.afprofilters.com\\\/fr\\\/#website\"},\"primaryImageOfPage\":{\"@id\":\"https:\\\/\\\/www.afprofilters.com\\\/fr\\\/produit\\\/filtre-compact-hpq-ak\\\/#primaryimage\"},\"image\":{\"@id\":\"https:\\\/\\\/www.afprofilters.com\\\/fr\\\/produit\\\/filtre-compact-hpq-ak\\\/#primaryimage\"},\"thumbnailUrl\":\"https:\\\/\\\/www.afprofilters.com\\\/wp-content\\\/uploads\\\/2016\\\/09\\\/HPQ-AKA-A.jpg\",\"datePublished\":\"2016-09-09T10:24:14+00:00\",\"dateModified\":\"2022-03-31T13:16:08+00:00\",\"description\":\"Cliquez ici pour d\u00e9couvrir les astuces de pose, les caract\u00e9ristiques et les applications dans lesquelles utiliser le filtre compact HPQ AK.\",\"breadcrumb\":{\"@id\":\"https:\\\/\\\/www.afprofilters.com\\\/fr\\\/produit\\\/filtre-compact-hpq-ak\\\/#breadcrumb\"},\"inLanguage\":\"fr-FR\",\"potentialAction\":[{\"@type\":\"ReadAction\",\"target\":[\"https:\\\/\\\/www.afprofilters.com\\\/fr\\\/produit\\\/filtre-compact-hpq-ak\\\/\"]}]},{\"@type\":\"ImageObject\",\"inLanguage\":\"fr-FR\",\"@id\":\"https:\\\/\\\/www.afprofilters.com\\\/fr\\\/produit\\\/filtre-compact-hpq-ak\\\/#primaryimage\",\"url\":\"https:\\\/\\\/www.afprofilters.com\\\/wp-content\\\/uploads\\\/2016\\\/09\\\/HPQ-AKA-A.jpg\",\"contentUrl\":\"https:\\\/\\\/www.afprofilters.com\\\/wp-content\\\/uploads\\\/2016\\\/09\\\/HPQ-AKA-A.jpg\",\"width\":400,\"height\":400,\"caption\":\"filtre a air compact HPQ AK\"},{\"@type\":\"BreadcrumbList\",\"@id\":\"https:\\\/\\\/www.afprofilters.com\\\/fr\\\/produit\\\/filtre-compact-hpq-ak\\\/#breadcrumb\",\"itemListElement\":[{\"@type\":\"ListItem\",\"position\":1,\"name\":\"\",\"item\":\"https:\\\/\\\/www.afprofilters.com\\\/fr\\\/\"},{\"@type\":\"ListItem\",\"position\":2,\"name\":\"Products\",\"item\":\"https:\\\/\\\/www.afprofilters.com\\\/fr\\\/produit\\\/\"},{\"@type\":\"ListItem\",\"position\":3,\"name\":\"Filtre compact\",\"item\":\"https:\\\/\\\/www.afprofilters.com\\\/fr\\\/type-produit\\\/filtre-compact\\\/\"},{\"@type\":\"ListItem\",\"position\":4,\"name\":\"Filtre compact HPQ AK\"}]},{\"@type\":\"WebSite\",\"@id\":\"https:\\\/\\\/www.afprofilters.com\\\/fr\\\/#website\",\"url\":\"https:\\\/\\\/www.afprofilters.com\\\/fr\\\/\",\"name\":\"AFPRO\",\"description\":\"AFPRO Filters\",\"publisher\":{\"@id\":\"https:\\\/\\\/www.afprofilters.com\\\/fr\\\/#organization\"},\"potentialAction\":[{\"@type\":\"SearchAction\",\"target\":{\"@type\":\"EntryPoint\",\"urlTemplate\":\"https:\\\/\\\/www.afprofilters.com\\\/fr\\\/?s={search_term_string}\"},\"query-input\":{\"@type\":\"PropertyValueSpecification\",\"valueRequired\":true,\"valueName\":\"search_term_string\"}}],\"inLanguage\":\"fr-FR\"},{\"@type\":\"Organization\",\"@id\":\"https:\\\/\\\/www.afprofilters.com\\\/fr\\\/#organization\",\"name\":\"AFPRO\",\"url\":\"https:\\\/\\\/www.afprofilters.com\\\/fr\\\/\",\"logo\":{\"@type\":\"ImageObject\",\"inLanguage\":\"fr-FR\",\"@id\":\"https:\\\/\\\/www.afprofilters.com\\\/fr\\\/#\\\/schema\\\/logo\\\/image\\\/\",\"url\":\"https:\\\/\\\/www.afprofilters.com\\\/wp-content\\\/uploads\\\/2021\\\/05\\\/AFPRO-logo.png\",\"contentUrl\":\"https:\\\/\\\/www.afprofilters.com\\\/wp-content\\\/uploads\\\/2021\\\/05\\\/AFPRO-logo.png\",\"width\":640,\"height\":177,\"caption\":\"AFPRO\"},\"image\":{\"@id\":\"https:\\\/\\\/www.afprofilters.com\\\/fr\\\/#\\\/schema\\\/logo\\\/image\\\/\"}}]}<\/script>\n<!-- \/ Yoast SEO plugin. -->","yoast_head_json":{"title":"filtre compact HPQ AK - AFPRO Filters","description":"Cliquez ici pour d\u00e9couvrir les astuces de pose, les caract\u00e9ristiques et les applications dans lesquelles utiliser le filtre compact HPQ AK.","robots":{"index":"index","follow":"follow","max-snippet":"max-snippet:-1","max-image-preview":"max-image-preview:large","max-video-preview":"max-video-preview:-1"},"canonical":"https:\/\/www.afprofilters.com\/fr\/produit\/filtre-compact-hpq-ak\/","og_locale":"fr_FR","og_type":"article","og_title":"filtre compact HPQ AK - AFPRO Filters","og_description":"Cliquez ici pour d\u00e9couvrir les astuces de pose, les caract\u00e9ristiques et les applications dans lesquelles utiliser le filtre compact HPQ AK.","og_url":"https:\/\/www.afprofilters.com\/fr\/produit\/filtre-compact-hpq-ak\/","og_site_name":"AFPRO","article_modified_time":"2022-03-31T13:16:08+00:00","og_image":[{"width":400,"height":400,"url":"http:\/\/www.afprofilters.com\/wp-content\/uploads\/2016\/09\/HPQ-AKA-A.jpg","type":"image\/jpeg"}],"twitter_card":"summary_large_image","twitter_misc":{"Dur\u00e9e de lecture estim\u00e9e":"1 minute"},"schema":{"@context":"https:\/\/schema.org","@graph":[{"@type":"WebPage","@id":"https:\/\/www.afprofilters.com\/fr\/produit\/filtre-compact-hpq-ak\/","url":"https:\/\/www.afprofilters.com\/fr\/produit\/filtre-compact-hpq-ak\/","name":"filtre compact HPQ AK - AFPRO Filters","isPartOf":{"@id":"https:\/\/www.afprofilters.com\/fr\/#website"},"primaryImageOfPage":{"@id":"https:\/\/www.afprofilters.com\/fr\/produit\/filtre-compact-hpq-ak\/#primaryimage"},"image":{"@id":"https:\/\/www.afprofilters.com\/fr\/produit\/filtre-compact-hpq-ak\/#primaryimage"},"thumbnailUrl":"https:\/\/www.afprofilters.com\/wp-content\/uploads\/2016\/09\/HPQ-AKA-A.jpg","datePublished":"2016-09-09T10:24:14+00:00","dateModified":"2022-03-31T13:16:08+00:00","description":"Cliquez ici pour d\u00e9couvrir les astuces de pose, les caract\u00e9ristiques et les applications dans lesquelles utiliser le filtre compact HPQ AK.","breadcrumb":{"@id":"https:\/\/www.afprofilters.com\/fr\/produit\/filtre-compact-hpq-ak\/#breadcrumb"},"inLanguage":"fr-FR","potentialAction":[{"@type":"ReadAction","target":["https:\/\/www.afprofilters.com\/fr\/produit\/filtre-compact-hpq-ak\/"]}]},{"@type":"ImageObject","inLanguage":"fr-FR","@id":"https:\/\/www.afprofilters.com\/fr\/produit\/filtre-compact-hpq-ak\/#primaryimage","url":"https:\/\/www.afprofilters.com\/wp-content\/uploads\/2016\/09\/HPQ-AKA-A.jpg","contentUrl":"https:\/\/www.afprofilters.com\/wp-content\/uploads\/2016\/09\/HPQ-AKA-A.jpg","width":400,"height":400,"caption":"filtre a air compact HPQ AK"},{"@type":"BreadcrumbList","@id":"https:\/\/www.afprofilters.com\/fr\/produit\/filtre-compact-hpq-ak\/#breadcrumb","itemListElement":[{"@type":"ListItem","position":1,"name":"","item":"https:\/\/www.afprofilters.com\/fr\/"},{"@type":"ListItem","position":2,"name":"Products","item":"https:\/\/www.afprofilters.com\/fr\/produit\/"},{"@type":"ListItem","position":3,"name":"Filtre compact","item":"https:\/\/www.afprofilters.com\/fr\/type-produit\/filtre-compact\/"},{"@type":"ListItem","position":4,"name":"Filtre compact HPQ AK"}]},{"@type":"WebSite","@id":"https:\/\/www.afprofilters.com\/fr\/#website","url":"https:\/\/www.afprofilters.com\/fr\/","name":"AFPRO","description":"AFPRO Filters","publisher":{"@id":"https:\/\/www.afprofilters.com\/fr\/#organization"},"potentialAction":[{"@type":"SearchAction","target":{"@type":"EntryPoint","urlTemplate":"https:\/\/www.afprofilters.com\/fr\/?s={search_term_string}"},"query-input":{"@type":"PropertyValueSpecification","valueRequired":true,"valueName":"search_term_string"}}],"inLanguage":"fr-FR"},{"@type":"Organization","@id":"https:\/\/www.afprofilters.com\/fr\/#organization","name":"AFPRO","url":"https:\/\/www.afprofilters.com\/fr\/","logo":{"@type":"ImageObject","inLanguage":"fr-FR","@id":"https:\/\/www.afprofilters.com\/fr\/#\/schema\/logo\/image\/","url":"https:\/\/www.afprofilters.com\/wp-content\/uploads\/2021\/05\/AFPRO-logo.png","contentUrl":"https:\/\/www.afprofilters.com\/wp-content\/uploads\/2021\/05\/AFPRO-logo.png","width":640,"height":177,"caption":"AFPRO"},"image":{"@id":"https:\/\/www.afprofilters.com\/fr\/#\/schema\/logo\/image\/"}}]}},"_links":{"self":[{"href":"https:\/\/www.afprofilters.com\/fr\/wp-json\/wp\/v2\/product\/1797","targetHints":{"allow":["GET"]}}],"collection":[{"href":"https:\/\/www.afprofilters.com\/fr\/wp-json\/wp\/v2\/product"}],"about":[{"href":"https:\/\/www.afprofilters.com\/fr\/wp-json\/wp\/v2\/types\/product"}],"wp:featuredmedia":[{"embeddable":true,"href":"https:\/\/www.afprofilters.com\/fr\/wp-json\/wp\/v2\/media\/681"}],"wp:attachment":[{"href":"https:\/\/www.afprofilters.com\/fr\/wp-json\/wp\/v2\/media?parent=1797"}],"wp:term":[{"taxonomy":"product_category","embeddable":true,"href":"https:\/\/www.afprofilters.com\/fr\/wp-json\/wp\/v2\/product_category?post=1797"}],"curies":[{"name":"wp","href":"https:\/\/api.w.org\/{rel}","templated":true}]}}