{"id":1796,"date":"2016-09-09T10:20:40","date_gmt":"2016-09-09T10:20:40","guid":{"rendered":"https:\/\/www.afprofilters.com\/?post_type=product&#038;p=1796&#038;lang=fr"},"modified":"2026-02-24T08:36:09","modified_gmt":"2026-02-24T08:36:09","slug":"filtre-compact-hpq","status":"publish","type":"product","link":"https:\/\/www.afprofilters.com\/fr\/produit\/filtre-compact-hpq\/","title":{"rendered":"Filtre compact HPQ"},"content":{"rendered":"<p><strong>Les filtres compacts ou HPQ<\/strong> sont des filtres \u00e0 mini plis assembl\u00e9s sur un cadre en polyur\u00e9thane. Le m\u00e9dia filtrant en fibre de verre est fabriqu\u00e9 avec une \u00abtechnique de papier couch\u00e9 par voie humide\u00bb qui garantit une grande efficacit\u00e9 de r\u00e9tention de la poussi\u00e8re et une efficacit\u00e9 de filtre constante. Le filtre HPQ est class\u00e9 comme <strong>ePM1 80%, ePM1 70%, ePM1 55%, ePM2,5 55%<\/strong> conform\u00e9ment \u00e0 la norme ISO 16890 et<strong> E12, E11, E10<\/strong> conform\u00e9ment \u00e0 la norme EN1822.<\/p>\n<ul>\n<li><strong>Cadre:<\/strong> polyur\u00e9thane<\/li>\n<li><strong>M\u00e9dia:<\/strong> fibre de verre<\/li>\n<li><strong>Joint:<\/strong> joint coul\u00e9 continu en option<\/li>\n<\/ul>\n<p><img loading=\"lazy\" decoding=\"async\" class=\"alignnone  wp-image-32718\" src=\"http:\/\/www.afprofilters.com\/wp-content\/uploads\/2023\/03\/label-ECC-air-filters.png\" alt=\"eurovent\" width=\"294\" height=\"101\" srcset=\"https:\/\/www.afprofilters.com\/wp-content\/uploads\/2023\/03\/label-ECC-air-filters.png 1614w, https:\/\/www.afprofilters.com\/wp-content\/uploads\/2023\/03\/label-ECC-air-filters-300x103.png 300w, https:\/\/www.afprofilters.com\/wp-content\/uploads\/2023\/03\/label-ECC-air-filters-1024x352.png 1024w, https:\/\/www.afprofilters.com\/wp-content\/uploads\/2023\/03\/label-ECC-air-filters-768x264.png 768w, https:\/\/www.afprofilters.com\/wp-content\/uploads\/2023\/03\/label-ECC-air-filters-1536x528.png 1536w\" sizes=\"auto, (max-width: 294px) 100vw, 294px\" \/><br \/>\nAFPRO Filters BV participates in the ECP programme for Air filters (FIL). Check ongoing validity of certificate:\u00a0<a class=\"PrimaryLink BaseLink\" href=\"https:\/\/www.eurovent-certification.com\/\" target=\"_blank\" rel=\"noreferrer noopener\">WWW.EUROVENT-CERTIFICATION.COM<\/a><\/p>\n","protected":false},"featured_media":8915,"parent":0,"template":"","format":"standard","product_category":[57],"class_list":["post-1796","product","type-product","status-publish","format-standard","has-post-thumbnail","hentry","product_category-filtre-compact"],"acf":[],"yoast_head":"<!-- This site is optimized with the Yoast SEO plugin v27.3 - https:\/\/yoast.com\/product\/yoast-seo-wordpress\/ -->\n<title>\u25b6 filtre compact HPQ - AFPRO Filters<\/title>\n<meta name=\"description\" content=\"Le filtre compact HPQ se caract\u00e9rise par sa rigidit\u00e9 et sa r\u00e9sistance \u00e0 des\u00a0temp\u00e9ratures allant jusqu\u2019\u00e0 70\u00b0C. Pour plus d&#039;informations, cliquez ici.\" \/>\n<meta name=\"robots\" content=\"index, follow, max-snippet:-1, max-image-preview:large, max-video-preview:-1\" \/>\n<link rel=\"canonical\" href=\"https:\/\/www.afprofilters.com\/fr\/produit\/filtre-compact-hpq\/\" \/>\n<meta property=\"og:locale\" content=\"fr_FR\" \/>\n<meta property=\"og:type\" content=\"article\" \/>\n<meta property=\"og:title\" content=\"\u25b6 filtre compact HPQ - AFPRO Filters\" \/>\n<meta property=\"og:description\" content=\"Le filtre compact HPQ se caract\u00e9rise par sa rigidit\u00e9 et sa r\u00e9sistance \u00e0 des\u00a0temp\u00e9ratures allant jusqu\u2019\u00e0 70\u00b0C. Pour plus d&#039;informations, cliquez ici.\" \/>\n<meta property=\"og:url\" content=\"https:\/\/www.afprofilters.com\/fr\/produit\/filtre-compact-hpq\/\" \/>\n<meta property=\"og:site_name\" content=\"AFPRO\" \/>\n<meta property=\"article:modified_time\" content=\"2026-02-24T08:36:09+00:00\" \/>\n<meta property=\"og:image\" content=\"http:\/\/www.afprofilters.com\/wp-content\/uploads\/2016\/09\/HPQ-390x390.jpg\" \/>\n\t<meta property=\"og:image:width\" content=\"390\" \/>\n\t<meta property=\"og:image:height\" content=\"390\" \/>\n\t<meta property=\"og:image:type\" content=\"image\/jpeg\" \/>\n<meta name=\"twitter:card\" content=\"summary_large_image\" \/>\n<meta name=\"twitter:label1\" content=\"Dur\u00e9e de lecture estim\u00e9e\" \/>\n\t<meta name=\"twitter:data1\" content=\"1 minute\" \/>\n<script type=\"application\/ld+json\" class=\"yoast-schema-graph\">{\"@context\":\"https:\\\/\\\/schema.org\",\"@graph\":[{\"@type\":\"WebPage\",\"@id\":\"https:\\\/\\\/www.afprofilters.com\\\/fr\\\/produit\\\/filtre-compact-hpq\\\/\",\"url\":\"https:\\\/\\\/www.afprofilters.com\\\/fr\\\/produit\\\/filtre-compact-hpq\\\/\",\"name\":\"\u25b6 filtre compact HPQ - AFPRO Filters\",\"isPartOf\":{\"@id\":\"https:\\\/\\\/www.afprofilters.com\\\/fr\\\/#website\"},\"primaryImageOfPage\":{\"@id\":\"https:\\\/\\\/www.afprofilters.com\\\/fr\\\/produit\\\/filtre-compact-hpq\\\/#primaryimage\"},\"image\":{\"@id\":\"https:\\\/\\\/www.afprofilters.com\\\/fr\\\/produit\\\/filtre-compact-hpq\\\/#primaryimage\"},\"thumbnailUrl\":\"https:\\\/\\\/www.afprofilters.com\\\/wp-content\\\/uploads\\\/2016\\\/09\\\/HPQ-390x390.jpg\",\"datePublished\":\"2016-09-09T10:20:40+00:00\",\"dateModified\":\"2026-02-24T08:36:09+00:00\",\"description\":\"Le filtre compact HPQ se caract\u00e9rise par sa rigidit\u00e9 et sa r\u00e9sistance \u00e0 des\u00a0temp\u00e9ratures allant jusqu\u2019\u00e0 70\u00b0C. Pour plus d'informations, cliquez ici.\",\"breadcrumb\":{\"@id\":\"https:\\\/\\\/www.afprofilters.com\\\/fr\\\/produit\\\/filtre-compact-hpq\\\/#breadcrumb\"},\"inLanguage\":\"fr-FR\",\"potentialAction\":[{\"@type\":\"ReadAction\",\"target\":[\"https:\\\/\\\/www.afprofilters.com\\\/fr\\\/produit\\\/filtre-compact-hpq\\\/\"]}]},{\"@type\":\"ImageObject\",\"inLanguage\":\"fr-FR\",\"@id\":\"https:\\\/\\\/www.afprofilters.com\\\/fr\\\/produit\\\/filtre-compact-hpq\\\/#primaryimage\",\"url\":\"https:\\\/\\\/www.afprofilters.com\\\/wp-content\\\/uploads\\\/2016\\\/09\\\/HPQ-390x390.jpg\",\"contentUrl\":\"https:\\\/\\\/www.afprofilters.com\\\/wp-content\\\/uploads\\\/2016\\\/09\\\/HPQ-390x390.jpg\",\"width\":390,\"height\":390,\"caption\":\"filtre compact HPQ\"},{\"@type\":\"BreadcrumbList\",\"@id\":\"https:\\\/\\\/www.afprofilters.com\\\/fr\\\/produit\\\/filtre-compact-hpq\\\/#breadcrumb\",\"itemListElement\":[{\"@type\":\"ListItem\",\"position\":1,\"name\":\"\",\"item\":\"https:\\\/\\\/www.afprofilters.com\\\/fr\\\/\"},{\"@type\":\"ListItem\",\"position\":2,\"name\":\"Products\",\"item\":\"https:\\\/\\\/www.afprofilters.com\\\/fr\\\/produit\\\/\"},{\"@type\":\"ListItem\",\"position\":3,\"name\":\"Filtre compact\",\"item\":\"https:\\\/\\\/www.afprofilters.com\\\/fr\\\/type-produit\\\/filtre-compact\\\/\"},{\"@type\":\"ListItem\",\"position\":4,\"name\":\"Filtre compact HPQ\"}]},{\"@type\":\"WebSite\",\"@id\":\"https:\\\/\\\/www.afprofilters.com\\\/fr\\\/#website\",\"url\":\"https:\\\/\\\/www.afprofilters.com\\\/fr\\\/\",\"name\":\"AFPRO\",\"description\":\"AFPRO Filters\",\"publisher\":{\"@id\":\"https:\\\/\\\/www.afprofilters.com\\\/fr\\\/#organization\"},\"potentialAction\":[{\"@type\":\"SearchAction\",\"target\":{\"@type\":\"EntryPoint\",\"urlTemplate\":\"https:\\\/\\\/www.afprofilters.com\\\/fr\\\/?s={search_term_string}\"},\"query-input\":{\"@type\":\"PropertyValueSpecification\",\"valueRequired\":true,\"valueName\":\"search_term_string\"}}],\"inLanguage\":\"fr-FR\"},{\"@type\":\"Organization\",\"@id\":\"https:\\\/\\\/www.afprofilters.com\\\/fr\\\/#organization\",\"name\":\"AFPRO\",\"url\":\"https:\\\/\\\/www.afprofilters.com\\\/fr\\\/\",\"logo\":{\"@type\":\"ImageObject\",\"inLanguage\":\"fr-FR\",\"@id\":\"https:\\\/\\\/www.afprofilters.com\\\/fr\\\/#\\\/schema\\\/logo\\\/image\\\/\",\"url\":\"https:\\\/\\\/www.afprofilters.com\\\/wp-content\\\/uploads\\\/2021\\\/05\\\/AFPRO-logo.png\",\"contentUrl\":\"https:\\\/\\\/www.afprofilters.com\\\/wp-content\\\/uploads\\\/2021\\\/05\\\/AFPRO-logo.png\",\"width\":640,\"height\":177,\"caption\":\"AFPRO\"},\"image\":{\"@id\":\"https:\\\/\\\/www.afprofilters.com\\\/fr\\\/#\\\/schema\\\/logo\\\/image\\\/\"}}]}<\/script>\n<!-- \/ Yoast SEO plugin. -->","yoast_head_json":{"title":"\u25b6 filtre compact HPQ - AFPRO Filters","description":"Le filtre compact HPQ se caract\u00e9rise par sa rigidit\u00e9 et sa r\u00e9sistance \u00e0 des\u00a0temp\u00e9ratures allant jusqu\u2019\u00e0 70\u00b0C. Pour plus d'informations, cliquez ici.","robots":{"index":"index","follow":"follow","max-snippet":"max-snippet:-1","max-image-preview":"max-image-preview:large","max-video-preview":"max-video-preview:-1"},"canonical":"https:\/\/www.afprofilters.com\/fr\/produit\/filtre-compact-hpq\/","og_locale":"fr_FR","og_type":"article","og_title":"\u25b6 filtre compact HPQ - AFPRO Filters","og_description":"Le filtre compact HPQ se caract\u00e9rise par sa rigidit\u00e9 et sa r\u00e9sistance \u00e0 des\u00a0temp\u00e9ratures allant jusqu\u2019\u00e0 70\u00b0C. Pour plus d'informations, cliquez ici.","og_url":"https:\/\/www.afprofilters.com\/fr\/produit\/filtre-compact-hpq\/","og_site_name":"AFPRO","article_modified_time":"2026-02-24T08:36:09+00:00","og_image":[{"width":390,"height":390,"url":"http:\/\/www.afprofilters.com\/wp-content\/uploads\/2016\/09\/HPQ-390x390.jpg","type":"image\/jpeg"}],"twitter_card":"summary_large_image","twitter_misc":{"Dur\u00e9e de lecture estim\u00e9e":"1 minute"},"schema":{"@context":"https:\/\/schema.org","@graph":[{"@type":"WebPage","@id":"https:\/\/www.afprofilters.com\/fr\/produit\/filtre-compact-hpq\/","url":"https:\/\/www.afprofilters.com\/fr\/produit\/filtre-compact-hpq\/","name":"\u25b6 filtre compact HPQ - AFPRO Filters","isPartOf":{"@id":"https:\/\/www.afprofilters.com\/fr\/#website"},"primaryImageOfPage":{"@id":"https:\/\/www.afprofilters.com\/fr\/produit\/filtre-compact-hpq\/#primaryimage"},"image":{"@id":"https:\/\/www.afprofilters.com\/fr\/produit\/filtre-compact-hpq\/#primaryimage"},"thumbnailUrl":"https:\/\/www.afprofilters.com\/wp-content\/uploads\/2016\/09\/HPQ-390x390.jpg","datePublished":"2016-09-09T10:20:40+00:00","dateModified":"2026-02-24T08:36:09+00:00","description":"Le filtre compact HPQ se caract\u00e9rise par sa rigidit\u00e9 et sa r\u00e9sistance \u00e0 des\u00a0temp\u00e9ratures allant jusqu\u2019\u00e0 70\u00b0C. Pour plus d'informations, cliquez ici.","breadcrumb":{"@id":"https:\/\/www.afprofilters.com\/fr\/produit\/filtre-compact-hpq\/#breadcrumb"},"inLanguage":"fr-FR","potentialAction":[{"@type":"ReadAction","target":["https:\/\/www.afprofilters.com\/fr\/produit\/filtre-compact-hpq\/"]}]},{"@type":"ImageObject","inLanguage":"fr-FR","@id":"https:\/\/www.afprofilters.com\/fr\/produit\/filtre-compact-hpq\/#primaryimage","url":"https:\/\/www.afprofilters.com\/wp-content\/uploads\/2016\/09\/HPQ-390x390.jpg","contentUrl":"https:\/\/www.afprofilters.com\/wp-content\/uploads\/2016\/09\/HPQ-390x390.jpg","width":390,"height":390,"caption":"filtre compact HPQ"},{"@type":"BreadcrumbList","@id":"https:\/\/www.afprofilters.com\/fr\/produit\/filtre-compact-hpq\/#breadcrumb","itemListElement":[{"@type":"ListItem","position":1,"name":"","item":"https:\/\/www.afprofilters.com\/fr\/"},{"@type":"ListItem","position":2,"name":"Products","item":"https:\/\/www.afprofilters.com\/fr\/produit\/"},{"@type":"ListItem","position":3,"name":"Filtre compact","item":"https:\/\/www.afprofilters.com\/fr\/type-produit\/filtre-compact\/"},{"@type":"ListItem","position":4,"name":"Filtre compact HPQ"}]},{"@type":"WebSite","@id":"https:\/\/www.afprofilters.com\/fr\/#website","url":"https:\/\/www.afprofilters.com\/fr\/","name":"AFPRO","description":"AFPRO Filters","publisher":{"@id":"https:\/\/www.afprofilters.com\/fr\/#organization"},"potentialAction":[{"@type":"SearchAction","target":{"@type":"EntryPoint","urlTemplate":"https:\/\/www.afprofilters.com\/fr\/?s={search_term_string}"},"query-input":{"@type":"PropertyValueSpecification","valueRequired":true,"valueName":"search_term_string"}}],"inLanguage":"fr-FR"},{"@type":"Organization","@id":"https:\/\/www.afprofilters.com\/fr\/#organization","name":"AFPRO","url":"https:\/\/www.afprofilters.com\/fr\/","logo":{"@type":"ImageObject","inLanguage":"fr-FR","@id":"https:\/\/www.afprofilters.com\/fr\/#\/schema\/logo\/image\/","url":"https:\/\/www.afprofilters.com\/wp-content\/uploads\/2021\/05\/AFPRO-logo.png","contentUrl":"https:\/\/www.afprofilters.com\/wp-content\/uploads\/2021\/05\/AFPRO-logo.png","width":640,"height":177,"caption":"AFPRO"},"image":{"@id":"https:\/\/www.afprofilters.com\/fr\/#\/schema\/logo\/image\/"}}]}},"_links":{"self":[{"href":"https:\/\/www.afprofilters.com\/fr\/wp-json\/wp\/v2\/product\/1796","targetHints":{"allow":["GET"]}}],"collection":[{"href":"https:\/\/www.afprofilters.com\/fr\/wp-json\/wp\/v2\/product"}],"about":[{"href":"https:\/\/www.afprofilters.com\/fr\/wp-json\/wp\/v2\/types\/product"}],"wp:featuredmedia":[{"embeddable":true,"href":"https:\/\/www.afprofilters.com\/fr\/wp-json\/wp\/v2\/media\/8915"}],"wp:attachment":[{"href":"https:\/\/www.afprofilters.com\/fr\/wp-json\/wp\/v2\/media?parent=1796"}],"wp:term":[{"taxonomy":"product_category","embeddable":true,"href":"https:\/\/www.afprofilters.com\/fr\/wp-json\/wp\/v2\/product_category?post=1796"}],"curies":[{"name":"wp","href":"https:\/\/api.w.org\/{rel}","templated":true}]}}