{"id":1641,"date":"2016-09-08T09:32:35","date_gmt":"2016-09-08T09:32:35","guid":{"rendered":"https:\/\/www.afprofilters.com\/?post_type=product&#038;p=1641&#038;lang=fr"},"modified":"2022-03-31T06:47:03","modified_gmt":"2022-03-31T06:47:03","slug":"cylindre-a-charbon-actif","status":"publish","type":"product","link":"https:\/\/www.afprofilters.com\/fr\/produit\/cylindre-a-charbon-actif\/","title":{"rendered":"Cylindre \u00e0 charbon actif"},"content":{"rendered":"<p><strong>Les cylindres de charbon actif<\/strong> sont disponibles sous la forme ou les \u00e9l\u00e9ments, qui peuvent \u00eatre remplis de granul\u00e9s de charbon actif en vrac. Ces filtres sont g\u00e9n\u00e9ralement rechargeables et se caract\u00e9risent en outre par leur combinaison ou leur capacit\u00e9 d&rsquo;adsorption \u00e9lev\u00e9e et leur faible d\u00e9bit. Le d\u00e9bit de ces filtres est particuli\u00e8rement \u00e9lev\u00e9, tandis que leur capacit\u00e9 d&rsquo;adsorption est faible. Dans le cas de concentrations ou de gaz extr\u00eamement \u00e9lev\u00e9s, il est \u00e9galement conseill\u00e9 d&rsquo;utiliser de l&rsquo;acier inoxydable.<\/p>\n<ul>\n<li><strong>Cadre:<\/strong> acier galvanis\u00e9, acier inoxydable (RVS), plastique<\/li>\n<li><strong>Charbon actif:<\/strong> charbon actif g\u00e9n\u00e9rique M-carb. Carbone impr\u00e9gn\u00e9 sp\u00e9cifique S-carb \/ R-carb utilis\u00e9 pour les mus\u00e9es et les archives<\/li>\n<li><strong>Joint:<\/strong> Neopreen<\/li>\n<\/ul>\n<p>&nbsp;<\/p>\n<div class=\"tw-swapa\">\n<p>&nbsp;<\/p>\n<\/div>\n","protected":false},"featured_media":735,"parent":0,"template":"","format":"standard","product_category":[55],"class_list":["post-1641","product","type-product","status-publish","format-standard","has-post-thumbnail","hentry","product_category-filtre-a-charbon-actif"],"acf":[],"yoast_head":"<!-- This site is optimized with the Yoast SEO plugin v27.3 - https:\/\/yoast.com\/product\/yoast-seo-wordpress\/ -->\n<title>\u25b6 Cylindre \u00e0 charbon actif - AFPRO Filters<\/title>\n<meta name=\"description\" content=\"D\u00e9couvrez toutes les informations n\u00e9cessaires sur le cylindre \u00e0 charbon actif : construction, composition, applications et les conseils pour la pose.\" \/>\n<meta name=\"robots\" content=\"index, follow, max-snippet:-1, max-image-preview:large, max-video-preview:-1\" \/>\n<link rel=\"canonical\" href=\"https:\/\/www.afprofilters.com\/fr\/produit\/cylindre-a-charbon-actif\/\" \/>\n<meta property=\"og:locale\" content=\"fr_FR\" \/>\n<meta property=\"og:type\" content=\"article\" \/>\n<meta property=\"og:title\" content=\"\u25b6 Cylindre \u00e0 charbon actif - AFPRO Filters\" \/>\n<meta property=\"og:description\" content=\"D\u00e9couvrez toutes les informations n\u00e9cessaires sur le cylindre \u00e0 charbon actif : construction, composition, applications et les conseils pour la pose.\" \/>\n<meta property=\"og:url\" content=\"https:\/\/www.afprofilters.com\/fr\/produit\/cylindre-a-charbon-actif\/\" \/>\n<meta property=\"og:site_name\" content=\"AFPRO\" \/>\n<meta property=\"article:modified_time\" content=\"2022-03-31T06:47:03+00:00\" \/>\n<meta property=\"og:image\" content=\"http:\/\/www.afprofilters.com\/wp-content\/uploads\/2016\/09\/AC-2-26-402x1024-2.jpg\" \/>\n\t<meta property=\"og:image:width\" content=\"1366\" \/>\n\t<meta property=\"og:image:height\" content=\"1024\" \/>\n\t<meta property=\"og:image:type\" content=\"image\/jpeg\" \/>\n<meta name=\"twitter:card\" content=\"summary_large_image\" \/>\n<meta name=\"twitter:label1\" content=\"Dur\u00e9e de lecture estim\u00e9e\" \/>\n\t<meta name=\"twitter:data1\" content=\"1 minute\" \/>\n<script type=\"application\/ld+json\" class=\"yoast-schema-graph\">{\"@context\":\"https:\\\/\\\/schema.org\",\"@graph\":[{\"@type\":\"WebPage\",\"@id\":\"https:\\\/\\\/www.afprofilters.com\\\/fr\\\/produit\\\/cylindre-a-charbon-actif\\\/\",\"url\":\"https:\\\/\\\/www.afprofilters.com\\\/fr\\\/produit\\\/cylindre-a-charbon-actif\\\/\",\"name\":\"\u25b6 Cylindre \u00e0 charbon actif - AFPRO Filters\",\"isPartOf\":{\"@id\":\"https:\\\/\\\/www.afprofilters.com\\\/fr\\\/#website\"},\"primaryImageOfPage\":{\"@id\":\"https:\\\/\\\/www.afprofilters.com\\\/fr\\\/produit\\\/cylindre-a-charbon-actif\\\/#primaryimage\"},\"image\":{\"@id\":\"https:\\\/\\\/www.afprofilters.com\\\/fr\\\/produit\\\/cylindre-a-charbon-actif\\\/#primaryimage\"},\"thumbnailUrl\":\"https:\\\/\\\/www.afprofilters.com\\\/wp-content\\\/uploads\\\/2016\\\/09\\\/AC-2-26-402x1024-2.jpg\",\"datePublished\":\"2016-09-08T09:32:35+00:00\",\"dateModified\":\"2022-03-31T06:47:03+00:00\",\"description\":\"D\u00e9couvrez toutes les informations n\u00e9cessaires sur le cylindre \u00e0 charbon actif : construction, composition, applications et les conseils pour la pose.\",\"breadcrumb\":{\"@id\":\"https:\\\/\\\/www.afprofilters.com\\\/fr\\\/produit\\\/cylindre-a-charbon-actif\\\/#breadcrumb\"},\"inLanguage\":\"fr-FR\",\"potentialAction\":[{\"@type\":\"ReadAction\",\"target\":[\"https:\\\/\\\/www.afprofilters.com\\\/fr\\\/produit\\\/cylindre-a-charbon-actif\\\/\"]}]},{\"@type\":\"ImageObject\",\"inLanguage\":\"fr-FR\",\"@id\":\"https:\\\/\\\/www.afprofilters.com\\\/fr\\\/produit\\\/cylindre-a-charbon-actif\\\/#primaryimage\",\"url\":\"https:\\\/\\\/www.afprofilters.com\\\/wp-content\\\/uploads\\\/2016\\\/09\\\/AC-2-26-402x1024-2.jpg\",\"contentUrl\":\"https:\\\/\\\/www.afprofilters.com\\\/wp-content\\\/uploads\\\/2016\\\/09\\\/AC-2-26-402x1024-2.jpg\",\"width\":1366,\"height\":1024,\"caption\":\"zie filename\"},{\"@type\":\"BreadcrumbList\",\"@id\":\"https:\\\/\\\/www.afprofilters.com\\\/fr\\\/produit\\\/cylindre-a-charbon-actif\\\/#breadcrumb\",\"itemListElement\":[{\"@type\":\"ListItem\",\"position\":1,\"name\":\"\",\"item\":\"https:\\\/\\\/www.afprofilters.com\\\/fr\\\/\"},{\"@type\":\"ListItem\",\"position\":2,\"name\":\"Products\",\"item\":\"https:\\\/\\\/www.afprofilters.com\\\/fr\\\/produit\\\/\"},{\"@type\":\"ListItem\",\"position\":3,\"name\":\"Filtre \u00e0 charbon actif\",\"item\":\"https:\\\/\\\/www.afprofilters.com\\\/fr\\\/type-produit\\\/filtre-a-charbon-actif\\\/\"},{\"@type\":\"ListItem\",\"position\":4,\"name\":\"Cylindre \u00e0 charbon actif\"}]},{\"@type\":\"WebSite\",\"@id\":\"https:\\\/\\\/www.afprofilters.com\\\/fr\\\/#website\",\"url\":\"https:\\\/\\\/www.afprofilters.com\\\/fr\\\/\",\"name\":\"AFPRO\",\"description\":\"AFPRO Filters\",\"publisher\":{\"@id\":\"https:\\\/\\\/www.afprofilters.com\\\/fr\\\/#organization\"},\"potentialAction\":[{\"@type\":\"SearchAction\",\"target\":{\"@type\":\"EntryPoint\",\"urlTemplate\":\"https:\\\/\\\/www.afprofilters.com\\\/fr\\\/?s={search_term_string}\"},\"query-input\":{\"@type\":\"PropertyValueSpecification\",\"valueRequired\":true,\"valueName\":\"search_term_string\"}}],\"inLanguage\":\"fr-FR\"},{\"@type\":\"Organization\",\"@id\":\"https:\\\/\\\/www.afprofilters.com\\\/fr\\\/#organization\",\"name\":\"AFPRO\",\"url\":\"https:\\\/\\\/www.afprofilters.com\\\/fr\\\/\",\"logo\":{\"@type\":\"ImageObject\",\"inLanguage\":\"fr-FR\",\"@id\":\"https:\\\/\\\/www.afprofilters.com\\\/fr\\\/#\\\/schema\\\/logo\\\/image\\\/\",\"url\":\"https:\\\/\\\/www.afprofilters.com\\\/wp-content\\\/uploads\\\/2021\\\/05\\\/AFPRO-logo.png\",\"contentUrl\":\"https:\\\/\\\/www.afprofilters.com\\\/wp-content\\\/uploads\\\/2021\\\/05\\\/AFPRO-logo.png\",\"width\":640,\"height\":177,\"caption\":\"AFPRO\"},\"image\":{\"@id\":\"https:\\\/\\\/www.afprofilters.com\\\/fr\\\/#\\\/schema\\\/logo\\\/image\\\/\"}}]}<\/script>\n<!-- \/ Yoast SEO plugin. -->","yoast_head_json":{"title":"\u25b6 Cylindre \u00e0 charbon actif - AFPRO Filters","description":"D\u00e9couvrez toutes les informations n\u00e9cessaires sur le cylindre \u00e0 charbon actif : construction, composition, applications et les conseils pour la pose.","robots":{"index":"index","follow":"follow","max-snippet":"max-snippet:-1","max-image-preview":"max-image-preview:large","max-video-preview":"max-video-preview:-1"},"canonical":"https:\/\/www.afprofilters.com\/fr\/produit\/cylindre-a-charbon-actif\/","og_locale":"fr_FR","og_type":"article","og_title":"\u25b6 Cylindre \u00e0 charbon actif - AFPRO Filters","og_description":"D\u00e9couvrez toutes les informations n\u00e9cessaires sur le cylindre \u00e0 charbon actif : construction, composition, applications et les conseils pour la pose.","og_url":"https:\/\/www.afprofilters.com\/fr\/produit\/cylindre-a-charbon-actif\/","og_site_name":"AFPRO","article_modified_time":"2022-03-31T06:47:03+00:00","og_image":[{"width":1366,"height":1024,"url":"http:\/\/www.afprofilters.com\/wp-content\/uploads\/2016\/09\/AC-2-26-402x1024-2.jpg","type":"image\/jpeg"}],"twitter_card":"summary_large_image","twitter_misc":{"Dur\u00e9e de lecture estim\u00e9e":"1 minute"},"schema":{"@context":"https:\/\/schema.org","@graph":[{"@type":"WebPage","@id":"https:\/\/www.afprofilters.com\/fr\/produit\/cylindre-a-charbon-actif\/","url":"https:\/\/www.afprofilters.com\/fr\/produit\/cylindre-a-charbon-actif\/","name":"\u25b6 Cylindre \u00e0 charbon actif - AFPRO Filters","isPartOf":{"@id":"https:\/\/www.afprofilters.com\/fr\/#website"},"primaryImageOfPage":{"@id":"https:\/\/www.afprofilters.com\/fr\/produit\/cylindre-a-charbon-actif\/#primaryimage"},"image":{"@id":"https:\/\/www.afprofilters.com\/fr\/produit\/cylindre-a-charbon-actif\/#primaryimage"},"thumbnailUrl":"https:\/\/www.afprofilters.com\/wp-content\/uploads\/2016\/09\/AC-2-26-402x1024-2.jpg","datePublished":"2016-09-08T09:32:35+00:00","dateModified":"2022-03-31T06:47:03+00:00","description":"D\u00e9couvrez toutes les informations n\u00e9cessaires sur le cylindre \u00e0 charbon actif : construction, composition, applications et les conseils pour la pose.","breadcrumb":{"@id":"https:\/\/www.afprofilters.com\/fr\/produit\/cylindre-a-charbon-actif\/#breadcrumb"},"inLanguage":"fr-FR","potentialAction":[{"@type":"ReadAction","target":["https:\/\/www.afprofilters.com\/fr\/produit\/cylindre-a-charbon-actif\/"]}]},{"@type":"ImageObject","inLanguage":"fr-FR","@id":"https:\/\/www.afprofilters.com\/fr\/produit\/cylindre-a-charbon-actif\/#primaryimage","url":"https:\/\/www.afprofilters.com\/wp-content\/uploads\/2016\/09\/AC-2-26-402x1024-2.jpg","contentUrl":"https:\/\/www.afprofilters.com\/wp-content\/uploads\/2016\/09\/AC-2-26-402x1024-2.jpg","width":1366,"height":1024,"caption":"zie filename"},{"@type":"BreadcrumbList","@id":"https:\/\/www.afprofilters.com\/fr\/produit\/cylindre-a-charbon-actif\/#breadcrumb","itemListElement":[{"@type":"ListItem","position":1,"name":"","item":"https:\/\/www.afprofilters.com\/fr\/"},{"@type":"ListItem","position":2,"name":"Products","item":"https:\/\/www.afprofilters.com\/fr\/produit\/"},{"@type":"ListItem","position":3,"name":"Filtre \u00e0 charbon actif","item":"https:\/\/www.afprofilters.com\/fr\/type-produit\/filtre-a-charbon-actif\/"},{"@type":"ListItem","position":4,"name":"Cylindre \u00e0 charbon actif"}]},{"@type":"WebSite","@id":"https:\/\/www.afprofilters.com\/fr\/#website","url":"https:\/\/www.afprofilters.com\/fr\/","name":"AFPRO","description":"AFPRO Filters","publisher":{"@id":"https:\/\/www.afprofilters.com\/fr\/#organization"},"potentialAction":[{"@type":"SearchAction","target":{"@type":"EntryPoint","urlTemplate":"https:\/\/www.afprofilters.com\/fr\/?s={search_term_string}"},"query-input":{"@type":"PropertyValueSpecification","valueRequired":true,"valueName":"search_term_string"}}],"inLanguage":"fr-FR"},{"@type":"Organization","@id":"https:\/\/www.afprofilters.com\/fr\/#organization","name":"AFPRO","url":"https:\/\/www.afprofilters.com\/fr\/","logo":{"@type":"ImageObject","inLanguage":"fr-FR","@id":"https:\/\/www.afprofilters.com\/fr\/#\/schema\/logo\/image\/","url":"https:\/\/www.afprofilters.com\/wp-content\/uploads\/2021\/05\/AFPRO-logo.png","contentUrl":"https:\/\/www.afprofilters.com\/wp-content\/uploads\/2021\/05\/AFPRO-logo.png","width":640,"height":177,"caption":"AFPRO"},"image":{"@id":"https:\/\/www.afprofilters.com\/fr\/#\/schema\/logo\/image\/"}}]}},"_links":{"self":[{"href":"https:\/\/www.afprofilters.com\/fr\/wp-json\/wp\/v2\/product\/1641","targetHints":{"allow":["GET"]}}],"collection":[{"href":"https:\/\/www.afprofilters.com\/fr\/wp-json\/wp\/v2\/product"}],"about":[{"href":"https:\/\/www.afprofilters.com\/fr\/wp-json\/wp\/v2\/types\/product"}],"wp:featuredmedia":[{"embeddable":true,"href":"https:\/\/www.afprofilters.com\/fr\/wp-json\/wp\/v2\/media\/735"}],"wp:attachment":[{"href":"https:\/\/www.afprofilters.com\/fr\/wp-json\/wp\/v2\/media?parent=1641"}],"wp:term":[{"taxonomy":"product_category","embeddable":true,"href":"https:\/\/www.afprofilters.com\/fr\/wp-json\/wp\/v2\/product_category?post=1641"}],"curies":[{"name":"wp","href":"https:\/\/api.w.org\/{rel}","templated":true}]}}