{"id":16083,"date":"2019-10-22T07:17:00","date_gmt":"2019-10-22T07:17:00","guid":{"rendered":"http:\/\/rcmrfan.cluster024.hosting.ovh.net\/?post_type=product&#038;p=16083"},"modified":"2026-03-03T08:29:13","modified_gmt":"2026-03-03T08:29:13","slug":"caisson-gaine-hl-da","status":"publish","type":"product","link":"https:\/\/www.afprofilters.com\/fr\/produit\/caisson-gaine-hl-da\/","title":{"rendered":"Caisson gaine HL-DA"},"content":{"rendered":"<p>Pour les environnements tertiaires et industriels, une bonne qualit\u00e9 d\u2019air int\u00e9rieur est essentielle pour le bien \u00eatre des employ\u00e9s, des visiteurs ou des clients. Le <strong>caisson HL DA<\/strong> couvre les besoins rencontr\u00e9s en filtration particulaire et mol\u00e9culaire.<\/p>\n<p>Adapt\u00e9 pour une installation sur un r\u00e9seau de gaines, le caisson HL DA peut \u00eatre install\u00e9 en int\u00e9rieur comme en ext\u00e9rieur. Modulable et robuste, ce caisson est construit en acier galvanis\u00e9 monobloc et est disponible en plusieurs dimensions standard pour traiter des d\u00e9bits de 50 m3\/h \u00e0 30000 m3\/h. Il peut comprendre une ou plusieurs sections de filtration et offre une facilit\u00e9 de maintenance gr\u00e2ce \u00e0 des syst\u00e8mes de montage et de serrage adapt\u00e9s \u00e0 chaque typologie de filtre de la pr\u00e9filtration \u00e0 la filtration absolue. Le caisson HL DA existe avec de multiples options adaptables selon vos installations et vos besoins.<\/p>\n","protected":false},"featured_media":16084,"parent":0,"template":"","format":"standard","product_category":[693],"class_list":["post-16083","product","type-product","status-publish","format-standard","has-post-thumbnail","hentry","product_category-caisson-de-filtration"],"acf":[],"yoast_head":"<!-- This site is optimized with the Yoast SEO plugin v27.3 - https:\/\/yoast.com\/product\/yoast-seo-wordpress\/ -->\n<title>Caisson gaine - AFPRO Filters<\/title>\n<meta name=\"description\" content=\"\u2705 Caisson de filtration gaine HL-DA - AFPRO Filters \u2705 | \u27a8 Destin\u00e9 \u00e0 l&#039;industrie et milieu hospitalier, le caisson HL-DA se retrouve pour l\u2019installation de un ou plusieurs \u00e9tages de filtration dans un r\u00e9seau de gaine.\" \/>\n<meta name=\"robots\" content=\"index, follow, max-snippet:-1, max-image-preview:large, max-video-preview:-1\" \/>\n<link rel=\"canonical\" href=\"https:\/\/www.afprofilters.com\/fr\/produit\/caisson-gaine-hl-da\/\" \/>\n<meta property=\"og:locale\" content=\"fr_FR\" \/>\n<meta property=\"og:type\" content=\"article\" \/>\n<meta property=\"og:title\" content=\"Caisson gaine - AFPRO Filters\" \/>\n<meta property=\"og:description\" content=\"\u2705 Caisson de filtration gaine HL-DA - AFPRO Filters \u2705 | \u27a8 Destin\u00e9 \u00e0 l&#039;industrie et milieu hospitalier, le caisson HL-DA se retrouve pour l\u2019installation de un ou plusieurs \u00e9tages de filtration dans un r\u00e9seau de gaine.\" \/>\n<meta property=\"og:url\" content=\"https:\/\/www.afprofilters.com\/fr\/produit\/caisson-gaine-hl-da\/\" \/>\n<meta property=\"og:site_name\" content=\"AFPRO\" \/>\n<meta property=\"article:modified_time\" content=\"2026-03-03T08:29:13+00:00\" \/>\n<meta property=\"og:image\" content=\"http:\/\/www.afprofilters.com\/wp-content\/uploads\/2019\/10\/Caisson-gaine-HL-DA-e1571903261480.png\" \/>\n\t<meta property=\"og:image:width\" content=\"382\" \/>\n\t<meta property=\"og:image:height\" content=\"348\" \/>\n\t<meta property=\"og:image:type\" content=\"image\/png\" \/>\n<meta name=\"twitter:card\" content=\"summary_large_image\" \/>\n<meta name=\"twitter:label1\" content=\"Dur\u00e9e de lecture estim\u00e9e\" \/>\n\t<meta name=\"twitter:data1\" content=\"1 minute\" \/>\n<script type=\"application\/ld+json\" class=\"yoast-schema-graph\">{\"@context\":\"https:\\\/\\\/schema.org\",\"@graph\":[{\"@type\":\"WebPage\",\"@id\":\"https:\\\/\\\/www.afprofilters.com\\\/fr\\\/produit\\\/caisson-gaine-hl-da\\\/\",\"url\":\"https:\\\/\\\/www.afprofilters.com\\\/fr\\\/produit\\\/caisson-gaine-hl-da\\\/\",\"name\":\"Caisson gaine - AFPRO Filters\",\"isPartOf\":{\"@id\":\"https:\\\/\\\/www.afprofilters.com\\\/fr\\\/#website\"},\"primaryImageOfPage\":{\"@id\":\"https:\\\/\\\/www.afprofilters.com\\\/fr\\\/produit\\\/caisson-gaine-hl-da\\\/#primaryimage\"},\"image\":{\"@id\":\"https:\\\/\\\/www.afprofilters.com\\\/fr\\\/produit\\\/caisson-gaine-hl-da\\\/#primaryimage\"},\"thumbnailUrl\":\"https:\\\/\\\/www.afprofilters.com\\\/wp-content\\\/uploads\\\/2019\\\/10\\\/Caisson-gaine-HL-DA-e1571903261480.png\",\"datePublished\":\"2019-10-22T07:17:00+00:00\",\"dateModified\":\"2026-03-03T08:29:13+00:00\",\"description\":\"\u2705 Caisson de filtration gaine HL-DA - AFPRO Filters \u2705 | \u27a8 Destin\u00e9 \u00e0 l'industrie et milieu hospitalier, le caisson HL-DA se retrouve pour l\u2019installation de un ou plusieurs \u00e9tages de filtration dans un r\u00e9seau de gaine.\",\"breadcrumb\":{\"@id\":\"https:\\\/\\\/www.afprofilters.com\\\/fr\\\/produit\\\/caisson-gaine-hl-da\\\/#breadcrumb\"},\"inLanguage\":\"fr-FR\",\"potentialAction\":[{\"@type\":\"ReadAction\",\"target\":[\"https:\\\/\\\/www.afprofilters.com\\\/fr\\\/produit\\\/caisson-gaine-hl-da\\\/\"]}]},{\"@type\":\"ImageObject\",\"inLanguage\":\"fr-FR\",\"@id\":\"https:\\\/\\\/www.afprofilters.com\\\/fr\\\/produit\\\/caisson-gaine-hl-da\\\/#primaryimage\",\"url\":\"https:\\\/\\\/www.afprofilters.com\\\/wp-content\\\/uploads\\\/2019\\\/10\\\/Caisson-gaine-HL-DA-e1571903261480.png\",\"contentUrl\":\"https:\\\/\\\/www.afprofilters.com\\\/wp-content\\\/uploads\\\/2019\\\/10\\\/Caisson-gaine-HL-DA-e1571903261480.png\",\"width\":382,\"height\":348,\"caption\":\"caisson gaine HL-DA\"},{\"@type\":\"BreadcrumbList\",\"@id\":\"https:\\\/\\\/www.afprofilters.com\\\/fr\\\/produit\\\/caisson-gaine-hl-da\\\/#breadcrumb\",\"itemListElement\":[{\"@type\":\"ListItem\",\"position\":1,\"name\":\"\",\"item\":\"https:\\\/\\\/www.afprofilters.com\\\/fr\\\/\"},{\"@type\":\"ListItem\",\"position\":2,\"name\":\"Products\",\"item\":\"https:\\\/\\\/www.afprofilters.com\\\/fr\\\/produit\\\/\"},{\"@type\":\"ListItem\",\"position\":3,\"name\":\"Caissons de filtration\",\"item\":\"https:\\\/\\\/www.afprofilters.com\\\/fr\\\/type-produit\\\/caisson-de-filtration\\\/\"},{\"@type\":\"ListItem\",\"position\":4,\"name\":\"Caisson gaine HL-DA\"}]},{\"@type\":\"WebSite\",\"@id\":\"https:\\\/\\\/www.afprofilters.com\\\/fr\\\/#website\",\"url\":\"https:\\\/\\\/www.afprofilters.com\\\/fr\\\/\",\"name\":\"AFPRO\",\"description\":\"AFPRO Filters\",\"publisher\":{\"@id\":\"https:\\\/\\\/www.afprofilters.com\\\/fr\\\/#organization\"},\"potentialAction\":[{\"@type\":\"SearchAction\",\"target\":{\"@type\":\"EntryPoint\",\"urlTemplate\":\"https:\\\/\\\/www.afprofilters.com\\\/fr\\\/?s={search_term_string}\"},\"query-input\":{\"@type\":\"PropertyValueSpecification\",\"valueRequired\":true,\"valueName\":\"search_term_string\"}}],\"inLanguage\":\"fr-FR\"},{\"@type\":\"Organization\",\"@id\":\"https:\\\/\\\/www.afprofilters.com\\\/fr\\\/#organization\",\"name\":\"AFPRO\",\"url\":\"https:\\\/\\\/www.afprofilters.com\\\/fr\\\/\",\"logo\":{\"@type\":\"ImageObject\",\"inLanguage\":\"fr-FR\",\"@id\":\"https:\\\/\\\/www.afprofilters.com\\\/fr\\\/#\\\/schema\\\/logo\\\/image\\\/\",\"url\":\"https:\\\/\\\/www.afprofilters.com\\\/wp-content\\\/uploads\\\/2021\\\/05\\\/AFPRO-logo.png\",\"contentUrl\":\"https:\\\/\\\/www.afprofilters.com\\\/wp-content\\\/uploads\\\/2021\\\/05\\\/AFPRO-logo.png\",\"width\":640,\"height\":177,\"caption\":\"AFPRO\"},\"image\":{\"@id\":\"https:\\\/\\\/www.afprofilters.com\\\/fr\\\/#\\\/schema\\\/logo\\\/image\\\/\"}}]}<\/script>\n<!-- \/ Yoast SEO plugin. -->","yoast_head_json":{"title":"Caisson gaine - AFPRO Filters","description":"\u2705 Caisson de filtration gaine HL-DA - AFPRO Filters \u2705 | \u27a8 Destin\u00e9 \u00e0 l'industrie et milieu hospitalier, le caisson HL-DA se retrouve pour l\u2019installation de un ou plusieurs \u00e9tages de filtration dans un r\u00e9seau de gaine.","robots":{"index":"index","follow":"follow","max-snippet":"max-snippet:-1","max-image-preview":"max-image-preview:large","max-video-preview":"max-video-preview:-1"},"canonical":"https:\/\/www.afprofilters.com\/fr\/produit\/caisson-gaine-hl-da\/","og_locale":"fr_FR","og_type":"article","og_title":"Caisson gaine - AFPRO Filters","og_description":"\u2705 Caisson de filtration gaine HL-DA - AFPRO Filters \u2705 | \u27a8 Destin\u00e9 \u00e0 l'industrie et milieu hospitalier, le caisson HL-DA se retrouve pour l\u2019installation de un ou plusieurs \u00e9tages de filtration dans un r\u00e9seau de gaine.","og_url":"https:\/\/www.afprofilters.com\/fr\/produit\/caisson-gaine-hl-da\/","og_site_name":"AFPRO","article_modified_time":"2026-03-03T08:29:13+00:00","og_image":[{"width":382,"height":348,"url":"http:\/\/www.afprofilters.com\/wp-content\/uploads\/2019\/10\/Caisson-gaine-HL-DA-e1571903261480.png","type":"image\/png"}],"twitter_card":"summary_large_image","twitter_misc":{"Dur\u00e9e de lecture estim\u00e9e":"1 minute"},"schema":{"@context":"https:\/\/schema.org","@graph":[{"@type":"WebPage","@id":"https:\/\/www.afprofilters.com\/fr\/produit\/caisson-gaine-hl-da\/","url":"https:\/\/www.afprofilters.com\/fr\/produit\/caisson-gaine-hl-da\/","name":"Caisson gaine - AFPRO Filters","isPartOf":{"@id":"https:\/\/www.afprofilters.com\/fr\/#website"},"primaryImageOfPage":{"@id":"https:\/\/www.afprofilters.com\/fr\/produit\/caisson-gaine-hl-da\/#primaryimage"},"image":{"@id":"https:\/\/www.afprofilters.com\/fr\/produit\/caisson-gaine-hl-da\/#primaryimage"},"thumbnailUrl":"https:\/\/www.afprofilters.com\/wp-content\/uploads\/2019\/10\/Caisson-gaine-HL-DA-e1571903261480.png","datePublished":"2019-10-22T07:17:00+00:00","dateModified":"2026-03-03T08:29:13+00:00","description":"\u2705 Caisson de filtration gaine HL-DA - AFPRO Filters \u2705 | \u27a8 Destin\u00e9 \u00e0 l'industrie et milieu hospitalier, le caisson HL-DA se retrouve pour l\u2019installation de un ou plusieurs \u00e9tages de filtration dans un r\u00e9seau de gaine.","breadcrumb":{"@id":"https:\/\/www.afprofilters.com\/fr\/produit\/caisson-gaine-hl-da\/#breadcrumb"},"inLanguage":"fr-FR","potentialAction":[{"@type":"ReadAction","target":["https:\/\/www.afprofilters.com\/fr\/produit\/caisson-gaine-hl-da\/"]}]},{"@type":"ImageObject","inLanguage":"fr-FR","@id":"https:\/\/www.afprofilters.com\/fr\/produit\/caisson-gaine-hl-da\/#primaryimage","url":"https:\/\/www.afprofilters.com\/wp-content\/uploads\/2019\/10\/Caisson-gaine-HL-DA-e1571903261480.png","contentUrl":"https:\/\/www.afprofilters.com\/wp-content\/uploads\/2019\/10\/Caisson-gaine-HL-DA-e1571903261480.png","width":382,"height":348,"caption":"caisson gaine HL-DA"},{"@type":"BreadcrumbList","@id":"https:\/\/www.afprofilters.com\/fr\/produit\/caisson-gaine-hl-da\/#breadcrumb","itemListElement":[{"@type":"ListItem","position":1,"name":"","item":"https:\/\/www.afprofilters.com\/fr\/"},{"@type":"ListItem","position":2,"name":"Products","item":"https:\/\/www.afprofilters.com\/fr\/produit\/"},{"@type":"ListItem","position":3,"name":"Caissons de filtration","item":"https:\/\/www.afprofilters.com\/fr\/type-produit\/caisson-de-filtration\/"},{"@type":"ListItem","position":4,"name":"Caisson gaine HL-DA"}]},{"@type":"WebSite","@id":"https:\/\/www.afprofilters.com\/fr\/#website","url":"https:\/\/www.afprofilters.com\/fr\/","name":"AFPRO","description":"AFPRO Filters","publisher":{"@id":"https:\/\/www.afprofilters.com\/fr\/#organization"},"potentialAction":[{"@type":"SearchAction","target":{"@type":"EntryPoint","urlTemplate":"https:\/\/www.afprofilters.com\/fr\/?s={search_term_string}"},"query-input":{"@type":"PropertyValueSpecification","valueRequired":true,"valueName":"search_term_string"}}],"inLanguage":"fr-FR"},{"@type":"Organization","@id":"https:\/\/www.afprofilters.com\/fr\/#organization","name":"AFPRO","url":"https:\/\/www.afprofilters.com\/fr\/","logo":{"@type":"ImageObject","inLanguage":"fr-FR","@id":"https:\/\/www.afprofilters.com\/fr\/#\/schema\/logo\/image\/","url":"https:\/\/www.afprofilters.com\/wp-content\/uploads\/2021\/05\/AFPRO-logo.png","contentUrl":"https:\/\/www.afprofilters.com\/wp-content\/uploads\/2021\/05\/AFPRO-logo.png","width":640,"height":177,"caption":"AFPRO"},"image":{"@id":"https:\/\/www.afprofilters.com\/fr\/#\/schema\/logo\/image\/"}}]}},"_links":{"self":[{"href":"https:\/\/www.afprofilters.com\/fr\/wp-json\/wp\/v2\/product\/16083","targetHints":{"allow":["GET"]}}],"collection":[{"href":"https:\/\/www.afprofilters.com\/fr\/wp-json\/wp\/v2\/product"}],"about":[{"href":"https:\/\/www.afprofilters.com\/fr\/wp-json\/wp\/v2\/types\/product"}],"wp:featuredmedia":[{"embeddable":true,"href":"https:\/\/www.afprofilters.com\/fr\/wp-json\/wp\/v2\/media\/16084"}],"wp:attachment":[{"href":"https:\/\/www.afprofilters.com\/fr\/wp-json\/wp\/v2\/media?parent=16083"}],"wp:term":[{"taxonomy":"product_category","embeddable":true,"href":"https:\/\/www.afprofilters.com\/fr\/wp-json\/wp\/v2\/product_category?post=16083"}],"curies":[{"name":"wp","href":"https:\/\/api.w.org\/{rel}","templated":true}]}}