{"id":10319,"date":"2019-02-15T08:34:37","date_gmt":"2019-02-15T08:34:37","guid":{"rendered":"http:\/\/rcmrfan.cluster024.hosting.ovh.net\/?post_type=product&#038;p=10319"},"modified":"2023-04-11T06:50:16","modified_gmt":"2023-04-11T06:50:16","slug":"filtre-a-poches-hq55","status":"publish","type":"product","link":"https:\/\/www.afprofilters.com\/fr\/produit\/filtre-a-poches-hq55\/","title":{"rendered":"Filtre \u00e0 poches HQ55"},"content":{"rendered":"<p id=\"tw-target-text\" class=\"tw-data-text tw-text-large XcVN5d tw-ta\" dir=\"ltr\" data-placeholder=\"Traduction\"><span lang=\"fr\">Les m\u00e9dias filtrants, fabriqu\u00e9s \u00e0 la fois \u00e0 partir de fibres de polym\u00e8re et de verre, sont assembl\u00e9s dans un cadre robuste en acier galvanis\u00e9 ou en aluminium. <\/span><\/p>\n<ul>\n<li class=\"tw-data-text tw-text-large XcVN5d tw-ta\" data-placeholder=\"Traduction\"><span lang=\"fr\"><strong>Cadre:<\/strong> aluminium <\/span><\/li>\n<li class=\"tw-data-text tw-text-large XcVN5d tw-ta\" data-placeholder=\"Traduction\"><span lang=\"fr\"><strong>M\u00e9dia:<\/strong> fibre de verre <\/span><\/li>\n<li class=\"tw-data-text tw-text-large XcVN5d tw-ta\" data-placeholder=\"Traduction\"><span lang=\"fr\"><strong>Joint:<\/strong> joint coul\u00e9 continu en option<\/span><\/li>\n<\/ul>\n<p><img loading=\"lazy\" decoding=\"async\" class=\"alignnone wp-image-32718 \" src=\"http:\/\/www.afprofilters.com\/wp-content\/uploads\/2023\/03\/label-ECC-air-filters.png\" alt=\"eurovent\" width=\"285\" height=\"98\" srcset=\"https:\/\/www.afprofilters.com\/wp-content\/uploads\/2023\/03\/label-ECC-air-filters.png 1614w, https:\/\/www.afprofilters.com\/wp-content\/uploads\/2023\/03\/label-ECC-air-filters-300x103.png 300w, https:\/\/www.afprofilters.com\/wp-content\/uploads\/2023\/03\/label-ECC-air-filters-1024x352.png 1024w, https:\/\/www.afprofilters.com\/wp-content\/uploads\/2023\/03\/label-ECC-air-filters-768x264.png 768w, https:\/\/www.afprofilters.com\/wp-content\/uploads\/2023\/03\/label-ECC-air-filters-1536x528.png 1536w\" sizes=\"auto, (max-width: 285px) 100vw, 285px\" \/><\/p>\n<p>AFPRO Filters BV participates in the ECP programme for Air filters (FIL). Check ongoing validity of certificate: <a class=\"PrimaryLink BaseLink\" href=\"https:\/\/www.eurovent-certification.com\/\" target=\"_blank\" rel=\"noreferrer noopener\">www.eurovent-certification.com<\/a><\/p>\n","protected":false},"featured_media":10320,"parent":0,"template":"","format":"standard","product_category":[56],"class_list":["post-10319","product","type-product","status-publish","format-standard","has-post-thumbnail","hentry","product_category-filtre-a-poches"],"acf":[],"yoast_head":"<!-- This site is optimized with the Yoast SEO plugin v27.3 - https:\/\/yoast.com\/product\/yoast-seo-wordpress\/ -->\n<title>Filtre a poches HQ55<\/title>\n<meta name=\"description\" content=\"D\u00e9couvrez le filtre a poches HQ55, ses caract\u00e9ristiques et ses avantages en cliquant sur ce lien.\" \/>\n<meta name=\"robots\" content=\"index, follow, max-snippet:-1, max-image-preview:large, max-video-preview:-1\" \/>\n<link rel=\"canonical\" href=\"https:\/\/www.afprofilters.com\/fr\/produit\/filtre-a-poches-hq55\/\" \/>\n<meta property=\"og:locale\" content=\"fr_FR\" \/>\n<meta property=\"og:type\" content=\"article\" \/>\n<meta property=\"og:title\" content=\"Filtre a poches HQ55\" \/>\n<meta property=\"og:description\" content=\"D\u00e9couvrez le filtre a poches HQ55, ses caract\u00e9ristiques et ses avantages en cliquant sur ce lien.\" \/>\n<meta property=\"og:url\" content=\"https:\/\/www.afprofilters.com\/fr\/produit\/filtre-a-poches-hq55\/\" \/>\n<meta property=\"og:site_name\" content=\"AFPRO\" \/>\n<meta property=\"article:modified_time\" content=\"2023-04-11T06:50:16+00:00\" \/>\n<meta property=\"og:image\" content=\"http:\/\/www.afprofilters.com\/wp-content\/uploads\/2019\/02\/HQ55.jpg\" \/>\n\t<meta property=\"og:image:width\" content=\"1905\" \/>\n\t<meta property=\"og:image:height\" content=\"2000\" \/>\n\t<meta property=\"og:image:type\" content=\"image\/jpeg\" \/>\n<meta name=\"twitter:card\" content=\"summary_large_image\" \/>\n<meta name=\"twitter:label1\" content=\"Dur\u00e9e de lecture estim\u00e9e\" \/>\n\t<meta name=\"twitter:data1\" content=\"1 minute\" \/>\n<script type=\"application\/ld+json\" class=\"yoast-schema-graph\">{\"@context\":\"https:\\\/\\\/schema.org\",\"@graph\":[{\"@type\":\"WebPage\",\"@id\":\"https:\\\/\\\/www.afprofilters.com\\\/fr\\\/produit\\\/filtre-a-poches-hq55\\\/\",\"url\":\"https:\\\/\\\/www.afprofilters.com\\\/fr\\\/produit\\\/filtre-a-poches-hq55\\\/\",\"name\":\"Filtre a poches HQ55\",\"isPartOf\":{\"@id\":\"https:\\\/\\\/www.afprofilters.com\\\/fr\\\/#website\"},\"primaryImageOfPage\":{\"@id\":\"https:\\\/\\\/www.afprofilters.com\\\/fr\\\/produit\\\/filtre-a-poches-hq55\\\/#primaryimage\"},\"image\":{\"@id\":\"https:\\\/\\\/www.afprofilters.com\\\/fr\\\/produit\\\/filtre-a-poches-hq55\\\/#primaryimage\"},\"thumbnailUrl\":\"https:\\\/\\\/www.afprofilters.com\\\/wp-content\\\/uploads\\\/2019\\\/02\\\/HQ55.jpg\",\"datePublished\":\"2019-02-15T08:34:37+00:00\",\"dateModified\":\"2023-04-11T06:50:16+00:00\",\"description\":\"D\u00e9couvrez le filtre a poches HQ55, ses caract\u00e9ristiques et ses avantages en cliquant sur ce lien.\",\"breadcrumb\":{\"@id\":\"https:\\\/\\\/www.afprofilters.com\\\/fr\\\/produit\\\/filtre-a-poches-hq55\\\/#breadcrumb\"},\"inLanguage\":\"fr-FR\",\"potentialAction\":[{\"@type\":\"ReadAction\",\"target\":[\"https:\\\/\\\/www.afprofilters.com\\\/fr\\\/produit\\\/filtre-a-poches-hq55\\\/\"]}]},{\"@type\":\"ImageObject\",\"inLanguage\":\"fr-FR\",\"@id\":\"https:\\\/\\\/www.afprofilters.com\\\/fr\\\/produit\\\/filtre-a-poches-hq55\\\/#primaryimage\",\"url\":\"https:\\\/\\\/www.afprofilters.com\\\/wp-content\\\/uploads\\\/2019\\\/02\\\/HQ55.jpg\",\"contentUrl\":\"https:\\\/\\\/www.afprofilters.com\\\/wp-content\\\/uploads\\\/2019\\\/02\\\/HQ55.jpg\",\"width\":1905,\"height\":2000,\"caption\":\"Filtre a poches HQ55\"},{\"@type\":\"BreadcrumbList\",\"@id\":\"https:\\\/\\\/www.afprofilters.com\\\/fr\\\/produit\\\/filtre-a-poches-hq55\\\/#breadcrumb\",\"itemListElement\":[{\"@type\":\"ListItem\",\"position\":1,\"name\":\"\",\"item\":\"https:\\\/\\\/www.afprofilters.com\\\/fr\\\/\"},{\"@type\":\"ListItem\",\"position\":2,\"name\":\"Products\",\"item\":\"https:\\\/\\\/www.afprofilters.com\\\/fr\\\/produit\\\/\"},{\"@type\":\"ListItem\",\"position\":3,\"name\":\"Filtre a poches\",\"item\":\"https:\\\/\\\/www.afprofilters.com\\\/fr\\\/type-produit\\\/filtre-a-poches\\\/\"},{\"@type\":\"ListItem\",\"position\":4,\"name\":\"Filtre \u00e0 poches HQ55\"}]},{\"@type\":\"WebSite\",\"@id\":\"https:\\\/\\\/www.afprofilters.com\\\/fr\\\/#website\",\"url\":\"https:\\\/\\\/www.afprofilters.com\\\/fr\\\/\",\"name\":\"AFPRO\",\"description\":\"AFPRO Filters\",\"publisher\":{\"@id\":\"https:\\\/\\\/www.afprofilters.com\\\/fr\\\/#organization\"},\"potentialAction\":[{\"@type\":\"SearchAction\",\"target\":{\"@type\":\"EntryPoint\",\"urlTemplate\":\"https:\\\/\\\/www.afprofilters.com\\\/fr\\\/?s={search_term_string}\"},\"query-input\":{\"@type\":\"PropertyValueSpecification\",\"valueRequired\":true,\"valueName\":\"search_term_string\"}}],\"inLanguage\":\"fr-FR\"},{\"@type\":\"Organization\",\"@id\":\"https:\\\/\\\/www.afprofilters.com\\\/fr\\\/#organization\",\"name\":\"AFPRO\",\"url\":\"https:\\\/\\\/www.afprofilters.com\\\/fr\\\/\",\"logo\":{\"@type\":\"ImageObject\",\"inLanguage\":\"fr-FR\",\"@id\":\"https:\\\/\\\/www.afprofilters.com\\\/fr\\\/#\\\/schema\\\/logo\\\/image\\\/\",\"url\":\"https:\\\/\\\/www.afprofilters.com\\\/wp-content\\\/uploads\\\/2021\\\/05\\\/AFPRO-logo.png\",\"contentUrl\":\"https:\\\/\\\/www.afprofilters.com\\\/wp-content\\\/uploads\\\/2021\\\/05\\\/AFPRO-logo.png\",\"width\":640,\"height\":177,\"caption\":\"AFPRO\"},\"image\":{\"@id\":\"https:\\\/\\\/www.afprofilters.com\\\/fr\\\/#\\\/schema\\\/logo\\\/image\\\/\"}}]}<\/script>\n<!-- \/ Yoast SEO plugin. -->","yoast_head_json":{"title":"Filtre a poches HQ55","description":"D\u00e9couvrez le filtre a poches HQ55, ses caract\u00e9ristiques et ses avantages en cliquant sur ce lien.","robots":{"index":"index","follow":"follow","max-snippet":"max-snippet:-1","max-image-preview":"max-image-preview:large","max-video-preview":"max-video-preview:-1"},"canonical":"https:\/\/www.afprofilters.com\/fr\/produit\/filtre-a-poches-hq55\/","og_locale":"fr_FR","og_type":"article","og_title":"Filtre a poches HQ55","og_description":"D\u00e9couvrez le filtre a poches HQ55, ses caract\u00e9ristiques et ses avantages en cliquant sur ce lien.","og_url":"https:\/\/www.afprofilters.com\/fr\/produit\/filtre-a-poches-hq55\/","og_site_name":"AFPRO","article_modified_time":"2023-04-11T06:50:16+00:00","og_image":[{"width":1905,"height":2000,"url":"http:\/\/www.afprofilters.com\/wp-content\/uploads\/2019\/02\/HQ55.jpg","type":"image\/jpeg"}],"twitter_card":"summary_large_image","twitter_misc":{"Dur\u00e9e de lecture estim\u00e9e":"1 minute"},"schema":{"@context":"https:\/\/schema.org","@graph":[{"@type":"WebPage","@id":"https:\/\/www.afprofilters.com\/fr\/produit\/filtre-a-poches-hq55\/","url":"https:\/\/www.afprofilters.com\/fr\/produit\/filtre-a-poches-hq55\/","name":"Filtre a poches HQ55","isPartOf":{"@id":"https:\/\/www.afprofilters.com\/fr\/#website"},"primaryImageOfPage":{"@id":"https:\/\/www.afprofilters.com\/fr\/produit\/filtre-a-poches-hq55\/#primaryimage"},"image":{"@id":"https:\/\/www.afprofilters.com\/fr\/produit\/filtre-a-poches-hq55\/#primaryimage"},"thumbnailUrl":"https:\/\/www.afprofilters.com\/wp-content\/uploads\/2019\/02\/HQ55.jpg","datePublished":"2019-02-15T08:34:37+00:00","dateModified":"2023-04-11T06:50:16+00:00","description":"D\u00e9couvrez le filtre a poches HQ55, ses caract\u00e9ristiques et ses avantages en cliquant sur ce lien.","breadcrumb":{"@id":"https:\/\/www.afprofilters.com\/fr\/produit\/filtre-a-poches-hq55\/#breadcrumb"},"inLanguage":"fr-FR","potentialAction":[{"@type":"ReadAction","target":["https:\/\/www.afprofilters.com\/fr\/produit\/filtre-a-poches-hq55\/"]}]},{"@type":"ImageObject","inLanguage":"fr-FR","@id":"https:\/\/www.afprofilters.com\/fr\/produit\/filtre-a-poches-hq55\/#primaryimage","url":"https:\/\/www.afprofilters.com\/wp-content\/uploads\/2019\/02\/HQ55.jpg","contentUrl":"https:\/\/www.afprofilters.com\/wp-content\/uploads\/2019\/02\/HQ55.jpg","width":1905,"height":2000,"caption":"Filtre a poches HQ55"},{"@type":"BreadcrumbList","@id":"https:\/\/www.afprofilters.com\/fr\/produit\/filtre-a-poches-hq55\/#breadcrumb","itemListElement":[{"@type":"ListItem","position":1,"name":"","item":"https:\/\/www.afprofilters.com\/fr\/"},{"@type":"ListItem","position":2,"name":"Products","item":"https:\/\/www.afprofilters.com\/fr\/produit\/"},{"@type":"ListItem","position":3,"name":"Filtre a poches","item":"https:\/\/www.afprofilters.com\/fr\/type-produit\/filtre-a-poches\/"},{"@type":"ListItem","position":4,"name":"Filtre \u00e0 poches HQ55"}]},{"@type":"WebSite","@id":"https:\/\/www.afprofilters.com\/fr\/#website","url":"https:\/\/www.afprofilters.com\/fr\/","name":"AFPRO","description":"AFPRO Filters","publisher":{"@id":"https:\/\/www.afprofilters.com\/fr\/#organization"},"potentialAction":[{"@type":"SearchAction","target":{"@type":"EntryPoint","urlTemplate":"https:\/\/www.afprofilters.com\/fr\/?s={search_term_string}"},"query-input":{"@type":"PropertyValueSpecification","valueRequired":true,"valueName":"search_term_string"}}],"inLanguage":"fr-FR"},{"@type":"Organization","@id":"https:\/\/www.afprofilters.com\/fr\/#organization","name":"AFPRO","url":"https:\/\/www.afprofilters.com\/fr\/","logo":{"@type":"ImageObject","inLanguage":"fr-FR","@id":"https:\/\/www.afprofilters.com\/fr\/#\/schema\/logo\/image\/","url":"https:\/\/www.afprofilters.com\/wp-content\/uploads\/2021\/05\/AFPRO-logo.png","contentUrl":"https:\/\/www.afprofilters.com\/wp-content\/uploads\/2021\/05\/AFPRO-logo.png","width":640,"height":177,"caption":"AFPRO"},"image":{"@id":"https:\/\/www.afprofilters.com\/fr\/#\/schema\/logo\/image\/"}}]}},"_links":{"self":[{"href":"https:\/\/www.afprofilters.com\/fr\/wp-json\/wp\/v2\/product\/10319","targetHints":{"allow":["GET"]}}],"collection":[{"href":"https:\/\/www.afprofilters.com\/fr\/wp-json\/wp\/v2\/product"}],"about":[{"href":"https:\/\/www.afprofilters.com\/fr\/wp-json\/wp\/v2\/types\/product"}],"wp:featuredmedia":[{"embeddable":true,"href":"https:\/\/www.afprofilters.com\/fr\/wp-json\/wp\/v2\/media\/10320"}],"wp:attachment":[{"href":"https:\/\/www.afprofilters.com\/fr\/wp-json\/wp\/v2\/media?parent=10319"}],"wp:term":[{"taxonomy":"product_category","embeddable":true,"href":"https:\/\/www.afprofilters.com\/fr\/wp-json\/wp\/v2\/product_category?post=10319"}],"curies":[{"name":"wp","href":"https:\/\/api.w.org\/{rel}","templated":true}]}}