{"id":10253,"date":"2019-02-12T14:24:34","date_gmt":"2019-02-12T14:24:34","guid":{"rendered":"http:\/\/rcmrfan.cluster024.hosting.ovh.net\/?post_type=product&#038;p=10253"},"modified":"2025-02-12T13:07:24","modified_gmt":"2025-02-12T13:07:24","slug":"panneau-charbon-actif-apak","status":"publish","type":"product","link":"https:\/\/www.afprofilters.com\/fr\/produit\/panneau-charbon-actif-apak\/","title":{"rendered":"Panneau charbon actif APAK"},"content":{"rendered":"<p>Le <strong>panneau charbon actif APAK&nbsp;<\/strong>est un filtre pliss\u00e9 et assembl\u00e9 dans un cadre&nbsp;en plastique renforc\u00e9 dont le m\u00e9dia impr\u00e9gn\u00e9 de charbon actif permet de retraiter les odeurs.<\/p>\n<ul>\n<li><strong>Cadre :<\/strong> plastique renforc\u00e9 (ABS\/Polystyr\u00e8ne).<\/li>\n<li><strong>M\u00e9dia : <\/strong>impr\u00e9gn\u00e9 de charbon actif<\/li>\n<li><strong>Joint :&nbsp;<\/strong>Polyur\u00e9thane en option<\/li>\n<\/ul>\n","protected":false},"featured_media":10254,"parent":0,"template":"","format":"standard","product_category":[55,62],"class_list":["post-10253","product","type-product","status-publish","format-standard","has-post-thumbnail","hentry","product_category-filtre-a-charbon-actif","product_category-panneau-filtrant"],"acf":[],"yoast_head":"<!-- This site is optimized with the Yoast SEO plugin v27.3 - https:\/\/yoast.com\/product\/yoast-seo-wordpress\/ -->\n<title>Panneau charbon actif APAK<\/title>\n<meta name=\"description\" content=\"Vous souhaitez en savoir plus sur le panneau charbon actif APAK et sa composition en charbon actif ? Cliquez sur ce lien.\" \/>\n<meta name=\"robots\" content=\"index, follow, max-snippet:-1, max-image-preview:large, max-video-preview:-1\" \/>\n<link rel=\"canonical\" href=\"https:\/\/www.afprofilters.com\/fr\/produit\/panneau-charbon-actif-apak\/\" \/>\n<meta property=\"og:locale\" content=\"fr_FR\" \/>\n<meta property=\"og:type\" content=\"article\" \/>\n<meta property=\"og:title\" content=\"Panneau charbon actif APAK\" \/>\n<meta property=\"og:description\" content=\"Vous souhaitez en savoir plus sur le panneau charbon actif APAK et sa composition en charbon actif ? Cliquez sur ce lien.\" \/>\n<meta property=\"og:url\" content=\"https:\/\/www.afprofilters.com\/fr\/produit\/panneau-charbon-actif-apak\/\" \/>\n<meta property=\"og:site_name\" content=\"AFPRO\" \/>\n<meta property=\"article:modified_time\" content=\"2025-02-12T13:07:24+00:00\" \/>\n<meta property=\"og:image\" content=\"http:\/\/www.afprofilters.com\/wp-content\/uploads\/2019\/02\/APAK24X24X2-953x1024.jpg\" \/>\n\t<meta property=\"og:image:width\" content=\"953\" \/>\n\t<meta property=\"og:image:height\" content=\"1024\" \/>\n\t<meta property=\"og:image:type\" content=\"image\/jpeg\" \/>\n<meta name=\"twitter:card\" content=\"summary_large_image\" \/>\n<meta name=\"twitter:label1\" content=\"Dur\u00e9e de lecture estim\u00e9e\" \/>\n\t<meta name=\"twitter:data1\" content=\"1 minute\" \/>\n<script type=\"application\/ld+json\" class=\"yoast-schema-graph\">{\"@context\":\"https:\\\/\\\/schema.org\",\"@graph\":[{\"@type\":\"WebPage\",\"@id\":\"https:\\\/\\\/www.afprofilters.com\\\/fr\\\/produit\\\/panneau-charbon-actif-apak\\\/\",\"url\":\"https:\\\/\\\/www.afprofilters.com\\\/fr\\\/produit\\\/panneau-charbon-actif-apak\\\/\",\"name\":\"Panneau charbon actif APAK\",\"isPartOf\":{\"@id\":\"https:\\\/\\\/www.afprofilters.com\\\/fr\\\/#website\"},\"primaryImageOfPage\":{\"@id\":\"https:\\\/\\\/www.afprofilters.com\\\/fr\\\/produit\\\/panneau-charbon-actif-apak\\\/#primaryimage\"},\"image\":{\"@id\":\"https:\\\/\\\/www.afprofilters.com\\\/fr\\\/produit\\\/panneau-charbon-actif-apak\\\/#primaryimage\"},\"thumbnailUrl\":\"https:\\\/\\\/www.afprofilters.com\\\/wp-content\\\/uploads\\\/2019\\\/02\\\/APAK24X24X2.jpg\",\"datePublished\":\"2019-02-12T14:24:34+00:00\",\"dateModified\":\"2025-02-12T13:07:24+00:00\",\"description\":\"Vous souhaitez en savoir plus sur le panneau charbon actif APAK et sa composition en charbon actif ? Cliquez sur ce lien.\",\"breadcrumb\":{\"@id\":\"https:\\\/\\\/www.afprofilters.com\\\/fr\\\/produit\\\/panneau-charbon-actif-apak\\\/#breadcrumb\"},\"inLanguage\":\"fr-FR\",\"potentialAction\":[{\"@type\":\"ReadAction\",\"target\":[\"https:\\\/\\\/www.afprofilters.com\\\/fr\\\/produit\\\/panneau-charbon-actif-apak\\\/\"]}]},{\"@type\":\"ImageObject\",\"inLanguage\":\"fr-FR\",\"@id\":\"https:\\\/\\\/www.afprofilters.com\\\/fr\\\/produit\\\/panneau-charbon-actif-apak\\\/#primaryimage\",\"url\":\"https:\\\/\\\/www.afprofilters.com\\\/wp-content\\\/uploads\\\/2019\\\/02\\\/APAK24X24X2.jpg\",\"contentUrl\":\"https:\\\/\\\/www.afprofilters.com\\\/wp-content\\\/uploads\\\/2019\\\/02\\\/APAK24X24X2.jpg\",\"width\":4912,\"height\":5277,\"caption\":\"Panneau charbon actif APAK\"},{\"@type\":\"BreadcrumbList\",\"@id\":\"https:\\\/\\\/www.afprofilters.com\\\/fr\\\/produit\\\/panneau-charbon-actif-apak\\\/#breadcrumb\",\"itemListElement\":[{\"@type\":\"ListItem\",\"position\":1,\"name\":\"\",\"item\":\"https:\\\/\\\/www.afprofilters.com\\\/fr\\\/\"},{\"@type\":\"ListItem\",\"position\":2,\"name\":\"Products\",\"item\":\"https:\\\/\\\/www.afprofilters.com\\\/fr\\\/produit\\\/\"},{\"@type\":\"ListItem\",\"position\":3,\"name\":\"Filtre \u00e0 charbon actif\",\"item\":\"https:\\\/\\\/www.afprofilters.com\\\/fr\\\/type-produit\\\/filtre-a-charbon-actif\\\/\"},{\"@type\":\"ListItem\",\"position\":4,\"name\":\"Panneau charbon actif APAK\"}]},{\"@type\":\"WebSite\",\"@id\":\"https:\\\/\\\/www.afprofilters.com\\\/fr\\\/#website\",\"url\":\"https:\\\/\\\/www.afprofilters.com\\\/fr\\\/\",\"name\":\"AFPRO\",\"description\":\"AFPRO Filters\",\"publisher\":{\"@id\":\"https:\\\/\\\/www.afprofilters.com\\\/fr\\\/#organization\"},\"potentialAction\":[{\"@type\":\"SearchAction\",\"target\":{\"@type\":\"EntryPoint\",\"urlTemplate\":\"https:\\\/\\\/www.afprofilters.com\\\/fr\\\/?s={search_term_string}\"},\"query-input\":{\"@type\":\"PropertyValueSpecification\",\"valueRequired\":true,\"valueName\":\"search_term_string\"}}],\"inLanguage\":\"fr-FR\"},{\"@type\":\"Organization\",\"@id\":\"https:\\\/\\\/www.afprofilters.com\\\/fr\\\/#organization\",\"name\":\"AFPRO\",\"url\":\"https:\\\/\\\/www.afprofilters.com\\\/fr\\\/\",\"logo\":{\"@type\":\"ImageObject\",\"inLanguage\":\"fr-FR\",\"@id\":\"https:\\\/\\\/www.afprofilters.com\\\/fr\\\/#\\\/schema\\\/logo\\\/image\\\/\",\"url\":\"https:\\\/\\\/www.afprofilters.com\\\/wp-content\\\/uploads\\\/2021\\\/05\\\/AFPRO-logo.png\",\"contentUrl\":\"https:\\\/\\\/www.afprofilters.com\\\/wp-content\\\/uploads\\\/2021\\\/05\\\/AFPRO-logo.png\",\"width\":640,\"height\":177,\"caption\":\"AFPRO\"},\"image\":{\"@id\":\"https:\\\/\\\/www.afprofilters.com\\\/fr\\\/#\\\/schema\\\/logo\\\/image\\\/\"}}]}<\/script>\n<!-- \/ Yoast SEO plugin. -->","yoast_head_json":{"title":"Panneau charbon actif APAK","description":"Vous souhaitez en savoir plus sur le panneau charbon actif APAK et sa composition en charbon actif ? Cliquez sur ce lien.","robots":{"index":"index","follow":"follow","max-snippet":"max-snippet:-1","max-image-preview":"max-image-preview:large","max-video-preview":"max-video-preview:-1"},"canonical":"https:\/\/www.afprofilters.com\/fr\/produit\/panneau-charbon-actif-apak\/","og_locale":"fr_FR","og_type":"article","og_title":"Panneau charbon actif APAK","og_description":"Vous souhaitez en savoir plus sur le panneau charbon actif APAK et sa composition en charbon actif ? Cliquez sur ce lien.","og_url":"https:\/\/www.afprofilters.com\/fr\/produit\/panneau-charbon-actif-apak\/","og_site_name":"AFPRO","article_modified_time":"2025-02-12T13:07:24+00:00","og_image":[{"width":953,"height":1024,"url":"http:\/\/www.afprofilters.com\/wp-content\/uploads\/2019\/02\/APAK24X24X2-953x1024.jpg","type":"image\/jpeg"}],"twitter_card":"summary_large_image","twitter_misc":{"Dur\u00e9e de lecture estim\u00e9e":"1 minute"},"schema":{"@context":"https:\/\/schema.org","@graph":[{"@type":"WebPage","@id":"https:\/\/www.afprofilters.com\/fr\/produit\/panneau-charbon-actif-apak\/","url":"https:\/\/www.afprofilters.com\/fr\/produit\/panneau-charbon-actif-apak\/","name":"Panneau charbon actif APAK","isPartOf":{"@id":"https:\/\/www.afprofilters.com\/fr\/#website"},"primaryImageOfPage":{"@id":"https:\/\/www.afprofilters.com\/fr\/produit\/panneau-charbon-actif-apak\/#primaryimage"},"image":{"@id":"https:\/\/www.afprofilters.com\/fr\/produit\/panneau-charbon-actif-apak\/#primaryimage"},"thumbnailUrl":"https:\/\/www.afprofilters.com\/wp-content\/uploads\/2019\/02\/APAK24X24X2.jpg","datePublished":"2019-02-12T14:24:34+00:00","dateModified":"2025-02-12T13:07:24+00:00","description":"Vous souhaitez en savoir plus sur le panneau charbon actif APAK et sa composition en charbon actif ? Cliquez sur ce lien.","breadcrumb":{"@id":"https:\/\/www.afprofilters.com\/fr\/produit\/panneau-charbon-actif-apak\/#breadcrumb"},"inLanguage":"fr-FR","potentialAction":[{"@type":"ReadAction","target":["https:\/\/www.afprofilters.com\/fr\/produit\/panneau-charbon-actif-apak\/"]}]},{"@type":"ImageObject","inLanguage":"fr-FR","@id":"https:\/\/www.afprofilters.com\/fr\/produit\/panneau-charbon-actif-apak\/#primaryimage","url":"https:\/\/www.afprofilters.com\/wp-content\/uploads\/2019\/02\/APAK24X24X2.jpg","contentUrl":"https:\/\/www.afprofilters.com\/wp-content\/uploads\/2019\/02\/APAK24X24X2.jpg","width":4912,"height":5277,"caption":"Panneau charbon actif APAK"},{"@type":"BreadcrumbList","@id":"https:\/\/www.afprofilters.com\/fr\/produit\/panneau-charbon-actif-apak\/#breadcrumb","itemListElement":[{"@type":"ListItem","position":1,"name":"","item":"https:\/\/www.afprofilters.com\/fr\/"},{"@type":"ListItem","position":2,"name":"Products","item":"https:\/\/www.afprofilters.com\/fr\/produit\/"},{"@type":"ListItem","position":3,"name":"Filtre \u00e0 charbon actif","item":"https:\/\/www.afprofilters.com\/fr\/type-produit\/filtre-a-charbon-actif\/"},{"@type":"ListItem","position":4,"name":"Panneau charbon actif APAK"}]},{"@type":"WebSite","@id":"https:\/\/www.afprofilters.com\/fr\/#website","url":"https:\/\/www.afprofilters.com\/fr\/","name":"AFPRO","description":"AFPRO Filters","publisher":{"@id":"https:\/\/www.afprofilters.com\/fr\/#organization"},"potentialAction":[{"@type":"SearchAction","target":{"@type":"EntryPoint","urlTemplate":"https:\/\/www.afprofilters.com\/fr\/?s={search_term_string}"},"query-input":{"@type":"PropertyValueSpecification","valueRequired":true,"valueName":"search_term_string"}}],"inLanguage":"fr-FR"},{"@type":"Organization","@id":"https:\/\/www.afprofilters.com\/fr\/#organization","name":"AFPRO","url":"https:\/\/www.afprofilters.com\/fr\/","logo":{"@type":"ImageObject","inLanguage":"fr-FR","@id":"https:\/\/www.afprofilters.com\/fr\/#\/schema\/logo\/image\/","url":"https:\/\/www.afprofilters.com\/wp-content\/uploads\/2021\/05\/AFPRO-logo.png","contentUrl":"https:\/\/www.afprofilters.com\/wp-content\/uploads\/2021\/05\/AFPRO-logo.png","width":640,"height":177,"caption":"AFPRO"},"image":{"@id":"https:\/\/www.afprofilters.com\/fr\/#\/schema\/logo\/image\/"}}]}},"_links":{"self":[{"href":"https:\/\/www.afprofilters.com\/fr\/wp-json\/wp\/v2\/product\/10253","targetHints":{"allow":["GET"]}}],"collection":[{"href":"https:\/\/www.afprofilters.com\/fr\/wp-json\/wp\/v2\/product"}],"about":[{"href":"https:\/\/www.afprofilters.com\/fr\/wp-json\/wp\/v2\/types\/product"}],"wp:featuredmedia":[{"embeddable":true,"href":"https:\/\/www.afprofilters.com\/fr\/wp-json\/wp\/v2\/media\/10254"}],"wp:attachment":[{"href":"https:\/\/www.afprofilters.com\/fr\/wp-json\/wp\/v2\/media?parent=10253"}],"wp:term":[{"taxonomy":"product_category","embeddable":true,"href":"https:\/\/www.afprofilters.com\/fr\/wp-json\/wp\/v2\/product_category?post=10253"}],"curies":[{"name":"wp","href":"https:\/\/api.w.org\/{rel}","templated":true}]}}