{"id":9707,"date":"2019-01-21T14:58:41","date_gmt":"2019-01-21T14:58:41","guid":{"rendered":"http:\/\/rcmrfan.cluster024.hosting.ovh.net\/?page_id=9707"},"modified":"2024-01-10T15:27:49","modified_gmt":"2024-01-10T15:27:49","slug":"nos-conseils-de-filtration-pour-les-ecoles-et-universites","status":"publish","type":"page","link":"https:\/\/www.afprofilters.com\/fr\/nos-conseils-de-filtration-pour-les-ecoles-et-universites\/","title":{"rendered":"Nos conseils de filtration pour les \u00e9coles et universit\u00e9s"},"content":{"rendered":"\n<h2 class=\"wp-block-heading\">Nos produits<\/h2>\n\n\n\n<div class=\"wp-block-columns anm-columns is-layout-flex wp-container-core-columns-is-layout-9d6595d7 wp-block-columns-is-layout-flex\">\n<div class=\"wp-block-column is-layout-flow wp-block-column-is-layout-flow\">\n<figure class=\"wp-block-image\"><a href=\"\/fr\/produit\/panneau-filtrant-apmc\/\"><img decoding=\"async\" src=\"\/wp-content\/uploads\/2016\/09\/APMC-150x150.jpg\" alt=\"panneau filtrant APMC\" \/><\/a><\/figure>\n\n\n\n<h2 class=\"wp-block-heading\">Panneau filtrant APMC<\/h2>\n\n\n\n<blockquote class=\"wp-block-quote is-layout-flow wp-block-quote-is-layout-flow\">\n<p><a href=\"\/fr\/type-produit\/panneau-filtrant\/\">Panneau filtrant<\/a><\/p>\n<\/blockquote>\n\n\n\n<p>&#8211; Classe filtrante : ISO Grossier 70%<br>&#8211; Assemblage simple<br>&#8211; Construction tr\u00e8s solide<\/p>\n\n\n\n<div class=\"wp-block-buttons is-layout-flex wp-block-buttons-is-layout-flex\">\n<div class=\"wp-block-button\"><a class=\"wp-block-button__link has-blue-background-color has-background wp-element-button\" href=\"\/fr\/produit\/panneau-filtrant-apmc\/\">Lire La Suite<\/a><\/div>\n<\/div>\n<\/div>\n\n\n\n<div class=\"wp-block-column is-layout-flow wp-block-column-is-layout-flow\">\n<figure class=\"wp-block-image\"><a href=\"\/fr\/produit\/filtre-a-poches-hq98-epm1\/\"><img decoding=\"async\" src=\"\/wp-content\/uploads\/2016\/09\/HQ98A8-6-F9-150x150.jpg\" alt=\"hq 98 epm1 bag filter\" \/><\/a><\/figure>\n\n\n\n<h2 class=\"wp-block-heading\">Filtre \u00e0 poches HQ98 ePM1<\/h2>\n\n\n\n<blockquote class=\"wp-block-quote is-layout-flow wp-block-quote-is-layout-flow\">\n<p><a href=\"\/fr\/type-produit\/filtre-a-poches\/\">Filtre a poches<\/a><\/p>\n<\/blockquote>\n\n\n\n<p>&#8211; Classe filtrante : ePM1 85%<br>&#8211; Haute capacit\u00e9 de r\u00e9tention<br>&#8211; Rendement constant<\/p>\n\n\n\n<div class=\"wp-block-buttons is-layout-flex wp-block-buttons-is-layout-flex\">\n<div class=\"wp-block-button\"><a class=\"wp-block-button__link has-blue-background-color has-background wp-element-button\" href=\"\/fr\/produit\/filtre-a-poches-hq98-epm1\/\">Lire La Suite<\/a><\/div>\n<\/div>\n<\/div>\n\n\n\n<div class=\"wp-block-column is-layout-flow wp-block-column-is-layout-flow\">\n<figure class=\"wp-block-image\"><a href=\"\/fr\/produit\/filtre-miniplis-cpmc-acier-galvanise\/\"><img decoding=\"async\" src=\"\/wp-content\/uploads\/2016\/09\/CPMC-150x150.png\" alt=\"\" \/><\/a><\/figure>\n\n\n\n<h2 class=\"wp-block-heading\">Filtre miniplis CPMC acier galvanis\u00e9<\/h2>\n\n\n\n<blockquote class=\"wp-block-quote is-layout-flow wp-block-quote-is-layout-flow\">\n<p><a href=\"\/fr\/type-produit\/panneau-filtrant\/\">Panneau filtrant<\/a><\/p>\n<\/blockquote>\n\n\n\n<p>&#8211; Classe filtrante: ePM10, ePM2,5, ePM1<br>&#8211; Construction robuste<br>&#8211; Enti\u00e8rement incin\u00e9rable<\/p>\n\n\n\n<div class=\"wp-block-buttons is-layout-flex wp-block-buttons-is-layout-flex\">\n<div class=\"wp-block-button\"><a class=\"wp-block-button__link has-blue-background-color has-background wp-element-button\" href=\"\/fr\/produit\/filtre-miniplis-cpmc-acier-galvanise\/\">Lire La Suite<\/a><\/div>\n<\/div>\n<\/div>\n<\/div>\n\n\n\n<h2 class=\"wp-block-heading\">Nos services<\/h2>\n\n\n\n<div class=\"wp-block-columns anm-columns is-layout-flex wp-container-core-columns-is-layout-9d6595d7 wp-block-columns-is-layout-flex\">\n<div class=\"wp-block-column is-layout-flow wp-block-column-is-layout-flow\">\n<figure class=\"wp-block-image\"><a href=\"https:\/\/www.afprofilters.com\/fr\/produit\/audit-energetique\/\"><img decoding=\"async\" src=\"\/wp-content\/uploads\/2016\/09\/AFPRO-Filters-for-clean-production-processes-150x150.png\" alt=\"audit des centrales\" \/><\/a><\/figure>\n\n\n\n<h2 class=\"wp-block-heading\">Audit des centrales de traitement d\u2019air<\/h2>\n\n\n\n<blockquote class=\"wp-block-quote is-layout-flow wp-block-quote-is-layout-flow\">\n<p><a href=\"\/fr\/type-produit\/services-associes\/\">Services<\/a><\/p>\n<\/blockquote>\n\n\n\n<div class=\"wp-block-buttons is-layout-flex wp-block-buttons-is-layout-flex\">\n<div class=\"wp-block-button\"><a class=\"wp-block-button__link has-blue-background-color has-background wp-element-button\" href=\"https:\/\/www.afprofilters.com\/fr\/produit\/audit-energetique\/\">Lire La Suite<\/a><\/div>\n<\/div>\n<\/div>\n\n\n\n<div class=\"wp-block-column is-layout-flow wp-block-column-is-layout-flow\">\n<figure class=\"wp-block-image\"><a href=\"\/fr\/produit\/service-forfait-prise-de-cotes\/\"><img decoding=\"async\" src=\"\/wp-content\/uploads\/2018\/12\/prise-de-cotes-150x150.jpg\" alt=\"\" \/><\/a><\/figure>\n\n\n\n<h2 class=\"wp-block-heading\">Prise de cotes<\/h2>\n\n\n\n<blockquote class=\"wp-block-quote is-layout-flow wp-block-quote-is-layout-flow\">\n<p><a href=\"\/fr\/type-produit\/services-associes\/\">Services<\/a><\/p>\n<\/blockquote>\n\n\n\n<div class=\"wp-block-buttons is-layout-flex wp-block-buttons-is-layout-flex\">\n<div class=\"wp-block-button\"><a class=\"wp-block-button__link has-blue-background-color has-background wp-element-button\" href=\"\/fr\/produit\/service-forfait-prise-de-cotes\/\">Lire La Suite<\/a><\/div>\n<\/div>\n<\/div>\n\n\n\n<div class=\"wp-block-column is-layout-flow wp-block-column-is-layout-flow\">\n<figure class=\"wp-block-image\"><a href=\"\/fr\/produit\/retraitement-des-dechets\/\"><img decoding=\"async\" src=\"\/wp-content\/uploads\/2018\/02\/Waste-processing-150x150.jpg\" alt=\"Waste processing\" \/><\/a><\/figure>\n\n\n\n<h2 class=\"wp-block-heading\">Retraitement de vos filtres usag\u00e9s<\/h2>\n\n\n\n<blockquote class=\"wp-block-quote is-layout-flow wp-block-quote-is-layout-flow\">\n<p><a href=\"\/fr\/type-produit\/services-associes\/\">Services<\/a><\/p>\n<\/blockquote>\n\n\n\n<div class=\"wp-block-buttons is-layout-flex wp-block-buttons-is-layout-flex\">\n<div class=\"wp-block-button\"><a class=\"wp-block-button__link has-blue-background-color has-background wp-element-button\" href=\"\/fr\/produit\/retraitement-des-dechets\/\">Lire La Suite<\/a><\/div>\n<\/div>\n<\/div>\n<\/div>\n\n\n\n<div class=\"wp-block-columns is-layout-flex wp-container-core-columns-is-layout-9d6595d7 wp-block-columns-is-layout-flex\">\n<div class=\"wp-block-column is-layout-flow wp-block-column-is-layout-flow\">\n<h2 class=\"wp-block-heading\">Vid\u00e9o<\/h2>\n\n\n\n<figure class=\"wp-block-embed is-type-video is-provider-youtube wp-block-embed-youtube wp-embed-aspect-16-9 wp-has-aspect-ratio\"><div class=\"wp-block-embed__wrapper\">\n<iframe loading=\"lazy\" title=\"Protection contre les particules fines PM1 selon la norme ISO 16890\" width=\"500\" height=\"281\" src=\"https:\/\/www.youtube.com\/embed\/W2QqBpEKYDg?feature=oembed\" frameborder=\"0\" allow=\"accelerometer; autoplay; clipboard-write; encrypted-media; gyroscope; picture-in-picture; web-share\" referrerpolicy=\"strict-origin-when-cross-origin\" allowfullscreen><\/iframe>\n<\/div><\/figure>\n<\/div>\n\n\n\n<div class=\"wp-block-column is-layout-flow wp-block-column-is-layout-flow\">\n<h2 class=\"wp-block-heading\">Etude de cas<\/h2>\n\n\n\n<h3 class=\"wp-block-heading\">Etude de cas : filtration de l&rsquo;air dans l&rsquo;Universit\u00e9 d&rsquo;Aix Marseille<\/h3>\n\n\n\n<figure class=\"wp-block-image size-large\"><img loading=\"lazy\" decoding=\"async\" width=\"1024\" height=\"535\" src=\"https:\/\/www.afprofilters.com\/wp-content\/uploads\/2022\/09\/Cover-Case-study-1024x535.png\" alt=\"\" class=\"wp-image-32382\" srcset=\"https:\/\/www.afprofilters.com\/wp-content\/uploads\/2022\/09\/Cover-Case-study-1024x535.png 1024w, https:\/\/www.afprofilters.com\/wp-content\/uploads\/2022\/09\/Cover-Case-study-300x157.png 300w, https:\/\/www.afprofilters.com\/wp-content\/uploads\/2022\/09\/Cover-Case-study-768x401.png 768w, https:\/\/www.afprofilters.com\/wp-content\/uploads\/2022\/09\/Cover-Case-study.png 1200w\" sizes=\"auto, (max-width: 1024px) 100vw, 1024px\" \/><\/figure>\n\n\n\n<p>AFPRO Filters optimise la qualit\u00e9 de l\u2019air de l\u2019universit\u00e9&nbsp;d\u2019aix marseille Dans le cadre de son management de performance, Eiffage Services qui assure la maintenance des locaux de l\u2019universit\u00e9 d\u2019Aix-Marseille, a fait appel \u00e0 AFPRO Filters pour optimiser ses centrales de filtration de l\u2019air. Entretien avec Beno\u00eet Joffroy, Technicien de maintenance chez Eiffage Services &nbsp; Pouvez-vous [\u2026]<\/p>\n\n\n\n<div class=\"wp-block-buttons is-layout-flex wp-block-buttons-is-layout-flex\">\n<div class=\"wp-block-button\"><a class=\"wp-block-button__link has-blue-background-color has-background wp-element-button\" href=\"\/fr\/etude-de-cas-filtration-air-universite\/\">Lire La Suite<\/a><\/div>\n<\/div>\n<\/div>\n<\/div>\n","protected":false},"excerpt":{"rendered":"<p>Nos produits Panneau filtrant APMC Panneau filtrant &#8211; Classe filtrante : ISO Grossier 70%&#8211; Assemblage simple&#8211; Construction tr\u00e8s solide Filtre \u00e0 poches HQ98 ePM1 Filtre a poches &#8211; Classe filtrante : ePM1 85%&#8211; Haute capacit\u00e9 de r\u00e9tention&#8211; Rendement constant Filtre miniplis CPMC acier galvanis\u00e9 Panneau filtrant &#8211; Classe filtrante: ePM10, ePM2,5, ePM1&#8211; Construction robuste&#8211; Enti\u00e8rement [&hellip;]<\/p>\n","protected":false},"author":2,"featured_media":0,"parent":0,"menu_order":0,"comment_status":"closed","ping_status":"closed","template":"","meta":{"_acf_changed":false,"footnotes":""},"class_list":["post-9707","page","type-page","status-publish","hentry"],"acf":[],"yoast_head":"<!-- This site is optimized with the Yoast SEO plugin v27.3 - https:\/\/yoast.com\/product\/yoast-seo-wordpress\/ -->\n<title>Nos conseils de filtration pour les \u00e9coles et universit\u00e9s - AFPRO<\/title>\n<meta name=\"robots\" content=\"index, follow, max-snippet:-1, max-image-preview:large, max-video-preview:-1\" \/>\n<link rel=\"canonical\" href=\"https:\/\/www.afprofilters.com\/fr\/nos-conseils-de-filtration-pour-les-ecoles-et-universites\/\" \/>\n<meta property=\"og:locale\" content=\"fr_FR\" \/>\n<meta property=\"og:type\" content=\"article\" \/>\n<meta property=\"og:title\" content=\"Nos conseils de filtration pour les \u00e9coles et universit\u00e9s - AFPRO\" \/>\n<meta property=\"og:description\" content=\"Nos produits Panneau filtrant APMC Panneau filtrant &#8211; Classe filtrante : ISO Grossier 70%&#8211; Assemblage simple&#8211; Construction tr\u00e8s solide Filtre \u00e0 poches HQ98 ePM1 Filtre a poches &#8211; Classe filtrante : ePM1 85%&#8211; Haute capacit\u00e9 de r\u00e9tention&#8211; Rendement constant Filtre miniplis CPMC acier galvanis\u00e9 Panneau filtrant &#8211; Classe filtrante: ePM10, ePM2,5, ePM1&#8211; Construction robuste&#8211; Enti\u00e8rement [&hellip;]\" \/>\n<meta property=\"og:url\" content=\"https:\/\/www.afprofilters.com\/fr\/nos-conseils-de-filtration-pour-les-ecoles-et-universites\/\" \/>\n<meta property=\"og:site_name\" content=\"AFPRO\" \/>\n<meta property=\"article:modified_time\" content=\"2024-01-10T15:27:49+00:00\" \/>\n<meta property=\"og:image\" content=\"https:\/\/www.afprofilters.com\/wp-content\/uploads\/2022\/09\/Cover-Case-study-1024x535.png\" \/>\n<meta name=\"twitter:card\" content=\"summary_large_image\" \/>\n<meta name=\"twitter:label1\" content=\"Dur\u00e9e de lecture estim\u00e9e\" \/>\n\t<meta name=\"twitter:data1\" content=\"3 minutes\" \/>\n<script type=\"application\/ld+json\" class=\"yoast-schema-graph\">{\"@context\":\"https:\\\/\\\/schema.org\",\"@graph\":[{\"@type\":\"WebPage\",\"@id\":\"https:\\\/\\\/www.afprofilters.com\\\/fr\\\/nos-conseils-de-filtration-pour-les-ecoles-et-universites\\\/\",\"url\":\"https:\\\/\\\/www.afprofilters.com\\\/fr\\\/nos-conseils-de-filtration-pour-les-ecoles-et-universites\\\/\",\"name\":\"Nos conseils de filtration pour les \u00e9coles et universit\u00e9s - AFPRO\",\"isPartOf\":{\"@id\":\"https:\\\/\\\/www.afprofilters.com\\\/fr\\\/#website\"},\"primaryImageOfPage\":{\"@id\":\"https:\\\/\\\/www.afprofilters.com\\\/fr\\\/nos-conseils-de-filtration-pour-les-ecoles-et-universites\\\/#primaryimage\"},\"image\":{\"@id\":\"https:\\\/\\\/www.afprofilters.com\\\/fr\\\/nos-conseils-de-filtration-pour-les-ecoles-et-universites\\\/#primaryimage\"},\"thumbnailUrl\":\"https:\\\/\\\/www.afprofilters.com\\\/wp-content\\\/uploads\\\/2022\\\/09\\\/Cover-Case-study-1024x535.png\",\"datePublished\":\"2019-01-21T14:58:41+00:00\",\"dateModified\":\"2024-01-10T15:27:49+00:00\",\"breadcrumb\":{\"@id\":\"https:\\\/\\\/www.afprofilters.com\\\/fr\\\/nos-conseils-de-filtration-pour-les-ecoles-et-universites\\\/#breadcrumb\"},\"inLanguage\":\"fr-FR\",\"potentialAction\":[{\"@type\":\"ReadAction\",\"target\":[\"https:\\\/\\\/www.afprofilters.com\\\/fr\\\/nos-conseils-de-filtration-pour-les-ecoles-et-universites\\\/\"]}]},{\"@type\":\"ImageObject\",\"inLanguage\":\"fr-FR\",\"@id\":\"https:\\\/\\\/www.afprofilters.com\\\/fr\\\/nos-conseils-de-filtration-pour-les-ecoles-et-universites\\\/#primaryimage\",\"url\":\"https:\\\/\\\/www.afprofilters.com\\\/wp-content\\\/uploads\\\/2022\\\/09\\\/Cover-Case-study-1024x535.png\",\"contentUrl\":\"https:\\\/\\\/www.afprofilters.com\\\/wp-content\\\/uploads\\\/2022\\\/09\\\/Cover-Case-study-1024x535.png\"},{\"@type\":\"BreadcrumbList\",\"@id\":\"https:\\\/\\\/www.afprofilters.com\\\/fr\\\/nos-conseils-de-filtration-pour-les-ecoles-et-universites\\\/#breadcrumb\",\"itemListElement\":[{\"@type\":\"ListItem\",\"position\":1,\"name\":\"\",\"item\":\"https:\\\/\\\/www.afprofilters.com\\\/fr\\\/\"},{\"@type\":\"ListItem\",\"position\":2,\"name\":\"Nos conseils de filtration pour les \u00e9coles et universit\u00e9s\"}]},{\"@type\":\"WebSite\",\"@id\":\"https:\\\/\\\/www.afprofilters.com\\\/fr\\\/#website\",\"url\":\"https:\\\/\\\/www.afprofilters.com\\\/fr\\\/\",\"name\":\"AFPRO\",\"description\":\"AFPRO Filters\",\"publisher\":{\"@id\":\"https:\\\/\\\/www.afprofilters.com\\\/fr\\\/#organization\"},\"potentialAction\":[{\"@type\":\"SearchAction\",\"target\":{\"@type\":\"EntryPoint\",\"urlTemplate\":\"https:\\\/\\\/www.afprofilters.com\\\/fr\\\/?s={search_term_string}\"},\"query-input\":{\"@type\":\"PropertyValueSpecification\",\"valueRequired\":true,\"valueName\":\"search_term_string\"}}],\"inLanguage\":\"fr-FR\"},{\"@type\":\"Organization\",\"@id\":\"https:\\\/\\\/www.afprofilters.com\\\/fr\\\/#organization\",\"name\":\"AFPRO\",\"url\":\"https:\\\/\\\/www.afprofilters.com\\\/fr\\\/\",\"logo\":{\"@type\":\"ImageObject\",\"inLanguage\":\"fr-FR\",\"@id\":\"https:\\\/\\\/www.afprofilters.com\\\/fr\\\/#\\\/schema\\\/logo\\\/image\\\/\",\"url\":\"https:\\\/\\\/www.afprofilters.com\\\/wp-content\\\/uploads\\\/2021\\\/05\\\/AFPRO-logo.png\",\"contentUrl\":\"https:\\\/\\\/www.afprofilters.com\\\/wp-content\\\/uploads\\\/2021\\\/05\\\/AFPRO-logo.png\",\"width\":640,\"height\":177,\"caption\":\"AFPRO\"},\"image\":{\"@id\":\"https:\\\/\\\/www.afprofilters.com\\\/fr\\\/#\\\/schema\\\/logo\\\/image\\\/\"}}]}<\/script>\n<!-- \/ Yoast SEO plugin. -->","yoast_head_json":{"title":"Nos conseils de filtration pour les \u00e9coles et universit\u00e9s - AFPRO","robots":{"index":"index","follow":"follow","max-snippet":"max-snippet:-1","max-image-preview":"max-image-preview:large","max-video-preview":"max-video-preview:-1"},"canonical":"https:\/\/www.afprofilters.com\/fr\/nos-conseils-de-filtration-pour-les-ecoles-et-universites\/","og_locale":"fr_FR","og_type":"article","og_title":"Nos conseils de filtration pour les \u00e9coles et universit\u00e9s - AFPRO","og_description":"Nos produits Panneau filtrant APMC Panneau filtrant &#8211; Classe filtrante : ISO Grossier 70%&#8211; Assemblage simple&#8211; Construction tr\u00e8s solide Filtre \u00e0 poches HQ98 ePM1 Filtre a poches &#8211; Classe filtrante : ePM1 85%&#8211; Haute capacit\u00e9 de r\u00e9tention&#8211; Rendement constant Filtre miniplis CPMC acier galvanis\u00e9 Panneau filtrant &#8211; Classe filtrante: ePM10, ePM2,5, ePM1&#8211; Construction robuste&#8211; Enti\u00e8rement [&hellip;]","og_url":"https:\/\/www.afprofilters.com\/fr\/nos-conseils-de-filtration-pour-les-ecoles-et-universites\/","og_site_name":"AFPRO","article_modified_time":"2024-01-10T15:27:49+00:00","og_image":[{"url":"https:\/\/www.afprofilters.com\/wp-content\/uploads\/2022\/09\/Cover-Case-study-1024x535.png","type":"","width":"","height":""}],"twitter_card":"summary_large_image","twitter_misc":{"Dur\u00e9e de lecture estim\u00e9e":"3 minutes"},"schema":{"@context":"https:\/\/schema.org","@graph":[{"@type":"WebPage","@id":"https:\/\/www.afprofilters.com\/fr\/nos-conseils-de-filtration-pour-les-ecoles-et-universites\/","url":"https:\/\/www.afprofilters.com\/fr\/nos-conseils-de-filtration-pour-les-ecoles-et-universites\/","name":"Nos conseils de filtration pour les \u00e9coles et universit\u00e9s - AFPRO","isPartOf":{"@id":"https:\/\/www.afprofilters.com\/fr\/#website"},"primaryImageOfPage":{"@id":"https:\/\/www.afprofilters.com\/fr\/nos-conseils-de-filtration-pour-les-ecoles-et-universites\/#primaryimage"},"image":{"@id":"https:\/\/www.afprofilters.com\/fr\/nos-conseils-de-filtration-pour-les-ecoles-et-universites\/#primaryimage"},"thumbnailUrl":"https:\/\/www.afprofilters.com\/wp-content\/uploads\/2022\/09\/Cover-Case-study-1024x535.png","datePublished":"2019-01-21T14:58:41+00:00","dateModified":"2024-01-10T15:27:49+00:00","breadcrumb":{"@id":"https:\/\/www.afprofilters.com\/fr\/nos-conseils-de-filtration-pour-les-ecoles-et-universites\/#breadcrumb"},"inLanguage":"fr-FR","potentialAction":[{"@type":"ReadAction","target":["https:\/\/www.afprofilters.com\/fr\/nos-conseils-de-filtration-pour-les-ecoles-et-universites\/"]}]},{"@type":"ImageObject","inLanguage":"fr-FR","@id":"https:\/\/www.afprofilters.com\/fr\/nos-conseils-de-filtration-pour-les-ecoles-et-universites\/#primaryimage","url":"https:\/\/www.afprofilters.com\/wp-content\/uploads\/2022\/09\/Cover-Case-study-1024x535.png","contentUrl":"https:\/\/www.afprofilters.com\/wp-content\/uploads\/2022\/09\/Cover-Case-study-1024x535.png"},{"@type":"BreadcrumbList","@id":"https:\/\/www.afprofilters.com\/fr\/nos-conseils-de-filtration-pour-les-ecoles-et-universites\/#breadcrumb","itemListElement":[{"@type":"ListItem","position":1,"name":"","item":"https:\/\/www.afprofilters.com\/fr\/"},{"@type":"ListItem","position":2,"name":"Nos conseils de filtration pour les \u00e9coles et universit\u00e9s"}]},{"@type":"WebSite","@id":"https:\/\/www.afprofilters.com\/fr\/#website","url":"https:\/\/www.afprofilters.com\/fr\/","name":"AFPRO","description":"AFPRO Filters","publisher":{"@id":"https:\/\/www.afprofilters.com\/fr\/#organization"},"potentialAction":[{"@type":"SearchAction","target":{"@type":"EntryPoint","urlTemplate":"https:\/\/www.afprofilters.com\/fr\/?s={search_term_string}"},"query-input":{"@type":"PropertyValueSpecification","valueRequired":true,"valueName":"search_term_string"}}],"inLanguage":"fr-FR"},{"@type":"Organization","@id":"https:\/\/www.afprofilters.com\/fr\/#organization","name":"AFPRO","url":"https:\/\/www.afprofilters.com\/fr\/","logo":{"@type":"ImageObject","inLanguage":"fr-FR","@id":"https:\/\/www.afprofilters.com\/fr\/#\/schema\/logo\/image\/","url":"https:\/\/www.afprofilters.com\/wp-content\/uploads\/2021\/05\/AFPRO-logo.png","contentUrl":"https:\/\/www.afprofilters.com\/wp-content\/uploads\/2021\/05\/AFPRO-logo.png","width":640,"height":177,"caption":"AFPRO"},"image":{"@id":"https:\/\/www.afprofilters.com\/fr\/#\/schema\/logo\/image\/"}}]}},"_links":{"self":[{"href":"https:\/\/www.afprofilters.com\/fr\/wp-json\/wp\/v2\/pages\/9707","targetHints":{"allow":["GET"]}}],"collection":[{"href":"https:\/\/www.afprofilters.com\/fr\/wp-json\/wp\/v2\/pages"}],"about":[{"href":"https:\/\/www.afprofilters.com\/fr\/wp-json\/wp\/v2\/types\/page"}],"author":[{"embeddable":true,"href":"https:\/\/www.afprofilters.com\/fr\/wp-json\/wp\/v2\/users\/2"}],"replies":[{"embeddable":true,"href":"https:\/\/www.afprofilters.com\/fr\/wp-json\/wp\/v2\/comments?post=9707"}],"version-history":[{"count":0,"href":"https:\/\/www.afprofilters.com\/fr\/wp-json\/wp\/v2\/pages\/9707\/revisions"}],"wp:attachment":[{"href":"https:\/\/www.afprofilters.com\/fr\/wp-json\/wp\/v2\/media?parent=9707"}],"curies":[{"name":"wp","href":"https:\/\/api.w.org\/{rel}","templated":true}]}}