{"id":9603,"date":"2019-01-21T09:09:45","date_gmt":"2019-01-21T09:09:45","guid":{"rendered":"http:\/\/rcmrfan.cluster024.hosting.ovh.net\/?page_id=9603"},"modified":"2024-01-10T15:17:50","modified_gmt":"2024-01-10T15:17:50","slug":"nos-conseils-de-filtration-pour-les-aeroports","status":"publish","type":"page","link":"https:\/\/www.afprofilters.com\/fr\/nos-conseils-de-filtration-pour-les-aeroports\/","title":{"rendered":"Nos conseils de filtration pour les a\u00e9roports"},"content":{"rendered":"\n<h2 class=\"wp-block-heading\">Nos produits<\/h2>\n\n\n\n<div class=\"wp-block-columns anm-columns is-layout-flex wp-container-core-columns-is-layout-9d6595d7 wp-block-columns-is-layout-flex\">\n<div class=\"wp-block-column is-layout-flow wp-block-column-is-layout-flow\">\n<figure class=\"wp-block-image size-large\"><a href=\"https:\/\/www.afprofilters.com\/fr\/produit\/filtre-compact-cs-xl\/\"><img decoding=\"async\" src=\"\/wp-content\/uploads\/2019\/01\/csxl-150x150.jpg\" alt=\"filtre compact CS XL\" \/><\/a><\/figure>\n\n\n\n<h2 class=\"wp-block-heading\">Filtre compact CS XL<\/h2>\n\n\n\n<p><a href=\"\/fr\/type-produit\/filtre-compact\/\">Filtre compact<\/a><\/p>\n\n\n\n<div class=\"wp-block-buttons is-layout-flex wp-block-buttons-is-layout-flex\">\n<div class=\"wp-block-button\"><a class=\"wp-block-button__link has-blue-background-color has-background wp-element-button\" href=\"\/fr\/produit\/filtre-compact-cs-xl\/\">Lire la suite<\/a><\/div>\n<\/div>\n<\/div>\n\n\n\n<div class=\"wp-block-column is-layout-flow wp-block-column-is-layout-flow\">\n<figure class=\"wp-block-image\"><a href=\"https:\/\/www.afprofilters.com\/product\/hq-85-epm1-bag-filter\/\"><img decoding=\"async\" src=\"https:\/\/www.afprofilters.com\/wp-content\/uploads\/2016\/09\/HQ85A8-6-F7-150x150.jpg\" alt=\"HQ 85 ePM1 Bag filter\" \/><\/a><\/figure>\n\n\n\n<h2 class=\"wp-block-heading\">D\u00e9couvrir Filtre \u00e0 poches HQ85<\/h2>\n\n\n\n<p><a href=\"\/fr\/type-produit\/filtre-a-poches\/\">Filtre a poches<\/a><\/p>\n\n\n\n<p>&#8211; Classe filtrante : ePM1<br>&#8211; Haute capacit\u00e9 de r\u00e9tention<br>&#8211; Rendement constant<\/p>\n\n\n\n<div class=\"wp-block-buttons is-layout-flex wp-block-buttons-is-layout-flex\">\n<div class=\"wp-block-button\"><a class=\"wp-block-button__link has-blue-background-color has-background wp-element-button\" href=\"\/fr\/produit\/filtre-a-poches-hq85-epm1\/\">Lire la suite<\/a><\/div>\n<\/div>\n<\/div>\n\n\n\n<div class=\"wp-block-column empty-column is-layout-flow wp-block-column-is-layout-flow\">\n<figure class=\"wp-block-image\"><a href=\"https:\/\/www.afprofilters.com\/product\/activated-carbon-filter\/\"><img decoding=\"async\" src=\"https:\/\/www.afprofilters.com\/wp-content\/uploads\/2016\/09\/AC-2-26-402x1024-2-300x225.jpg\" alt=\"Activated carbon cylinder\" \/><\/a><\/figure>\n\n\n\n<h2 class=\"wp-block-heading\">D\u00e9couvrir Cylindre \u00e0 charbon actif<\/h2>\n\n\n\n<p><a href=\"\/fr\/type-produit\/filtre-a-charbon-actif\/\">Filtre \u00e0 charbon actif<\/a><\/p>\n\n\n\n<p>&#8211; R\u00e9utilisable<br>&#8211; Haute capacit\u00e9 de r\u00e9tention<br>&#8211; Assemblage simple<\/p>\n\n\n\n<div class=\"wp-block-buttons is-layout-flex wp-block-buttons-is-layout-flex\">\n<div class=\"wp-block-button\"><a class=\"wp-block-button__link has-blue-background-color has-background wp-element-button\" href=\"\/fr\/product\/activated-carbon-filter\/\">Lire la suite<\/a><\/div>\n<\/div>\n<\/div>\n<\/div>\n\n\n\n<h2 class=\"wp-block-heading\">Nos services<\/h2>\n\n\n\n<div class=\"wp-block-columns anm-columns is-layout-flex wp-container-core-columns-is-layout-9d6595d7 wp-block-columns-is-layout-flex\">\n<div class=\"wp-block-column is-layout-flow wp-block-column-is-layout-flow\">\n<figure class=\"wp-block-image\"><a href=\"https:\/\/www.afprofilters.com\/fr\/produit\/retraitement-des-dechets\/\"><img decoding=\"async\" src=\"https:\/\/www.afprofilters.com\/wp-content\/uploads\/2018\/02\/Waste-processing-150x150.jpg\" alt=\"Waste processing\" \/><\/a><\/figure>\n\n\n\n<h2 class=\"wp-block-heading\">Retraitement de vos filtres usag\u00e9s<\/h2>\n\n\n\n<blockquote class=\"wp-block-quote is-layout-flow wp-block-quote-is-layout-flow\">\n<p><a href=\"\/fr\/type-produit\/services-associes\/\">Services<\/a><\/p>\n<\/blockquote>\n\n\n\n<div class=\"wp-block-buttons is-layout-flex wp-block-buttons-is-layout-flex\">\n<div class=\"wp-block-button\"><a class=\"wp-block-button__link has-blue-background-color has-background wp-element-button\" href=\"\/fr\/produit\/retraitement-des-dechets\/\">Lire la suite<\/a><\/div>\n<\/div>\n<\/div>\n\n\n\n<div class=\"wp-block-column is-layout-flow wp-block-column-is-layout-flow\">\n<figure class=\"wp-block-image\"><a href=\"https:\/\/www.afprofilters.com\/product\/on-site-inspection\/\"><img decoding=\"async\" src=\"https:\/\/www.afprofilters.com\/wp-content\/uploads\/2018\/12\/prise-de-cotes-150x150.jpg\" alt=\"\" \/><\/a><\/figure>\n\n\n\n<h2 class=\"wp-block-heading\">D\u00e9couvrir Prise de cotes<\/h2>\n\n\n\n<blockquote class=\"wp-block-quote is-layout-flow wp-block-quote-is-layout-flow\">\n<p><a href=\"\/fr\/product-type\/services\/\">Services<\/a><\/p>\n<\/blockquote>\n\n\n\n<div class=\"wp-block-buttons is-layout-flex wp-block-buttons-is-layout-flex\">\n<div class=\"wp-block-button\"><a class=\"wp-block-button__link has-blue-background-color has-background wp-element-button\" href=\"\/fr\/produit\/service-forfait-prise-de-cotes\/\">Lire la suite<\/a><\/div>\n<\/div>\n<\/div>\n\n\n\n<div class=\"wp-block-column empty-column is-layout-flow wp-block-column-is-layout-flow\">\n<figure class=\"wp-block-image\"><a href=\"https:\/\/www.afprofilters.com\/fr\/produit\/audit-energetique\/\"><img decoding=\"async\" src=\"https:\/\/www.afprofilters.com\/wp-content\/uploads\/2016\/09\/AFPRO-Filters-for-clean-production-processes-150x150.png\" alt=\"\" \/><\/a><\/figure>\n\n\n\n<h2 class=\"wp-block-heading\">D\u00e9couvrir Audit des centrales de traitement d\u2019air<\/h2>\n\n\n\n<blockquote class=\"wp-block-quote is-layout-flow wp-block-quote-is-layout-flow\">\n<p><a href=\"\/fr\/product-type\/services\/\">Services<\/a><\/p>\n<\/blockquote>\n\n\n\n<div class=\"wp-block-buttons is-layout-flex wp-block-buttons-is-layout-flex\">\n<div class=\"wp-block-button\"><a class=\"wp-block-button__link has-blue-background-color has-background wp-element-button\" href=\"https:\/\/www.afprofilters.com\/fr\/produit\/audit-energetique\/\">Lire la suite<\/a><\/div>\n<\/div>\n<\/div>\n<\/div>\n\n\n\n<div class=\"wp-block-group\"><div class=\"wp-block-group__inner-container is-layout-flow wp-block-group-is-layout-flow\">\n<div class=\"wp-block-columns is-layout-flex wp-container-core-columns-is-layout-9d6595d7 wp-block-columns-is-layout-flex\">\n<div class=\"wp-block-column is-layout-flow wp-block-column-is-layout-flow\">\n<h2 class=\"wp-block-heading\">Etude de cas<\/h2>\n\n\n\n<figure class=\"wp-block-image size-large is-resized\"><img loading=\"lazy\" decoding=\"async\" width=\"1024\" height=\"535\" src=\"https:\/\/www.afprofilters.com\/wp-content\/uploads\/2022\/09\/Cover-Case-study-airport-1024x535.png\" alt=\"\" class=\"wp-image-32359\" style=\"width:272px;height:142px\" srcset=\"https:\/\/www.afprofilters.com\/wp-content\/uploads\/2022\/09\/Cover-Case-study-airport-1024x535.png 1024w, https:\/\/www.afprofilters.com\/wp-content\/uploads\/2022\/09\/Cover-Case-study-airport-300x157.png 300w, https:\/\/www.afprofilters.com\/wp-content\/uploads\/2022\/09\/Cover-Case-study-airport-768x401.png 768w, https:\/\/www.afprofilters.com\/wp-content\/uploads\/2022\/09\/Cover-Case-study-airport.png 1200w\" sizes=\"auto, (max-width: 1024px) 100vw, 1024px\" \/><\/figure>\n\n\n\n<h3 class=\"wp-block-heading\">Etude de cas : filtration de l&rsquo;air dans l\u2019a\u00e9roport de Marseille<\/h3>\n\n\n\n<p>L\u2019a\u00e9roport international de Marseille Provence est le troisi\u00e8me a\u00e9roport fran\u00e7ais (hors Paris) en terme de trafic avec plus de huit millions de passagers accueillis chaque ann\u00e9e. Situ\u00e9 \u00e0 c\u00f4t\u00e9 de l\u2019Etang de Berre, dans un secteur \u00e0 fortedensit\u00e9 industrielle et urbaine, l\u2019a\u00e9roport de Marseille est au c\u0153ur d\u2019une zone qui g\u00e9n\u00e8re de nombreuses poussi\u00e8res. L\u2019installation [\u2026]<\/p>\n\n\n\n<div class=\"wp-block-buttons is-layout-flex wp-block-buttons-is-layout-flex\">\n<div class=\"wp-block-button\"><a class=\"wp-block-button__link has-blue-background-color has-background wp-element-button\" href=\"\/fr\/etude-de-cas-aeroport-de-marseille\/\">Lire la suite<\/a><\/div>\n<\/div>\n<\/div>\n<\/div>\n<\/div><\/div>\n","protected":false},"excerpt":{"rendered":"<p>Nos produits Filtre compact CS XL Filtre compact D\u00e9couvrir Filtre \u00e0 poches HQ85 Filtre a poches &#8211; Classe filtrante : ePM1&#8211; Haute capacit\u00e9 de r\u00e9tention&#8211; Rendement constant D\u00e9couvrir Cylindre \u00e0 charbon actif Filtre \u00e0 charbon actif &#8211; R\u00e9utilisable&#8211; Haute capacit\u00e9 de r\u00e9tention&#8211; Assemblage simple Nos services Retraitement de vos filtres usag\u00e9s Services D\u00e9couvrir Prise de [&hellip;]<\/p>\n","protected":false},"author":2,"featured_media":0,"parent":0,"menu_order":0,"comment_status":"closed","ping_status":"closed","template":"","meta":{"_acf_changed":false,"footnotes":""},"class_list":["post-9603","page","type-page","status-publish","hentry"],"acf":[],"yoast_head":"<!-- This site is optimized with the Yoast SEO plugin v27.3 - https:\/\/yoast.com\/product\/yoast-seo-wordpress\/ -->\n<title>Nos conseils de filtration pour les a\u00e9roports - AFPRO<\/title>\n<meta name=\"robots\" content=\"index, follow, max-snippet:-1, max-image-preview:large, max-video-preview:-1\" \/>\n<link rel=\"canonical\" href=\"https:\/\/www.afprofilters.com\/fr\/nos-conseils-de-filtration-pour-les-aeroports\/\" \/>\n<meta property=\"og:locale\" content=\"fr_FR\" \/>\n<meta property=\"og:type\" content=\"article\" \/>\n<meta property=\"og:title\" content=\"Nos conseils de filtration pour les a\u00e9roports - AFPRO\" \/>\n<meta property=\"og:description\" content=\"Nos produits Filtre compact CS XL Filtre compact D\u00e9couvrir Filtre \u00e0 poches HQ85 Filtre a poches &#8211; Classe filtrante : ePM1&#8211; Haute capacit\u00e9 de r\u00e9tention&#8211; Rendement constant D\u00e9couvrir Cylindre \u00e0 charbon actif Filtre \u00e0 charbon actif &#8211; R\u00e9utilisable&#8211; Haute capacit\u00e9 de r\u00e9tention&#8211; Assemblage simple Nos services Retraitement de vos filtres usag\u00e9s Services D\u00e9couvrir Prise de [&hellip;]\" \/>\n<meta property=\"og:url\" content=\"https:\/\/www.afprofilters.com\/fr\/nos-conseils-de-filtration-pour-les-aeroports\/\" \/>\n<meta property=\"og:site_name\" content=\"AFPRO\" \/>\n<meta property=\"article:modified_time\" content=\"2024-01-10T15:17:50+00:00\" \/>\n<meta property=\"og:image\" content=\"https:\/\/www.afprofilters.com\/wp-content\/uploads\/2016\/09\/HQ85A8-6-F7-150x150.jpg\" \/>\n<meta name=\"twitter:card\" content=\"summary_large_image\" \/>\n<meta name=\"twitter:label1\" content=\"Dur\u00e9e de lecture estim\u00e9e\" \/>\n\t<meta name=\"twitter:data1\" content=\"3 minutes\" \/>\n<script type=\"application\/ld+json\" class=\"yoast-schema-graph\">{\"@context\":\"https:\\\/\\\/schema.org\",\"@graph\":[{\"@type\":\"WebPage\",\"@id\":\"https:\\\/\\\/www.afprofilters.com\\\/fr\\\/nos-conseils-de-filtration-pour-les-aeroports\\\/\",\"url\":\"https:\\\/\\\/www.afprofilters.com\\\/fr\\\/nos-conseils-de-filtration-pour-les-aeroports\\\/\",\"name\":\"Nos conseils de filtration pour les a\u00e9roports - AFPRO\",\"isPartOf\":{\"@id\":\"https:\\\/\\\/www.afprofilters.com\\\/fr\\\/#website\"},\"primaryImageOfPage\":{\"@id\":\"https:\\\/\\\/www.afprofilters.com\\\/fr\\\/nos-conseils-de-filtration-pour-les-aeroports\\\/#primaryimage\"},\"image\":{\"@id\":\"https:\\\/\\\/www.afprofilters.com\\\/fr\\\/nos-conseils-de-filtration-pour-les-aeroports\\\/#primaryimage\"},\"thumbnailUrl\":\"https:\\\/\\\/www.afprofilters.com\\\/wp-content\\\/uploads\\\/2016\\\/09\\\/HQ85A8-6-F7-150x150.jpg\",\"datePublished\":\"2019-01-21T09:09:45+00:00\",\"dateModified\":\"2024-01-10T15:17:50+00:00\",\"breadcrumb\":{\"@id\":\"https:\\\/\\\/www.afprofilters.com\\\/fr\\\/nos-conseils-de-filtration-pour-les-aeroports\\\/#breadcrumb\"},\"inLanguage\":\"fr-FR\",\"potentialAction\":[{\"@type\":\"ReadAction\",\"target\":[\"https:\\\/\\\/www.afprofilters.com\\\/fr\\\/nos-conseils-de-filtration-pour-les-aeroports\\\/\"]}]},{\"@type\":\"ImageObject\",\"inLanguage\":\"fr-FR\",\"@id\":\"https:\\\/\\\/www.afprofilters.com\\\/fr\\\/nos-conseils-de-filtration-pour-les-aeroports\\\/#primaryimage\",\"url\":\"https:\\\/\\\/www.afprofilters.com\\\/wp-content\\\/uploads\\\/2016\\\/09\\\/HQ85A8-6-F7-150x150.jpg\",\"contentUrl\":\"https:\\\/\\\/www.afprofilters.com\\\/wp-content\\\/uploads\\\/2016\\\/09\\\/HQ85A8-6-F7-150x150.jpg\"},{\"@type\":\"BreadcrumbList\",\"@id\":\"https:\\\/\\\/www.afprofilters.com\\\/fr\\\/nos-conseils-de-filtration-pour-les-aeroports\\\/#breadcrumb\",\"itemListElement\":[{\"@type\":\"ListItem\",\"position\":1,\"name\":\"\",\"item\":\"https:\\\/\\\/www.afprofilters.com\\\/fr\\\/\"},{\"@type\":\"ListItem\",\"position\":2,\"name\":\"Nos conseils de filtration pour les a\u00e9roports\"}]},{\"@type\":\"WebSite\",\"@id\":\"https:\\\/\\\/www.afprofilters.com\\\/fr\\\/#website\",\"url\":\"https:\\\/\\\/www.afprofilters.com\\\/fr\\\/\",\"name\":\"AFPRO\",\"description\":\"AFPRO Filters\",\"publisher\":{\"@id\":\"https:\\\/\\\/www.afprofilters.com\\\/fr\\\/#organization\"},\"potentialAction\":[{\"@type\":\"SearchAction\",\"target\":{\"@type\":\"EntryPoint\",\"urlTemplate\":\"https:\\\/\\\/www.afprofilters.com\\\/fr\\\/?s={search_term_string}\"},\"query-input\":{\"@type\":\"PropertyValueSpecification\",\"valueRequired\":true,\"valueName\":\"search_term_string\"}}],\"inLanguage\":\"fr-FR\"},{\"@type\":\"Organization\",\"@id\":\"https:\\\/\\\/www.afprofilters.com\\\/fr\\\/#organization\",\"name\":\"AFPRO\",\"url\":\"https:\\\/\\\/www.afprofilters.com\\\/fr\\\/\",\"logo\":{\"@type\":\"ImageObject\",\"inLanguage\":\"fr-FR\",\"@id\":\"https:\\\/\\\/www.afprofilters.com\\\/fr\\\/#\\\/schema\\\/logo\\\/image\\\/\",\"url\":\"https:\\\/\\\/www.afprofilters.com\\\/wp-content\\\/uploads\\\/2021\\\/05\\\/AFPRO-logo.png\",\"contentUrl\":\"https:\\\/\\\/www.afprofilters.com\\\/wp-content\\\/uploads\\\/2021\\\/05\\\/AFPRO-logo.png\",\"width\":640,\"height\":177,\"caption\":\"AFPRO\"},\"image\":{\"@id\":\"https:\\\/\\\/www.afprofilters.com\\\/fr\\\/#\\\/schema\\\/logo\\\/image\\\/\"}}]}<\/script>\n<!-- \/ Yoast SEO plugin. -->","yoast_head_json":{"title":"Nos conseils de filtration pour les a\u00e9roports - AFPRO","robots":{"index":"index","follow":"follow","max-snippet":"max-snippet:-1","max-image-preview":"max-image-preview:large","max-video-preview":"max-video-preview:-1"},"canonical":"https:\/\/www.afprofilters.com\/fr\/nos-conseils-de-filtration-pour-les-aeroports\/","og_locale":"fr_FR","og_type":"article","og_title":"Nos conseils de filtration pour les a\u00e9roports - AFPRO","og_description":"Nos produits Filtre compact CS XL Filtre compact D\u00e9couvrir Filtre \u00e0 poches HQ85 Filtre a poches &#8211; Classe filtrante : ePM1&#8211; Haute capacit\u00e9 de r\u00e9tention&#8211; Rendement constant D\u00e9couvrir Cylindre \u00e0 charbon actif Filtre \u00e0 charbon actif &#8211; R\u00e9utilisable&#8211; Haute capacit\u00e9 de r\u00e9tention&#8211; Assemblage simple Nos services Retraitement de vos filtres usag\u00e9s Services D\u00e9couvrir Prise de [&hellip;]","og_url":"https:\/\/www.afprofilters.com\/fr\/nos-conseils-de-filtration-pour-les-aeroports\/","og_site_name":"AFPRO","article_modified_time":"2024-01-10T15:17:50+00:00","og_image":[{"url":"https:\/\/www.afprofilters.com\/wp-content\/uploads\/2016\/09\/HQ85A8-6-F7-150x150.jpg","type":"","width":"","height":""}],"twitter_card":"summary_large_image","twitter_misc":{"Dur\u00e9e de lecture estim\u00e9e":"3 minutes"},"schema":{"@context":"https:\/\/schema.org","@graph":[{"@type":"WebPage","@id":"https:\/\/www.afprofilters.com\/fr\/nos-conseils-de-filtration-pour-les-aeroports\/","url":"https:\/\/www.afprofilters.com\/fr\/nos-conseils-de-filtration-pour-les-aeroports\/","name":"Nos conseils de filtration pour les a\u00e9roports - AFPRO","isPartOf":{"@id":"https:\/\/www.afprofilters.com\/fr\/#website"},"primaryImageOfPage":{"@id":"https:\/\/www.afprofilters.com\/fr\/nos-conseils-de-filtration-pour-les-aeroports\/#primaryimage"},"image":{"@id":"https:\/\/www.afprofilters.com\/fr\/nos-conseils-de-filtration-pour-les-aeroports\/#primaryimage"},"thumbnailUrl":"https:\/\/www.afprofilters.com\/wp-content\/uploads\/2016\/09\/HQ85A8-6-F7-150x150.jpg","datePublished":"2019-01-21T09:09:45+00:00","dateModified":"2024-01-10T15:17:50+00:00","breadcrumb":{"@id":"https:\/\/www.afprofilters.com\/fr\/nos-conseils-de-filtration-pour-les-aeroports\/#breadcrumb"},"inLanguage":"fr-FR","potentialAction":[{"@type":"ReadAction","target":["https:\/\/www.afprofilters.com\/fr\/nos-conseils-de-filtration-pour-les-aeroports\/"]}]},{"@type":"ImageObject","inLanguage":"fr-FR","@id":"https:\/\/www.afprofilters.com\/fr\/nos-conseils-de-filtration-pour-les-aeroports\/#primaryimage","url":"https:\/\/www.afprofilters.com\/wp-content\/uploads\/2016\/09\/HQ85A8-6-F7-150x150.jpg","contentUrl":"https:\/\/www.afprofilters.com\/wp-content\/uploads\/2016\/09\/HQ85A8-6-F7-150x150.jpg"},{"@type":"BreadcrumbList","@id":"https:\/\/www.afprofilters.com\/fr\/nos-conseils-de-filtration-pour-les-aeroports\/#breadcrumb","itemListElement":[{"@type":"ListItem","position":1,"name":"","item":"https:\/\/www.afprofilters.com\/fr\/"},{"@type":"ListItem","position":2,"name":"Nos conseils de filtration pour les a\u00e9roports"}]},{"@type":"WebSite","@id":"https:\/\/www.afprofilters.com\/fr\/#website","url":"https:\/\/www.afprofilters.com\/fr\/","name":"AFPRO","description":"AFPRO Filters","publisher":{"@id":"https:\/\/www.afprofilters.com\/fr\/#organization"},"potentialAction":[{"@type":"SearchAction","target":{"@type":"EntryPoint","urlTemplate":"https:\/\/www.afprofilters.com\/fr\/?s={search_term_string}"},"query-input":{"@type":"PropertyValueSpecification","valueRequired":true,"valueName":"search_term_string"}}],"inLanguage":"fr-FR"},{"@type":"Organization","@id":"https:\/\/www.afprofilters.com\/fr\/#organization","name":"AFPRO","url":"https:\/\/www.afprofilters.com\/fr\/","logo":{"@type":"ImageObject","inLanguage":"fr-FR","@id":"https:\/\/www.afprofilters.com\/fr\/#\/schema\/logo\/image\/","url":"https:\/\/www.afprofilters.com\/wp-content\/uploads\/2021\/05\/AFPRO-logo.png","contentUrl":"https:\/\/www.afprofilters.com\/wp-content\/uploads\/2021\/05\/AFPRO-logo.png","width":640,"height":177,"caption":"AFPRO"},"image":{"@id":"https:\/\/www.afprofilters.com\/fr\/#\/schema\/logo\/image\/"}}]}},"_links":{"self":[{"href":"https:\/\/www.afprofilters.com\/fr\/wp-json\/wp\/v2\/pages\/9603","targetHints":{"allow":["GET"]}}],"collection":[{"href":"https:\/\/www.afprofilters.com\/fr\/wp-json\/wp\/v2\/pages"}],"about":[{"href":"https:\/\/www.afprofilters.com\/fr\/wp-json\/wp\/v2\/types\/page"}],"author":[{"embeddable":true,"href":"https:\/\/www.afprofilters.com\/fr\/wp-json\/wp\/v2\/users\/2"}],"replies":[{"embeddable":true,"href":"https:\/\/www.afprofilters.com\/fr\/wp-json\/wp\/v2\/comments?post=9603"}],"version-history":[{"count":0,"href":"https:\/\/www.afprofilters.com\/fr\/wp-json\/wp\/v2\/pages\/9603\/revisions"}],"wp:attachment":[{"href":"https:\/\/www.afprofilters.com\/fr\/wp-json\/wp\/v2\/media?parent=9603"}],"curies":[{"name":"wp","href":"https:\/\/api.w.org\/{rel}","templated":true}]}}