{"id":9576,"date":"2019-01-21T08:30:19","date_gmt":"2019-01-21T08:30:19","guid":{"rendered":"http:\/\/rcmrfan.cluster024.hosting.ovh.net\/?page_id=9576"},"modified":"2024-01-10T15:13:49","modified_gmt":"2024-01-10T15:13:49","slug":"nos-conseils-de-filtration-pour-les-datacenters","status":"publish","type":"page","link":"https:\/\/www.afprofilters.com\/fr\/nos-conseils-de-filtration-pour-les-datacenters\/","title":{"rendered":"Nos conseils de filtration pour les datacenters"},"content":{"rendered":"\n<h2 class=\"wp-block-heading\">Nos produits<\/h2>\n\n\n\n<div class=\"wp-block-columns anm-columns is-layout-flex wp-container-core-columns-is-layout-9d6595d7 wp-block-columns-is-layout-flex\">\n<div class=\"wp-block-column anm-columns is-layout-flow wp-block-column-is-layout-flow\">\n<figure class=\"wp-block-image size-large\"><a href=\"\/fr\/produit\/filtre-compact-cs-xl\/\"><img decoding=\"async\" src=\"\/wp-content\/uploads\/2019\/01\/csxl-150x150.jpg\" alt=\"filtre compact CS XL\" \/><\/a><\/figure>\n\n\n\n<h2 class=\"wp-block-heading\">Filtre compact CS XL<\/h2>\n\n\n\n<blockquote class=\"wp-block-quote is-layout-flow wp-block-quote-is-layout-flow\">\n<p><a href=\"\/fr\/type-produit\/filtre-compact\/\">Filtre compact<\/a><\/p>\n<\/blockquote>\n\n\n\n<div class=\"wp-block-buttons is-layout-flex wp-block-buttons-is-layout-flex\">\n<div class=\"wp-block-button\"><a class=\"wp-block-button__link has-blue-background-color has-background wp-element-button\" href=\"\/fr\/produit\/filtre-compact-cs-xl\/\">Lire la suite<\/a><\/div>\n<\/div>\n<\/div>\n\n\n\n<div class=\"wp-block-column is-layout-flow wp-block-column-is-layout-flow\">\n<figure class=\"wp-block-image size-large\"><a href=\"\/fr\/produit\/panneau-prefiltre-carton-aero\/\"><img decoding=\"async\" src=\"\/wp-content\/uploads\/2016\/09\/AERO-FP-panel-150x150.jpg\" alt=\"\" \/><\/a><\/figure>\n\n\n\n<h2 class=\"wp-block-heading\">Pr\u00e9filtre pliss\u00e9<br>carton aero<\/h2>\n\n\n\n<blockquote class=\"wp-block-quote is-layout-flow wp-block-quote-is-layout-flow\">\n<p><a href=\"\/fr\/type-produit\/panneau-filtrant\/\">Panneau filtrant<\/a><\/p>\n<\/blockquote>\n\n\n\n<div class=\"wp-block-buttons is-layout-flex wp-block-buttons-is-layout-flex\">\n<div class=\"wp-block-button\"><a class=\"wp-block-button__link has-blue-background-color has-background wp-element-button\" href=\"\/fr\/produit\/panneau-prefiltre-carton-aero\/\">Lire la suite<\/a><\/div>\n<\/div>\n<\/div>\n\n\n\n<div class=\"wp-block-column empty-column is-layout-flow wp-block-column-is-layout-flow\"><\/div>\n<\/div>\n\n\n\n<h2 class=\"wp-block-heading\">Nos services<\/h2>\n\n\n\n<div class=\"wp-block-columns anm-columns is-layout-flex wp-container-core-columns-is-layout-9d6595d7 wp-block-columns-is-layout-flex\">\n<div class=\"wp-block-column anm-columns is-layout-flow wp-block-column-is-layout-flow\">\n<figure class=\"wp-block-image size-large\"><a href=\"https:\/\/www.afprofilters.com\/fr\/produit\/audit-energetique\/\"><img decoding=\"async\" src=\"\/wp-content\/uploads\/2016\/09\/AFPRO-Filters-for-clean-production-processes-150x150.png\" alt=\"audit des centrales\" \/><\/a><\/figure>\n\n\n\n<h2 class=\"wp-block-heading\">Audit des centrales de traitement d\u2019air<\/h2>\n\n\n\n<blockquote class=\"wp-block-quote is-layout-flow wp-block-quote-is-layout-flow\">\n<p><a href=\"\/fr\/type-produit\/services-associes\/\">Services<\/a><\/p>\n<\/blockquote>\n\n\n\n<div class=\"wp-block-buttons is-layout-flex wp-block-buttons-is-layout-flex\">\n<div class=\"wp-block-button\"><a class=\"wp-block-button__link has-blue-background-color has-background wp-element-button\" href=\"https:\/\/www.afprofilters.com\/fr\/produit\/audit-energetique\/\">Lire la suite<\/a><\/div>\n<\/div>\n<\/div>\n\n\n\n<div class=\"wp-block-column is-layout-flow wp-block-column-is-layout-flow\">\n<figure class=\"wp-block-image size-large\"><a href=\"\/fr\/produit\/service-forfait-prise-de-cotes\/\"><img decoding=\"async\" src=\"\/wp-content\/uploads\/2018\/12\/prise-de-cotes-150x150.jpg\" alt=\"\" \/><\/a><\/figure>\n\n\n\n<h2 class=\"wp-block-heading\">Prise de cotes<\/h2>\n\n\n\n<blockquote class=\"wp-block-quote is-layout-flow wp-block-quote-is-layout-flow\">\n<p><a href=\"\/fr\/type-produit\/services-associes\/\">Services<\/a><\/p>\n<\/blockquote>\n\n\n\n<div class=\"wp-block-buttons is-layout-flex wp-block-buttons-is-layout-flex\">\n<div class=\"wp-block-button\"><a class=\"wp-block-button__link has-blue-background-color has-background wp-element-button\" href=\"\/fr\/produit\/service-forfait-prise-de-cotes\/\">Lire la suite<\/a><\/div>\n<\/div>\n<\/div>\n\n\n\n<div class=\"wp-block-column is-layout-flow wp-block-column-is-layout-flow\"><\/div>\n<\/div>\n\n\n\n<div class=\"wp-block-columns is-layout-flex wp-container-core-columns-is-layout-9d6595d7 wp-block-columns-is-layout-flex\">\n<div class=\"wp-block-column anm-columns is-layout-flow wp-block-column-is-layout-flow\">\n<h2 class=\"wp-block-heading\">Etude de cas<\/h2>\n\n\n\n<h3 class=\"wp-block-heading\">Etude de cas : Performance \u00e9nerg\u00e9tique d&rsquo;un Data Center<\/h3>\n\n\n\n<figure class=\"wp-block-image size-large\"><img loading=\"lazy\" decoding=\"async\" width=\"1024\" height=\"535\" src=\"https:\/\/www.afprofilters.com\/wp-content\/uploads\/2022\/09\/Cover-Case-study-datacenter-2-1024x535.png\" alt=\"\" class=\"wp-image-32374\" srcset=\"https:\/\/www.afprofilters.com\/wp-content\/uploads\/2022\/09\/Cover-Case-study-datacenter-2-1024x535.png 1024w, https:\/\/www.afprofilters.com\/wp-content\/uploads\/2022\/09\/Cover-Case-study-datacenter-2-300x157.png 300w, https:\/\/www.afprofilters.com\/wp-content\/uploads\/2022\/09\/Cover-Case-study-datacenter-2-768x401.png 768w, https:\/\/www.afprofilters.com\/wp-content\/uploads\/2022\/09\/Cover-Case-study-datacenter-2.png 1200w\" sizes=\"auto, (max-width: 1024px) 100vw, 1024px\" \/><\/figure>\n\n\n\n<p>Ce data center de 5000m\u00b2, dont 2000m\u00b2 sont d\u00e9di\u00e9s aux serveurs, est implant\u00e9 non loin de l\u2019a\u00e9roport de Lille Lesquin. Il s\u2019agit de l\u2019un des plus gros centre du genre au nord de Paris. Engie Cofely, qui travaille en collaboration constante avec ce Data Center a tout mis en place pour r\u00e9duire la consommation \u00e9nerg\u00e9tique [\u2026]<\/p>\n\n\n\n<div class=\"wp-block-buttons is-layout-flex wp-block-buttons-is-layout-flex\">\n<div class=\"wp-block-button\"><a class=\"wp-block-button__link has-blue-background-color has-background wp-element-button\" href=\"\/fr\/etude-de-cas-performance-energetique-data-center\/\">Lire la suite<\/a><\/div>\n<\/div>\n<\/div>\n\n\n\n<div class=\"wp-block-column is-layout-flow wp-block-column-is-layout-flow\">\n<h2 class=\"wp-block-heading\">  <\/h2>\n\n\n\n<h3 class=\"wp-block-heading\">Etude de cas : les audits \u00e9nerg\u00e9tiques<\/h3>\n\n\n\n<figure class=\"wp-block-image size-large\"><img loading=\"lazy\" decoding=\"async\" width=\"1024\" height=\"535\" src=\"https:\/\/www.afprofilters.com\/wp-content\/uploads\/2022\/09\/Cover-Case-study-audit-1024x535.png\" alt=\"\" class=\"wp-image-32366\" srcset=\"https:\/\/www.afprofilters.com\/wp-content\/uploads\/2022\/09\/Cover-Case-study-audit-1024x535.png 1024w, https:\/\/www.afprofilters.com\/wp-content\/uploads\/2022\/09\/Cover-Case-study-audit-300x157.png 300w, https:\/\/www.afprofilters.com\/wp-content\/uploads\/2022\/09\/Cover-Case-study-audit-768x401.png 768w, https:\/\/www.afprofilters.com\/wp-content\/uploads\/2022\/09\/Cover-Case-study-audit.png 1200w\" sizes=\"auto, (max-width: 1024px) 100vw, 1024px\" \/><\/figure>\n\n\n\n<p>Audit \u00e9nerg\u00e9tique : un avantage de taille pour les clients La filtration de l\u2019air joue un r\u00f4le primordial \u00e0 diff\u00e9rents niveaux. Tout d\u2019abord, elle assure la qualit\u00e9 de l\u2019air int\u00e9rieur, ce qui permet de prot\u00e9ger les hommes et les process aussi bien dans les \u00e9tablissements de sant\u00e9 que sur les sites industriels. Ensuite, le traitement [\u2026]<\/p>\n\n\n\n<div class=\"wp-block-buttons is-layout-flex wp-block-buttons-is-layout-flex\">\n<div class=\"wp-block-button\"><a class=\"wp-block-button__link has-blue-background-color has-background wp-element-button\" href=\"\/fr\/etude-de-cas-ameliorer-vos-etages-de-filtration-grace-a-laudit-energetique\/\">Lire la suite<\/a><\/div>\n<\/div>\n<\/div>\n<\/div>\n\n\n\n<div class=\"wp-block-columns is-layout-flex wp-container-core-columns-is-layout-9d6595d7 wp-block-columns-is-layout-flex\">\n<div class=\"wp-block-column is-layout-flow wp-block-column-is-layout-flow\">\n<h2 class=\"wp-block-heading\">Vid\u00e9o<\/h2>\n\n\n\n<figure class=\"wp-block-embed is-type-video is-provider-youtube wp-block-embed-youtube wp-embed-aspect-16-9 wp-has-aspect-ratio\"><div class=\"wp-block-embed__wrapper\">\n<iframe loading=\"lazy\" title=\"AFPRO Filters Diminuer les frais d\u2019e\u0301nergie avec des filtres d\u2019air de haute qualite\u0301 animation FR\" width=\"500\" height=\"281\" src=\"https:\/\/www.youtube.com\/embed\/r6_-H9culvg?feature=oembed\" frameborder=\"0\" allow=\"accelerometer; autoplay; clipboard-write; encrypted-media; gyroscope; picture-in-picture; web-share\" referrerpolicy=\"strict-origin-when-cross-origin\" allowfullscreen><\/iframe>\n<\/div><\/figure>\n<\/div>\n\n\n\n<div class=\"wp-block-column is-layout-flow wp-block-column-is-layout-flow\"><\/div>\n<\/div>\n","protected":false},"excerpt":{"rendered":"<p>Nos produits Filtre compact CS XL Filtre compact Pr\u00e9filtre pliss\u00e9carton aero Panneau filtrant Nos services Audit des centrales de traitement d\u2019air Services Prise de cotes Services Etude de cas Etude de cas : Performance \u00e9nerg\u00e9tique d&rsquo;un Data Center Ce data center de 5000m\u00b2, dont 2000m\u00b2 sont d\u00e9di\u00e9s aux serveurs, est implant\u00e9 non loin de l\u2019a\u00e9roport [&hellip;]<\/p>\n","protected":false},"author":2,"featured_media":0,"parent":0,"menu_order":0,"comment_status":"closed","ping_status":"closed","template":"","meta":{"_acf_changed":false,"footnotes":""},"class_list":["post-9576","page","type-page","status-publish","hentry"],"acf":[],"yoast_head":"<!-- This site is optimized with the Yoast SEO plugin v27.3 - https:\/\/yoast.com\/product\/yoast-seo-wordpress\/ -->\n<title>Nos conseils de filtration pour les datacenters - AFPRO<\/title>\n<meta name=\"robots\" content=\"index, follow, max-snippet:-1, max-image-preview:large, max-video-preview:-1\" \/>\n<link rel=\"canonical\" href=\"https:\/\/www.afprofilters.com\/fr\/nos-conseils-de-filtration-pour-les-datacenters\/\" \/>\n<meta property=\"og:locale\" content=\"fr_FR\" \/>\n<meta property=\"og:type\" content=\"article\" \/>\n<meta property=\"og:title\" content=\"Nos conseils de filtration pour les datacenters - AFPRO\" \/>\n<meta property=\"og:description\" content=\"Nos produits Filtre compact CS XL Filtre compact Pr\u00e9filtre pliss\u00e9carton aero Panneau filtrant Nos services Audit des centrales de traitement d\u2019air Services Prise de cotes Services Etude de cas Etude de cas : Performance \u00e9nerg\u00e9tique d&rsquo;un Data Center Ce data center de 5000m\u00b2, dont 2000m\u00b2 sont d\u00e9di\u00e9s aux serveurs, est implant\u00e9 non loin de l\u2019a\u00e9roport [&hellip;]\" \/>\n<meta property=\"og:url\" content=\"https:\/\/www.afprofilters.com\/fr\/nos-conseils-de-filtration-pour-les-datacenters\/\" \/>\n<meta property=\"og:site_name\" content=\"AFPRO\" \/>\n<meta property=\"article:modified_time\" content=\"2024-01-10T15:13:49+00:00\" \/>\n<meta property=\"og:image\" content=\"https:\/\/www.afprofilters.com\/wp-content\/uploads\/2022\/09\/Cover-Case-study-datacenter-2-1024x535.png\" \/>\n<meta name=\"twitter:card\" content=\"summary_large_image\" \/>\n<meta name=\"twitter:label1\" content=\"Dur\u00e9e de lecture estim\u00e9e\" \/>\n\t<meta name=\"twitter:data1\" content=\"2 minutes\" \/>\n<script type=\"application\/ld+json\" class=\"yoast-schema-graph\">{\"@context\":\"https:\\\/\\\/schema.org\",\"@graph\":[{\"@type\":\"WebPage\",\"@id\":\"https:\\\/\\\/www.afprofilters.com\\\/fr\\\/nos-conseils-de-filtration-pour-les-datacenters\\\/\",\"url\":\"https:\\\/\\\/www.afprofilters.com\\\/fr\\\/nos-conseils-de-filtration-pour-les-datacenters\\\/\",\"name\":\"Nos conseils de filtration pour les datacenters - AFPRO\",\"isPartOf\":{\"@id\":\"https:\\\/\\\/www.afprofilters.com\\\/fr\\\/#website\"},\"primaryImageOfPage\":{\"@id\":\"https:\\\/\\\/www.afprofilters.com\\\/fr\\\/nos-conseils-de-filtration-pour-les-datacenters\\\/#primaryimage\"},\"image\":{\"@id\":\"https:\\\/\\\/www.afprofilters.com\\\/fr\\\/nos-conseils-de-filtration-pour-les-datacenters\\\/#primaryimage\"},\"thumbnailUrl\":\"https:\\\/\\\/www.afprofilters.com\\\/wp-content\\\/uploads\\\/2022\\\/09\\\/Cover-Case-study-datacenter-2-1024x535.png\",\"datePublished\":\"2019-01-21T08:30:19+00:00\",\"dateModified\":\"2024-01-10T15:13:49+00:00\",\"breadcrumb\":{\"@id\":\"https:\\\/\\\/www.afprofilters.com\\\/fr\\\/nos-conseils-de-filtration-pour-les-datacenters\\\/#breadcrumb\"},\"inLanguage\":\"fr-FR\",\"potentialAction\":[{\"@type\":\"ReadAction\",\"target\":[\"https:\\\/\\\/www.afprofilters.com\\\/fr\\\/nos-conseils-de-filtration-pour-les-datacenters\\\/\"]}]},{\"@type\":\"ImageObject\",\"inLanguage\":\"fr-FR\",\"@id\":\"https:\\\/\\\/www.afprofilters.com\\\/fr\\\/nos-conseils-de-filtration-pour-les-datacenters\\\/#primaryimage\",\"url\":\"https:\\\/\\\/www.afprofilters.com\\\/wp-content\\\/uploads\\\/2022\\\/09\\\/Cover-Case-study-datacenter-2-1024x535.png\",\"contentUrl\":\"https:\\\/\\\/www.afprofilters.com\\\/wp-content\\\/uploads\\\/2022\\\/09\\\/Cover-Case-study-datacenter-2-1024x535.png\"},{\"@type\":\"BreadcrumbList\",\"@id\":\"https:\\\/\\\/www.afprofilters.com\\\/fr\\\/nos-conseils-de-filtration-pour-les-datacenters\\\/#breadcrumb\",\"itemListElement\":[{\"@type\":\"ListItem\",\"position\":1,\"name\":\"\",\"item\":\"https:\\\/\\\/www.afprofilters.com\\\/fr\\\/\"},{\"@type\":\"ListItem\",\"position\":2,\"name\":\"Nos conseils de filtration pour les datacenters\"}]},{\"@type\":\"WebSite\",\"@id\":\"https:\\\/\\\/www.afprofilters.com\\\/fr\\\/#website\",\"url\":\"https:\\\/\\\/www.afprofilters.com\\\/fr\\\/\",\"name\":\"AFPRO\",\"description\":\"AFPRO Filters\",\"publisher\":{\"@id\":\"https:\\\/\\\/www.afprofilters.com\\\/fr\\\/#organization\"},\"potentialAction\":[{\"@type\":\"SearchAction\",\"target\":{\"@type\":\"EntryPoint\",\"urlTemplate\":\"https:\\\/\\\/www.afprofilters.com\\\/fr\\\/?s={search_term_string}\"},\"query-input\":{\"@type\":\"PropertyValueSpecification\",\"valueRequired\":true,\"valueName\":\"search_term_string\"}}],\"inLanguage\":\"fr-FR\"},{\"@type\":\"Organization\",\"@id\":\"https:\\\/\\\/www.afprofilters.com\\\/fr\\\/#organization\",\"name\":\"AFPRO\",\"url\":\"https:\\\/\\\/www.afprofilters.com\\\/fr\\\/\",\"logo\":{\"@type\":\"ImageObject\",\"inLanguage\":\"fr-FR\",\"@id\":\"https:\\\/\\\/www.afprofilters.com\\\/fr\\\/#\\\/schema\\\/logo\\\/image\\\/\",\"url\":\"https:\\\/\\\/www.afprofilters.com\\\/wp-content\\\/uploads\\\/2021\\\/05\\\/AFPRO-logo.png\",\"contentUrl\":\"https:\\\/\\\/www.afprofilters.com\\\/wp-content\\\/uploads\\\/2021\\\/05\\\/AFPRO-logo.png\",\"width\":640,\"height\":177,\"caption\":\"AFPRO\"},\"image\":{\"@id\":\"https:\\\/\\\/www.afprofilters.com\\\/fr\\\/#\\\/schema\\\/logo\\\/image\\\/\"}}]}<\/script>\n<!-- \/ Yoast SEO plugin. -->","yoast_head_json":{"title":"Nos conseils de filtration pour les datacenters - AFPRO","robots":{"index":"index","follow":"follow","max-snippet":"max-snippet:-1","max-image-preview":"max-image-preview:large","max-video-preview":"max-video-preview:-1"},"canonical":"https:\/\/www.afprofilters.com\/fr\/nos-conseils-de-filtration-pour-les-datacenters\/","og_locale":"fr_FR","og_type":"article","og_title":"Nos conseils de filtration pour les datacenters - AFPRO","og_description":"Nos produits Filtre compact CS XL Filtre compact Pr\u00e9filtre pliss\u00e9carton aero Panneau filtrant Nos services Audit des centrales de traitement d\u2019air Services Prise de cotes Services Etude de cas Etude de cas : Performance \u00e9nerg\u00e9tique d&rsquo;un Data Center Ce data center de 5000m\u00b2, dont 2000m\u00b2 sont d\u00e9di\u00e9s aux serveurs, est implant\u00e9 non loin de l\u2019a\u00e9roport [&hellip;]","og_url":"https:\/\/www.afprofilters.com\/fr\/nos-conseils-de-filtration-pour-les-datacenters\/","og_site_name":"AFPRO","article_modified_time":"2024-01-10T15:13:49+00:00","og_image":[{"url":"https:\/\/www.afprofilters.com\/wp-content\/uploads\/2022\/09\/Cover-Case-study-datacenter-2-1024x535.png","type":"","width":"","height":""}],"twitter_card":"summary_large_image","twitter_misc":{"Dur\u00e9e de lecture estim\u00e9e":"2 minutes"},"schema":{"@context":"https:\/\/schema.org","@graph":[{"@type":"WebPage","@id":"https:\/\/www.afprofilters.com\/fr\/nos-conseils-de-filtration-pour-les-datacenters\/","url":"https:\/\/www.afprofilters.com\/fr\/nos-conseils-de-filtration-pour-les-datacenters\/","name":"Nos conseils de filtration pour les datacenters - AFPRO","isPartOf":{"@id":"https:\/\/www.afprofilters.com\/fr\/#website"},"primaryImageOfPage":{"@id":"https:\/\/www.afprofilters.com\/fr\/nos-conseils-de-filtration-pour-les-datacenters\/#primaryimage"},"image":{"@id":"https:\/\/www.afprofilters.com\/fr\/nos-conseils-de-filtration-pour-les-datacenters\/#primaryimage"},"thumbnailUrl":"https:\/\/www.afprofilters.com\/wp-content\/uploads\/2022\/09\/Cover-Case-study-datacenter-2-1024x535.png","datePublished":"2019-01-21T08:30:19+00:00","dateModified":"2024-01-10T15:13:49+00:00","breadcrumb":{"@id":"https:\/\/www.afprofilters.com\/fr\/nos-conseils-de-filtration-pour-les-datacenters\/#breadcrumb"},"inLanguage":"fr-FR","potentialAction":[{"@type":"ReadAction","target":["https:\/\/www.afprofilters.com\/fr\/nos-conseils-de-filtration-pour-les-datacenters\/"]}]},{"@type":"ImageObject","inLanguage":"fr-FR","@id":"https:\/\/www.afprofilters.com\/fr\/nos-conseils-de-filtration-pour-les-datacenters\/#primaryimage","url":"https:\/\/www.afprofilters.com\/wp-content\/uploads\/2022\/09\/Cover-Case-study-datacenter-2-1024x535.png","contentUrl":"https:\/\/www.afprofilters.com\/wp-content\/uploads\/2022\/09\/Cover-Case-study-datacenter-2-1024x535.png"},{"@type":"BreadcrumbList","@id":"https:\/\/www.afprofilters.com\/fr\/nos-conseils-de-filtration-pour-les-datacenters\/#breadcrumb","itemListElement":[{"@type":"ListItem","position":1,"name":"","item":"https:\/\/www.afprofilters.com\/fr\/"},{"@type":"ListItem","position":2,"name":"Nos conseils de filtration pour les datacenters"}]},{"@type":"WebSite","@id":"https:\/\/www.afprofilters.com\/fr\/#website","url":"https:\/\/www.afprofilters.com\/fr\/","name":"AFPRO","description":"AFPRO Filters","publisher":{"@id":"https:\/\/www.afprofilters.com\/fr\/#organization"},"potentialAction":[{"@type":"SearchAction","target":{"@type":"EntryPoint","urlTemplate":"https:\/\/www.afprofilters.com\/fr\/?s={search_term_string}"},"query-input":{"@type":"PropertyValueSpecification","valueRequired":true,"valueName":"search_term_string"}}],"inLanguage":"fr-FR"},{"@type":"Organization","@id":"https:\/\/www.afprofilters.com\/fr\/#organization","name":"AFPRO","url":"https:\/\/www.afprofilters.com\/fr\/","logo":{"@type":"ImageObject","inLanguage":"fr-FR","@id":"https:\/\/www.afprofilters.com\/fr\/#\/schema\/logo\/image\/","url":"https:\/\/www.afprofilters.com\/wp-content\/uploads\/2021\/05\/AFPRO-logo.png","contentUrl":"https:\/\/www.afprofilters.com\/wp-content\/uploads\/2021\/05\/AFPRO-logo.png","width":640,"height":177,"caption":"AFPRO"},"image":{"@id":"https:\/\/www.afprofilters.com\/fr\/#\/schema\/logo\/image\/"}}]}},"_links":{"self":[{"href":"https:\/\/www.afprofilters.com\/fr\/wp-json\/wp\/v2\/pages\/9576","targetHints":{"allow":["GET"]}}],"collection":[{"href":"https:\/\/www.afprofilters.com\/fr\/wp-json\/wp\/v2\/pages"}],"about":[{"href":"https:\/\/www.afprofilters.com\/fr\/wp-json\/wp\/v2\/types\/page"}],"author":[{"embeddable":true,"href":"https:\/\/www.afprofilters.com\/fr\/wp-json\/wp\/v2\/users\/2"}],"replies":[{"embeddable":true,"href":"https:\/\/www.afprofilters.com\/fr\/wp-json\/wp\/v2\/comments?post=9576"}],"version-history":[{"count":0,"href":"https:\/\/www.afprofilters.com\/fr\/wp-json\/wp\/v2\/pages\/9576\/revisions"}],"wp:attachment":[{"href":"https:\/\/www.afprofilters.com\/fr\/wp-json\/wp\/v2\/media?parent=9576"}],"curies":[{"name":"wp","href":"https:\/\/api.w.org\/{rel}","templated":true}]}}